{"id":4163,"date":"2022-10-14T18:48:49","date_gmt":"2022-10-14T16:48:49","guid":{"rendered":"https:\/\/tibladin.dk\/?post_type=product&#038;p=4163"},"modified":"2026-04-10T19:45:42","modified_gmt":"2026-04-10T17:45:42","slug":"pouf-en-cuir-marron-orange-carre","status":"publish","type":"product","link":"https:\/\/tibladin.dk\/fr\/produkt\/puf-i-laeder-orangebrun-firkantet\/","title":{"rendered":"Pouf en cuir - Marron orange - Carr\u00e9"},"content":{"rendered":"<div class=\"wpb-content-wrapper\"><div class=\"vc_row wpb_row vc_row-fluid\"><div class=\"wpb_column vc_column_container vc_col-sm-4\"><div class=\"vc_column-inner\"><div class=\"wpb_wrapper\">\n\t<div class=\"wpb_video_widget wpb_content_element vc_clearfix   vc_video-aspect-ratio-43 vc_video-el-width-100 vc_video-align-left\" >\n\t\t<div class=\"wpb_wrapper\">\n\t\t\t\n\t\t\t<div class=\"wpb_video_wrapper\"><div class=\"video-container\"><iframe loading=\"lazy\" title=\"Remplissez votre pouf marocain en cuir\" src=\"https:\/\/player.vimeo.com\/video\/417093994?dnt=1&amp;app_id=122963\" width=\"310\" height=\"310\" frameborder=\"0\" allow=\"autoplay; fullscreen; picture-in-picture\"><\/iframe><\/div><\/div>\n\t\t<\/div>\n\t<\/div>\n<\/div><\/div><\/div><div class=\"wpb_column vc_column_container vc_col-sm-4\"><div class=\"vc_column-inner\"><div class=\"wpb_wrapper\"><h3 style=\"text-align: left\" class=\"vc_custom_heading vc_do_custom_heading\" >Entretien<\/h3>\n\t<div class=\"wpb_text_column wpb_content_element\" >\n\t\t<div class=\"wpb_wrapper\">\n\t\t\t<p>Chez Tibladin, vous achetez des poufs en cuir sans rembourrage, vous pouvez donc les remplir vous-m\u00eame avec le rembourrage \u00e0 votre go\u00fbt.<\/p>\n<p>Vous pouvez facilement utiliser des objets que vous poss\u00e9dez d\u00e9j\u00e0, comme des v\u00eatements dont vous n&#039;utilisez plus, des couettes d&#039;hiver, des oreillers, des couvertures ou du papier journal bien froiss\u00e9. Vous pouvez \u00e9galement acheter des granul\u00e9s de mousse ou du rembourrage en coton pour votre pouf. Si vous utilisez ce genre de rembourrage, je peux vous recommander de coudre une housse int\u00e9rieure ou de prendre une vieille housse de couette et d&#039;y mettre le rembourrage avant de le mettre dans votre pouf.<\/p>\n<p>Les poufs en cuir sont fabriqu\u00e9s en peau de ch\u00e8vre et acquerront une belle patine avec le temps. Si vous souhaitez que votre pouf soit plus fonc\u00e9 et brillant, vous pouvez lui donner un peu d'huile pour cuir. Au d\u00e9but, lorsque vous l\u2019utilisez, ce pouf peut sentir un peu le cuir. Cette odeur dispara\u00eet rapidement. Si vous souhaitez acc\u00e9l\u00e9rer ce processus, exposez le pouf un peu au soleil et l'odeur dispara\u00eetra.<\/p>\n\n\t\t<\/div>\n\t<\/div>\n<\/div><\/div><\/div><div class=\"wpb_column vc_column_container vc_col-sm-4\"><div class=\"vc_column-inner\"><div class=\"wpb_wrapper\"><h3 style=\"text-align: left\" class=\"vc_custom_heading vc_do_custom_heading\" >L&#039;histoire derri\u00e8re<\/h3>\n\t<div class=\"wpb_text_column wpb_content_element\" >\n\t\t<div class=\"wpb_wrapper\">\n\t\t\t<p>Les petits poufs sont faciles \u00e0 ajouter \u00e0 votre d\u00e9coration et obtiennent rapidement un look exotique et une touche plus personnelle. Mon fournisseur de poufs en cuir a de nombreuses ann\u00e9es d\u2019exp\u00e9rience dans la fabrication de poufs de bonne qualit\u00e9 et tr\u00e8s durables, qu\u2019il exporte dans plusieurs endroits \u00e0 travers le monde. Tous mes poufs sont en cuir de ch\u00e8vre, car c&#039;est ce qui donne le pouf le plus doux et le plus flexible. Tous les poufs sont fabriqu\u00e9s \u00e0 la main et de petites imperfections peuvent appara\u00eetre.<\/p>\n\n\t\t<\/div>\n\t<\/div>\n<\/div><\/div><\/div><\/div>\n<\/div>","protected":false},"excerpt":{"rendered":"<p>Poufs marocains faits main en cuir de ch\u00e8vre marron orang\u00e9. Une belle couleur qui donne du caract\u00e8re et de la chaleur \u00e0 votre pi\u00e8ce.<\/p>\n<p>Vendu sans garnissage, vous pourrez donc le remplir vous-m\u00eame selon la fermet\u00e9 souhait\u00e9e, ou choisir un garnissage en laine de bois bio.<\/p>\n<p>Disponible en deux tailles 40 x 40 x 38 H et 50 x 50 cm x 43 H<\/p>","protected":false},"featured_media":11773,"template":"","meta":{"inline_featured_image":false},"product_brand":[],"product_cat":[41,39,40],"product_tag":[],"class_list":{"0":"post-4163","1":"product","2":"type-product","3":"status-publish","4":"has-post-thumbnail","6":"product_cat-laederpufs","7":"product_cat-moebler","8":"product_cat-pufs","10":"first","11":"instock","12":"taxable","13":"shipping-taxable","14":"purchasable","15":"product-type-variable","16":"has-default-attributes"},"exclude_global_add_ons":false,"addons":[{"name":"Souhaitez-vous que votre pouf soit livr\u00e9 avec un rembourrage en laine de bois ?","type":"checkbox","position":0,"required":false,"title_format":"label","default":"","description_enable":false,"description":"","placeholder_enable":false,"placeholder":"","display":"select","restrictions_type":"any_text","adjust_price":false,"price":"","price_type":"flat_fee","restrictions":false,"min":"0","max":"0","options":[{"label":"Ja tak","price":"250.00","price_type":"quantity_based","image":0,"visibility":true}],"id":1712248083}],"yoast_head":"<!-- This site is optimized with the Yoast SEO plugin v27.4 - https:\/\/yoast.com\/product\/yoast-seo-wordpress\/ -->\n<title>Marokkansk puf i l\u00e6der. F\u00e5s i 40x40 el. 50x50 cm. | Tibladin<\/title>\n<meta name=\"description\" content=\"Marokkansk Puf i orangebrun l\u00e6der. F\u00e5s i st\u00f8rrelserne 40x40 eller 50x50 cm. Er h\u00e5ndlavet af gedel\u00e6der for en bl\u00f8d og fleksibel puf.\" \/>\n<meta name=\"robots\" content=\"index, follow, max-snippet:-1, max-image-preview:large, max-video-preview:-1\" \/>\n<link rel=\"canonical\" href=\"https:\/\/tibladin.dk\/fr\/produit-4\/pouf-en-cuir-marron-orange-carre\/\" \/>\n<meta property=\"og:locale\" content=\"fr_FR\" \/>\n<meta property=\"og:type\" content=\"article\" \/>\n<meta property=\"og:title\" content=\"Marokkansk puf i l\u00e6der. F\u00e5s i 40x40 el. 50x50 cm. | Tibladin\" \/>\n<meta property=\"og:description\" content=\"Marokkansk Puf i orangebrun l\u00e6der. F\u00e5s i st\u00f8rrelserne 40x40 eller 50x50 cm. Er h\u00e5ndlavet af gedel\u00e6der for en bl\u00f8d og fleksibel puf.\" \/>\n<meta property=\"og:url\" content=\"https:\/\/tibladin.dk\/fr\/produit-4\/pouf-en-cuir-marron-orange-carre\/\" \/>\n<meta property=\"og:site_name\" content=\"Tibladin\" \/>\n<meta property=\"article:modified_time\" content=\"2026-04-10T17:45:42+00:00\" \/>\n<meta property=\"og:image\" content=\"https:\/\/tibladin.dk\/wp-content\/uploads\/2022\/10\/Marokkansk-firkantet-puf_roedbrun_12.jpg\" \/>\n\t<meta property=\"og:image:width\" content=\"800\" \/>\n\t<meta property=\"og:image:height\" content=\"800\" \/>\n\t<meta property=\"og:image:type\" content=\"image\/jpeg\" \/>\n<meta name=\"twitter:card\" content=\"summary_large_image\" \/>\n<meta name=\"twitter:label1\" content=\"Dur\u00e9e de lecture estim\u00e9e\" \/>\n\t<meta name=\"twitter:data1\" content=\"2 minutes\" \/>\n<script type=\"application\/ld+json\" class=\"yoast-schema-graph\">{\"@context\":\"https:\\\/\\\/schema.org\",\"@graph\":[{\"@type\":\"WebPage\",\"@id\":\"https:\\\/\\\/tibladin.dk\\\/produkt\\\/puf-i-laeder-orangebrun-firkantet\\\/\",\"url\":\"https:\\\/\\\/tibladin.dk\\\/produkt\\\/puf-i-laeder-orangebrun-firkantet\\\/\",\"name\":\"Marokkansk puf i l\u00e6der. F\u00e5s i 40x40 el. 50x50 cm. | Tibladin\",\"isPartOf\":{\"@id\":\"https:\\\/\\\/tibladin.dk\\\/#website\"},\"primaryImageOfPage\":{\"@id\":\"https:\\\/\\\/tibladin.dk\\\/produkt\\\/puf-i-laeder-orangebrun-firkantet\\\/#primaryimage\"},\"image\":{\"@id\":\"https:\\\/\\\/tibladin.dk\\\/produkt\\\/puf-i-laeder-orangebrun-firkantet\\\/#primaryimage\"},\"thumbnailUrl\":\"https:\\\/\\\/tibladin.dk\\\/wp-content\\\/uploads\\\/2022\\\/10\\\/Marokkansk-firkantet-puf_roedbrun_12.jpg\",\"datePublished\":\"2022-10-14T16:48:49+00:00\",\"dateModified\":\"2026-04-10T17:45:42+00:00\",\"description\":\"Marokkansk Puf i orangebrun l\u00e6der. F\u00e5s i st\u00f8rrelserne 40x40 eller 50x50 cm. Er h\u00e5ndlavet af gedel\u00e6der for en bl\u00f8d og fleksibel puf.\",\"breadcrumb\":{\"@id\":\"https:\\\/\\\/tibladin.dk\\\/produkt\\\/puf-i-laeder-orangebrun-firkantet\\\/#breadcrumb\"},\"inLanguage\":\"fr-FR\",\"potentialAction\":[{\"@type\":\"ReadAction\",\"target\":[\"https:\\\/\\\/tibladin.dk\\\/produkt\\\/puf-i-laeder-orangebrun-firkantet\\\/\"]}]},{\"@type\":\"ImageObject\",\"inLanguage\":\"fr-FR\",\"@id\":\"https:\\\/\\\/tibladin.dk\\\/produkt\\\/puf-i-laeder-orangebrun-firkantet\\\/#primaryimage\",\"url\":\"https:\\\/\\\/tibladin.dk\\\/wp-content\\\/uploads\\\/2022\\\/10\\\/Marokkansk-firkantet-puf_roedbrun_12.jpg\",\"contentUrl\":\"https:\\\/\\\/tibladin.dk\\\/wp-content\\\/uploads\\\/2022\\\/10\\\/Marokkansk-firkantet-puf_roedbrun_12.jpg\",\"width\":800,\"height\":800,\"caption\":\"Marokkansk puf i l\u00e6der. firkantet- r\u00f8dbrun\"},{\"@type\":\"BreadcrumbList\",\"@id\":\"https:\\\/\\\/tibladin.dk\\\/produkt\\\/puf-i-laeder-orangebrun-firkantet\\\/#breadcrumb\",\"itemListElement\":[{\"@type\":\"ListItem\",\"position\":1,\"name\":\"Hjem\",\"item\":\"https:\\\/\\\/tibladin.dk\\\/\"},{\"@type\":\"ListItem\",\"position\":2,\"name\":\"Shop\",\"item\":\"https:\\\/\\\/tibladin.dk\\\/shop\\\/\"},{\"@type\":\"ListItem\",\"position\":3,\"name\":\"Puf i l\u00e6der &#8211; Orangebrun &#8211; Firkantet\"}]},{\"@type\":\"WebSite\",\"@id\":\"https:\\\/\\\/tibladin.dk\\\/#website\",\"url\":\"https:\\\/\\\/tibladin.dk\\\/\",\"name\":\"Tibladin\",\"description\":\"Tibladin\",\"publisher\":{\"@id\":\"https:\\\/\\\/tibladin.dk\\\/#organization\"},\"potentialAction\":[{\"@type\":\"SearchAction\",\"target\":{\"@type\":\"EntryPoint\",\"urlTemplate\":\"https:\\\/\\\/tibladin.dk\\\/?s={search_term_string}\"},\"query-input\":{\"@type\":\"PropertyValueSpecification\",\"valueRequired\":true,\"valueName\":\"search_term_string\"}}],\"inLanguage\":\"fr-FR\"},{\"@type\":\"Organization\",\"@id\":\"https:\\\/\\\/tibladin.dk\\\/#organization\",\"name\":\"Tibladin\",\"url\":\"https:\\\/\\\/tibladin.dk\\\/\",\"logo\":{\"@type\":\"ImageObject\",\"inLanguage\":\"fr-FR\",\"@id\":\"https:\\\/\\\/tibladin.dk\\\/#\\\/schema\\\/logo\\\/image\\\/\",\"url\":\"https:\\\/\\\/tibladin.dk\\\/wp-content\\\/uploads\\\/2022\\\/09\\\/tibladin_logo.svg\",\"contentUrl\":\"https:\\\/\\\/tibladin.dk\\\/wp-content\\\/uploads\\\/2022\\\/09\\\/tibladin_logo.svg\",\"caption\":\"Tibladin\"},\"image\":{\"@id\":\"https:\\\/\\\/tibladin.dk\\\/#\\\/schema\\\/logo\\\/image\\\/\"}}]}<\/script>\n<!-- \/ Yoast SEO plugin. -->","yoast_head_json":{"title":"Pouf marocain en cuir. Disponible en 40x40 ou. 50x50cm. | Tibladine","description":"Pouf marocain en cuir marron orang\u00e9. Disponible dans les tailles 40x40 ou 50x50 cm. Est fabriqu\u00e9 \u00e0 la main \u00e0 partir de cuir de ch\u00e8vre pour un pouf doux et flexible.","robots":{"index":"index","follow":"follow","max-snippet":"max-snippet:-1","max-image-preview":"max-image-preview:large","max-video-preview":"max-video-preview:-1"},"canonical":"https:\/\/tibladin.dk\/fr\/produit-4\/pouf-en-cuir-marron-orange-carre\/","og_locale":"fr_FR","og_type":"article","og_title":"Marokkansk puf i l\u00e6der. F\u00e5s i 40x40 el. 50x50 cm. | Tibladin","og_description":"Marokkansk Puf i orangebrun l\u00e6der. F\u00e5s i st\u00f8rrelserne 40x40 eller 50x50 cm. Er h\u00e5ndlavet af gedel\u00e6der for en bl\u00f8d og fleksibel puf.","og_url":"https:\/\/tibladin.dk\/fr\/produit-4\/pouf-en-cuir-marron-orange-carre\/","og_site_name":"Tibladin","article_modified_time":"2026-04-10T17:45:42+00:00","og_image":[{"width":800,"height":800,"url":"https:\/\/tibladin.dk\/wp-content\/uploads\/2022\/10\/Marokkansk-firkantet-puf_roedbrun_12.jpg","type":"image\/jpeg"}],"twitter_card":"summary_large_image","twitter_misc":{"Dur\u00e9e de lecture estim\u00e9e":"2 minutes"},"schema":{"@context":"https:\/\/schema.org","@graph":[{"@type":"WebPage","@id":"https:\/\/tibladin.dk\/produkt\/puf-i-laeder-orangebrun-firkantet\/","url":"https:\/\/tibladin.dk\/produkt\/puf-i-laeder-orangebrun-firkantet\/","name":"Pouf marocain en cuir. Disponible en 40x40 ou. 50x50cm. | Tibladine","isPartOf":{"@id":"https:\/\/tibladin.dk\/#website"},"primaryImageOfPage":{"@id":"https:\/\/tibladin.dk\/produkt\/puf-i-laeder-orangebrun-firkantet\/#primaryimage"},"image":{"@id":"https:\/\/tibladin.dk\/produkt\/puf-i-laeder-orangebrun-firkantet\/#primaryimage"},"thumbnailUrl":"https:\/\/tibladin.dk\/wp-content\/uploads\/2022\/10\/Marokkansk-firkantet-puf_roedbrun_12.jpg","datePublished":"2022-10-14T16:48:49+00:00","dateModified":"2026-04-10T17:45:42+00:00","description":"Pouf marocain en cuir marron orang\u00e9. Disponible dans les tailles 40x40 ou 50x50 cm. Est fabriqu\u00e9 \u00e0 la main \u00e0 partir de cuir de ch\u00e8vre pour un pouf doux et flexible.","breadcrumb":{"@id":"https:\/\/tibladin.dk\/produkt\/puf-i-laeder-orangebrun-firkantet\/#breadcrumb"},"inLanguage":"fr-FR","potentialAction":[{"@type":"ReadAction","target":["https:\/\/tibladin.dk\/produkt\/puf-i-laeder-orangebrun-firkantet\/"]}]},{"@type":"ImageObject","inLanguage":"fr-FR","@id":"https:\/\/tibladin.dk\/produkt\/puf-i-laeder-orangebrun-firkantet\/#primaryimage","url":"https:\/\/tibladin.dk\/wp-content\/uploads\/2022\/10\/Marokkansk-firkantet-puf_roedbrun_12.jpg","contentUrl":"https:\/\/tibladin.dk\/wp-content\/uploads\/2022\/10\/Marokkansk-firkantet-puf_roedbrun_12.jpg","width":800,"height":800,"caption":"Marokkansk puf i l\u00e6der. firkantet- r\u00f8dbrun"},{"@type":"BreadcrumbList","@id":"https:\/\/tibladin.dk\/produkt\/puf-i-laeder-orangebrun-firkantet\/#breadcrumb","itemListElement":[{"@type":"ListItem","position":1,"name":"Hjem","item":"https:\/\/tibladin.dk\/"},{"@type":"ListItem","position":2,"name":"Shop","item":"https:\/\/tibladin.dk\/shop\/"},{"@type":"ListItem","position":3,"name":"Puf i l\u00e6der &#8211; Orangebrun &#8211; Firkantet"}]},{"@type":"WebSite","@id":"https:\/\/tibladin.dk\/#website","url":"https:\/\/tibladin.dk\/","name":"Tibladin","description":"Tibladin","publisher":{"@id":"https:\/\/tibladin.dk\/#organization"},"potentialAction":[{"@type":"SearchAction","target":{"@type":"EntryPoint","urlTemplate":"https:\/\/tibladin.dk\/?s={search_term_string}"},"query-input":{"@type":"PropertyValueSpecification","valueRequired":true,"valueName":"search_term_string"}}],"inLanguage":"fr-FR"},{"@type":"Organization","@id":"https:\/\/tibladin.dk\/#organization","name":"Tibladin","url":"https:\/\/tibladin.dk\/","logo":{"@type":"ImageObject","inLanguage":"fr-FR","@id":"https:\/\/tibladin.dk\/#\/schema\/logo\/image\/","url":"https:\/\/tibladin.dk\/wp-content\/uploads\/2022\/09\/tibladin_logo.svg","contentUrl":"https:\/\/tibladin.dk\/wp-content\/uploads\/2022\/09\/tibladin_logo.svg","caption":"Tibladin"},"image":{"@id":"https:\/\/tibladin.dk\/#\/schema\/logo\/image\/"}}]}},"_links":{"self":[{"href":"https:\/\/tibladin.dk\/fr\/wp-json\/wp\/v2\/product\/4163","targetHints":{"allow":["GET"]}}],"collection":[{"href":"https:\/\/tibladin.dk\/fr\/wp-json\/wp\/v2\/product"}],"about":[{"href":"https:\/\/tibladin.dk\/fr\/wp-json\/wp\/v2\/types\/product"}],"wp:featuredmedia":[{"embeddable":true,"href":"https:\/\/tibladin.dk\/fr\/wp-json\/wp\/v2\/media\/11773"}],"wp:attachment":[{"href":"https:\/\/tibladin.dk\/fr\/wp-json\/wp\/v2\/media?parent=4163"}],"wp:term":[{"taxonomy":"product_brand","embeddable":true,"href":"https:\/\/tibladin.dk\/fr\/wp-json\/wp\/v2\/product_brand?post=4163"},{"taxonomy":"product_cat","embeddable":true,"href":"https:\/\/tibladin.dk\/fr\/wp-json\/wp\/v2\/product_cat?post=4163"},{"taxonomy":"product_tag","embeddable":true,"href":"https:\/\/tibladin.dk\/fr\/wp-json\/wp\/v2\/product_tag?post=4163"}],"curies":[{"name":"wp","href":"https:\/\/api.w.org\/{rel}","templated":true}]}}