{"id":417,"date":"2022-09-20T11:02:01","date_gmt":"2022-09-20T09:02:01","guid":{"rendered":"https:\/\/tibladin.dk\/?post_type=product&#038;p=417"},"modified":"2024-12-09T15:01:48","modified_gmt":"2024-12-09T14:01:48","slug":"pouf-marocain-en-kelim-beni-ouarain","status":"publish","type":"product","link":"https:\/\/tibladin.dk\/fr\/produkt\/marokkansk-puf-i-kelim-beni-ouarain\/","title":{"rendered":"Pouf marocain en Kelim \u2013 Beni Ouarain"},"content":{"rendered":"<div class=\"wpb-content-wrapper\"><div class=\"vc_row wpb_row vc_row-fluid\"><div class=\"wpb_column vc_column_container vc_col-sm-4\"><div class=\"vc_column-inner\"><div class=\"wpb_wrapper\">\n\t<div class=\"wpb_video_widget wpb_content_element vc_clearfix   vc_video-aspect-ratio-43 vc_video-el-width-100 vc_video-align-left\" >\n\t\t<div class=\"wpb_wrapper\">\n\t\t\t\n\t\t\t<div class=\"wpb_video_wrapper\"><div class=\"video-container\"><iframe loading=\"lazy\" title=\"Remplissez votre pouf_Beni Ouarain\" src=\"https:\/\/player.vimeo.com\/video\/416206236?dnt=1&amp;app_id=122963\" width=\"310\" height=\"310\" frameborder=\"0\" allow=\"autoplay; fullscreen; picture-in-picture\"><\/iframe><\/div><\/div>\n\t\t<\/div>\n\t<\/div>\n<\/div><\/div><\/div><div class=\"wpb_column vc_column_container vc_col-sm-4\"><div class=\"vc_column-inner\"><div class=\"wpb_wrapper\"><h3 style=\"text-align: left\" class=\"vc_custom_heading vc_do_custom_heading\" >Entretien<\/h3>\n\t<div class=\"wpb_text_column wpb_content_element\" >\n\t\t<div class=\"wpb_wrapper\">\n\t\t\t<p>Chez Tibladin, vous achetez des poufs sans remplissage, vous pouvez donc les remplir selon votre go\u00fbt.<\/p>\n<p>Si par malchance vous avez une tache sur votre pouf en laine, commencez par passer l&#039;aspirateur sur la tache. La laine est naturellement entour\u00e9e de lanoline, qui forme un film protecteur sur les fibres, les taches ont donc moins de chances de p\u00e9n\u00e9trer. Si cela ne s&#039;enl\u00e8ve pas, vous pouvez prendre un chiffon humide et tamponner la tache, enfin ne pas frotter. Peut \u00e9galement \u00eatre s\u00e9ch\u00e9 au pressing. Si nous avons la chance qu&#039;il neige un jour d&#039;hiver, placez votre pouf en laine ou votre couverture en laine dans la neige fra\u00eechement tomb\u00e9e. C\u2019est la m\u00e9thode la plus efficace pour le nettoyer en profondeur.<\/p>\n\n\t\t<\/div>\n\t<\/div>\n<\/div><\/div><\/div><div class=\"wpb_column vc_column_container vc_col-sm-4\"><div class=\"vc_column-inner\"><div class=\"wpb_wrapper\"><h3 style=\"text-align: left\" class=\"vc_custom_heading vc_do_custom_heading\" >L&#039;histoire derri\u00e8re<\/h3>\n\t<div class=\"wpb_text_column wpb_content_element\" >\n\t\t<div class=\"wpb_wrapper\">\n\t\t\t<p>Les petits poufs sont faciles \u00e0 ajouter \u00e0 votre d\u00e9coration et obtiennent rapidement un look exotique et une touche plus personnelle. Ces poufs sont r\u00e9alis\u00e9s \u00e0 partir d&#039;un tapis kilim en laine, Beni Ouarain. Les femmes berb\u00e8res des montagnes de l&#039;Atlas au Maroc racontent leurs histoires silencieuses \u00e0 travers ces tapis tiss\u00e9s \u00e0 la main en vraie laine, et chaque pouf est unique.<\/p>\n\n\t\t<\/div>\n\t<\/div>\n<\/div><\/div><\/div><\/div>\n<\/div>","protected":false},"excerpt":{"rendered":"<p>Pouf marocain Beni Ouarain. Fabriqu\u00e9s \u00e0 la main \u00e0 partir de v\u00e9ritables tapis kilim en laine Beni Ouarain \u00e0 poils courts.<\/p>\n<p>S&#039;agence bien avec la d\u00e9coration scandinave en blanc et noir et donne une jolie touche personnelle. Toutes les bouff\u00e9es ont un motif unique en fonction de la zone du tapis utilis\u00e9e.<\/p>\n<p>Disponible en deux tailles 100 x 50 et 50 x 50 cm. Les deux mesurent 50 cm de haut. Ils sont envoy\u00e9s sans remplissage. Si vous souhaitez un garnissage en laine de bois, pensez \u00e0 le choisir.<\/p>\n<p>&nbsp;<\/p>","protected":false},"featured_media":475,"template":"","meta":{"inline_featured_image":false},"product_brand":[],"product_cat":[39,40,50],"product_tag":[],"class_list":{"0":"post-417","1":"product","2":"type-product","3":"status-publish","4":"has-post-thumbnail","6":"product_cat-moebler","7":"product_cat-pufs","8":"product_cat-uldpufs","10":"first","11":"instock","12":"taxable","13":"shipping-taxable","14":"purchasable","15":"product-type-variable"},"exclude_global_add_ons":false,"addons":[{"name":"Souhaitez-vous que votre pouf soit livr\u00e9 avec un rembourrage en laine de bois ?","type":"checkbox","position":0,"required":false,"title_format":"label","default":"","description_enable":false,"description":"","placeholder_enable":false,"placeholder":"","display":"select","restrictions_type":"any_text","adjust_price":false,"price":"","price_type":"flat_fee","restrictions":false,"min":"0","max":"0","options":[{"label":"ja tak","price":"300","price_type":"quantity_based","image":0,"visibility":true}],"id":1719219413}],"yoast_head":"<!-- This site is optimized with the Yoast SEO plugin v27.4 - https:\/\/yoast.com\/product\/yoast-seo-wordpress\/ -->\n<title>Marokkansk puf i Kelim - Beni Ouarain. 100x50 cm el. 50x50 cm.<\/title>\n<meta name=\"description\" content=\"Marokkansk Puf i uld kelim i Beni Ouarain m\u00f8nster. F\u00e5es i st\u00f8rrelserne 100x50 eller 50x50 cm. Er h\u00e5ndlavet af \u00e6gte kelim t\u00e6pper og hver puf er unik.\" \/>\n<meta name=\"robots\" content=\"index, follow, max-snippet:-1, max-image-preview:large, max-video-preview:-1\" \/>\n<link rel=\"canonical\" href=\"https:\/\/tibladin.dk\/fr\/produit-4\/pouf-marocain-en-kelim-beni-ouarain\/\" \/>\n<meta property=\"og:locale\" content=\"fr_FR\" \/>\n<meta property=\"og:type\" content=\"article\" \/>\n<meta property=\"og:title\" content=\"Marokkansk puf i Kelim - Beni Ouarain. 100x50 cm el. 50x50 cm.\" \/>\n<meta property=\"og:description\" content=\"Marokkansk Puf i uld kelim i Beni Ouarain m\u00f8nster. F\u00e5es i st\u00f8rrelserne 100x50 eller 50x50 cm. Er h\u00e5ndlavet af \u00e6gte kelim t\u00e6pper og hver puf er unik.\" \/>\n<meta property=\"og:url\" content=\"https:\/\/tibladin.dk\/fr\/produit-4\/pouf-marocain-en-kelim-beni-ouarain\/\" \/>\n<meta property=\"og:site_name\" content=\"Tibladin\" \/>\n<meta property=\"article:modified_time\" content=\"2024-12-09T14:01:48+00:00\" \/>\n<meta property=\"og:image\" content=\"https:\/\/tibladin.dk\/wp-content\/uploads\/2022\/09\/Tibladin_puf_BeniOurain_100x60_800x800-1.jpg\" \/>\n\t<meta property=\"og:image:width\" content=\"800\" \/>\n\t<meta property=\"og:image:height\" content=\"800\" \/>\n\t<meta property=\"og:image:type\" content=\"image\/jpeg\" \/>\n<meta name=\"twitter:card\" content=\"summary_large_image\" \/>\n<meta name=\"twitter:label1\" content=\"Dur\u00e9e de lecture estim\u00e9e\" \/>\n\t<meta name=\"twitter:data1\" content=\"2 minutes\" \/>\n<script type=\"application\/ld+json\" class=\"yoast-schema-graph\">{\"@context\":\"https:\\\/\\\/schema.org\",\"@graph\":[{\"@type\":\"WebPage\",\"@id\":\"https:\\\/\\\/tibladin.dk\\\/produkt\\\/marokkansk-puf-i-kelim-beni-ouarain\\\/\",\"url\":\"https:\\\/\\\/tibladin.dk\\\/produkt\\\/marokkansk-puf-i-kelim-beni-ouarain\\\/\",\"name\":\"Marokkansk puf i Kelim - Beni Ouarain. 100x50 cm el. 50x50 cm.\",\"isPartOf\":{\"@id\":\"https:\\\/\\\/tibladin.dk\\\/#website\"},\"primaryImageOfPage\":{\"@id\":\"https:\\\/\\\/tibladin.dk\\\/produkt\\\/marokkansk-puf-i-kelim-beni-ouarain\\\/#primaryimage\"},\"image\":{\"@id\":\"https:\\\/\\\/tibladin.dk\\\/produkt\\\/marokkansk-puf-i-kelim-beni-ouarain\\\/#primaryimage\"},\"thumbnailUrl\":\"https:\\\/\\\/tibladin.dk\\\/wp-content\\\/uploads\\\/2022\\\/09\\\/Tibladin_puf_BeniOurain_100x60_800x800-1.jpg\",\"datePublished\":\"2022-09-20T09:02:01+00:00\",\"dateModified\":\"2024-12-09T14:01:48+00:00\",\"description\":\"Marokkansk Puf i uld kelim i Beni Ouarain m\u00f8nster. F\u00e5es i st\u00f8rrelserne 100x50 eller 50x50 cm. Er h\u00e5ndlavet af \u00e6gte kelim t\u00e6pper og hver puf er unik.\",\"breadcrumb\":{\"@id\":\"https:\\\/\\\/tibladin.dk\\\/produkt\\\/marokkansk-puf-i-kelim-beni-ouarain\\\/#breadcrumb\"},\"inLanguage\":\"fr-FR\",\"potentialAction\":[{\"@type\":\"ReadAction\",\"target\":[\"https:\\\/\\\/tibladin.dk\\\/produkt\\\/marokkansk-puf-i-kelim-beni-ouarain\\\/\"]}]},{\"@type\":\"ImageObject\",\"inLanguage\":\"fr-FR\",\"@id\":\"https:\\\/\\\/tibladin.dk\\\/produkt\\\/marokkansk-puf-i-kelim-beni-ouarain\\\/#primaryimage\",\"url\":\"https:\\\/\\\/tibladin.dk\\\/wp-content\\\/uploads\\\/2022\\\/09\\\/Tibladin_puf_BeniOurain_100x60_800x800-1.jpg\",\"contentUrl\":\"https:\\\/\\\/tibladin.dk\\\/wp-content\\\/uploads\\\/2022\\\/09\\\/Tibladin_puf_BeniOurain_100x60_800x800-1.jpg\",\"width\":800,\"height\":800,\"caption\":\"Marokkansk beni ouarain puf\"},{\"@type\":\"BreadcrumbList\",\"@id\":\"https:\\\/\\\/tibladin.dk\\\/produkt\\\/marokkansk-puf-i-kelim-beni-ouarain\\\/#breadcrumb\",\"itemListElement\":[{\"@type\":\"ListItem\",\"position\":1,\"name\":\"Hjem\",\"item\":\"https:\\\/\\\/tibladin.dk\\\/\"},{\"@type\":\"ListItem\",\"position\":2,\"name\":\"Shop\",\"item\":\"https:\\\/\\\/tibladin.dk\\\/shop\\\/\"},{\"@type\":\"ListItem\",\"position\":3,\"name\":\"Marokkansk puf i Kelim &#8211; Beni Ouarain\"}]},{\"@type\":\"WebSite\",\"@id\":\"https:\\\/\\\/tibladin.dk\\\/#website\",\"url\":\"https:\\\/\\\/tibladin.dk\\\/\",\"name\":\"Tibladin\",\"description\":\"Tibladin\",\"publisher\":{\"@id\":\"https:\\\/\\\/tibladin.dk\\\/#organization\"},\"potentialAction\":[{\"@type\":\"SearchAction\",\"target\":{\"@type\":\"EntryPoint\",\"urlTemplate\":\"https:\\\/\\\/tibladin.dk\\\/?s={search_term_string}\"},\"query-input\":{\"@type\":\"PropertyValueSpecification\",\"valueRequired\":true,\"valueName\":\"search_term_string\"}}],\"inLanguage\":\"fr-FR\"},{\"@type\":\"Organization\",\"@id\":\"https:\\\/\\\/tibladin.dk\\\/#organization\",\"name\":\"Tibladin\",\"url\":\"https:\\\/\\\/tibladin.dk\\\/\",\"logo\":{\"@type\":\"ImageObject\",\"inLanguage\":\"fr-FR\",\"@id\":\"https:\\\/\\\/tibladin.dk\\\/#\\\/schema\\\/logo\\\/image\\\/\",\"url\":\"https:\\\/\\\/tibladin.dk\\\/wp-content\\\/uploads\\\/2022\\\/09\\\/tibladin_logo.svg\",\"contentUrl\":\"https:\\\/\\\/tibladin.dk\\\/wp-content\\\/uploads\\\/2022\\\/09\\\/tibladin_logo.svg\",\"caption\":\"Tibladin\"},\"image\":{\"@id\":\"https:\\\/\\\/tibladin.dk\\\/#\\\/schema\\\/logo\\\/image\\\/\"}}]}<\/script>\n<!-- \/ Yoast SEO plugin. -->","yoast_head_json":{"title":"Pouf marocain en Kelim - Beni Ouarain. 100x50 cm ou 50x50cm.","description":"Pouf marocain en laine kilim au motif Beni Ouarain. Disponible dans les tailles 100x50 ou 50x50 cm. Est fabriqu\u00e9 \u00e0 la main \u00e0 partir de v\u00e9ritables tapis kilim et chaque pouf est unique.","robots":{"index":"index","follow":"follow","max-snippet":"max-snippet:-1","max-image-preview":"max-image-preview:large","max-video-preview":"max-video-preview:-1"},"canonical":"https:\/\/tibladin.dk\/fr\/produit-4\/pouf-marocain-en-kelim-beni-ouarain\/","og_locale":"fr_FR","og_type":"article","og_title":"Marokkansk puf i Kelim - Beni Ouarain. 100x50 cm el. 50x50 cm.","og_description":"Marokkansk Puf i uld kelim i Beni Ouarain m\u00f8nster. F\u00e5es i st\u00f8rrelserne 100x50 eller 50x50 cm. Er h\u00e5ndlavet af \u00e6gte kelim t\u00e6pper og hver puf er unik.","og_url":"https:\/\/tibladin.dk\/fr\/produit-4\/pouf-marocain-en-kelim-beni-ouarain\/","og_site_name":"Tibladin","article_modified_time":"2024-12-09T14:01:48+00:00","og_image":[{"width":800,"height":800,"url":"https:\/\/tibladin.dk\/wp-content\/uploads\/2022\/09\/Tibladin_puf_BeniOurain_100x60_800x800-1.jpg","type":"image\/jpeg"}],"twitter_card":"summary_large_image","twitter_misc":{"Dur\u00e9e de lecture estim\u00e9e":"2 minutes"},"schema":{"@context":"https:\/\/schema.org","@graph":[{"@type":"WebPage","@id":"https:\/\/tibladin.dk\/produkt\/marokkansk-puf-i-kelim-beni-ouarain\/","url":"https:\/\/tibladin.dk\/produkt\/marokkansk-puf-i-kelim-beni-ouarain\/","name":"Pouf marocain en Kelim - Beni Ouarain. 100x50 cm ou 50x50cm.","isPartOf":{"@id":"https:\/\/tibladin.dk\/#website"},"primaryImageOfPage":{"@id":"https:\/\/tibladin.dk\/produkt\/marokkansk-puf-i-kelim-beni-ouarain\/#primaryimage"},"image":{"@id":"https:\/\/tibladin.dk\/produkt\/marokkansk-puf-i-kelim-beni-ouarain\/#primaryimage"},"thumbnailUrl":"https:\/\/tibladin.dk\/wp-content\/uploads\/2022\/09\/Tibladin_puf_BeniOurain_100x60_800x800-1.jpg","datePublished":"2022-09-20T09:02:01+00:00","dateModified":"2024-12-09T14:01:48+00:00","description":"Pouf marocain en laine kilim au motif Beni Ouarain. Disponible dans les tailles 100x50 ou 50x50 cm. Est fabriqu\u00e9 \u00e0 la main \u00e0 partir de v\u00e9ritables tapis kilim et chaque pouf est unique.","breadcrumb":{"@id":"https:\/\/tibladin.dk\/produkt\/marokkansk-puf-i-kelim-beni-ouarain\/#breadcrumb"},"inLanguage":"fr-FR","potentialAction":[{"@type":"ReadAction","target":["https:\/\/tibladin.dk\/produkt\/marokkansk-puf-i-kelim-beni-ouarain\/"]}]},{"@type":"ImageObject","inLanguage":"fr-FR","@id":"https:\/\/tibladin.dk\/produkt\/marokkansk-puf-i-kelim-beni-ouarain\/#primaryimage","url":"https:\/\/tibladin.dk\/wp-content\/uploads\/2022\/09\/Tibladin_puf_BeniOurain_100x60_800x800-1.jpg","contentUrl":"https:\/\/tibladin.dk\/wp-content\/uploads\/2022\/09\/Tibladin_puf_BeniOurain_100x60_800x800-1.jpg","width":800,"height":800,"caption":"Marokkansk beni ouarain puf"},{"@type":"BreadcrumbList","@id":"https:\/\/tibladin.dk\/produkt\/marokkansk-puf-i-kelim-beni-ouarain\/#breadcrumb","itemListElement":[{"@type":"ListItem","position":1,"name":"Hjem","item":"https:\/\/tibladin.dk\/"},{"@type":"ListItem","position":2,"name":"Shop","item":"https:\/\/tibladin.dk\/shop\/"},{"@type":"ListItem","position":3,"name":"Marokkansk puf i Kelim &#8211; Beni Ouarain"}]},{"@type":"WebSite","@id":"https:\/\/tibladin.dk\/#website","url":"https:\/\/tibladin.dk\/","name":"Tibladin","description":"Tibladin","publisher":{"@id":"https:\/\/tibladin.dk\/#organization"},"potentialAction":[{"@type":"SearchAction","target":{"@type":"EntryPoint","urlTemplate":"https:\/\/tibladin.dk\/?s={search_term_string}"},"query-input":{"@type":"PropertyValueSpecification","valueRequired":true,"valueName":"search_term_string"}}],"inLanguage":"fr-FR"},{"@type":"Organization","@id":"https:\/\/tibladin.dk\/#organization","name":"Tibladin","url":"https:\/\/tibladin.dk\/","logo":{"@type":"ImageObject","inLanguage":"fr-FR","@id":"https:\/\/tibladin.dk\/#\/schema\/logo\/image\/","url":"https:\/\/tibladin.dk\/wp-content\/uploads\/2022\/09\/tibladin_logo.svg","contentUrl":"https:\/\/tibladin.dk\/wp-content\/uploads\/2022\/09\/tibladin_logo.svg","caption":"Tibladin"},"image":{"@id":"https:\/\/tibladin.dk\/#\/schema\/logo\/image\/"}}]}},"_links":{"self":[{"href":"https:\/\/tibladin.dk\/fr\/wp-json\/wp\/v2\/product\/417","targetHints":{"allow":["GET"]}}],"collection":[{"href":"https:\/\/tibladin.dk\/fr\/wp-json\/wp\/v2\/product"}],"about":[{"href":"https:\/\/tibladin.dk\/fr\/wp-json\/wp\/v2\/types\/product"}],"wp:featuredmedia":[{"embeddable":true,"href":"https:\/\/tibladin.dk\/fr\/wp-json\/wp\/v2\/media\/475"}],"wp:attachment":[{"href":"https:\/\/tibladin.dk\/fr\/wp-json\/wp\/v2\/media?parent=417"}],"wp:term":[{"taxonomy":"product_brand","embeddable":true,"href":"https:\/\/tibladin.dk\/fr\/wp-json\/wp\/v2\/product_brand?post=417"},{"taxonomy":"product_cat","embeddable":true,"href":"https:\/\/tibladin.dk\/fr\/wp-json\/wp\/v2\/product_cat?post=417"},{"taxonomy":"product_tag","embeddable":true,"href":"https:\/\/tibladin.dk\/fr\/wp-json\/wp\/v2\/product_tag?post=417"}],"curies":[{"name":"wp","href":"https:\/\/api.w.org\/{rel}","templated":true}]}}