{"id":418,"date":"2024-09-16T11:02:01","date_gmt":"2024-09-16T09:02:01","guid":{"rendered":"https:\/\/tibladin.dk\/?post_type=product&#038;p=418"},"modified":"2025-12-15T16:57:16","modified_gmt":"2025-12-15T15:57:16","slug":"tajine-en-verre","status":"publish","type":"product","link":"https:\/\/tibladin.dk\/fr\/produkt\/glastagine\/","title":{"rendered":"Tajine en verre"},"content":{"rendered":"<div class=\"wpb-content-wrapper\"><div class=\"vc_row wpb_row vc_row-fluid\"><div class=\"wpb_column vc_column_container vc_col-sm-4\"><div class=\"vc_column-inner\"><div class=\"wpb_wrapper\"><\/div><\/div><\/div><div class=\"wpb_column vc_column_container vc_col-sm-4\"><div class=\"vc_column-inner\"><div class=\"wpb_wrapper\"><h3 style=\"text-align: left\" class=\"vc_custom_heading vc_do_custom_heading\" >Entretien<\/h3>\n\t<div class=\"wpb_text_column wpb_content_element\" >\n\t\t<div class=\"wpb_wrapper\">\n\t\t\t<p>Les tajines en verre peuvent \u00eatre lav\u00e9s \u00e0 l\u2019eau savonneuse douce. Si la pi\u00e8ce en argent se patine trop et que vous souhaitez plut\u00f4t un aspect plus brillant, vous pouvez utiliser du cirage pour argent.<\/p>\n\n\t\t<\/div>\n\t<\/div>\n<\/div><\/div><\/div><div class=\"wpb_column vc_column_container vc_col-sm-4\"><div class=\"vc_column-inner\"><div class=\"wpb_wrapper\"><h3 style=\"text-align: left\" class=\"vc_custom_heading vc_do_custom_heading\" >L&#039;histoire derri\u00e8re<\/h3>\n\t<div class=\"wpb_text_column wpb_content_element\" >\n\t\t<div class=\"wpb_wrapper\">\n\t\t\t<p>Des rangements qui d\u00e9corent. C&#039;est toujours agr\u00e9able de s&#039;entourer de belles choses, et si elles peuvent aussi servir \u00e0 ranger des choses, c&#039;est extra bien. J&#039;aime les petites choses qui d\u00e9corent la maison et donnent juste cette touche suppl\u00e9mentaire de chaleur et de myst\u00e8re marocain.<\/p>\n<p>Les petits tajines en verre sont fabriqu\u00e9s \u00e0 la main en verre et m\u00e9tal argent\u00e9. Par cons\u00e9quent, chaque pot est unique et de l\u00e9g\u00e8res diff\u00e9rences et imperfections peuvent survenir. Les bocaux ne sont pas autoris\u00e9s pour conserver des aliments. Ils sont destin\u00e9s \u00e0 servir de d\u00e9coration, par ex. votre salle de bain ou sur le rebord de votre fen\u00eatre.<\/p>\n<p>Vous \u00eates libre de choisir entre les diff\u00e9rentes couleurs de pompons en cordon de soie, il vous suffit de l&#039;indiquer dans le champ commentaires de votre commande.<\/p>\n\n\t\t<\/div>\n\t<\/div>\n<\/div><\/div><\/div><\/div>\n<\/div>","protected":false},"excerpt":{"rendered":"<p>Pot en verre fait main en forme de tajine pour ranger par exemple vos bijoux ou tout simplement comme d\u00e9coration.<\/p>\n<p>Le tajine en verre est disponible en or et en argent.<\/p>\n<p>Vous pouvez choisir parmi diff\u00e9rentes couleurs de pompons en cordon de soie. \u00c9crivez dans le champ commentaire de votre commande la couleur que vous souhaitez<\/p>","protected":false},"featured_media":481,"template":"","meta":{"inline_featured_image":false},"product_brand":[],"product_cat":[29,52,51,45],"product_tag":[],"class_list":{"0":"post-418","1":"product","2":"type-product","3":"status-publish","4":"has-post-thumbnail","6":"product_cat-gaven-til-den-unge-pige","7":"product_cat-krukker-i-glas","8":"product_cat-opbevaring","9":"product_cat-vaert-vaertindegaver","11":"first","12":"outofstock","13":"taxable","14":"shipping-taxable","15":"purchasable","16":"product-type-variable"},"exclude_global_add_ons":false,"addons":[{"name":"Vous souhaitez un emballage cadeau ?","type":"checkbox","position":0,"required":false,"title_format":"label","default":"","description_enable":false,"description":"","placeholder_enable":false,"placeholder":"","display":"images","restrictions_type":"any_text","adjust_price":false,"price":"","price_type":"flat_fee","restrictions":false,"min":"0","max":"0","options":[{"label":"Ja tak","price":"10","price_type":"flat_fee","image":11015,"visibility":true}],"id":1669646111}],"yoast_head":"<!-- This site is optimized with the Yoast SEO plugin v27.4 - https:\/\/yoast.com\/product\/yoast-seo-wordpress\/ -->\n<title>Glastagine med kvast | Marokkansk keramik | Tibladin<\/title>\n<meta name=\"description\" content=\"Glastagine til opbevaring. Lille fin marokkansk glaskrukke formet som en tagine til opbevaring af dine smykker eller andre ting eller blot som pynt.\" \/>\n<meta name=\"robots\" content=\"index, follow, max-snippet:-1, max-image-preview:large, max-video-preview:-1\" \/>\n<link rel=\"canonical\" href=\"https:\/\/tibladin.dk\/fr\/produit-4\/tajine-en-verre\/\" \/>\n<meta property=\"og:locale\" content=\"fr_FR\" \/>\n<meta property=\"og:type\" content=\"article\" \/>\n<meta property=\"og:title\" content=\"Glastagine med kvast | Marokkansk keramik | Tibladin\" \/>\n<meta property=\"og:description\" content=\"Glastagine til opbevaring. Lille fin marokkansk glaskrukke formet som en tagine til opbevaring af dine smykker eller andre ting eller blot som pynt.\" \/>\n<meta property=\"og:url\" content=\"https:\/\/tibladin.dk\/fr\/produit-4\/tajine-en-verre\/\" \/>\n<meta property=\"og:site_name\" content=\"Tibladin\" \/>\n<meta property=\"article:modified_time\" content=\"2025-12-15T15:57:16+00:00\" \/>\n<meta property=\"og:image\" content=\"https:\/\/tibladin.dk\/wp-content\/uploads\/2022\/09\/Tibladin_glas-tagine_soelv_800x800-1.jpg\" \/>\n\t<meta property=\"og:image:width\" content=\"800\" \/>\n\t<meta property=\"og:image:height\" content=\"800\" \/>\n\t<meta property=\"og:image:type\" content=\"image\/jpeg\" \/>\n<meta name=\"twitter:card\" content=\"summary_large_image\" \/>\n<meta name=\"twitter:label1\" content=\"Dur\u00e9e de lecture estim\u00e9e\" \/>\n\t<meta name=\"twitter:data1\" content=\"2 minutes\" \/>\n<script type=\"application\/ld+json\" class=\"yoast-schema-graph\">{\"@context\":\"https:\\\/\\\/schema.org\",\"@graph\":[{\"@type\":\"WebPage\",\"@id\":\"https:\\\/\\\/tibladin.dk\\\/produkt\\\/glastagine\\\/\",\"url\":\"https:\\\/\\\/tibladin.dk\\\/produkt\\\/glastagine\\\/\",\"name\":\"Glastagine med kvast | Marokkansk keramik | Tibladin\",\"isPartOf\":{\"@id\":\"https:\\\/\\\/tibladin.dk\\\/#website\"},\"primaryImageOfPage\":{\"@id\":\"https:\\\/\\\/tibladin.dk\\\/produkt\\\/glastagine\\\/#primaryimage\"},\"image\":{\"@id\":\"https:\\\/\\\/tibladin.dk\\\/produkt\\\/glastagine\\\/#primaryimage\"},\"thumbnailUrl\":\"https:\\\/\\\/tibladin.dk\\\/wp-content\\\/uploads\\\/2022\\\/09\\\/Tibladin_glas-tagine_soelv_800x800-1.jpg\",\"datePublished\":\"2024-09-16T09:02:01+00:00\",\"dateModified\":\"2025-12-15T15:57:16+00:00\",\"description\":\"Glastagine til opbevaring. Lille fin marokkansk glaskrukke formet som en tagine til opbevaring af dine smykker eller andre ting eller blot som pynt.\",\"breadcrumb\":{\"@id\":\"https:\\\/\\\/tibladin.dk\\\/produkt\\\/glastagine\\\/#breadcrumb\"},\"inLanguage\":\"fr-FR\",\"potentialAction\":[{\"@type\":\"ReadAction\",\"target\":[\"https:\\\/\\\/tibladin.dk\\\/produkt\\\/glastagine\\\/\"]}]},{\"@type\":\"ImageObject\",\"inLanguage\":\"fr-FR\",\"@id\":\"https:\\\/\\\/tibladin.dk\\\/produkt\\\/glastagine\\\/#primaryimage\",\"url\":\"https:\\\/\\\/tibladin.dk\\\/wp-content\\\/uploads\\\/2022\\\/09\\\/Tibladin_glas-tagine_soelv_800x800-1.jpg\",\"contentUrl\":\"https:\\\/\\\/tibladin.dk\\\/wp-content\\\/uploads\\\/2022\\\/09\\\/Tibladin_glas-tagine_soelv_800x800-1.jpg\",\"width\":800,\"height\":800,\"caption\":\"Marokkansk glas tagine i s\u00f8lv\"},{\"@type\":\"BreadcrumbList\",\"@id\":\"https:\\\/\\\/tibladin.dk\\\/produkt\\\/glastagine\\\/#breadcrumb\",\"itemListElement\":[{\"@type\":\"ListItem\",\"position\":1,\"name\":\"Hjem\",\"item\":\"https:\\\/\\\/tibladin.dk\\\/\"},{\"@type\":\"ListItem\",\"position\":2,\"name\":\"Shop\",\"item\":\"https:\\\/\\\/tibladin.dk\\\/shop\\\/\"},{\"@type\":\"ListItem\",\"position\":3,\"name\":\"Glastagine\"}]},{\"@type\":\"WebSite\",\"@id\":\"https:\\\/\\\/tibladin.dk\\\/#website\",\"url\":\"https:\\\/\\\/tibladin.dk\\\/\",\"name\":\"Tibladin\",\"description\":\"Tibladin\",\"publisher\":{\"@id\":\"https:\\\/\\\/tibladin.dk\\\/#organization\"},\"potentialAction\":[{\"@type\":\"SearchAction\",\"target\":{\"@type\":\"EntryPoint\",\"urlTemplate\":\"https:\\\/\\\/tibladin.dk\\\/?s={search_term_string}\"},\"query-input\":{\"@type\":\"PropertyValueSpecification\",\"valueRequired\":true,\"valueName\":\"search_term_string\"}}],\"inLanguage\":\"fr-FR\"},{\"@type\":\"Organization\",\"@id\":\"https:\\\/\\\/tibladin.dk\\\/#organization\",\"name\":\"Tibladin\",\"url\":\"https:\\\/\\\/tibladin.dk\\\/\",\"logo\":{\"@type\":\"ImageObject\",\"inLanguage\":\"fr-FR\",\"@id\":\"https:\\\/\\\/tibladin.dk\\\/#\\\/schema\\\/logo\\\/image\\\/\",\"url\":\"https:\\\/\\\/tibladin.dk\\\/wp-content\\\/uploads\\\/2022\\\/09\\\/tibladin_logo.svg\",\"contentUrl\":\"https:\\\/\\\/tibladin.dk\\\/wp-content\\\/uploads\\\/2022\\\/09\\\/tibladin_logo.svg\",\"caption\":\"Tibladin\"},\"image\":{\"@id\":\"https:\\\/\\\/tibladin.dk\\\/#\\\/schema\\\/logo\\\/image\\\/\"}}]}<\/script>\n<!-- \/ Yoast SEO plugin. -->","yoast_head_json":{"title":"Tajine en verre avec pompon | Poterie marocaine | Tibladine","description":"Tajine en verre pour le stockage. Petit pot en verre marocain fin en forme de tajine pour ranger vos bijoux ou autres objets ou tout simplement comme d\u00e9coration.","robots":{"index":"index","follow":"follow","max-snippet":"max-snippet:-1","max-image-preview":"max-image-preview:large","max-video-preview":"max-video-preview:-1"},"canonical":"https:\/\/tibladin.dk\/fr\/produit-4\/tajine-en-verre\/","og_locale":"fr_FR","og_type":"article","og_title":"Glastagine med kvast | Marokkansk keramik | Tibladin","og_description":"Glastagine til opbevaring. Lille fin marokkansk glaskrukke formet som en tagine til opbevaring af dine smykker eller andre ting eller blot som pynt.","og_url":"https:\/\/tibladin.dk\/fr\/produit-4\/tajine-en-verre\/","og_site_name":"Tibladin","article_modified_time":"2025-12-15T15:57:16+00:00","og_image":[{"width":800,"height":800,"url":"https:\/\/tibladin.dk\/wp-content\/uploads\/2022\/09\/Tibladin_glas-tagine_soelv_800x800-1.jpg","type":"image\/jpeg"}],"twitter_card":"summary_large_image","twitter_misc":{"Dur\u00e9e de lecture estim\u00e9e":"2 minutes"},"schema":{"@context":"https:\/\/schema.org","@graph":[{"@type":"WebPage","@id":"https:\/\/tibladin.dk\/produkt\/glastagine\/","url":"https:\/\/tibladin.dk\/produkt\/glastagine\/","name":"Tajine en verre avec pompon | Poterie marocaine | Tibladine","isPartOf":{"@id":"https:\/\/tibladin.dk\/#website"},"primaryImageOfPage":{"@id":"https:\/\/tibladin.dk\/produkt\/glastagine\/#primaryimage"},"image":{"@id":"https:\/\/tibladin.dk\/produkt\/glastagine\/#primaryimage"},"thumbnailUrl":"https:\/\/tibladin.dk\/wp-content\/uploads\/2022\/09\/Tibladin_glas-tagine_soelv_800x800-1.jpg","datePublished":"2024-09-16T09:02:01+00:00","dateModified":"2025-12-15T15:57:16+00:00","description":"Tajine en verre pour le stockage. Petit pot en verre marocain fin en forme de tajine pour ranger vos bijoux ou autres objets ou tout simplement comme d\u00e9coration.","breadcrumb":{"@id":"https:\/\/tibladin.dk\/produkt\/glastagine\/#breadcrumb"},"inLanguage":"fr-FR","potentialAction":[{"@type":"ReadAction","target":["https:\/\/tibladin.dk\/produkt\/glastagine\/"]}]},{"@type":"ImageObject","inLanguage":"fr-FR","@id":"https:\/\/tibladin.dk\/produkt\/glastagine\/#primaryimage","url":"https:\/\/tibladin.dk\/wp-content\/uploads\/2022\/09\/Tibladin_glas-tagine_soelv_800x800-1.jpg","contentUrl":"https:\/\/tibladin.dk\/wp-content\/uploads\/2022\/09\/Tibladin_glas-tagine_soelv_800x800-1.jpg","width":800,"height":800,"caption":"Marokkansk glas tagine i s\u00f8lv"},{"@type":"BreadcrumbList","@id":"https:\/\/tibladin.dk\/produkt\/glastagine\/#breadcrumb","itemListElement":[{"@type":"ListItem","position":1,"name":"Hjem","item":"https:\/\/tibladin.dk\/"},{"@type":"ListItem","position":2,"name":"Shop","item":"https:\/\/tibladin.dk\/shop\/"},{"@type":"ListItem","position":3,"name":"Glastagine"}]},{"@type":"WebSite","@id":"https:\/\/tibladin.dk\/#website","url":"https:\/\/tibladin.dk\/","name":"Tibladin","description":"Tibladin","publisher":{"@id":"https:\/\/tibladin.dk\/#organization"},"potentialAction":[{"@type":"SearchAction","target":{"@type":"EntryPoint","urlTemplate":"https:\/\/tibladin.dk\/?s={search_term_string}"},"query-input":{"@type":"PropertyValueSpecification","valueRequired":true,"valueName":"search_term_string"}}],"inLanguage":"fr-FR"},{"@type":"Organization","@id":"https:\/\/tibladin.dk\/#organization","name":"Tibladin","url":"https:\/\/tibladin.dk\/","logo":{"@type":"ImageObject","inLanguage":"fr-FR","@id":"https:\/\/tibladin.dk\/#\/schema\/logo\/image\/","url":"https:\/\/tibladin.dk\/wp-content\/uploads\/2022\/09\/tibladin_logo.svg","contentUrl":"https:\/\/tibladin.dk\/wp-content\/uploads\/2022\/09\/tibladin_logo.svg","caption":"Tibladin"},"image":{"@id":"https:\/\/tibladin.dk\/#\/schema\/logo\/image\/"}}]}},"_links":{"self":[{"href":"https:\/\/tibladin.dk\/fr\/wp-json\/wp\/v2\/product\/418","targetHints":{"allow":["GET"]}}],"collection":[{"href":"https:\/\/tibladin.dk\/fr\/wp-json\/wp\/v2\/product"}],"about":[{"href":"https:\/\/tibladin.dk\/fr\/wp-json\/wp\/v2\/types\/product"}],"wp:featuredmedia":[{"embeddable":true,"href":"https:\/\/tibladin.dk\/fr\/wp-json\/wp\/v2\/media\/481"}],"wp:attachment":[{"href":"https:\/\/tibladin.dk\/fr\/wp-json\/wp\/v2\/media?parent=418"}],"wp:term":[{"taxonomy":"product_brand","embeddable":true,"href":"https:\/\/tibladin.dk\/fr\/wp-json\/wp\/v2\/product_brand?post=418"},{"taxonomy":"product_cat","embeddable":true,"href":"https:\/\/tibladin.dk\/fr\/wp-json\/wp\/v2\/product_cat?post=418"},{"taxonomy":"product_tag","embeddable":true,"href":"https:\/\/tibladin.dk\/fr\/wp-json\/wp\/v2\/product_tag?post=418"}],"curies":[{"name":"wp","href":"https:\/\/api.w.org\/{rel}","templated":true}]}}