{"id":41896,"date":"2025-11-21T12:07:11","date_gmt":"2025-11-21T11:07:11","guid":{"rendered":"https:\/\/tibladin.dk\/?post_type=product&#038;p=41896"},"modified":"2026-03-06T20:51:56","modified_gmt":"2026-03-06T19:51:56","slug":"bague-en-argent-tirza","status":"publish","type":"product","link":"https:\/\/tibladin.dk\/fr\/produkt\/ring-i-soelv-tirza\/","title":{"rendered":"Bague en argent \u2013 TIRZA"},"content":{"rendered":"<div class=\"wpb-content-wrapper\"><div class=\"vc_row wpb_row vc_row-fluid\"><div class=\"wpb_column vc_column_container vc_col-sm-4\"><div class=\"vc_column-inner\"><div class=\"wpb_wrapper\"><\/div><\/div><\/div><div class=\"wpb_column vc_column_container vc_col-sm-4\"><div class=\"vc_column-inner\"><div class=\"wpb_wrapper\"><h3 style=\"text-align: left\" class=\"vc_custom_heading vc_do_custom_heading\" >Entretien<\/h3>\n\t<div class=\"wpb_text_column wpb_content_element\" >\n\t\t<div class=\"wpb_wrapper\">\n\t\t\t<p>L&#039;argent finira par prendre de la couleur et devenir fonc\u00e9. Il s\u2019agit d\u2019un processus enti\u00e8rement naturel qui se produit lorsque l\u2019argent entre en contact avec l\u2019oxyg\u00e8ne, l\u2019acide et la sueur du corps. Vous pouvez facilement redonner un coup de jeune \u00e0 vos bijoux en argent. Placez-les dans un petit bol avec du savon doux et de l&#039;eau et frottez doucement avec un chiffon en coton doux.<\/p>\n<p>Pour nettoyer la turquoise, vous pouvez utiliser d\u00e9licatement un chiffon doux. Ne jamais frotter ni frotter fort. \u00c9vitez les produits chimiques, les parfums et les cr\u00e8mes car ils peuvent d\u00e9colorer la pierre.<\/p>\n\n\t\t<\/div>\n\t<\/div>\n<\/div><\/div><\/div><div class=\"wpb_column vc_column_container vc_col-sm-4\"><div class=\"vc_column-inner\"><div class=\"wpb_wrapper\"><h3 style=\"text-align: left\" class=\"vc_custom_heading vc_do_custom_heading\" >L&#039;histoire derri\u00e8re<\/h3>\n\t<div class=\"wpb_text_column wpb_content_element\" >\n\t\t<div class=\"wpb_wrapper\">\n\t\t\t<p><span style=\"font-weight: 400;\">Tiznit est une petite ville de la r\u00e9gion Souss-Massa situ\u00e9e sur la c\u00f4te ouest du Maroc. Les bijoux traditionnels marocains amazighs\/berb\u00e8res sont associ\u00e9s \u00e0 Tiznit car cette ville est connue pour ses ann\u00e9es de savoir-faire en mati\u00e8re de bijoux traditionnels en argent de haute qualit\u00e9 fabriqu\u00e9s \u00e0 la main par des artisans qualifi\u00e9s. Chaque bijou est le r\u00e9sultat d&#039;un savoir-faire d\u00e9di\u00e9 et chacun raconte une histoire, \u00e9tant un symbole du savoir-faire cr\u00e9atif et magnifique des cr\u00e9ateurs. Les bijoux repr\u00e9sentent non seulement le patrimoine culturel de la ville, mais tout le patrimoine culturel du Maroc ainsi que les traditions des Berb\u00e8res, transmises de g\u00e9n\u00e9ration en g\u00e9n\u00e9ration.\u00a0<\/span><\/p>\n<p><span style=\"font-weight: 400;\"><br \/>\n<\/span><b>Racontez votre histoire \u00e0 travers des bijoux<\/b><\/p>\n<p><span style=\"font-weight: 400;\">Un bijou peut contenir de nombreux souvenirs et raconter votre histoire personnelle, tandis que vous l&#039;emportez avec vous dans votre propre voyage et cr\u00e9ez des exp\u00e9riences belles et m\u00e9morables. Quand Tibladin part \u00e0 la chasse aux bijoux dans la ville marocaine de Tiznit, dont le c\u0153ur bat pour les bijoux,<\/span><\/p>\n<p><span style=\"font-weight: 400;\">nous s\u00e9lectionnons des bijoux dont le style varie et qui, \u00e0 leur mani\u00e8re charmante, combinent le design classique et historique que les Berb\u00e8res pr\u00e9f\u00e8rent avec \u00e9l\u00e9gance et intemporalit\u00e9.\u00a0<\/span><\/p>\n<p><br style=\"font-weight: 400;\" \/><\/p>\n\n\t\t<\/div>\n\t<\/div>\n<\/div><\/div><\/div><\/div>\n<\/div>","protected":false},"excerpt":{"rendered":"<p><b>Tirza est une bague en argent faite \u00e0 la main, orn\u00e9e d&#039;une pierre turquoise en forme de goutte, au design simple et \u00e9l\u00e9gant.<\/b><br \/>\nLa pierre arbore une magnifique couleur bleu clair vein\u00e9e de sombre, conf\u00e9rant \u00e0 chaque bague un caract\u00e8re unique. Sa forme en goutte d&#039;eau met en valeur sa beaut\u00e9 naturelle et permet d&#039;associer facilement la bague \u00e0 d&#039;autres bijoux, ou de la porter seule pour affirmer son style.<\/p>\n<p>Cette bague est fabriqu\u00e9e \u00e0 la main au Maroc selon des techniques traditionnelles et d\u00e9gage \u00e0 la fois un charme intemporel et une modernit\u00e9 ind\u00e9niable.<\/p>\n<p><i>Tirzah<\/i> moyens <i>agr\u00e9able, joie<\/i> \u2013 un nom qui correspond \u00e0 l&#039;\u00e9nergie pure et calme de la bague<\/p>\n<p>\u2727<b> Propri\u00e9t\u00e9s de la turquoise<\/b><\/p>\n<p>La turquoise est l&#039;une des pierres les plus appr\u00e9ci\u00e9es en Afrique du Nord et au Moyen-Orient \u2013 souvent port\u00e9e comme amulette porte-bonheur et protection.<br \/>\nOn dit qu&#039;il apporte :<\/p>\n<ul>\n<li><b>Protection<\/b> contre l&#039;\u00e9nergie n\u00e9gative<\/li>\n<li><b>Harmonie et \u00e9quilibre \u00e9motionnel<\/b><b><\/b><\/li>\n<li><b>Force en communication<\/b> \u2013 permet de parler avec le c\u0153ur<\/li>\n<li><b>Courage et clart\u00e9<\/b> dans les d\u00e9cisions<\/li>\n<li><b>paix int\u00e9rieure<\/b> et calme<\/li>\n<\/ul>\n<p>Dans la culture berb\u00e8re, la turquoise est consid\u00e9r\u00e9e comme une pierre qui relie le ciel et la terre \u2013 un symbole de v\u00e9rit\u00e9, de pouvoir et de protection.<\/p>\n<p>Taille de bague 54<\/p>","protected":false},"featured_media":41897,"template":"","meta":{"inline_featured_image":false},"product_brand":[],"product_cat":[165,162],"product_tag":[],"class_list":{"0":"post-41896","1":"product","2":"type-product","3":"status-publish","4":"has-post-thumbnail","6":"product_cat-ringe","7":"product_cat-smykker","9":"first","10":"instock","11":"taxable","12":"shipping-taxable","13":"purchasable","14":"product-type-simple"},"exclude_global_add_ons":[],"addons":[],"yoast_head":"<!-- This site is optimized with the Yoast SEO plugin v27.4 - https:\/\/yoast.com\/product\/yoast-seo-wordpress\/ -->\n<title>S\u00f8lvring | H\u00e5ndlavede marokkanske kreationer | Kun hos Tibladin<\/title>\n<meta name=\"description\" content=\"Smuk s\u00f8lvring med turkis sten h\u00e5ndlavet i Tiznit. Helt unikke kreationer til dig, der elsker at have autentiske smykker med en historie.\" \/>\n<meta name=\"robots\" content=\"index, follow, max-snippet:-1, max-image-preview:large, max-video-preview:-1\" \/>\n<link rel=\"canonical\" href=\"https:\/\/tibladin.dk\/fr\/produit-4\/bague-en-argent-tirza\/\" \/>\n<meta property=\"og:locale\" content=\"fr_FR\" \/>\n<meta property=\"og:type\" content=\"article\" \/>\n<meta property=\"og:title\" content=\"S\u00f8lvring | H\u00e5ndlavede marokkanske kreationer | Kun hos Tibladin\" \/>\n<meta property=\"og:description\" content=\"Smuk s\u00f8lvring med turkis sten h\u00e5ndlavet i Tiznit. Helt unikke kreationer til dig, der elsker at have autentiske smykker med en historie.\" \/>\n<meta property=\"og:url\" content=\"https:\/\/tibladin.dk\/fr\/produit-4\/bague-en-argent-tirza\/\" \/>\n<meta property=\"og:site_name\" content=\"Tibladin\" \/>\n<meta property=\"article:modified_time\" content=\"2026-03-06T19:51:56+00:00\" \/>\n<meta property=\"og:image\" content=\"https:\/\/tibladin.dk\/wp-content\/uploads\/2025\/11\/Tirza_1.jpg\" \/>\n\t<meta property=\"og:image:width\" content=\"800\" \/>\n\t<meta property=\"og:image:height\" content=\"800\" \/>\n\t<meta property=\"og:image:type\" content=\"image\/jpeg\" \/>\n<meta name=\"twitter:card\" content=\"summary_large_image\" \/>\n<meta name=\"twitter:label1\" content=\"Dur\u00e9e de lecture estim\u00e9e\" \/>\n\t<meta name=\"twitter:data1\" content=\"2 minutes\" \/>\n<script type=\"application\/ld+json\" class=\"yoast-schema-graph\">{\"@context\":\"https:\\\/\\\/schema.org\",\"@graph\":[{\"@type\":\"WebPage\",\"@id\":\"https:\\\/\\\/tibladin.dk\\\/produkt\\\/ring-i-soelv-tirza\\\/\",\"url\":\"https:\\\/\\\/tibladin.dk\\\/produkt\\\/ring-i-soelv-tirza\\\/\",\"name\":\"S\u00f8lvring | H\u00e5ndlavede marokkanske kreationer | Kun hos Tibladin\",\"isPartOf\":{\"@id\":\"https:\\\/\\\/tibladin.dk\\\/#website\"},\"primaryImageOfPage\":{\"@id\":\"https:\\\/\\\/tibladin.dk\\\/produkt\\\/ring-i-soelv-tirza\\\/#primaryimage\"},\"image\":{\"@id\":\"https:\\\/\\\/tibladin.dk\\\/produkt\\\/ring-i-soelv-tirza\\\/#primaryimage\"},\"thumbnailUrl\":\"https:\\\/\\\/tibladin.dk\\\/wp-content\\\/uploads\\\/2025\\\/11\\\/Tirza_1.jpg\",\"datePublished\":\"2025-11-21T11:07:11+00:00\",\"dateModified\":\"2026-03-06T19:51:56+00:00\",\"description\":\"Smuk s\u00f8lvring med turkis sten h\u00e5ndlavet i Tiznit. Helt unikke kreationer til dig, der elsker at have autentiske smykker med en historie.\",\"breadcrumb\":{\"@id\":\"https:\\\/\\\/tibladin.dk\\\/produkt\\\/ring-i-soelv-tirza\\\/#breadcrumb\"},\"inLanguage\":\"fr-FR\",\"potentialAction\":[{\"@type\":\"ReadAction\",\"target\":[\"https:\\\/\\\/tibladin.dk\\\/produkt\\\/ring-i-soelv-tirza\\\/\"]}]},{\"@type\":\"ImageObject\",\"inLanguage\":\"fr-FR\",\"@id\":\"https:\\\/\\\/tibladin.dk\\\/produkt\\\/ring-i-soelv-tirza\\\/#primaryimage\",\"url\":\"https:\\\/\\\/tibladin.dk\\\/wp-content\\\/uploads\\\/2025\\\/11\\\/Tirza_1.jpg\",\"contentUrl\":\"https:\\\/\\\/tibladin.dk\\\/wp-content\\\/uploads\\\/2025\\\/11\\\/Tirza_1.jpg\",\"width\":800,\"height\":800,\"caption\":\"Ring i turkis Tirza\"},{\"@type\":\"BreadcrumbList\",\"@id\":\"https:\\\/\\\/tibladin.dk\\\/produkt\\\/ring-i-soelv-tirza\\\/#breadcrumb\",\"itemListElement\":[{\"@type\":\"ListItem\",\"position\":1,\"name\":\"Hjem\",\"item\":\"https:\\\/\\\/tibladin.dk\\\/\"},{\"@type\":\"ListItem\",\"position\":2,\"name\":\"Shop\",\"item\":\"https:\\\/\\\/tibladin.dk\\\/shop\\\/\"},{\"@type\":\"ListItem\",\"position\":3,\"name\":\"Ring i s\u00f8lv &#8211; TIRZA\"}]},{\"@type\":\"WebSite\",\"@id\":\"https:\\\/\\\/tibladin.dk\\\/#website\",\"url\":\"https:\\\/\\\/tibladin.dk\\\/\",\"name\":\"Tibladin\",\"description\":\"Tibladin\",\"publisher\":{\"@id\":\"https:\\\/\\\/tibladin.dk\\\/#organization\"},\"potentialAction\":[{\"@type\":\"SearchAction\",\"target\":{\"@type\":\"EntryPoint\",\"urlTemplate\":\"https:\\\/\\\/tibladin.dk\\\/?s={search_term_string}\"},\"query-input\":{\"@type\":\"PropertyValueSpecification\",\"valueRequired\":true,\"valueName\":\"search_term_string\"}}],\"inLanguage\":\"fr-FR\"},{\"@type\":\"Organization\",\"@id\":\"https:\\\/\\\/tibladin.dk\\\/#organization\",\"name\":\"Tibladin\",\"url\":\"https:\\\/\\\/tibladin.dk\\\/\",\"logo\":{\"@type\":\"ImageObject\",\"inLanguage\":\"fr-FR\",\"@id\":\"https:\\\/\\\/tibladin.dk\\\/#\\\/schema\\\/logo\\\/image\\\/\",\"url\":\"https:\\\/\\\/tibladin.dk\\\/wp-content\\\/uploads\\\/2022\\\/09\\\/tibladin_logo.svg\",\"contentUrl\":\"https:\\\/\\\/tibladin.dk\\\/wp-content\\\/uploads\\\/2022\\\/09\\\/tibladin_logo.svg\",\"caption\":\"Tibladin\"},\"image\":{\"@id\":\"https:\\\/\\\/tibladin.dk\\\/#\\\/schema\\\/logo\\\/image\\\/\"}}]}<\/script>\n<!-- \/ Yoast SEO plugin. -->","yoast_head_json":{"title":"Bague en argent | Cr\u00e9ations marocaines faites \u00e0 la main | Uniquement chez Tibladin","description":"Belle bague en argent avec pierre turquoise fabriqu\u00e9e \u00e0 la main \u00e0 Tiznit. Des cr\u00e9ations totalement uniques pour ceux d&#039;entre vous qui aiment avoir des bijoux authentiques avec une histoire.","robots":{"index":"index","follow":"follow","max-snippet":"max-snippet:-1","max-image-preview":"max-image-preview:large","max-video-preview":"max-video-preview:-1"},"canonical":"https:\/\/tibladin.dk\/fr\/produit-4\/bague-en-argent-tirza\/","og_locale":"fr_FR","og_type":"article","og_title":"S\u00f8lvring | H\u00e5ndlavede marokkanske kreationer | Kun hos Tibladin","og_description":"Smuk s\u00f8lvring med turkis sten h\u00e5ndlavet i Tiznit. Helt unikke kreationer til dig, der elsker at have autentiske smykker med en historie.","og_url":"https:\/\/tibladin.dk\/fr\/produit-4\/bague-en-argent-tirza\/","og_site_name":"Tibladin","article_modified_time":"2026-03-06T19:51:56+00:00","og_image":[{"width":800,"height":800,"url":"https:\/\/tibladin.dk\/wp-content\/uploads\/2025\/11\/Tirza_1.jpg","type":"image\/jpeg"}],"twitter_card":"summary_large_image","twitter_misc":{"Dur\u00e9e de lecture estim\u00e9e":"2 minutes"},"schema":{"@context":"https:\/\/schema.org","@graph":[{"@type":"WebPage","@id":"https:\/\/tibladin.dk\/produkt\/ring-i-soelv-tirza\/","url":"https:\/\/tibladin.dk\/produkt\/ring-i-soelv-tirza\/","name":"Bague en argent | Cr\u00e9ations marocaines faites \u00e0 la main | Uniquement chez Tibladin","isPartOf":{"@id":"https:\/\/tibladin.dk\/#website"},"primaryImageOfPage":{"@id":"https:\/\/tibladin.dk\/produkt\/ring-i-soelv-tirza\/#primaryimage"},"image":{"@id":"https:\/\/tibladin.dk\/produkt\/ring-i-soelv-tirza\/#primaryimage"},"thumbnailUrl":"https:\/\/tibladin.dk\/wp-content\/uploads\/2025\/11\/Tirza_1.jpg","datePublished":"2025-11-21T11:07:11+00:00","dateModified":"2026-03-06T19:51:56+00:00","description":"Belle bague en argent avec pierre turquoise fabriqu\u00e9e \u00e0 la main \u00e0 Tiznit. Des cr\u00e9ations totalement uniques pour ceux d&#039;entre vous qui aiment avoir des bijoux authentiques avec une histoire.","breadcrumb":{"@id":"https:\/\/tibladin.dk\/produkt\/ring-i-soelv-tirza\/#breadcrumb"},"inLanguage":"fr-FR","potentialAction":[{"@type":"ReadAction","target":["https:\/\/tibladin.dk\/produkt\/ring-i-soelv-tirza\/"]}]},{"@type":"ImageObject","inLanguage":"fr-FR","@id":"https:\/\/tibladin.dk\/produkt\/ring-i-soelv-tirza\/#primaryimage","url":"https:\/\/tibladin.dk\/wp-content\/uploads\/2025\/11\/Tirza_1.jpg","contentUrl":"https:\/\/tibladin.dk\/wp-content\/uploads\/2025\/11\/Tirza_1.jpg","width":800,"height":800,"caption":"Ring i turkis Tirza"},{"@type":"BreadcrumbList","@id":"https:\/\/tibladin.dk\/produkt\/ring-i-soelv-tirza\/#breadcrumb","itemListElement":[{"@type":"ListItem","position":1,"name":"Hjem","item":"https:\/\/tibladin.dk\/"},{"@type":"ListItem","position":2,"name":"Shop","item":"https:\/\/tibladin.dk\/shop\/"},{"@type":"ListItem","position":3,"name":"Ring i s\u00f8lv &#8211; TIRZA"}]},{"@type":"WebSite","@id":"https:\/\/tibladin.dk\/#website","url":"https:\/\/tibladin.dk\/","name":"Tibladin","description":"Tibladin","publisher":{"@id":"https:\/\/tibladin.dk\/#organization"},"potentialAction":[{"@type":"SearchAction","target":{"@type":"EntryPoint","urlTemplate":"https:\/\/tibladin.dk\/?s={search_term_string}"},"query-input":{"@type":"PropertyValueSpecification","valueRequired":true,"valueName":"search_term_string"}}],"inLanguage":"fr-FR"},{"@type":"Organization","@id":"https:\/\/tibladin.dk\/#organization","name":"Tibladin","url":"https:\/\/tibladin.dk\/","logo":{"@type":"ImageObject","inLanguage":"fr-FR","@id":"https:\/\/tibladin.dk\/#\/schema\/logo\/image\/","url":"https:\/\/tibladin.dk\/wp-content\/uploads\/2022\/09\/tibladin_logo.svg","contentUrl":"https:\/\/tibladin.dk\/wp-content\/uploads\/2022\/09\/tibladin_logo.svg","caption":"Tibladin"},"image":{"@id":"https:\/\/tibladin.dk\/#\/schema\/logo\/image\/"}}]}},"_links":{"self":[{"href":"https:\/\/tibladin.dk\/fr\/wp-json\/wp\/v2\/product\/41896","targetHints":{"allow":["GET"]}}],"collection":[{"href":"https:\/\/tibladin.dk\/fr\/wp-json\/wp\/v2\/product"}],"about":[{"href":"https:\/\/tibladin.dk\/fr\/wp-json\/wp\/v2\/types\/product"}],"wp:featuredmedia":[{"embeddable":true,"href":"https:\/\/tibladin.dk\/fr\/wp-json\/wp\/v2\/media\/41897"}],"wp:attachment":[{"href":"https:\/\/tibladin.dk\/fr\/wp-json\/wp\/v2\/media?parent=41896"}],"wp:term":[{"taxonomy":"product_brand","embeddable":true,"href":"https:\/\/tibladin.dk\/fr\/wp-json\/wp\/v2\/product_brand?post=41896"},{"taxonomy":"product_cat","embeddable":true,"href":"https:\/\/tibladin.dk\/fr\/wp-json\/wp\/v2\/product_cat?post=41896"},{"taxonomy":"product_tag","embeddable":true,"href":"https:\/\/tibladin.dk\/fr\/wp-json\/wp\/v2\/product_tag?post=41896"}],"curies":[{"name":"wp","href":"https:\/\/api.w.org\/{rel}","templated":true}]}}