{"id":42224,"date":"2025-12-03T16:34:12","date_gmt":"2025-12-03T15:34:12","guid":{"rendered":"https:\/\/tibladin.dk\/?post_type=product&#038;p=42224"},"modified":"2026-02-06T18:48:28","modified_gmt":"2026-02-06T17:48:28","slug":"tapis-berbere-vintage-165x245-cm-ayla","status":"publish","type":"product","link":"https:\/\/tibladin.dk\/fr\/produkt\/berbertaeppe-vintage-165x245-cm-ayla\/","title":{"rendered":"Tapis berb\u00e8re vintage 165\u00d7245 cm. \u2013 AYLA"},"content":{"rendered":"<div class=\"wpb-content-wrapper\"><div class=\"vc_row wpb_row vc_row-fluid\"><div class=\"wpb_column vc_column_container vc_col-sm-12\"><div class=\"vc_column-inner\"><div class=\"wpb_wrapper\">\n\t<div class=\"wpb_text_column wpb_content_element\" >\n\t\t<div class=\"wpb_wrapper\">\n\t\t\t<p>!<\/p>\n\n\t\t<\/div>\n\t<\/div>\n<\/div><\/div><\/div><\/div><div class=\"vc_row wpb_row vc_row-fluid\"><div class=\"wpb_column vc_column_container vc_col-sm-4\"><div class=\"vc_column-inner\"><div class=\"wpb_wrapper\"><\/div><\/div><\/div><div class=\"wpb_column vc_column_container vc_col-sm-4\"><div class=\"vc_column-inner\"><div class=\"wpb_wrapper\"><h3 style=\"text-align: left\" class=\"vc_custom_heading vc_do_custom_heading\" >Entretien des tapis TAZNAKT<\/h3>\n\t<div class=\"wpb_text_column wpb_content_element\" >\n\t\t<div class=\"wpb_wrapper\">\n\t\t\t<h2 data-start=\"187\" data-end=\"209\"><strong data-start=\"193\" data-end=\"209\">Soins quotidiens<\/strong><\/h2>\n<ul data-start=\"210\" data-end=\"513\">\n<li data-start=\"210\" data-end=\"332\">\n<p data-start=\"212\" data-end=\"332\">Passez l&#039;aspirateur r\u00e9guli\u00e8rement \u2013 mais sans brosse rotative (uniquement un suceur ou une aspiration douce) pour que la laine ne s&#039;use pas inutilement.<\/p>\n<\/li>\n<li data-start=\"333\" data-end=\"411\">\n<p data-start=\"335\" data-end=\"411\">Retournez le tapis de temps en temps afin que l&#039;usure soit r\u00e9partie et que les couleurs s&#039;estompent uniform\u00e9ment.<\/p>\n<\/li>\n<li data-start=\"412\" data-end=\"513\">\n<p data-start=\"414\" data-end=\"513\">Secouez le tapis \u00e0 l\u2019ext\u00e9rieur plusieurs fois par an \u2013 cela d\u00e9tache la poussi\u00e8re et les grains de sable qui se cachent dans les fibres.<\/p>\n<\/li>\n<\/ul>\n<h2 data-start=\"520\" data-end=\"542\"><strong data-start=\"526\" data-end=\"542\">D\u00e9tachage<\/strong><\/h2>\n<ul data-start=\"543\" data-end=\"781\">\n<li data-start=\"543\" data-end=\"613\">\n<p data-start=\"545\" data-end=\"613\">Essuyez toujours imm\u00e9diatement les d\u00e9versements avec un chiffon blanc et propre \u2013 tamponnez, ne frottez pas.<\/p>\n<\/li>\n<li data-start=\"614\" data-end=\"710\">\n<p data-start=\"616\" data-end=\"710\">Utilisez de l&#039;eau ti\u00e8de avec un peu de savon neutre (par exemple du shampoing pour laine ou des paillettes de savon) sur les petites taches.<\/p>\n<\/li>\n<li data-start=\"711\" data-end=\"781\">\n<p data-start=\"713\" data-end=\"781\">\u00c9vitez les nettoyants chimiques car ils peuvent ruiner les couleurs des plantes.<\/p>\n<\/li>\n<\/ul>\n<h2 data-start=\"788\" data-end=\"814\"><strong data-start=\"794\" data-end=\"814\">Nettoyage en profondeur<\/strong><\/h2>\n<ul data-start=\"815\" data-end=\"1109\">\n<li data-start=\"815\" data-end=\"971\">\n<p data-start=\"817\" data-end=\"971\">Nettoyez d\u00e9licatement le tapis \u00e0 l&#039;eau froide avec un savon doux pour laine si n\u00e9cessaire. Laissez-le s\u00e9cher \u00e0 plat \u00e0 l&#039;ombre, jamais en plein soleil (ce qui pourrait d\u00e9colorer les couleurs).<\/p>\n<\/li>\n<li data-start=\"972\" data-end=\"1109\">\n<p data-start=\"974\" data-end=\"1109\">Le nettoyage professionnel est uniquement recommand\u00e9 aux personnes ayant de l&#039;exp\u00e9rience avec les v\u00e9ritables tapis vintage - un nettoyage r\u00e9gulier des tapis peut ab\u00eemer la laine et les couleurs.<\/p>\n<\/li>\n<\/ul>\n\n\t\t<\/div>\n\t<\/div>\n<\/div><\/div><\/div><div class=\"wpb_column vc_column_container vc_col-sm-4\"><div class=\"vc_column-inner\"><div class=\"wpb_wrapper\"><h3 style=\"text-align: left\" class=\"vc_custom_heading vc_do_custom_heading\" >L&#039;histoire derri\u00e8re les tapis TAZNAKT<\/h3>\n\t<div class=\"wpb_text_column wpb_content_element\" >\n\t\t<div class=\"wpb_wrapper\">\n\t\t\t<h2 data-start=\"157\" data-end=\"199\"><strong data-start=\"163\" data-end=\"197\">L&#039;origine des tapis de Taznakht<\/strong><\/h2>\n<ul data-start=\"200\" data-end=\"663\">\n<li data-start=\"200\" data-end=\"319\">\n<p data-start=\"202\" data-end=\"319\"><strong data-start=\"202\" data-end=\"215\">G\u00e9ographie:<\/strong> Taznakht est situ\u00e9 \u00e0 <strong data-start=\"234\" data-end=\"253\">sud du Maroc<\/strong>, entre Ouarzazate et le Sahara, au pied des montagnes de l&#039;Anti-Atlas.<\/p>\n<\/li>\n<li data-start=\"320\" data-end=\"535\">\n<p data-start=\"322\" data-end=\"535\"><strong data-start=\"322\" data-end=\"335\">Histoire:<\/strong> La r\u00e9gion est depuis des si\u00e8cles un important centre de tissage, o\u00f9 les femmes berb\u00e8res ont cr\u00e9\u00e9 des tapis combinant plusieurs techniques de tissage : <strong data-start=\"464\" data-end=\"532\">tissage \u00e0 plat (Kelim), tapis nou\u00e9s et d\u00e9tails de type broderie<\/strong>.<\/p>\n<\/li>\n<li data-start=\"536\" data-end=\"663\">\n<p data-start=\"538\" data-end=\"663\"><strong data-start=\"538\" data-end=\"550\">Tribus:<\/strong> Les tapis sont reli\u00e9s \u00e0 <strong data-start=\"574\" data-end=\"601\">tribu A\u00eft Ouaouzguite<\/strong>, connu pour ses tapis raffin\u00e9s et satur\u00e9s de couleurs.<\/p>\n<\/li>\n<\/ul>\n<hr data-start=\"665\" data-end=\"668\" \/>\n<h2 data-start=\"670\" data-end=\"719\"><strong data-start=\"676\" data-end=\"717\">Caract\u00e9ristiques des tapis vintage Taznakht<\/strong><\/h2>\n<ul data-start=\"720\" data-end=\"1394\">\n<li data-start=\"720\" data-end=\"934\">\n<p data-start=\"722\" data-end=\"934\"><strong data-start=\"722\" data-end=\"733\">Couleurs:<\/strong> Les colorants naturels issus de plantes, de min\u00e9raux et de racines \u2013 comme le safran (jaune), le henn\u00e9 (orange), l\u2019indigo (bleu) et l\u2019\u00e9corce de grenade (rouge) \u2013 offrent une palette de couleurs chaudes et intenses qui s\u2019estompent magnifiquement avec le temps.<\/p>\n<\/li>\n<li data-start=\"935\" data-end=\"1193\">\n<p data-start=\"937\" data-end=\"1046\"><strong data-start=\"937\" data-end=\"949\">Motifs:<\/strong> Tr\u00e8s d\u00e9taill\u00e9s et souvent plus raffin\u00e9s que les autres tapis berb\u00e8res, ils pr\u00e9sentent des motifs typiques\u00a0:<\/p>\n<ul data-start=\"1049\" data-end=\"1193\">\n<li data-start=\"1049\" data-end=\"1084\">\n<p data-start=\"1051\" data-end=\"1084\">R\u00e9p\u00e9t\u00e9 <strong data-start=\"1060\" data-end=\"1082\">losanges et \u00e9toiles<\/strong><\/p>\n<\/li>\n<li data-start=\"1087\" data-end=\"1141\">\n<p data-start=\"1089\" data-end=\"1141\"><strong data-start=\"1089\" data-end=\"1108\">Symboles tribaux<\/strong> qui prot\u00e8ge du mauvais \u0153il<\/p>\n<\/li>\n<li data-start=\"1144\" data-end=\"1193\">\n<p data-start=\"1146\" data-end=\"1193\">Bordures \u00e0 petits motifs qui encadrent le tapis<\/p>\n<\/li>\n<\/ul>\n<\/li>\n<li data-start=\"1194\" data-end=\"1394\">\n<p data-start=\"1196\" data-end=\"1394\"><strong data-start=\"1196\" data-end=\"1207\">Technique:<\/strong> Taznakht est sp\u00e9cial car les tapis combinent souvent <strong data-start=\"1260\" data-end=\"1288\">trois techniques dans une seule couverture<\/strong>: poils nou\u00e9s, surfaces kilim et motifs rappelant la broderie. Cela les rend plus complexes que, par exemple, le Beni Ourain.<\/p>\n<\/li>\n<\/ul>\n<hr data-start=\"1396\" data-end=\"1399\" \/>\n<h2 data-start=\"1401\" data-end=\"1432\"><strong data-start=\"1407\" data-end=\"1430\">Raret\u00e9 et valeur<\/strong><\/h2>\n<ul data-start=\"1433\" data-end=\"2095\">\n<li data-start=\"1433\" data-end=\"1614\">\n<p data-start=\"1435\" data-end=\"1614\"><strong data-start=\"1435\" data-end=\"1462\">Tapis vintage Taznakht<\/strong> (des ann\u00e9es 1950-1970) sont tr\u00e8s rares aujourd&#039;hui, car la production \u00e0 l&#039;\u00e9poque \u00e9tait limit\u00e9e \u00e0 de petits villages et chaque tapis pouvait prendre des mois \u00e0 tisser.<\/p>\n<\/li>\n<li data-start=\"1615\" data-end=\"1788\">\n<p data-start=\"1617\" data-end=\"1788\">Contrairement aux tapis Beni Ouarain et Azilal, qui ont \u00e9t\u00e9 produits en masse pour l&#039;exportation, les v\u00e9ritables tapis Taznakht sont <strong data-start=\"1725\" data-end=\"1746\">plus de niche<\/strong> et sont donc moins courants sur le march\u00e9.<\/p>\n<\/li>\n<li data-start=\"1789\" data-end=\"1972\">\n<p data-start=\"1791\" data-end=\"1972\">Leur combinaison particuli\u00e8re de techniques de tissage et de couleurs riches en fait aujourd&#039;hui <strong data-start=\"1867\" data-end=\"1899\">objets de collection recherch\u00e9s<\/strong> \u2013 en particulier les tapis qui ont conserv\u00e9 leurs couleurs v\u00e9g\u00e9tales d\u2019origine.<\/p>\n<\/li>\n<li data-start=\"1973\" data-end=\"2095\">\n<p data-start=\"1975\" data-end=\"2095\">De nombreux experts et collectionneurs consid\u00e8rent Taznakht comme l&#039;un des <strong data-start=\"2035\" data-end=\"2092\">les tapis les plus sophistiqu\u00e9s et les plus artistiques du Maroc<\/strong>.<\/p>\n<\/li>\n<\/ul>\n<hr data-start=\"2097\" data-end=\"2100\" \/>\n\n\t\t<\/div>\n\t<\/div>\n<\/div><\/div><\/div><\/div>\n<\/div>","protected":false},"excerpt":{"rendered":"<p data-start=\"153\" data-end=\"416\"><em data-start=\"153\" data-end=\"159\">Ayla<\/em> Il s&#039;agit d&#039;un rare tapis ancien, d\u00e9lav\u00e9 par le soleil, provenant de la r\u00e9gion de Taznakht, au sud du Maroc. Magnifique pi\u00e8ce historique nou\u00e9e \u00e0 la main, elle pr\u00e9sente un fond couleur sable apaisant et les motifs en losange caract\u00e9ristiques qui, dans la culture berb\u00e8re, symbolisent la protection et les forces f\u00e9minines.<\/p>\n<p data-start=\"418\" data-end=\"689\">La laine dense, les motifs subtils et la patine naturelle conf\u00e8rent au tapis un aspect doux et chaleureux, comme s&#039;il avait \u00e9t\u00e9 fa\u00e7onn\u00e9 par le soleil pendant des d\u00e9cennies. On distingue sur les bords la bordure noire d&#039;origine et les larges bandes tiss\u00e9es en haut et en bas, caract\u00e9ristiques des tapis Taznakht anciens.<\/p>\n<p data-start=\"691\" data-end=\"879\"><em data-start=\"691\" data-end=\"697\">Ayla<\/em> Cette pi\u00e8ce unique apporte calme et chaleur \u00e0 n&#039;importe quelle pi\u00e8ce. Id\u00e9ale pour le salon, la chambre ou un coin cosy o\u00f9 vous souhaitez une ambiance vintage authentique et discr\u00e8te.<\/p>\n<h3 data-start=\"881\" data-end=\"897\"><strong data-start=\"885\" data-end=\"897\">D\u00e9tails<\/strong><\/h3>\n<ul data-start=\"898\" data-end=\"1025\">\n<li data-start=\"898\" data-end=\"931\">\n<p data-start=\"900\" data-end=\"931\">Origine : Taznakht, Maroc<\/p>\n<\/li>\n<li data-start=\"932\" data-end=\"955\">\n<p data-start=\"934\" data-end=\"955\">Mati\u00e8re : laine 100%<\/p>\n<\/li>\n<li data-start=\"956\" data-end=\"987\">\n<p data-start=\"958\" data-end=\"987\">Nou\u00e9 \u00e0 la main, patine vintage<\/p>\n<\/li>\n<li data-start=\"988\" data-end=\"1025\">\n<p data-start=\"990\" data-end=\"1025\">Unique \u2013 disponible en un seul exemplaire<\/p>\n<\/li>\n<\/ul>\n<p data-start=\"158\" data-end=\"370\"><strong data-start=\"2119\" data-end=\"2146\">Tapis vintage Taznakht<\/strong> Les tapis du sud du Maroc se caract\u00e9risent par leurs couleurs naturelles intenses, leurs techniques de tissage complexes et leurs motifs symboliques. Beaucoup plus rares que de nombreux autres tapis marocains, ils sont particuli\u00e8rement recherch\u00e9s par les collectionneurs et les amateurs de d\u00e9coration int\u00e9rieure en qu\u00eate d&#039;originalit\u00e9 et d&#039;authenticit\u00e9.<\/p>","protected":false},"featured_media":42213,"template":"","meta":{"inline_featured_image":false},"product_brand":[],"product_cat":[143,59],"product_tag":[],"class_list":{"0":"post-42224","1":"product","2":"type-product","3":"status-publish","4":"has-post-thumbnail","6":"product_cat-berbertaepper","7":"product_cat-marokkanske-taepper","9":"first","10":"instock","11":"taxable","12":"shipping-taxable","13":"purchasable","14":"product-type-simple"},"exclude_global_add_ons":[],"addons":[],"yoast_head":"<!-- This site is optimized with the Yoast SEO plugin v27.5 - https:\/\/yoast.com\/product\/yoast-seo-wordpress\/ -->\n<title>Berbert\u00e6ppe | Marokkansk t\u00e6ppe | Kig her lige nu!<\/title>\n<meta name=\"description\" content=\"\u00c6gte Vintage Berbert\u00e6ppe i slidte gule nuancer. Regul\u00e6r st\u00f8rrelse som passer fint til et sofahj\u00f8rne. Helt unikt og kun hos Tibladin.\" \/>\n<meta name=\"robots\" content=\"index, follow, max-snippet:-1, max-image-preview:large, max-video-preview:-1\" \/>\n<link rel=\"canonical\" href=\"https:\/\/tibladin.dk\/fr\/produit-4\/tapis-berbere-vintage-165x245-cm-ayla\/\" \/>\n<meta property=\"og:locale\" content=\"fr_FR\" \/>\n<meta property=\"og:type\" content=\"article\" \/>\n<meta property=\"og:title\" content=\"Berbert\u00e6ppe | Marokkansk t\u00e6ppe | Kig her lige nu!\" \/>\n<meta property=\"og:description\" content=\"\u00c6gte Vintage Berbert\u00e6ppe i slidte gule nuancer. Regul\u00e6r st\u00f8rrelse som passer fint til et sofahj\u00f8rne. Helt unikt og kun hos Tibladin.\" \/>\n<meta property=\"og:url\" content=\"https:\/\/tibladin.dk\/fr\/produit-4\/tapis-berbere-vintage-165x245-cm-ayla\/\" \/>\n<meta property=\"og:site_name\" content=\"Tibladin\" \/>\n<meta property=\"article:modified_time\" content=\"2026-02-06T17:48:28+00:00\" \/>\n<meta property=\"og:image\" content=\"https:\/\/tibladin.dk\/wp-content\/uploads\/2025\/12\/Ayla-vintage-taeppe_5.jpg\" \/>\n\t<meta property=\"og:image:width\" content=\"800\" \/>\n\t<meta property=\"og:image:height\" content=\"800\" \/>\n\t<meta property=\"og:image:type\" content=\"image\/jpeg\" \/>\n<meta name=\"twitter:card\" content=\"summary_large_image\" \/>\n<meta name=\"twitter:label1\" content=\"Dur\u00e9e de lecture estim\u00e9e\" \/>\n\t<meta name=\"twitter:data1\" content=\"3 minutes\" \/>\n<script type=\"application\/ld+json\" class=\"yoast-schema-graph\">{\"@context\":\"https:\\\/\\\/schema.org\",\"@graph\":[{\"@type\":\"WebPage\",\"@id\":\"https:\\\/\\\/tibladin.dk\\\/produkt\\\/berbertaeppe-vintage-165x245-cm-ayla\\\/\",\"url\":\"https:\\\/\\\/tibladin.dk\\\/produkt\\\/berbertaeppe-vintage-165x245-cm-ayla\\\/\",\"name\":\"Berbert\u00e6ppe | Marokkansk t\u00e6ppe | Kig her lige nu!\",\"isPartOf\":{\"@id\":\"https:\\\/\\\/tibladin.dk\\\/#website\"},\"primaryImageOfPage\":{\"@id\":\"https:\\\/\\\/tibladin.dk\\\/produkt\\\/berbertaeppe-vintage-165x245-cm-ayla\\\/#primaryimage\"},\"image\":{\"@id\":\"https:\\\/\\\/tibladin.dk\\\/produkt\\\/berbertaeppe-vintage-165x245-cm-ayla\\\/#primaryimage\"},\"thumbnailUrl\":\"https:\\\/\\\/tibladin.dk\\\/wp-content\\\/uploads\\\/2025\\\/12\\\/Ayla-vintage-taeppe_5.jpg\",\"datePublished\":\"2025-12-03T15:34:12+00:00\",\"dateModified\":\"2026-02-06T17:48:28+00:00\",\"description\":\"\u00c6gte Vintage Berbert\u00e6ppe i slidte gule nuancer. Regul\u00e6r st\u00f8rrelse som passer fint til et sofahj\u00f8rne. Helt unikt og kun hos Tibladin.\",\"breadcrumb\":{\"@id\":\"https:\\\/\\\/tibladin.dk\\\/produkt\\\/berbertaeppe-vintage-165x245-cm-ayla\\\/#breadcrumb\"},\"inLanguage\":\"fr-FR\",\"potentialAction\":[{\"@type\":\"ReadAction\",\"target\":[\"https:\\\/\\\/tibladin.dk\\\/produkt\\\/berbertaeppe-vintage-165x245-cm-ayla\\\/\"]}]},{\"@type\":\"ImageObject\",\"inLanguage\":\"fr-FR\",\"@id\":\"https:\\\/\\\/tibladin.dk\\\/produkt\\\/berbertaeppe-vintage-165x245-cm-ayla\\\/#primaryimage\",\"url\":\"https:\\\/\\\/tibladin.dk\\\/wp-content\\\/uploads\\\/2025\\\/12\\\/Ayla-vintage-taeppe_5.jpg\",\"contentUrl\":\"https:\\\/\\\/tibladin.dk\\\/wp-content\\\/uploads\\\/2025\\\/12\\\/Ayla-vintage-taeppe_5.jpg\",\"width\":800,\"height\":800,\"caption\":\"ayla vintage t\u00e6ppe\"},{\"@type\":\"BreadcrumbList\",\"@id\":\"https:\\\/\\\/tibladin.dk\\\/produkt\\\/berbertaeppe-vintage-165x245-cm-ayla\\\/#breadcrumb\",\"itemListElement\":[{\"@type\":\"ListItem\",\"position\":1,\"name\":\"Hjem\",\"item\":\"https:\\\/\\\/tibladin.dk\\\/\"},{\"@type\":\"ListItem\",\"position\":2,\"name\":\"Shop\",\"item\":\"https:\\\/\\\/tibladin.dk\\\/shop\\\/\"},{\"@type\":\"ListItem\",\"position\":3,\"name\":\"Berbert\u00e6ppe vintage 165&#215;245 cm. &#8211; AYLA\"}]},{\"@type\":\"WebSite\",\"@id\":\"https:\\\/\\\/tibladin.dk\\\/#website\",\"url\":\"https:\\\/\\\/tibladin.dk\\\/\",\"name\":\"Tibladin\",\"description\":\"Tibladin\",\"publisher\":{\"@id\":\"https:\\\/\\\/tibladin.dk\\\/#organization\"},\"potentialAction\":[{\"@type\":\"SearchAction\",\"target\":{\"@type\":\"EntryPoint\",\"urlTemplate\":\"https:\\\/\\\/tibladin.dk\\\/?s={search_term_string}\"},\"query-input\":{\"@type\":\"PropertyValueSpecification\",\"valueRequired\":true,\"valueName\":\"search_term_string\"}}],\"inLanguage\":\"fr-FR\"},{\"@type\":\"Organization\",\"@id\":\"https:\\\/\\\/tibladin.dk\\\/#organization\",\"name\":\"Tibladin\",\"url\":\"https:\\\/\\\/tibladin.dk\\\/\",\"logo\":{\"@type\":\"ImageObject\",\"inLanguage\":\"fr-FR\",\"@id\":\"https:\\\/\\\/tibladin.dk\\\/#\\\/schema\\\/logo\\\/image\\\/\",\"url\":\"https:\\\/\\\/tibladin.dk\\\/wp-content\\\/uploads\\\/2022\\\/09\\\/tibladin_logo.svg\",\"contentUrl\":\"https:\\\/\\\/tibladin.dk\\\/wp-content\\\/uploads\\\/2022\\\/09\\\/tibladin_logo.svg\",\"caption\":\"Tibladin\"},\"image\":{\"@id\":\"https:\\\/\\\/tibladin.dk\\\/#\\\/schema\\\/logo\\\/image\\\/\"}}]}<\/script>\n<!-- \/ Yoast SEO plugin. -->","yoast_head_json":{"title":"Tapis berb\u00e8re | Tapis marocain | Regardez ici maintenant\u00a0!","description":"V\u00e9ritable tapis berb\u00e8re vintage aux tons jaunes us\u00e9s. Format standard, il trouvera parfaitement sa place dans un coin canap\u00e9. Unique et exclusif chez Tibladin.","robots":{"index":"index","follow":"follow","max-snippet":"max-snippet:-1","max-image-preview":"max-image-preview:large","max-video-preview":"max-video-preview:-1"},"canonical":"https:\/\/tibladin.dk\/fr\/produit-4\/tapis-berbere-vintage-165x245-cm-ayla\/","og_locale":"fr_FR","og_type":"article","og_title":"Berbert\u00e6ppe | Marokkansk t\u00e6ppe | Kig her lige nu!","og_description":"\u00c6gte Vintage Berbert\u00e6ppe i slidte gule nuancer. Regul\u00e6r st\u00f8rrelse som passer fint til et sofahj\u00f8rne. Helt unikt og kun hos Tibladin.","og_url":"https:\/\/tibladin.dk\/fr\/produit-4\/tapis-berbere-vintage-165x245-cm-ayla\/","og_site_name":"Tibladin","article_modified_time":"2026-02-06T17:48:28+00:00","og_image":[{"width":800,"height":800,"url":"https:\/\/tibladin.dk\/wp-content\/uploads\/2025\/12\/Ayla-vintage-taeppe_5.jpg","type":"image\/jpeg"}],"twitter_card":"summary_large_image","twitter_misc":{"Dur\u00e9e de lecture estim\u00e9e":"3 minutes"},"schema":{"@context":"https:\/\/schema.org","@graph":[{"@type":"WebPage","@id":"https:\/\/tibladin.dk\/produkt\/berbertaeppe-vintage-165x245-cm-ayla\/","url":"https:\/\/tibladin.dk\/produkt\/berbertaeppe-vintage-165x245-cm-ayla\/","name":"Tapis berb\u00e8re | Tapis marocain | Regardez ici maintenant\u00a0!","isPartOf":{"@id":"https:\/\/tibladin.dk\/#website"},"primaryImageOfPage":{"@id":"https:\/\/tibladin.dk\/produkt\/berbertaeppe-vintage-165x245-cm-ayla\/#primaryimage"},"image":{"@id":"https:\/\/tibladin.dk\/produkt\/berbertaeppe-vintage-165x245-cm-ayla\/#primaryimage"},"thumbnailUrl":"https:\/\/tibladin.dk\/wp-content\/uploads\/2025\/12\/Ayla-vintage-taeppe_5.jpg","datePublished":"2025-12-03T15:34:12+00:00","dateModified":"2026-02-06T17:48:28+00:00","description":"V\u00e9ritable tapis berb\u00e8re vintage aux tons jaunes us\u00e9s. Format standard, il trouvera parfaitement sa place dans un coin canap\u00e9. Unique et exclusif chez Tibladin.","breadcrumb":{"@id":"https:\/\/tibladin.dk\/produkt\/berbertaeppe-vintage-165x245-cm-ayla\/#breadcrumb"},"inLanguage":"fr-FR","potentialAction":[{"@type":"ReadAction","target":["https:\/\/tibladin.dk\/produkt\/berbertaeppe-vintage-165x245-cm-ayla\/"]}]},{"@type":"ImageObject","inLanguage":"fr-FR","@id":"https:\/\/tibladin.dk\/produkt\/berbertaeppe-vintage-165x245-cm-ayla\/#primaryimage","url":"https:\/\/tibladin.dk\/wp-content\/uploads\/2025\/12\/Ayla-vintage-taeppe_5.jpg","contentUrl":"https:\/\/tibladin.dk\/wp-content\/uploads\/2025\/12\/Ayla-vintage-taeppe_5.jpg","width":800,"height":800,"caption":"ayla vintage t\u00e6ppe"},{"@type":"BreadcrumbList","@id":"https:\/\/tibladin.dk\/produkt\/berbertaeppe-vintage-165x245-cm-ayla\/#breadcrumb","itemListElement":[{"@type":"ListItem","position":1,"name":"Hjem","item":"https:\/\/tibladin.dk\/"},{"@type":"ListItem","position":2,"name":"Shop","item":"https:\/\/tibladin.dk\/shop\/"},{"@type":"ListItem","position":3,"name":"Berbert\u00e6ppe vintage 165&#215;245 cm. &#8211; AYLA"}]},{"@type":"WebSite","@id":"https:\/\/tibladin.dk\/#website","url":"https:\/\/tibladin.dk\/","name":"Tibladin","description":"Tibladin","publisher":{"@id":"https:\/\/tibladin.dk\/#organization"},"potentialAction":[{"@type":"SearchAction","target":{"@type":"EntryPoint","urlTemplate":"https:\/\/tibladin.dk\/?s={search_term_string}"},"query-input":{"@type":"PropertyValueSpecification","valueRequired":true,"valueName":"search_term_string"}}],"inLanguage":"fr-FR"},{"@type":"Organization","@id":"https:\/\/tibladin.dk\/#organization","name":"Tibladin","url":"https:\/\/tibladin.dk\/","logo":{"@type":"ImageObject","inLanguage":"fr-FR","@id":"https:\/\/tibladin.dk\/#\/schema\/logo\/image\/","url":"https:\/\/tibladin.dk\/wp-content\/uploads\/2022\/09\/tibladin_logo.svg","contentUrl":"https:\/\/tibladin.dk\/wp-content\/uploads\/2022\/09\/tibladin_logo.svg","caption":"Tibladin"},"image":{"@id":"https:\/\/tibladin.dk\/#\/schema\/logo\/image\/"}}]}},"_links":{"self":[{"href":"https:\/\/tibladin.dk\/fr\/wp-json\/wp\/v2\/product\/42224","targetHints":{"allow":["GET"]}}],"collection":[{"href":"https:\/\/tibladin.dk\/fr\/wp-json\/wp\/v2\/product"}],"about":[{"href":"https:\/\/tibladin.dk\/fr\/wp-json\/wp\/v2\/types\/product"}],"wp:featuredmedia":[{"embeddable":true,"href":"https:\/\/tibladin.dk\/fr\/wp-json\/wp\/v2\/media\/42213"}],"wp:attachment":[{"href":"https:\/\/tibladin.dk\/fr\/wp-json\/wp\/v2\/media?parent=42224"}],"wp:term":[{"taxonomy":"product_brand","embeddable":true,"href":"https:\/\/tibladin.dk\/fr\/wp-json\/wp\/v2\/product_brand?post=42224"},{"taxonomy":"product_cat","embeddable":true,"href":"https:\/\/tibladin.dk\/fr\/wp-json\/wp\/v2\/product_cat?post=42224"},{"taxonomy":"product_tag","embeddable":true,"href":"https:\/\/tibladin.dk\/fr\/wp-json\/wp\/v2\/product_tag?post=42224"}],"curies":[{"name":"wp","href":"https:\/\/api.w.org\/{rel}","templated":true}]}}