{"id":43286,"date":"2026-02-16T17:45:25","date_gmt":"2026-02-16T16:45:25","guid":{"rendered":"https:\/\/tibladin.dk\/?post_type=product&#038;p=43286"},"modified":"2026-02-19T13:01:52","modified_gmt":"2026-02-19T12:01:52","slug":"couvre-lit-halima-230x240-cm-avec-2-oreillers-garnis","status":"publish","type":"product","link":"https:\/\/tibladin.dk\/fr\/produkt\/sengetaeppe-halima-230x240-cm-inkl-2-puder-m-fyld\/","title":{"rendered":"Couvre-lit HALIMA 230\u00d7240 cm, avec 2 oreillers garnis."},"content":{"rendered":"<div class=\"wpb-content-wrapper\"><div class=\"vc_row wpb_row vc_row-fluid\"><div class=\"wpb_column vc_column_container vc_col-sm-4\"><div class=\"vc_column-inner\"><div class=\"wpb_wrapper\"><h3 style=\"text-align: left\" class=\"vc_custom_heading vc_do_custom_heading\" >Entretien<\/h3>\n\t<div class=\"wpb_text_column wpb_content_element\" >\n\t\t<div class=\"wpb_wrapper\">\n\t\t\t<p>Peut \u00eatre lav\u00e9 \u00e0 40 degr\u00e9s en machine. Le tapis \u00e9tant tiss\u00e9 \u00e0 la main, il est recommand\u00e9 de le laver d\u00e9licatement \u00e0 30 degr\u00e9s, car il pourrait changer de structure \u00e0 une temp\u00e9rature plus \u00e9lev\u00e9e.<\/p>\n\n\t\t<\/div>\n\t<\/div>\n<\/div><\/div><\/div><div class=\"wpb_column vc_column_container vc_col-sm-4\"><div class=\"vc_column-inner\"><div class=\"wpb_wrapper\"><h3 style=\"text-align: left\" class=\"vc_custom_heading vc_do_custom_heading\" >L&#039;histoire derri\u00e8re<\/h3>\n\t<div class=\"wpb_text_column wpb_content_element\" >\n\t\t<div class=\"wpb_wrapper\">\n\t\t\t<p>Un couvre-lit est une bonne d\u00e9coration dans une chambre. De plus, ils sont fantastiques pour couvrir un lit, qu&#039;il soit en d\u00e9sordre ou non, les couvre-lits donnent \u00e0 votre chambre un aspect agr\u00e9able et bien rang\u00e9.<\/p>\n<p>Ce couvre-lit marocain fait partie d&#039;une s\u00e9rie comprenant deux autres couvre-lits, <a href=\"https:\/\/tibladin.dk\/fr\/produit-4\/couvre-lit-jusqua-240x260-avec-2-oreillers\/\">ASFAR<\/a> et <a href=\"https:\/\/tibladin.dk\/fr\/produit-4\/couvre-lit-aswad-240x260-avec-2-oreillers\/\">ASWAD<\/a>. Ils sont fabriqu\u00e9s dans la plus haute qualit\u00e9, con\u00e7us en collaboration avec notre designer ayant son propre atelier \u00e0 Marrakech. Nous apportons le plus grand soin \u00e0 concevoir des couvre-lits marocains qui s&#039;int\u00e8grent dans un int\u00e9rieur moderne et scandinave.<\/p>\n\n\t\t<\/div>\n\t<\/div>\n<\/div><\/div><\/div><\/div>\n<\/div>","protected":false},"excerpt":{"rendered":"<p>Cr\u00e9ez une ambiance chaleureuse et harmonieuse dans la chambre gr\u00e2ce \u00e0 notre magnifique couvre-lit. <em data-start=\"133\" data-end=\"141\">Halima<\/em>. Le nom signifie <em data-start=\"158\" data-end=\"176\">doux et patient<\/em> En arabe \u2013 une belle r\u00e9f\u00e9rence \u00e0 l&#039;expression sereine et au travail artisanal minutieux qui se cachent derri\u00e8re ce tapis.<\/p>\n<p data-start=\"271\" data-end=\"663\">Ce couvre-lit est tiss\u00e9 \u00e0 la main \u00e0 Marrakech en coton 100%, d&#039;une douceur et d&#039;une qualit\u00e9 exceptionnelles. Avec son \u00e9l\u00e9gant motif \u00e0 rayures sable et blanc naturel, il invite \u00e0 la d\u00e9tente et au confort. Les fines rayures horizontales lui conf\u00e8rent une allure raffin\u00e9e et apaisante, s&#039;int\u00e9grant parfaitement aux int\u00e9rieurs de style nordique comme aux ambiances boh\u00e8mes. Chaque coin est orn\u00e9 de pompons d\u00e9coratifs faits main, assortis \u00e0 la couleur sable, qui apportent une touche de douceur et de personnalit\u00e9.<\/p>\n<p data-start=\"665\" data-end=\"892\">Avec ses dimensions de 230 \u00d7 240 cm, le couvre-lit retombe \u00e9l\u00e9gamment sur les c\u00f4t\u00e9s et s&#039;adapte parfaitement \u00e0 un lit double. Sa grande qualit\u00e9 et son poids de 4 <strong>kg<\/strong> Elle conf\u00e8re \u00e0 la couverture un poids agr\u00e9able, lui permettant de se poser avec \u00e9l\u00e9gance et douceur sur le lit.<\/p>\n<p data-start=\"894\" data-end=\"1025\">Halima n&#039;est pas qu&#039;un simple objet d\u00e9coratif ; c&#039;est une pi\u00e8ce authentique de l&#039;artisanat marocain, o\u00f9 chaque d\u00e9tail t\u00e9moigne de la tradition et de la qualit\u00e9.<\/p>\n<p data-start=\"1027\" data-end=\"1187\">Les coussins assortis, \u00e0 rayures couleur sable et orn\u00e9s de pompons, compl\u00e8tent l&#039;ensemble et cr\u00e9ent une harmonie parfaite dans la chambre. Garnis de tissu, ils sont pr\u00eats \u00e0 \u00eatre install\u00e9s. <b>\u00a0<\/b><\/p>\n<p data-start=\"1189\" data-end=\"1285\" data-is-last-node=\"\" data-is-only-node=\"\">Un couvre-lit exclusif et intemporel qui donne du caract\u00e8re \u00e0 votre chambre et une touche de chaleur marocaine.<\/p>\n<p>En ajoutant ce couvre-lit intemporel, vous pouvez facilement transformer votre int\u00e9rieur et donner \u00e0 la pi\u00e8ce une allure plus harmonieuse et aboutie. Un simple drap sur le lit cr\u00e9e instantan\u00e9ment une atmosph\u00e8re de calme, de chaleur et d&#039;\u00e9quilibre, et fait le lien entre les murs, le sol et le reste du mobilier. C&#039;est une fa\u00e7on simple de moderniser votre chambre, sans avoir \u00e0 changer de meubles ni \u00e0 repeindre les murs. En d&#039;autres termes, un couvre-lit est un petit investissement qui fait toute la diff\u00e9rence.<\/p>","protected":false},"featured_media":43337,"template":"","meta":{"inline_featured_image":false},"product_brand":[],"product_cat":[38,37],"product_tag":[],"class_list":{"0":"post-43286","1":"product","2":"type-product","3":"status-publish","4":"has-post-thumbnail","6":"product_cat-sengetaepper","7":"product_cat-tekstiler","9":"first","10":"instock","11":"taxable","12":"shipping-taxable","13":"purchasable","14":"product-type-simple"},"exclude_global_add_ons":false,"addons":[{"name":"Vous souhaitez un emballage cadeau ?","type":"checkbox","position":0,"required":false,"title_format":"label","default":"","description_enable":false,"description":"","placeholder_enable":false,"placeholder":"","display":"images","restrictions_type":"any_text","adjust_price":false,"price":"","price_type":"flat_fee","restrictions":false,"min":"0","max":"0","options":[{"label":"Ja tak","price":"10","price_type":"flat_fee","image":11015,"visibility":true}],"id":1669646111}],"yoast_head":"<!-- This site is optimized with the Yoast SEO plugin v27.4 - https:\/\/yoast.com\/product\/yoast-seo-wordpress\/ -->\n<title>Marokkansk senget\u00e6ppe HALIMA | + 2 puder m. fyld | H\u00e5ndv\u00e6vet<\/title>\n<meta name=\"description\" content=\"Dekorativt marokkansk senget\u00e6ppe. H\u00e5ndv\u00e6vet i sandfarvet bomuld med sorte striber og hvide pomponer. Inkl 2 matchende pudebetr\u00e6k \u21d2 Se mere her\" \/>\n<meta name=\"robots\" content=\"index, follow, max-snippet:-1, max-image-preview:large, max-video-preview:-1\" \/>\n<link rel=\"canonical\" href=\"https:\/\/tibladin.dk\/fr\/produit-4\/couvre-lit-halima-230x240-cm-avec-2-oreillers-garnis\/\" \/>\n<meta property=\"og:locale\" content=\"fr_FR\" \/>\n<meta property=\"og:type\" content=\"article\" \/>\n<meta property=\"og:title\" content=\"Marokkansk senget\u00e6ppe HALIMA | + 2 puder m. fyld | H\u00e5ndv\u00e6vet\" \/>\n<meta property=\"og:description\" content=\"Dekorativt marokkansk senget\u00e6ppe. H\u00e5ndv\u00e6vet i sandfarvet bomuld med sorte striber og hvide pomponer. Inkl 2 matchende pudebetr\u00e6k \u21d2 Se mere her\" \/>\n<meta property=\"og:url\" content=\"https:\/\/tibladin.dk\/fr\/produit-4\/couvre-lit-halima-230x240-cm-avec-2-oreillers-garnis\/\" \/>\n<meta property=\"og:site_name\" content=\"Tibladin\" \/>\n<meta property=\"article:modified_time\" content=\"2026-02-19T12:01:52+00:00\" \/>\n<meta property=\"og:image\" content=\"https:\/\/tibladin.dk\/wp-content\/uploads\/2026\/02\/Halima_7.jpg\" \/>\n\t<meta property=\"og:image:width\" content=\"800\" \/>\n\t<meta property=\"og:image:height\" content=\"800\" \/>\n\t<meta property=\"og:image:type\" content=\"image\/jpeg\" \/>\n<meta name=\"twitter:card\" content=\"summary_large_image\" \/>\n<meta name=\"twitter:label1\" content=\"Dur\u00e9e de lecture estim\u00e9e\" \/>\n\t<meta name=\"twitter:data1\" content=\"2 minutes\" \/>\n<script type=\"application\/ld+json\" class=\"yoast-schema-graph\">{\"@context\":\"https:\\\/\\\/schema.org\",\"@graph\":[{\"@type\":\"WebPage\",\"@id\":\"https:\\\/\\\/tibladin.dk\\\/produkt\\\/sengetaeppe-halima-230x240-cm-inkl-2-puder-m-fyld\\\/\",\"url\":\"https:\\\/\\\/tibladin.dk\\\/produkt\\\/sengetaeppe-halima-230x240-cm-inkl-2-puder-m-fyld\\\/\",\"name\":\"Marokkansk senget\u00e6ppe HALIMA | + 2 puder m. fyld | H\u00e5ndv\u00e6vet\",\"isPartOf\":{\"@id\":\"https:\\\/\\\/tibladin.dk\\\/#website\"},\"primaryImageOfPage\":{\"@id\":\"https:\\\/\\\/tibladin.dk\\\/produkt\\\/sengetaeppe-halima-230x240-cm-inkl-2-puder-m-fyld\\\/#primaryimage\"},\"image\":{\"@id\":\"https:\\\/\\\/tibladin.dk\\\/produkt\\\/sengetaeppe-halima-230x240-cm-inkl-2-puder-m-fyld\\\/#primaryimage\"},\"thumbnailUrl\":\"https:\\\/\\\/tibladin.dk\\\/wp-content\\\/uploads\\\/2026\\\/02\\\/Halima_7.jpg\",\"datePublished\":\"2026-02-16T16:45:25+00:00\",\"dateModified\":\"2026-02-19T12:01:52+00:00\",\"description\":\"Dekorativt marokkansk senget\u00e6ppe. H\u00e5ndv\u00e6vet i sandfarvet bomuld med sorte striber og hvide pomponer. Inkl 2 matchende pudebetr\u00e6k \u21d2 Se mere her\",\"breadcrumb\":{\"@id\":\"https:\\\/\\\/tibladin.dk\\\/produkt\\\/sengetaeppe-halima-230x240-cm-inkl-2-puder-m-fyld\\\/#breadcrumb\"},\"inLanguage\":\"fr-FR\",\"potentialAction\":[{\"@type\":\"ReadAction\",\"target\":[\"https:\\\/\\\/tibladin.dk\\\/produkt\\\/sengetaeppe-halima-230x240-cm-inkl-2-puder-m-fyld\\\/\"]}]},{\"@type\":\"ImageObject\",\"inLanguage\":\"fr-FR\",\"@id\":\"https:\\\/\\\/tibladin.dk\\\/produkt\\\/sengetaeppe-halima-230x240-cm-inkl-2-puder-m-fyld\\\/#primaryimage\",\"url\":\"https:\\\/\\\/tibladin.dk\\\/wp-content\\\/uploads\\\/2026\\\/02\\\/Halima_7.jpg\",\"contentUrl\":\"https:\\\/\\\/tibladin.dk\\\/wp-content\\\/uploads\\\/2026\\\/02\\\/Halima_7.jpg\",\"width\":800,\"height\":800,\"caption\":\"Halima senget\u00e6ppe med brune striber i 100% bomuld\"},{\"@type\":\"BreadcrumbList\",\"@id\":\"https:\\\/\\\/tibladin.dk\\\/produkt\\\/sengetaeppe-halima-230x240-cm-inkl-2-puder-m-fyld\\\/#breadcrumb\",\"itemListElement\":[{\"@type\":\"ListItem\",\"position\":1,\"name\":\"Hjem\",\"item\":\"https:\\\/\\\/tibladin.dk\\\/\"},{\"@type\":\"ListItem\",\"position\":2,\"name\":\"Shop\",\"item\":\"https:\\\/\\\/tibladin.dk\\\/shop\\\/\"},{\"@type\":\"ListItem\",\"position\":3,\"name\":\"Senget\u00e6ppe HALIMA 230&#215;240 cm. inkl 2 puder m. fyld\"}]},{\"@type\":\"WebSite\",\"@id\":\"https:\\\/\\\/tibladin.dk\\\/#website\",\"url\":\"https:\\\/\\\/tibladin.dk\\\/\",\"name\":\"Tibladin\",\"description\":\"Tibladin\",\"publisher\":{\"@id\":\"https:\\\/\\\/tibladin.dk\\\/#organization\"},\"potentialAction\":[{\"@type\":\"SearchAction\",\"target\":{\"@type\":\"EntryPoint\",\"urlTemplate\":\"https:\\\/\\\/tibladin.dk\\\/?s={search_term_string}\"},\"query-input\":{\"@type\":\"PropertyValueSpecification\",\"valueRequired\":true,\"valueName\":\"search_term_string\"}}],\"inLanguage\":\"fr-FR\"},{\"@type\":\"Organization\",\"@id\":\"https:\\\/\\\/tibladin.dk\\\/#organization\",\"name\":\"Tibladin\",\"url\":\"https:\\\/\\\/tibladin.dk\\\/\",\"logo\":{\"@type\":\"ImageObject\",\"inLanguage\":\"fr-FR\",\"@id\":\"https:\\\/\\\/tibladin.dk\\\/#\\\/schema\\\/logo\\\/image\\\/\",\"url\":\"https:\\\/\\\/tibladin.dk\\\/wp-content\\\/uploads\\\/2022\\\/09\\\/tibladin_logo.svg\",\"contentUrl\":\"https:\\\/\\\/tibladin.dk\\\/wp-content\\\/uploads\\\/2022\\\/09\\\/tibladin_logo.svg\",\"caption\":\"Tibladin\"},\"image\":{\"@id\":\"https:\\\/\\\/tibladin.dk\\\/#\\\/schema\\\/logo\\\/image\\\/\"}}]}<\/script>\n<!-- \/ Yoast SEO plugin. -->","yoast_head_json":{"title":"Couvre-lit marocain HALIMA | + 2 oreillers garnis | Tiss\u00e9 \u00e0 la main","description":"Couvre-lit marocain d\u00e9coratif. Tiss\u00e9 main en coton couleur sable avec rayures noires et pompons blancs. Incluant 2 taies d&#039;oreiller assorties \u21d2 En savoir plus ici","robots":{"index":"index","follow":"follow","max-snippet":"max-snippet:-1","max-image-preview":"max-image-preview:large","max-video-preview":"max-video-preview:-1"},"canonical":"https:\/\/tibladin.dk\/fr\/produit-4\/couvre-lit-halima-230x240-cm-avec-2-oreillers-garnis\/","og_locale":"fr_FR","og_type":"article","og_title":"Marokkansk senget\u00e6ppe HALIMA | + 2 puder m. fyld | H\u00e5ndv\u00e6vet","og_description":"Dekorativt marokkansk senget\u00e6ppe. H\u00e5ndv\u00e6vet i sandfarvet bomuld med sorte striber og hvide pomponer. Inkl 2 matchende pudebetr\u00e6k \u21d2 Se mere her","og_url":"https:\/\/tibladin.dk\/fr\/produit-4\/couvre-lit-halima-230x240-cm-avec-2-oreillers-garnis\/","og_site_name":"Tibladin","article_modified_time":"2026-02-19T12:01:52+00:00","og_image":[{"width":800,"height":800,"url":"https:\/\/tibladin.dk\/wp-content\/uploads\/2026\/02\/Halima_7.jpg","type":"image\/jpeg"}],"twitter_card":"summary_large_image","twitter_misc":{"Dur\u00e9e de lecture estim\u00e9e":"2 minutes"},"schema":{"@context":"https:\/\/schema.org","@graph":[{"@type":"WebPage","@id":"https:\/\/tibladin.dk\/produkt\/sengetaeppe-halima-230x240-cm-inkl-2-puder-m-fyld\/","url":"https:\/\/tibladin.dk\/produkt\/sengetaeppe-halima-230x240-cm-inkl-2-puder-m-fyld\/","name":"Couvre-lit marocain HALIMA | + 2 oreillers garnis | Tiss\u00e9 \u00e0 la main","isPartOf":{"@id":"https:\/\/tibladin.dk\/#website"},"primaryImageOfPage":{"@id":"https:\/\/tibladin.dk\/produkt\/sengetaeppe-halima-230x240-cm-inkl-2-puder-m-fyld\/#primaryimage"},"image":{"@id":"https:\/\/tibladin.dk\/produkt\/sengetaeppe-halima-230x240-cm-inkl-2-puder-m-fyld\/#primaryimage"},"thumbnailUrl":"https:\/\/tibladin.dk\/wp-content\/uploads\/2026\/02\/Halima_7.jpg","datePublished":"2026-02-16T16:45:25+00:00","dateModified":"2026-02-19T12:01:52+00:00","description":"Couvre-lit marocain d\u00e9coratif. Tiss\u00e9 main en coton couleur sable avec rayures noires et pompons blancs. Incluant 2 taies d&#039;oreiller assorties \u21d2 En savoir plus ici","breadcrumb":{"@id":"https:\/\/tibladin.dk\/produkt\/sengetaeppe-halima-230x240-cm-inkl-2-puder-m-fyld\/#breadcrumb"},"inLanguage":"fr-FR","potentialAction":[{"@type":"ReadAction","target":["https:\/\/tibladin.dk\/produkt\/sengetaeppe-halima-230x240-cm-inkl-2-puder-m-fyld\/"]}]},{"@type":"ImageObject","inLanguage":"fr-FR","@id":"https:\/\/tibladin.dk\/produkt\/sengetaeppe-halima-230x240-cm-inkl-2-puder-m-fyld\/#primaryimage","url":"https:\/\/tibladin.dk\/wp-content\/uploads\/2026\/02\/Halima_7.jpg","contentUrl":"https:\/\/tibladin.dk\/wp-content\/uploads\/2026\/02\/Halima_7.jpg","width":800,"height":800,"caption":"Halima senget\u00e6ppe med brune striber i 100% bomuld"},{"@type":"BreadcrumbList","@id":"https:\/\/tibladin.dk\/produkt\/sengetaeppe-halima-230x240-cm-inkl-2-puder-m-fyld\/#breadcrumb","itemListElement":[{"@type":"ListItem","position":1,"name":"Hjem","item":"https:\/\/tibladin.dk\/"},{"@type":"ListItem","position":2,"name":"Shop","item":"https:\/\/tibladin.dk\/shop\/"},{"@type":"ListItem","position":3,"name":"Senget\u00e6ppe HALIMA 230&#215;240 cm. inkl 2 puder m. fyld"}]},{"@type":"WebSite","@id":"https:\/\/tibladin.dk\/#website","url":"https:\/\/tibladin.dk\/","name":"Tibladin","description":"Tibladin","publisher":{"@id":"https:\/\/tibladin.dk\/#organization"},"potentialAction":[{"@type":"SearchAction","target":{"@type":"EntryPoint","urlTemplate":"https:\/\/tibladin.dk\/?s={search_term_string}"},"query-input":{"@type":"PropertyValueSpecification","valueRequired":true,"valueName":"search_term_string"}}],"inLanguage":"fr-FR"},{"@type":"Organization","@id":"https:\/\/tibladin.dk\/#organization","name":"Tibladin","url":"https:\/\/tibladin.dk\/","logo":{"@type":"ImageObject","inLanguage":"fr-FR","@id":"https:\/\/tibladin.dk\/#\/schema\/logo\/image\/","url":"https:\/\/tibladin.dk\/wp-content\/uploads\/2022\/09\/tibladin_logo.svg","contentUrl":"https:\/\/tibladin.dk\/wp-content\/uploads\/2022\/09\/tibladin_logo.svg","caption":"Tibladin"},"image":{"@id":"https:\/\/tibladin.dk\/#\/schema\/logo\/image\/"}}]}},"_links":{"self":[{"href":"https:\/\/tibladin.dk\/fr\/wp-json\/wp\/v2\/product\/43286","targetHints":{"allow":["GET"]}}],"collection":[{"href":"https:\/\/tibladin.dk\/fr\/wp-json\/wp\/v2\/product"}],"about":[{"href":"https:\/\/tibladin.dk\/fr\/wp-json\/wp\/v2\/types\/product"}],"wp:featuredmedia":[{"embeddable":true,"href":"https:\/\/tibladin.dk\/fr\/wp-json\/wp\/v2\/media\/43337"}],"wp:attachment":[{"href":"https:\/\/tibladin.dk\/fr\/wp-json\/wp\/v2\/media?parent=43286"}],"wp:term":[{"taxonomy":"product_brand","embeddable":true,"href":"https:\/\/tibladin.dk\/fr\/wp-json\/wp\/v2\/product_brand?post=43286"},{"taxonomy":"product_cat","embeddable":true,"href":"https:\/\/tibladin.dk\/fr\/wp-json\/wp\/v2\/product_cat?post=43286"},{"taxonomy":"product_tag","embeddable":true,"href":"https:\/\/tibladin.dk\/fr\/wp-json\/wp\/v2\/product_tag?post=43286"}],"curies":[{"name":"wp","href":"https:\/\/api.w.org\/{rel}","templated":true}]}}