{"id":43759,"date":"2026-03-16T12:52:49","date_gmt":"2026-03-16T11:52:49","guid":{"rendered":"https:\/\/tibladin.dk\/?post_type=product&#038;p=43759"},"modified":"2026-03-20T12:01:05","modified_gmt":"2026-03-20T11:01:05","slug":"collier-de-perles-jaunes","status":"publish","type":"product","link":"https:\/\/tibladin.dk\/fr\/produkt\/perlehalskaede-i-gul\/","title":{"rendered":"Collier de perles jaunes"},"content":{"rendered":"<div class=\"wpb-content-wrapper\"><div class=\"vc_row wpb_row vc_row-fluid\"><div class=\"wpb_column vc_column_container vc_col-sm-4\"><div class=\"vc_column-inner\"><div class=\"wpb_wrapper\"><\/div><\/div><\/div><\/div>\n<\/div>","protected":false},"excerpt":{"rendered":"<p>Collier de perles unique, fabriqu\u00e9 \u00e0 la main au Maroc par une cr\u00e9atrice africaine. Ce collier allie savoir-faire traditionnel et esth\u00e9tique moderne et audacieuse.<\/p>\n<p>Le collier tress\u00e9 en cuir noir contraste avec les perles jaunes. Les longs et fins rangs de perles tombent avec gr\u00e2ce sur le d\u00e9collet\u00e9, cr\u00e9ant une allure \u00e0 la fois saisissante, l\u00e9g\u00e8re et fluide. La texture du cuir conf\u00e8re au bijou un aspect exclusif et artisanal.<\/p>\n<p>Ce collier apporte une touche de couleur \u00e0 votre tenue gr\u00e2ce \u00e0 son long pendentif de perles et \u00e0 sa couleur jaune \u00e9clatante et joyeuse. Il est du plus bel effet port\u00e9 sur une robe simple ou un chemisier ajust\u00e9, o\u00f9 les perles se distinguent particuli\u00e8rement.<\/p>\n<p>Il peut \u00e9galement \u00eatre port\u00e9 par-dessus une chemise, un pull l\u00e9ger ou une robe pour les occasions festives, o\u00f9 il ajoute \u00e0 la fois de la couleur et du caract\u00e8re \u00e0 votre tenue.<\/p>\n<p>Pour un look plus discret, choisissez un haut de la m\u00eame nuance de jaune que les perles du collier\u00a0; les perles se fondront presque dans les couleurs des v\u00eatements, devenant une partie int\u00e9grante de la tenue et apportant la touche finale.<\/p>\n<p>Pour cr\u00e9er un contraste plus marqu\u00e9, les colliers de perles peuvent \u00eatre associ\u00e9s \u00e0 un haut qui contraste avec les couleurs des perles et qui permet \u00e0 ces derni\u00e8res de ressortir clairement, faisant ainsi du collier la pi\u00e8ce ma\u00eetresse de la tenue.<\/p>\n<p>Vous pourriez utiliser la m\u00e9thode du sandwich, qui consiste \u00e0 choisir un bas ou une paire de chaussures de couleur jaune pour cr\u00e9er un look complet avec un fil rouge transparent.<\/p>\n<p>La partie en perles mesure 30 cm de long, tandis que le collier mesure 18 cm de long.<\/p>\n<p>Ce collier convient aussi bien au quotidien qu&#039;aux occasions sp\u00e9ciales \u2013 utilisez-le pour rehausser une tenue simple ou comme \u00e9l\u00e9ment artistique dans un style plus personnel.<\/p>","protected":false},"featured_media":43763,"template":"","meta":{"inline_featured_image":false},"product_brand":[],"product_cat":[180,162],"product_tag":[],"class_list":{"0":"post-43759","1":"product","2":"type-product","3":"status-publish","4":"has-post-thumbnail","6":"product_cat-halskaeder","7":"product_cat-smykker","9":"first","10":"instock","11":"taxable","12":"shipping-taxable","13":"purchasable","14":"product-type-simple"},"exclude_global_add_ons":[],"addons":[],"yoast_head":"<!-- This site is optimized with the Yoast SEO plugin v27.5 - https:\/\/yoast.com\/product\/yoast-seo-wordpress\/ -->\n<title>H\u00e5ndlavede marokkanske smykker | Stort udvalg | Kun hos Tibladin<\/title>\n<meta name=\"description\" content=\"Smukke \u00f8reringe i s\u00f8lv h\u00e5ndlavet i Tiznit i Marokko. Elegante og specielle til dig, der elsker at have unikke smykker med en historie.\" \/>\n<meta name=\"robots\" content=\"index, follow, max-snippet:-1, max-image-preview:large, max-video-preview:-1\" \/>\n<link rel=\"canonical\" href=\"https:\/\/tibladin.dk\/fr\/produit-4\/collier-de-perles-jaunes\/\" \/>\n<meta property=\"og:locale\" content=\"fr_FR\" \/>\n<meta property=\"og:type\" content=\"article\" \/>\n<meta property=\"og:title\" content=\"H\u00e5ndlavede marokkanske smykker | Stort udvalg | Kun hos Tibladin\" \/>\n<meta property=\"og:description\" content=\"Smukke \u00f8reringe i s\u00f8lv h\u00e5ndlavet i Tiznit i Marokko. Elegante og specielle til dig, der elsker at have unikke smykker med en historie.\" \/>\n<meta property=\"og:url\" content=\"https:\/\/tibladin.dk\/fr\/produit-4\/collier-de-perles-jaunes\/\" \/>\n<meta property=\"og:site_name\" content=\"Tibladin\" \/>\n<meta property=\"article:modified_time\" content=\"2026-03-20T11:01:05+00:00\" \/>\n<meta property=\"og:image\" content=\"https:\/\/tibladin.dk\/wp-content\/uploads\/2026\/03\/Photoroom_20260311_124125.jpeg\" \/>\n\t<meta property=\"og:image:width\" content=\"800\" \/>\n\t<meta property=\"og:image:height\" content=\"800\" \/>\n\t<meta property=\"og:image:type\" content=\"image\/jpeg\" \/>\n<meta name=\"twitter:card\" content=\"summary_large_image\" \/>\n<meta name=\"twitter:label1\" content=\"Dur\u00e9e de lecture estim\u00e9e\" \/>\n\t<meta name=\"twitter:data1\" content=\"1 minute\" \/>\n<script type=\"application\/ld+json\" class=\"yoast-schema-graph\">{\"@context\":\"https:\\\/\\\/schema.org\",\"@graph\":[{\"@type\":\"WebPage\",\"@id\":\"https:\\\/\\\/tibladin.dk\\\/produkt\\\/perlehalskaede-i-gul\\\/\",\"url\":\"https:\\\/\\\/tibladin.dk\\\/produkt\\\/perlehalskaede-i-gul\\\/\",\"name\":\"H\u00e5ndlavede marokkanske smykker | Stort udvalg | Kun hos Tibladin\",\"isPartOf\":{\"@id\":\"https:\\\/\\\/tibladin.dk\\\/#website\"},\"primaryImageOfPage\":{\"@id\":\"https:\\\/\\\/tibladin.dk\\\/produkt\\\/perlehalskaede-i-gul\\\/#primaryimage\"},\"image\":{\"@id\":\"https:\\\/\\\/tibladin.dk\\\/produkt\\\/perlehalskaede-i-gul\\\/#primaryimage\"},\"thumbnailUrl\":\"https:\\\/\\\/tibladin.dk\\\/wp-content\\\/uploads\\\/2026\\\/03\\\/Photoroom_20260311_124125.jpeg\",\"datePublished\":\"2026-03-16T11:52:49+00:00\",\"dateModified\":\"2026-03-20T11:01:05+00:00\",\"description\":\"Smukke \u00f8reringe i s\u00f8lv h\u00e5ndlavet i Tiznit i Marokko. Elegante og specielle til dig, der elsker at have unikke smykker med en historie.\",\"breadcrumb\":{\"@id\":\"https:\\\/\\\/tibladin.dk\\\/produkt\\\/perlehalskaede-i-gul\\\/#breadcrumb\"},\"inLanguage\":\"fr-FR\",\"potentialAction\":[{\"@type\":\"ReadAction\",\"target\":[\"https:\\\/\\\/tibladin.dk\\\/produkt\\\/perlehalskaede-i-gul\\\/\"]}]},{\"@type\":\"ImageObject\",\"inLanguage\":\"fr-FR\",\"@id\":\"https:\\\/\\\/tibladin.dk\\\/produkt\\\/perlehalskaede-i-gul\\\/#primaryimage\",\"url\":\"https:\\\/\\\/tibladin.dk\\\/wp-content\\\/uploads\\\/2026\\\/03\\\/Photoroom_20260311_124125.jpeg\",\"contentUrl\":\"https:\\\/\\\/tibladin.dk\\\/wp-content\\\/uploads\\\/2026\\\/03\\\/Photoroom_20260311_124125.jpeg\",\"width\":800,\"height\":800,\"caption\":\"Perlehalsk\u00e6de med gule perler og sort halsring flettet i l\u00e6der.\"},{\"@type\":\"BreadcrumbList\",\"@id\":\"https:\\\/\\\/tibladin.dk\\\/produkt\\\/perlehalskaede-i-gul\\\/#breadcrumb\",\"itemListElement\":[{\"@type\":\"ListItem\",\"position\":1,\"name\":\"Hjem\",\"item\":\"https:\\\/\\\/tibladin.dk\\\/\"},{\"@type\":\"ListItem\",\"position\":2,\"name\":\"Shop\",\"item\":\"https:\\\/\\\/tibladin.dk\\\/shop\\\/\"},{\"@type\":\"ListItem\",\"position\":3,\"name\":\"Perlehalsk\u00e6de i gul\"}]},{\"@type\":\"WebSite\",\"@id\":\"https:\\\/\\\/tibladin.dk\\\/#website\",\"url\":\"https:\\\/\\\/tibladin.dk\\\/\",\"name\":\"Tibladin\",\"description\":\"Tibladin\",\"publisher\":{\"@id\":\"https:\\\/\\\/tibladin.dk\\\/#organization\"},\"potentialAction\":[{\"@type\":\"SearchAction\",\"target\":{\"@type\":\"EntryPoint\",\"urlTemplate\":\"https:\\\/\\\/tibladin.dk\\\/?s={search_term_string}\"},\"query-input\":{\"@type\":\"PropertyValueSpecification\",\"valueRequired\":true,\"valueName\":\"search_term_string\"}}],\"inLanguage\":\"fr-FR\"},{\"@type\":\"Organization\",\"@id\":\"https:\\\/\\\/tibladin.dk\\\/#organization\",\"name\":\"Tibladin\",\"url\":\"https:\\\/\\\/tibladin.dk\\\/\",\"logo\":{\"@type\":\"ImageObject\",\"inLanguage\":\"fr-FR\",\"@id\":\"https:\\\/\\\/tibladin.dk\\\/#\\\/schema\\\/logo\\\/image\\\/\",\"url\":\"https:\\\/\\\/tibladin.dk\\\/wp-content\\\/uploads\\\/2022\\\/09\\\/tibladin_logo.svg\",\"contentUrl\":\"https:\\\/\\\/tibladin.dk\\\/wp-content\\\/uploads\\\/2022\\\/09\\\/tibladin_logo.svg\",\"caption\":\"Tibladin\"},\"image\":{\"@id\":\"https:\\\/\\\/tibladin.dk\\\/#\\\/schema\\\/logo\\\/image\\\/\"}}]}<\/script>\n<!-- \/ Yoast SEO plugin. -->","yoast_head_json":{"title":"Bijoux marocains faits \u00e0 la main | Grand choix | Uniquement \u00e0 Tibladin","description":"Magnifiques boucles d&#039;oreilles en argent fabriqu\u00e9es \u00e0 la main \u00e0 Tiznit au Maroc. \u00c9l\u00e9gant et sp\u00e9cial pour vous qui aimez avoir des bijoux uniques avec une histoire.","robots":{"index":"index","follow":"follow","max-snippet":"max-snippet:-1","max-image-preview":"max-image-preview:large","max-video-preview":"max-video-preview:-1"},"canonical":"https:\/\/tibladin.dk\/fr\/produit-4\/collier-de-perles-jaunes\/","og_locale":"fr_FR","og_type":"article","og_title":"H\u00e5ndlavede marokkanske smykker | Stort udvalg | Kun hos Tibladin","og_description":"Smukke \u00f8reringe i s\u00f8lv h\u00e5ndlavet i Tiznit i Marokko. Elegante og specielle til dig, der elsker at have unikke smykker med en historie.","og_url":"https:\/\/tibladin.dk\/fr\/produit-4\/collier-de-perles-jaunes\/","og_site_name":"Tibladin","article_modified_time":"2026-03-20T11:01:05+00:00","og_image":[{"width":800,"height":800,"url":"https:\/\/tibladin.dk\/wp-content\/uploads\/2026\/03\/Photoroom_20260311_124125.jpeg","type":"image\/jpeg"}],"twitter_card":"summary_large_image","twitter_misc":{"Dur\u00e9e de lecture estim\u00e9e":"1 minute"},"schema":{"@context":"https:\/\/schema.org","@graph":[{"@type":"WebPage","@id":"https:\/\/tibladin.dk\/produkt\/perlehalskaede-i-gul\/","url":"https:\/\/tibladin.dk\/produkt\/perlehalskaede-i-gul\/","name":"Bijoux marocains faits \u00e0 la main | Grand choix | Uniquement \u00e0 Tibladin","isPartOf":{"@id":"https:\/\/tibladin.dk\/#website"},"primaryImageOfPage":{"@id":"https:\/\/tibladin.dk\/produkt\/perlehalskaede-i-gul\/#primaryimage"},"image":{"@id":"https:\/\/tibladin.dk\/produkt\/perlehalskaede-i-gul\/#primaryimage"},"thumbnailUrl":"https:\/\/tibladin.dk\/wp-content\/uploads\/2026\/03\/Photoroom_20260311_124125.jpeg","datePublished":"2026-03-16T11:52:49+00:00","dateModified":"2026-03-20T11:01:05+00:00","description":"Magnifiques boucles d&#039;oreilles en argent fabriqu\u00e9es \u00e0 la main \u00e0 Tiznit au Maroc. \u00c9l\u00e9gant et sp\u00e9cial pour vous qui aimez avoir des bijoux uniques avec une histoire.","breadcrumb":{"@id":"https:\/\/tibladin.dk\/produkt\/perlehalskaede-i-gul\/#breadcrumb"},"inLanguage":"fr-FR","potentialAction":[{"@type":"ReadAction","target":["https:\/\/tibladin.dk\/produkt\/perlehalskaede-i-gul\/"]}]},{"@type":"ImageObject","inLanguage":"fr-FR","@id":"https:\/\/tibladin.dk\/produkt\/perlehalskaede-i-gul\/#primaryimage","url":"https:\/\/tibladin.dk\/wp-content\/uploads\/2026\/03\/Photoroom_20260311_124125.jpeg","contentUrl":"https:\/\/tibladin.dk\/wp-content\/uploads\/2026\/03\/Photoroom_20260311_124125.jpeg","width":800,"height":800,"caption":"Perlehalsk\u00e6de med gule perler og sort halsring flettet i l\u00e6der."},{"@type":"BreadcrumbList","@id":"https:\/\/tibladin.dk\/produkt\/perlehalskaede-i-gul\/#breadcrumb","itemListElement":[{"@type":"ListItem","position":1,"name":"Hjem","item":"https:\/\/tibladin.dk\/"},{"@type":"ListItem","position":2,"name":"Shop","item":"https:\/\/tibladin.dk\/shop\/"},{"@type":"ListItem","position":3,"name":"Perlehalsk\u00e6de i gul"}]},{"@type":"WebSite","@id":"https:\/\/tibladin.dk\/#website","url":"https:\/\/tibladin.dk\/","name":"Tibladin","description":"Tibladin","publisher":{"@id":"https:\/\/tibladin.dk\/#organization"},"potentialAction":[{"@type":"SearchAction","target":{"@type":"EntryPoint","urlTemplate":"https:\/\/tibladin.dk\/?s={search_term_string}"},"query-input":{"@type":"PropertyValueSpecification","valueRequired":true,"valueName":"search_term_string"}}],"inLanguage":"fr-FR"},{"@type":"Organization","@id":"https:\/\/tibladin.dk\/#organization","name":"Tibladin","url":"https:\/\/tibladin.dk\/","logo":{"@type":"ImageObject","inLanguage":"fr-FR","@id":"https:\/\/tibladin.dk\/#\/schema\/logo\/image\/","url":"https:\/\/tibladin.dk\/wp-content\/uploads\/2022\/09\/tibladin_logo.svg","contentUrl":"https:\/\/tibladin.dk\/wp-content\/uploads\/2022\/09\/tibladin_logo.svg","caption":"Tibladin"},"image":{"@id":"https:\/\/tibladin.dk\/#\/schema\/logo\/image\/"}}]}},"_links":{"self":[{"href":"https:\/\/tibladin.dk\/fr\/wp-json\/wp\/v2\/product\/43759","targetHints":{"allow":["GET"]}}],"collection":[{"href":"https:\/\/tibladin.dk\/fr\/wp-json\/wp\/v2\/product"}],"about":[{"href":"https:\/\/tibladin.dk\/fr\/wp-json\/wp\/v2\/types\/product"}],"wp:featuredmedia":[{"embeddable":true,"href":"https:\/\/tibladin.dk\/fr\/wp-json\/wp\/v2\/media\/43763"}],"wp:attachment":[{"href":"https:\/\/tibladin.dk\/fr\/wp-json\/wp\/v2\/media?parent=43759"}],"wp:term":[{"taxonomy":"product_brand","embeddable":true,"href":"https:\/\/tibladin.dk\/fr\/wp-json\/wp\/v2\/product_brand?post=43759"},{"taxonomy":"product_cat","embeddable":true,"href":"https:\/\/tibladin.dk\/fr\/wp-json\/wp\/v2\/product_cat?post=43759"},{"taxonomy":"product_tag","embeddable":true,"href":"https:\/\/tibladin.dk\/fr\/wp-json\/wp\/v2\/product_tag?post=43759"}],"curies":[{"name":"wp","href":"https:\/\/api.w.org\/{rel}","templated":true}]}}