{"id":4453,"date":"2022-10-27T10:22:32","date_gmt":"2022-10-27T08:22:32","guid":{"rendered":"https:\/\/tibladin.dk\/?post_type=product&#038;p=4453"},"modified":"2025-10-17T09:53:01","modified_gmt":"2025-10-17T07:53:01","slug":"affiche-maroc","status":"publish","type":"product","link":"https:\/\/tibladin.dk\/fr\/produkt\/plakat-marokko\/","title":{"rendered":"Affiche MAROC"},"content":{"rendered":"<div class=\"wpb-content-wrapper\"><div class=\"vc_row wpb_row vc_row-fluid\"><div class=\"wpb_column vc_column_container vc_col-sm-4\"><div class=\"vc_column-inner\"><div class=\"wpb_wrapper\"><\/div><\/div><\/div><div class=\"wpb_column vc_column_container vc_col-sm-4\"><div class=\"vc_column-inner\"><div class=\"wpb_wrapper\"><h3 style=\"text-align: left\" class=\"vc_custom_heading vc_do_custom_heading\" >Cadre<\/h3>\n\t<div class=\"wpb_text_column wpb_content_element\" >\n\t\t<div class=\"wpb_wrapper\">\n\t\t\t<p>Possibilit\u00e9 d&#039;achat suppl\u00e9mentaire de cadres color\u00e9s et de couleurs naturelles.<\/p>\n\n\t\t<\/div>\n\t<\/div>\n<\/div><\/div><\/div><div class=\"wpb_column vc_column_container vc_col-sm-4\"><div class=\"vc_column-inner\"><div class=\"wpb_wrapper\"><h3 style=\"text-align: left\" class=\"vc_custom_heading vc_do_custom_heading\" >C&#039;est comme \u00e7a que je d\u00e9core mes murs<\/h3>\n\t<div class=\"wpb_text_column wpb_content_element\" >\n\t\t<div class=\"wpb_wrapper\">\n\t\t\t<p><span class=\"JsGRdQ\">Si vos murs bouillonnent comme une coupe de champagne de romance, rayonnent d&#039;exclusivit\u00e9, cr\u00e9ent une ambiance chaleureuse.<\/span><span class=\"JsGRdQ\">\u00a0<\/span><span class=\"JsGRdQ\">Ambiance boh\u00e8me ou quelque chose de compl\u00e8tement diff\u00e9rent ? Cela peut \u00eatre r\u00e9alis\u00e9 avec de petits changements et quelques choix simples. Utilisez des affiches d&#039;artistes marocains locaux pour donner \u00e0 votre int\u00e9rieur un look personnel et unique.<\/span><\/p>\n\n\t\t<\/div>\n\t<\/div>\n<\/div><\/div><\/div><\/div>\n<\/div>","protected":false},"excerpt":{"rendered":"<h3>Le Maroc de Claude Fevrier<\/h3>\n<div>Affiche marocaine en papier recycl\u00e9 100%. Les affiches sont de haute qualit\u00e9 et sont livr\u00e9es dans une bo\u00eete triangulaire soign\u00e9e et protectrice.<\/div>\n<div><\/div>\n<div>Belle affiche atmosph\u00e9rique dans une couleur de fond bleu clair. L&#039;ombre d&#039;un Africain avec son chapeau et son sac est en route vers la ville de Rabat. La ville de Rabat sur la photo se compose de b\u00e2timents rouges, d&#039;une mosqu\u00e9e rouge et de quelques palmiers noirs. \u00c0 l&#039;horizon, vous pouvez voir les sommets de quelques montagnes blanches. Sur l&#039;affiche, il est \u00e9crit &quot;Maroc&quot; en danois et en arabe.<\/div>\n<div>\n<h3><strong>Cadre<\/strong><\/h3>\n<div>Il est possible d&#039;acheter un cadre dans la couleur exacte que vous d\u00e9sirez. En choisissant un cadre color\u00e9 assorti aux couleurs de l\u2019affiche, la beaut\u00e9 de l\u2019affiche est mise en valeur. Nos cadres ajoutent de la couleur et compl\u00e8tent le look. C&#039;est vraiment la cerise sur le g\u00e2teau. Les cadres sont disponibles respectivement en 30\u00d740 et 50\u00d770. Les cadres sont exp\u00e9di\u00e9s s\u00e9par\u00e9ment de votre commande car ils sont exp\u00e9di\u00e9s depuis un stockage distant. Les cadres sont livr\u00e9s avec du plexiglas, mais si vous pr\u00e9f\u00e9rez le verre ordinaire, \u00e9crivez-le simplement dans le champ commentaires.<\/div>\n<\/div>","protected":false},"featured_media":5263,"template":"","meta":{"inline_featured_image":false},"product_brand":[],"product_cat":[47,111,133,114,56],"product_tag":[],"class_list":{"0":"post-4453","1":"product","2":"type-product","3":"status-publish","4":"has-post-thumbnail","6":"product_cat-gaven-til-ham","7":"product_cat-plakater","8":"product_cat-plakater30x40","9":"product_cat-plakater-50x70","10":"product_cat-vaegdekoration","12":"first","13":"instock","14":"taxable","15":"shipping-taxable","16":"purchasable","17":"product-type-variable"},"exclude_global_add_ons":false,"addons":[{"name":"Vous souhaitez un emballage cadeau ?","type":"checkbox","position":0,"required":false,"title_format":"label","default":"","description_enable":false,"description":"","placeholder_enable":false,"placeholder":"","display":"images","restrictions_type":"any_text","adjust_price":false,"price":"","price_type":"flat_fee","restrictions":false,"min":"0","max":"0","options":[{"label":"Ja tak","price":"10","price_type":"flat_fee","image":11015,"visibility":true}],"id":1669646111},{"name":"Achetez un cadre pour votre affiche","type":"multiple_choice","position":0,"required":false,"title_format":"label","default":"","description_enable":true,"description":"Les cadres sont livr\u00e9s avec du plexiglas. Si vous pr\u00e9f\u00e9rez du verre classique, indiquez-le simplement dans la zone de commentaires. Les cadres color\u00e9s sont livr\u00e9s s\u00e9par\u00e9ment, car ils sont exp\u00e9di\u00e9s depuis un entrep\u00f4t distant.","placeholder_enable":false,"placeholder":"","display":"images","restrictions_type":"any_text","adjust_price":false,"price":"","price_type":"flat_fee","restrictions":false,"min":"0","max":"0","options":[{"label":"GUL 30x40","price":"199","price_type":"flat_fee","image":7321,"visibility":true},{"label":"GUL 50x70","price":"299","price_type":"flat_fee","image":7322,"visibility":true},{"label":"LYSEBL\u00c5 30x40","price":"199","price_type":"flat_fee","image":7325,"visibility":true},{"label":"LYSEBL\u00c5 50x70","price":"299","price_type":"flat_fee","image":7336,"visibility":true},{"label":"KOBOLTBL\u00c5 30x40","price":"199","price_type":"flat_fee","image":7323,"visibility":true},{"label":"KOBOLTBL\u00c5 50x70","price":"299","price_type":"flat_fee","image":7324,"visibility":true},{"label":"M\u00d8RKEBL\u00c5 30x40","price":"199","price_type":"flat_fee","image":7329,"visibility":true},{"label":"M\u00d8RKEBL\u00c5 50x70","price":"299","price_type":"flat_fee","image":7330,"visibility":true},{"label":"ROSA 30x40","price":"199","price_type":"flat_fee","image":7327,"visibility":true},{"label":"ROSA 50x70","price":"299","price_type":"flat_fee","image":7328,"visibility":true},{"label":"ORANGE 30x40","price":"199","price_type":"flat_fee","image":7333,"visibility":true},{"label":"ORANGE 50x70","price":"299","price_type":"flat_fee","image":7334,"visibility":true},{"label":"SORT 30x40","price":"199","price_type":"flat_fee","image":7319,"visibility":true},{"label":"SORT 50x70","price":"299","price_type":"flat_fee","image":7320,"visibility":true},{"label":"NATUR 30x40","price":"70","price_type":"flat_fee","image":7331,"visibility":true},{"label":"NATUR 50x70","price":"149","price_type":"flat_fee","image":7332,"visibility":true}],"id":1683372015}],"yoast_head":"<!-- This site is optimized with the Yoast SEO plugin v27.4 - https:\/\/yoast.com\/product\/yoast-seo-wordpress\/ -->\n<title>Plakat MAROKKO af Claude Fevrier<\/title>\n<meta name=\"description\" content=\"Plakat MAROKKO af Claude Fevrier. Smuk plakat i en lysebl\u00e5 farve med en afrikansk mand p\u00e5 vej til rabat. Stort udvalg af marokkansk plakater\" \/>\n<meta name=\"robots\" content=\"index, follow, max-snippet:-1, max-image-preview:large, max-video-preview:-1\" \/>\n<link rel=\"canonical\" href=\"https:\/\/tibladin.dk\/fr\/produit-4\/affiche-maroc\/\" \/>\n<meta property=\"og:locale\" content=\"fr_FR\" \/>\n<meta property=\"og:type\" content=\"article\" \/>\n<meta property=\"og:title\" content=\"Plakat MAROKKO af Claude Fevrier\" \/>\n<meta property=\"og:description\" content=\"Plakat MAROKKO af Claude Fevrier. Smuk plakat i en lysebl\u00e5 farve med en afrikansk mand p\u00e5 vej til rabat. Stort udvalg af marokkansk plakater\" \/>\n<meta property=\"og:url\" content=\"https:\/\/tibladin.dk\/fr\/produit-4\/affiche-maroc\/\" \/>\n<meta property=\"og:site_name\" content=\"Tibladin\" \/>\n<meta property=\"article:modified_time\" content=\"2025-10-17T07:53:01+00:00\" \/>\n<meta property=\"og:image\" content=\"https:\/\/tibladin.dk\/wp-content\/uploads\/2022\/10\/Marokko.jpg\" \/>\n\t<meta property=\"og:image:width\" content=\"800\" \/>\n\t<meta property=\"og:image:height\" content=\"800\" \/>\n\t<meta property=\"og:image:type\" content=\"image\/jpeg\" \/>\n<meta name=\"twitter:card\" content=\"summary_large_image\" \/>\n<meta name=\"twitter:label1\" content=\"Dur\u00e9e de lecture estim\u00e9e\" \/>\n\t<meta name=\"twitter:data1\" content=\"1 minute\" \/>\n<script type=\"application\/ld+json\" class=\"yoast-schema-graph\">{\"@context\":\"https:\\\/\\\/schema.org\",\"@graph\":[{\"@type\":\"WebPage\",\"@id\":\"https:\\\/\\\/tibladin.dk\\\/produkt\\\/plakat-marokko\\\/\",\"url\":\"https:\\\/\\\/tibladin.dk\\\/produkt\\\/plakat-marokko\\\/\",\"name\":\"Plakat MAROKKO af Claude Fevrier\",\"isPartOf\":{\"@id\":\"https:\\\/\\\/tibladin.dk\\\/#website\"},\"primaryImageOfPage\":{\"@id\":\"https:\\\/\\\/tibladin.dk\\\/produkt\\\/plakat-marokko\\\/#primaryimage\"},\"image\":{\"@id\":\"https:\\\/\\\/tibladin.dk\\\/produkt\\\/plakat-marokko\\\/#primaryimage\"},\"thumbnailUrl\":\"https:\\\/\\\/tibladin.dk\\\/wp-content\\\/uploads\\\/2022\\\/10\\\/Marokko.jpg\",\"datePublished\":\"2022-10-27T08:22:32+00:00\",\"dateModified\":\"2025-10-17T07:53:01+00:00\",\"description\":\"Plakat MAROKKO af Claude Fevrier. Smuk plakat i en lysebl\u00e5 farve med en afrikansk mand p\u00e5 vej til rabat. Stort udvalg af marokkansk plakater\",\"breadcrumb\":{\"@id\":\"https:\\\/\\\/tibladin.dk\\\/produkt\\\/plakat-marokko\\\/#breadcrumb\"},\"inLanguage\":\"fr-FR\",\"potentialAction\":[{\"@type\":\"ReadAction\",\"target\":[\"https:\\\/\\\/tibladin.dk\\\/produkt\\\/plakat-marokko\\\/\"]}]},{\"@type\":\"ImageObject\",\"inLanguage\":\"fr-FR\",\"@id\":\"https:\\\/\\\/tibladin.dk\\\/produkt\\\/plakat-marokko\\\/#primaryimage\",\"url\":\"https:\\\/\\\/tibladin.dk\\\/wp-content\\\/uploads\\\/2022\\\/10\\\/Marokko.jpg\",\"contentUrl\":\"https:\\\/\\\/tibladin.dk\\\/wp-content\\\/uploads\\\/2022\\\/10\\\/Marokko.jpg\",\"width\":800,\"height\":800,\"caption\":\"marokkansk plakat Marokko\"},{\"@type\":\"BreadcrumbList\",\"@id\":\"https:\\\/\\\/tibladin.dk\\\/produkt\\\/plakat-marokko\\\/#breadcrumb\",\"itemListElement\":[{\"@type\":\"ListItem\",\"position\":1,\"name\":\"Hjem\",\"item\":\"https:\\\/\\\/tibladin.dk\\\/\"},{\"@type\":\"ListItem\",\"position\":2,\"name\":\"Shop\",\"item\":\"https:\\\/\\\/tibladin.dk\\\/shop\\\/\"},{\"@type\":\"ListItem\",\"position\":3,\"name\":\"Plakat MAROKKO\"}]},{\"@type\":\"WebSite\",\"@id\":\"https:\\\/\\\/tibladin.dk\\\/#website\",\"url\":\"https:\\\/\\\/tibladin.dk\\\/\",\"name\":\"Tibladin\",\"description\":\"Tibladin\",\"publisher\":{\"@id\":\"https:\\\/\\\/tibladin.dk\\\/#organization\"},\"potentialAction\":[{\"@type\":\"SearchAction\",\"target\":{\"@type\":\"EntryPoint\",\"urlTemplate\":\"https:\\\/\\\/tibladin.dk\\\/?s={search_term_string}\"},\"query-input\":{\"@type\":\"PropertyValueSpecification\",\"valueRequired\":true,\"valueName\":\"search_term_string\"}}],\"inLanguage\":\"fr-FR\"},{\"@type\":\"Organization\",\"@id\":\"https:\\\/\\\/tibladin.dk\\\/#organization\",\"name\":\"Tibladin\",\"url\":\"https:\\\/\\\/tibladin.dk\\\/\",\"logo\":{\"@type\":\"ImageObject\",\"inLanguage\":\"fr-FR\",\"@id\":\"https:\\\/\\\/tibladin.dk\\\/#\\\/schema\\\/logo\\\/image\\\/\",\"url\":\"https:\\\/\\\/tibladin.dk\\\/wp-content\\\/uploads\\\/2022\\\/09\\\/tibladin_logo.svg\",\"contentUrl\":\"https:\\\/\\\/tibladin.dk\\\/wp-content\\\/uploads\\\/2022\\\/09\\\/tibladin_logo.svg\",\"caption\":\"Tibladin\"},\"image\":{\"@id\":\"https:\\\/\\\/tibladin.dk\\\/#\\\/schema\\\/logo\\\/image\\\/\"}}]}<\/script>\n<!-- \/ Yoast SEO plugin. -->","yoast_head_json":{"title":"Affiche MAROC par Claude Fevrier","description":"Affiche MAROC de Claude Fevrier. Belle affiche de couleur bleu clair avec un homme africain en route vers une remise. Grand choix d&#039;affiches marocaines","robots":{"index":"index","follow":"follow","max-snippet":"max-snippet:-1","max-image-preview":"max-image-preview:large","max-video-preview":"max-video-preview:-1"},"canonical":"https:\/\/tibladin.dk\/fr\/produit-4\/affiche-maroc\/","og_locale":"fr_FR","og_type":"article","og_title":"Plakat MAROKKO af Claude Fevrier","og_description":"Plakat MAROKKO af Claude Fevrier. Smuk plakat i en lysebl\u00e5 farve med en afrikansk mand p\u00e5 vej til rabat. Stort udvalg af marokkansk plakater","og_url":"https:\/\/tibladin.dk\/fr\/produit-4\/affiche-maroc\/","og_site_name":"Tibladin","article_modified_time":"2025-10-17T07:53:01+00:00","og_image":[{"width":800,"height":800,"url":"https:\/\/tibladin.dk\/wp-content\/uploads\/2022\/10\/Marokko.jpg","type":"image\/jpeg"}],"twitter_card":"summary_large_image","twitter_misc":{"Dur\u00e9e de lecture estim\u00e9e":"1 minute"},"schema":{"@context":"https:\/\/schema.org","@graph":[{"@type":"WebPage","@id":"https:\/\/tibladin.dk\/produkt\/plakat-marokko\/","url":"https:\/\/tibladin.dk\/produkt\/plakat-marokko\/","name":"Affiche MAROC par Claude Fevrier","isPartOf":{"@id":"https:\/\/tibladin.dk\/#website"},"primaryImageOfPage":{"@id":"https:\/\/tibladin.dk\/produkt\/plakat-marokko\/#primaryimage"},"image":{"@id":"https:\/\/tibladin.dk\/produkt\/plakat-marokko\/#primaryimage"},"thumbnailUrl":"https:\/\/tibladin.dk\/wp-content\/uploads\/2022\/10\/Marokko.jpg","datePublished":"2022-10-27T08:22:32+00:00","dateModified":"2025-10-17T07:53:01+00:00","description":"Affiche MAROC de Claude Fevrier. Belle affiche de couleur bleu clair avec un homme africain en route vers une remise. Grand choix d&#039;affiches marocaines","breadcrumb":{"@id":"https:\/\/tibladin.dk\/produkt\/plakat-marokko\/#breadcrumb"},"inLanguage":"fr-FR","potentialAction":[{"@type":"ReadAction","target":["https:\/\/tibladin.dk\/produkt\/plakat-marokko\/"]}]},{"@type":"ImageObject","inLanguage":"fr-FR","@id":"https:\/\/tibladin.dk\/produkt\/plakat-marokko\/#primaryimage","url":"https:\/\/tibladin.dk\/wp-content\/uploads\/2022\/10\/Marokko.jpg","contentUrl":"https:\/\/tibladin.dk\/wp-content\/uploads\/2022\/10\/Marokko.jpg","width":800,"height":800,"caption":"marokkansk plakat Marokko"},{"@type":"BreadcrumbList","@id":"https:\/\/tibladin.dk\/produkt\/plakat-marokko\/#breadcrumb","itemListElement":[{"@type":"ListItem","position":1,"name":"Hjem","item":"https:\/\/tibladin.dk\/"},{"@type":"ListItem","position":2,"name":"Shop","item":"https:\/\/tibladin.dk\/shop\/"},{"@type":"ListItem","position":3,"name":"Plakat MAROKKO"}]},{"@type":"WebSite","@id":"https:\/\/tibladin.dk\/#website","url":"https:\/\/tibladin.dk\/","name":"Tibladin","description":"Tibladin","publisher":{"@id":"https:\/\/tibladin.dk\/#organization"},"potentialAction":[{"@type":"SearchAction","target":{"@type":"EntryPoint","urlTemplate":"https:\/\/tibladin.dk\/?s={search_term_string}"},"query-input":{"@type":"PropertyValueSpecification","valueRequired":true,"valueName":"search_term_string"}}],"inLanguage":"fr-FR"},{"@type":"Organization","@id":"https:\/\/tibladin.dk\/#organization","name":"Tibladin","url":"https:\/\/tibladin.dk\/","logo":{"@type":"ImageObject","inLanguage":"fr-FR","@id":"https:\/\/tibladin.dk\/#\/schema\/logo\/image\/","url":"https:\/\/tibladin.dk\/wp-content\/uploads\/2022\/09\/tibladin_logo.svg","contentUrl":"https:\/\/tibladin.dk\/wp-content\/uploads\/2022\/09\/tibladin_logo.svg","caption":"Tibladin"},"image":{"@id":"https:\/\/tibladin.dk\/#\/schema\/logo\/image\/"}}]}},"_links":{"self":[{"href":"https:\/\/tibladin.dk\/fr\/wp-json\/wp\/v2\/product\/4453","targetHints":{"allow":["GET"]}}],"collection":[{"href":"https:\/\/tibladin.dk\/fr\/wp-json\/wp\/v2\/product"}],"about":[{"href":"https:\/\/tibladin.dk\/fr\/wp-json\/wp\/v2\/types\/product"}],"wp:featuredmedia":[{"embeddable":true,"href":"https:\/\/tibladin.dk\/fr\/wp-json\/wp\/v2\/media\/5263"}],"wp:attachment":[{"href":"https:\/\/tibladin.dk\/fr\/wp-json\/wp\/v2\/media?parent=4453"}],"wp:term":[{"taxonomy":"product_brand","embeddable":true,"href":"https:\/\/tibladin.dk\/fr\/wp-json\/wp\/v2\/product_brand?post=4453"},{"taxonomy":"product_cat","embeddable":true,"href":"https:\/\/tibladin.dk\/fr\/wp-json\/wp\/v2\/product_cat?post=4453"},{"taxonomy":"product_tag","embeddable":true,"href":"https:\/\/tibladin.dk\/fr\/wp-json\/wp\/v2\/product_tag?post=4453"}],"curies":[{"name":"wp","href":"https:\/\/api.w.org\/{rel}","templated":true}]}}