{"id":453,"date":"2022-09-20T11:02:17","date_gmt":"2022-09-20T09:02:17","guid":{"rendered":"https:\/\/tibladin.dk\/vare\/marokkansk-puf-i-lysebrunt-laeder\/"},"modified":"2026-05-05T17:41:01","modified_gmt":"2026-05-05T15:41:01","slug":"pouf-marocain-en-cuir-marron-clair","status":"publish","type":"product","link":"https:\/\/tibladin.dk\/fr\/produkt\/marokkansk-puf-i-lysebrunt-laeder\/","title":{"rendered":"Pouf marocain en cuir marron clair"},"content":{"rendered":"<div class=\"wpb-content-wrapper\"><div class=\"vc_row wpb_row vc_row-fluid\"><div class=\"wpb_column vc_column_container vc_col-sm-4\"><div class=\"vc_column-inner\"><div class=\"wpb_wrapper\">\n\t<div class=\"wpb_video_widget wpb_content_element vc_clearfix   vc_video-aspect-ratio-43 vc_video-el-width-100 vc_video-align-left\" >\n\t\t<div class=\"wpb_wrapper\">\n\t\t\t\n\t\t\t<div class=\"wpb_video_wrapper\"><div class=\"video-container\"><iframe loading=\"lazy\" title=\"Remplissez votre pouf marocain en cuir\" src=\"https:\/\/player.vimeo.com\/video\/417093994?dnt=1&amp;app_id=122963\" width=\"310\" height=\"310\" frameborder=\"0\" allow=\"autoplay; fullscreen; picture-in-picture\"><\/iframe><\/div><\/div>\n\t\t<\/div>\n\t<\/div>\n<\/div><\/div><\/div><div class=\"wpb_column vc_column_container vc_col-sm-4\"><div class=\"vc_column-inner\"><div class=\"wpb_wrapper\"><h3 style=\"text-align: left\" class=\"vc_custom_heading vc_do_custom_heading\" >Entretien<\/h3>\n\t<div class=\"wpb_text_column wpb_content_element\" >\n\t\t<div class=\"wpb_wrapper\">\n\t\t\t<p>Chez Tibladin, vous achetez des poufs en cuir sans rembourrage, vous pouvez donc les remplir vous-m\u00eame avec le rembourrage \u00e0 votre go\u00fbt.<\/p>\n<p>Vous pouvez facilement utiliser des objets que vous poss\u00e9dez d\u00e9j\u00e0, comme des v\u00eatements dont vous n&#039;utilisez plus, des couettes d&#039;hiver, des oreillers, des couvertures ou du journal bien froiss\u00e9.<\/p>\n<p>Vous pouvez \u00e9galement acheter des granul\u00e9s de mousse ou du rembourrage en coton pour votre pouf. Si vous utilisez ce genre de rembourrage, je peux vous recommander de coudre une housse int\u00e9rieure ou de prendre une vieille housse de couette et d&#039;y mettre le rembourrage avant de le mettre dans votre pouf.<\/p>\n<p>Les poufs en cuir sont fabriqu\u00e9s en peau de ch\u00e8vre et acquerront une belle patine avec le temps. Si vous souhaitez que votre pouf soit plus fonc\u00e9 et brillant, vous pouvez lui donner un peu d'huile pour cuir. Au d\u00e9but, lorsque vous l\u2019utilisez, ce pouf peut sentir un peu le cuir. Cette odeur dispara\u00eet rapidement. Si vous souhaitez acc\u00e9l\u00e9rer ce processus, exposez le pouf un peu au soleil et l'odeur dispara\u00eetra.<\/p>\n\n\t\t<\/div>\n\t<\/div>\n<\/div><\/div><\/div><div class=\"wpb_column vc_column_container vc_col-sm-4\"><div class=\"vc_column-inner\"><div class=\"wpb_wrapper\"><h3 style=\"text-align: left\" class=\"vc_custom_heading vc_do_custom_heading\" >L&#039;histoire derri\u00e8re<\/h3>\n\t<div class=\"wpb_text_column wpb_content_element\" >\n\t\t<div class=\"wpb_wrapper\">\n\t\t\t<p>Les petits poufs sont faciles \u00e0 ajouter \u00e0 votre d\u00e9coration et donnent un look plus exotique et une touche personnelle. Mon fournisseur de poufs a de nombreuses ann\u00e9es d\u2019exp\u00e9rience dans la fabrication de poufs de bonne qualit\u00e9 et tr\u00e8s durables qu\u2019il exporte dans plusieurs endroits \u00e0 travers le monde. Tous mes poufs sont en cuir de ch\u00e8vre, car c&#039;est ce qui donne le pouf le plus doux et le plus flexible.<\/p>\n\n\t\t<\/div>\n\t<\/div>\n<\/div><\/div><\/div><\/div>\n<\/div>","protected":false},"excerpt":{"rendered":"<p class=\"p1\"><span class=\"s1\">Votre propre oreiller marocain. Marron clair en cuir de ch\u00e8vre souple avec un beau motif brod\u00e9. 50 cm de diam\u00e8tre et 35 cm de hauteur.<\/span><\/p>\n<p class=\"p1\"><span class=\"s1\">Peut \u00eatre rempli de nombreuses choses diff\u00e9rentes : les v\u00eatements dont vous n&#039;utilisez plus, la couette d&#039;hiver, les granul\u00e9s de mousse, le journal, etc., selon la fermet\u00e9 souhait\u00e9e. Vous pouvez \u00e9galement choisir de faire livrer le pouf avec un rembourrage en laine de bois durable pour seulement 200 NOK suppl\u00e9mentaires.<\/span><\/p>","protected":false},"featured_media":11509,"template":"","meta":{"inline_featured_image":false},"product_brand":[],"product_cat":[41,40],"product_tag":[],"class_list":{"0":"post-453","1":"product","2":"type-product","3":"status-publish","4":"has-post-thumbnail","6":"product_cat-laederpufs","7":"product_cat-pufs","9":"first","10":"instock","11":"taxable","12":"shipping-taxable","13":"purchasable","14":"product-type-simple"},"exclude_global_add_ons":false,"addons":[{"name":"Souhaitez-vous que votre pouf soit livr\u00e9 avec un rembourrage en laine de bois ? \ufffc","type":"checkbox","position":0,"required":false,"title_format":"label","default":"","description_enable":false,"description":"","placeholder_enable":false,"placeholder":"","display":"select","restrictions_type":"any_text","adjust_price":false,"price":"","price_type":"flat_fee","restrictions":false,"min":"0","max":"0","options":[{"label":"Ja tak!","price":"200","price_type":"quantity_based","image":0,"visibility":true}],"id":1710440081}],"yoast_head":"<!-- This site is optimized with the Yoast SEO plugin v27.5 - https:\/\/yoast.com\/product\/yoast-seo-wordpress\/ -->\n<title>Marokkansk puf i l\u00e6der 50x50 cm med broderet m\u00f8nster | Tibladin<\/title>\n<meta name=\"description\" content=\"Marokkansk lysebrunt l\u00e6der 50x50 cm i bl\u00f8d og fleksibel kvalitet. Er lavet med ekstra syninger for at sikre en god holdbarhed.\" \/>\n<meta name=\"robots\" content=\"index, follow, max-snippet:-1, max-image-preview:large, max-video-preview:-1\" \/>\n<link rel=\"canonical\" href=\"https:\/\/tibladin.dk\/fr\/produit-4\/pouf-marocain-en-cuir-marron-clair\/\" \/>\n<meta property=\"og:locale\" content=\"fr_FR\" \/>\n<meta property=\"og:type\" content=\"article\" \/>\n<meta property=\"og:title\" content=\"Marokkansk puf i l\u00e6der 50x50 cm med broderet m\u00f8nster | Tibladin\" \/>\n<meta property=\"og:description\" content=\"Marokkansk lysebrunt l\u00e6der 50x50 cm i bl\u00f8d og fleksibel kvalitet. Er lavet med ekstra syninger for at sikre en god holdbarhed.\" \/>\n<meta property=\"og:url\" content=\"https:\/\/tibladin.dk\/fr\/produit-4\/pouf-marocain-en-cuir-marron-clair\/\" \/>\n<meta property=\"og:site_name\" content=\"Tibladin\" \/>\n<meta property=\"article:modified_time\" content=\"2026-05-05T15:41:01+00:00\" \/>\n<meta property=\"og:image\" content=\"https:\/\/tibladin.dk\/wp-content\/uploads\/2022\/09\/Lysebrun-puf.jpg\" \/>\n\t<meta property=\"og:image:width\" content=\"800\" \/>\n\t<meta property=\"og:image:height\" content=\"800\" \/>\n\t<meta property=\"og:image:type\" content=\"image\/jpeg\" \/>\n<meta name=\"twitter:card\" content=\"summary_large_image\" \/>\n<meta name=\"twitter:label1\" content=\"Dur\u00e9e de lecture estim\u00e9e\" \/>\n\t<meta name=\"twitter:data1\" content=\"2 minutes\" \/>\n<script type=\"application\/ld+json\" class=\"yoast-schema-graph\">{\"@context\":\"https:\\\/\\\/schema.org\",\"@graph\":[{\"@type\":\"WebPage\",\"@id\":\"https:\\\/\\\/tibladin.dk\\\/produkt\\\/marokkansk-puf-i-lysebrunt-laeder\\\/\",\"url\":\"https:\\\/\\\/tibladin.dk\\\/produkt\\\/marokkansk-puf-i-lysebrunt-laeder\\\/\",\"name\":\"Marokkansk puf i l\u00e6der 50x50 cm med broderet m\u00f8nster | Tibladin\",\"isPartOf\":{\"@id\":\"https:\\\/\\\/tibladin.dk\\\/#website\"},\"primaryImageOfPage\":{\"@id\":\"https:\\\/\\\/tibladin.dk\\\/produkt\\\/marokkansk-puf-i-lysebrunt-laeder\\\/#primaryimage\"},\"image\":{\"@id\":\"https:\\\/\\\/tibladin.dk\\\/produkt\\\/marokkansk-puf-i-lysebrunt-laeder\\\/#primaryimage\"},\"thumbnailUrl\":\"https:\\\/\\\/tibladin.dk\\\/wp-content\\\/uploads\\\/2022\\\/09\\\/Lysebrun-puf.jpg\",\"datePublished\":\"2022-09-20T09:02:17+00:00\",\"dateModified\":\"2026-05-05T15:41:01+00:00\",\"description\":\"Marokkansk lysebrunt l\u00e6der 50x50 cm i bl\u00f8d og fleksibel kvalitet. Er lavet med ekstra syninger for at sikre en god holdbarhed.\",\"breadcrumb\":{\"@id\":\"https:\\\/\\\/tibladin.dk\\\/produkt\\\/marokkansk-puf-i-lysebrunt-laeder\\\/#breadcrumb\"},\"inLanguage\":\"fr-FR\",\"potentialAction\":[{\"@type\":\"ReadAction\",\"target\":[\"https:\\\/\\\/tibladin.dk\\\/produkt\\\/marokkansk-puf-i-lysebrunt-laeder\\\/\"]}]},{\"@type\":\"ImageObject\",\"inLanguage\":\"fr-FR\",\"@id\":\"https:\\\/\\\/tibladin.dk\\\/produkt\\\/marokkansk-puf-i-lysebrunt-laeder\\\/#primaryimage\",\"url\":\"https:\\\/\\\/tibladin.dk\\\/wp-content\\\/uploads\\\/2022\\\/09\\\/Lysebrun-puf.jpg\",\"contentUrl\":\"https:\\\/\\\/tibladin.dk\\\/wp-content\\\/uploads\\\/2022\\\/09\\\/Lysebrun-puf.jpg\",\"width\":800,\"height\":800,\"caption\":\"Lysebrun puf\"},{\"@type\":\"BreadcrumbList\",\"@id\":\"https:\\\/\\\/tibladin.dk\\\/produkt\\\/marokkansk-puf-i-lysebrunt-laeder\\\/#breadcrumb\",\"itemListElement\":[{\"@type\":\"ListItem\",\"position\":1,\"name\":\"Hjem\",\"item\":\"https:\\\/\\\/tibladin.dk\\\/\"},{\"@type\":\"ListItem\",\"position\":2,\"name\":\"Shop\",\"item\":\"https:\\\/\\\/tibladin.dk\\\/shop\\\/\"},{\"@type\":\"ListItem\",\"position\":3,\"name\":\"Marokkansk puf i lysebrunt l\u00e6der\"}]},{\"@type\":\"WebSite\",\"@id\":\"https:\\\/\\\/tibladin.dk\\\/#website\",\"url\":\"https:\\\/\\\/tibladin.dk\\\/\",\"name\":\"Tibladin\",\"description\":\"Tibladin\",\"publisher\":{\"@id\":\"https:\\\/\\\/tibladin.dk\\\/#organization\"},\"potentialAction\":[{\"@type\":\"SearchAction\",\"target\":{\"@type\":\"EntryPoint\",\"urlTemplate\":\"https:\\\/\\\/tibladin.dk\\\/?s={search_term_string}\"},\"query-input\":{\"@type\":\"PropertyValueSpecification\",\"valueRequired\":true,\"valueName\":\"search_term_string\"}}],\"inLanguage\":\"fr-FR\"},{\"@type\":\"Organization\",\"@id\":\"https:\\\/\\\/tibladin.dk\\\/#organization\",\"name\":\"Tibladin\",\"url\":\"https:\\\/\\\/tibladin.dk\\\/\",\"logo\":{\"@type\":\"ImageObject\",\"inLanguage\":\"fr-FR\",\"@id\":\"https:\\\/\\\/tibladin.dk\\\/#\\\/schema\\\/logo\\\/image\\\/\",\"url\":\"https:\\\/\\\/tibladin.dk\\\/wp-content\\\/uploads\\\/2022\\\/09\\\/tibladin_logo.svg\",\"contentUrl\":\"https:\\\/\\\/tibladin.dk\\\/wp-content\\\/uploads\\\/2022\\\/09\\\/tibladin_logo.svg\",\"caption\":\"Tibladin\"},\"image\":{\"@id\":\"https:\\\/\\\/tibladin.dk\\\/#\\\/schema\\\/logo\\\/image\\\/\"}}]}<\/script>\n<!-- \/ Yoast SEO plugin. -->","yoast_head_json":{"title":"Pouf marocain en cuir 50x50 cm avec motif brod\u00e9 | Tibladine","description":"Cuir marocain marron clair 50x50 cm de qualit\u00e9 souple et flexible. Fabriqu\u00e9 avec des coutures suppl\u00e9mentaires pour garantir une bonne durabilit\u00e9.","robots":{"index":"index","follow":"follow","max-snippet":"max-snippet:-1","max-image-preview":"max-image-preview:large","max-video-preview":"max-video-preview:-1"},"canonical":"https:\/\/tibladin.dk\/fr\/produit-4\/pouf-marocain-en-cuir-marron-clair\/","og_locale":"fr_FR","og_type":"article","og_title":"Marokkansk puf i l\u00e6der 50x50 cm med broderet m\u00f8nster | Tibladin","og_description":"Marokkansk lysebrunt l\u00e6der 50x50 cm i bl\u00f8d og fleksibel kvalitet. Er lavet med ekstra syninger for at sikre en god holdbarhed.","og_url":"https:\/\/tibladin.dk\/fr\/produit-4\/pouf-marocain-en-cuir-marron-clair\/","og_site_name":"Tibladin","article_modified_time":"2026-05-05T15:41:01+00:00","og_image":[{"width":800,"height":800,"url":"https:\/\/tibladin.dk\/wp-content\/uploads\/2022\/09\/Lysebrun-puf.jpg","type":"image\/jpeg"}],"twitter_card":"summary_large_image","twitter_misc":{"Dur\u00e9e de lecture estim\u00e9e":"2 minutes"},"schema":{"@context":"https:\/\/schema.org","@graph":[{"@type":"WebPage","@id":"https:\/\/tibladin.dk\/produkt\/marokkansk-puf-i-lysebrunt-laeder\/","url":"https:\/\/tibladin.dk\/produkt\/marokkansk-puf-i-lysebrunt-laeder\/","name":"Pouf marocain en cuir 50x50 cm avec motif brod\u00e9 | Tibladine","isPartOf":{"@id":"https:\/\/tibladin.dk\/#website"},"primaryImageOfPage":{"@id":"https:\/\/tibladin.dk\/produkt\/marokkansk-puf-i-lysebrunt-laeder\/#primaryimage"},"image":{"@id":"https:\/\/tibladin.dk\/produkt\/marokkansk-puf-i-lysebrunt-laeder\/#primaryimage"},"thumbnailUrl":"https:\/\/tibladin.dk\/wp-content\/uploads\/2022\/09\/Lysebrun-puf.jpg","datePublished":"2022-09-20T09:02:17+00:00","dateModified":"2026-05-05T15:41:01+00:00","description":"Cuir marocain marron clair 50x50 cm de qualit\u00e9 souple et flexible. Fabriqu\u00e9 avec des coutures suppl\u00e9mentaires pour garantir une bonne durabilit\u00e9.","breadcrumb":{"@id":"https:\/\/tibladin.dk\/produkt\/marokkansk-puf-i-lysebrunt-laeder\/#breadcrumb"},"inLanguage":"fr-FR","potentialAction":[{"@type":"ReadAction","target":["https:\/\/tibladin.dk\/produkt\/marokkansk-puf-i-lysebrunt-laeder\/"]}]},{"@type":"ImageObject","inLanguage":"fr-FR","@id":"https:\/\/tibladin.dk\/produkt\/marokkansk-puf-i-lysebrunt-laeder\/#primaryimage","url":"https:\/\/tibladin.dk\/wp-content\/uploads\/2022\/09\/Lysebrun-puf.jpg","contentUrl":"https:\/\/tibladin.dk\/wp-content\/uploads\/2022\/09\/Lysebrun-puf.jpg","width":800,"height":800,"caption":"Lysebrun puf"},{"@type":"BreadcrumbList","@id":"https:\/\/tibladin.dk\/produkt\/marokkansk-puf-i-lysebrunt-laeder\/#breadcrumb","itemListElement":[{"@type":"ListItem","position":1,"name":"Hjem","item":"https:\/\/tibladin.dk\/"},{"@type":"ListItem","position":2,"name":"Shop","item":"https:\/\/tibladin.dk\/shop\/"},{"@type":"ListItem","position":3,"name":"Marokkansk puf i lysebrunt l\u00e6der"}]},{"@type":"WebSite","@id":"https:\/\/tibladin.dk\/#website","url":"https:\/\/tibladin.dk\/","name":"Tibladin","description":"Tibladin","publisher":{"@id":"https:\/\/tibladin.dk\/#organization"},"potentialAction":[{"@type":"SearchAction","target":{"@type":"EntryPoint","urlTemplate":"https:\/\/tibladin.dk\/?s={search_term_string}"},"query-input":{"@type":"PropertyValueSpecification","valueRequired":true,"valueName":"search_term_string"}}],"inLanguage":"fr-FR"},{"@type":"Organization","@id":"https:\/\/tibladin.dk\/#organization","name":"Tibladin","url":"https:\/\/tibladin.dk\/","logo":{"@type":"ImageObject","inLanguage":"fr-FR","@id":"https:\/\/tibladin.dk\/#\/schema\/logo\/image\/","url":"https:\/\/tibladin.dk\/wp-content\/uploads\/2022\/09\/tibladin_logo.svg","contentUrl":"https:\/\/tibladin.dk\/wp-content\/uploads\/2022\/09\/tibladin_logo.svg","caption":"Tibladin"},"image":{"@id":"https:\/\/tibladin.dk\/#\/schema\/logo\/image\/"}}]}},"_links":{"self":[{"href":"https:\/\/tibladin.dk\/fr\/wp-json\/wp\/v2\/product\/453","targetHints":{"allow":["GET"]}}],"collection":[{"href":"https:\/\/tibladin.dk\/fr\/wp-json\/wp\/v2\/product"}],"about":[{"href":"https:\/\/tibladin.dk\/fr\/wp-json\/wp\/v2\/types\/product"}],"wp:featuredmedia":[{"embeddable":true,"href":"https:\/\/tibladin.dk\/fr\/wp-json\/wp\/v2\/media\/11509"}],"wp:attachment":[{"href":"https:\/\/tibladin.dk\/fr\/wp-json\/wp\/v2\/media?parent=453"}],"wp:term":[{"taxonomy":"product_brand","embeddable":true,"href":"https:\/\/tibladin.dk\/fr\/wp-json\/wp\/v2\/product_brand?post=453"},{"taxonomy":"product_cat","embeddable":true,"href":"https:\/\/tibladin.dk\/fr\/wp-json\/wp\/v2\/product_cat?post=453"},{"taxonomy":"product_tag","embeddable":true,"href":"https:\/\/tibladin.dk\/fr\/wp-json\/wp\/v2\/product_tag?post=453"}],"curies":[{"name":"wp","href":"https:\/\/api.w.org\/{rel}","templated":true}]}}