{"id":460,"date":"2022-09-20T11:02:20","date_gmt":"2022-09-20T09:02:20","guid":{"rendered":"https:\/\/tibladin.dk\/vare\/skammel-med-snorflet\/"},"modified":"2026-01-08T15:56:54","modified_gmt":"2026-01-08T14:56:54","slug":"tabouret-avec-tresse-de-corde","status":"publish","type":"product","link":"https:\/\/tibladin.dk\/fr\/produkt\/skammel-med-snorflet\/","title":{"rendered":"Tabouret avec tresse de corde - bleu&amp; beige"},"content":{"rendered":"<div class=\"wpb-content-wrapper\"><div class=\"vc_row wpb_row vc_row-fluid\"><div class=\"wpb_column vc_column_container vc_col-sm-4\"><div class=\"vc_column-inner\"><div class=\"wpb_wrapper\"><\/div><\/div><\/div><div class=\"wpb_column vc_column_container vc_col-sm-4\"><div class=\"vc_column-inner\"><div class=\"wpb_wrapper\"><h3 style=\"text-align: left\" class=\"vc_custom_heading vc_do_custom_heading\" >Entretien<\/h3>\n\t<div class=\"wpb_text_column wpb_content_element\" >\n\t\t<div class=\"wpb_wrapper\">\n\t\t\t<p>Les tabourets en corde tress\u00e9e peuvent facilement \u00eatre essuy\u00e9s avec un chiffon humide.<\/p>\n\n\t\t<\/div>\n\t<\/div>\n<\/div><\/div><\/div><div class=\"wpb_column vc_column_container vc_col-sm-4\"><div class=\"vc_column-inner\"><div class=\"wpb_wrapper\"><h3 style=\"text-align: left\" class=\"vc_custom_heading vc_do_custom_heading\" >L&#039;histoire derri\u00e8re<\/h3>\n\t<div class=\"wpb_text_column wpb_content_element\" >\n\t\t<div class=\"wpb_wrapper\">\n\t\t\t<p><span style=\"font-weight: 400;\">Les tabourets, qu&#039;ils soient petits ou grands, sont une fa\u00e7on simple et efficace d&#039;agr\u00e9menter votre int\u00e9rieur et d&#039;y cr\u00e9er une ambiance exotique et personnelle. Ils apportent vie, chaleur et vari\u00e9t\u00e9, et se transforment en v\u00e9ritables petits objets d&#039;art pour votre maison. Tous mes tabourets sont fabriqu\u00e9s \u00e0 la main, ce qui les rend uniques. Je s\u00e9lectionne avec le plus grand soin les mat\u00e9riaux et les couleurs, et propose des tabourets en bois avec des cordes tress\u00e9es dans des teintes raffin\u00e9es et soigneusement choisies, qui, ensemble, cr\u00e9ent une \u00e9l\u00e9gante expression boh\u00e8me.<\/span><\/p>\n<p><span style=\"font-weight: 400;\">Ces tabourets ronds sont en bois, et un d\u00e9tail charmant et original les distingue : l&#039;utilisation d&#039;un pneu recycl\u00e9 pour la fabrication de l&#039;assise. Solution \u00e0 la fois ludique et cr\u00e9ative, elle conf\u00e8re au meuble une histoire inattendue et une touche de modernit\u00e9. Un objet autrefois destin\u00e9 \u00e0 une toute autre fonction trouve ainsi une nouvelle vie et une nouvelle utilit\u00e9 dans la maison \u2013 transform\u00e9 de d\u00e9chet industriel en un meuble esth\u00e9tique et fonctionnel. Cette transformation donne du caract\u00e8re au tabouret et en fait un sujet de conversation qui suscite la curiosit\u00e9 et l&#039;enthousiasme.<\/span><\/p>\n<p><span style=\"font-weight: 400;\">Parall\u00e8lement, l&#039;utilisation de pneus constitue un choix durable et judicieux. Les pneus sont g\u00e9n\u00e9ralement difficiles \u00e0 recycler et finissent souvent par polluer l&#039;environnement. Leur recyclage dans la fabrication de meubles permet d&#039;allonger consid\u00e9rablement la dur\u00e9e de vie du mat\u00e9riau et de r\u00e9duire le besoin en mati\u00e8res premi\u00e8res vierges. L&#039;alliance du recyclage, du savoir-faire artisanal et de l&#039;esth\u00e9tique d\u00e9montre que durabilit\u00e9 et design peuvent parfaitement s&#039;harmoniser sans compromis sur la qualit\u00e9 ni l&#039;expression artistique.<\/span><\/p>\n<p><span style=\"font-weight: 400;\">L&#039;utilisation d&#039;un pneu comme base pour le tressage conf\u00e8re au tabouret une structure robuste et durable, le rendant id\u00e9al pour un usage quotidien. Ceci illustre la volont\u00e9 de Tibladin de cr\u00e9er des meubles \u00e0 la fois esth\u00e9tiques et responsables\u00a0: des meubles empreints d&#039;histoire et respectueux de l&#039;environnement et des personnes.<\/span><\/p>\n<p><span style=\"font-weight: 400;\">Ces tabourets sont fabriqu\u00e9s artisanalement par des femmes d&#039;une coop\u00e9rative situ\u00e9e au sud de Marrakech. Cette coop\u00e9rative emploie environ 160 femmes et contribue grandement \u00e0 l&#039;am\u00e9lioration des conditions de vie de nombreuses familles de ce petit village. En choisissant ce tabouret, vous acqu\u00e9rez non seulement un meuble \u00e0 la fois esth\u00e9tique et fonctionnel, mais vous soutenez \u00e9galement l&#039;artisanat traditionnel, une production durable et l&#039;\u00e9mancipation \u00e9conomique des femmes.<\/span><\/p>\n\n\t\t<\/div>\n\t<\/div>\n<\/div><\/div><\/div><\/div>\n<\/div>","protected":false},"excerpt":{"rendered":"<p class=\"p1\"><span class=\"s1\">Banc en bois et cordes tress\u00e9es au motif fin aux couleurs bleu et marron. <\/span><\/p>\n<p class=\"p1\"><span class=\"s1\">Un meuble l\u00e9ger \u00e0 ajouter \u00e0 votre int\u00e9rieur pour une expression personnelle. Convient par ex. bon dans la chambre, dans le couloir et dans la salle de bain.<\/span><\/p>\n<p>Le tabouret mesure environ 63 cm de longueur, 37 cm de largeur et 33 cm de hauteur. Il peut y avoir de l\u00e9g\u00e8res diff\u00e9rences dans les mesures car les tabourets sont fabriqu\u00e9s \u00e0 la main.<\/p>","protected":false},"featured_media":454,"template":"","meta":{"inline_featured_image":false},"product_brand":[],"product_cat":[36,39,49],"product_tag":[],"class_list":{"0":"post-460","1":"product","2":"type-product","3":"status-publish","4":"has-post-thumbnail","6":"product_cat-gaver-til-under-500-kr","7":"product_cat-moebler","8":"product_cat-skamler","10":"first","11":"instock","12":"featured","13":"taxable","14":"shipping-taxable","15":"purchasable","16":"product-type-simple"},"exclude_global_add_ons":[],"addons":[],"yoast_head":"<!-- This site is optimized with the Yoast SEO plugin v27.4 - https:\/\/yoast.com\/product\/yoast-seo-wordpress\/ -->\n<title>B\u00e6nk\/Skammel i tr\u00e6 med snor flet | Tibladin<\/title>\n<meta name=\"description\" content=\"Skammel\/b\u00e6nk med flet af snore i bl\u00e5 og brune nuancer.Kan let tils\u00e6ttes din indretning og give et personligt og bo\u00eame udtryk.\" \/>\n<meta name=\"robots\" content=\"index, follow, max-snippet:-1, max-image-preview:large, max-video-preview:-1\" \/>\n<link rel=\"canonical\" href=\"https:\/\/tibladin.dk\/fr\/produit-4\/tabouret-avec-tresse-de-corde\/\" \/>\n<meta property=\"og:locale\" content=\"fr_FR\" \/>\n<meta property=\"og:type\" content=\"article\" \/>\n<meta property=\"og:title\" content=\"B\u00e6nk\/Skammel i tr\u00e6 med snor flet | Tibladin\" \/>\n<meta property=\"og:description\" content=\"Skammel\/b\u00e6nk med flet af snore i bl\u00e5 og brune nuancer.Kan let tils\u00e6ttes din indretning og give et personligt og bo\u00eame udtryk.\" \/>\n<meta property=\"og:url\" content=\"https:\/\/tibladin.dk\/fr\/produit-4\/tabouret-avec-tresse-de-corde\/\" \/>\n<meta property=\"og:site_name\" content=\"Tibladin\" \/>\n<meta property=\"article:modified_time\" content=\"2026-01-08T14:56:54+00:00\" \/>\n<meta property=\"og:image\" content=\"https:\/\/tibladin.dk\/wp-content\/uploads\/2022\/09\/Tibladin_baenk_snorflet_2_800x800-1.jpg\" \/>\n\t<meta property=\"og:image:width\" content=\"800\" \/>\n\t<meta property=\"og:image:height\" content=\"800\" \/>\n\t<meta property=\"og:image:type\" content=\"image\/jpeg\" \/>\n<meta name=\"twitter:card\" content=\"summary_large_image\" \/>\n<meta name=\"twitter:label1\" content=\"Dur\u00e9e de lecture estim\u00e9e\" \/>\n\t<meta name=\"twitter:data1\" content=\"2 minutes\" \/>\n<script type=\"application\/ld+json\" class=\"yoast-schema-graph\">{\"@context\":\"https:\\\/\\\/schema.org\",\"@graph\":[{\"@type\":\"WebPage\",\"@id\":\"https:\\\/\\\/tibladin.dk\\\/produkt\\\/skammel-med-snorflet\\\/\",\"url\":\"https:\\\/\\\/tibladin.dk\\\/produkt\\\/skammel-med-snorflet\\\/\",\"name\":\"B\u00e6nk\\\/Skammel i tr\u00e6 med snor flet | Tibladin\",\"isPartOf\":{\"@id\":\"https:\\\/\\\/tibladin.dk\\\/#website\"},\"primaryImageOfPage\":{\"@id\":\"https:\\\/\\\/tibladin.dk\\\/produkt\\\/skammel-med-snorflet\\\/#primaryimage\"},\"image\":{\"@id\":\"https:\\\/\\\/tibladin.dk\\\/produkt\\\/skammel-med-snorflet\\\/#primaryimage\"},\"thumbnailUrl\":\"https:\\\/\\\/tibladin.dk\\\/wp-content\\\/uploads\\\/2022\\\/09\\\/Tibladin_baenk_snorflet_2_800x800-1.jpg\",\"datePublished\":\"2022-09-20T09:02:20+00:00\",\"dateModified\":\"2026-01-08T14:56:54+00:00\",\"description\":\"Skammel\\\/b\u00e6nk med flet af snore i bl\u00e5 og brune nuancer.Kan let tils\u00e6ttes din indretning og give et personligt og bo\u00eame udtryk.\",\"breadcrumb\":{\"@id\":\"https:\\\/\\\/tibladin.dk\\\/produkt\\\/skammel-med-snorflet\\\/#breadcrumb\"},\"inLanguage\":\"fr-FR\",\"potentialAction\":[{\"@type\":\"ReadAction\",\"target\":[\"https:\\\/\\\/tibladin.dk\\\/produkt\\\/skammel-med-snorflet\\\/\"]}]},{\"@type\":\"ImageObject\",\"inLanguage\":\"fr-FR\",\"@id\":\"https:\\\/\\\/tibladin.dk\\\/produkt\\\/skammel-med-snorflet\\\/#primaryimage\",\"url\":\"https:\\\/\\\/tibladin.dk\\\/wp-content\\\/uploads\\\/2022\\\/09\\\/Tibladin_baenk_snorflet_2_800x800-1.jpg\",\"contentUrl\":\"https:\\\/\\\/tibladin.dk\\\/wp-content\\\/uploads\\\/2022\\\/09\\\/Tibladin_baenk_snorflet_2_800x800-1.jpg\",\"width\":800,\"height\":800,\"caption\":\"Marokkansk skammel\"},{\"@type\":\"BreadcrumbList\",\"@id\":\"https:\\\/\\\/tibladin.dk\\\/produkt\\\/skammel-med-snorflet\\\/#breadcrumb\",\"itemListElement\":[{\"@type\":\"ListItem\",\"position\":1,\"name\":\"Hjem\",\"item\":\"https:\\\/\\\/tibladin.dk\\\/\"},{\"@type\":\"ListItem\",\"position\":2,\"name\":\"Shop\",\"item\":\"https:\\\/\\\/tibladin.dk\\\/shop\\\/\"},{\"@type\":\"ListItem\",\"position\":3,\"name\":\"Skammel med snorflet\"}]},{\"@type\":\"WebSite\",\"@id\":\"https:\\\/\\\/tibladin.dk\\\/#website\",\"url\":\"https:\\\/\\\/tibladin.dk\\\/\",\"name\":\"Tibladin\",\"description\":\"Tibladin\",\"publisher\":{\"@id\":\"https:\\\/\\\/tibladin.dk\\\/#organization\"},\"potentialAction\":[{\"@type\":\"SearchAction\",\"target\":{\"@type\":\"EntryPoint\",\"urlTemplate\":\"https:\\\/\\\/tibladin.dk\\\/?s={search_term_string}\"},\"query-input\":{\"@type\":\"PropertyValueSpecification\",\"valueRequired\":true,\"valueName\":\"search_term_string\"}}],\"inLanguage\":\"fr-FR\"},{\"@type\":\"Organization\",\"@id\":\"https:\\\/\\\/tibladin.dk\\\/#organization\",\"name\":\"Tibladin\",\"url\":\"https:\\\/\\\/tibladin.dk\\\/\",\"logo\":{\"@type\":\"ImageObject\",\"inLanguage\":\"fr-FR\",\"@id\":\"https:\\\/\\\/tibladin.dk\\\/#\\\/schema\\\/logo\\\/image\\\/\",\"url\":\"https:\\\/\\\/tibladin.dk\\\/wp-content\\\/uploads\\\/2022\\\/09\\\/tibladin_logo.svg\",\"contentUrl\":\"https:\\\/\\\/tibladin.dk\\\/wp-content\\\/uploads\\\/2022\\\/09\\\/tibladin_logo.svg\",\"caption\":\"Tibladin\"},\"image\":{\"@id\":\"https:\\\/\\\/tibladin.dk\\\/#\\\/schema\\\/logo\\\/image\\\/\"}}]}<\/script>\n<!-- \/ Yoast SEO plugin. -->","yoast_head_json":{"title":"Banc\/Tabouret en bois avec corde en osier | Tibladine","description":"Tabouret\/banc avec cordes tress\u00e9es dans les tons bleu et marron, s&#039;ajoutera facilement \u00e0 votre d\u00e9coration et donnera un look personnel et boh\u00e8me.","robots":{"index":"index","follow":"follow","max-snippet":"max-snippet:-1","max-image-preview":"max-image-preview:large","max-video-preview":"max-video-preview:-1"},"canonical":"https:\/\/tibladin.dk\/fr\/produit-4\/tabouret-avec-tresse-de-corde\/","og_locale":"fr_FR","og_type":"article","og_title":"B\u00e6nk\/Skammel i tr\u00e6 med snor flet | Tibladin","og_description":"Skammel\/b\u00e6nk med flet af snore i bl\u00e5 og brune nuancer.Kan let tils\u00e6ttes din indretning og give et personligt og bo\u00eame udtryk.","og_url":"https:\/\/tibladin.dk\/fr\/produit-4\/tabouret-avec-tresse-de-corde\/","og_site_name":"Tibladin","article_modified_time":"2026-01-08T14:56:54+00:00","og_image":[{"width":800,"height":800,"url":"https:\/\/tibladin.dk\/wp-content\/uploads\/2022\/09\/Tibladin_baenk_snorflet_2_800x800-1.jpg","type":"image\/jpeg"}],"twitter_card":"summary_large_image","twitter_misc":{"Dur\u00e9e de lecture estim\u00e9e":"2 minutes"},"schema":{"@context":"https:\/\/schema.org","@graph":[{"@type":"WebPage","@id":"https:\/\/tibladin.dk\/produkt\/skammel-med-snorflet\/","url":"https:\/\/tibladin.dk\/produkt\/skammel-med-snorflet\/","name":"Banc\/Tabouret en bois avec corde en osier | Tibladine","isPartOf":{"@id":"https:\/\/tibladin.dk\/#website"},"primaryImageOfPage":{"@id":"https:\/\/tibladin.dk\/produkt\/skammel-med-snorflet\/#primaryimage"},"image":{"@id":"https:\/\/tibladin.dk\/produkt\/skammel-med-snorflet\/#primaryimage"},"thumbnailUrl":"https:\/\/tibladin.dk\/wp-content\/uploads\/2022\/09\/Tibladin_baenk_snorflet_2_800x800-1.jpg","datePublished":"2022-09-20T09:02:20+00:00","dateModified":"2026-01-08T14:56:54+00:00","description":"Tabouret\/banc avec cordes tress\u00e9es dans les tons bleu et marron, s&#039;ajoutera facilement \u00e0 votre d\u00e9coration et donnera un look personnel et boh\u00e8me.","breadcrumb":{"@id":"https:\/\/tibladin.dk\/produkt\/skammel-med-snorflet\/#breadcrumb"},"inLanguage":"fr-FR","potentialAction":[{"@type":"ReadAction","target":["https:\/\/tibladin.dk\/produkt\/skammel-med-snorflet\/"]}]},{"@type":"ImageObject","inLanguage":"fr-FR","@id":"https:\/\/tibladin.dk\/produkt\/skammel-med-snorflet\/#primaryimage","url":"https:\/\/tibladin.dk\/wp-content\/uploads\/2022\/09\/Tibladin_baenk_snorflet_2_800x800-1.jpg","contentUrl":"https:\/\/tibladin.dk\/wp-content\/uploads\/2022\/09\/Tibladin_baenk_snorflet_2_800x800-1.jpg","width":800,"height":800,"caption":"Marokkansk skammel"},{"@type":"BreadcrumbList","@id":"https:\/\/tibladin.dk\/produkt\/skammel-med-snorflet\/#breadcrumb","itemListElement":[{"@type":"ListItem","position":1,"name":"Hjem","item":"https:\/\/tibladin.dk\/"},{"@type":"ListItem","position":2,"name":"Shop","item":"https:\/\/tibladin.dk\/shop\/"},{"@type":"ListItem","position":3,"name":"Skammel med snorflet"}]},{"@type":"WebSite","@id":"https:\/\/tibladin.dk\/#website","url":"https:\/\/tibladin.dk\/","name":"Tibladin","description":"Tibladin","publisher":{"@id":"https:\/\/tibladin.dk\/#organization"},"potentialAction":[{"@type":"SearchAction","target":{"@type":"EntryPoint","urlTemplate":"https:\/\/tibladin.dk\/?s={search_term_string}"},"query-input":{"@type":"PropertyValueSpecification","valueRequired":true,"valueName":"search_term_string"}}],"inLanguage":"fr-FR"},{"@type":"Organization","@id":"https:\/\/tibladin.dk\/#organization","name":"Tibladin","url":"https:\/\/tibladin.dk\/","logo":{"@type":"ImageObject","inLanguage":"fr-FR","@id":"https:\/\/tibladin.dk\/#\/schema\/logo\/image\/","url":"https:\/\/tibladin.dk\/wp-content\/uploads\/2022\/09\/tibladin_logo.svg","contentUrl":"https:\/\/tibladin.dk\/wp-content\/uploads\/2022\/09\/tibladin_logo.svg","caption":"Tibladin"},"image":{"@id":"https:\/\/tibladin.dk\/#\/schema\/logo\/image\/"}}]}},"_links":{"self":[{"href":"https:\/\/tibladin.dk\/fr\/wp-json\/wp\/v2\/product\/460","targetHints":{"allow":["GET"]}}],"collection":[{"href":"https:\/\/tibladin.dk\/fr\/wp-json\/wp\/v2\/product"}],"about":[{"href":"https:\/\/tibladin.dk\/fr\/wp-json\/wp\/v2\/types\/product"}],"wp:featuredmedia":[{"embeddable":true,"href":"https:\/\/tibladin.dk\/fr\/wp-json\/wp\/v2\/media\/454"}],"wp:attachment":[{"href":"https:\/\/tibladin.dk\/fr\/wp-json\/wp\/v2\/media?parent=460"}],"wp:term":[{"taxonomy":"product_brand","embeddable":true,"href":"https:\/\/tibladin.dk\/fr\/wp-json\/wp\/v2\/product_brand?post=460"},{"taxonomy":"product_cat","embeddable":true,"href":"https:\/\/tibladin.dk\/fr\/wp-json\/wp\/v2\/product_cat?post=460"},{"taxonomy":"product_tag","embeddable":true,"href":"https:\/\/tibladin.dk\/fr\/wp-json\/wp\/v2\/product_tag?post=460"}],"curies":[{"name":"wp","href":"https:\/\/api.w.org\/{rel}","templated":true}]}}