{"id":4623,"date":"2022-10-31T10:31:05","date_gmt":"2022-10-31T09:31:05","guid":{"rendered":"https:\/\/tibladin.dk\/?post_type=product&#038;p=4623"},"modified":"2025-11-09T15:45:09","modified_gmt":"2025-11-09T14:45:09","slug":"chaussons-bebe-vert-sauge","status":"publish","type":"product","link":"https:\/\/tibladin.dk\/fr\/produkt\/slippers-boern-vert-sauge\/","title":{"rendered":"Babouches enfant - VERT SAUGE"},"content":{"rendered":"<div class=\"wpb-content-wrapper\"><div class=\"vc_row wpb_row vc_row-fluid\"><div class=\"wpb_column vc_column_container vc_col-sm-4\"><div class=\"vc_column-inner\"><div class=\"wpb_wrapper\"><\/div><\/div><\/div><div class=\"wpb_column vc_column_container vc_col-sm-4\"><div class=\"vc_column-inner\"><div class=\"wpb_wrapper\"><h3 style=\"text-align: left\" class=\"vc_custom_heading vc_do_custom_heading\" >Guide des tailles Chaussons enfant<\/h3>\n\t<div class=\"wpb_text_column wpb_content_element\" >\n\t\t<div class=\"wpb_wrapper\">\n\t\t\t<p>Guide des tailles enfants - env. But:<\/p>\n<p>27\u00a0:\u00a017,3 cm.<\/p>\n<p>28\u00a0:\u00a018 cm.<\/p>\n<p>29\u00a0: 18,5 cm.<\/p>\n<p>30\u00a0: 19,2 cm.<\/p>\n<p>31\u00a0: 20 cm.<\/p>\n<p>32\u00a0: 20,7 cm.<\/p>\n<p>33\u00a0:\u00a021,5 cm.<\/p>\n<p>34\u00a0:\u00a022,2 cm.<\/p>\n\n\t\t<\/div>\n\t<\/div>\n<\/div><\/div><\/div><div class=\"wpb_column vc_column_container vc_col-sm-4\"><div class=\"vc_column-inner\"><div class=\"wpb_wrapper\"><h3 style=\"text-align: left\" class=\"vc_custom_heading vc_do_custom_heading\" >L&#039;histoire des enfants de Slipper<\/h3>\n\t<div class=\"wpb_text_column wpb_content_element\" >\n\t\t<div class=\"wpb_wrapper\">\n\t\t\t<p><i>Babouches\u00a0<\/i>sont des pantoufles marocaines classiques.<\/p>\n<p>Ils sont fabriqu\u00e9s \u00e0 la main de mani\u00e8re traditionnelle au Maroc. Ceux-ci sont fabriqu\u00e9s en coton et ont une doublure douce et soyeuse \u00e0 l&#039;int\u00e9rieur et sous la base et des feuilles d\u00e9coratives en cuir. Avec leurs nombreuses couleurs et motifs diff\u00e9rents, ils s&#039;int\u00e8grent \u00e0 la plupart des tenues et ajoutent une d\u00e9licieuse touche boh\u00e8me \u00e0 un look scandinave. Au Maroc, on les utilise aussi bien \u00e0 l&#039;ext\u00e9rieur qu&#039;\u00e0 l&#039;int\u00e9rieur, et attendez, d\u00e8s que vous aurez mis ces jolis chaussons aux pieds, vous n&#039;aurez plus envie de porter autre chose.<\/p>\n<p><strong>Pourquoi choisir les chaussons Tibladin ?<\/strong><\/p>\n<ul>\n<li>Vous n&#039;avez presque pas l&#039;impression d&#039;avoir quoi que ce soit sur le pied ; ils se sentent bien et l\u00e9gers<\/li>\n<li>Parfait \u00e0 emporter avec vous lorsque vous rendez visite \u00e0 vos amis et \u00e0 votre famille<\/li>\n<li>Ne p\u00e8se pas et ne prend rien lorsque vous devez les emmener en vacances<\/li>\n<li>Maintient vos pieds \u00e0 une temp\u00e9rature confortable, ni trop chaude, ni trop froide<\/li>\n<li>Doux et flexible et s&#039;adapte \u00e0 la grande majorit\u00e9 des pieds<\/li>\n<li>De nombreuses couleurs et styles \u00e0 choisir<\/li>\n<li>Fabriqu\u00e9 \u00e0 la main \u00e0 partir de 100 skins %<\/li>\n<li>Avec votre achat, vous soutenez les petits artisans au Maroc<\/li>\n<\/ul>\n\n\t\t<\/div>\n\t<\/div>\n<\/div><\/div><\/div><\/div>\n<\/div>","protected":false},"excerpt":{"rendered":"<div>Chaussons marocains pour enfant d&#039;un d\u00e9licieux coloris VERT SAUGE avec un petit d\u00e9cor de plumes. Ces chaussons sont en tissu et daim<\/div>\n<p>Les chaussures l\u00e9g\u00e8res sont faciles \u00e0 enfiler, tiennent bien sur les pieds et sont tr\u00e8s confortables. Faciles \u00e0 mettre et \u00e0 enlever pour les enfants et si l\u00e9g\u00e8res qu&#039;ils ne pensent pas \u00e0 porter des pantoufles.<\/p>","protected":false},"featured_media":6013,"template":"","meta":{"inline_featured_image":false},"product_brand":[],"product_cat":[79,135],"product_tag":[],"class_list":{"0":"post-4623","1":"product","2":"type-product","3":"status-publish","4":"has-post-thumbnail","6":"product_cat-slippers","7":"product_cat-slippers-boern","9":"first","10":"instock","11":"taxable","12":"shipping-taxable","13":"purchasable","14":"product-type-variable"},"exclude_global_add_ons":false,"addons":[{"name":"Vous souhaitez un emballage cadeau ?","type":"checkbox","position":0,"required":false,"title_format":"label","default":"","description_enable":false,"description":"","placeholder_enable":false,"placeholder":"","display":"images","restrictions_type":"any_text","adjust_price":false,"price":"","price_type":"flat_fee","restrictions":false,"min":"0","max":"0","options":[{"label":"Ja tak","price":"10","price_type":"flat_fee","image":11015,"visibility":true}],"id":1669646111}],"yoast_head":"<!-- This site is optimized with the Yoast SEO plugin v27.4 - https:\/\/yoast.com\/product\/yoast-seo-wordpress\/ -->\n<title>Slippers b\u00f8rn - VERT SAUGE<\/title>\n<meta name=\"description\" content=\"Marokkanske slippers til b\u00f8rn i en l\u00e6kker VERT SAUGE farve med en lille fjer dekoration p\u00e5. Stort udvalg af slippers i forskellige farver og m\u00f8nstre\" \/>\n<meta name=\"robots\" content=\"index, follow, max-snippet:-1, max-image-preview:large, max-video-preview:-1\" \/>\n<link rel=\"canonical\" href=\"https:\/\/tibladin.dk\/fr\/produit-4\/chaussons-bebe-vert-sauge\/\" \/>\n<meta property=\"og:locale\" content=\"fr_FR\" \/>\n<meta property=\"og:type\" content=\"article\" \/>\n<meta property=\"og:title\" content=\"Slippers b\u00f8rn - VERT SAUGE\" \/>\n<meta property=\"og:description\" content=\"Marokkanske slippers til b\u00f8rn i en l\u00e6kker VERT SAUGE farve med en lille fjer dekoration p\u00e5. Stort udvalg af slippers i forskellige farver og m\u00f8nstre\" \/>\n<meta property=\"og:url\" content=\"https:\/\/tibladin.dk\/fr\/produit-4\/chaussons-bebe-vert-sauge\/\" \/>\n<meta property=\"og:site_name\" content=\"Tibladin\" \/>\n<meta property=\"article:modified_time\" content=\"2025-11-09T14:45:09+00:00\" \/>\n<meta property=\"og:image\" content=\"https:\/\/tibladin.dk\/wp-content\/uploads\/2022\/10\/Slippers-boern-groen_2.jpg\" \/>\n\t<meta property=\"og:image:width\" content=\"800\" \/>\n\t<meta property=\"og:image:height\" content=\"800\" \/>\n\t<meta property=\"og:image:type\" content=\"image\/jpeg\" \/>\n<meta name=\"twitter:card\" content=\"summary_large_image\" \/>\n<meta name=\"twitter:label1\" content=\"Dur\u00e9e de lecture estim\u00e9e\" \/>\n\t<meta name=\"twitter:data1\" content=\"2 minutes\" \/>\n<script type=\"application\/ld+json\" class=\"yoast-schema-graph\">{\"@context\":\"https:\\\/\\\/schema.org\",\"@graph\":[{\"@type\":\"WebPage\",\"@id\":\"https:\\\/\\\/tibladin.dk\\\/produkt\\\/slippers-boern-vert-sauge\\\/\",\"url\":\"https:\\\/\\\/tibladin.dk\\\/produkt\\\/slippers-boern-vert-sauge\\\/\",\"name\":\"Slippers b\u00f8rn - VERT SAUGE\",\"isPartOf\":{\"@id\":\"https:\\\/\\\/tibladin.dk\\\/#website\"},\"primaryImageOfPage\":{\"@id\":\"https:\\\/\\\/tibladin.dk\\\/produkt\\\/slippers-boern-vert-sauge\\\/#primaryimage\"},\"image\":{\"@id\":\"https:\\\/\\\/tibladin.dk\\\/produkt\\\/slippers-boern-vert-sauge\\\/#primaryimage\"},\"thumbnailUrl\":\"https:\\\/\\\/tibladin.dk\\\/wp-content\\\/uploads\\\/2022\\\/10\\\/Slippers-boern-groen_2.jpg\",\"datePublished\":\"2022-10-31T09:31:05+00:00\",\"dateModified\":\"2025-11-09T14:45:09+00:00\",\"description\":\"Marokkanske slippers til b\u00f8rn i en l\u00e6kker VERT SAUGE farve med en lille fjer dekoration p\u00e5. Stort udvalg af slippers i forskellige farver og m\u00f8nstre\",\"breadcrumb\":{\"@id\":\"https:\\\/\\\/tibladin.dk\\\/produkt\\\/slippers-boern-vert-sauge\\\/#breadcrumb\"},\"inLanguage\":\"fr-FR\",\"potentialAction\":[{\"@type\":\"ReadAction\",\"target\":[\"https:\\\/\\\/tibladin.dk\\\/produkt\\\/slippers-boern-vert-sauge\\\/\"]}]},{\"@type\":\"ImageObject\",\"inLanguage\":\"fr-FR\",\"@id\":\"https:\\\/\\\/tibladin.dk\\\/produkt\\\/slippers-boern-vert-sauge\\\/#primaryimage\",\"url\":\"https:\\\/\\\/tibladin.dk\\\/wp-content\\\/uploads\\\/2022\\\/10\\\/Slippers-boern-groen_2.jpg\",\"contentUrl\":\"https:\\\/\\\/tibladin.dk\\\/wp-content\\\/uploads\\\/2022\\\/10\\\/Slippers-boern-groen_2.jpg\",\"width\":800,\"height\":800,\"caption\":\"Slippers b\u00f8rn gr\u00f8n\"},{\"@type\":\"BreadcrumbList\",\"@id\":\"https:\\\/\\\/tibladin.dk\\\/produkt\\\/slippers-boern-vert-sauge\\\/#breadcrumb\",\"itemListElement\":[{\"@type\":\"ListItem\",\"position\":1,\"name\":\"Hjem\",\"item\":\"https:\\\/\\\/tibladin.dk\\\/\"},{\"@type\":\"ListItem\",\"position\":2,\"name\":\"Shop\",\"item\":\"https:\\\/\\\/tibladin.dk\\\/shop\\\/\"},{\"@type\":\"ListItem\",\"position\":3,\"name\":\"Slippers b\u00f8rn &#8211; VERT SAUGE\"}]},{\"@type\":\"WebSite\",\"@id\":\"https:\\\/\\\/tibladin.dk\\\/#website\",\"url\":\"https:\\\/\\\/tibladin.dk\\\/\",\"name\":\"Tibladin\",\"description\":\"Tibladin\",\"publisher\":{\"@id\":\"https:\\\/\\\/tibladin.dk\\\/#organization\"},\"potentialAction\":[{\"@type\":\"SearchAction\",\"target\":{\"@type\":\"EntryPoint\",\"urlTemplate\":\"https:\\\/\\\/tibladin.dk\\\/?s={search_term_string}\"},\"query-input\":{\"@type\":\"PropertyValueSpecification\",\"valueRequired\":true,\"valueName\":\"search_term_string\"}}],\"inLanguage\":\"fr-FR\"},{\"@type\":\"Organization\",\"@id\":\"https:\\\/\\\/tibladin.dk\\\/#organization\",\"name\":\"Tibladin\",\"url\":\"https:\\\/\\\/tibladin.dk\\\/\",\"logo\":{\"@type\":\"ImageObject\",\"inLanguage\":\"fr-FR\",\"@id\":\"https:\\\/\\\/tibladin.dk\\\/#\\\/schema\\\/logo\\\/image\\\/\",\"url\":\"https:\\\/\\\/tibladin.dk\\\/wp-content\\\/uploads\\\/2022\\\/09\\\/tibladin_logo.svg\",\"contentUrl\":\"https:\\\/\\\/tibladin.dk\\\/wp-content\\\/uploads\\\/2022\\\/09\\\/tibladin_logo.svg\",\"caption\":\"Tibladin\"},\"image\":{\"@id\":\"https:\\\/\\\/tibladin.dk\\\/#\\\/schema\\\/logo\\\/image\\\/\"}}]}<\/script>\n<!-- \/ Yoast SEO plugin. -->","yoast_head_json":{"title":"Chaussons enfant - VERT SAUGE","description":"Chaussons marocains pour enfant d&#039;un d\u00e9licieux coloris VERT SAUGE avec un petit d\u00e9cor de plumes. Grand choix de chaussons de diff\u00e9rentes couleurs et motifs","robots":{"index":"index","follow":"follow","max-snippet":"max-snippet:-1","max-image-preview":"max-image-preview:large","max-video-preview":"max-video-preview:-1"},"canonical":"https:\/\/tibladin.dk\/fr\/produit-4\/chaussons-bebe-vert-sauge\/","og_locale":"fr_FR","og_type":"article","og_title":"Slippers b\u00f8rn - VERT SAUGE","og_description":"Marokkanske slippers til b\u00f8rn i en l\u00e6kker VERT SAUGE farve med en lille fjer dekoration p\u00e5. Stort udvalg af slippers i forskellige farver og m\u00f8nstre","og_url":"https:\/\/tibladin.dk\/fr\/produit-4\/chaussons-bebe-vert-sauge\/","og_site_name":"Tibladin","article_modified_time":"2025-11-09T14:45:09+00:00","og_image":[{"width":800,"height":800,"url":"https:\/\/tibladin.dk\/wp-content\/uploads\/2022\/10\/Slippers-boern-groen_2.jpg","type":"image\/jpeg"}],"twitter_card":"summary_large_image","twitter_misc":{"Dur\u00e9e de lecture estim\u00e9e":"2 minutes"},"schema":{"@context":"https:\/\/schema.org","@graph":[{"@type":"WebPage","@id":"https:\/\/tibladin.dk\/produkt\/slippers-boern-vert-sauge\/","url":"https:\/\/tibladin.dk\/produkt\/slippers-boern-vert-sauge\/","name":"Chaussons enfant - VERT SAUGE","isPartOf":{"@id":"https:\/\/tibladin.dk\/#website"},"primaryImageOfPage":{"@id":"https:\/\/tibladin.dk\/produkt\/slippers-boern-vert-sauge\/#primaryimage"},"image":{"@id":"https:\/\/tibladin.dk\/produkt\/slippers-boern-vert-sauge\/#primaryimage"},"thumbnailUrl":"https:\/\/tibladin.dk\/wp-content\/uploads\/2022\/10\/Slippers-boern-groen_2.jpg","datePublished":"2022-10-31T09:31:05+00:00","dateModified":"2025-11-09T14:45:09+00:00","description":"Chaussons marocains pour enfant d&#039;un d\u00e9licieux coloris VERT SAUGE avec un petit d\u00e9cor de plumes. Grand choix de chaussons de diff\u00e9rentes couleurs et motifs","breadcrumb":{"@id":"https:\/\/tibladin.dk\/produkt\/slippers-boern-vert-sauge\/#breadcrumb"},"inLanguage":"fr-FR","potentialAction":[{"@type":"ReadAction","target":["https:\/\/tibladin.dk\/produkt\/slippers-boern-vert-sauge\/"]}]},{"@type":"ImageObject","inLanguage":"fr-FR","@id":"https:\/\/tibladin.dk\/produkt\/slippers-boern-vert-sauge\/#primaryimage","url":"https:\/\/tibladin.dk\/wp-content\/uploads\/2022\/10\/Slippers-boern-groen_2.jpg","contentUrl":"https:\/\/tibladin.dk\/wp-content\/uploads\/2022\/10\/Slippers-boern-groen_2.jpg","width":800,"height":800,"caption":"Slippers b\u00f8rn gr\u00f8n"},{"@type":"BreadcrumbList","@id":"https:\/\/tibladin.dk\/produkt\/slippers-boern-vert-sauge\/#breadcrumb","itemListElement":[{"@type":"ListItem","position":1,"name":"Hjem","item":"https:\/\/tibladin.dk\/"},{"@type":"ListItem","position":2,"name":"Shop","item":"https:\/\/tibladin.dk\/shop\/"},{"@type":"ListItem","position":3,"name":"Slippers b\u00f8rn &#8211; VERT SAUGE"}]},{"@type":"WebSite","@id":"https:\/\/tibladin.dk\/#website","url":"https:\/\/tibladin.dk\/","name":"Tibladin","description":"Tibladin","publisher":{"@id":"https:\/\/tibladin.dk\/#organization"},"potentialAction":[{"@type":"SearchAction","target":{"@type":"EntryPoint","urlTemplate":"https:\/\/tibladin.dk\/?s={search_term_string}"},"query-input":{"@type":"PropertyValueSpecification","valueRequired":true,"valueName":"search_term_string"}}],"inLanguage":"fr-FR"},{"@type":"Organization","@id":"https:\/\/tibladin.dk\/#organization","name":"Tibladin","url":"https:\/\/tibladin.dk\/","logo":{"@type":"ImageObject","inLanguage":"fr-FR","@id":"https:\/\/tibladin.dk\/#\/schema\/logo\/image\/","url":"https:\/\/tibladin.dk\/wp-content\/uploads\/2022\/09\/tibladin_logo.svg","contentUrl":"https:\/\/tibladin.dk\/wp-content\/uploads\/2022\/09\/tibladin_logo.svg","caption":"Tibladin"},"image":{"@id":"https:\/\/tibladin.dk\/#\/schema\/logo\/image\/"}}]}},"_links":{"self":[{"href":"https:\/\/tibladin.dk\/fr\/wp-json\/wp\/v2\/product\/4623","targetHints":{"allow":["GET"]}}],"collection":[{"href":"https:\/\/tibladin.dk\/fr\/wp-json\/wp\/v2\/product"}],"about":[{"href":"https:\/\/tibladin.dk\/fr\/wp-json\/wp\/v2\/types\/product"}],"wp:featuredmedia":[{"embeddable":true,"href":"https:\/\/tibladin.dk\/fr\/wp-json\/wp\/v2\/media\/6013"}],"wp:attachment":[{"href":"https:\/\/tibladin.dk\/fr\/wp-json\/wp\/v2\/media?parent=4623"}],"wp:term":[{"taxonomy":"product_brand","embeddable":true,"href":"https:\/\/tibladin.dk\/fr\/wp-json\/wp\/v2\/product_brand?post=4623"},{"taxonomy":"product_cat","embeddable":true,"href":"https:\/\/tibladin.dk\/fr\/wp-json\/wp\/v2\/product_cat?post=4623"},{"taxonomy":"product_tag","embeddable":true,"href":"https:\/\/tibladin.dk\/fr\/wp-json\/wp\/v2\/product_tag?post=4623"}],"curies":[{"name":"wp","href":"https:\/\/api.w.org\/{rel}","templated":true}]}}