{"id":474,"date":"2022-09-20T11:02:30","date_gmt":"2022-09-20T09:02:30","guid":{"rendered":"https:\/\/tibladin.dk\/?post_type=product&#038;p=474"},"modified":"2025-10-22T11:32:19","modified_gmt":"2025-10-22T09:32:19","slug":"pouf-en-laine-grise","status":"publish","type":"product","link":"https:\/\/tibladin.dk\/fr\/produkt\/puf-i-uld-graa\/","title":{"rendered":"Pouf en laine \u2013 Gris"},"content":{"rendered":"<div class=\"wpb-content-wrapper\"><div class=\"vc_row wpb_row vc_row-fluid\"><div class=\"wpb_column vc_column_container vc_col-sm-4\"><div class=\"vc_column-inner\"><div class=\"wpb_wrapper\">\n\t<div class=\"wpb_video_widget wpb_content_element vc_clearfix   vc_video-aspect-ratio-43 vc_video-el-width-100 vc_video-align-left\" >\n\t\t<div class=\"wpb_wrapper\">\n\t\t\t\n\t\t\t<div class=\"wpb_video_wrapper\"><div class=\"video-container\"><iframe loading=\"lazy\" title=\"Coop\u00e9rative des femmes Marrakech\" src=\"https:\/\/player.vimeo.com\/video\/416218536?dnt=1&amp;app_id=122963\" width=\"500\" height=\"281\" frameborder=\"0\" allow=\"autoplay; fullscreen; picture-in-picture\"><\/iframe><\/div><\/div>\n\t\t<\/div>\n\t<\/div>\n<\/div><\/div><\/div><div class=\"wpb_column vc_column_container vc_col-sm-4\"><div class=\"vc_column-inner\"><div class=\"wpb_wrapper\"><h3 style=\"text-align: left\" class=\"vc_custom_heading vc_do_custom_heading\" >Entretien<\/h3>\n\t<div class=\"wpb_text_column wpb_content_element\" >\n\t\t<div class=\"wpb_wrapper\">\n\t\t\t<p>Si vous avez la malchance de tacher votre pouf en laine, commencez par passer l&#039;aspirateur sur la tache. La laine est naturellement entour\u00e9e de lanoline, qui forme un film protecteur sur les fibres, les taches ont donc moins de chances de p\u00e9n\u00e9trer. Si cela ne s&#039;enl\u00e8ve pas, vous pouvez prendre un chiffon humide et tamponner la tache, enfin ne pas frotter. Si nous avons la chance qu&#039;il neige un jour d&#039;hiver, \u00e9tendez votre pouf en laine ou votre couverture en laine dans la neige fra\u00eechement tomb\u00e9e. C&#039;est la m\u00e9thode la plus efficace pour le nettoyer en profondeur<\/p>\n\n\t\t<\/div>\n\t<\/div>\n<\/div><\/div><\/div><div class=\"wpb_column vc_column_container vc_col-sm-4\"><div class=\"vc_column-inner\"><div class=\"wpb_wrapper\"><h3 style=\"text-align: left\" class=\"vc_custom_heading vc_do_custom_heading\" >L&#039;histoire derri\u00e8re<\/h3>\n\t<div class=\"wpb_text_column wpb_content_element\" >\n\t\t<div class=\"wpb_wrapper\">\n\t\t\t<p>La bouff\u00e9e de laine est fabriqu\u00e9e \u00e0 la main par les femmes d&#039;une coop\u00e9rative f\u00e9minine au sud de Marrakech. Contrairement aux autres choux de la boutique, celui-ci est livr\u00e9 avec du remplissage. Les tresses de laine sont cousues dans une \u00e2me dure qui forme le remplissage de la houppette.<\/p>\n<p>La coop\u00e9rative de femmes emploie 160 femmes et contribue ainsi \u00e0 \u00e9lever le niveau de vie de nombreuses familles du petit village. Une \u00e9cole et un jardin d&#039;enfants ont \u00e9t\u00e9 cr\u00e9\u00e9s pour les enfants des femmes, afin que ceux-ci puissent recevoir une \u00e9ducation et trouver un emploi pendant que les m\u00e8res travaillent. Cela am\u00e9liore le niveau de vie des nombreuses familles du petit village.<\/p>\n\n\t\t<\/div>\n\t<\/div>\n<\/div><\/div><\/div><\/div>\n<\/div>","protected":false},"excerpt":{"rendered":"<p class=\"p1\"><span class=\"s1\">Pouf ovale en laine massif.<\/span><\/p>\n<p class=\"p1\"><span class=\"s1\">Fabriqu\u00e9 \u00e0 la main par les femmes d'une coop\u00e9rative au sud de Marrakech. Pouf en laine unique dans lequel de nombreuses heures de travail manuel ont \u00e9t\u00e9 r\u00e9alis\u00e9es. Laine de qualit\u00e9 provenant de moutons \u00e9lev\u00e9s en libert\u00e9 dans les montagnes du Maroc - tress\u00e9e et cousue sur un fond en coton. <\/span><\/p>\n<p class=\"p1\"><span class=\"s1\">Facile \u00e0 ajouter \u00e0 votre d\u00e9cor scandinave tout en montrant une expression unique.<\/span><\/p>\n<p>Ne peut pas \u00eatre d\u00e9mont\u00e9. Peut avantageusement \u00eatre nettoy\u00e9 dans la neige ou nettoy\u00e9 \u00e0 sec.<\/p>","protected":false},"featured_media":469,"template":"","meta":{"inline_featured_image":false},"product_brand":[],"product_cat":[39,40,50],"product_tag":[],"class_list":{"0":"post-474","1":"product","2":"type-product","3":"status-publish","4":"has-post-thumbnail","6":"product_cat-moebler","7":"product_cat-pufs","8":"product_cat-uldpufs","10":"first","11":"outofstock","12":"taxable","13":"shipping-taxable","14":"purchasable","15":"product-type-simple"},"exclude_global_add_ons":[],"addons":[],"yoast_head":"<!-- This site is optimized with the Yoast SEO plugin v27.4 - https:\/\/yoast.com\/product\/yoast-seo-wordpress\/ -->\n<title>H\u00e5ndlavet puf flettet af l\u00e6kker bl\u00f8d gr\u00e5 uld. - Tibladin<\/title>\n<meta name=\"description\" content=\"H\u00e5ndlavet uldpuf lavet af kvinder fra et kooperativ syd for Marrakech. Unika uld pufs hvor er er lagt mange timers h\u00e5ndarbejde i.\" \/>\n<meta name=\"robots\" content=\"index, follow, max-snippet:-1, max-image-preview:large, max-video-preview:-1\" \/>\n<link rel=\"canonical\" href=\"https:\/\/tibladin.dk\/fr\/produit-4\/pouf-en-laine-grise\/\" \/>\n<meta property=\"og:locale\" content=\"fr_FR\" \/>\n<meta property=\"og:type\" content=\"article\" \/>\n<meta property=\"og:title\" content=\"H\u00e5ndlavet puf flettet af l\u00e6kker bl\u00f8d gr\u00e5 uld. - Tibladin\" \/>\n<meta property=\"og:description\" content=\"H\u00e5ndlavet uldpuf lavet af kvinder fra et kooperativ syd for Marrakech. Unika uld pufs hvor er er lagt mange timers h\u00e5ndarbejde i.\" \/>\n<meta property=\"og:url\" content=\"https:\/\/tibladin.dk\/fr\/produit-4\/pouf-en-laine-grise\/\" \/>\n<meta property=\"og:site_name\" content=\"Tibladin\" \/>\n<meta property=\"article:modified_time\" content=\"2025-10-22T09:32:19+00:00\" \/>\n<meta property=\"og:image\" content=\"https:\/\/tibladin.dk\/wp-content\/uploads\/2022\/09\/Tibladin_Uldpuf_800x800-1.jpg\" \/>\n\t<meta property=\"og:image:width\" content=\"801\" \/>\n\t<meta property=\"og:image:height\" content=\"804\" \/>\n\t<meta property=\"og:image:type\" content=\"image\/jpeg\" \/>\n<meta name=\"twitter:card\" content=\"summary_large_image\" \/>\n<meta name=\"twitter:label1\" content=\"Dur\u00e9e de lecture estim\u00e9e\" \/>\n\t<meta name=\"twitter:data1\" content=\"2 minutes\" \/>\n<script type=\"application\/ld+json\" class=\"yoast-schema-graph\">{\"@context\":\"https:\\\/\\\/schema.org\",\"@graph\":[{\"@type\":\"WebPage\",\"@id\":\"https:\\\/\\\/tibladin.dk\\\/produkt\\\/puf-i-uld-graa\\\/\",\"url\":\"https:\\\/\\\/tibladin.dk\\\/produkt\\\/puf-i-uld-graa\\\/\",\"name\":\"H\u00e5ndlavet puf flettet af l\u00e6kker bl\u00f8d gr\u00e5 uld. - Tibladin\",\"isPartOf\":{\"@id\":\"https:\\\/\\\/tibladin.dk\\\/#website\"},\"primaryImageOfPage\":{\"@id\":\"https:\\\/\\\/tibladin.dk\\\/produkt\\\/puf-i-uld-graa\\\/#primaryimage\"},\"image\":{\"@id\":\"https:\\\/\\\/tibladin.dk\\\/produkt\\\/puf-i-uld-graa\\\/#primaryimage\"},\"thumbnailUrl\":\"https:\\\/\\\/tibladin.dk\\\/wp-content\\\/uploads\\\/2022\\\/09\\\/Tibladin_Uldpuf_800x800-1.jpg\",\"datePublished\":\"2022-09-20T09:02:30+00:00\",\"dateModified\":\"2025-10-22T09:32:19+00:00\",\"description\":\"H\u00e5ndlavet uldpuf lavet af kvinder fra et kooperativ syd for Marrakech. Unika uld pufs hvor er er lagt mange timers h\u00e5ndarbejde i.\",\"breadcrumb\":{\"@id\":\"https:\\\/\\\/tibladin.dk\\\/produkt\\\/puf-i-uld-graa\\\/#breadcrumb\"},\"inLanguage\":\"fr-FR\",\"potentialAction\":[{\"@type\":\"ReadAction\",\"target\":[\"https:\\\/\\\/tibladin.dk\\\/produkt\\\/puf-i-uld-graa\\\/\"]}]},{\"@type\":\"ImageObject\",\"inLanguage\":\"fr-FR\",\"@id\":\"https:\\\/\\\/tibladin.dk\\\/produkt\\\/puf-i-uld-graa\\\/#primaryimage\",\"url\":\"https:\\\/\\\/tibladin.dk\\\/wp-content\\\/uploads\\\/2022\\\/09\\\/Tibladin_Uldpuf_800x800-1.jpg\",\"contentUrl\":\"https:\\\/\\\/tibladin.dk\\\/wp-content\\\/uploads\\\/2022\\\/09\\\/Tibladin_Uldpuf_800x800-1.jpg\",\"width\":801,\"height\":804,\"caption\":\"Marokkansk uldpuf i gr\u00e5\"},{\"@type\":\"BreadcrumbList\",\"@id\":\"https:\\\/\\\/tibladin.dk\\\/produkt\\\/puf-i-uld-graa\\\/#breadcrumb\",\"itemListElement\":[{\"@type\":\"ListItem\",\"position\":1,\"name\":\"Hjem\",\"item\":\"https:\\\/\\\/tibladin.dk\\\/\"},{\"@type\":\"ListItem\",\"position\":2,\"name\":\"Shop\",\"item\":\"https:\\\/\\\/tibladin.dk\\\/shop\\\/\"},{\"@type\":\"ListItem\",\"position\":3,\"name\":\"Puf i uld &#8211; Gr\u00e5\"}]},{\"@type\":\"WebSite\",\"@id\":\"https:\\\/\\\/tibladin.dk\\\/#website\",\"url\":\"https:\\\/\\\/tibladin.dk\\\/\",\"name\":\"Tibladin\",\"description\":\"Tibladin\",\"publisher\":{\"@id\":\"https:\\\/\\\/tibladin.dk\\\/#organization\"},\"potentialAction\":[{\"@type\":\"SearchAction\",\"target\":{\"@type\":\"EntryPoint\",\"urlTemplate\":\"https:\\\/\\\/tibladin.dk\\\/?s={search_term_string}\"},\"query-input\":{\"@type\":\"PropertyValueSpecification\",\"valueRequired\":true,\"valueName\":\"search_term_string\"}}],\"inLanguage\":\"fr-FR\"},{\"@type\":\"Organization\",\"@id\":\"https:\\\/\\\/tibladin.dk\\\/#organization\",\"name\":\"Tibladin\",\"url\":\"https:\\\/\\\/tibladin.dk\\\/\",\"logo\":{\"@type\":\"ImageObject\",\"inLanguage\":\"fr-FR\",\"@id\":\"https:\\\/\\\/tibladin.dk\\\/#\\\/schema\\\/logo\\\/image\\\/\",\"url\":\"https:\\\/\\\/tibladin.dk\\\/wp-content\\\/uploads\\\/2022\\\/09\\\/tibladin_logo.svg\",\"contentUrl\":\"https:\\\/\\\/tibladin.dk\\\/wp-content\\\/uploads\\\/2022\\\/09\\\/tibladin_logo.svg\",\"caption\":\"Tibladin\"},\"image\":{\"@id\":\"https:\\\/\\\/tibladin.dk\\\/#\\\/schema\\\/logo\\\/image\\\/\"}}]}<\/script>\n<!-- \/ Yoast SEO plugin. -->","yoast_head_json":{"title":"Pouf fait main tress\u00e9 \u00e0 partir d&#039;une d\u00e9licieuse laine grise douce. - Tibladine","description":"Pouf en laine fait main r\u00e9alis\u00e9 par les femmes d&#039;une coop\u00e9rative au sud de Marrakech. Des poufs en laine uniques o\u00f9 de nombreuses heures de travail manuel ont \u00e9t\u00e9 consacr\u00e9es.","robots":{"index":"index","follow":"follow","max-snippet":"max-snippet:-1","max-image-preview":"max-image-preview:large","max-video-preview":"max-video-preview:-1"},"canonical":"https:\/\/tibladin.dk\/fr\/produit-4\/pouf-en-laine-grise\/","og_locale":"fr_FR","og_type":"article","og_title":"H\u00e5ndlavet puf flettet af l\u00e6kker bl\u00f8d gr\u00e5 uld. - Tibladin","og_description":"H\u00e5ndlavet uldpuf lavet af kvinder fra et kooperativ syd for Marrakech. Unika uld pufs hvor er er lagt mange timers h\u00e5ndarbejde i.","og_url":"https:\/\/tibladin.dk\/fr\/produit-4\/pouf-en-laine-grise\/","og_site_name":"Tibladin","article_modified_time":"2025-10-22T09:32:19+00:00","og_image":[{"width":801,"height":804,"url":"https:\/\/tibladin.dk\/wp-content\/uploads\/2022\/09\/Tibladin_Uldpuf_800x800-1.jpg","type":"image\/jpeg"}],"twitter_card":"summary_large_image","twitter_misc":{"Dur\u00e9e de lecture estim\u00e9e":"2 minutes"},"schema":{"@context":"https:\/\/schema.org","@graph":[{"@type":"WebPage","@id":"https:\/\/tibladin.dk\/produkt\/puf-i-uld-graa\/","url":"https:\/\/tibladin.dk\/produkt\/puf-i-uld-graa\/","name":"Pouf fait main tress\u00e9 \u00e0 partir d&#039;une d\u00e9licieuse laine grise douce. - Tibladine","isPartOf":{"@id":"https:\/\/tibladin.dk\/#website"},"primaryImageOfPage":{"@id":"https:\/\/tibladin.dk\/produkt\/puf-i-uld-graa\/#primaryimage"},"image":{"@id":"https:\/\/tibladin.dk\/produkt\/puf-i-uld-graa\/#primaryimage"},"thumbnailUrl":"https:\/\/tibladin.dk\/wp-content\/uploads\/2022\/09\/Tibladin_Uldpuf_800x800-1.jpg","datePublished":"2022-09-20T09:02:30+00:00","dateModified":"2025-10-22T09:32:19+00:00","description":"Pouf en laine fait main r\u00e9alis\u00e9 par les femmes d&#039;une coop\u00e9rative au sud de Marrakech. Des poufs en laine uniques o\u00f9 de nombreuses heures de travail manuel ont \u00e9t\u00e9 consacr\u00e9es.","breadcrumb":{"@id":"https:\/\/tibladin.dk\/produkt\/puf-i-uld-graa\/#breadcrumb"},"inLanguage":"fr-FR","potentialAction":[{"@type":"ReadAction","target":["https:\/\/tibladin.dk\/produkt\/puf-i-uld-graa\/"]}]},{"@type":"ImageObject","inLanguage":"fr-FR","@id":"https:\/\/tibladin.dk\/produkt\/puf-i-uld-graa\/#primaryimage","url":"https:\/\/tibladin.dk\/wp-content\/uploads\/2022\/09\/Tibladin_Uldpuf_800x800-1.jpg","contentUrl":"https:\/\/tibladin.dk\/wp-content\/uploads\/2022\/09\/Tibladin_Uldpuf_800x800-1.jpg","width":801,"height":804,"caption":"Marokkansk uldpuf i gr\u00e5"},{"@type":"BreadcrumbList","@id":"https:\/\/tibladin.dk\/produkt\/puf-i-uld-graa\/#breadcrumb","itemListElement":[{"@type":"ListItem","position":1,"name":"Hjem","item":"https:\/\/tibladin.dk\/"},{"@type":"ListItem","position":2,"name":"Shop","item":"https:\/\/tibladin.dk\/shop\/"},{"@type":"ListItem","position":3,"name":"Puf i uld &#8211; Gr\u00e5"}]},{"@type":"WebSite","@id":"https:\/\/tibladin.dk\/#website","url":"https:\/\/tibladin.dk\/","name":"Tibladin","description":"Tibladin","publisher":{"@id":"https:\/\/tibladin.dk\/#organization"},"potentialAction":[{"@type":"SearchAction","target":{"@type":"EntryPoint","urlTemplate":"https:\/\/tibladin.dk\/?s={search_term_string}"},"query-input":{"@type":"PropertyValueSpecification","valueRequired":true,"valueName":"search_term_string"}}],"inLanguage":"fr-FR"},{"@type":"Organization","@id":"https:\/\/tibladin.dk\/#organization","name":"Tibladin","url":"https:\/\/tibladin.dk\/","logo":{"@type":"ImageObject","inLanguage":"fr-FR","@id":"https:\/\/tibladin.dk\/#\/schema\/logo\/image\/","url":"https:\/\/tibladin.dk\/wp-content\/uploads\/2022\/09\/tibladin_logo.svg","contentUrl":"https:\/\/tibladin.dk\/wp-content\/uploads\/2022\/09\/tibladin_logo.svg","caption":"Tibladin"},"image":{"@id":"https:\/\/tibladin.dk\/#\/schema\/logo\/image\/"}}]}},"_links":{"self":[{"href":"https:\/\/tibladin.dk\/fr\/wp-json\/wp\/v2\/product\/474","targetHints":{"allow":["GET"]}}],"collection":[{"href":"https:\/\/tibladin.dk\/fr\/wp-json\/wp\/v2\/product"}],"about":[{"href":"https:\/\/tibladin.dk\/fr\/wp-json\/wp\/v2\/types\/product"}],"wp:featuredmedia":[{"embeddable":true,"href":"https:\/\/tibladin.dk\/fr\/wp-json\/wp\/v2\/media\/469"}],"wp:attachment":[{"href":"https:\/\/tibladin.dk\/fr\/wp-json\/wp\/v2\/media?parent=474"}],"wp:term":[{"taxonomy":"product_brand","embeddable":true,"href":"https:\/\/tibladin.dk\/fr\/wp-json\/wp\/v2\/product_brand?post=474"},{"taxonomy":"product_cat","embeddable":true,"href":"https:\/\/tibladin.dk\/fr\/wp-json\/wp\/v2\/product_cat?post=474"},{"taxonomy":"product_tag","embeddable":true,"href":"https:\/\/tibladin.dk\/fr\/wp-json\/wp\/v2\/product_tag?post=474"}],"curies":[{"name":"wp","href":"https:\/\/api.w.org\/{rel}","templated":true}]}}