{"id":4767,"date":"2022-11-07T10:34:49","date_gmt":"2022-11-07T09:34:49","guid":{"rendered":"https:\/\/tibladin.dk\/?post_type=product&#038;p=4767"},"modified":"2026-01-31T10:40:32","modified_gmt":"2026-01-31T09:40:32","slug":"pantoufles-dames-de-luxe-bleu-cobalt","status":"publish","type":"product","link":"https:\/\/tibladin.dk\/fr\/produkt\/slippers-dame-deluxe-kobolt-blaa\/","title":{"rendered":"Babouches femme de luxe \u2013 bleu cobalt"},"content":{"rendered":"<div class=\"wpb-content-wrapper\"><div class=\"vc_row wpb_row vc_row-fluid\"><div class=\"wpb_column vc_column_container vc_col-sm-4\"><div class=\"vc_column-inner\"><div class=\"wpb_wrapper\"><\/div><\/div><\/div><div class=\"wpb_column vc_column_container vc_col-sm-4\"><div class=\"vc_column-inner\"><div class=\"wpb_wrapper\"><h3 style=\"text-align: left\" class=\"vc_custom_heading vc_do_custom_heading\" >Entretien<\/h3>\n\t<div class=\"wpb_text_column wpb_content_element\" >\n\t\t<div class=\"wpb_wrapper\">\n\t\t\t<p>Si vous avez une tache sur vos chaussons en daim, utilisez une gomme adapt\u00e9e au daim pour enlever la tache. Peut \u00eatre impr\u00e9gn\u00e9 avec un produit adapt\u00e9 au daim.<\/p>\n<p>Guide des tailles femme \u2013 env. But:<\/p>\n<p>36 L\u00a0: 23,2 cm<\/p>\n<p>37<span class=\"Apple-converted-space\">\u00a0 <\/span>L: 23,8 cm<\/p>\n<p>38<span class=\"Apple-converted-space\">\u00a0 <\/span>L: 24,3 cm<\/p>\n<p>39<span class=\"Apple-converted-space\">\u00a0 <\/span>L: 25,1 cm<\/p>\n<p>40<span class=\"Apple-converted-space\">\u00a0 <\/span>L : 25,4 cm<\/p>\n<p>41<span class=\"Apple-converted-space\">\u00a0 <\/span>L: 26,3 cm<\/p>\n<p>42 L\u00a0: 26,5 cm<\/p>\n<p>43 L : 27 cm<\/p>\n<p>&nbsp;<\/p>\n\n\t\t<\/div>\n\t<\/div>\n<\/div><\/div><\/div><div class=\"wpb_column vc_column_container vc_col-sm-4\"><div class=\"vc_column-inner\"><div class=\"wpb_wrapper\"><h3 style=\"text-align: left\" class=\"vc_custom_heading vc_do_custom_heading\" >L&#039;histoire derri\u00e8re<\/h3>\n\t<div class=\"wpb_text_column wpb_content_element\" >\n\t\t<div class=\"wpb_wrapper\">\n\t\t\t<p><i>Babouches\u00a0<\/i>sont des pantoufles marocaines classiques.<\/p>\n<p>Ils sont fabriqu\u00e9s \u00e0 la main de mani\u00e8re traditionnelle au Maroc. Le tout en cuir de ch\u00e8vre, pour une sensation soyeuse sur vos pieds. Avec leurs nombreuses couleurs et motifs diff\u00e9rents, ils s&#039;int\u00e8grent \u00e0 la plupart des tenues et ajoutent une d\u00e9licieuse touche boh\u00e8me \u00e0 un look scandinave. Au Maroc, on les utilise aussi bien \u00e0 l&#039;ext\u00e9rieur qu&#039;\u00e0 l&#039;int\u00e9rieur, et attendez, d\u00e8s que vous aurez mis ces jolis chaussons aux pieds, vous n&#039;aurez plus envie de porter autre chose.<\/p>\n<p><strong>Pourquoi choisir les chaussons Tibladin ?<\/strong><\/p>\n<ul>\n<li>Vous n&#039;avez presque pas l&#039;impression d&#039;avoir quoi que ce soit sur le pied ; ils se sentent bien et l\u00e9gers<\/li>\n<li>Parfait \u00e0 emporter avec vous lorsque vous rendez visite \u00e0 vos amis et \u00e0 votre famille<\/li>\n<li>Ne p\u00e8se pas et ne prend rien lorsque vous devez les emmener en vacances<\/li>\n<li>Maintient vos pieds \u00e0 une temp\u00e9rature confortable, ni trop chaude, ni trop froide<\/li>\n<li>Doux et flexible et s&#039;adapte \u00e0 la grande majorit\u00e9 des pieds<\/li>\n<li>De nombreuses couleurs et styles \u00e0 choisir<\/li>\n<li>Fabriqu\u00e9 \u00e0 la main \u00e0 partir de 100 skins %<\/li>\n<li>Avec votre achat, vous soutenez les petits artisans au Maroc<\/li>\n<\/ul>\n\n\t\t<\/div>\n\t<\/div>\n<\/div><\/div><\/div><\/div>\n<\/div>","protected":false},"excerpt":{"rendered":"<ul>\n<li>Chaussons de luxe en daim de d\u00e9licieuse qualit\u00e9 100% dans une d\u00e9licieuse couleur bleu cobalt. Ces pantoufles sont faites pour vous qui voulez une belle pantoufle compl\u00e8tement unique dans un beau design.<\/li>\n<li>Les pantoufles sont faciles \u00e0 enfiler, tiennent bien sur les pieds et sont tr\u00e8s confortables pour marcher.<\/li>\n<\/ul>","protected":false},"featured_media":5783,"template":"","meta":{"inline_featured_image":false},"product_brand":[],"product_cat":[79,80],"product_tag":[],"class_list":{"0":"post-4767","1":"product","2":"type-product","3":"status-publish","4":"has-post-thumbnail","6":"product_cat-slippers","7":"product_cat-kvinder","9":"first","10":"instock","11":"taxable","12":"shipping-taxable","13":"purchasable","14":"product-type-variable"},"exclude_global_add_ons":false,"addons":[{"name":"Vous souhaitez un emballage cadeau ?","type":"checkbox","position":0,"required":false,"title_format":"label","default":"","description_enable":false,"description":"","placeholder_enable":false,"placeholder":"","display":"images","restrictions_type":"any_text","adjust_price":false,"price":"","price_type":"flat_fee","restrictions":false,"min":"0","max":"0","options":[{"label":"Ja tak","price":"10","price_type":"flat_fee","image":11015,"visibility":true}],"id":1669646111}],"yoast_head":"<!-- This site is optimized with the Yoast SEO plugin v27.4 - https:\/\/yoast.com\/product\/yoast-seo-wordpress\/ -->\n<title>Slippers dame | Unikt design | Tibladin<\/title>\n<meta name=\"description\" content=\"Marokkanske delixe slippers til damer i ruskind med en l\u00e6kker kobolt bl\u00e5 farve. Stort udvalg af marokkanske slippers i forskellige st\u00f8rrelser og farver\" \/>\n<meta name=\"robots\" content=\"index, follow, max-snippet:-1, max-image-preview:large, max-video-preview:-1\" \/>\n<link rel=\"canonical\" href=\"https:\/\/tibladin.dk\/fr\/produit-4\/pantoufles-dames-de-luxe-bleu-cobalt\/\" \/>\n<meta property=\"og:locale\" content=\"fr_FR\" \/>\n<meta property=\"og:type\" content=\"article\" \/>\n<meta property=\"og:title\" content=\"Slippers dame | Unikt design | Tibladin\" \/>\n<meta property=\"og:description\" content=\"Marokkanske delixe slippers til damer i ruskind med en l\u00e6kker kobolt bl\u00e5 farve. Stort udvalg af marokkanske slippers i forskellige st\u00f8rrelser og farver\" \/>\n<meta property=\"og:url\" content=\"https:\/\/tibladin.dk\/fr\/produit-4\/pantoufles-dames-de-luxe-bleu-cobalt\/\" \/>\n<meta property=\"og:site_name\" content=\"Tibladin\" \/>\n<meta property=\"article:modified_time\" content=\"2026-01-31T09:40:32+00:00\" \/>\n<meta property=\"og:image\" content=\"https:\/\/tibladin.dk\/wp-content\/uploads\/2022\/11\/Slippers-rusind-kobolt_2.jpg\" \/>\n\t<meta property=\"og:image:width\" content=\"800\" \/>\n\t<meta property=\"og:image:height\" content=\"800\" \/>\n\t<meta property=\"og:image:type\" content=\"image\/jpeg\" \/>\n<meta name=\"twitter:card\" content=\"summary_large_image\" \/>\n<meta name=\"twitter:label1\" content=\"Dur\u00e9e de lecture estim\u00e9e\" \/>\n\t<meta name=\"twitter:data1\" content=\"2 minutes\" \/>\n<script type=\"application\/ld+json\" class=\"yoast-schema-graph\">{\"@context\":\"https:\\\/\\\/schema.org\",\"@graph\":[{\"@type\":\"WebPage\",\"@id\":\"https:\\\/\\\/tibladin.dk\\\/produkt\\\/slippers-dame-deluxe-kobolt-blaa\\\/\",\"url\":\"https:\\\/\\\/tibladin.dk\\\/produkt\\\/slippers-dame-deluxe-kobolt-blaa\\\/\",\"name\":\"Slippers dame | Unikt design | Tibladin\",\"isPartOf\":{\"@id\":\"https:\\\/\\\/tibladin.dk\\\/#website\"},\"primaryImageOfPage\":{\"@id\":\"https:\\\/\\\/tibladin.dk\\\/produkt\\\/slippers-dame-deluxe-kobolt-blaa\\\/#primaryimage\"},\"image\":{\"@id\":\"https:\\\/\\\/tibladin.dk\\\/produkt\\\/slippers-dame-deluxe-kobolt-blaa\\\/#primaryimage\"},\"thumbnailUrl\":\"https:\\\/\\\/tibladin.dk\\\/wp-content\\\/uploads\\\/2022\\\/11\\\/Slippers-rusind-kobolt_2.jpg\",\"datePublished\":\"2022-11-07T09:34:49+00:00\",\"dateModified\":\"2026-01-31T09:40:32+00:00\",\"description\":\"Marokkanske delixe slippers til damer i ruskind med en l\u00e6kker kobolt bl\u00e5 farve. Stort udvalg af marokkanske slippers i forskellige st\u00f8rrelser og farver\",\"breadcrumb\":{\"@id\":\"https:\\\/\\\/tibladin.dk\\\/produkt\\\/slippers-dame-deluxe-kobolt-blaa\\\/#breadcrumb\"},\"inLanguage\":\"fr-FR\",\"potentialAction\":[{\"@type\":\"ReadAction\",\"target\":[\"https:\\\/\\\/tibladin.dk\\\/produkt\\\/slippers-dame-deluxe-kobolt-blaa\\\/\"]}]},{\"@type\":\"ImageObject\",\"inLanguage\":\"fr-FR\",\"@id\":\"https:\\\/\\\/tibladin.dk\\\/produkt\\\/slippers-dame-deluxe-kobolt-blaa\\\/#primaryimage\",\"url\":\"https:\\\/\\\/tibladin.dk\\\/wp-content\\\/uploads\\\/2022\\\/11\\\/Slippers-rusind-kobolt_2.jpg\",\"contentUrl\":\"https:\\\/\\\/tibladin.dk\\\/wp-content\\\/uploads\\\/2022\\\/11\\\/Slippers-rusind-kobolt_2.jpg\",\"width\":800,\"height\":800,\"caption\":\"Ruskind deluxe slippers kobolt bl\u00e5\"},{\"@type\":\"BreadcrumbList\",\"@id\":\"https:\\\/\\\/tibladin.dk\\\/produkt\\\/slippers-dame-deluxe-kobolt-blaa\\\/#breadcrumb\",\"itemListElement\":[{\"@type\":\"ListItem\",\"position\":1,\"name\":\"Hjem\",\"item\":\"https:\\\/\\\/tibladin.dk\\\/\"},{\"@type\":\"ListItem\",\"position\":2,\"name\":\"Shop\",\"item\":\"https:\\\/\\\/tibladin.dk\\\/shop\\\/\"},{\"@type\":\"ListItem\",\"position\":3,\"name\":\"Slippers dame deluxe &#8211; kobolt bl\u00e5\"}]},{\"@type\":\"WebSite\",\"@id\":\"https:\\\/\\\/tibladin.dk\\\/#website\",\"url\":\"https:\\\/\\\/tibladin.dk\\\/\",\"name\":\"Tibladin\",\"description\":\"Tibladin\",\"publisher\":{\"@id\":\"https:\\\/\\\/tibladin.dk\\\/#organization\"},\"potentialAction\":[{\"@type\":\"SearchAction\",\"target\":{\"@type\":\"EntryPoint\",\"urlTemplate\":\"https:\\\/\\\/tibladin.dk\\\/?s={search_term_string}\"},\"query-input\":{\"@type\":\"PropertyValueSpecification\",\"valueRequired\":true,\"valueName\":\"search_term_string\"}}],\"inLanguage\":\"fr-FR\"},{\"@type\":\"Organization\",\"@id\":\"https:\\\/\\\/tibladin.dk\\\/#organization\",\"name\":\"Tibladin\",\"url\":\"https:\\\/\\\/tibladin.dk\\\/\",\"logo\":{\"@type\":\"ImageObject\",\"inLanguage\":\"fr-FR\",\"@id\":\"https:\\\/\\\/tibladin.dk\\\/#\\\/schema\\\/logo\\\/image\\\/\",\"url\":\"https:\\\/\\\/tibladin.dk\\\/wp-content\\\/uploads\\\/2022\\\/09\\\/tibladin_logo.svg\",\"contentUrl\":\"https:\\\/\\\/tibladin.dk\\\/wp-content\\\/uploads\\\/2022\\\/09\\\/tibladin_logo.svg\",\"caption\":\"Tibladin\"},\"image\":{\"@id\":\"https:\\\/\\\/tibladin.dk\\\/#\\\/schema\\\/logo\\\/image\\\/\"}}]}<\/script>\n<!-- \/ Yoast SEO plugin. -->","yoast_head_json":{"title":"Pantoufles dames | Conception unique | Tibladine","description":"Chaussons marocains delixe pour dames en daim d&#039;une d\u00e9licieuse couleur bleu cobalt. Grand choix de babouches marocaines de diff\u00e9rentes tailles et couleurs","robots":{"index":"index","follow":"follow","max-snippet":"max-snippet:-1","max-image-preview":"max-image-preview:large","max-video-preview":"max-video-preview:-1"},"canonical":"https:\/\/tibladin.dk\/fr\/produit-4\/pantoufles-dames-de-luxe-bleu-cobalt\/","og_locale":"fr_FR","og_type":"article","og_title":"Slippers dame | Unikt design | Tibladin","og_description":"Marokkanske delixe slippers til damer i ruskind med en l\u00e6kker kobolt bl\u00e5 farve. Stort udvalg af marokkanske slippers i forskellige st\u00f8rrelser og farver","og_url":"https:\/\/tibladin.dk\/fr\/produit-4\/pantoufles-dames-de-luxe-bleu-cobalt\/","og_site_name":"Tibladin","article_modified_time":"2026-01-31T09:40:32+00:00","og_image":[{"width":800,"height":800,"url":"https:\/\/tibladin.dk\/wp-content\/uploads\/2022\/11\/Slippers-rusind-kobolt_2.jpg","type":"image\/jpeg"}],"twitter_card":"summary_large_image","twitter_misc":{"Dur\u00e9e de lecture estim\u00e9e":"2 minutes"},"schema":{"@context":"https:\/\/schema.org","@graph":[{"@type":"WebPage","@id":"https:\/\/tibladin.dk\/produkt\/slippers-dame-deluxe-kobolt-blaa\/","url":"https:\/\/tibladin.dk\/produkt\/slippers-dame-deluxe-kobolt-blaa\/","name":"Pantoufles dames | Conception unique | Tibladine","isPartOf":{"@id":"https:\/\/tibladin.dk\/#website"},"primaryImageOfPage":{"@id":"https:\/\/tibladin.dk\/produkt\/slippers-dame-deluxe-kobolt-blaa\/#primaryimage"},"image":{"@id":"https:\/\/tibladin.dk\/produkt\/slippers-dame-deluxe-kobolt-blaa\/#primaryimage"},"thumbnailUrl":"https:\/\/tibladin.dk\/wp-content\/uploads\/2022\/11\/Slippers-rusind-kobolt_2.jpg","datePublished":"2022-11-07T09:34:49+00:00","dateModified":"2026-01-31T09:40:32+00:00","description":"Chaussons marocains delixe pour dames en daim d&#039;une d\u00e9licieuse couleur bleu cobalt. Grand choix de babouches marocaines de diff\u00e9rentes tailles et couleurs","breadcrumb":{"@id":"https:\/\/tibladin.dk\/produkt\/slippers-dame-deluxe-kobolt-blaa\/#breadcrumb"},"inLanguage":"fr-FR","potentialAction":[{"@type":"ReadAction","target":["https:\/\/tibladin.dk\/produkt\/slippers-dame-deluxe-kobolt-blaa\/"]}]},{"@type":"ImageObject","inLanguage":"fr-FR","@id":"https:\/\/tibladin.dk\/produkt\/slippers-dame-deluxe-kobolt-blaa\/#primaryimage","url":"https:\/\/tibladin.dk\/wp-content\/uploads\/2022\/11\/Slippers-rusind-kobolt_2.jpg","contentUrl":"https:\/\/tibladin.dk\/wp-content\/uploads\/2022\/11\/Slippers-rusind-kobolt_2.jpg","width":800,"height":800,"caption":"Ruskind deluxe slippers kobolt bl\u00e5"},{"@type":"BreadcrumbList","@id":"https:\/\/tibladin.dk\/produkt\/slippers-dame-deluxe-kobolt-blaa\/#breadcrumb","itemListElement":[{"@type":"ListItem","position":1,"name":"Hjem","item":"https:\/\/tibladin.dk\/"},{"@type":"ListItem","position":2,"name":"Shop","item":"https:\/\/tibladin.dk\/shop\/"},{"@type":"ListItem","position":3,"name":"Slippers dame deluxe &#8211; kobolt bl\u00e5"}]},{"@type":"WebSite","@id":"https:\/\/tibladin.dk\/#website","url":"https:\/\/tibladin.dk\/","name":"Tibladin","description":"Tibladin","publisher":{"@id":"https:\/\/tibladin.dk\/#organization"},"potentialAction":[{"@type":"SearchAction","target":{"@type":"EntryPoint","urlTemplate":"https:\/\/tibladin.dk\/?s={search_term_string}"},"query-input":{"@type":"PropertyValueSpecification","valueRequired":true,"valueName":"search_term_string"}}],"inLanguage":"fr-FR"},{"@type":"Organization","@id":"https:\/\/tibladin.dk\/#organization","name":"Tibladin","url":"https:\/\/tibladin.dk\/","logo":{"@type":"ImageObject","inLanguage":"fr-FR","@id":"https:\/\/tibladin.dk\/#\/schema\/logo\/image\/","url":"https:\/\/tibladin.dk\/wp-content\/uploads\/2022\/09\/tibladin_logo.svg","contentUrl":"https:\/\/tibladin.dk\/wp-content\/uploads\/2022\/09\/tibladin_logo.svg","caption":"Tibladin"},"image":{"@id":"https:\/\/tibladin.dk\/#\/schema\/logo\/image\/"}}]}},"_links":{"self":[{"href":"https:\/\/tibladin.dk\/fr\/wp-json\/wp\/v2\/product\/4767","targetHints":{"allow":["GET"]}}],"collection":[{"href":"https:\/\/tibladin.dk\/fr\/wp-json\/wp\/v2\/product"}],"about":[{"href":"https:\/\/tibladin.dk\/fr\/wp-json\/wp\/v2\/types\/product"}],"wp:featuredmedia":[{"embeddable":true,"href":"https:\/\/tibladin.dk\/fr\/wp-json\/wp\/v2\/media\/5783"}],"wp:attachment":[{"href":"https:\/\/tibladin.dk\/fr\/wp-json\/wp\/v2\/media?parent=4767"}],"wp:term":[{"taxonomy":"product_brand","embeddable":true,"href":"https:\/\/tibladin.dk\/fr\/wp-json\/wp\/v2\/product_brand?post=4767"},{"taxonomy":"product_cat","embeddable":true,"href":"https:\/\/tibladin.dk\/fr\/wp-json\/wp\/v2\/product_cat?post=4767"},{"taxonomy":"product_tag","embeddable":true,"href":"https:\/\/tibladin.dk\/fr\/wp-json\/wp\/v2\/product_tag?post=4767"}],"curies":[{"name":"wp","href":"https:\/\/api.w.org\/{rel}","templated":true}]}}