{"id":512,"date":"2022-09-20T11:02:44","date_gmt":"2022-09-20T09:02:44","guid":{"rendered":"https:\/\/tibladin.dk\/vare\/krukke-i-stucco-tadlekt-turkis-firkantet\/"},"modified":"2025-09-28T23:42:45","modified_gmt":"2025-09-28T21:42:45","slug":"pot-en-stuc-tadlect-carre-turquoise","status":"publish","type":"product","link":"https:\/\/tibladin.dk\/fr\/produkt\/krukke-i-stucco-tadlekt-turkis-firkantet\/","title":{"rendered":"Pot en stucco\/tadlekt turquoise - carr\u00e9"},"content":{"rendered":"<div class=\"wpb-content-wrapper\"><div class=\"vc_row wpb_row vc_row-fluid\"><div class=\"wpb_column vc_column_container vc_col-sm-4\"><div class=\"vc_column-inner\"><div class=\"wpb_wrapper\"><\/div><\/div><\/div><div class=\"wpb_column vc_column_container vc_col-sm-4\"><div class=\"vc_column-inner\"><div class=\"wpb_wrapper\"><h3 style=\"text-align: left\" class=\"vc_custom_heading vc_do_custom_heading\" >Entretien<\/h3>\n\t<div class=\"wpb_text_column wpb_content_element\" >\n\t\t<div class=\"wpb_wrapper\">\n\t\t\t<p>Pour le nettoyage, je recommande simplement un chiffon \u00e0 poussi\u00e8re ou un chiffon bien essor\u00e9.<\/p>\n\n\t\t<\/div>\n\t<\/div>\n<\/div><\/div><\/div><div class=\"wpb_column vc_column_container vc_col-sm-4\"><div class=\"vc_column-inner\"><div class=\"wpb_wrapper\"><h3 style=\"text-align: left\" class=\"vc_custom_heading vc_do_custom_heading\" >L&#039;histoire derri\u00e8re<\/h3>\n\t<div class=\"wpb_text_column wpb_content_element\" >\n\t\t<div class=\"wpb_wrapper\">\n\t\t\t<p>Des rangements qui d\u00e9corent. C&#039;est toujours agr\u00e9able de s&#039;entourer de belles choses, et si elles peuvent aussi servir \u00e0 ranger des choses, c&#039;est extra bien. J&#039;aime les petites choses qui d\u00e9corent la maison et donnent juste cette touche suppl\u00e9mentaire de chaleur et de myst\u00e8re marocain.<\/p>\n<p>Le Tadlekt ou le mot europ\u00e9en stuc est un mat\u00e9riau utilis\u00e9 au Maroc sur les murs, notamment dans les salles de bains. Il donne aux murs une sorte de marbrure, un aspect brillant et exclusif. Au Maroc, vous verrez souvent du tadlekt utilis\u00e9 sur les murs de la plupart des pi\u00e8ces, dans les salles de bains, dans le hammam (hammam marocain), etc. J&#039;adore ce mat\u00e9riau, je le trouve tellement cool. Le Tadlekt est \u00e9galement utilis\u00e9 pour fabriquer des bocaux. Ils sont parfaits \u00e0 utiliser dans la salle de bain pour les cotons-tiges et les cotons-tiges ou simplement comme d\u00e9coration.<\/p>\n<p>Ils ne peuvent pas \u00eatre utilis\u00e9s pour stocker des aliments.<\/p>\n<p>Vous \u00eates libre de choisir entre les diff\u00e9rentes couleurs de pompons en cordon de soie \u2013 il vous suffit d&#039;indiquer la couleur que vous souhaitez dans le champ commentaires de votre commande.<\/p>\n\n\t\t<\/div>\n\t<\/div>\n<\/div><\/div><\/div><\/div>\n<\/div>","protected":false},"excerpt":{"rendered":"<p>Pots carr\u00e9s en stucco\/tadlekt d'une belle couleur turquoise fabriqu\u00e9s par des artisans marocains. Id\u00e9al pour les cotons-tiges ou les cotons-tiges dans la salle de bain ou pour la d\u00e9coration sur le rebord de la fen\u00eatre, au bureau, dans la chambre, oui, partout o\u00f9 vous souhaitez un beau rangement. Disponible en trois tailles S, M et L.<\/p>\n<p>&nbsp;<\/p>","protected":false},"featured_media":506,"template":"","meta":{"inline_featured_image":false},"product_brand":[],"product_cat":[29,53,51],"product_tag":[],"class_list":{"0":"post-512","1":"product","2":"type-product","3":"status-publish","4":"has-post-thumbnail","6":"product_cat-gaven-til-den-unge-pige","7":"product_cat-krukker-i-stucco","8":"product_cat-opbevaring","10":"first","11":"instock","12":"taxable","13":"shipping-taxable","14":"purchasable","15":"product-type-variable"},"exclude_global_add_ons":false,"addons":[{"name":"Vous souhaitez un emballage cadeau ?","type":"checkbox","position":0,"required":false,"title_format":"label","default":"","description_enable":false,"description":"","placeholder_enable":false,"placeholder":"","display":"images","restrictions_type":"any_text","adjust_price":false,"price":"","price_type":"flat_fee","restrictions":false,"min":"0","max":"0","options":[{"label":"Ja tak","price":"10","price_type":"flat_fee","image":11015,"visibility":true}],"id":1669646111}],"yoast_head":"<!-- This site is optimized with the Yoast SEO plugin v27.4 - https:\/\/yoast.com\/product\/yoast-seo-wordpress\/ -->\n<title>Krukke i stucco\/tadlekt turkis- firkantet | Marokkansk keramik<\/title>\n<meta name=\"description\" content=\"Firkantede Krukker i stucco\/tadlekt lavet af marokkanske h\u00e5ndv\u00e6rkere. Gode til vatrondeller el. vatpinde p\u00e5 badev\u00e6relset eller til pynt i vindueskarmen.\" \/>\n<meta name=\"robots\" content=\"index, follow, max-snippet:-1, max-image-preview:large, max-video-preview:-1\" \/>\n<link rel=\"canonical\" href=\"https:\/\/tibladin.dk\/fr\/produit-4\/pot-en-stuc-tadlect-carre-turquoise\/\" \/>\n<meta property=\"og:locale\" content=\"fr_FR\" \/>\n<meta property=\"og:type\" content=\"article\" \/>\n<meta property=\"og:title\" content=\"Krukke i stucco\/tadlekt turkis- firkantet | Marokkansk keramik\" \/>\n<meta property=\"og:description\" content=\"Firkantede Krukker i stucco\/tadlekt lavet af marokkanske h\u00e5ndv\u00e6rkere. Gode til vatrondeller el. vatpinde p\u00e5 badev\u00e6relset eller til pynt i vindueskarmen.\" \/>\n<meta property=\"og:url\" content=\"https:\/\/tibladin.dk\/fr\/produit-4\/pot-en-stuc-tadlect-carre-turquoise\/\" \/>\n<meta property=\"og:site_name\" content=\"Tibladin\" \/>\n<meta property=\"article:modified_time\" content=\"2025-09-28T21:42:45+00:00\" \/>\n<meta property=\"og:image\" content=\"https:\/\/tibladin.dk\/wp-content\/uploads\/2022\/09\/Tibladin_Stucco_Turkis_1-1.jpg\" \/>\n\t<meta property=\"og:image:width\" content=\"800\" \/>\n\t<meta property=\"og:image:height\" content=\"800\" \/>\n\t<meta property=\"og:image:type\" content=\"image\/jpeg\" \/>\n<meta name=\"twitter:card\" content=\"summary_large_image\" \/>\n<meta name=\"twitter:label1\" content=\"Dur\u00e9e de lecture estim\u00e9e\" \/>\n\t<meta name=\"twitter:data1\" content=\"2 minutes\" \/>\n<script type=\"application\/ld+json\" class=\"yoast-schema-graph\">{\"@context\":\"https:\\\/\\\/schema.org\",\"@graph\":[{\"@type\":\"WebPage\",\"@id\":\"https:\\\/\\\/tibladin.dk\\\/produkt\\\/krukke-i-stucco-tadlekt-turkis-firkantet\\\/\",\"url\":\"https:\\\/\\\/tibladin.dk\\\/produkt\\\/krukke-i-stucco-tadlekt-turkis-firkantet\\\/\",\"name\":\"Krukke i stucco\\\/tadlekt turkis- firkantet | Marokkansk keramik\",\"isPartOf\":{\"@id\":\"https:\\\/\\\/tibladin.dk\\\/#website\"},\"primaryImageOfPage\":{\"@id\":\"https:\\\/\\\/tibladin.dk\\\/produkt\\\/krukke-i-stucco-tadlekt-turkis-firkantet\\\/#primaryimage\"},\"image\":{\"@id\":\"https:\\\/\\\/tibladin.dk\\\/produkt\\\/krukke-i-stucco-tadlekt-turkis-firkantet\\\/#primaryimage\"},\"thumbnailUrl\":\"https:\\\/\\\/tibladin.dk\\\/wp-content\\\/uploads\\\/2022\\\/09\\\/Tibladin_Stucco_Turkis_1-1.jpg\",\"datePublished\":\"2022-09-20T09:02:44+00:00\",\"dateModified\":\"2025-09-28T21:42:45+00:00\",\"description\":\"Firkantede Krukker i stucco\\\/tadlekt lavet af marokkanske h\u00e5ndv\u00e6rkere. Gode til vatrondeller el. vatpinde p\u00e5 badev\u00e6relset eller til pynt i vindueskarmen.\",\"breadcrumb\":{\"@id\":\"https:\\\/\\\/tibladin.dk\\\/produkt\\\/krukke-i-stucco-tadlekt-turkis-firkantet\\\/#breadcrumb\"},\"inLanguage\":\"fr-FR\",\"potentialAction\":[{\"@type\":\"ReadAction\",\"target\":[\"https:\\\/\\\/tibladin.dk\\\/produkt\\\/krukke-i-stucco-tadlekt-turkis-firkantet\\\/\"]}]},{\"@type\":\"ImageObject\",\"inLanguage\":\"fr-FR\",\"@id\":\"https:\\\/\\\/tibladin.dk\\\/produkt\\\/krukke-i-stucco-tadlekt-turkis-firkantet\\\/#primaryimage\",\"url\":\"https:\\\/\\\/tibladin.dk\\\/wp-content\\\/uploads\\\/2022\\\/09\\\/Tibladin_Stucco_Turkis_1-1.jpg\",\"contentUrl\":\"https:\\\/\\\/tibladin.dk\\\/wp-content\\\/uploads\\\/2022\\\/09\\\/Tibladin_Stucco_Turkis_1-1.jpg\",\"width\":800,\"height\":800,\"caption\":\"Firkantet marokkanske krukker i stucco i turkis farve\"},{\"@type\":\"BreadcrumbList\",\"@id\":\"https:\\\/\\\/tibladin.dk\\\/produkt\\\/krukke-i-stucco-tadlekt-turkis-firkantet\\\/#breadcrumb\",\"itemListElement\":[{\"@type\":\"ListItem\",\"position\":1,\"name\":\"Hjem\",\"item\":\"https:\\\/\\\/tibladin.dk\\\/\"},{\"@type\":\"ListItem\",\"position\":2,\"name\":\"Shop\",\"item\":\"https:\\\/\\\/tibladin.dk\\\/shop\\\/\"},{\"@type\":\"ListItem\",\"position\":3,\"name\":\"Krukke i stucco\\\/tadlekt turkis- firkantet\"}]},{\"@type\":\"WebSite\",\"@id\":\"https:\\\/\\\/tibladin.dk\\\/#website\",\"url\":\"https:\\\/\\\/tibladin.dk\\\/\",\"name\":\"Tibladin\",\"description\":\"Tibladin\",\"publisher\":{\"@id\":\"https:\\\/\\\/tibladin.dk\\\/#organization\"},\"potentialAction\":[{\"@type\":\"SearchAction\",\"target\":{\"@type\":\"EntryPoint\",\"urlTemplate\":\"https:\\\/\\\/tibladin.dk\\\/?s={search_term_string}\"},\"query-input\":{\"@type\":\"PropertyValueSpecification\",\"valueRequired\":true,\"valueName\":\"search_term_string\"}}],\"inLanguage\":\"fr-FR\"},{\"@type\":\"Organization\",\"@id\":\"https:\\\/\\\/tibladin.dk\\\/#organization\",\"name\":\"Tibladin\",\"url\":\"https:\\\/\\\/tibladin.dk\\\/\",\"logo\":{\"@type\":\"ImageObject\",\"inLanguage\":\"fr-FR\",\"@id\":\"https:\\\/\\\/tibladin.dk\\\/#\\\/schema\\\/logo\\\/image\\\/\",\"url\":\"https:\\\/\\\/tibladin.dk\\\/wp-content\\\/uploads\\\/2022\\\/09\\\/tibladin_logo.svg\",\"contentUrl\":\"https:\\\/\\\/tibladin.dk\\\/wp-content\\\/uploads\\\/2022\\\/09\\\/tibladin_logo.svg\",\"caption\":\"Tibladin\"},\"image\":{\"@id\":\"https:\\\/\\\/tibladin.dk\\\/#\\\/schema\\\/logo\\\/image\\\/\"}}]}<\/script>\n<!-- \/ Yoast SEO plugin. -->","yoast_head_json":{"title":"Pot en stuc\/tadlekt turquoise - carr\u00e9 | C\u00e9ramique marocaine","description":"Pots carr\u00e9s en stuc\/tadlect fabriqu\u00e9s par des artisans marocains. Bon pour les cotons, etc. des cotons-tiges dans la salle de bain ou pour la d\u00e9coration sur le rebord de la fen\u00eatre.","robots":{"index":"index","follow":"follow","max-snippet":"max-snippet:-1","max-image-preview":"max-image-preview:large","max-video-preview":"max-video-preview:-1"},"canonical":"https:\/\/tibladin.dk\/fr\/produit-4\/pot-en-stuc-tadlect-carre-turquoise\/","og_locale":"fr_FR","og_type":"article","og_title":"Krukke i stucco\/tadlekt turkis- firkantet | Marokkansk keramik","og_description":"Firkantede Krukker i stucco\/tadlekt lavet af marokkanske h\u00e5ndv\u00e6rkere. Gode til vatrondeller el. vatpinde p\u00e5 badev\u00e6relset eller til pynt i vindueskarmen.","og_url":"https:\/\/tibladin.dk\/fr\/produit-4\/pot-en-stuc-tadlect-carre-turquoise\/","og_site_name":"Tibladin","article_modified_time":"2025-09-28T21:42:45+00:00","og_image":[{"width":800,"height":800,"url":"https:\/\/tibladin.dk\/wp-content\/uploads\/2022\/09\/Tibladin_Stucco_Turkis_1-1.jpg","type":"image\/jpeg"}],"twitter_card":"summary_large_image","twitter_misc":{"Dur\u00e9e de lecture estim\u00e9e":"2 minutes"},"schema":{"@context":"https:\/\/schema.org","@graph":[{"@type":"WebPage","@id":"https:\/\/tibladin.dk\/produkt\/krukke-i-stucco-tadlekt-turkis-firkantet\/","url":"https:\/\/tibladin.dk\/produkt\/krukke-i-stucco-tadlekt-turkis-firkantet\/","name":"Pot en stuc\/tadlekt turquoise - carr\u00e9 | C\u00e9ramique marocaine","isPartOf":{"@id":"https:\/\/tibladin.dk\/#website"},"primaryImageOfPage":{"@id":"https:\/\/tibladin.dk\/produkt\/krukke-i-stucco-tadlekt-turkis-firkantet\/#primaryimage"},"image":{"@id":"https:\/\/tibladin.dk\/produkt\/krukke-i-stucco-tadlekt-turkis-firkantet\/#primaryimage"},"thumbnailUrl":"https:\/\/tibladin.dk\/wp-content\/uploads\/2022\/09\/Tibladin_Stucco_Turkis_1-1.jpg","datePublished":"2022-09-20T09:02:44+00:00","dateModified":"2025-09-28T21:42:45+00:00","description":"Pots carr\u00e9s en stuc\/tadlect fabriqu\u00e9s par des artisans marocains. Bon pour les cotons, etc. des cotons-tiges dans la salle de bain ou pour la d\u00e9coration sur le rebord de la fen\u00eatre.","breadcrumb":{"@id":"https:\/\/tibladin.dk\/produkt\/krukke-i-stucco-tadlekt-turkis-firkantet\/#breadcrumb"},"inLanguage":"fr-FR","potentialAction":[{"@type":"ReadAction","target":["https:\/\/tibladin.dk\/produkt\/krukke-i-stucco-tadlekt-turkis-firkantet\/"]}]},{"@type":"ImageObject","inLanguage":"fr-FR","@id":"https:\/\/tibladin.dk\/produkt\/krukke-i-stucco-tadlekt-turkis-firkantet\/#primaryimage","url":"https:\/\/tibladin.dk\/wp-content\/uploads\/2022\/09\/Tibladin_Stucco_Turkis_1-1.jpg","contentUrl":"https:\/\/tibladin.dk\/wp-content\/uploads\/2022\/09\/Tibladin_Stucco_Turkis_1-1.jpg","width":800,"height":800,"caption":"Firkantet marokkanske krukker i stucco i turkis farve"},{"@type":"BreadcrumbList","@id":"https:\/\/tibladin.dk\/produkt\/krukke-i-stucco-tadlekt-turkis-firkantet\/#breadcrumb","itemListElement":[{"@type":"ListItem","position":1,"name":"Hjem","item":"https:\/\/tibladin.dk\/"},{"@type":"ListItem","position":2,"name":"Shop","item":"https:\/\/tibladin.dk\/shop\/"},{"@type":"ListItem","position":3,"name":"Krukke i stucco\/tadlekt turkis- firkantet"}]},{"@type":"WebSite","@id":"https:\/\/tibladin.dk\/#website","url":"https:\/\/tibladin.dk\/","name":"Tibladin","description":"Tibladin","publisher":{"@id":"https:\/\/tibladin.dk\/#organization"},"potentialAction":[{"@type":"SearchAction","target":{"@type":"EntryPoint","urlTemplate":"https:\/\/tibladin.dk\/?s={search_term_string}"},"query-input":{"@type":"PropertyValueSpecification","valueRequired":true,"valueName":"search_term_string"}}],"inLanguage":"fr-FR"},{"@type":"Organization","@id":"https:\/\/tibladin.dk\/#organization","name":"Tibladin","url":"https:\/\/tibladin.dk\/","logo":{"@type":"ImageObject","inLanguage":"fr-FR","@id":"https:\/\/tibladin.dk\/#\/schema\/logo\/image\/","url":"https:\/\/tibladin.dk\/wp-content\/uploads\/2022\/09\/tibladin_logo.svg","contentUrl":"https:\/\/tibladin.dk\/wp-content\/uploads\/2022\/09\/tibladin_logo.svg","caption":"Tibladin"},"image":{"@id":"https:\/\/tibladin.dk\/#\/schema\/logo\/image\/"}}]}},"_links":{"self":[{"href":"https:\/\/tibladin.dk\/fr\/wp-json\/wp\/v2\/product\/512","targetHints":{"allow":["GET"]}}],"collection":[{"href":"https:\/\/tibladin.dk\/fr\/wp-json\/wp\/v2\/product"}],"about":[{"href":"https:\/\/tibladin.dk\/fr\/wp-json\/wp\/v2\/types\/product"}],"wp:featuredmedia":[{"embeddable":true,"href":"https:\/\/tibladin.dk\/fr\/wp-json\/wp\/v2\/media\/506"}],"wp:attachment":[{"href":"https:\/\/tibladin.dk\/fr\/wp-json\/wp\/v2\/media?parent=512"}],"wp:term":[{"taxonomy":"product_brand","embeddable":true,"href":"https:\/\/tibladin.dk\/fr\/wp-json\/wp\/v2\/product_brand?post=512"},{"taxonomy":"product_cat","embeddable":true,"href":"https:\/\/tibladin.dk\/fr\/wp-json\/wp\/v2\/product_cat?post=512"},{"taxonomy":"product_tag","embeddable":true,"href":"https:\/\/tibladin.dk\/fr\/wp-json\/wp\/v2\/product_tag?post=512"}],"curies":[{"name":"wp","href":"https:\/\/api.w.org\/{rel}","templated":true}]}}