{"id":568,"date":"2022-09-20T11:03:08","date_gmt":"2022-09-20T09:03:08","guid":{"rendered":"https:\/\/tibladin.dk\/?post_type=product&#038;p=568"},"modified":"2024-12-09T15:00:06","modified_gmt":"2024-12-09T14:00:06","slug":"miroir-ovale-aeg-soelv","status":"publish","type":"product","link":"https:\/\/tibladin.dk\/fr\/produkt\/spejl-oval-aeg-soelv\/","title":{"rendered":"Oeuf ovale miroir \u2013 argent"},"content":{"rendered":"<div class=\"wpb-content-wrapper\"><div class=\"vc_row wpb_row vc_row-fluid\"><div class=\"wpb_column vc_column_container vc_col-sm-4\"><div class=\"vc_column-inner\"><div class=\"wpb_wrapper\"><\/div><\/div><\/div><div class=\"wpb_column vc_column_container vc_col-sm-4\"><div class=\"vc_column-inner\"><div class=\"wpb_wrapper\"><h3 style=\"text-align: left\" class=\"vc_custom_heading vc_do_custom_heading\" >Entretien<\/h3>\n\t<div class=\"wpb_text_column wpb_content_element\" >\n\t\t<div class=\"wpb_wrapper\">\n\t\t\t<p>Utilisez du vernis pour le bord. Le miroir se patinera avec le temps et pourra \u00eatre facilement poli \u00e0 nouveau.<\/p>\n<p>Utilisez un nettoyant pour vitres ordinaire pour le miroir.<\/p>\n\n\t\t<\/div>\n\t<\/div>\n<\/div><\/div><\/div><div class=\"wpb_column vc_column_container vc_col-sm-4\"><div class=\"vc_column-inner\"><div class=\"wpb_wrapper\"><h3 style=\"text-align: left\" class=\"vc_custom_heading vc_do_custom_heading\" >L&#039;histoire derri\u00e8re<\/h3>\n\t<div class=\"wpb_text_column wpb_content_element\" >\n\t\t<div class=\"wpb_wrapper\">\n\t\t\t<p>Les miroirs donnent vie au mur. Il est tr\u00e8s tendance d\u2019utiliser des miroirs \u00e0 l\u2019int\u00e9rieur, et de pr\u00e9f\u00e9rence plusieurs ensemble de formes diff\u00e9rentes. Pensez aux miroirs dans la conception de vos pi\u00e8ces et exp\u00e9rimentez diff\u00e9rentes configurations. Utilisez-les comme touche finale \u00e0 votre mur d&#039;images.<\/p>\n<p>Les miroirs sont en m\u00e9tal de couleur or et argent.<\/p>\n\n\t\t<\/div>\n\t<\/div>\n<\/div><\/div><\/div><\/div>\n<\/div>","protected":false},"excerpt":{"rendered":"<p>Miroir marocain fait main en m\u00e9tal argent\u00e9.<\/p>\n<p>Disponible en trois tailles diff\u00e9rentes : M, S et XS.<\/p>\n<p>Le miroir a des supports cach\u00e9s \u00e0 l&#039;arri\u00e8re - juste pour l&#039;accrocher au mur.<\/p>\n<p>Dimensions : M : 37x28| S\u00a0: 24 x 19 | XS : 19 x 15<\/p>\n<p>&nbsp;<\/p>","protected":false},"featured_media":621,"template":"","meta":{"inline_featured_image":false},"product_brand":[],"product_cat":[58,56],"product_tag":[],"class_list":{"0":"post-568","1":"product","2":"type-product","3":"status-publish","4":"has-post-thumbnail","6":"product_cat-spejle","7":"product_cat-vaegdekoration","9":"first","10":"instock","11":"taxable","12":"shipping-taxable","13":"purchasable","14":"product-type-variable"},"exclude_global_add_ons":[],"addons":[],"yoast_head":"<!-- This site is optimized with the Yoast SEO plugin v27.4 - https:\/\/yoast.com\/product\/yoast-seo-wordpress\/ -->\n<title>Spejl oval \u00e6g s\u00f8lv | Marokkansk v\u00e6gdekoration | Tibladin<\/title>\n<meta name=\"description\" content=\"Marokkansk spejl oval \u00e6g s\u00f8lv, h\u00e5ndlavet p\u00e5 metalv\u00e6rksted i Marokko i guldfarvet metal. F\u00e5es i 3 forskellige st\u00f8rrelser M, S og XS.\" \/>\n<meta name=\"robots\" content=\"index, follow, max-snippet:-1, max-image-preview:large, max-video-preview:-1\" \/>\n<link rel=\"canonical\" href=\"https:\/\/tibladin.dk\/fr\/produit-4\/miroir-ovale-aeg-soelv\/\" \/>\n<meta property=\"og:locale\" content=\"fr_FR\" \/>\n<meta property=\"og:type\" content=\"article\" \/>\n<meta property=\"og:title\" content=\"Spejl oval \u00e6g s\u00f8lv | Marokkansk v\u00e6gdekoration | Tibladin\" \/>\n<meta property=\"og:description\" content=\"Marokkansk spejl oval \u00e6g s\u00f8lv, h\u00e5ndlavet p\u00e5 metalv\u00e6rksted i Marokko i guldfarvet metal. F\u00e5es i 3 forskellige st\u00f8rrelser M, S og XS.\" \/>\n<meta property=\"og:url\" content=\"https:\/\/tibladin.dk\/fr\/produit-4\/miroir-ovale-aeg-soelv\/\" \/>\n<meta property=\"og:site_name\" content=\"Tibladin\" \/>\n<meta property=\"article:modified_time\" content=\"2024-12-09T14:00:06+00:00\" \/>\n<meta property=\"og:image\" content=\"https:\/\/tibladin.dk\/wp-content\/uploads\/2022\/09\/Tibladin_marokkansk_spejl_soelv-single_800x800-1.jpg\" \/>\n\t<meta property=\"og:image:width\" content=\"800\" \/>\n\t<meta property=\"og:image:height\" content=\"800\" \/>\n\t<meta property=\"og:image:type\" content=\"image\/jpeg\" \/>\n<meta name=\"twitter:card\" content=\"summary_large_image\" \/>\n<meta name=\"twitter:label1\" content=\"Dur\u00e9e de lecture estim\u00e9e\" \/>\n\t<meta name=\"twitter:data1\" content=\"1 minute\" \/>\n<script type=\"application\/ld+json\" class=\"yoast-schema-graph\">{\"@context\":\"https:\\\/\\\/schema.org\",\"@graph\":[{\"@type\":\"WebPage\",\"@id\":\"https:\\\/\\\/tibladin.dk\\\/produkt\\\/spejl-oval-aeg-soelv\\\/\",\"url\":\"https:\\\/\\\/tibladin.dk\\\/produkt\\\/spejl-oval-aeg-soelv\\\/\",\"name\":\"Spejl oval \u00e6g s\u00f8lv | Marokkansk v\u00e6gdekoration | Tibladin\",\"isPartOf\":{\"@id\":\"https:\\\/\\\/tibladin.dk\\\/#website\"},\"primaryImageOfPage\":{\"@id\":\"https:\\\/\\\/tibladin.dk\\\/produkt\\\/spejl-oval-aeg-soelv\\\/#primaryimage\"},\"image\":{\"@id\":\"https:\\\/\\\/tibladin.dk\\\/produkt\\\/spejl-oval-aeg-soelv\\\/#primaryimage\"},\"thumbnailUrl\":\"https:\\\/\\\/tibladin.dk\\\/wp-content\\\/uploads\\\/2022\\\/09\\\/Tibladin_marokkansk_spejl_soelv-single_800x800-1.jpg\",\"datePublished\":\"2022-09-20T09:03:08+00:00\",\"dateModified\":\"2024-12-09T14:00:06+00:00\",\"description\":\"Marokkansk spejl oval \u00e6g s\u00f8lv, h\u00e5ndlavet p\u00e5 metalv\u00e6rksted i Marokko i guldfarvet metal. F\u00e5es i 3 forskellige st\u00f8rrelser M, S og XS.\",\"breadcrumb\":{\"@id\":\"https:\\\/\\\/tibladin.dk\\\/produkt\\\/spejl-oval-aeg-soelv\\\/#breadcrumb\"},\"inLanguage\":\"fr-FR\",\"potentialAction\":[{\"@type\":\"ReadAction\",\"target\":[\"https:\\\/\\\/tibladin.dk\\\/produkt\\\/spejl-oval-aeg-soelv\\\/\"]}]},{\"@type\":\"ImageObject\",\"inLanguage\":\"fr-FR\",\"@id\":\"https:\\\/\\\/tibladin.dk\\\/produkt\\\/spejl-oval-aeg-soelv\\\/#primaryimage\",\"url\":\"https:\\\/\\\/tibladin.dk\\\/wp-content\\\/uploads\\\/2022\\\/09\\\/Tibladin_marokkansk_spejl_soelv-single_800x800-1.jpg\",\"contentUrl\":\"https:\\\/\\\/tibladin.dk\\\/wp-content\\\/uploads\\\/2022\\\/09\\\/Tibladin_marokkansk_spejl_soelv-single_800x800-1.jpg\",\"width\":800,\"height\":800,\"caption\":\"Marokkansk h\u00e5ndlavet \u00e6ggeformet spejl med s\u00f8lv kant\"},{\"@type\":\"BreadcrumbList\",\"@id\":\"https:\\\/\\\/tibladin.dk\\\/produkt\\\/spejl-oval-aeg-soelv\\\/#breadcrumb\",\"itemListElement\":[{\"@type\":\"ListItem\",\"position\":1,\"name\":\"Hjem\",\"item\":\"https:\\\/\\\/tibladin.dk\\\/\"},{\"@type\":\"ListItem\",\"position\":2,\"name\":\"Shop\",\"item\":\"https:\\\/\\\/tibladin.dk\\\/shop\\\/\"},{\"@type\":\"ListItem\",\"position\":3,\"name\":\"Spejl oval \u00e6g &#8211; s\u00f8lv\"}]},{\"@type\":\"WebSite\",\"@id\":\"https:\\\/\\\/tibladin.dk\\\/#website\",\"url\":\"https:\\\/\\\/tibladin.dk\\\/\",\"name\":\"Tibladin\",\"description\":\"Tibladin\",\"publisher\":{\"@id\":\"https:\\\/\\\/tibladin.dk\\\/#organization\"},\"potentialAction\":[{\"@type\":\"SearchAction\",\"target\":{\"@type\":\"EntryPoint\",\"urlTemplate\":\"https:\\\/\\\/tibladin.dk\\\/?s={search_term_string}\"},\"query-input\":{\"@type\":\"PropertyValueSpecification\",\"valueRequired\":true,\"valueName\":\"search_term_string\"}}],\"inLanguage\":\"fr-FR\"},{\"@type\":\"Organization\",\"@id\":\"https:\\\/\\\/tibladin.dk\\\/#organization\",\"name\":\"Tibladin\",\"url\":\"https:\\\/\\\/tibladin.dk\\\/\",\"logo\":{\"@type\":\"ImageObject\",\"inLanguage\":\"fr-FR\",\"@id\":\"https:\\\/\\\/tibladin.dk\\\/#\\\/schema\\\/logo\\\/image\\\/\",\"url\":\"https:\\\/\\\/tibladin.dk\\\/wp-content\\\/uploads\\\/2022\\\/09\\\/tibladin_logo.svg\",\"contentUrl\":\"https:\\\/\\\/tibladin.dk\\\/wp-content\\\/uploads\\\/2022\\\/09\\\/tibladin_logo.svg\",\"caption\":\"Tibladin\"},\"image\":{\"@id\":\"https:\\\/\\\/tibladin.dk\\\/#\\\/schema\\\/logo\\\/image\\\/\"}}]}<\/script>\n<!-- \/ Yoast SEO plugin. -->","yoast_head_json":{"title":"Miroir ovale oeuf argent | D\u00e9coration murale marocaine | Tibladine","description":"Miroir marocain ovale oeuf argent\u00e9, fait main dans un atelier de m\u00e9tallurgie au Maroc en m\u00e9tal dor\u00e9. Disponible en 3 tailles diff\u00e9rentes M, S et XS.","robots":{"index":"index","follow":"follow","max-snippet":"max-snippet:-1","max-image-preview":"max-image-preview:large","max-video-preview":"max-video-preview:-1"},"canonical":"https:\/\/tibladin.dk\/fr\/produit-4\/miroir-ovale-aeg-soelv\/","og_locale":"fr_FR","og_type":"article","og_title":"Spejl oval \u00e6g s\u00f8lv | Marokkansk v\u00e6gdekoration | Tibladin","og_description":"Marokkansk spejl oval \u00e6g s\u00f8lv, h\u00e5ndlavet p\u00e5 metalv\u00e6rksted i Marokko i guldfarvet metal. F\u00e5es i 3 forskellige st\u00f8rrelser M, S og XS.","og_url":"https:\/\/tibladin.dk\/fr\/produit-4\/miroir-ovale-aeg-soelv\/","og_site_name":"Tibladin","article_modified_time":"2024-12-09T14:00:06+00:00","og_image":[{"width":800,"height":800,"url":"https:\/\/tibladin.dk\/wp-content\/uploads\/2022\/09\/Tibladin_marokkansk_spejl_soelv-single_800x800-1.jpg","type":"image\/jpeg"}],"twitter_card":"summary_large_image","twitter_misc":{"Dur\u00e9e de lecture estim\u00e9e":"1 minute"},"schema":{"@context":"https:\/\/schema.org","@graph":[{"@type":"WebPage","@id":"https:\/\/tibladin.dk\/produkt\/spejl-oval-aeg-soelv\/","url":"https:\/\/tibladin.dk\/produkt\/spejl-oval-aeg-soelv\/","name":"Miroir ovale oeuf argent | D\u00e9coration murale marocaine | Tibladine","isPartOf":{"@id":"https:\/\/tibladin.dk\/#website"},"primaryImageOfPage":{"@id":"https:\/\/tibladin.dk\/produkt\/spejl-oval-aeg-soelv\/#primaryimage"},"image":{"@id":"https:\/\/tibladin.dk\/produkt\/spejl-oval-aeg-soelv\/#primaryimage"},"thumbnailUrl":"https:\/\/tibladin.dk\/wp-content\/uploads\/2022\/09\/Tibladin_marokkansk_spejl_soelv-single_800x800-1.jpg","datePublished":"2022-09-20T09:03:08+00:00","dateModified":"2024-12-09T14:00:06+00:00","description":"Miroir marocain ovale oeuf argent\u00e9, fait main dans un atelier de m\u00e9tallurgie au Maroc en m\u00e9tal dor\u00e9. Disponible en 3 tailles diff\u00e9rentes M, S et XS.","breadcrumb":{"@id":"https:\/\/tibladin.dk\/produkt\/spejl-oval-aeg-soelv\/#breadcrumb"},"inLanguage":"fr-FR","potentialAction":[{"@type":"ReadAction","target":["https:\/\/tibladin.dk\/produkt\/spejl-oval-aeg-soelv\/"]}]},{"@type":"ImageObject","inLanguage":"fr-FR","@id":"https:\/\/tibladin.dk\/produkt\/spejl-oval-aeg-soelv\/#primaryimage","url":"https:\/\/tibladin.dk\/wp-content\/uploads\/2022\/09\/Tibladin_marokkansk_spejl_soelv-single_800x800-1.jpg","contentUrl":"https:\/\/tibladin.dk\/wp-content\/uploads\/2022\/09\/Tibladin_marokkansk_spejl_soelv-single_800x800-1.jpg","width":800,"height":800,"caption":"Marokkansk h\u00e5ndlavet \u00e6ggeformet spejl med s\u00f8lv kant"},{"@type":"BreadcrumbList","@id":"https:\/\/tibladin.dk\/produkt\/spejl-oval-aeg-soelv\/#breadcrumb","itemListElement":[{"@type":"ListItem","position":1,"name":"Hjem","item":"https:\/\/tibladin.dk\/"},{"@type":"ListItem","position":2,"name":"Shop","item":"https:\/\/tibladin.dk\/shop\/"},{"@type":"ListItem","position":3,"name":"Spejl oval \u00e6g &#8211; s\u00f8lv"}]},{"@type":"WebSite","@id":"https:\/\/tibladin.dk\/#website","url":"https:\/\/tibladin.dk\/","name":"Tibladin","description":"Tibladin","publisher":{"@id":"https:\/\/tibladin.dk\/#organization"},"potentialAction":[{"@type":"SearchAction","target":{"@type":"EntryPoint","urlTemplate":"https:\/\/tibladin.dk\/?s={search_term_string}"},"query-input":{"@type":"PropertyValueSpecification","valueRequired":true,"valueName":"search_term_string"}}],"inLanguage":"fr-FR"},{"@type":"Organization","@id":"https:\/\/tibladin.dk\/#organization","name":"Tibladin","url":"https:\/\/tibladin.dk\/","logo":{"@type":"ImageObject","inLanguage":"fr-FR","@id":"https:\/\/tibladin.dk\/#\/schema\/logo\/image\/","url":"https:\/\/tibladin.dk\/wp-content\/uploads\/2022\/09\/tibladin_logo.svg","contentUrl":"https:\/\/tibladin.dk\/wp-content\/uploads\/2022\/09\/tibladin_logo.svg","caption":"Tibladin"},"image":{"@id":"https:\/\/tibladin.dk\/#\/schema\/logo\/image\/"}}]}},"_links":{"self":[{"href":"https:\/\/tibladin.dk\/fr\/wp-json\/wp\/v2\/product\/568","targetHints":{"allow":["GET"]}}],"collection":[{"href":"https:\/\/tibladin.dk\/fr\/wp-json\/wp\/v2\/product"}],"about":[{"href":"https:\/\/tibladin.dk\/fr\/wp-json\/wp\/v2\/types\/product"}],"wp:featuredmedia":[{"embeddable":true,"href":"https:\/\/tibladin.dk\/fr\/wp-json\/wp\/v2\/media\/621"}],"wp:attachment":[{"href":"https:\/\/tibladin.dk\/fr\/wp-json\/wp\/v2\/media?parent=568"}],"wp:term":[{"taxonomy":"product_brand","embeddable":true,"href":"https:\/\/tibladin.dk\/fr\/wp-json\/wp\/v2\/product_brand?post=568"},{"taxonomy":"product_cat","embeddable":true,"href":"https:\/\/tibladin.dk\/fr\/wp-json\/wp\/v2\/product_cat?post=568"},{"taxonomy":"product_tag","embeddable":true,"href":"https:\/\/tibladin.dk\/fr\/wp-json\/wp\/v2\/product_tag?post=568"}],"curies":[{"name":"wp","href":"https:\/\/api.w.org\/{rel}","templated":true}]}}