{"id":6339,"date":"2022-12-17T06:33:41","date_gmt":"2022-12-17T05:33:41","guid":{"rendered":"https:\/\/tibladin.dk\/?post_type=product&#038;p=6339"},"modified":"2025-12-17T04:09:24","modified_gmt":"2025-12-17T03:09:24","slug":"mortier-en-bois-de-noyer","status":"publish","type":"product","link":"https:\/\/tibladin.dk\/fr\/produkt\/morter-i-valnoeddetrae\/","title":{"rendered":"Mortier en bois de noyer"},"content":{"rendered":"<div class=\"wpb-content-wrapper\"><div class=\"vc_row wpb_row vc_row-fluid\"><div class=\"wpb_column vc_column_container vc_col-sm-4\"><div class=\"vc_column-inner\"><div class=\"wpb_wrapper\"><\/div><\/div><\/div><div class=\"wpb_column vc_column_container vc_col-sm-4\"><div class=\"vc_column-inner\"><div class=\"wpb_wrapper\"><h3 style=\"text-align: left\" class=\"vc_custom_heading vc_do_custom_heading\" >Entretien<\/h3>\n\t<div class=\"wpb_text_column wpb_content_element\" >\n\t\t<div class=\"wpb_wrapper\">\n\t\t\t<p>Les ustensiles de cuisine peuvent \u00eatre lav\u00e9s \u00e0 la main. Pour un \u00e9clat plus chaleureux du bois, vous pouvez lui donner un peu d\u2019huile de cuisson.<\/p>\n\n\t\t<\/div>\n\t<\/div>\n<\/div><\/div><\/div><div class=\"wpb_column vc_column_container vc_col-sm-4\"><div class=\"vc_column-inner\"><div class=\"wpb_wrapper\"><h3 style=\"text-align: left\" class=\"vc_custom_heading vc_do_custom_heading\" >L&#039;histoire derri\u00e8re<\/h3>\n\t<div class=\"wpb_text_column wpb_content_element\" >\n\t\t<div class=\"wpb_wrapper\">\n\t\t\t<p>Beaux ustensiles de cuisine sculpt\u00e9s \u00e0 la main en bois de noyer. Donne un look chaleureux et cosy \u00e0 votre int\u00e9rieur de cuisine.<\/p>\n\n\t\t<\/div>\n\t<\/div>\n<\/div><\/div><\/div><\/div>\n<\/div>","protected":false},"excerpt":{"rendered":"<p>Magnifique mortier sculpt\u00e9 \u00e0 la main en bois de noyer pour vos \u00e9pices. Remplissez ici vos herbes fra\u00eeches ou \u00e9pices et \u00e9crasez-les bien avec le mortier et sentez l&#039;ar\u00f4me se r\u00e9pandre dans votre cuisine. Convient aux \u00e9pices enti\u00e8res telles que les graines de moutarde, les baies de geni\u00e8vre, le cumin, les capsules de cardamome, les grains de poivre entiers et la coriandre. En utilisant des \u00e9pices enti\u00e8res et en les broyant lorsque vous en avez besoin, vous obtenez une saveur beaucoup plus forte de vos \u00e9pices. Vous pouvez \u00e9galement m\u00e9langer votre propre pesto dans ce mortier.<\/p>\n<p>Reste non trait\u00e9. Vous pouvez donner un peu d\u2019huile de cuisson si vous souhaitez une lueur plus chaude et plus sombre. Peut \u00eatre lav\u00e9 \u00e0 la main.<\/p>\n<p>Peut varier en taille et en couleur\/motif.<\/p>","protected":false},"featured_media":6309,"template":"","meta":{"inline_featured_image":false},"product_brand":[],"product_cat":[144],"product_tag":[],"class_list":{"0":"post-6339","1":"product","2":"type-product","3":"status-publish","4":"has-post-thumbnail","6":"product_cat-koekkenredskaber-trae","8":"first","9":"instock","10":"featured","11":"taxable","12":"shipping-taxable","13":"purchasable","14":"product-type-simple"},"exclude_global_add_ons":[],"addons":[],"yoast_head":"<!-- This site is optimized with the Yoast SEO plugin v27.5 - https:\/\/yoast.com\/product\/yoast-seo-wordpress\/ -->\n<title>Morter i valn\u00f8ddetr\u00e6 | til dine krydderier | Tibladin<\/title>\n<meta name=\"description\" content=\"Hos Tibladin finder du et udvalg af l\u00e6kre h\u00e5ndsk\u00e5rne k\u00f8kkenredskaber i valn\u00f8ddetr\u00e6. Morter i tr\u00e6 til dine krydderier - m\u00e6rk duften br\u00e6dde sig i dit k\u00f8kken.\" \/>\n<meta name=\"robots\" content=\"index, follow, max-snippet:-1, max-image-preview:large, max-video-preview:-1\" \/>\n<link rel=\"canonical\" href=\"https:\/\/tibladin.dk\/fr\/produit-4\/mortier-en-bois-de-noyer\/\" \/>\n<meta property=\"og:locale\" content=\"fr_FR\" \/>\n<meta property=\"og:type\" content=\"article\" \/>\n<meta property=\"og:title\" content=\"Morter i valn\u00f8ddetr\u00e6 | til dine krydderier | Tibladin\" \/>\n<meta property=\"og:description\" content=\"Hos Tibladin finder du et udvalg af l\u00e6kre h\u00e5ndsk\u00e5rne k\u00f8kkenredskaber i valn\u00f8ddetr\u00e6. Morter i tr\u00e6 til dine krydderier - m\u00e6rk duften br\u00e6dde sig i dit k\u00f8kken.\" \/>\n<meta property=\"og:url\" content=\"https:\/\/tibladin.dk\/fr\/produit-4\/mortier-en-bois-de-noyer\/\" \/>\n<meta property=\"og:site_name\" content=\"Tibladin\" \/>\n<meta property=\"article:modified_time\" content=\"2025-12-17T03:09:24+00:00\" \/>\n<meta property=\"og:image\" content=\"https:\/\/tibladin.dk\/wp-content\/uploads\/2022\/12\/Morter-i-valnoeddetrae.jpg\" \/>\n\t<meta property=\"og:image:width\" content=\"800\" \/>\n\t<meta property=\"og:image:height\" content=\"800\" \/>\n\t<meta property=\"og:image:type\" content=\"image\/jpeg\" \/>\n<meta name=\"twitter:card\" content=\"summary_large_image\" \/>\n<meta name=\"twitter:label1\" content=\"Dur\u00e9e de lecture estim\u00e9e\" \/>\n\t<meta name=\"twitter:data1\" content=\"1 minute\" \/>\n<script type=\"application\/ld+json\" class=\"yoast-schema-graph\">{\"@context\":\"https:\\\/\\\/schema.org\",\"@graph\":[{\"@type\":\"WebPage\",\"@id\":\"https:\\\/\\\/tibladin.dk\\\/produkt\\\/morter-i-valnoeddetrae\\\/\",\"url\":\"https:\\\/\\\/tibladin.dk\\\/produkt\\\/morter-i-valnoeddetrae\\\/\",\"name\":\"Morter i valn\u00f8ddetr\u00e6 | til dine krydderier | Tibladin\",\"isPartOf\":{\"@id\":\"https:\\\/\\\/tibladin.dk\\\/#website\"},\"primaryImageOfPage\":{\"@id\":\"https:\\\/\\\/tibladin.dk\\\/produkt\\\/morter-i-valnoeddetrae\\\/#primaryimage\"},\"image\":{\"@id\":\"https:\\\/\\\/tibladin.dk\\\/produkt\\\/morter-i-valnoeddetrae\\\/#primaryimage\"},\"thumbnailUrl\":\"https:\\\/\\\/tibladin.dk\\\/wp-content\\\/uploads\\\/2022\\\/12\\\/Morter-i-valnoeddetrae.jpg\",\"datePublished\":\"2022-12-17T05:33:41+00:00\",\"dateModified\":\"2025-12-17T03:09:24+00:00\",\"description\":\"Hos Tibladin finder du et udvalg af l\u00e6kre h\u00e5ndsk\u00e5rne k\u00f8kkenredskaber i valn\u00f8ddetr\u00e6. Morter i tr\u00e6 til dine krydderier - m\u00e6rk duften br\u00e6dde sig i dit k\u00f8kken.\",\"breadcrumb\":{\"@id\":\"https:\\\/\\\/tibladin.dk\\\/produkt\\\/morter-i-valnoeddetrae\\\/#breadcrumb\"},\"inLanguage\":\"fr-FR\",\"potentialAction\":[{\"@type\":\"ReadAction\",\"target\":[\"https:\\\/\\\/tibladin.dk\\\/produkt\\\/morter-i-valnoeddetrae\\\/\"]}]},{\"@type\":\"ImageObject\",\"inLanguage\":\"fr-FR\",\"@id\":\"https:\\\/\\\/tibladin.dk\\\/produkt\\\/morter-i-valnoeddetrae\\\/#primaryimage\",\"url\":\"https:\\\/\\\/tibladin.dk\\\/wp-content\\\/uploads\\\/2022\\\/12\\\/Morter-i-valnoeddetrae.jpg\",\"contentUrl\":\"https:\\\/\\\/tibladin.dk\\\/wp-content\\\/uploads\\\/2022\\\/12\\\/Morter-i-valnoeddetrae.jpg\",\"width\":800,\"height\":800,\"caption\":\"Morter i valn\u00f8ddetr\u00e6\"},{\"@type\":\"BreadcrumbList\",\"@id\":\"https:\\\/\\\/tibladin.dk\\\/produkt\\\/morter-i-valnoeddetrae\\\/#breadcrumb\",\"itemListElement\":[{\"@type\":\"ListItem\",\"position\":1,\"name\":\"Hjem\",\"item\":\"https:\\\/\\\/tibladin.dk\\\/\"},{\"@type\":\"ListItem\",\"position\":2,\"name\":\"Shop\",\"item\":\"https:\\\/\\\/tibladin.dk\\\/shop\\\/\"},{\"@type\":\"ListItem\",\"position\":3,\"name\":\"Morter i valn\u00f8ddetr\u00e6\"}]},{\"@type\":\"WebSite\",\"@id\":\"https:\\\/\\\/tibladin.dk\\\/#website\",\"url\":\"https:\\\/\\\/tibladin.dk\\\/\",\"name\":\"Tibladin\",\"description\":\"Tibladin\",\"publisher\":{\"@id\":\"https:\\\/\\\/tibladin.dk\\\/#organization\"},\"potentialAction\":[{\"@type\":\"SearchAction\",\"target\":{\"@type\":\"EntryPoint\",\"urlTemplate\":\"https:\\\/\\\/tibladin.dk\\\/?s={search_term_string}\"},\"query-input\":{\"@type\":\"PropertyValueSpecification\",\"valueRequired\":true,\"valueName\":\"search_term_string\"}}],\"inLanguage\":\"fr-FR\"},{\"@type\":\"Organization\",\"@id\":\"https:\\\/\\\/tibladin.dk\\\/#organization\",\"name\":\"Tibladin\",\"url\":\"https:\\\/\\\/tibladin.dk\\\/\",\"logo\":{\"@type\":\"ImageObject\",\"inLanguage\":\"fr-FR\",\"@id\":\"https:\\\/\\\/tibladin.dk\\\/#\\\/schema\\\/logo\\\/image\\\/\",\"url\":\"https:\\\/\\\/tibladin.dk\\\/wp-content\\\/uploads\\\/2022\\\/09\\\/tibladin_logo.svg\",\"contentUrl\":\"https:\\\/\\\/tibladin.dk\\\/wp-content\\\/uploads\\\/2022\\\/09\\\/tibladin_logo.svg\",\"caption\":\"Tibladin\"},\"image\":{\"@id\":\"https:\\\/\\\/tibladin.dk\\\/#\\\/schema\\\/logo\\\/image\\\/\"}}]}<\/script>\n<!-- \/ Yoast SEO plugin. -->","yoast_head_json":{"title":"Mortier en bois de noyer | pour vos \u00e9pices | Tibladine","description":"Chez Tibladin, vous trouverez une s\u00e9lection de d\u00e9licieux ustensiles de cuisine sculpt\u00e9s \u00e0 la main en bois de noyer. Mortier en bois pour vos \u00e9pices - sentez l&#039;ar\u00f4me flotter dans votre cuisine.","robots":{"index":"index","follow":"follow","max-snippet":"max-snippet:-1","max-image-preview":"max-image-preview:large","max-video-preview":"max-video-preview:-1"},"canonical":"https:\/\/tibladin.dk\/fr\/produit-4\/mortier-en-bois-de-noyer\/","og_locale":"fr_FR","og_type":"article","og_title":"Morter i valn\u00f8ddetr\u00e6 | til dine krydderier | Tibladin","og_description":"Hos Tibladin finder du et udvalg af l\u00e6kre h\u00e5ndsk\u00e5rne k\u00f8kkenredskaber i valn\u00f8ddetr\u00e6. Morter i tr\u00e6 til dine krydderier - m\u00e6rk duften br\u00e6dde sig i dit k\u00f8kken.","og_url":"https:\/\/tibladin.dk\/fr\/produit-4\/mortier-en-bois-de-noyer\/","og_site_name":"Tibladin","article_modified_time":"2025-12-17T03:09:24+00:00","og_image":[{"width":800,"height":800,"url":"https:\/\/tibladin.dk\/wp-content\/uploads\/2022\/12\/Morter-i-valnoeddetrae.jpg","type":"image\/jpeg"}],"twitter_card":"summary_large_image","twitter_misc":{"Dur\u00e9e de lecture estim\u00e9e":"1 minute"},"schema":{"@context":"https:\/\/schema.org","@graph":[{"@type":"WebPage","@id":"https:\/\/tibladin.dk\/produkt\/morter-i-valnoeddetrae\/","url":"https:\/\/tibladin.dk\/produkt\/morter-i-valnoeddetrae\/","name":"Mortier en bois de noyer | pour vos \u00e9pices | Tibladine","isPartOf":{"@id":"https:\/\/tibladin.dk\/#website"},"primaryImageOfPage":{"@id":"https:\/\/tibladin.dk\/produkt\/morter-i-valnoeddetrae\/#primaryimage"},"image":{"@id":"https:\/\/tibladin.dk\/produkt\/morter-i-valnoeddetrae\/#primaryimage"},"thumbnailUrl":"https:\/\/tibladin.dk\/wp-content\/uploads\/2022\/12\/Morter-i-valnoeddetrae.jpg","datePublished":"2022-12-17T05:33:41+00:00","dateModified":"2025-12-17T03:09:24+00:00","description":"Chez Tibladin, vous trouverez une s\u00e9lection de d\u00e9licieux ustensiles de cuisine sculpt\u00e9s \u00e0 la main en bois de noyer. Mortier en bois pour vos \u00e9pices - sentez l&#039;ar\u00f4me flotter dans votre cuisine.","breadcrumb":{"@id":"https:\/\/tibladin.dk\/produkt\/morter-i-valnoeddetrae\/#breadcrumb"},"inLanguage":"fr-FR","potentialAction":[{"@type":"ReadAction","target":["https:\/\/tibladin.dk\/produkt\/morter-i-valnoeddetrae\/"]}]},{"@type":"ImageObject","inLanguage":"fr-FR","@id":"https:\/\/tibladin.dk\/produkt\/morter-i-valnoeddetrae\/#primaryimage","url":"https:\/\/tibladin.dk\/wp-content\/uploads\/2022\/12\/Morter-i-valnoeddetrae.jpg","contentUrl":"https:\/\/tibladin.dk\/wp-content\/uploads\/2022\/12\/Morter-i-valnoeddetrae.jpg","width":800,"height":800,"caption":"Morter i valn\u00f8ddetr\u00e6"},{"@type":"BreadcrumbList","@id":"https:\/\/tibladin.dk\/produkt\/morter-i-valnoeddetrae\/#breadcrumb","itemListElement":[{"@type":"ListItem","position":1,"name":"Hjem","item":"https:\/\/tibladin.dk\/"},{"@type":"ListItem","position":2,"name":"Shop","item":"https:\/\/tibladin.dk\/shop\/"},{"@type":"ListItem","position":3,"name":"Morter i valn\u00f8ddetr\u00e6"}]},{"@type":"WebSite","@id":"https:\/\/tibladin.dk\/#website","url":"https:\/\/tibladin.dk\/","name":"Tibladin","description":"Tibladin","publisher":{"@id":"https:\/\/tibladin.dk\/#organization"},"potentialAction":[{"@type":"SearchAction","target":{"@type":"EntryPoint","urlTemplate":"https:\/\/tibladin.dk\/?s={search_term_string}"},"query-input":{"@type":"PropertyValueSpecification","valueRequired":true,"valueName":"search_term_string"}}],"inLanguage":"fr-FR"},{"@type":"Organization","@id":"https:\/\/tibladin.dk\/#organization","name":"Tibladin","url":"https:\/\/tibladin.dk\/","logo":{"@type":"ImageObject","inLanguage":"fr-FR","@id":"https:\/\/tibladin.dk\/#\/schema\/logo\/image\/","url":"https:\/\/tibladin.dk\/wp-content\/uploads\/2022\/09\/tibladin_logo.svg","contentUrl":"https:\/\/tibladin.dk\/wp-content\/uploads\/2022\/09\/tibladin_logo.svg","caption":"Tibladin"},"image":{"@id":"https:\/\/tibladin.dk\/#\/schema\/logo\/image\/"}}]}},"_links":{"self":[{"href":"https:\/\/tibladin.dk\/fr\/wp-json\/wp\/v2\/product\/6339","targetHints":{"allow":["GET"]}}],"collection":[{"href":"https:\/\/tibladin.dk\/fr\/wp-json\/wp\/v2\/product"}],"about":[{"href":"https:\/\/tibladin.dk\/fr\/wp-json\/wp\/v2\/types\/product"}],"wp:featuredmedia":[{"embeddable":true,"href":"https:\/\/tibladin.dk\/fr\/wp-json\/wp\/v2\/media\/6309"}],"wp:attachment":[{"href":"https:\/\/tibladin.dk\/fr\/wp-json\/wp\/v2\/media?parent=6339"}],"wp:term":[{"taxonomy":"product_brand","embeddable":true,"href":"https:\/\/tibladin.dk\/fr\/wp-json\/wp\/v2\/product_brand?post=6339"},{"taxonomy":"product_cat","embeddable":true,"href":"https:\/\/tibladin.dk\/fr\/wp-json\/wp\/v2\/product_cat?post=6339"},{"taxonomy":"product_tag","embeddable":true,"href":"https:\/\/tibladin.dk\/fr\/wp-json\/wp\/v2\/product_tag?post=6339"}],"curies":[{"name":"wp","href":"https:\/\/api.w.org\/{rel}","templated":true}]}}