{"id":707,"date":"2022-09-20T11:04:01","date_gmt":"2022-09-20T09:04:01","guid":{"rendered":"https:\/\/tibladin.dk\/vare\/marokkansk-sengetaeppe-170x300-cm\/"},"modified":"2024-12-09T14:58:56","modified_gmt":"2024-12-09T13:58:56","slug":"couvre-lit-marocain-170x300-cm","status":"publish","type":"product","link":"https:\/\/tibladin.dk\/fr\/produkt\/marokkansk-sengetaeppe-170x300-cm\/","title":{"rendered":"Couvre-lit marocain 170\u00d7300 cm."},"content":{"rendered":"<div class=\"wpb-content-wrapper\"><div class=\"vc_row wpb_row vc_row-fluid\"><div class=\"wpb_column vc_column_container vc_col-sm-4\"><div class=\"vc_column-inner\"><div class=\"wpb_wrapper\">\n\t<div class=\"wpb_video_widget wpb_content_element vc_clearfix   vc_video-aspect-ratio-43 vc_video-el-width-100 vc_video-align-left\" >\n\t\t<div class=\"wpb_wrapper\">\n\t\t\t\n\t\t\t<div class=\"wpb_video_wrapper\"><div class=\"video-container\"><iframe loading=\"lazy\" title=\"Coop\u00e9rative des femmes Marrakech\" src=\"https:\/\/player.vimeo.com\/video\/416218536?dnt=1&amp;app_id=122963\" width=\"500\" height=\"281\" frameborder=\"0\" allow=\"autoplay; fullscreen; picture-in-picture\"><\/iframe><\/div><\/div>\n\t\t<\/div>\n\t<\/div>\n<\/div><\/div><\/div><div class=\"wpb_column vc_column_container vc_col-sm-4\"><div class=\"vc_column-inner\"><div class=\"wpb_wrapper\"><h3 style=\"text-align: left\" class=\"vc_custom_heading vc_do_custom_heading\" >Entretien<\/h3>\n\t<div class=\"wpb_text_column wpb_content_element\" >\n\t\t<div class=\"wpb_wrapper\">\n\t\t\t<p>Peut \u00eatre lav\u00e9 \u00e0 60 degr\u00e9s maximum en machine. Le tapis \u00e9tant tiss\u00e9 \u00e0 la main, il est recommand\u00e9 de le laver d\u00e9licatement \u00e0 30 degr\u00e9s, car il pourrait changer de structure \u00e0 une temp\u00e9rature plus \u00e9lev\u00e9e.<\/p>\n\n\t\t<\/div>\n\t<\/div>\n<\/div><\/div><\/div><div class=\"wpb_column vc_column_container vc_col-sm-4\"><div class=\"vc_column-inner\"><div class=\"wpb_wrapper\"><h3 style=\"text-align: left\" class=\"vc_custom_heading vc_do_custom_heading\" >L&#039;histoire derri\u00e8re<\/h3>\n\t<div class=\"wpb_text_column wpb_content_element\" >\n\t\t<div class=\"wpb_wrapper\">\n\t\t\t<p>Des couvre-lits de la plus belle qualit\u00e9, tiss\u00e9s \u00e0 la main par des femmes du sud de Marrakech, qui emploient 160 femmes dans le petit village, et contribuent ainsi \u00e0 \u00e9lever le niveau de vie de nombreuses familles. Une \u00e9cole et un jardin d'enfants ont \u00e9t\u00e9 cr\u00e9\u00e9s pour les enfants des femmes, afin que ceux-ci puissent recevoir une \u00e9ducation et \u00eatre occup\u00e9 pendant que les m\u00e8res travaillent.<\/p>\n\n\t\t<\/div>\n\t<\/div>\n<\/div><\/div><\/div><\/div>\n<\/div>","protected":false},"excerpt":{"rendered":"<p>Couvre-lit d\u00e9coratif en coton biologique 100% %. Un tissage changeant de petits carr\u00e9s allant des tons gris clair aux tons gris fonc\u00e9 donne un effet presque tridimensionnel.<\/p>\n<p>Une belle \u0153uvre d&#039;art pour votre chambre. La couverture est incroyablement douce et peut \u00eatre facilement pli\u00e9e lorsque le lit doit \u00eatre pr\u00e9par\u00e9 pour dormir.<\/p>\n<p>Tiss\u00e9 \u00e0 la main au Maroc par les femmes d&#039;une coop\u00e9rative de femmes.<\/p>","protected":false},"featured_media":701,"template":"","meta":{"inline_featured_image":false},"product_brand":[],"product_cat":[65,38,37],"product_tag":[],"class_list":{"0":"post-707","1":"product","2":"type-product","3":"status-publish","4":"has-post-thumbnail","6":"product_cat-duge","7":"product_cat-sengetaepper","8":"product_cat-tekstiler","10":"first","11":"instock","12":"taxable","13":"shipping-taxable","14":"purchasable","15":"product-type-simple"},"exclude_global_add_ons":false,"addons":[{"name":"Vous souhaitez un emballage cadeau ?","type":"checkbox","position":0,"required":false,"title_format":"label","default":"","description_enable":false,"description":"","placeholder_enable":false,"placeholder":"","display":"images","restrictions_type":"any_text","adjust_price":false,"price":"","price_type":"flat_fee","restrictions":false,"min":"0","max":"0","options":[{"label":"Ja tak","price":"10","price_type":"flat_fee","image":11015,"visibility":true}],"id":1669646111}],"yoast_head":"<!-- This site is optimized with the Yoast SEO plugin v27.4 - https:\/\/yoast.com\/product\/yoast-seo-wordpress\/ -->\n<title>Marokkansk h\u00e5ndv\u00e6vet senget\u00e6ppe 170x300 cm. | Tibladin<\/title>\n<meta name=\"description\" content=\"Dekorativt senget\u00e6ppe i marrokansk design. V\u00e6vningen bev\u00e6ger sig fra de lyse gr\u00e5toner over i de m\u00f8rke gr\u00e5toner, hvilket giver en flot 3 dimensionel effekt.\" \/>\n<meta name=\"robots\" content=\"index, follow, max-snippet:-1, max-image-preview:large, max-video-preview:-1\" \/>\n<link rel=\"canonical\" href=\"https:\/\/tibladin.dk\/fr\/produit-4\/couvre-lit-marocain-170x300-cm\/\" \/>\n<meta property=\"og:locale\" content=\"fr_FR\" \/>\n<meta property=\"og:type\" content=\"article\" \/>\n<meta property=\"og:title\" content=\"Marokkansk h\u00e5ndv\u00e6vet senget\u00e6ppe 170x300 cm. | Tibladin\" \/>\n<meta property=\"og:description\" content=\"Dekorativt senget\u00e6ppe i marrokansk design. V\u00e6vningen bev\u00e6ger sig fra de lyse gr\u00e5toner over i de m\u00f8rke gr\u00e5toner, hvilket giver en flot 3 dimensionel effekt.\" \/>\n<meta property=\"og:url\" content=\"https:\/\/tibladin.dk\/fr\/produit-4\/couvre-lit-marocain-170x300-cm\/\" \/>\n<meta property=\"og:site_name\" content=\"Tibladin\" \/>\n<meta property=\"article:modified_time\" content=\"2024-12-09T13:58:56+00:00\" \/>\n<meta property=\"og:image\" content=\"https:\/\/tibladin.dk\/wp-content\/uploads\/2022\/09\/Tibladin_marokkansk-sengetaeppe_3D_close3_800x800-1.jpg\" \/>\n\t<meta property=\"og:image:width\" content=\"800\" \/>\n\t<meta property=\"og:image:height\" content=\"800\" \/>\n\t<meta property=\"og:image:type\" content=\"image\/jpeg\" \/>\n<meta name=\"twitter:card\" content=\"summary_large_image\" \/>\n<meta name=\"twitter:label1\" content=\"Dur\u00e9e de lecture estim\u00e9e\" \/>\n\t<meta name=\"twitter:data1\" content=\"1 minute\" \/>\n<script type=\"application\/ld+json\" class=\"yoast-schema-graph\">{\"@context\":\"https:\\\/\\\/schema.org\",\"@graph\":[{\"@type\":\"WebPage\",\"@id\":\"https:\\\/\\\/tibladin.dk\\\/produkt\\\/marokkansk-sengetaeppe-170x300-cm\\\/\",\"url\":\"https:\\\/\\\/tibladin.dk\\\/produkt\\\/marokkansk-sengetaeppe-170x300-cm\\\/\",\"name\":\"Marokkansk h\u00e5ndv\u00e6vet senget\u00e6ppe 170x300 cm. | Tibladin\",\"isPartOf\":{\"@id\":\"https:\\\/\\\/tibladin.dk\\\/#website\"},\"primaryImageOfPage\":{\"@id\":\"https:\\\/\\\/tibladin.dk\\\/produkt\\\/marokkansk-sengetaeppe-170x300-cm\\\/#primaryimage\"},\"image\":{\"@id\":\"https:\\\/\\\/tibladin.dk\\\/produkt\\\/marokkansk-sengetaeppe-170x300-cm\\\/#primaryimage\"},\"thumbnailUrl\":\"https:\\\/\\\/tibladin.dk\\\/wp-content\\\/uploads\\\/2022\\\/09\\\/Tibladin_marokkansk-sengetaeppe_3D_close3_800x800-1.jpg\",\"datePublished\":\"2022-09-20T09:04:01+00:00\",\"dateModified\":\"2024-12-09T13:58:56+00:00\",\"description\":\"Dekorativt senget\u00e6ppe i marrokansk design. V\u00e6vningen bev\u00e6ger sig fra de lyse gr\u00e5toner over i de m\u00f8rke gr\u00e5toner, hvilket giver en flot 3 dimensionel effekt.\",\"breadcrumb\":{\"@id\":\"https:\\\/\\\/tibladin.dk\\\/produkt\\\/marokkansk-sengetaeppe-170x300-cm\\\/#breadcrumb\"},\"inLanguage\":\"fr-FR\",\"potentialAction\":[{\"@type\":\"ReadAction\",\"target\":[\"https:\\\/\\\/tibladin.dk\\\/produkt\\\/marokkansk-sengetaeppe-170x300-cm\\\/\"]}]},{\"@type\":\"ImageObject\",\"inLanguage\":\"fr-FR\",\"@id\":\"https:\\\/\\\/tibladin.dk\\\/produkt\\\/marokkansk-sengetaeppe-170x300-cm\\\/#primaryimage\",\"url\":\"https:\\\/\\\/tibladin.dk\\\/wp-content\\\/uploads\\\/2022\\\/09\\\/Tibladin_marokkansk-sengetaeppe_3D_close3_800x800-1.jpg\",\"contentUrl\":\"https:\\\/\\\/tibladin.dk\\\/wp-content\\\/uploads\\\/2022\\\/09\\\/Tibladin_marokkansk-sengetaeppe_3D_close3_800x800-1.jpg\",\"width\":800,\"height\":800,\"caption\":\"Marokkansk h\u00e5ndv\u00e6vet senget\u00e6ppe med hvidt og sort firkantet m\u00f8nster, t\u00e6t\"},{\"@type\":\"BreadcrumbList\",\"@id\":\"https:\\\/\\\/tibladin.dk\\\/produkt\\\/marokkansk-sengetaeppe-170x300-cm\\\/#breadcrumb\",\"itemListElement\":[{\"@type\":\"ListItem\",\"position\":1,\"name\":\"Hjem\",\"item\":\"https:\\\/\\\/tibladin.dk\\\/\"},{\"@type\":\"ListItem\",\"position\":2,\"name\":\"Shop\",\"item\":\"https:\\\/\\\/tibladin.dk\\\/shop\\\/\"},{\"@type\":\"ListItem\",\"position\":3,\"name\":\"Marokkansk senget\u00e6ppe 170&#215;300 cm.\"}]},{\"@type\":\"WebSite\",\"@id\":\"https:\\\/\\\/tibladin.dk\\\/#website\",\"url\":\"https:\\\/\\\/tibladin.dk\\\/\",\"name\":\"Tibladin\",\"description\":\"Tibladin\",\"publisher\":{\"@id\":\"https:\\\/\\\/tibladin.dk\\\/#organization\"},\"potentialAction\":[{\"@type\":\"SearchAction\",\"target\":{\"@type\":\"EntryPoint\",\"urlTemplate\":\"https:\\\/\\\/tibladin.dk\\\/?s={search_term_string}\"},\"query-input\":{\"@type\":\"PropertyValueSpecification\",\"valueRequired\":true,\"valueName\":\"search_term_string\"}}],\"inLanguage\":\"fr-FR\"},{\"@type\":\"Organization\",\"@id\":\"https:\\\/\\\/tibladin.dk\\\/#organization\",\"name\":\"Tibladin\",\"url\":\"https:\\\/\\\/tibladin.dk\\\/\",\"logo\":{\"@type\":\"ImageObject\",\"inLanguage\":\"fr-FR\",\"@id\":\"https:\\\/\\\/tibladin.dk\\\/#\\\/schema\\\/logo\\\/image\\\/\",\"url\":\"https:\\\/\\\/tibladin.dk\\\/wp-content\\\/uploads\\\/2022\\\/09\\\/tibladin_logo.svg\",\"contentUrl\":\"https:\\\/\\\/tibladin.dk\\\/wp-content\\\/uploads\\\/2022\\\/09\\\/tibladin_logo.svg\",\"caption\":\"Tibladin\"},\"image\":{\"@id\":\"https:\\\/\\\/tibladin.dk\\\/#\\\/schema\\\/logo\\\/image\\\/\"}}]}<\/script>\n<!-- \/ Yoast SEO plugin. -->","yoast_head_json":{"title":"Couvre-lit marocain tiss\u00e9 main 170x300 cm. | Tibladine","description":"Couvre-lit d\u00e9coratif au design marocain. Le tissage passe des tons gris clairs aux tons gris fonc\u00e9s, ce qui donne un joli effet 3 dimensions.","robots":{"index":"index","follow":"follow","max-snippet":"max-snippet:-1","max-image-preview":"max-image-preview:large","max-video-preview":"max-video-preview:-1"},"canonical":"https:\/\/tibladin.dk\/fr\/produit-4\/couvre-lit-marocain-170x300-cm\/","og_locale":"fr_FR","og_type":"article","og_title":"Marokkansk h\u00e5ndv\u00e6vet senget\u00e6ppe 170x300 cm. | Tibladin","og_description":"Dekorativt senget\u00e6ppe i marrokansk design. V\u00e6vningen bev\u00e6ger sig fra de lyse gr\u00e5toner over i de m\u00f8rke gr\u00e5toner, hvilket giver en flot 3 dimensionel effekt.","og_url":"https:\/\/tibladin.dk\/fr\/produit-4\/couvre-lit-marocain-170x300-cm\/","og_site_name":"Tibladin","article_modified_time":"2024-12-09T13:58:56+00:00","og_image":[{"width":800,"height":800,"url":"https:\/\/tibladin.dk\/wp-content\/uploads\/2022\/09\/Tibladin_marokkansk-sengetaeppe_3D_close3_800x800-1.jpg","type":"image\/jpeg"}],"twitter_card":"summary_large_image","twitter_misc":{"Dur\u00e9e de lecture estim\u00e9e":"1 minute"},"schema":{"@context":"https:\/\/schema.org","@graph":[{"@type":"WebPage","@id":"https:\/\/tibladin.dk\/produkt\/marokkansk-sengetaeppe-170x300-cm\/","url":"https:\/\/tibladin.dk\/produkt\/marokkansk-sengetaeppe-170x300-cm\/","name":"Couvre-lit marocain tiss\u00e9 main 170x300 cm. | Tibladine","isPartOf":{"@id":"https:\/\/tibladin.dk\/#website"},"primaryImageOfPage":{"@id":"https:\/\/tibladin.dk\/produkt\/marokkansk-sengetaeppe-170x300-cm\/#primaryimage"},"image":{"@id":"https:\/\/tibladin.dk\/produkt\/marokkansk-sengetaeppe-170x300-cm\/#primaryimage"},"thumbnailUrl":"https:\/\/tibladin.dk\/wp-content\/uploads\/2022\/09\/Tibladin_marokkansk-sengetaeppe_3D_close3_800x800-1.jpg","datePublished":"2022-09-20T09:04:01+00:00","dateModified":"2024-12-09T13:58:56+00:00","description":"Couvre-lit d\u00e9coratif au design marocain. Le tissage passe des tons gris clairs aux tons gris fonc\u00e9s, ce qui donne un joli effet 3 dimensions.","breadcrumb":{"@id":"https:\/\/tibladin.dk\/produkt\/marokkansk-sengetaeppe-170x300-cm\/#breadcrumb"},"inLanguage":"fr-FR","potentialAction":[{"@type":"ReadAction","target":["https:\/\/tibladin.dk\/produkt\/marokkansk-sengetaeppe-170x300-cm\/"]}]},{"@type":"ImageObject","inLanguage":"fr-FR","@id":"https:\/\/tibladin.dk\/produkt\/marokkansk-sengetaeppe-170x300-cm\/#primaryimage","url":"https:\/\/tibladin.dk\/wp-content\/uploads\/2022\/09\/Tibladin_marokkansk-sengetaeppe_3D_close3_800x800-1.jpg","contentUrl":"https:\/\/tibladin.dk\/wp-content\/uploads\/2022\/09\/Tibladin_marokkansk-sengetaeppe_3D_close3_800x800-1.jpg","width":800,"height":800,"caption":"Marokkansk h\u00e5ndv\u00e6vet senget\u00e6ppe med hvidt og sort firkantet m\u00f8nster, t\u00e6t"},{"@type":"BreadcrumbList","@id":"https:\/\/tibladin.dk\/produkt\/marokkansk-sengetaeppe-170x300-cm\/#breadcrumb","itemListElement":[{"@type":"ListItem","position":1,"name":"Hjem","item":"https:\/\/tibladin.dk\/"},{"@type":"ListItem","position":2,"name":"Shop","item":"https:\/\/tibladin.dk\/shop\/"},{"@type":"ListItem","position":3,"name":"Marokkansk senget\u00e6ppe 170&#215;300 cm."}]},{"@type":"WebSite","@id":"https:\/\/tibladin.dk\/#website","url":"https:\/\/tibladin.dk\/","name":"Tibladin","description":"Tibladin","publisher":{"@id":"https:\/\/tibladin.dk\/#organization"},"potentialAction":[{"@type":"SearchAction","target":{"@type":"EntryPoint","urlTemplate":"https:\/\/tibladin.dk\/?s={search_term_string}"},"query-input":{"@type":"PropertyValueSpecification","valueRequired":true,"valueName":"search_term_string"}}],"inLanguage":"fr-FR"},{"@type":"Organization","@id":"https:\/\/tibladin.dk\/#organization","name":"Tibladin","url":"https:\/\/tibladin.dk\/","logo":{"@type":"ImageObject","inLanguage":"fr-FR","@id":"https:\/\/tibladin.dk\/#\/schema\/logo\/image\/","url":"https:\/\/tibladin.dk\/wp-content\/uploads\/2022\/09\/tibladin_logo.svg","contentUrl":"https:\/\/tibladin.dk\/wp-content\/uploads\/2022\/09\/tibladin_logo.svg","caption":"Tibladin"},"image":{"@id":"https:\/\/tibladin.dk\/#\/schema\/logo\/image\/"}}]}},"_links":{"self":[{"href":"https:\/\/tibladin.dk\/fr\/wp-json\/wp\/v2\/product\/707","targetHints":{"allow":["GET"]}}],"collection":[{"href":"https:\/\/tibladin.dk\/fr\/wp-json\/wp\/v2\/product"}],"about":[{"href":"https:\/\/tibladin.dk\/fr\/wp-json\/wp\/v2\/types\/product"}],"wp:featuredmedia":[{"embeddable":true,"href":"https:\/\/tibladin.dk\/fr\/wp-json\/wp\/v2\/media\/701"}],"wp:attachment":[{"href":"https:\/\/tibladin.dk\/fr\/wp-json\/wp\/v2\/media?parent=707"}],"wp:term":[{"taxonomy":"product_brand","embeddable":true,"href":"https:\/\/tibladin.dk\/fr\/wp-json\/wp\/v2\/product_brand?post=707"},{"taxonomy":"product_cat","embeddable":true,"href":"https:\/\/tibladin.dk\/fr\/wp-json\/wp\/v2\/product_cat?post=707"},{"taxonomy":"product_tag","embeddable":true,"href":"https:\/\/tibladin.dk\/fr\/wp-json\/wp\/v2\/product_tag?post=707"}],"curies":[{"name":"wp","href":"https:\/\/api.w.org\/{rel}","templated":true}]}}