{"id":7366,"date":"2025-06-19T08:26:24","date_gmt":"2025-06-19T06:26:24","guid":{"rendered":"https:\/\/tibladin.dk\/?post_type=product&#038;p=7366"},"modified":"2026-04-14T13:36:42","modified_gmt":"2026-04-14T11:36:42","slug":"serviette-de-hammam-fouta-marocaine","status":"publish","type":"product","link":"https:\/\/tibladin.dk\/fr\/produkt\/marokkansk-fouta-hammamhaandklaede\/","title":{"rendered":"Serviette de hammam FOUTA marocaine"},"content":{"rendered":"<div class=\"wpb-content-wrapper\"><div class=\"vc_row wpb_row vc_row-fluid\"><div class=\"wpb_column vc_column_container vc_col-sm-4\"><div class=\"vc_column-inner\"><div class=\"wpb_wrapper\"><\/div><\/div><\/div><div class=\"wpb_column vc_column_container vc_col-sm-4\"><div class=\"vc_column-inner\"><div class=\"wpb_wrapper\"><h3 style=\"text-align: left\" class=\"vc_custom_heading vc_do_custom_heading\" >Entretien<\/h3>\n\t<div class=\"wpb_text_column wpb_content_element\" >\n\t\t<div class=\"wpb_wrapper\">\n\t\t\t<p>La serviette de hammam est en coton 100% et peut \u00eatre lav\u00e9e \u00e0 60 degr\u00e9s.<\/p>\n\n\t\t<\/div>\n\t<\/div>\n<\/div><\/div><\/div><div class=\"wpb_column vc_column_container vc_col-sm-4\"><div class=\"vc_column-inner\"><div class=\"wpb_wrapper\"><h3 style=\"text-align: left\" class=\"vc_custom_heading vc_do_custom_heading\" >L&#039;histoire derri\u00e8re<\/h3>\n\t<div class=\"wpb_text_column wpb_content_element\" >\n\t\t<div class=\"wpb_wrapper\">\n\t\t\t<p>La serviette Fouta marocaine est d&#039;une qualit\u00e9 fine et l\u00e9g\u00e8re. Parfait \u00e0 emporter avec vous en d\u00e9placement, \u00e0 la plage, en vacances ou dans votre sac de sport. Les possibilit\u00e9s sont nombreuses. Vous pourrez \u00e9galement l&#039;utiliser comme nappe l\u00e9g\u00e8re pendant les vacances d&#039;\u00e9t\u00e9. Tiss\u00e9 \u00e0 la main par des femmes dans une coop\u00e9rative de femmes en coton 100 %.<\/p>\n<p>Des couleurs color\u00e9es et joyeuses !<\/p>\n\n\t\t<\/div>\n\t<\/div>\n<\/div><\/div><\/div><\/div>\n<\/div>","protected":false},"excerpt":{"rendered":"<p class=\"p1\"><span class=\"s1\">Fouta de hammam tiss\u00e9e main en coton 100% fin et l\u00e9ger %. La serviette est disponible en 10 couleurs diff\u00e9rentes et toutes ont une pi\u00e8ce avec des rayures blanches \u00e0 chaque extr\u00e9mit\u00e9 et les extr\u00e9mit\u00e9s ont une petite dentelle torsad\u00e9e \u00e0 la main.\u00a0<\/span><\/p>\n<p>Compl\u00e8tement unique et merveilleusement facile \u00e0 emporter avec vous en d\u00e9placement, dans votre valise, en vacances ou dans votre sac de sport. La serviette est super pratique et s\u00e8che rapidement.<\/p>\n<p>Achetez une serviette pour chaque membre de la famille, \u00e9ventuellement de couleurs diff\u00e9rentes, afin de pouvoir faire la diff\u00e9rence.<\/p>\n<p>Il est recommand\u00e9 de tremper la serviette dans de l&#039;eau froide avant de la laver. Peut \u00eatre lav\u00e9 jusqu&#039;\u00e0 60 degr\u00e9s en machine.<\/p>\n<p>Environ. dimensions : 195\u00d790 cm.<\/p>","protected":false},"featured_media":37304,"template":"","meta":{"inline_featured_image":false},"product_brand":[],"product_cat":[29,63,37,32],"product_tag":[],"class_list":{"0":"post-7366","1":"product","2":"type-product","3":"status-publish","4":"has-post-thumbnail","6":"product_cat-gaven-til-den-unge-pige","7":"product_cat-hammamhaandklaeder","8":"product_cat-tekstiler","9":"product_cat-tilbud","11":"first","12":"instock","13":"sale","14":"featured","15":"taxable","16":"shipping-taxable","17":"purchasable","18":"product-type-variable"},"exclude_global_add_ons":false,"addons":[{"name":"Vous souhaitez un emballage cadeau ?","type":"checkbox","position":0,"required":false,"title_format":"label","default":"","description_enable":false,"description":"","placeholder_enable":false,"placeholder":"","display":"images","restrictions_type":"any_text","adjust_price":false,"price":"","price_type":"flat_fee","restrictions":false,"min":"0","max":"0","options":[{"label":"Ja tak","price":"10","price_type":"flat_fee","image":11015,"visibility":true}],"id":1669646111}],"yoast_head":"<!-- This site is optimized with the Yoast SEO plugin v27.4 - https:\/\/yoast.com\/product\/yoast-seo-wordpress\/ -->\n<title>H\u00e5ndv\u00e6vet Fouta h\u00e5ndkl\u00e6der i en let og l\u00e6kker bomuld | Tibladin<\/title>\n<meta name=\"description\" content=\"Helt unikke Fouta hammam h\u00e5ndkl\u00e6de. Vejer ingenting og er lette at have med p\u00e5 farten. De t\u00f8rrer super hurtigt, s\u00e5 du kan v\u00e6re klar til endnu en dukkert\" \/>\n<meta name=\"robots\" content=\"index, follow, max-snippet:-1, max-image-preview:large, max-video-preview:-1\" \/>\n<link rel=\"canonical\" href=\"https:\/\/tibladin.dk\/fr\/produit-4\/serviette-de-hammam-fouta-marocaine\/\" \/>\n<meta property=\"og:locale\" content=\"fr_FR\" \/>\n<meta property=\"og:type\" content=\"article\" \/>\n<meta property=\"og:title\" content=\"H\u00e5ndv\u00e6vet Fouta h\u00e5ndkl\u00e6der i en let og l\u00e6kker bomuld | Tibladin\" \/>\n<meta property=\"og:description\" content=\"Helt unikke Fouta hammam h\u00e5ndkl\u00e6de. Vejer ingenting og er lette at have med p\u00e5 farten. De t\u00f8rrer super hurtigt, s\u00e5 du kan v\u00e6re klar til endnu en dukkert\" \/>\n<meta property=\"og:url\" content=\"https:\/\/tibladin.dk\/fr\/produit-4\/serviette-de-hammam-fouta-marocaine\/\" \/>\n<meta property=\"og:site_name\" content=\"Tibladin\" \/>\n<meta property=\"article:modified_time\" content=\"2026-04-14T11:36:42+00:00\" \/>\n<meta property=\"og:image\" content=\"https:\/\/tibladin.dk\/wp-content\/uploads\/2023\/05\/Marokkansk-hammam-haandklaede_alle-farver.jpg\" \/>\n\t<meta property=\"og:image:width\" content=\"800\" \/>\n\t<meta property=\"og:image:height\" content=\"800\" \/>\n\t<meta property=\"og:image:type\" content=\"image\/jpeg\" \/>\n<meta name=\"twitter:card\" content=\"summary_large_image\" \/>\n<meta name=\"twitter:label1\" content=\"Dur\u00e9e de lecture estim\u00e9e\" \/>\n\t<meta name=\"twitter:data1\" content=\"2 minutes\" \/>\n<script type=\"application\/ld+json\" class=\"yoast-schema-graph\">{\"@context\":\"https:\\\/\\\/schema.org\",\"@graph\":[{\"@type\":\"WebPage\",\"@id\":\"https:\\\/\\\/tibladin.dk\\\/produkt\\\/marokkansk-fouta-hammamhaandklaede\\\/\",\"url\":\"https:\\\/\\\/tibladin.dk\\\/produkt\\\/marokkansk-fouta-hammamhaandklaede\\\/\",\"name\":\"H\u00e5ndv\u00e6vet Fouta h\u00e5ndkl\u00e6der i en let og l\u00e6kker bomuld | Tibladin\",\"isPartOf\":{\"@id\":\"https:\\\/\\\/tibladin.dk\\\/#website\"},\"primaryImageOfPage\":{\"@id\":\"https:\\\/\\\/tibladin.dk\\\/produkt\\\/marokkansk-fouta-hammamhaandklaede\\\/#primaryimage\"},\"image\":{\"@id\":\"https:\\\/\\\/tibladin.dk\\\/produkt\\\/marokkansk-fouta-hammamhaandklaede\\\/#primaryimage\"},\"thumbnailUrl\":\"https:\\\/\\\/tibladin.dk\\\/wp-content\\\/uploads\\\/2023\\\/05\\\/Marokkansk-hammam-haandklaede_alle-farver.jpg\",\"datePublished\":\"2025-06-19T06:26:24+00:00\",\"dateModified\":\"2026-04-14T11:36:42+00:00\",\"description\":\"Helt unikke Fouta hammam h\u00e5ndkl\u00e6de. Vejer ingenting og er lette at have med p\u00e5 farten. De t\u00f8rrer super hurtigt, s\u00e5 du kan v\u00e6re klar til endnu en dukkert\",\"breadcrumb\":{\"@id\":\"https:\\\/\\\/tibladin.dk\\\/produkt\\\/marokkansk-fouta-hammamhaandklaede\\\/#breadcrumb\"},\"inLanguage\":\"fr-FR\",\"potentialAction\":[{\"@type\":\"ReadAction\",\"target\":[\"https:\\\/\\\/tibladin.dk\\\/produkt\\\/marokkansk-fouta-hammamhaandklaede\\\/\"]}]},{\"@type\":\"ImageObject\",\"inLanguage\":\"fr-FR\",\"@id\":\"https:\\\/\\\/tibladin.dk\\\/produkt\\\/marokkansk-fouta-hammamhaandklaede\\\/#primaryimage\",\"url\":\"https:\\\/\\\/tibladin.dk\\\/wp-content\\\/uploads\\\/2023\\\/05\\\/Marokkansk-hammam-haandklaede_alle-farver.jpg\",\"contentUrl\":\"https:\\\/\\\/tibladin.dk\\\/wp-content\\\/uploads\\\/2023\\\/05\\\/Marokkansk-hammam-haandklaede_alle-farver.jpg\",\"width\":800,\"height\":800,\"caption\":\"hammam h\u00e5ndkl\u00e6der alle farver\"},{\"@type\":\"BreadcrumbList\",\"@id\":\"https:\\\/\\\/tibladin.dk\\\/produkt\\\/marokkansk-fouta-hammamhaandklaede\\\/#breadcrumb\",\"itemListElement\":[{\"@type\":\"ListItem\",\"position\":1,\"name\":\"Hjem\",\"item\":\"https:\\\/\\\/tibladin.dk\\\/\"},{\"@type\":\"ListItem\",\"position\":2,\"name\":\"Shop\",\"item\":\"https:\\\/\\\/tibladin.dk\\\/shop\\\/\"},{\"@type\":\"ListItem\",\"position\":3,\"name\":\"Marokkansk FOUTA hammamh\u00e5ndkl\u00e6de\"}]},{\"@type\":\"WebSite\",\"@id\":\"https:\\\/\\\/tibladin.dk\\\/#website\",\"url\":\"https:\\\/\\\/tibladin.dk\\\/\",\"name\":\"Tibladin\",\"description\":\"Tibladin\",\"publisher\":{\"@id\":\"https:\\\/\\\/tibladin.dk\\\/#organization\"},\"potentialAction\":[{\"@type\":\"SearchAction\",\"target\":{\"@type\":\"EntryPoint\",\"urlTemplate\":\"https:\\\/\\\/tibladin.dk\\\/?s={search_term_string}\"},\"query-input\":{\"@type\":\"PropertyValueSpecification\",\"valueRequired\":true,\"valueName\":\"search_term_string\"}}],\"inLanguage\":\"fr-FR\"},{\"@type\":\"Organization\",\"@id\":\"https:\\\/\\\/tibladin.dk\\\/#organization\",\"name\":\"Tibladin\",\"url\":\"https:\\\/\\\/tibladin.dk\\\/\",\"logo\":{\"@type\":\"ImageObject\",\"inLanguage\":\"fr-FR\",\"@id\":\"https:\\\/\\\/tibladin.dk\\\/#\\\/schema\\\/logo\\\/image\\\/\",\"url\":\"https:\\\/\\\/tibladin.dk\\\/wp-content\\\/uploads\\\/2022\\\/09\\\/tibladin_logo.svg\",\"contentUrl\":\"https:\\\/\\\/tibladin.dk\\\/wp-content\\\/uploads\\\/2022\\\/09\\\/tibladin_logo.svg\",\"caption\":\"Tibladin\"},\"image\":{\"@id\":\"https:\\\/\\\/tibladin.dk\\\/#\\\/schema\\\/logo\\\/image\\\/\"}}]}<\/script>\n<!-- \/ Yoast SEO plugin. -->","yoast_head_json":{"title":"Serviettes Fouta tiss\u00e9es \u00e0 la main dans un coton l\u00e9ger et d\u00e9licieux | Tibladine","description":"Serviette de hammam Fouta compl\u00e8tement unique. Ne p\u00e8se rien et est facile \u00e0 emporter avec vous lors de vos d\u00e9placements. Ils s\u00e8chent tr\u00e8s vite pour que vous puissiez \u00eatre pr\u00eat pour une autre baignade","robots":{"index":"index","follow":"follow","max-snippet":"max-snippet:-1","max-image-preview":"max-image-preview:large","max-video-preview":"max-video-preview:-1"},"canonical":"https:\/\/tibladin.dk\/fr\/produit-4\/serviette-de-hammam-fouta-marocaine\/","og_locale":"fr_FR","og_type":"article","og_title":"H\u00e5ndv\u00e6vet Fouta h\u00e5ndkl\u00e6der i en let og l\u00e6kker bomuld | Tibladin","og_description":"Helt unikke Fouta hammam h\u00e5ndkl\u00e6de. Vejer ingenting og er lette at have med p\u00e5 farten. De t\u00f8rrer super hurtigt, s\u00e5 du kan v\u00e6re klar til endnu en dukkert","og_url":"https:\/\/tibladin.dk\/fr\/produit-4\/serviette-de-hammam-fouta-marocaine\/","og_site_name":"Tibladin","article_modified_time":"2026-04-14T11:36:42+00:00","og_image":[{"width":800,"height":800,"url":"https:\/\/tibladin.dk\/wp-content\/uploads\/2023\/05\/Marokkansk-hammam-haandklaede_alle-farver.jpg","type":"image\/jpeg"}],"twitter_card":"summary_large_image","twitter_misc":{"Dur\u00e9e de lecture estim\u00e9e":"2 minutes"},"schema":{"@context":"https:\/\/schema.org","@graph":[{"@type":"WebPage","@id":"https:\/\/tibladin.dk\/produkt\/marokkansk-fouta-hammamhaandklaede\/","url":"https:\/\/tibladin.dk\/produkt\/marokkansk-fouta-hammamhaandklaede\/","name":"Serviettes Fouta tiss\u00e9es \u00e0 la main dans un coton l\u00e9ger et d\u00e9licieux | Tibladine","isPartOf":{"@id":"https:\/\/tibladin.dk\/#website"},"primaryImageOfPage":{"@id":"https:\/\/tibladin.dk\/produkt\/marokkansk-fouta-hammamhaandklaede\/#primaryimage"},"image":{"@id":"https:\/\/tibladin.dk\/produkt\/marokkansk-fouta-hammamhaandklaede\/#primaryimage"},"thumbnailUrl":"https:\/\/tibladin.dk\/wp-content\/uploads\/2023\/05\/Marokkansk-hammam-haandklaede_alle-farver.jpg","datePublished":"2025-06-19T06:26:24+00:00","dateModified":"2026-04-14T11:36:42+00:00","description":"Serviette de hammam Fouta compl\u00e8tement unique. Ne p\u00e8se rien et est facile \u00e0 emporter avec vous lors de vos d\u00e9placements. Ils s\u00e8chent tr\u00e8s vite pour que vous puissiez \u00eatre pr\u00eat pour une autre baignade","breadcrumb":{"@id":"https:\/\/tibladin.dk\/produkt\/marokkansk-fouta-hammamhaandklaede\/#breadcrumb"},"inLanguage":"fr-FR","potentialAction":[{"@type":"ReadAction","target":["https:\/\/tibladin.dk\/produkt\/marokkansk-fouta-hammamhaandklaede\/"]}]},{"@type":"ImageObject","inLanguage":"fr-FR","@id":"https:\/\/tibladin.dk\/produkt\/marokkansk-fouta-hammamhaandklaede\/#primaryimage","url":"https:\/\/tibladin.dk\/wp-content\/uploads\/2023\/05\/Marokkansk-hammam-haandklaede_alle-farver.jpg","contentUrl":"https:\/\/tibladin.dk\/wp-content\/uploads\/2023\/05\/Marokkansk-hammam-haandklaede_alle-farver.jpg","width":800,"height":800,"caption":"hammam h\u00e5ndkl\u00e6der alle farver"},{"@type":"BreadcrumbList","@id":"https:\/\/tibladin.dk\/produkt\/marokkansk-fouta-hammamhaandklaede\/#breadcrumb","itemListElement":[{"@type":"ListItem","position":1,"name":"Hjem","item":"https:\/\/tibladin.dk\/"},{"@type":"ListItem","position":2,"name":"Shop","item":"https:\/\/tibladin.dk\/shop\/"},{"@type":"ListItem","position":3,"name":"Marokkansk FOUTA hammamh\u00e5ndkl\u00e6de"}]},{"@type":"WebSite","@id":"https:\/\/tibladin.dk\/#website","url":"https:\/\/tibladin.dk\/","name":"Tibladin","description":"Tibladin","publisher":{"@id":"https:\/\/tibladin.dk\/#organization"},"potentialAction":[{"@type":"SearchAction","target":{"@type":"EntryPoint","urlTemplate":"https:\/\/tibladin.dk\/?s={search_term_string}"},"query-input":{"@type":"PropertyValueSpecification","valueRequired":true,"valueName":"search_term_string"}}],"inLanguage":"fr-FR"},{"@type":"Organization","@id":"https:\/\/tibladin.dk\/#organization","name":"Tibladin","url":"https:\/\/tibladin.dk\/","logo":{"@type":"ImageObject","inLanguage":"fr-FR","@id":"https:\/\/tibladin.dk\/#\/schema\/logo\/image\/","url":"https:\/\/tibladin.dk\/wp-content\/uploads\/2022\/09\/tibladin_logo.svg","contentUrl":"https:\/\/tibladin.dk\/wp-content\/uploads\/2022\/09\/tibladin_logo.svg","caption":"Tibladin"},"image":{"@id":"https:\/\/tibladin.dk\/#\/schema\/logo\/image\/"}}]}},"_links":{"self":[{"href":"https:\/\/tibladin.dk\/fr\/wp-json\/wp\/v2\/product\/7366","targetHints":{"allow":["GET"]}}],"collection":[{"href":"https:\/\/tibladin.dk\/fr\/wp-json\/wp\/v2\/product"}],"about":[{"href":"https:\/\/tibladin.dk\/fr\/wp-json\/wp\/v2\/types\/product"}],"wp:featuredmedia":[{"embeddable":true,"href":"https:\/\/tibladin.dk\/fr\/wp-json\/wp\/v2\/media\/37304"}],"wp:attachment":[{"href":"https:\/\/tibladin.dk\/fr\/wp-json\/wp\/v2\/media?parent=7366"}],"wp:term":[{"taxonomy":"product_brand","embeddable":true,"href":"https:\/\/tibladin.dk\/fr\/wp-json\/wp\/v2\/product_brand?post=7366"},{"taxonomy":"product_cat","embeddable":true,"href":"https:\/\/tibladin.dk\/fr\/wp-json\/wp\/v2\/product_cat?post=7366"},{"taxonomy":"product_tag","embeddable":true,"href":"https:\/\/tibladin.dk\/fr\/wp-json\/wp\/v2\/product_tag?post=7366"}],"curies":[{"name":"wp","href":"https:\/\/api.w.org\/{rel}","templated":true}]}}