{"id":737,"date":"2022-09-20T11:04:15","date_gmt":"2022-09-20T09:04:15","guid":{"rendered":"https:\/\/tibladin.dk\/?post_type=product&#038;p=737"},"modified":"2026-04-10T16:45:54","modified_gmt":"2026-04-10T14:45:54","slug":"panier-en-osier-avec-une-couche-de-motifs-dores","status":"publish","type":"product","link":"https:\/\/tibladin.dk\/fr\/produkt\/kurv-i-flet-med-laag-guldmoenster\/","title":{"rendered":"Panier en osier avec couvercle - motif dor\u00e9"},"content":{"rendered":"<div class=\"wpb-content-wrapper\"><div class=\"vc_row wpb_row vc_row-fluid\"><div class=\"wpb_column vc_column_container vc_col-sm-4\"><div class=\"vc_column-inner\"><div class=\"wpb_wrapper\"><\/div><\/div><\/div><div class=\"wpb_column vc_column_container vc_col-sm-4\"><div class=\"vc_column-inner\"><div class=\"wpb_wrapper\"><h3 style=\"text-align: left\" class=\"vc_custom_heading vc_do_custom_heading\" >Entretien<\/h3>\n\t<div class=\"wpb_text_column wpb_content_element\" >\n\t\t<div class=\"wpb_wrapper\">\n\t\t\t<p>Pour le nettoyage, le plus simple est de passer l&#039;aspirateur d\u00e9licatement.<\/p>\n\n\t\t<\/div>\n\t<\/div>\n<\/div><\/div><\/div><div class=\"wpb_column vc_column_container vc_col-sm-4\"><div class=\"vc_column-inner\"><div class=\"wpb_wrapper\"><h3 style=\"text-align: left\" class=\"vc_custom_heading vc_do_custom_heading\" >L&#039;histoire derri\u00e8re<\/h3>\n\t<div class=\"wpb_text_column wpb_content_element\" >\n\t\t<div class=\"wpb_wrapper\">\n\t\t\t<p>Ce panier d\u00e9coratif peut \u00eatre utilis\u00e9 pour les serviettes d&#039;invit\u00e9s dans la salle de bain, le papier toilette suppl\u00e9mentaire, ou dans la chambre comme corbeille \u00e0 papier ou pour votre tricot. Les possibilit\u00e9s sont nombreuses.<\/p>\n<p>Les paniers sont fabriqu\u00e9s \u00e0 la main en liber naturel et proviennent d&#039;une entreprise familiale de Marrakech sp\u00e9cialis\u00e9e dans l&#039;osier et qui le fait depuis des g\u00e9n\u00e9rations. Comme les paniers sont fabriqu\u00e9s \u00e0 la main, leur taille et leur largeur varient l\u00e9g\u00e8rement, ce qui ajoute un peu de charme au produit.<\/p>\n\n\t\t<\/div>\n\t<\/div>\n<\/div><\/div><\/div><\/div>\n<\/div>","protected":false},"excerpt":{"rendered":"<p>Paniers fins et faits \u00e0 la main en osier rotin. Le produit est disponible en deux couleurs et toutes deux avec des motifs en fil dor\u00e9 et un pompon sur le dessus.<\/p>\n<p>Les paniers ont de nombreuses utilisations. Vous manquez de rangements dans la salle de bain, par exemple pour les petites serviettes d&#039;invit\u00e9s ? Ou pour les jouets des enfants ? Vous pouvez \u00e9galement retirer le couvercle, et vous aurez alors un joli cache-pot ou vous pourrez l&#039;utiliser pour votre tricot.<\/p>\n<p>Le produit \u00e9tant fabriqu\u00e9 artisanalement localement au Maroc, les tailles peuvent varier l\u00e9g\u00e8rement en hauteur et en largeur.<\/p>","protected":false},"featured_media":40426,"template":"","meta":{"inline_featured_image":false},"product_brand":[],"product_cat":[55,51],"product_tag":[],"class_list":{"0":"post-737","1":"product","2":"type-product","3":"status-publish","4":"has-post-thumbnail","6":"product_cat-kurve","7":"product_cat-opbevaring","9":"first","10":"instock","11":"taxable","12":"shipping-taxable","13":"purchasable","14":"product-type-variable"},"exclude_global_add_ons":[],"addons":[],"yoast_head":"<!-- This site is optimized with the Yoast SEO plugin v27.4 - https:\/\/yoast.com\/product\/yoast-seo-wordpress\/ -->\n<title>H\u00e5ndlavet kurv i rattan flet | Forskellige farver | Tibladin<\/title>\n<meta name=\"description\" content=\"Fin h\u00e5ndlavet kurv i rattan flet med guldm\u00f8nster og l\u00e5g med pong pong. F\u00e5es i beige, bl\u00e5, og lilla i st\u00f8rrelsen 20x30. - Tibladin\" \/>\n<meta name=\"robots\" content=\"index, follow, max-snippet:-1, max-image-preview:large, max-video-preview:-1\" \/>\n<link rel=\"canonical\" href=\"https:\/\/tibladin.dk\/fr\/produit-4\/panier-en-osier-avec-une-couche-de-motifs-dores\/\" \/>\n<meta property=\"og:locale\" content=\"fr_FR\" \/>\n<meta property=\"og:type\" content=\"article\" \/>\n<meta property=\"og:title\" content=\"H\u00e5ndlavet kurv i rattan flet | Forskellige farver | Tibladin\" \/>\n<meta property=\"og:description\" content=\"Fin h\u00e5ndlavet kurv i rattan flet med guldm\u00f8nster og l\u00e5g med pong pong. F\u00e5es i beige, bl\u00e5, og lilla i st\u00f8rrelsen 20x30. - Tibladin\" \/>\n<meta property=\"og:url\" content=\"https:\/\/tibladin.dk\/fr\/produit-4\/panier-en-osier-avec-une-couche-de-motifs-dores\/\" \/>\n<meta property=\"og:site_name\" content=\"Tibladin\" \/>\n<meta property=\"article:modified_time\" content=\"2026-04-10T14:45:54+00:00\" \/>\n<meta property=\"og:image\" content=\"https:\/\/tibladin.dk\/wp-content\/uploads\/2025\/10\/Marokkansk-kurv_flere-farver_1.jpg\" \/>\n\t<meta property=\"og:image:width\" content=\"800\" \/>\n\t<meta property=\"og:image:height\" content=\"800\" \/>\n\t<meta property=\"og:image:type\" content=\"image\/jpeg\" \/>\n<meta name=\"twitter:card\" content=\"summary_large_image\" \/>\n<meta name=\"twitter:label1\" content=\"Dur\u00e9e de lecture estim\u00e9e\" \/>\n\t<meta name=\"twitter:data1\" content=\"1 minute\" \/>\n<script type=\"application\/ld+json\" class=\"yoast-schema-graph\">{\"@context\":\"https:\\\/\\\/schema.org\",\"@graph\":[{\"@type\":\"WebPage\",\"@id\":\"https:\\\/\\\/tibladin.dk\\\/produkt\\\/kurv-i-flet-med-laag-guldmoenster\\\/\",\"url\":\"https:\\\/\\\/tibladin.dk\\\/produkt\\\/kurv-i-flet-med-laag-guldmoenster\\\/\",\"name\":\"H\u00e5ndlavet kurv i rattan flet | Forskellige farver | Tibladin\",\"isPartOf\":{\"@id\":\"https:\\\/\\\/tibladin.dk\\\/#website\"},\"primaryImageOfPage\":{\"@id\":\"https:\\\/\\\/tibladin.dk\\\/produkt\\\/kurv-i-flet-med-laag-guldmoenster\\\/#primaryimage\"},\"image\":{\"@id\":\"https:\\\/\\\/tibladin.dk\\\/produkt\\\/kurv-i-flet-med-laag-guldmoenster\\\/#primaryimage\"},\"thumbnailUrl\":\"https:\\\/\\\/tibladin.dk\\\/wp-content\\\/uploads\\\/2025\\\/10\\\/Marokkansk-kurv_flere-farver_1.jpg\",\"datePublished\":\"2022-09-20T09:04:15+00:00\",\"dateModified\":\"2026-04-10T14:45:54+00:00\",\"description\":\"Fin h\u00e5ndlavet kurv i rattan flet med guldm\u00f8nster og l\u00e5g med pong pong. F\u00e5es i beige, bl\u00e5, og lilla i st\u00f8rrelsen 20x30. - Tibladin\",\"breadcrumb\":{\"@id\":\"https:\\\/\\\/tibladin.dk\\\/produkt\\\/kurv-i-flet-med-laag-guldmoenster\\\/#breadcrumb\"},\"inLanguage\":\"fr-FR\",\"potentialAction\":[{\"@type\":\"ReadAction\",\"target\":[\"https:\\\/\\\/tibladin.dk\\\/produkt\\\/kurv-i-flet-med-laag-guldmoenster\\\/\"]}]},{\"@type\":\"ImageObject\",\"inLanguage\":\"fr-FR\",\"@id\":\"https:\\\/\\\/tibladin.dk\\\/produkt\\\/kurv-i-flet-med-laag-guldmoenster\\\/#primaryimage\",\"url\":\"https:\\\/\\\/tibladin.dk\\\/wp-content\\\/uploads\\\/2025\\\/10\\\/Marokkansk-kurv_flere-farver_1.jpg\",\"contentUrl\":\"https:\\\/\\\/tibladin.dk\\\/wp-content\\\/uploads\\\/2025\\\/10\\\/Marokkansk-kurv_flere-farver_1.jpg\",\"width\":800,\"height\":800,\"caption\":\"Marokkansk-kurv_flere-farver_1\"},{\"@type\":\"BreadcrumbList\",\"@id\":\"https:\\\/\\\/tibladin.dk\\\/produkt\\\/kurv-i-flet-med-laag-guldmoenster\\\/#breadcrumb\",\"itemListElement\":[{\"@type\":\"ListItem\",\"position\":1,\"name\":\"Hjem\",\"item\":\"https:\\\/\\\/tibladin.dk\\\/\"},{\"@type\":\"ListItem\",\"position\":2,\"name\":\"Shop\",\"item\":\"https:\\\/\\\/tibladin.dk\\\/shop\\\/\"},{\"@type\":\"ListItem\",\"position\":3,\"name\":\"Kurv i flet med l\u00e5g &#8211; guldm\u00f8nster\"}]},{\"@type\":\"WebSite\",\"@id\":\"https:\\\/\\\/tibladin.dk\\\/#website\",\"url\":\"https:\\\/\\\/tibladin.dk\\\/\",\"name\":\"Tibladin\",\"description\":\"Tibladin\",\"publisher\":{\"@id\":\"https:\\\/\\\/tibladin.dk\\\/#organization\"},\"potentialAction\":[{\"@type\":\"SearchAction\",\"target\":{\"@type\":\"EntryPoint\",\"urlTemplate\":\"https:\\\/\\\/tibladin.dk\\\/?s={search_term_string}\"},\"query-input\":{\"@type\":\"PropertyValueSpecification\",\"valueRequired\":true,\"valueName\":\"search_term_string\"}}],\"inLanguage\":\"fr-FR\"},{\"@type\":\"Organization\",\"@id\":\"https:\\\/\\\/tibladin.dk\\\/#organization\",\"name\":\"Tibladin\",\"url\":\"https:\\\/\\\/tibladin.dk\\\/\",\"logo\":{\"@type\":\"ImageObject\",\"inLanguage\":\"fr-FR\",\"@id\":\"https:\\\/\\\/tibladin.dk\\\/#\\\/schema\\\/logo\\\/image\\\/\",\"url\":\"https:\\\/\\\/tibladin.dk\\\/wp-content\\\/uploads\\\/2022\\\/09\\\/tibladin_logo.svg\",\"contentUrl\":\"https:\\\/\\\/tibladin.dk\\\/wp-content\\\/uploads\\\/2022\\\/09\\\/tibladin_logo.svg\",\"caption\":\"Tibladin\"},\"image\":{\"@id\":\"https:\\\/\\\/tibladin.dk\\\/#\\\/schema\\\/logo\\\/image\\\/\"}}]}<\/script>\n<!-- \/ Yoast SEO plugin. -->","yoast_head_json":{"title":"Panier fait main en osier rotin | Diff\u00e9rentes couleurs | Tibladine","description":"Panier artisanal raffin\u00e9 en rotin, orn\u00e9 d&#039;un motif dor\u00e9 et d&#039;un couvercle \u00e0 motif pong-pong. Disponible en beige, bleu et violet, format 20 x 30 cm. - Tibladin","robots":{"index":"index","follow":"follow","max-snippet":"max-snippet:-1","max-image-preview":"max-image-preview:large","max-video-preview":"max-video-preview:-1"},"canonical":"https:\/\/tibladin.dk\/fr\/produit-4\/panier-en-osier-avec-une-couche-de-motifs-dores\/","og_locale":"fr_FR","og_type":"article","og_title":"H\u00e5ndlavet kurv i rattan flet | Forskellige farver | Tibladin","og_description":"Fin h\u00e5ndlavet kurv i rattan flet med guldm\u00f8nster og l\u00e5g med pong pong. F\u00e5es i beige, bl\u00e5, og lilla i st\u00f8rrelsen 20x30. - Tibladin","og_url":"https:\/\/tibladin.dk\/fr\/produit-4\/panier-en-osier-avec-une-couche-de-motifs-dores\/","og_site_name":"Tibladin","article_modified_time":"2026-04-10T14:45:54+00:00","og_image":[{"width":800,"height":800,"url":"https:\/\/tibladin.dk\/wp-content\/uploads\/2025\/10\/Marokkansk-kurv_flere-farver_1.jpg","type":"image\/jpeg"}],"twitter_card":"summary_large_image","twitter_misc":{"Dur\u00e9e de lecture estim\u00e9e":"1 minute"},"schema":{"@context":"https:\/\/schema.org","@graph":[{"@type":"WebPage","@id":"https:\/\/tibladin.dk\/produkt\/kurv-i-flet-med-laag-guldmoenster\/","url":"https:\/\/tibladin.dk\/produkt\/kurv-i-flet-med-laag-guldmoenster\/","name":"Panier fait main en osier rotin | Diff\u00e9rentes couleurs | Tibladine","isPartOf":{"@id":"https:\/\/tibladin.dk\/#website"},"primaryImageOfPage":{"@id":"https:\/\/tibladin.dk\/produkt\/kurv-i-flet-med-laag-guldmoenster\/#primaryimage"},"image":{"@id":"https:\/\/tibladin.dk\/produkt\/kurv-i-flet-med-laag-guldmoenster\/#primaryimage"},"thumbnailUrl":"https:\/\/tibladin.dk\/wp-content\/uploads\/2025\/10\/Marokkansk-kurv_flere-farver_1.jpg","datePublished":"2022-09-20T09:04:15+00:00","dateModified":"2026-04-10T14:45:54+00:00","description":"Panier artisanal raffin\u00e9 en rotin, orn\u00e9 d&#039;un motif dor\u00e9 et d&#039;un couvercle \u00e0 motif pong-pong. Disponible en beige, bleu et violet, format 20 x 30 cm. - Tibladin","breadcrumb":{"@id":"https:\/\/tibladin.dk\/produkt\/kurv-i-flet-med-laag-guldmoenster\/#breadcrumb"},"inLanguage":"fr-FR","potentialAction":[{"@type":"ReadAction","target":["https:\/\/tibladin.dk\/produkt\/kurv-i-flet-med-laag-guldmoenster\/"]}]},{"@type":"ImageObject","inLanguage":"fr-FR","@id":"https:\/\/tibladin.dk\/produkt\/kurv-i-flet-med-laag-guldmoenster\/#primaryimage","url":"https:\/\/tibladin.dk\/wp-content\/uploads\/2025\/10\/Marokkansk-kurv_flere-farver_1.jpg","contentUrl":"https:\/\/tibladin.dk\/wp-content\/uploads\/2025\/10\/Marokkansk-kurv_flere-farver_1.jpg","width":800,"height":800,"caption":"Marokkansk-kurv_flere-farver_1"},{"@type":"BreadcrumbList","@id":"https:\/\/tibladin.dk\/produkt\/kurv-i-flet-med-laag-guldmoenster\/#breadcrumb","itemListElement":[{"@type":"ListItem","position":1,"name":"Hjem","item":"https:\/\/tibladin.dk\/"},{"@type":"ListItem","position":2,"name":"Shop","item":"https:\/\/tibladin.dk\/shop\/"},{"@type":"ListItem","position":3,"name":"Kurv i flet med l\u00e5g &#8211; guldm\u00f8nster"}]},{"@type":"WebSite","@id":"https:\/\/tibladin.dk\/#website","url":"https:\/\/tibladin.dk\/","name":"Tibladin","description":"Tibladin","publisher":{"@id":"https:\/\/tibladin.dk\/#organization"},"potentialAction":[{"@type":"SearchAction","target":{"@type":"EntryPoint","urlTemplate":"https:\/\/tibladin.dk\/?s={search_term_string}"},"query-input":{"@type":"PropertyValueSpecification","valueRequired":true,"valueName":"search_term_string"}}],"inLanguage":"fr-FR"},{"@type":"Organization","@id":"https:\/\/tibladin.dk\/#organization","name":"Tibladin","url":"https:\/\/tibladin.dk\/","logo":{"@type":"ImageObject","inLanguage":"fr-FR","@id":"https:\/\/tibladin.dk\/#\/schema\/logo\/image\/","url":"https:\/\/tibladin.dk\/wp-content\/uploads\/2022\/09\/tibladin_logo.svg","contentUrl":"https:\/\/tibladin.dk\/wp-content\/uploads\/2022\/09\/tibladin_logo.svg","caption":"Tibladin"},"image":{"@id":"https:\/\/tibladin.dk\/#\/schema\/logo\/image\/"}}]}},"_links":{"self":[{"href":"https:\/\/tibladin.dk\/fr\/wp-json\/wp\/v2\/product\/737","targetHints":{"allow":["GET"]}}],"collection":[{"href":"https:\/\/tibladin.dk\/fr\/wp-json\/wp\/v2\/product"}],"about":[{"href":"https:\/\/tibladin.dk\/fr\/wp-json\/wp\/v2\/types\/product"}],"wp:featuredmedia":[{"embeddable":true,"href":"https:\/\/tibladin.dk\/fr\/wp-json\/wp\/v2\/media\/40426"}],"wp:attachment":[{"href":"https:\/\/tibladin.dk\/fr\/wp-json\/wp\/v2\/media?parent=737"}],"wp:term":[{"taxonomy":"product_brand","embeddable":true,"href":"https:\/\/tibladin.dk\/fr\/wp-json\/wp\/v2\/product_brand?post=737"},{"taxonomy":"product_cat","embeddable":true,"href":"https:\/\/tibladin.dk\/fr\/wp-json\/wp\/v2\/product_cat?post=737"},{"taxonomy":"product_tag","embeddable":true,"href":"https:\/\/tibladin.dk\/fr\/wp-json\/wp\/v2\/product_tag?post=737"}],"curies":[{"name":"wp","href":"https:\/\/api.w.org\/{rel}","templated":true}]}}