{"id":816,"date":"2024-03-15T11:04:53","date_gmt":"2024-03-15T10:04:53","guid":{"rendered":"https:\/\/tibladin.dk\/vare\/puf-i-lysebrunt-laeder-med-broderi\/"},"modified":"2026-04-08T09:06:06","modified_gmt":"2026-04-08T07:06:06","slug":"pouf-en-cuir-marron-clair-avec-broderie","status":"publish","type":"product","link":"https:\/\/tibladin.dk\/fr\/produkt\/puf-i-lysebrunt-laeder-med-broderi\/","title":{"rendered":"Pouf en cuir marron clair avec broderie"},"content":{"rendered":"<div class=\"wpb-content-wrapper\"><div class=\"vc_row wpb_row vc_row-fluid\"><div class=\"wpb_column vc_column_container vc_col-sm-4\"><div class=\"vc_column-inner\"><div class=\"wpb_wrapper\">\n\t<div class=\"wpb_video_widget wpb_content_element vc_clearfix   vc_video-aspect-ratio-43 vc_video-el-width-100 vc_video-align-left\" >\n\t\t<div class=\"wpb_wrapper\">\n\t\t\t\n\t\t\t<div class=\"wpb_video_wrapper\"><div class=\"video-container\"><iframe loading=\"lazy\" title=\"Remplissez votre pouf marocain en cuir\" src=\"https:\/\/player.vimeo.com\/video\/417093994?dnt=1&amp;app_id=122963\" width=\"310\" height=\"310\" frameborder=\"0\" allow=\"autoplay; fullscreen; picture-in-picture\"><\/iframe><\/div><\/div>\n\t\t<\/div>\n\t<\/div>\n<\/div><\/div><\/div><div class=\"wpb_column vc_column_container vc_col-sm-4\"><div class=\"vc_column-inner\"><div class=\"wpb_wrapper\"><h3 style=\"text-align: left\" class=\"vc_custom_heading vc_do_custom_heading\" >Entretien<\/h3>\n\t<div class=\"wpb_text_column wpb_content_element\" >\n\t\t<div class=\"wpb_wrapper\">\n\t\t\t<p>Chez Tibladin, vous achetez des poufs en cuir sans rembourrage, vous pouvez donc les remplir vous-m\u00eame avec le rembourrage \u00e0 votre go\u00fbt. Vous pouvez facilement utiliser des objets que vous poss\u00e9dez d\u00e9j\u00e0, comme des v\u00eatements que vous n'utilisez plus, des couettes, des oreillers, des couvertures ou du journal bien froiss\u00e9.<\/p>\n<p>Vous pouvez \u00e9galement acheter des granul\u00e9s de mousse ou du rembourrage en coton pour votre pouf. Si vous utilisez ce genre de rembourrage, je peux vous recommander de coudre une housse int\u00e9rieure ou de prendre une vieille housse de couette et d&#039;y mettre le rembourrage avant de le mettre dans votre pouf.<\/p>\n<p>Les poufs en cuir sont fabriqu\u00e9s en peau de ch\u00e8vre et acquerront une belle patine avec le temps. Si vous souhaitez que votre pouf soit plus fonc\u00e9 et brillant, vous pouvez lui donner un peu d'huile pour cuir. Au d\u00e9but, lorsque vous l\u2019utilisez, ce pouf peut sentir un peu le cuir. Cette odeur dispara\u00eet rapidement. Si vous souhaitez acc\u00e9l\u00e9rer ce processus, exposez le pouf un peu au soleil et l'odeur dispara\u00eetra.<\/p>\n\n\t\t<\/div>\n\t<\/div>\n<\/div><\/div><\/div><div class=\"wpb_column vc_column_container vc_col-sm-4\"><div class=\"vc_column-inner\"><div class=\"wpb_wrapper\"><h3 style=\"text-align: left\" class=\"vc_custom_heading vc_do_custom_heading\" >L&#039;histoire derri\u00e8re<\/h3>\n\t<div class=\"wpb_text_column wpb_content_element\" >\n\t\t<div class=\"wpb_wrapper\">\n\t\t\t<p>Les petits poufs sont faciles \u00e0 ajouter \u00e0 votre d\u00e9coration et obtiennent rapidement un look exotique et une touche plus personnelle. Mon fournisseur de poufs en cuir a de nombreuses ann\u00e9es d\u2019exp\u00e9rience dans la fabrication de poufs de bonne qualit\u00e9 et tr\u00e8s durables et il exporte dans plusieurs endroits \u00e0 travers le monde. Tous mes poufs sont en cuir de ch\u00e8vre, car c'est ce qui donne le pouf le plus souple.<\/p>\n\n\t\t<\/div>\n\t<\/div>\n<\/div><\/div><\/div><\/div>\n<\/div>","protected":false},"excerpt":{"rendered":"<p>Ce pouf marocain est en cuir marron clair.\u00a0<span class=\"s1\">La houppette est brod\u00e9e d&#039;un motif magnifique et d\u00e9taill\u00e9 sur le dessus et sur le c\u00f4t\u00e9, r\u00e9alis\u00e9 avec un fil l\u00e9ger qui a un peu de brillance.\u00a0<\/span><\/p>\n<p class=\"p1\"><span class=\"s1\">Peut \u00eatre rempli de nombreuses choses diff\u00e9rentes : les v\u00eatements dont vous n&#039;utilisez plus, la couette d&#039;hiver, les granul\u00e9s de mousse, le journal, etc., selon la fermet\u00e9 souhait\u00e9e. Vous pouvez \u00e9galement choisir que nous le remplissions pour vous avec de la laine de bois biologique.<\/span><\/p>","protected":false},"featured_media":11629,"template":"","meta":{"inline_featured_image":false},"product_brand":[],"product_cat":[35,41,40],"product_tag":[],"class_list":{"0":"post-816","1":"product","2":"type-product","3":"status-publish","4":"has-post-thumbnail","6":"product_cat-gaven-til-hende","7":"product_cat-laederpufs","8":"product_cat-pufs","10":"first","11":"instock","12":"taxable","13":"shipping-taxable","14":"purchasable","15":"product-type-simple"},"exclude_global_add_ons":false,"addons":[{"name":"Souhaitez-vous que votre pouf soit livr\u00e9 avec un rembourrage en laine de bois ?","type":"checkbox","position":0,"required":false,"title_format":"label","default":"","description_enable":false,"description":"","placeholder_enable":false,"placeholder":"","display":"select","restrictions_type":"any_text","adjust_price":false,"price":"","price_type":"flat_fee","restrictions":false,"min":"0","max":"0","options":[{"label":"Ja tak!","price":"200.00","price_type":"flat_fee","image":0,"visibility":true}],"id":1710678096}],"yoast_head":"<!-- This site is optimized with the Yoast SEO plugin v27.4 - https:\/\/yoast.com\/product\/yoast-seo-wordpress\/ -->\n<title>Marokkansk puf i l\u00e6der 50x50 cm med broderet m\u00f8nster | Tibladin<\/title>\n<meta name=\"description\" content=\"Marokkansk lysebrunt l\u00e6der 50x50 cm i bl\u00f8d og fleksibel kvalitet. Smukt broderi og lavet med ekstra syninger for at sikre en god holdbarhed.\" \/>\n<meta name=\"robots\" content=\"index, follow, max-snippet:-1, max-image-preview:large, max-video-preview:-1\" \/>\n<link rel=\"canonical\" href=\"https:\/\/tibladin.dk\/fr\/produit-4\/pouf-en-cuir-marron-clair-avec-broderie\/\" \/>\n<meta property=\"og:locale\" content=\"fr_FR\" \/>\n<meta property=\"og:type\" content=\"article\" \/>\n<meta property=\"og:title\" content=\"Marokkansk puf i l\u00e6der 50x50 cm med broderet m\u00f8nster | Tibladin\" \/>\n<meta property=\"og:description\" content=\"Marokkansk lysebrunt l\u00e6der 50x50 cm i bl\u00f8d og fleksibel kvalitet. Smukt broderi og lavet med ekstra syninger for at sikre en god holdbarhed.\" \/>\n<meta property=\"og:url\" content=\"https:\/\/tibladin.dk\/fr\/produit-4\/pouf-en-cuir-marron-clair-avec-broderie\/\" \/>\n<meta property=\"og:site_name\" content=\"Tibladin\" \/>\n<meta property=\"article:modified_time\" content=\"2026-04-08T07:06:06+00:00\" \/>\n<meta property=\"og:image\" content=\"https:\/\/tibladin.dk\/wp-content\/uploads\/2022\/09\/Marokkansk-puf-lysebrun-med-marokkansk-moenster_2.jpg\" \/>\n\t<meta property=\"og:image:width\" content=\"800\" \/>\n\t<meta property=\"og:image:height\" content=\"800\" \/>\n\t<meta property=\"og:image:type\" content=\"image\/jpeg\" \/>\n<meta name=\"twitter:card\" content=\"summary_large_image\" \/>\n<meta name=\"twitter:label1\" content=\"Dur\u00e9e de lecture estim\u00e9e\" \/>\n\t<meta name=\"twitter:data1\" content=\"2 minutes\" \/>\n<script type=\"application\/ld+json\" class=\"yoast-schema-graph\">{\"@context\":\"https:\\\/\\\/schema.org\",\"@graph\":[{\"@type\":\"WebPage\",\"@id\":\"https:\\\/\\\/tibladin.dk\\\/produkt\\\/puf-i-lysebrunt-laeder-med-broderi\\\/\",\"url\":\"https:\\\/\\\/tibladin.dk\\\/produkt\\\/puf-i-lysebrunt-laeder-med-broderi\\\/\",\"name\":\"Marokkansk puf i l\u00e6der 50x50 cm med broderet m\u00f8nster | Tibladin\",\"isPartOf\":{\"@id\":\"https:\\\/\\\/tibladin.dk\\\/#website\"},\"primaryImageOfPage\":{\"@id\":\"https:\\\/\\\/tibladin.dk\\\/produkt\\\/puf-i-lysebrunt-laeder-med-broderi\\\/#primaryimage\"},\"image\":{\"@id\":\"https:\\\/\\\/tibladin.dk\\\/produkt\\\/puf-i-lysebrunt-laeder-med-broderi\\\/#primaryimage\"},\"thumbnailUrl\":\"https:\\\/\\\/tibladin.dk\\\/wp-content\\\/uploads\\\/2022\\\/09\\\/Marokkansk-puf-lysebrun-med-marokkansk-moenster_2.jpg\",\"datePublished\":\"2024-03-15T10:04:53+00:00\",\"dateModified\":\"2026-04-08T07:06:06+00:00\",\"description\":\"Marokkansk lysebrunt l\u00e6der 50x50 cm i bl\u00f8d og fleksibel kvalitet. Smukt broderi og lavet med ekstra syninger for at sikre en god holdbarhed.\",\"breadcrumb\":{\"@id\":\"https:\\\/\\\/tibladin.dk\\\/produkt\\\/puf-i-lysebrunt-laeder-med-broderi\\\/#breadcrumb\"},\"inLanguage\":\"fr-FR\",\"potentialAction\":[{\"@type\":\"ReadAction\",\"target\":[\"https:\\\/\\\/tibladin.dk\\\/produkt\\\/puf-i-lysebrunt-laeder-med-broderi\\\/\"]}]},{\"@type\":\"ImageObject\",\"inLanguage\":\"fr-FR\",\"@id\":\"https:\\\/\\\/tibladin.dk\\\/produkt\\\/puf-i-lysebrunt-laeder-med-broderi\\\/#primaryimage\",\"url\":\"https:\\\/\\\/tibladin.dk\\\/wp-content\\\/uploads\\\/2022\\\/09\\\/Marokkansk-puf-lysebrun-med-marokkansk-moenster_2.jpg\",\"contentUrl\":\"https:\\\/\\\/tibladin.dk\\\/wp-content\\\/uploads\\\/2022\\\/09\\\/Marokkansk-puf-lysebrun-med-marokkansk-moenster_2.jpg\",\"width\":800,\"height\":800,\"caption\":\"Marokkansk puf lysebrun med marokkansk m\u00f8nster\"},{\"@type\":\"BreadcrumbList\",\"@id\":\"https:\\\/\\\/tibladin.dk\\\/produkt\\\/puf-i-lysebrunt-laeder-med-broderi\\\/#breadcrumb\",\"itemListElement\":[{\"@type\":\"ListItem\",\"position\":1,\"name\":\"Hjem\",\"item\":\"https:\\\/\\\/tibladin.dk\\\/\"},{\"@type\":\"ListItem\",\"position\":2,\"name\":\"Shop\",\"item\":\"https:\\\/\\\/tibladin.dk\\\/shop\\\/\"},{\"@type\":\"ListItem\",\"position\":3,\"name\":\"Puf i lysebrunt l\u00e6der med broderi\"}]},{\"@type\":\"WebSite\",\"@id\":\"https:\\\/\\\/tibladin.dk\\\/#website\",\"url\":\"https:\\\/\\\/tibladin.dk\\\/\",\"name\":\"Tibladin\",\"description\":\"Tibladin\",\"publisher\":{\"@id\":\"https:\\\/\\\/tibladin.dk\\\/#organization\"},\"potentialAction\":[{\"@type\":\"SearchAction\",\"target\":{\"@type\":\"EntryPoint\",\"urlTemplate\":\"https:\\\/\\\/tibladin.dk\\\/?s={search_term_string}\"},\"query-input\":{\"@type\":\"PropertyValueSpecification\",\"valueRequired\":true,\"valueName\":\"search_term_string\"}}],\"inLanguage\":\"fr-FR\"},{\"@type\":\"Organization\",\"@id\":\"https:\\\/\\\/tibladin.dk\\\/#organization\",\"name\":\"Tibladin\",\"url\":\"https:\\\/\\\/tibladin.dk\\\/\",\"logo\":{\"@type\":\"ImageObject\",\"inLanguage\":\"fr-FR\",\"@id\":\"https:\\\/\\\/tibladin.dk\\\/#\\\/schema\\\/logo\\\/image\\\/\",\"url\":\"https:\\\/\\\/tibladin.dk\\\/wp-content\\\/uploads\\\/2022\\\/09\\\/tibladin_logo.svg\",\"contentUrl\":\"https:\\\/\\\/tibladin.dk\\\/wp-content\\\/uploads\\\/2022\\\/09\\\/tibladin_logo.svg\",\"caption\":\"Tibladin\"},\"image\":{\"@id\":\"https:\\\/\\\/tibladin.dk\\\/#\\\/schema\\\/logo\\\/image\\\/\"}}]}<\/script>\n<!-- \/ Yoast SEO plugin. -->","yoast_head_json":{"title":"Pouf marocain en cuir 50x50 cm avec motif brod\u00e9 | Tibladine","description":"Cuir marocain marron clair 50x50 cm de qualit\u00e9 souple et flexible. Belle broderie et r\u00e9alis\u00e9e avec des coutures suppl\u00e9mentaires pour assurer une bonne durabilit\u00e9.","robots":{"index":"index","follow":"follow","max-snippet":"max-snippet:-1","max-image-preview":"max-image-preview:large","max-video-preview":"max-video-preview:-1"},"canonical":"https:\/\/tibladin.dk\/fr\/produit-4\/pouf-en-cuir-marron-clair-avec-broderie\/","og_locale":"fr_FR","og_type":"article","og_title":"Marokkansk puf i l\u00e6der 50x50 cm med broderet m\u00f8nster | Tibladin","og_description":"Marokkansk lysebrunt l\u00e6der 50x50 cm i bl\u00f8d og fleksibel kvalitet. Smukt broderi og lavet med ekstra syninger for at sikre en god holdbarhed.","og_url":"https:\/\/tibladin.dk\/fr\/produit-4\/pouf-en-cuir-marron-clair-avec-broderie\/","og_site_name":"Tibladin","article_modified_time":"2026-04-08T07:06:06+00:00","og_image":[{"width":800,"height":800,"url":"https:\/\/tibladin.dk\/wp-content\/uploads\/2022\/09\/Marokkansk-puf-lysebrun-med-marokkansk-moenster_2.jpg","type":"image\/jpeg"}],"twitter_card":"summary_large_image","twitter_misc":{"Dur\u00e9e de lecture estim\u00e9e":"2 minutes"},"schema":{"@context":"https:\/\/schema.org","@graph":[{"@type":"WebPage","@id":"https:\/\/tibladin.dk\/produkt\/puf-i-lysebrunt-laeder-med-broderi\/","url":"https:\/\/tibladin.dk\/produkt\/puf-i-lysebrunt-laeder-med-broderi\/","name":"Pouf marocain en cuir 50x50 cm avec motif brod\u00e9 | Tibladine","isPartOf":{"@id":"https:\/\/tibladin.dk\/#website"},"primaryImageOfPage":{"@id":"https:\/\/tibladin.dk\/produkt\/puf-i-lysebrunt-laeder-med-broderi\/#primaryimage"},"image":{"@id":"https:\/\/tibladin.dk\/produkt\/puf-i-lysebrunt-laeder-med-broderi\/#primaryimage"},"thumbnailUrl":"https:\/\/tibladin.dk\/wp-content\/uploads\/2022\/09\/Marokkansk-puf-lysebrun-med-marokkansk-moenster_2.jpg","datePublished":"2024-03-15T10:04:53+00:00","dateModified":"2026-04-08T07:06:06+00:00","description":"Cuir marocain marron clair 50x50 cm de qualit\u00e9 souple et flexible. Belle broderie et r\u00e9alis\u00e9e avec des coutures suppl\u00e9mentaires pour assurer une bonne durabilit\u00e9.","breadcrumb":{"@id":"https:\/\/tibladin.dk\/produkt\/puf-i-lysebrunt-laeder-med-broderi\/#breadcrumb"},"inLanguage":"fr-FR","potentialAction":[{"@type":"ReadAction","target":["https:\/\/tibladin.dk\/produkt\/puf-i-lysebrunt-laeder-med-broderi\/"]}]},{"@type":"ImageObject","inLanguage":"fr-FR","@id":"https:\/\/tibladin.dk\/produkt\/puf-i-lysebrunt-laeder-med-broderi\/#primaryimage","url":"https:\/\/tibladin.dk\/wp-content\/uploads\/2022\/09\/Marokkansk-puf-lysebrun-med-marokkansk-moenster_2.jpg","contentUrl":"https:\/\/tibladin.dk\/wp-content\/uploads\/2022\/09\/Marokkansk-puf-lysebrun-med-marokkansk-moenster_2.jpg","width":800,"height":800,"caption":"Marokkansk puf lysebrun med marokkansk m\u00f8nster"},{"@type":"BreadcrumbList","@id":"https:\/\/tibladin.dk\/produkt\/puf-i-lysebrunt-laeder-med-broderi\/#breadcrumb","itemListElement":[{"@type":"ListItem","position":1,"name":"Hjem","item":"https:\/\/tibladin.dk\/"},{"@type":"ListItem","position":2,"name":"Shop","item":"https:\/\/tibladin.dk\/shop\/"},{"@type":"ListItem","position":3,"name":"Puf i lysebrunt l\u00e6der med broderi"}]},{"@type":"WebSite","@id":"https:\/\/tibladin.dk\/#website","url":"https:\/\/tibladin.dk\/","name":"Tibladin","description":"Tibladin","publisher":{"@id":"https:\/\/tibladin.dk\/#organization"},"potentialAction":[{"@type":"SearchAction","target":{"@type":"EntryPoint","urlTemplate":"https:\/\/tibladin.dk\/?s={search_term_string}"},"query-input":{"@type":"PropertyValueSpecification","valueRequired":true,"valueName":"search_term_string"}}],"inLanguage":"fr-FR"},{"@type":"Organization","@id":"https:\/\/tibladin.dk\/#organization","name":"Tibladin","url":"https:\/\/tibladin.dk\/","logo":{"@type":"ImageObject","inLanguage":"fr-FR","@id":"https:\/\/tibladin.dk\/#\/schema\/logo\/image\/","url":"https:\/\/tibladin.dk\/wp-content\/uploads\/2022\/09\/tibladin_logo.svg","contentUrl":"https:\/\/tibladin.dk\/wp-content\/uploads\/2022\/09\/tibladin_logo.svg","caption":"Tibladin"},"image":{"@id":"https:\/\/tibladin.dk\/#\/schema\/logo\/image\/"}}]}},"_links":{"self":[{"href":"https:\/\/tibladin.dk\/fr\/wp-json\/wp\/v2\/product\/816","targetHints":{"allow":["GET"]}}],"collection":[{"href":"https:\/\/tibladin.dk\/fr\/wp-json\/wp\/v2\/product"}],"about":[{"href":"https:\/\/tibladin.dk\/fr\/wp-json\/wp\/v2\/types\/product"}],"wp:featuredmedia":[{"embeddable":true,"href":"https:\/\/tibladin.dk\/fr\/wp-json\/wp\/v2\/media\/11629"}],"wp:attachment":[{"href":"https:\/\/tibladin.dk\/fr\/wp-json\/wp\/v2\/media?parent=816"}],"wp:term":[{"taxonomy":"product_brand","embeddable":true,"href":"https:\/\/tibladin.dk\/fr\/wp-json\/wp\/v2\/product_brand?post=816"},{"taxonomy":"product_cat","embeddable":true,"href":"https:\/\/tibladin.dk\/fr\/wp-json\/wp\/v2\/product_cat?post=816"},{"taxonomy":"product_tag","embeddable":true,"href":"https:\/\/tibladin.dk\/fr\/wp-json\/wp\/v2\/product_tag?post=816"}],"curies":[{"name":"wp","href":"https:\/\/api.w.org\/{rel}","templated":true}]}}