{"id":8812,"date":"2023-10-04T10:46:25","date_gmt":"2023-10-04T08:46:25","guid":{"rendered":"https:\/\/tibladin.dk\/?post_type=product&#038;p=8812"},"modified":"2025-05-05T09:33:56","modified_gmt":"2025-05-05T07:33:56","slug":"sac-a-main-en-teck-lavande","status":"publish","type":"product","link":"https:\/\/tibladin.dk\/fr\/produkt\/haandtaske-med-kaede-lavender\/","title":{"rendered":"Sac \u00e0 main avec cha\u00eene LAVANDE"},"content":{"rendered":"<div class=\"wpb-content-wrapper\"><div class=\"vc_row wpb_row vc_row-fluid\"><div class=\"wpb_column vc_column_container vc_col-sm-4\"><div class=\"vc_column-inner\"><div class=\"wpb_wrapper\"><\/div><\/div><\/div><div class=\"wpb_column vc_column_container vc_col-sm-4\"><div class=\"vc_column-inner\"><div class=\"wpb_wrapper\"><h3 style=\"text-align: left\" class=\"vc_custom_heading vc_do_custom_heading\" >Entretien<\/h3>\n\t<div class=\"wpb_text_column wpb_content_element\" >\n\t\t<div class=\"wpb_wrapper\">\n\t\t\t<p>Lavage \u00e0 la main \u00e0 30 degr\u00e9s maximum.<\/p>\n\n\t\t<\/div>\n\t<\/div>\n<\/div><\/div><\/div><div class=\"wpb_column vc_column_container vc_col-sm-4\"><div class=\"vc_column-inner\"><div class=\"wpb_wrapper\"><h3 style=\"text-align: left\" class=\"vc_custom_heading vc_do_custom_heading\" >L&#039;histoire derri\u00e8re<\/h3>\n\t<div class=\"wpb_text_column wpb_content_element\" >\n\t\t<div class=\"wpb_wrapper\">\n\t\t\t<p>Il n\u2019y a rien de mieux que de porter quelque chose d\u2019unique ! Il n&#039;y en a qu&#039;un seul de ce sac. Le propre design de Tibladin. Disponible dans divers beaux textiles avec des boutons en cuivre de diff\u00e9rentes couleurs avec des pierres color\u00e9es \u00e0 l&#039;int\u00e9rieur.Les sacs se ferment avec des boutons-pression magn\u00e9tiques sur les c\u00f4t\u00e9s et il y a un zip \u00e0 l&#039;int\u00e9rieur pour une bonne protection du contenu du sac. Tous les sacs peuvent \u00eatre port\u00e9s comme une pochette, mais sont livr\u00e9s avec une cha\u00eene pour pouvoir \u00e9galement \u00eatre port\u00e9s sur l&#039;\u00e9paule.<\/p>\n<p>Cousu \u00e0 la main avec amour.<\/p>\n\n\t\t<\/div>\n\t<\/div>\n<\/div><\/div><\/div><\/div>\n<\/div>","protected":false},"excerpt":{"rendered":"<p>Sac marocain unique fait main. Il n&#039;y a qu&#039;un seul exemplaire de ce magnifique sac LAVANDE. Le tissu aux jolis motifs dans les tons violets donne un look f\u00e9minin.<\/p>\n<p>Le sac mesure 18 cm de hauteur et 30 cm de longueur. Il s&#039;ouvre gr\u00e2ce \u00e0 des pressions magn\u00e9tiques de chaque c\u00f4t\u00e9. Tissu velours doux noir \u00e0 l&#039;int\u00e9rieur et fermeture \u00e9clair pour prot\u00e9ger le contenu du sac. Le bouton en cuivre comporte des petits morceaux de pierres jaunes qui d\u00e9corent le centre du sac. La cha\u00eene fournie peut \u00eatre attach\u00e9e sur les c\u00f4t\u00e9s afin que le sac puisse \u00eatre port\u00e9 sur l&#039;\u00e9paule ou en bandouli\u00e8re. Vous pouvez \u00e9galement laisser la cha\u00eene en cuivre et la porter comme une pochette. Un choix \u00e9l\u00e9gant pour une soir\u00e9e.<\/p>\n<p>Seul ce sac existe.<\/p>","protected":false},"featured_media":8816,"template":"","meta":{"inline_featured_image":false},"product_brand":[],"product_cat":[27,31,32],"product_tag":[],"class_list":{"0":"post-8812","1":"product","2":"type-product","3":"status-publish","4":"has-post-thumbnail","6":"product_cat-diverse","7":"product_cat-tasker","8":"product_cat-tilbud","10":"first","11":"instock","12":"sale","13":"taxable","14":"shipping-taxable","15":"purchasable","16":"product-type-simple"},"exclude_global_add_ons":false,"addons":[{"name":"Vous souhaitez un emballage cadeau ?","type":"checkbox","position":0,"required":false,"title_format":"label","default":"","description_enable":false,"description":"","placeholder_enable":false,"placeholder":"","display":"images","restrictions_type":"any_text","adjust_price":false,"price":"","price_type":"flat_fee","restrictions":false,"min":"0","max":"0","options":[{"label":"Ja tak","price":"10","price_type":"flat_fee","image":11015,"visibility":true}],"id":1669646111}],"yoast_head":"<!-- This site is optimized with the Yoast SEO plugin v27.4 - https:\/\/yoast.com\/product\/yoast-seo-wordpress\/ -->\n<title>Unika taske i smukt stof med k\u00e6de - Tibladin<\/title>\n<meta name=\"description\" content=\"Der findes kun \u00e9n som denne. Lukkes med praktisk magnetisk knap. Indvendigt er der sort foer og en lomme med lynl\u00e5s | helt unikt design fra Tibladin\" \/>\n<meta name=\"robots\" content=\"index, follow, max-snippet:-1, max-image-preview:large, max-video-preview:-1\" \/>\n<link rel=\"canonical\" href=\"https:\/\/tibladin.dk\/fr\/produit-4\/sac-a-main-en-teck-lavande\/\" \/>\n<meta property=\"og:locale\" content=\"fr_FR\" \/>\n<meta property=\"og:type\" content=\"article\" \/>\n<meta property=\"og:title\" content=\"Unika taske i smukt stof med k\u00e6de - Tibladin\" \/>\n<meta property=\"og:description\" content=\"Der findes kun \u00e9n som denne. Lukkes med praktisk magnetisk knap. Indvendigt er der sort foer og en lomme med lynl\u00e5s | helt unikt design fra Tibladin\" \/>\n<meta property=\"og:url\" content=\"https:\/\/tibladin.dk\/fr\/produit-4\/sac-a-main-en-teck-lavande\/\" \/>\n<meta property=\"og:site_name\" content=\"Tibladin\" \/>\n<meta property=\"article:modified_time\" content=\"2025-05-05T07:33:56+00:00\" \/>\n<meta property=\"og:image\" content=\"https:\/\/tibladin.dk\/wp-content\/uploads\/2023\/10\/Lavender-haandtaske_3.jpg\" \/>\n\t<meta property=\"og:image:width\" content=\"800\" \/>\n\t<meta property=\"og:image:height\" content=\"800\" \/>\n\t<meta property=\"og:image:type\" content=\"image\/jpeg\" \/>\n<meta name=\"twitter:card\" content=\"summary_large_image\" \/>\n<meta name=\"twitter:label1\" content=\"Dur\u00e9e de lecture estim\u00e9e\" \/>\n\t<meta name=\"twitter:data1\" content=\"1 minute\" \/>\n<script type=\"application\/ld+json\" class=\"yoast-schema-graph\">{\"@context\":\"https:\\\/\\\/schema.org\",\"@graph\":[{\"@type\":\"WebPage\",\"@id\":\"https:\\\/\\\/tibladin.dk\\\/produkt\\\/haandtaske-med-kaede-lavender\\\/\",\"url\":\"https:\\\/\\\/tibladin.dk\\\/produkt\\\/haandtaske-med-kaede-lavender\\\/\",\"name\":\"Unika taske i smukt stof med k\u00e6de - Tibladin\",\"isPartOf\":{\"@id\":\"https:\\\/\\\/tibladin.dk\\\/#website\"},\"primaryImageOfPage\":{\"@id\":\"https:\\\/\\\/tibladin.dk\\\/produkt\\\/haandtaske-med-kaede-lavender\\\/#primaryimage\"},\"image\":{\"@id\":\"https:\\\/\\\/tibladin.dk\\\/produkt\\\/haandtaske-med-kaede-lavender\\\/#primaryimage\"},\"thumbnailUrl\":\"https:\\\/\\\/tibladin.dk\\\/wp-content\\\/uploads\\\/2023\\\/10\\\/Lavender-haandtaske_3.jpg\",\"datePublished\":\"2023-10-04T08:46:25+00:00\",\"dateModified\":\"2025-05-05T07:33:56+00:00\",\"description\":\"Der findes kun \u00e9n som denne. Lukkes med praktisk magnetisk knap. Indvendigt er der sort foer og en lomme med lynl\u00e5s | helt unikt design fra Tibladin\",\"breadcrumb\":{\"@id\":\"https:\\\/\\\/tibladin.dk\\\/produkt\\\/haandtaske-med-kaede-lavender\\\/#breadcrumb\"},\"inLanguage\":\"fr-FR\",\"potentialAction\":[{\"@type\":\"ReadAction\",\"target\":[\"https:\\\/\\\/tibladin.dk\\\/produkt\\\/haandtaske-med-kaede-lavender\\\/\"]}]},{\"@type\":\"ImageObject\",\"inLanguage\":\"fr-FR\",\"@id\":\"https:\\\/\\\/tibladin.dk\\\/produkt\\\/haandtaske-med-kaede-lavender\\\/#primaryimage\",\"url\":\"https:\\\/\\\/tibladin.dk\\\/wp-content\\\/uploads\\\/2023\\\/10\\\/Lavender-haandtaske_3.jpg\",\"contentUrl\":\"https:\\\/\\\/tibladin.dk\\\/wp-content\\\/uploads\\\/2023\\\/10\\\/Lavender-haandtaske_3.jpg\",\"width\":800,\"height\":800,\"caption\":\"H\u00e5ndtaske med k\u00e6de i violet m\u00f8nstret stof\"},{\"@type\":\"BreadcrumbList\",\"@id\":\"https:\\\/\\\/tibladin.dk\\\/produkt\\\/haandtaske-med-kaede-lavender\\\/#breadcrumb\",\"itemListElement\":[{\"@type\":\"ListItem\",\"position\":1,\"name\":\"Hjem\",\"item\":\"https:\\\/\\\/tibladin.dk\\\/\"},{\"@type\":\"ListItem\",\"position\":2,\"name\":\"Shop\",\"item\":\"https:\\\/\\\/tibladin.dk\\\/shop\\\/\"},{\"@type\":\"ListItem\",\"position\":3,\"name\":\"H\u00e5ndtaske med k\u00e6de LAVENDER\"}]},{\"@type\":\"WebSite\",\"@id\":\"https:\\\/\\\/tibladin.dk\\\/#website\",\"url\":\"https:\\\/\\\/tibladin.dk\\\/\",\"name\":\"Tibladin\",\"description\":\"Tibladin\",\"publisher\":{\"@id\":\"https:\\\/\\\/tibladin.dk\\\/#organization\"},\"potentialAction\":[{\"@type\":\"SearchAction\",\"target\":{\"@type\":\"EntryPoint\",\"urlTemplate\":\"https:\\\/\\\/tibladin.dk\\\/?s={search_term_string}\"},\"query-input\":{\"@type\":\"PropertyValueSpecification\",\"valueRequired\":true,\"valueName\":\"search_term_string\"}}],\"inLanguage\":\"fr-FR\"},{\"@type\":\"Organization\",\"@id\":\"https:\\\/\\\/tibladin.dk\\\/#organization\",\"name\":\"Tibladin\",\"url\":\"https:\\\/\\\/tibladin.dk\\\/\",\"logo\":{\"@type\":\"ImageObject\",\"inLanguage\":\"fr-FR\",\"@id\":\"https:\\\/\\\/tibladin.dk\\\/#\\\/schema\\\/logo\\\/image\\\/\",\"url\":\"https:\\\/\\\/tibladin.dk\\\/wp-content\\\/uploads\\\/2022\\\/09\\\/tibladin_logo.svg\",\"contentUrl\":\"https:\\\/\\\/tibladin.dk\\\/wp-content\\\/uploads\\\/2022\\\/09\\\/tibladin_logo.svg\",\"caption\":\"Tibladin\"},\"image\":{\"@id\":\"https:\\\/\\\/tibladin.dk\\\/#\\\/schema\\\/logo\\\/image\\\/\"}}]}<\/script>\n<!-- \/ Yoast SEO plugin. -->","yoast_head_json":{"title":"Sac unique en beau tissu avec cha\u00eene - Tibladin","description":"Il n&#039;y en a qu&#039;un comme \u00e7a. Se ferme avec un bouton magn\u00e9tique pratique. A l&#039;int\u00e9rieur il y a une doublure noire et une poche zipp\u00e9e | design compl\u00e8tement unique de Tibladin","robots":{"index":"index","follow":"follow","max-snippet":"max-snippet:-1","max-image-preview":"max-image-preview:large","max-video-preview":"max-video-preview:-1"},"canonical":"https:\/\/tibladin.dk\/fr\/produit-4\/sac-a-main-en-teck-lavande\/","og_locale":"fr_FR","og_type":"article","og_title":"Unika taske i smukt stof med k\u00e6de - Tibladin","og_description":"Der findes kun \u00e9n som denne. Lukkes med praktisk magnetisk knap. Indvendigt er der sort foer og en lomme med lynl\u00e5s | helt unikt design fra Tibladin","og_url":"https:\/\/tibladin.dk\/fr\/produit-4\/sac-a-main-en-teck-lavande\/","og_site_name":"Tibladin","article_modified_time":"2025-05-05T07:33:56+00:00","og_image":[{"width":800,"height":800,"url":"https:\/\/tibladin.dk\/wp-content\/uploads\/2023\/10\/Lavender-haandtaske_3.jpg","type":"image\/jpeg"}],"twitter_card":"summary_large_image","twitter_misc":{"Dur\u00e9e de lecture estim\u00e9e":"1 minute"},"schema":{"@context":"https:\/\/schema.org","@graph":[{"@type":"WebPage","@id":"https:\/\/tibladin.dk\/produkt\/haandtaske-med-kaede-lavender\/","url":"https:\/\/tibladin.dk\/produkt\/haandtaske-med-kaede-lavender\/","name":"Sac unique en beau tissu avec cha\u00eene - Tibladin","isPartOf":{"@id":"https:\/\/tibladin.dk\/#website"},"primaryImageOfPage":{"@id":"https:\/\/tibladin.dk\/produkt\/haandtaske-med-kaede-lavender\/#primaryimage"},"image":{"@id":"https:\/\/tibladin.dk\/produkt\/haandtaske-med-kaede-lavender\/#primaryimage"},"thumbnailUrl":"https:\/\/tibladin.dk\/wp-content\/uploads\/2023\/10\/Lavender-haandtaske_3.jpg","datePublished":"2023-10-04T08:46:25+00:00","dateModified":"2025-05-05T07:33:56+00:00","description":"Il n&#039;y en a qu&#039;un comme \u00e7a. Se ferme avec un bouton magn\u00e9tique pratique. A l&#039;int\u00e9rieur il y a une doublure noire et une poche zipp\u00e9e | design compl\u00e8tement unique de Tibladin","breadcrumb":{"@id":"https:\/\/tibladin.dk\/produkt\/haandtaske-med-kaede-lavender\/#breadcrumb"},"inLanguage":"fr-FR","potentialAction":[{"@type":"ReadAction","target":["https:\/\/tibladin.dk\/produkt\/haandtaske-med-kaede-lavender\/"]}]},{"@type":"ImageObject","inLanguage":"fr-FR","@id":"https:\/\/tibladin.dk\/produkt\/haandtaske-med-kaede-lavender\/#primaryimage","url":"https:\/\/tibladin.dk\/wp-content\/uploads\/2023\/10\/Lavender-haandtaske_3.jpg","contentUrl":"https:\/\/tibladin.dk\/wp-content\/uploads\/2023\/10\/Lavender-haandtaske_3.jpg","width":800,"height":800,"caption":"H\u00e5ndtaske med k\u00e6de i violet m\u00f8nstret stof"},{"@type":"BreadcrumbList","@id":"https:\/\/tibladin.dk\/produkt\/haandtaske-med-kaede-lavender\/#breadcrumb","itemListElement":[{"@type":"ListItem","position":1,"name":"Hjem","item":"https:\/\/tibladin.dk\/"},{"@type":"ListItem","position":2,"name":"Shop","item":"https:\/\/tibladin.dk\/shop\/"},{"@type":"ListItem","position":3,"name":"H\u00e5ndtaske med k\u00e6de LAVENDER"}]},{"@type":"WebSite","@id":"https:\/\/tibladin.dk\/#website","url":"https:\/\/tibladin.dk\/","name":"Tibladin","description":"Tibladin","publisher":{"@id":"https:\/\/tibladin.dk\/#organization"},"potentialAction":[{"@type":"SearchAction","target":{"@type":"EntryPoint","urlTemplate":"https:\/\/tibladin.dk\/?s={search_term_string}"},"query-input":{"@type":"PropertyValueSpecification","valueRequired":true,"valueName":"search_term_string"}}],"inLanguage":"fr-FR"},{"@type":"Organization","@id":"https:\/\/tibladin.dk\/#organization","name":"Tibladin","url":"https:\/\/tibladin.dk\/","logo":{"@type":"ImageObject","inLanguage":"fr-FR","@id":"https:\/\/tibladin.dk\/#\/schema\/logo\/image\/","url":"https:\/\/tibladin.dk\/wp-content\/uploads\/2022\/09\/tibladin_logo.svg","contentUrl":"https:\/\/tibladin.dk\/wp-content\/uploads\/2022\/09\/tibladin_logo.svg","caption":"Tibladin"},"image":{"@id":"https:\/\/tibladin.dk\/#\/schema\/logo\/image\/"}}]}},"_links":{"self":[{"href":"https:\/\/tibladin.dk\/fr\/wp-json\/wp\/v2\/product\/8812","targetHints":{"allow":["GET"]}}],"collection":[{"href":"https:\/\/tibladin.dk\/fr\/wp-json\/wp\/v2\/product"}],"about":[{"href":"https:\/\/tibladin.dk\/fr\/wp-json\/wp\/v2\/types\/product"}],"wp:featuredmedia":[{"embeddable":true,"href":"https:\/\/tibladin.dk\/fr\/wp-json\/wp\/v2\/media\/8816"}],"wp:attachment":[{"href":"https:\/\/tibladin.dk\/fr\/wp-json\/wp\/v2\/media?parent=8812"}],"wp:term":[{"taxonomy":"product_brand","embeddable":true,"href":"https:\/\/tibladin.dk\/fr\/wp-json\/wp\/v2\/product_brand?post=8812"},{"taxonomy":"product_cat","embeddable":true,"href":"https:\/\/tibladin.dk\/fr\/wp-json\/wp\/v2\/product_cat?post=8812"},{"taxonomy":"product_tag","embeddable":true,"href":"https:\/\/tibladin.dk\/fr\/wp-json\/wp\/v2\/product_tag?post=8812"}],"curies":[{"name":"wp","href":"https:\/\/api.w.org\/{rel}","templated":true}]}}