{"id":9266,"date":"2026-04-10T05:46:16","date_gmt":"2026-04-10T03:46:16","guid":{"rendered":"https:\/\/tibladin.dk\/?post_type=product&#038;p=9266"},"modified":"2026-04-14T16:33:20","modified_gmt":"2026-04-14T14:33:20","slug":"pouf-de-sol-en-laine-caramel","status":"publish","type":"product","link":"https:\/\/tibladin.dk\/fr\/produkt\/gulvpude-puf-i-uld-caramel\/","title":{"rendered":"Coussin de sol\/pouf en laine \u2013 CARAMEL"},"content":{"rendered":"<div class=\"wpb-content-wrapper\"><div class=\"vc_row wpb_row vc_row-fluid\"><div class=\"wpb_column vc_column_container vc_col-sm-6\"><div class=\"vc_column-inner\"><div class=\"wpb_wrapper\"><h3 style=\"text-align: left\" class=\"vc_custom_heading vc_do_custom_heading\" >Entretien<\/h3>\n\t<div class=\"wpb_text_column wpb_content_element\" >\n\t\t<div class=\"wpb_wrapper\">\n\t\t\t<p>Si vous avez la malchance de tacher votre pouf en laine ou votre coussin de sol en laine, commencez par passer l&#039;aspirateur sur la tache. La laine est naturellement entour\u00e9e de lanoline, qui forme un film protecteur sur les fibres, les taches ont donc moins de chances de p\u00e9n\u00e9trer. Si cela ne s&#039;enl\u00e8ve pas, vous pouvez prendre un chiffon humide et tamponner la tache, enfin ne pas frotter. Si nous avons la chance qu&#039;il neige un jour d&#039;hiver, \u00e9tendez votre pouf en laine ou votre couverture en laine dans la neige fra\u00eechement tomb\u00e9e. C&#039;est la m\u00e9thode la plus efficace pour le nettoyer en profondeur<\/p>\n\n\t\t<\/div>\n\t<\/div>\n<\/div><\/div><\/div><div class=\"wpb_column vc_column_container vc_col-sm-6\"><div class=\"vc_column-inner\"><div class=\"wpb_wrapper\"><h3 style=\"text-align: left\" class=\"vc_custom_heading vc_do_custom_heading\" >Coussins\/poufs de sol en tapis Azilal<\/h3>\n\t<div class=\"wpb_text_column wpb_content_element\" >\n\t\t<div class=\"wpb_wrapper\">\n\t\t\t<p>Nous avons re\u00e7u de nombreux coussins de sol\/poufs en laine de diff\u00e9rentes couleurs et motifs. Ces coussins de sol sont cousus main \u00e0 partir de v\u00e9ritables tapis azilal vintage, c&#039;est pourquoi tous les coussins de sol sont diff\u00e9rents. Les tapis proviennent de la r\u00e9gion d&#039;Azilal, dans les montagnes marocaines \u00e0 l&#039;est de Marrakech, o\u00f9 c&#039;est g\u00e9n\u00e9ralement le travail des femmes de tisser les tapis \u00e0 la main. \u00c0 l\u2019origine, les femmes berb\u00e8res locales n\u2019avaient pas de langue \u00e9crite, elles tissaient donc des histoires dans les tapis, c\u2019est pourquoi chaque tapis est unique. Les tapis Azilal sont fabriqu\u00e9s \u00e0 partir de laine 100% \u2013 parfois associ\u00e9e \u00e0 du fil de coton.<\/p>\n<p><a href=\"https:\/\/tibladin.dk\/fr\/categorie-de-produit\/interieur\/meubles\/poufs\/\">D\u00e9couvrez ici notre gamme compl\u00e8te de coussins de sol fabriqu\u00e9s \u00e0 partir de tapis Azilal et Beni Ouarain recycl\u00e9s.<\/a><\/p>\n<p><b>Remplissez votre pouf<\/b><br \/>\nLe mieux est de remplir votre pouf d&#039;un grand coussin ferme \u2013 de pr\u00e9f\u00e9rence 90\u00d790 cm, qui remplira bien l&#039;ensemble du coussin. Vous pouvez facilement utiliser des objets que vous poss\u00e9dez d\u00e9j\u00e0, des couettes, des oreillers, des couvertures ou du papier journal bien froiss\u00e9. Vous pouvez \u00e9galement acheter des granul\u00e9s de mousse ou du rembourrage en coton pour votre pouf. Si vous utilisez ce genre de rembourrage, nous vous recommandons de coudre une housse int\u00e9rieure ou de prendre une vieille housse de couette et d&#039;y mettre le rembourrage avant de le mettre dans votre pouf.<\/p>\n<p>En cas d&#039;achat suppl\u00e9mentaire, nous l&#039;envoyons avec un support de montage 90\u00d790 cm.<\/p>\n\n\t\t<\/div>\n\t<\/div>\n<\/div><\/div><\/div><\/div>\n<\/div>","protected":false},"excerpt":{"rendered":"<p class=\"p1\"><span class=\"s1\">Magnifique pouf\/coussin de sol carr\u00e9 marocain, confectionn\u00e9 \u00e0 partir de tapis Azilal vintage et cousu main en laine de qualit\u00e9. Ce pouf couleur caramel aux chaudes nuances rouge\u00e2tres offre un superbe jeu de lumi\u00e8re.<\/span><\/p>\n<p class=\"p1\">Un seul exemplaire de ce pouf existe \u2013 cousu \u00e0 la main \u00e0 partir de tapis Azilal vintage dans les montagnes de l&#039;Atlas par des Berb\u00e8res qualifi\u00e9s et adroits.<\/p>\n<p>Dessous du tapis \u2013 avec une fermeture \u00e9clair sur deux c\u00f4t\u00e9s adjacents pour que vous puissiez le remplir facilement. Si vous souhaitez que nous le remplissions de rembourrage Tibladin, nous l'enverrons avec un grand coussin de montage 90\u00d790, qui rend votre coussin de sol souple et agr\u00e9able pour s'asseoir.<\/p>\n<p>Mesures 60x60x20<\/p>\n<p class=\"p1\"><span class=\"s1\">Ajoutez ce pouf unique \u00e0 votre d\u00e9coration d'int\u00e9rieur et voyez comment il diffuse confort et chaleur et ajoute une touche marocaine. Le coussin de sol s'int\u00e8gre parfaitement dans n'importe quelle pi\u00e8ce. Aussi bien dans le salon pour compl\u00e9ter le coin canap\u00e9 que dans la chambre \u00e0 coucher ou la chambre d'enfant. Voyez comment vous \u00e0 pr\u00e9sent prenez possession du sol comme espace suppl\u00e9mentaire. Ce pouf l'emporte sur le canap\u00e9 :-)<br \/>\n<\/span><\/p>","protected":false},"featured_media":9271,"template":"","meta":{"inline_featured_image":false},"product_brand":[],"product_cat":[101,39],"product_tag":[],"class_list":{"0":"post-9266","1":"product","2":"type-product","3":"status-publish","4":"has-post-thumbnail","6":"product_cat-gulvpuder-uldpufs","7":"product_cat-moebler","9":"first","10":"instock","11":"taxable","12":"shipping-taxable","13":"purchasable","14":"product-type-simple"},"exclude_global_add_ons":false,"addons":[{"name":"Voulez-vous un coussin de garnissage?","type":"checkbox","position":0,"required":false,"title_format":"label","default":"","description_enable":true,"description":"Garni d&#039;un grand coussin de 90 x 90 cm, il remplit parfaitement le pouf et le rend moelleux et confortable. Sa housse est facile \u00e0 retirer et \u00e0 nettoyer.","placeholder_enable":false,"placeholder":"","display":"images","restrictions_type":"any_text","adjust_price":false,"price":"","price_type":"flat_fee","restrictions":false,"min":"0","max":"0","options":[{"label":"Ja tak","price":"300","price_type":"quantity_based","image":11028,"visibility":true}],"id":1672424044}],"yoast_head":"<!-- This site is optimized with the Yoast SEO plugin v27.5 - https:\/\/yoast.com\/product\/yoast-seo-wordpress\/ -->\n<title>Unik marokkansk gulvpude | H\u00e5ndsyet af vintage azilal-t\u00e6pper<\/title>\n<meta name=\"description\" content=\"Marokkansk gulvpude i smukke nuancer, som pryder din indretning. H\u00e5ndsyet af vintage azilal-t\u00e6pper i atlasbjergene i Marrakech.\" \/>\n<meta name=\"robots\" content=\"index, follow, max-snippet:-1, max-image-preview:large, max-video-preview:-1\" \/>\n<link rel=\"canonical\" href=\"https:\/\/tibladin.dk\/fr\/produit-4\/pouf-de-sol-en-laine-caramel\/\" \/>\n<meta property=\"og:locale\" content=\"fr_FR\" \/>\n<meta property=\"og:type\" content=\"article\" \/>\n<meta property=\"og:title\" content=\"Unik marokkansk gulvpude | H\u00e5ndsyet af vintage azilal-t\u00e6pper\" \/>\n<meta property=\"og:description\" content=\"Marokkansk gulvpude i smukke nuancer, som pryder din indretning. H\u00e5ndsyet af vintage azilal-t\u00e6pper i atlasbjergene i Marrakech.\" \/>\n<meta property=\"og:url\" content=\"https:\/\/tibladin.dk\/fr\/produit-4\/pouf-de-sol-en-laine-caramel\/\" \/>\n<meta property=\"og:site_name\" content=\"Tibladin\" \/>\n<meta property=\"article:modified_time\" content=\"2026-04-14T14:33:20+00:00\" \/>\n<meta property=\"og:image\" content=\"https:\/\/tibladin.dk\/wp-content\/uploads\/2023\/11\/Marokkansk-gulvpude_CARAMEL_side2.jpg\" \/>\n\t<meta property=\"og:image:width\" content=\"800\" \/>\n\t<meta property=\"og:image:height\" content=\"800\" \/>\n\t<meta property=\"og:image:type\" content=\"image\/jpeg\" \/>\n<meta name=\"twitter:card\" content=\"summary_large_image\" \/>\n<meta name=\"twitter:label1\" content=\"Dur\u00e9e de lecture estim\u00e9e\" \/>\n\t<meta name=\"twitter:data1\" content=\"3 minutes\" \/>\n<script type=\"application\/ld+json\" class=\"yoast-schema-graph\">{\"@context\":\"https:\\\/\\\/schema.org\",\"@graph\":[{\"@type\":\"WebPage\",\"@id\":\"https:\\\/\\\/tibladin.dk\\\/produkt\\\/gulvpude-puf-i-uld-caramel\\\/\",\"url\":\"https:\\\/\\\/tibladin.dk\\\/produkt\\\/gulvpude-puf-i-uld-caramel\\\/\",\"name\":\"Unik marokkansk gulvpude | H\u00e5ndsyet af vintage azilal-t\u00e6pper\",\"isPartOf\":{\"@id\":\"https:\\\/\\\/tibladin.dk\\\/#website\"},\"primaryImageOfPage\":{\"@id\":\"https:\\\/\\\/tibladin.dk\\\/produkt\\\/gulvpude-puf-i-uld-caramel\\\/#primaryimage\"},\"image\":{\"@id\":\"https:\\\/\\\/tibladin.dk\\\/produkt\\\/gulvpude-puf-i-uld-caramel\\\/#primaryimage\"},\"thumbnailUrl\":\"https:\\\/\\\/tibladin.dk\\\/wp-content\\\/uploads\\\/2023\\\/11\\\/Marokkansk-gulvpude_CARAMEL_side2.jpg\",\"datePublished\":\"2026-04-10T03:46:16+00:00\",\"dateModified\":\"2026-04-14T14:33:20+00:00\",\"description\":\"Marokkansk gulvpude i smukke nuancer, som pryder din indretning. H\u00e5ndsyet af vintage azilal-t\u00e6pper i atlasbjergene i Marrakech.\",\"breadcrumb\":{\"@id\":\"https:\\\/\\\/tibladin.dk\\\/produkt\\\/gulvpude-puf-i-uld-caramel\\\/#breadcrumb\"},\"inLanguage\":\"fr-FR\",\"potentialAction\":[{\"@type\":\"ReadAction\",\"target\":[\"https:\\\/\\\/tibladin.dk\\\/produkt\\\/gulvpude-puf-i-uld-caramel\\\/\"]}]},{\"@type\":\"ImageObject\",\"inLanguage\":\"fr-FR\",\"@id\":\"https:\\\/\\\/tibladin.dk\\\/produkt\\\/gulvpude-puf-i-uld-caramel\\\/#primaryimage\",\"url\":\"https:\\\/\\\/tibladin.dk\\\/wp-content\\\/uploads\\\/2023\\\/11\\\/Marokkansk-gulvpude_CARAMEL_side2.jpg\",\"contentUrl\":\"https:\\\/\\\/tibladin.dk\\\/wp-content\\\/uploads\\\/2023\\\/11\\\/Marokkansk-gulvpude_CARAMEL_side2.jpg\",\"width\":800,\"height\":800,\"caption\":\"Marokkansk gulvpude_CARAMEL\"},{\"@type\":\"BreadcrumbList\",\"@id\":\"https:\\\/\\\/tibladin.dk\\\/produkt\\\/gulvpude-puf-i-uld-caramel\\\/#breadcrumb\",\"itemListElement\":[{\"@type\":\"ListItem\",\"position\":1,\"name\":\"Hjem\",\"item\":\"https:\\\/\\\/tibladin.dk\\\/\"},{\"@type\":\"ListItem\",\"position\":2,\"name\":\"Shop\",\"item\":\"https:\\\/\\\/tibladin.dk\\\/shop\\\/\"},{\"@type\":\"ListItem\",\"position\":3,\"name\":\"Gulvpude\\\/puf i uld &#8211; CARAMEL\"}]},{\"@type\":\"WebSite\",\"@id\":\"https:\\\/\\\/tibladin.dk\\\/#website\",\"url\":\"https:\\\/\\\/tibladin.dk\\\/\",\"name\":\"Tibladin\",\"description\":\"Tibladin\",\"publisher\":{\"@id\":\"https:\\\/\\\/tibladin.dk\\\/#organization\"},\"potentialAction\":[{\"@type\":\"SearchAction\",\"target\":{\"@type\":\"EntryPoint\",\"urlTemplate\":\"https:\\\/\\\/tibladin.dk\\\/?s={search_term_string}\"},\"query-input\":{\"@type\":\"PropertyValueSpecification\",\"valueRequired\":true,\"valueName\":\"search_term_string\"}}],\"inLanguage\":\"fr-FR\"},{\"@type\":\"Organization\",\"@id\":\"https:\\\/\\\/tibladin.dk\\\/#organization\",\"name\":\"Tibladin\",\"url\":\"https:\\\/\\\/tibladin.dk\\\/\",\"logo\":{\"@type\":\"ImageObject\",\"inLanguage\":\"fr-FR\",\"@id\":\"https:\\\/\\\/tibladin.dk\\\/#\\\/schema\\\/logo\\\/image\\\/\",\"url\":\"https:\\\/\\\/tibladin.dk\\\/wp-content\\\/uploads\\\/2022\\\/09\\\/tibladin_logo.svg\",\"contentUrl\":\"https:\\\/\\\/tibladin.dk\\\/wp-content\\\/uploads\\\/2022\\\/09\\\/tibladin_logo.svg\",\"caption\":\"Tibladin\"},\"image\":{\"@id\":\"https:\\\/\\\/tibladin.dk\\\/#\\\/schema\\\/logo\\\/image\\\/\"}}]}<\/script>\n<!-- \/ Yoast SEO plugin. -->","yoast_head_json":{"title":"Coussin de sol marocain unique | Cousu \u00e0 la main \u00e0 partir de tapis azilal vintage","description":"Coussin de sol marocain aux belles nuances qui ornent votre d\u00e9coration. Cousu \u00e0 la main \u00e0 partir de tapis azilal vintage dans les montagnes de l&#039;Atlas de Marrakech.","robots":{"index":"index","follow":"follow","max-snippet":"max-snippet:-1","max-image-preview":"max-image-preview:large","max-video-preview":"max-video-preview:-1"},"canonical":"https:\/\/tibladin.dk\/fr\/produit-4\/pouf-de-sol-en-laine-caramel\/","og_locale":"fr_FR","og_type":"article","og_title":"Unik marokkansk gulvpude | H\u00e5ndsyet af vintage azilal-t\u00e6pper","og_description":"Marokkansk gulvpude i smukke nuancer, som pryder din indretning. H\u00e5ndsyet af vintage azilal-t\u00e6pper i atlasbjergene i Marrakech.","og_url":"https:\/\/tibladin.dk\/fr\/produit-4\/pouf-de-sol-en-laine-caramel\/","og_site_name":"Tibladin","article_modified_time":"2026-04-14T14:33:20+00:00","og_image":[{"width":800,"height":800,"url":"https:\/\/tibladin.dk\/wp-content\/uploads\/2023\/11\/Marokkansk-gulvpude_CARAMEL_side2.jpg","type":"image\/jpeg"}],"twitter_card":"summary_large_image","twitter_misc":{"Dur\u00e9e de lecture estim\u00e9e":"3 minutes"},"schema":{"@context":"https:\/\/schema.org","@graph":[{"@type":"WebPage","@id":"https:\/\/tibladin.dk\/produkt\/gulvpude-puf-i-uld-caramel\/","url":"https:\/\/tibladin.dk\/produkt\/gulvpude-puf-i-uld-caramel\/","name":"Coussin de sol marocain unique | Cousu \u00e0 la main \u00e0 partir de tapis azilal vintage","isPartOf":{"@id":"https:\/\/tibladin.dk\/#website"},"primaryImageOfPage":{"@id":"https:\/\/tibladin.dk\/produkt\/gulvpude-puf-i-uld-caramel\/#primaryimage"},"image":{"@id":"https:\/\/tibladin.dk\/produkt\/gulvpude-puf-i-uld-caramel\/#primaryimage"},"thumbnailUrl":"https:\/\/tibladin.dk\/wp-content\/uploads\/2023\/11\/Marokkansk-gulvpude_CARAMEL_side2.jpg","datePublished":"2026-04-10T03:46:16+00:00","dateModified":"2026-04-14T14:33:20+00:00","description":"Coussin de sol marocain aux belles nuances qui ornent votre d\u00e9coration. Cousu \u00e0 la main \u00e0 partir de tapis azilal vintage dans les montagnes de l&#039;Atlas de Marrakech.","breadcrumb":{"@id":"https:\/\/tibladin.dk\/produkt\/gulvpude-puf-i-uld-caramel\/#breadcrumb"},"inLanguage":"fr-FR","potentialAction":[{"@type":"ReadAction","target":["https:\/\/tibladin.dk\/produkt\/gulvpude-puf-i-uld-caramel\/"]}]},{"@type":"ImageObject","inLanguage":"fr-FR","@id":"https:\/\/tibladin.dk\/produkt\/gulvpude-puf-i-uld-caramel\/#primaryimage","url":"https:\/\/tibladin.dk\/wp-content\/uploads\/2023\/11\/Marokkansk-gulvpude_CARAMEL_side2.jpg","contentUrl":"https:\/\/tibladin.dk\/wp-content\/uploads\/2023\/11\/Marokkansk-gulvpude_CARAMEL_side2.jpg","width":800,"height":800,"caption":"Marokkansk gulvpude_CARAMEL"},{"@type":"BreadcrumbList","@id":"https:\/\/tibladin.dk\/produkt\/gulvpude-puf-i-uld-caramel\/#breadcrumb","itemListElement":[{"@type":"ListItem","position":1,"name":"Hjem","item":"https:\/\/tibladin.dk\/"},{"@type":"ListItem","position":2,"name":"Shop","item":"https:\/\/tibladin.dk\/shop\/"},{"@type":"ListItem","position":3,"name":"Gulvpude\/puf i uld &#8211; CARAMEL"}]},{"@type":"WebSite","@id":"https:\/\/tibladin.dk\/#website","url":"https:\/\/tibladin.dk\/","name":"Tibladin","description":"Tibladin","publisher":{"@id":"https:\/\/tibladin.dk\/#organization"},"potentialAction":[{"@type":"SearchAction","target":{"@type":"EntryPoint","urlTemplate":"https:\/\/tibladin.dk\/?s={search_term_string}"},"query-input":{"@type":"PropertyValueSpecification","valueRequired":true,"valueName":"search_term_string"}}],"inLanguage":"fr-FR"},{"@type":"Organization","@id":"https:\/\/tibladin.dk\/#organization","name":"Tibladin","url":"https:\/\/tibladin.dk\/","logo":{"@type":"ImageObject","inLanguage":"fr-FR","@id":"https:\/\/tibladin.dk\/#\/schema\/logo\/image\/","url":"https:\/\/tibladin.dk\/wp-content\/uploads\/2022\/09\/tibladin_logo.svg","contentUrl":"https:\/\/tibladin.dk\/wp-content\/uploads\/2022\/09\/tibladin_logo.svg","caption":"Tibladin"},"image":{"@id":"https:\/\/tibladin.dk\/#\/schema\/logo\/image\/"}}]}},"_links":{"self":[{"href":"https:\/\/tibladin.dk\/fr\/wp-json\/wp\/v2\/product\/9266","targetHints":{"allow":["GET"]}}],"collection":[{"href":"https:\/\/tibladin.dk\/fr\/wp-json\/wp\/v2\/product"}],"about":[{"href":"https:\/\/tibladin.dk\/fr\/wp-json\/wp\/v2\/types\/product"}],"wp:featuredmedia":[{"embeddable":true,"href":"https:\/\/tibladin.dk\/fr\/wp-json\/wp\/v2\/media\/9271"}],"wp:attachment":[{"href":"https:\/\/tibladin.dk\/fr\/wp-json\/wp\/v2\/media?parent=9266"}],"wp:term":[{"taxonomy":"product_brand","embeddable":true,"href":"https:\/\/tibladin.dk\/fr\/wp-json\/wp\/v2\/product_brand?post=9266"},{"taxonomy":"product_cat","embeddable":true,"href":"https:\/\/tibladin.dk\/fr\/wp-json\/wp\/v2\/product_cat?post=9266"},{"taxonomy":"product_tag","embeddable":true,"href":"https:\/\/tibladin.dk\/fr\/wp-json\/wp\/v2\/product_tag?post=9266"}],"curies":[{"name":"wp","href":"https:\/\/api.w.org\/{rel}","templated":true}]}}