{"id":11438,"date":"2024-03-06T16:16:50","date_gmt":"2024-03-06T15:16:50","guid":{"rendered":"https:\/\/tibladin.dk\/?page_id=11438"},"modified":"2025-10-10T11:57:36","modified_gmt":"2025-10-10T09:57:36","slug":"angrerett","status":"publish","type":"page","link":"https:\/\/tibladin.dk\/nb\/fortrydelsesret\/","title":{"rendered":"Angrerett"},"content":{"rendered":"<div class=\"wpb-content-wrapper\"><div class=\"vc_row wpb_row vc_row-fluid\"><div class=\"wpb_column vc_column_container vc_col-sm-12\"><div class=\"vc_column-inner\"><div class=\"wpb_wrapper\">\n\t<div class=\"wpb_text_column wpb_content_element\" >\n\t\t<div class=\"wpb_wrapper\">\n\t\t\t<h3>Hvis du angrer p\u00e5 kj\u00f8pet (angrerett)<\/h3>\n<p>Du har 14 dagers full angrerett n\u00e5r du handler hos Tibladin.<br \/>\nAngrefristen utl\u00f8per 14 dager etter den dagen du:<\/p>\n<ul>\n<li>har mottatt varen din<\/li>\n<li>f\u00e5r fysisk besittelse av den siste varen n\u00e5r det gjelder en avtale om flere forskjellige varer bestilt i \u00e9n bestilling og levert enkeltvis<\/li>\n<li>f\u00e5r fysisk besittelse av det siste partiet eller den siste delen i tilfelle av en avtale om levering av en vare som best\u00e5r av flere partier eller deler<\/li>\n<\/ul>\n<p>Du m\u00e5 gi Tibladin beskjed innen 14 dager etter mottakelsen om at du \u00f8nsker \u00e5 angre kj\u00f8pet.<\/p>\n<p>Varselet kan sendes via e-post til\u00a0<a href=\"mailto:info@tibladin.dk\">info@tibladin.dk, <\/a>Du kan ogs\u00e5 bruke standard angreskjema, som du finner nederst i vilk\u00e5rene og betingelsene.<\/p>\n<p>I meldingen din m\u00e5 du tydelig angi hvorfor du \u00f8nsker \u00e5 returnere varene dine.<\/p>\n<p>Du kan ikke angre ved \u00e5 nekte \u00e5 motta varene uten \u00e5 gi Tibladin tydelig varsel om dette.<\/p>\n<p><b>Angrerett p\u00e5 deler av kj\u00f8pet<br \/>\n<\/b>Hvis du har kj\u00f8pt flere varer fra oss, har du muligheten til \u00e5 returnere \u00e9n eller flere varer, selv om de ble kj\u00f8pt i \u00e9n bestilling.<br \/>\nV\u00e6r oppmerksom p\u00e5 at du ikke vil f\u00e5 refusjon for fraktkostnader dersom du angrer p\u00e5 deler av kj\u00f8pet.<\/p>\n<p>&nbsp;<\/p>\n<h3>Retur<\/h3>\n<p>Du m\u00e5 returnere bestillingen din til oss uten un\u00f8dig forsinkelse og senest 14 dager etter at du har varslet Tibladin om at du \u00f8nsker \u00e5 angre kj\u00f8pet. Du m\u00e5 selv b\u00e6re de direkte kostnadene forbundet med retur av varene.<br \/>\nVed retur er du ansvarlig for at varen er pakket forsvarlig.<br \/>\nDu b\u00e6rer risikoen for varene fra leveringstidspunktet.<\/p>\n<p><strong>Varer som er unntatt fra angreretten<br \/>\n<\/strong>Levering av varer som er produsert etter forbrukerens spesifikasjoner eller har f\u00e5tt et tydelig personlig preg.<\/p>\n<p><strong>Varens tilstand n\u00e5r du returnerer den<br \/>\n<\/strong>Du er ansvarlig for enhver verdiforringelse p\u00e5 varene som f\u00f8lge av annen h\u00e5ndtering enn det som er n\u00f8dvendig for \u00e5 fastsl\u00e5 varens art, egenskaper og funksjon. Med andre ord kan du pr\u00f8ve varene p\u00e5 samme m\u00e5te som om du pr\u00f8vde dem i en fysisk butikk.<br \/>\nDersom varen er pr\u00f8vd p\u00e5 en annen m\u00e5te enn beskrevet ovenfor, anser vi den som brukt, noe som betyr at dersom du angrer kj\u00f8pet, vil du kun f\u00e5 en del av eller ingenting av kj\u00f8pesummen tilbake, avhengig av varens kommersielle verdi.<br \/>\nFor \u00e5 f\u00e5 full refusjon m\u00e5 du gj\u00f8re det samme som du ville gjort i en fysisk butikk. Du kan pr\u00f8ve varen, men ikke faktisk bruke den.<\/p>\n<p>Vi anbefaler at du returnerer varen i originalemballasjen.<br \/>\nHvis originalemballasjen mangler, kan det f\u00f8re til en reduksjon i varens verdi.<\/p>\n<p><strong>Refusjon av kj\u00f8psbel\u00f8pet<br \/>\n<\/strong>Hvis du angrer p\u00e5 kj\u00f8pet, f\u00e5r du selvf\u00f8lgelig tilbake bel\u00f8pet du betalte. Ved verdifall som du er ansvarlig for, vil dette bli trukket fra kj\u00f8pesummen.<br \/>\nHvis du benytter deg av angreretten din, vil Tibladin refundere alle betalinger mottatt fra deg, inkludert leveringskostnader (men ikke merkostnader som f\u00f8lge av ditt eget valg av en annen leveringsmetode enn den billigste formen for standardlevering).<\/p>\n<p>Betalingen vil bli refundert uten un\u00f8dig forsinkelse og under ingen omstendigheter senere enn 14 dager fra datoen Tibladin har mottatt varsel om din beslutning om \u00e5 trekke deg fra denne avtalen. Slik refusjon vil bli gjort med samme betalingsmiddel som du brukte for den opprinnelige transaksjonen, med mindre du uttrykkelig har avtalt noe annet.<br \/>\nRefusjonen kan bli holdt tilbake inntil Tibladin har mottatt den returnerte varen, med mindre du har fremlagt dokumentasjon p\u00e5 at du har returnert den f\u00f8r da.<\/p>\n<p><strong>Hvis du angrer p\u00e5 kj\u00f8pet, m\u00e5 varen sendes til:<br \/>\n<\/strong>Tibladin<br \/>\nSkt. Knuds Torv 23<br \/>\n8000 Aarhus C<\/p>\n<p>M\u00e5 sendes til en bedriftsadresse og ikke en pakkebutikk.<\/p>\n<p><strong>Hva b\u00f8r jeg sende tilbake?<br \/>\n<\/strong>Vennligst legg ved en kopi av ordrebekreftelsen. Merk: Tibladin aksepterer ikke pakker sendt med postoppkrav.<\/p>\n<div id=\"primary\" class=\"content-area\">\n<div id=\"post-3629\" class=\"post-3629 page type-page status-publish hentry\">\n<div class=\"entry-content\">\n<p><strong><span class=\"s26\">Standard angreskjema<\/span><\/strong><\/p>\n<p><span class=\"s27\">(Dette skjemaet fylles kun ut og returneres dersom angreretten benyttes)<\/span><\/p>\n<p><span class=\"s27\">Til:<\/span><\/p>\n<p><span class=\"s27\">Tibladin<\/span><\/p>\n<p><span class=\"s27\">Skt. Knuds Torv 23<\/span><\/p>\n<p><span class=\"s27\">8000 Aarhus C<\/span><\/p>\n<p><span class=\"s27\">e-post: info@tibladin.dk<\/span><\/p>\n<p>&nbsp;<\/p>\n<p><span class=\"s27\">Jeg erkl\u00e6rer herved at jeg \u00f8nsker \u00e5 benytte meg av angreretten min i forbindelse med kj\u00f8psavtalen min for f\u00f8lgende varer\/tjenester:<\/span><\/p>\n<p><span class=\"s27\">__________________________________________________________________________________<\/span><\/p>\n<p>P\u00e5 bestillingsnummer<\/p>\n<p><span class=\"s27\">_______________________________<\/span><\/p>\n<p>&nbsp;<\/p>\n<p><span class=\"s27\">Bestilt den: _____________________________ Mottatt den: _______________________________<\/span><\/p>\n<p>&nbsp;<\/p>\n<p><span class=\"s27\">Forbrukerens navn: ______________________________________________________________________<\/span><\/p>\n<p>&nbsp;<\/p>\n<p><span class=\"s27\">Forbrukerens adresse: ___________________________________________________________________<\/span><\/p>\n<p>&nbsp;<\/p>\n<p><span class=\"s27\">Forbrukerens underskrift: _________________________________________ Dato: _________________<\/span><\/p>\n<p><span class=\"s28\">(kun hvis skjemainnholdet formidles p\u00e5 papir)<\/span><\/p>\n<p>&nbsp;<\/p>\n<p class=\"s29\"><span class=\"s20\">Vilk\u00e5rene og betingelsene ble sist oppdatert. <\/span><span class=\"s20\">den 24.10.2022<\/span><\/p>\n<p>&nbsp;<\/p>\n<\/div>\n<\/div>\n<p>&nbsp;<\/p>\n<\/div>\n\n\t\t<\/div>\n\t<\/div>\n<\/div><\/div><\/div><\/div>\n<\/div>","protected":false},"excerpt":{"rendered":"Hvis du fortryder dit k\u00f8b (fortrydelsesret) Du har 14 dages fuld fortrydelsesret, n\u00e5r du handler hos Tibladin. Fortrydelsesfristen udl\u00f8ber 14 dage efter den dag, du: har modtaget din vare f\u00e5r den sidste vare i fysisk besiddelse, n\u00e5r det drejer sig om en aftale om flere forskellige varer, som er bestilt i \u00e9n ordre, og som [...]","protected":false},"author":2,"featured_media":0,"parent":0,"menu_order":0,"comment_status":"closed","ping_status":"closed","template":"","meta":{"inline_featured_image":false,"footnotes":""},"class_list":["post-11438","page","type-page","status-publish","hentry"],"yoast_head":"<!-- This site is optimized with the Yoast SEO plugin v27.4 - https:\/\/yoast.com\/product\/yoast-seo-wordpress\/ -->\n<title>Fortrydelsesret | Hos Tibladin har de 14 dages fortrydelsesret<\/title>\n<meta name=\"description\" content=\"Fortryder du dit k\u00f8b? Ingen problem, du har 14 dages fortrydelsesret p\u00e5 dit k\u00f8b | L\u00e6s hvordan du skal forholde dig hvis du fortryder dit k\u00f8b.\" \/>\n<meta name=\"robots\" content=\"index, follow, max-snippet:-1, max-image-preview:large, max-video-preview:-1\" \/>\n<link rel=\"canonical\" href=\"https:\/\/tibladin.dk\/nb\/angrerett\/\" \/>\n<meta property=\"og:locale\" content=\"nb_NO\" \/>\n<meta property=\"og:type\" content=\"article\" \/>\n<meta property=\"og:title\" content=\"Fortrydelsesret | Hos Tibladin har de 14 dages fortrydelsesret\" \/>\n<meta property=\"og:description\" content=\"Fortryder du dit k\u00f8b? Ingen problem, du har 14 dages fortrydelsesret p\u00e5 dit k\u00f8b | L\u00e6s hvordan du skal forholde dig hvis du fortryder dit k\u00f8b.\" \/>\n<meta property=\"og:url\" content=\"https:\/\/tibladin.dk\/nb\/angrerett\/\" \/>\n<meta property=\"og:site_name\" content=\"Tibladin\" \/>\n<meta property=\"article:modified_time\" content=\"2025-10-10T09:57:36+00:00\" \/>\n<meta name=\"twitter:card\" content=\"summary_large_image\" \/>\n<meta name=\"twitter:label1\" content=\"Ansl. lesetid\" \/>\n\t<meta name=\"twitter:data1\" content=\"4 minutter\" \/>\n<script type=\"application\/ld+json\" class=\"yoast-schema-graph\">{\"@context\":\"https:\\\/\\\/schema.org\",\"@graph\":[{\"@type\":\"WebPage\",\"@id\":\"https:\\\/\\\/tibladin.dk\\\/fortrydelsesret\\\/\",\"url\":\"https:\\\/\\\/tibladin.dk\\\/fortrydelsesret\\\/\",\"name\":\"Fortrydelsesret | Hos Tibladin har de 14 dages fortrydelsesret\",\"isPartOf\":{\"@id\":\"https:\\\/\\\/tibladin.dk\\\/#website\"},\"datePublished\":\"2024-03-06T15:16:50+00:00\",\"dateModified\":\"2025-10-10T09:57:36+00:00\",\"description\":\"Fortryder du dit k\u00f8b? Ingen problem, du har 14 dages fortrydelsesret p\u00e5 dit k\u00f8b | L\u00e6s hvordan du skal forholde dig hvis du fortryder dit k\u00f8b.\",\"breadcrumb\":{\"@id\":\"https:\\\/\\\/tibladin.dk\\\/fortrydelsesret\\\/#breadcrumb\"},\"inLanguage\":\"nb-NO\",\"potentialAction\":[{\"@type\":\"ReadAction\",\"target\":[\"https:\\\/\\\/tibladin.dk\\\/fortrydelsesret\\\/\"]}]},{\"@type\":\"BreadcrumbList\",\"@id\":\"https:\\\/\\\/tibladin.dk\\\/fortrydelsesret\\\/#breadcrumb\",\"itemListElement\":[{\"@type\":\"ListItem\",\"position\":1,\"name\":\"Hjem\",\"item\":\"https:\\\/\\\/tibladin.dk\\\/\"},{\"@type\":\"ListItem\",\"position\":2,\"name\":\"Fortrydelsesret\"}]},{\"@type\":\"WebSite\",\"@id\":\"https:\\\/\\\/tibladin.dk\\\/#website\",\"url\":\"https:\\\/\\\/tibladin.dk\\\/\",\"name\":\"Tibladin\",\"description\":\"Tibladin\",\"publisher\":{\"@id\":\"https:\\\/\\\/tibladin.dk\\\/#organization\"},\"potentialAction\":[{\"@type\":\"SearchAction\",\"target\":{\"@type\":\"EntryPoint\",\"urlTemplate\":\"https:\\\/\\\/tibladin.dk\\\/?s={search_term_string}\"},\"query-input\":{\"@type\":\"PropertyValueSpecification\",\"valueRequired\":true,\"valueName\":\"search_term_string\"}}],\"inLanguage\":\"nb-NO\"},{\"@type\":\"Organization\",\"@id\":\"https:\\\/\\\/tibladin.dk\\\/#organization\",\"name\":\"Tibladin\",\"url\":\"https:\\\/\\\/tibladin.dk\\\/\",\"logo\":{\"@type\":\"ImageObject\",\"inLanguage\":\"nb-NO\",\"@id\":\"https:\\\/\\\/tibladin.dk\\\/#\\\/schema\\\/logo\\\/image\\\/\",\"url\":\"https:\\\/\\\/tibladin.dk\\\/wp-content\\\/uploads\\\/2022\\\/09\\\/tibladin_logo.svg\",\"contentUrl\":\"https:\\\/\\\/tibladin.dk\\\/wp-content\\\/uploads\\\/2022\\\/09\\\/tibladin_logo.svg\",\"caption\":\"Tibladin\"},\"image\":{\"@id\":\"https:\\\/\\\/tibladin.dk\\\/#\\\/schema\\\/logo\\\/image\\\/\"}}]}<\/script>\n<!-- \/ Yoast SEO plugin. -->","yoast_head_json":{"title":"Angrerett | Hos Tibladin har du 14 dagers angrerett.","description":"Angrer du kj\u00f8pet? Ikke noe problem, du har 14 dager p\u00e5 deg til \u00e5 angre kj\u00f8pet | Les hva du skal gj\u00f8re hvis du angrer kj\u00f8pet.","robots":{"index":"index","follow":"follow","max-snippet":"max-snippet:-1","max-image-preview":"max-image-preview:large","max-video-preview":"max-video-preview:-1"},"canonical":"https:\/\/tibladin.dk\/nb\/angrerett\/","og_locale":"nb_NO","og_type":"article","og_title":"Fortrydelsesret | Hos Tibladin har de 14 dages fortrydelsesret","og_description":"Fortryder du dit k\u00f8b? Ingen problem, du har 14 dages fortrydelsesret p\u00e5 dit k\u00f8b | L\u00e6s hvordan du skal forholde dig hvis du fortryder dit k\u00f8b.","og_url":"https:\/\/tibladin.dk\/nb\/angrerett\/","og_site_name":"Tibladin","article_modified_time":"2025-10-10T09:57:36+00:00","twitter_card":"summary_large_image","twitter_misc":{"Ansl. lesetid":"4 minutter"},"schema":{"@context":"https:\/\/schema.org","@graph":[{"@type":"WebPage","@id":"https:\/\/tibladin.dk\/fortrydelsesret\/","url":"https:\/\/tibladin.dk\/fortrydelsesret\/","name":"Angrerett | Hos Tibladin har du 14 dagers angrerett.","isPartOf":{"@id":"https:\/\/tibladin.dk\/#website"},"datePublished":"2024-03-06T15:16:50+00:00","dateModified":"2025-10-10T09:57:36+00:00","description":"Angrer du kj\u00f8pet? Ikke noe problem, du har 14 dager p\u00e5 deg til \u00e5 angre kj\u00f8pet | Les hva du skal gj\u00f8re hvis du angrer kj\u00f8pet.","breadcrumb":{"@id":"https:\/\/tibladin.dk\/fortrydelsesret\/#breadcrumb"},"inLanguage":"nb-NO","potentialAction":[{"@type":"ReadAction","target":["https:\/\/tibladin.dk\/fortrydelsesret\/"]}]},{"@type":"BreadcrumbList","@id":"https:\/\/tibladin.dk\/fortrydelsesret\/#breadcrumb","itemListElement":[{"@type":"ListItem","position":1,"name":"Hjem","item":"https:\/\/tibladin.dk\/"},{"@type":"ListItem","position":2,"name":"Fortrydelsesret"}]},{"@type":"WebSite","@id":"https:\/\/tibladin.dk\/#website","url":"https:\/\/tibladin.dk\/","name":"Tibladin","description":"Tibladin","publisher":{"@id":"https:\/\/tibladin.dk\/#organization"},"potentialAction":[{"@type":"SearchAction","target":{"@type":"EntryPoint","urlTemplate":"https:\/\/tibladin.dk\/?s={search_term_string}"},"query-input":{"@type":"PropertyValueSpecification","valueRequired":true,"valueName":"search_term_string"}}],"inLanguage":"nb-NO"},{"@type":"Organization","@id":"https:\/\/tibladin.dk\/#organization","name":"Tibladin","url":"https:\/\/tibladin.dk\/","logo":{"@type":"ImageObject","inLanguage":"nb-NO","@id":"https:\/\/tibladin.dk\/#\/schema\/logo\/image\/","url":"https:\/\/tibladin.dk\/wp-content\/uploads\/2022\/09\/tibladin_logo.svg","contentUrl":"https:\/\/tibladin.dk\/wp-content\/uploads\/2022\/09\/tibladin_logo.svg","caption":"Tibladin"},"image":{"@id":"https:\/\/tibladin.dk\/#\/schema\/logo\/image\/"}}]}},"_links":{"self":[{"href":"https:\/\/tibladin.dk\/nb\/wp-json\/wp\/v2\/pages\/11438","targetHints":{"allow":["GET"]}}],"collection":[{"href":"https:\/\/tibladin.dk\/nb\/wp-json\/wp\/v2\/pages"}],"about":[{"href":"https:\/\/tibladin.dk\/nb\/wp-json\/wp\/v2\/types\/page"}],"author":[{"embeddable":true,"href":"https:\/\/tibladin.dk\/nb\/wp-json\/wp\/v2\/users\/2"}],"replies":[{"embeddable":true,"href":"https:\/\/tibladin.dk\/nb\/wp-json\/wp\/v2\/comments?post=11438"}],"version-history":[{"count":3,"href":"https:\/\/tibladin.dk\/nb\/wp-json\/wp\/v2\/pages\/11438\/revisions"}],"predecessor-version":[{"id":40509,"href":"https:\/\/tibladin.dk\/nb\/wp-json\/wp\/v2\/pages\/11438\/revisions\/40509"}],"wp:attachment":[{"href":"https:\/\/tibladin.dk\/nb\/wp-json\/wp\/v2\/media?parent=11438"}],"curies":[{"name":"wp","href":"https:\/\/api.w.org\/{rel}","templated":true}]}}