{"id":3,"date":"2022-09-09T09:18:35","date_gmt":"2022-09-09T09:18:35","guid":{"rendered":"https:\/\/tibladin2.sky663.dk\/?page_id=3"},"modified":"2026-01-12T20:56:24","modified_gmt":"2026-01-12T19:56:24","slug":"personvernregler","status":"publish","type":"page","link":"https:\/\/tibladin.dk\/nb\/privatlivspolitik\/","title":{"rendered":"Personvernerkl\u00e6ring"},"content":{"rendered":"<div class=\"wpb-content-wrapper\"><div class=\"vc_row wpb_row vc_row-fluid\"><div class=\"wpb_column vc_column_container vc_col-sm-12\"><div class=\"vc_column-inner\"><div class=\"wpb_wrapper\">\n\t<div class=\"wpb_text_column wpb_content_element\" >\n\t\t<div class=\"wpb_wrapper\">\n\t\t\t<p><strong>Bruk av personopplysninger:<br \/>\n<\/strong>Tibladin utleverer ikke personopplysninger eller annen informasjon knyttet til kundeforholdet til tredjeparter.<\/p>\n<p><strong>Opphavsrett:<br \/>\n<\/strong>Alle bilder og tekster p\u00e5 Tibladin er underlagt opphavsrettsloven og kan derfor ikke kopieres uten tillatelse.<\/p>\n<p><strong>Informasjonskapsler<br \/>\n<\/strong>Nettstedet bruker \u201dinformasjonskapsler\u201d, som er tekstfiler som lagres p\u00e5 datamaskinen, mobiltelefonen eller lignende med det form\u00e5l \u00e5 gjenkjenne den, huske innstillinger, utf\u00f8re statistikk og m\u00e5lrette annonser. Informasjonskapsler kan ikke inneholde skadelig kode som virus.<\/p>\n<p><em>Vi tilbyr Klarnas betalingsmetoder. P\u00e5 betalingssiden sender vi dine personopplysninger og bestillingsdetaljer til Klarna. Klarna bruker disse dataene til \u00e5 avgj\u00f8re om du kan bruke betalingsmetodene deres og for \u00e5 skreddersy betalingsalternativene for deg. Dataene dine behandles i samsvar med <a href=\"https:\/\/www.pricerunner.dk\/info\/privacy\" target=\"_blank\" rel=\"noopener noreferrer\" data-saferedirecturl=\"https:\/\/www.google.com\/url?q=https:\/\/sales.klarna.com\/t\/105541\/c\/64716352-5328-4c6e-abb0-b409df9ef2c4\/NB2HI4DTHIXS653XO4XGW3DBOJXGCLTDN5WS62LOORSXE3TBORUW63TBNQXXA4TJOZQWG6JNOBXWY2LDPEXQ%3D%3D%3D%3D\/www-klarna-com-international-privacy-policy&amp;source=gmail&amp;ust=1695453429463000&amp;usg=AOvVaw2scYnEMBzeYutsMo38aW5p\">Klarnas egen personvernerkl\u00e6ring<\/a>.\u201d<\/em><\/p>\n<div id=\"ohio-custom-63442bf7c10c6\" class=\"ohio-text-sc\">\n<h3>Personopplysninger<\/h3>\n<p><strong>Generelt<br \/>\n<\/strong>Personopplysninger er all slags informasjon som i en viss grad kan henf\u00f8res til deg. N\u00e5r du bruker tibladin.dk, samler vi inn og behandler en rekke slike opplysninger. Dette skjer for eksempel n\u00e5r du generelt sett f\u00e5r tilgang til innhold, hvis du abonnerer p\u00e5 nyhetsbrevet v\u00e5rt eller foretar et kj\u00f8p i nettbutikken.<\/p>\n<p><strong>Sikkerhet<br \/>\n<\/strong>Vi har tatt tekniske og organisatoriske tiltak for \u00e5 forhindre at informasjonen din utilsiktet eller ulovlig blir slettet, publisert, mistet, forringet eller gjort tilgjengelig for uvedkommende, misbrukt eller p\u00e5 annen m\u00e5te behandlet i strid med personvernforordningen.<\/p>\n<p>Dataene dine er lagret p\u00e5 et dansk ISO-sikkerhetssertifisert webhotell, og vi har ogs\u00e5 beskyttet nettstedet p\u00e5 f\u00f8lgende m\u00e5ter:<\/p>\n<ul>\n<li>Driftsoverv\u00e5king d\u00f8gnet rundt<\/li>\n<li>Daglig sikkerhetskopi lagret i 30 dager<\/li>\n<li>Anti-hacking-programvare installert p\u00e5 nettstedet\/nettbutikken, og nettstedet skannes ukentlig for skadelig programvare<\/li>\n<li>Tilgang til siden og dataene overv\u00e5kes, og tilgangen blokkeres etter 5 mislykkede fors\u00f8k.<\/li>\n<li>Revisjonslogg over hvem\/hva\/n\u00e5r endringer har blitt gjort p\u00e5 siden<\/li>\n<li>Kontinuerlig oppdatering av nettstedets programvare for \u00e5 minimere hackingangrep<\/li>\n<li>SSL-sertifikat lagt til siden slik at den kj\u00f8rer https<\/li>\n<\/ul>\n<p><strong>Lagringsperiode<br \/>\n<\/strong>Informasjonen lagres i den perioden som er tillatt ved lov, og vi sletter den n\u00e5r den ikke lenger er n\u00f8dvendig. Perioden avhenger av informasjonens art og \u00e5rsaken til lagringen. Det er derfor ikke mulig \u00e5 angi en generell tidsramme for n\u00e5r informasjon slettes.<\/p>\n<p><strong>Offentliggj\u00f8ring av informasjon<br \/>\n<\/strong>Utlevering av personopplysninger som navn og e-post osv. vil kun skje dersom du gir skriftlig samtykke til det. Vi bruker kun databehandlere i EU, og alle disse har en databehandleravtale.<\/p>\n<p><strong>Innsikt og klager<br \/>\n<\/strong>Du har rett til \u00e5 bli informert om hvilke personopplysninger vi behandler om deg. Du kan ogs\u00e5 n\u00e5r som helst protestere mot bruken av opplysningene. Du kan ogs\u00e5 tilbakekalle ditt samtykke til behandling av opplysninger om deg. Hvis opplysningene som behandles om deg er feil, har du rett til \u00e5 f\u00e5 dem rettet eller slettet. Henvendelser om dette kan rettes til: info@tibladin.dk. Hvis du vil klage p\u00e5 v\u00e5r behandling av dine personopplysninger, har du ogs\u00e5 muligheten til \u00e5 kontakte <a href=\"https:\/\/www.datatilsynet.dk\/\" target=\"_blank\" rel=\"noopener noreferrer\">Datatilsynet<\/a>.<\/p>\n<p><strong>Forlegger<br \/>\n<\/strong>Nettstedet eies og publiseres av:<\/p>\n<p>Tibladin<br \/>\n<a href=\"https:\/\/www.google.dk\/maps\/place\/Tibladin\/@56.1033852,10.2051637,17z\/data=!3m1!4b1!4m5!3m4!1s0x464c41877375fc0f:0x2f5598dce0fcea1a!8m2!3d56.1033852!4d10.2073524\" target=\"_blank\" rel=\"noopener\">Siriusvej 5 A, 8270 H\u00f8jbjerg<\/a><br \/>\n<a href=\"mailto:info@tibladin.dk\">info@tibladin.dk<\/a><br \/>\n<a href=\"tel:31405500\">+45 3140 5500<\/a><\/p>\n<p>CVR: 40875743<\/p>\n<\/div>\n<p><a href=\"https:\/\/reklamebeskyttelse.dk\" target=\"_blank\" rel=\"noopener\"><img loading=\"lazy\" decoding=\"async\" src=\"https:\/\/reklamebeskyttelse.dk\/wp-content\/uploads\/2018\/02\/reklamebeskyttelse-moerk.png\" alt=\"Reklamebeskyttelse\" width=\"75\" height=\"75\" \/><\/a><\/p>\n\n\t\t<\/div>\n\t<\/div>\n<\/div><\/div><\/div><\/div>\n<\/div>","protected":false},"excerpt":{"rendered":"Brug af personlige oplysninger: Tibladin videregiver ikke personlige oplysninger eller andre oplysninger, der har med kundeforholdet at g\u00f8re, til tredjepart. Ophavsret: Alle billeder og tekster p\u00e5 Tibladin er underlagt lov om ophavsret, og m\u00e5 derfor ikke kopieres uden tilladelse. Cookies Websitet anvender \u201dcookies\u201d, der er en tekstfil, som gemmes p\u00e5 din computer, mobil eller tilsvarende [...]","protected":false},"author":1,"featured_media":0,"parent":0,"menu_order":0,"comment_status":"closed","ping_status":"closed","template":"","meta":{"inline_featured_image":false,"footnotes":""},"class_list":["post-3","page","type-page","status-publish","hentry"],"yoast_head":"<!-- This site is optimized with the Yoast SEO plugin v27.4 - https:\/\/yoast.com\/product\/yoast-seo-wordpress\/ -->\n<title>Privatlivspolitik | Tibladin<\/title>\n<meta name=\"description\" content=\"L\u00e6s om hvordan vi opbevarer og beskytter jeres data, n\u00e5r I har med Tibladin. Sikkerhed og beskyttelse af data er altid en prioritet for os\" \/>\n<meta name=\"robots\" content=\"index, follow, max-snippet:-1, max-image-preview:large, max-video-preview:-1\" \/>\n<link rel=\"canonical\" href=\"https:\/\/tibladin.dk\/nb\/personvernregler\/\" \/>\n<meta property=\"og:locale\" content=\"nb_NO\" \/>\n<meta property=\"og:type\" content=\"article\" \/>\n<meta property=\"og:title\" content=\"Privatlivspolitik | Tibladin\" \/>\n<meta property=\"og:description\" content=\"L\u00e6s om hvordan vi opbevarer og beskytter jeres data, n\u00e5r I har med Tibladin. Sikkerhed og beskyttelse af data er altid en prioritet for os\" \/>\n<meta property=\"og:url\" content=\"https:\/\/tibladin.dk\/nb\/personvernregler\/\" \/>\n<meta property=\"og:site_name\" content=\"Tibladin\" \/>\n<meta property=\"article:modified_time\" content=\"2026-01-12T19:56:24+00:00\" \/>\n<meta property=\"og:image\" content=\"https:\/\/reklamebeskyttelse.dk\/wp-content\/uploads\/2018\/02\/reklamebeskyttelse-moerk.png\" \/>\n<meta name=\"twitter:card\" content=\"summary_large_image\" \/>\n<meta name=\"twitter:label1\" content=\"Ansl. lesetid\" \/>\n\t<meta name=\"twitter:data1\" content=\"3 minutter\" \/>\n<script type=\"application\/ld+json\" class=\"yoast-schema-graph\">{\"@context\":\"https:\\\/\\\/schema.org\",\"@graph\":[{\"@type\":\"WebPage\",\"@id\":\"https:\\\/\\\/tibladin.dk\\\/privatlivspolitik\\\/\",\"url\":\"https:\\\/\\\/tibladin.dk\\\/privatlivspolitik\\\/\",\"name\":\"Privatlivspolitik | Tibladin\",\"isPartOf\":{\"@id\":\"https:\\\/\\\/tibladin.dk\\\/#website\"},\"primaryImageOfPage\":{\"@id\":\"https:\\\/\\\/tibladin.dk\\\/privatlivspolitik\\\/#primaryimage\"},\"image\":{\"@id\":\"https:\\\/\\\/tibladin.dk\\\/privatlivspolitik\\\/#primaryimage\"},\"thumbnailUrl\":\"https:\\\/\\\/reklamebeskyttelse.dk\\\/wp-content\\\/uploads\\\/2018\\\/02\\\/reklamebeskyttelse-moerk.png\",\"datePublished\":\"2022-09-09T09:18:35+00:00\",\"dateModified\":\"2026-01-12T19:56:24+00:00\",\"description\":\"L\u00e6s om hvordan vi opbevarer og beskytter jeres data, n\u00e5r I har med Tibladin. Sikkerhed og beskyttelse af data er altid en prioritet for os\",\"breadcrumb\":{\"@id\":\"https:\\\/\\\/tibladin.dk\\\/privatlivspolitik\\\/#breadcrumb\"},\"inLanguage\":\"nb-NO\",\"potentialAction\":[{\"@type\":\"ReadAction\",\"target\":[\"https:\\\/\\\/tibladin.dk\\\/privatlivspolitik\\\/\"]}]},{\"@type\":\"ImageObject\",\"inLanguage\":\"nb-NO\",\"@id\":\"https:\\\/\\\/tibladin.dk\\\/privatlivspolitik\\\/#primaryimage\",\"url\":\"https:\\\/\\\/reklamebeskyttelse.dk\\\/wp-content\\\/uploads\\\/2018\\\/02\\\/reklamebeskyttelse-moerk.png\",\"contentUrl\":\"https:\\\/\\\/reklamebeskyttelse.dk\\\/wp-content\\\/uploads\\\/2018\\\/02\\\/reklamebeskyttelse-moerk.png\"},{\"@type\":\"BreadcrumbList\",\"@id\":\"https:\\\/\\\/tibladin.dk\\\/privatlivspolitik\\\/#breadcrumb\",\"itemListElement\":[{\"@type\":\"ListItem\",\"position\":1,\"name\":\"Hjem\",\"item\":\"https:\\\/\\\/tibladin.dk\\\/\"},{\"@type\":\"ListItem\",\"position\":2,\"name\":\"Privatlivspolitik\"}]},{\"@type\":\"WebSite\",\"@id\":\"https:\\\/\\\/tibladin.dk\\\/#website\",\"url\":\"https:\\\/\\\/tibladin.dk\\\/\",\"name\":\"Tibladin\",\"description\":\"Tibladin\",\"publisher\":{\"@id\":\"https:\\\/\\\/tibladin.dk\\\/#organization\"},\"potentialAction\":[{\"@type\":\"SearchAction\",\"target\":{\"@type\":\"EntryPoint\",\"urlTemplate\":\"https:\\\/\\\/tibladin.dk\\\/?s={search_term_string}\"},\"query-input\":{\"@type\":\"PropertyValueSpecification\",\"valueRequired\":true,\"valueName\":\"search_term_string\"}}],\"inLanguage\":\"nb-NO\"},{\"@type\":\"Organization\",\"@id\":\"https:\\\/\\\/tibladin.dk\\\/#organization\",\"name\":\"Tibladin\",\"url\":\"https:\\\/\\\/tibladin.dk\\\/\",\"logo\":{\"@type\":\"ImageObject\",\"inLanguage\":\"nb-NO\",\"@id\":\"https:\\\/\\\/tibladin.dk\\\/#\\\/schema\\\/logo\\\/image\\\/\",\"url\":\"https:\\\/\\\/tibladin.dk\\\/wp-content\\\/uploads\\\/2022\\\/09\\\/tibladin_logo.svg\",\"contentUrl\":\"https:\\\/\\\/tibladin.dk\\\/wp-content\\\/uploads\\\/2022\\\/09\\\/tibladin_logo.svg\",\"caption\":\"Tibladin\"},\"image\":{\"@id\":\"https:\\\/\\\/tibladin.dk\\\/#\\\/schema\\\/logo\\\/image\\\/\"}}]}<\/script>\n<!-- \/ Yoast SEO plugin. -->","yoast_head_json":{"title":"Personvernerkl\u00e6ring | Tibladin","description":"Les om hvordan vi lagrer og beskytter dataene dine n\u00e5r du bruker Tibladin. Sikkerhet og databeskyttelse er alltid en prioritet for oss.","robots":{"index":"index","follow":"follow","max-snippet":"max-snippet:-1","max-image-preview":"max-image-preview:large","max-video-preview":"max-video-preview:-1"},"canonical":"https:\/\/tibladin.dk\/nb\/personvernregler\/","og_locale":"nb_NO","og_type":"article","og_title":"Privatlivspolitik | Tibladin","og_description":"L\u00e6s om hvordan vi opbevarer og beskytter jeres data, n\u00e5r I har med Tibladin. Sikkerhed og beskyttelse af data er altid en prioritet for os","og_url":"https:\/\/tibladin.dk\/nb\/personvernregler\/","og_site_name":"Tibladin","article_modified_time":"2026-01-12T19:56:24+00:00","og_image":[{"url":"https:\/\/reklamebeskyttelse.dk\/wp-content\/uploads\/2018\/02\/reklamebeskyttelse-moerk.png","type":"","width":"","height":""}],"twitter_card":"summary_large_image","twitter_misc":{"Ansl. lesetid":"3 minutter"},"schema":{"@context":"https:\/\/schema.org","@graph":[{"@type":"WebPage","@id":"https:\/\/tibladin.dk\/privatlivspolitik\/","url":"https:\/\/tibladin.dk\/privatlivspolitik\/","name":"Personvernerkl\u00e6ring | Tibladin","isPartOf":{"@id":"https:\/\/tibladin.dk\/#website"},"primaryImageOfPage":{"@id":"https:\/\/tibladin.dk\/privatlivspolitik\/#primaryimage"},"image":{"@id":"https:\/\/tibladin.dk\/privatlivspolitik\/#primaryimage"},"thumbnailUrl":"https:\/\/reklamebeskyttelse.dk\/wp-content\/uploads\/2018\/02\/reklamebeskyttelse-moerk.png","datePublished":"2022-09-09T09:18:35+00:00","dateModified":"2026-01-12T19:56:24+00:00","description":"Les om hvordan vi lagrer og beskytter dataene dine n\u00e5r du bruker Tibladin. Sikkerhet og databeskyttelse er alltid en prioritet for oss.","breadcrumb":{"@id":"https:\/\/tibladin.dk\/privatlivspolitik\/#breadcrumb"},"inLanguage":"nb-NO","potentialAction":[{"@type":"ReadAction","target":["https:\/\/tibladin.dk\/privatlivspolitik\/"]}]},{"@type":"ImageObject","inLanguage":"nb-NO","@id":"https:\/\/tibladin.dk\/privatlivspolitik\/#primaryimage","url":"https:\/\/reklamebeskyttelse.dk\/wp-content\/uploads\/2018\/02\/reklamebeskyttelse-moerk.png","contentUrl":"https:\/\/reklamebeskyttelse.dk\/wp-content\/uploads\/2018\/02\/reklamebeskyttelse-moerk.png"},{"@type":"BreadcrumbList","@id":"https:\/\/tibladin.dk\/privatlivspolitik\/#breadcrumb","itemListElement":[{"@type":"ListItem","position":1,"name":"Hjem","item":"https:\/\/tibladin.dk\/"},{"@type":"ListItem","position":2,"name":"Privatlivspolitik"}]},{"@type":"WebSite","@id":"https:\/\/tibladin.dk\/#website","url":"https:\/\/tibladin.dk\/","name":"Tibladin","description":"Tibladin","publisher":{"@id":"https:\/\/tibladin.dk\/#organization"},"potentialAction":[{"@type":"SearchAction","target":{"@type":"EntryPoint","urlTemplate":"https:\/\/tibladin.dk\/?s={search_term_string}"},"query-input":{"@type":"PropertyValueSpecification","valueRequired":true,"valueName":"search_term_string"}}],"inLanguage":"nb-NO"},{"@type":"Organization","@id":"https:\/\/tibladin.dk\/#organization","name":"Tibladin","url":"https:\/\/tibladin.dk\/","logo":{"@type":"ImageObject","inLanguage":"nb-NO","@id":"https:\/\/tibladin.dk\/#\/schema\/logo\/image\/","url":"https:\/\/tibladin.dk\/wp-content\/uploads\/2022\/09\/tibladin_logo.svg","contentUrl":"https:\/\/tibladin.dk\/wp-content\/uploads\/2022\/09\/tibladin_logo.svg","caption":"Tibladin"},"image":{"@id":"https:\/\/tibladin.dk\/#\/schema\/logo\/image\/"}}]}},"_links":{"self":[{"href":"https:\/\/tibladin.dk\/nb\/wp-json\/wp\/v2\/pages\/3","targetHints":{"allow":["GET"]}}],"collection":[{"href":"https:\/\/tibladin.dk\/nb\/wp-json\/wp\/v2\/pages"}],"about":[{"href":"https:\/\/tibladin.dk\/nb\/wp-json\/wp\/v2\/types\/page"}],"author":[{"embeddable":true,"href":"https:\/\/tibladin.dk\/nb\/wp-json\/wp\/v2\/users\/1"}],"replies":[{"embeddable":true,"href":"https:\/\/tibladin.dk\/nb\/wp-json\/wp\/v2\/comments?post=3"}],"version-history":[{"count":11,"href":"https:\/\/tibladin.dk\/nb\/wp-json\/wp\/v2\/pages\/3\/revisions"}],"predecessor-version":[{"id":42911,"href":"https:\/\/tibladin.dk\/nb\/wp-json\/wp\/v2\/pages\/3\/revisions\/42911"}],"wp:attachment":[{"href":"https:\/\/tibladin.dk\/nb\/wp-json\/wp\/v2\/media?parent=3"}],"curies":[{"name":"wp","href":"https:\/\/api.w.org\/{rel}","templated":true}]}}