{"id":34316,"date":"2025-01-27T12:46:39","date_gmt":"2025-01-27T11:46:39","guid":{"rendered":"https:\/\/tibladin.dk\/?page_id=34316"},"modified":"2025-06-20T14:48:57","modified_gmt":"2025-06-20T12:48:57","slug":"baerekraftig-produksjon","status":"publish","type":"page","link":"https:\/\/tibladin.dk\/nb\/baeredygtig-produktion\/","title":{"rendered":"B\u00e6rekraftig produksjon"},"content":{"rendered":"<div class=\"wpb-content-wrapper\"><section data-vc-full-width=\"true\" data-vc-full-width-temp=\"true\" data-vc-full-width-init=\"false\" class=\"vc_section vc_custom_1666001388259 vc_section-has-fill vc_row-o-full-height vc_section-o-content-middle vc_section-flex\"><div class=\"vc_row wpb_row vc_row-fluid\"><div class=\"wpb_column vc_column_container vc_col-sm-12\"><div class=\"vc_column-inner\"><div class=\"wpb_wrapper\"><h1 style=\"font-size: 4rem;color: #ffffff;text-align: center\" class=\"vc_custom_heading vc_do_custom_heading vc_custom_1737542298165\" >B\u00e6rekraftig produksjon<\/h1><\/div><\/div><\/div><\/div><\/section><div class=\"vc_row-full-width vc_clearfix\"><\/div><div class=\"vc_row wpb_row vc_row-fluid max-width-col vc_custom_1698923591576\"><div class=\"wpb_column vc_column_container vc_col-sm-12\"><div class=\"vc_column-inner\"><div class=\"wpb_wrapper\"><h2 style=\"text-align: center\" class=\"vc_custom_heading vc_do_custom_heading\" >Hos Tibladin er vi stolte av v\u00e5rt fokus p\u00e5 unikt h\u00e5ndverk. Utforsk og l\u00e6r mer om hvordan produktene v\u00e5re produseres og hvordan vi tar samfunnsansvar.<\/h2><\/div><\/div><\/div><\/div><div class=\"vc_row wpb_row vc_row-fluid\"><div class=\"wpb_column vc_column_container vc_col-sm-6\"><div class=\"vc_column-inner\"><div class=\"wpb_wrapper\">\n\t<div  class=\"wpb_single_image wpb_content_element vc_align_center wpb_content_element\">\n\t\t\n\t\t<figure class=\"wpb_wrapper vc_figure\">\n\t\t\t<a href=\"http:\/\/tibladin.dk\/nb\/produksjonen-av-vaart-beldi-glass\/\" target=\"_self\" class=\"vc_single_image-wrapper   vc_box_border_grey\"><img decoding=\"async\" class=\"vc_single_image-img\" src=\"https:\/\/tibladin.dk\/wp-content\/uploads\/2025\/01\/Beldi-glas_produktion_3.jpg\" width=\"800\" height=\"800\" alt=\"Beldi-glassproduksjonskvinne\" title=\"Beldi-glass_produksjon_3\" loading=\"lazy\" \/><\/a>\n\t\t<\/figure>\n\t<\/div>\n<h2 style=\"text-align: left\" class=\"vc_custom_heading vc_do_custom_heading\" ><a href=\"https:\/\/tibladin.dk\/nb\/produksjonen-av-vaart-beldi-glass\/\" title=\"Produksjonen av v\u00e5rt beldi-glass\">Beldi-glass<\/a><\/h2>\n\t<div class=\"wpb_text_column wpb_content_element\" >\n\t\t<div class=\"wpb_wrapper\">\n\t\t\t<div class=\"flex-shrink-0 flex flex-col relative items-end\">\n<div>\n<div class=\"pt-0\">\n<div class=\"gizmo-bot-avatar flex h-8 w-8 items-center justify-center overflow-hidden rounded-full\">\n<div class=\"relative p-1 rounded-sm flex items-center justify-center bg-token-main-surface-primary text-token-text-primary h-8 w-8\">Beldi-glass er h\u00e5ndlaget i Marokko av 100% resirkulert glass, som samles inn i Marrakech, smeltes om og munnbl\u00e5ses til unike glass. De sm\u00e5 ujevnhetene, luftboblene og variasjonene i tykkelse og farge gj\u00f8r hvert glass unikt og fullt av personlighet. L\u00e6r mer om produksjonen av Beldi-glass.<\/div>\n<\/div>\n<\/div>\n<\/div>\n<\/div>\n\n\t\t<\/div>\n\t<\/div>\n<\/div><\/div><\/div><div class=\"wpb_column vc_column_container vc_col-sm-6\"><div class=\"vc_column-inner\"><div class=\"wpb_wrapper\">\n\t<div  class=\"wpb_single_image wpb_content_element vc_align_center wpb_content_element\">\n\t\t\n\t\t<figure class=\"wpb_wrapper vc_figure\">\n\t\t\t<a href=\"https:\/\/tibladin.dk\/nb\/kvinnekooperativ\/\" target=\"_self\" class=\"vc_single_image-wrapper   vc_box_border_grey\"><img decoding=\"async\" class=\"vc_single_image-img\" src=\"https:\/\/tibladin.dk\/wp-content\/uploads\/2025\/01\/Vaevning_kvindekooperativ_8-800x800.jpg\" width=\"800\" height=\"800\" alt=\"Veving_kvinnekooperativ_p\u00e5 jobb\" title=\"Veving_kvinnekooperativ_8\" loading=\"lazy\" \/><\/a>\n\t\t<\/figure>\n\t<\/div>\n<h2 style=\"text-align: left\" class=\"vc_custom_heading vc_do_custom_heading\" ><a href=\"https:\/\/tibladin.dk\/nb\/kvinnekooperativ\/\" title=\"Kvinnekooperativ\">Kvinnekooperativ<\/a><\/h2>\n\t<div class=\"wpb_text_column wpb_content_element\" >\n\t\t<div class=\"wpb_wrapper\">\n\t\t\t<p>Tibladin samarbeider med kvinnekooperativer i Marokko for \u00e5 styrke kvinner gjennom \u00f8konomisk uavhengighet og b\u00e6rekraftige muligheter. L\u00e6r mer om arbeidet v\u00e5rt med kvinnekooperativer.<\/p>\n\n\t\t<\/div>\n\t<\/div>\n<\/div><\/div><\/div><\/div><div class=\"vc_row wpb_row vc_row-fluid\"><div class=\"wpb_column vc_column_container vc_col-sm-6\"><div class=\"vc_column-inner\"><div class=\"wpb_wrapper\">\n\t<div  class=\"wpb_single_image wpb_content_element vc_align_left wpb_content_element\">\n\t\t\n\t\t<figure class=\"wpb_wrapper vc_figure\">\n\t\t\t<a href=\"https:\/\/tibladin.dk\/nb\/produksjonen-av-vaar-keramikk\/\" target=\"_self\" class=\"vc_single_image-wrapper   vc_box_border_grey\"><img decoding=\"async\" class=\"vc_single_image-img\" src=\"https:\/\/tibladin.dk\/wp-content\/uploads\/2025\/01\/keramik_10.jpg\" width=\"800\" height=\"800\" alt=\"Marokkansk keramikk i solen\" title=\"keramikk_10\" loading=\"lazy\" \/><\/a>\n\t\t<\/figure>\n\t<\/div>\n<h2 style=\"text-align: left\" class=\"vc_custom_heading vc_do_custom_heading\" ><a href=\"https:\/\/tibladin.dk\/nb\/produksjonen-av-vaar-keramikk\/\" title=\"Produksjon av v\u00e5r keramikk\">Keramikk<\/a><\/h2>\n\t<div class=\"wpb_text_column wpb_content_element\" >\n\t\t<div class=\"wpb_wrapper\">\n\t\t\t<p>Tibladin samarbeider med dyktige keramikere for \u00e5 skape unike kolleksjoner av steint\u00f8y og keramikk. Vi kombinerer v\u00e5re egne design med h\u00e5ndplukket marokkansk keramikk, inkludert fargerike m\u00f8nstre og den karakteristiske Tamegroute, for \u00e5 tilby en variert og autentisk stil. L\u00e6r mer om produksjonen av keramikken v\u00e5r.<\/p>\n\n\t\t<\/div>\n\t<\/div>\n<\/div><\/div><\/div><div class=\"wpb_column vc_column_container vc_col-sm-6\"><div class=\"vc_column-inner\"><div class=\"wpb_wrapper\">\n\t<div  class=\"wpb_single_image wpb_content_element vc_align_left wpb_content_element\">\n\t\t\n\t\t<figure class=\"wpb_wrapper vc_figure\">\n\t\t\t<a href=\"https:\/\/tibladin.dk\/nb\/produksjonen-av-teppene-og-putene-vaare\/\" target=\"_self\" class=\"vc_single_image-wrapper   vc_box_border_grey\"><img decoding=\"async\" class=\"vc_single_image-img\" src=\"https:\/\/tibladin.dk\/wp-content\/uploads\/2025\/01\/Taepper-og-puder_30.jpg\" width=\"800\" height=\"800\" alt=\"Teppe i produksjon. Veving.\" title=\"Tepper-og-puter_30\" loading=\"lazy\" \/><\/a>\n\t\t<\/figure>\n\t<\/div>\n<h2 style=\"text-align: left\" class=\"vc_custom_heading vc_do_custom_heading\" ><a href=\"https:\/\/tibladin.dk\/nb\/produksjonen-av-teppene-og-putene-vaare\/\" title=\"Produksjonen av v\u00e5re tepper og puter\">Tepper og puter<\/a><\/h2>\n\t<div class=\"wpb_text_column wpb_content_element\" >\n\t\t<div class=\"wpb_wrapper\">\n\t\t\t<p>Hos Tibladin h\u00e5ndplukker vi alle teppene v\u00e5re, alt fra Beni Ouarain og Boucherouite til vintage Berber-tepper og kelim-tepper. Vakre vintage-tepper med feil f\u00e5r nytt liv som unike, h\u00e5ndsydde puter. L\u00e6r mer om v\u00e5re unike tepper og puter.<\/p>\n\n\t\t<\/div>\n\t<\/div>\n<\/div><\/div><\/div><\/div>\n<\/div>","protected":false},"excerpt":{"rendered":"B\u00e6redygtig produktionHos Tibladin er vi stolte af vores fokus p\u00e5 det unikke h\u00e5ndv\u00e6rk. G\u00e5 p\u00e5 opdagelse, og bliv klogere p\u00e5, hvordan vores produkter produceres og hvordan vi tager socialt ansvar Beldi glas Beldi glas er h\u00e5ndlavet i Marokko af 100% genbrugsglas, som indsamles i Marrakech, omsmeltes og mundbl\u00e6ses til unikke glas. De sm\u00e5 uj\u00e6vnheder, luftbobler [...]","protected":false},"author":2,"featured_media":0,"parent":0,"menu_order":0,"comment_status":"closed","ping_status":"closed","template":"template-fullwidth-no-heading.php","meta":{"inline_featured_image":false,"footnotes":""},"class_list":["post-34316","page","type-page","status-publish","hentry"],"yoast_head":"<!-- This site is optimized with the Yoast SEO plugin v27.4 - https:\/\/yoast.com\/product\/yoast-seo-wordpress\/ -->\n<title>B\u00e6redygtig produktion | Produktion og Socialt Ansvar. Vores Fokus<\/title>\n<meta name=\"description\" content=\"Tibladin t\u00e6nker b\u00e6redygtighed ind i hele forsyningsk\u00e6den. Materialerne skal altid v\u00e6re naturlige og \u00f8kologiske. L\u00e6s mere her.\" \/>\n<meta name=\"robots\" content=\"index, follow, max-snippet:-1, max-image-preview:large, max-video-preview:-1\" \/>\n<link rel=\"canonical\" href=\"https:\/\/tibladin.dk\/nb\/baerekraftig-produksjon\/\" \/>\n<meta property=\"og:locale\" content=\"nb_NO\" \/>\n<meta property=\"og:type\" content=\"article\" \/>\n<meta property=\"og:title\" content=\"B\u00e6redygtig produktion | Produktion og Socialt Ansvar. Vores Fokus\" \/>\n<meta property=\"og:description\" content=\"Tibladin t\u00e6nker b\u00e6redygtighed ind i hele forsyningsk\u00e6den. Materialerne skal altid v\u00e6re naturlige og \u00f8kologiske. L\u00e6s mere her.\" \/>\n<meta property=\"og:url\" content=\"https:\/\/tibladin.dk\/nb\/baerekraftig-produksjon\/\" \/>\n<meta property=\"og:site_name\" content=\"Tibladin\" \/>\n<meta property=\"article:modified_time\" content=\"2025-06-20T12:48:57+00:00\" \/>\n<meta name=\"twitter:card\" content=\"summary_large_image\" \/>\n<meta name=\"twitter:label1\" content=\"Ansl. lesetid\" \/>\n\t<meta name=\"twitter:data1\" content=\"2 minutter\" \/>\n<script type=\"application\/ld+json\" class=\"yoast-schema-graph\">{\"@context\":\"https:\\\/\\\/schema.org\",\"@graph\":[{\"@type\":\"WebPage\",\"@id\":\"https:\\\/\\\/tibladin.dk\\\/baeredygtig-produktion\\\/\",\"url\":\"https:\\\/\\\/tibladin.dk\\\/baeredygtig-produktion\\\/\",\"name\":\"B\u00e6redygtig produktion | Produktion og Socialt Ansvar. Vores Fokus\",\"isPartOf\":{\"@id\":\"https:\\\/\\\/tibladin.dk\\\/#website\"},\"datePublished\":\"2025-01-27T11:46:39+00:00\",\"dateModified\":\"2025-06-20T12:48:57+00:00\",\"description\":\"Tibladin t\u00e6nker b\u00e6redygtighed ind i hele forsyningsk\u00e6den. Materialerne skal altid v\u00e6re naturlige og \u00f8kologiske. L\u00e6s mere her.\",\"breadcrumb\":{\"@id\":\"https:\\\/\\\/tibladin.dk\\\/baeredygtig-produktion\\\/#breadcrumb\"},\"inLanguage\":\"nb-NO\",\"potentialAction\":[{\"@type\":\"ReadAction\",\"target\":[\"https:\\\/\\\/tibladin.dk\\\/baeredygtig-produktion\\\/\"]}]},{\"@type\":\"BreadcrumbList\",\"@id\":\"https:\\\/\\\/tibladin.dk\\\/baeredygtig-produktion\\\/#breadcrumb\",\"itemListElement\":[{\"@type\":\"ListItem\",\"position\":1,\"name\":\"Hjem\",\"item\":\"https:\\\/\\\/tibladin.dk\\\/\"},{\"@type\":\"ListItem\",\"position\":2,\"name\":\"B\u00e6redygtig produktion\"}]},{\"@type\":\"WebSite\",\"@id\":\"https:\\\/\\\/tibladin.dk\\\/#website\",\"url\":\"https:\\\/\\\/tibladin.dk\\\/\",\"name\":\"Tibladin\",\"description\":\"Tibladin\",\"publisher\":{\"@id\":\"https:\\\/\\\/tibladin.dk\\\/#organization\"},\"potentialAction\":[{\"@type\":\"SearchAction\",\"target\":{\"@type\":\"EntryPoint\",\"urlTemplate\":\"https:\\\/\\\/tibladin.dk\\\/?s={search_term_string}\"},\"query-input\":{\"@type\":\"PropertyValueSpecification\",\"valueRequired\":true,\"valueName\":\"search_term_string\"}}],\"inLanguage\":\"nb-NO\"},{\"@type\":\"Organization\",\"@id\":\"https:\\\/\\\/tibladin.dk\\\/#organization\",\"name\":\"Tibladin\",\"url\":\"https:\\\/\\\/tibladin.dk\\\/\",\"logo\":{\"@type\":\"ImageObject\",\"inLanguage\":\"nb-NO\",\"@id\":\"https:\\\/\\\/tibladin.dk\\\/#\\\/schema\\\/logo\\\/image\\\/\",\"url\":\"https:\\\/\\\/tibladin.dk\\\/wp-content\\\/uploads\\\/2022\\\/09\\\/tibladin_logo.svg\",\"contentUrl\":\"https:\\\/\\\/tibladin.dk\\\/wp-content\\\/uploads\\\/2022\\\/09\\\/tibladin_logo.svg\",\"caption\":\"Tibladin\"},\"image\":{\"@id\":\"https:\\\/\\\/tibladin.dk\\\/#\\\/schema\\\/logo\\\/image\\\/\"}}]}<\/script>\n<!-- \/ Yoast SEO plugin. -->","yoast_head_json":{"title":"B\u00e6rekraftig produksjon | Produksjon og samfunnsansvar. V\u00e5rt fokus","description":"Tibladin vurderer b\u00e6rekraft gjennom hele forsyningskjeden. Materialene m\u00e5 alltid v\u00e6re naturlige og \u00f8kologiske. Les mer her.","robots":{"index":"index","follow":"follow","max-snippet":"max-snippet:-1","max-image-preview":"max-image-preview:large","max-video-preview":"max-video-preview:-1"},"canonical":"https:\/\/tibladin.dk\/nb\/baerekraftig-produksjon\/","og_locale":"nb_NO","og_type":"article","og_title":"B\u00e6redygtig produktion | Produktion og Socialt Ansvar. Vores Fokus","og_description":"Tibladin t\u00e6nker b\u00e6redygtighed ind i hele forsyningsk\u00e6den. Materialerne skal altid v\u00e6re naturlige og \u00f8kologiske. L\u00e6s mere her.","og_url":"https:\/\/tibladin.dk\/nb\/baerekraftig-produksjon\/","og_site_name":"Tibladin","article_modified_time":"2025-06-20T12:48:57+00:00","twitter_card":"summary_large_image","twitter_misc":{"Ansl. lesetid":"2 minutter"},"schema":{"@context":"https:\/\/schema.org","@graph":[{"@type":"WebPage","@id":"https:\/\/tibladin.dk\/baeredygtig-produktion\/","url":"https:\/\/tibladin.dk\/baeredygtig-produktion\/","name":"B\u00e6rekraftig produksjon | Produksjon og samfunnsansvar. V\u00e5rt fokus","isPartOf":{"@id":"https:\/\/tibladin.dk\/#website"},"datePublished":"2025-01-27T11:46:39+00:00","dateModified":"2025-06-20T12:48:57+00:00","description":"Tibladin vurderer b\u00e6rekraft gjennom hele forsyningskjeden. Materialene m\u00e5 alltid v\u00e6re naturlige og \u00f8kologiske. Les mer her.","breadcrumb":{"@id":"https:\/\/tibladin.dk\/baeredygtig-produktion\/#breadcrumb"},"inLanguage":"nb-NO","potentialAction":[{"@type":"ReadAction","target":["https:\/\/tibladin.dk\/baeredygtig-produktion\/"]}]},{"@type":"BreadcrumbList","@id":"https:\/\/tibladin.dk\/baeredygtig-produktion\/#breadcrumb","itemListElement":[{"@type":"ListItem","position":1,"name":"Hjem","item":"https:\/\/tibladin.dk\/"},{"@type":"ListItem","position":2,"name":"B\u00e6redygtig produktion"}]},{"@type":"WebSite","@id":"https:\/\/tibladin.dk\/#website","url":"https:\/\/tibladin.dk\/","name":"Tibladin","description":"Tibladin","publisher":{"@id":"https:\/\/tibladin.dk\/#organization"},"potentialAction":[{"@type":"SearchAction","target":{"@type":"EntryPoint","urlTemplate":"https:\/\/tibladin.dk\/?s={search_term_string}"},"query-input":{"@type":"PropertyValueSpecification","valueRequired":true,"valueName":"search_term_string"}}],"inLanguage":"nb-NO"},{"@type":"Organization","@id":"https:\/\/tibladin.dk\/#organization","name":"Tibladin","url":"https:\/\/tibladin.dk\/","logo":{"@type":"ImageObject","inLanguage":"nb-NO","@id":"https:\/\/tibladin.dk\/#\/schema\/logo\/image\/","url":"https:\/\/tibladin.dk\/wp-content\/uploads\/2022\/09\/tibladin_logo.svg","contentUrl":"https:\/\/tibladin.dk\/wp-content\/uploads\/2022\/09\/tibladin_logo.svg","caption":"Tibladin"},"image":{"@id":"https:\/\/tibladin.dk\/#\/schema\/logo\/image\/"}}]}},"_links":{"self":[{"href":"https:\/\/tibladin.dk\/nb\/wp-json\/wp\/v2\/pages\/34316","targetHints":{"allow":["GET"]}}],"collection":[{"href":"https:\/\/tibladin.dk\/nb\/wp-json\/wp\/v2\/pages"}],"about":[{"href":"https:\/\/tibladin.dk\/nb\/wp-json\/wp\/v2\/types\/page"}],"author":[{"embeddable":true,"href":"https:\/\/tibladin.dk\/nb\/wp-json\/wp\/v2\/users\/2"}],"replies":[{"embeddable":true,"href":"https:\/\/tibladin.dk\/nb\/wp-json\/wp\/v2\/comments?post=34316"}],"version-history":[{"count":24,"href":"https:\/\/tibladin.dk\/nb\/wp-json\/wp\/v2\/pages\/34316\/revisions"}],"predecessor-version":[{"id":34574,"href":"https:\/\/tibladin.dk\/nb\/wp-json\/wp\/v2\/pages\/34316\/revisions\/34574"}],"wp:attachment":[{"href":"https:\/\/tibladin.dk\/nb\/wp-json\/wp\/v2\/media?parent=34316"}],"curies":[{"name":"wp","href":"https:\/\/api.w.org\/{rel}","templated":true}]}}