{"id":34339,"date":"2025-01-27T12:53:23","date_gmt":"2025-01-27T11:53:23","guid":{"rendered":"https:\/\/tibladin.dk\/?page_id=34339"},"modified":"2025-03-27T12:06:18","modified_gmt":"2025-03-27T11:06:18","slug":"produksjonen-av-vaart-beldi-glass","status":"publish","type":"page","link":"https:\/\/tibladin.dk\/nb\/produktionen-af-vores-beldi-glas\/","title":{"rendered":"Produksjonen av v\u00e5rt beldi-glass"},"content":{"rendered":"<div class=\"wpb-content-wrapper\"><div class=\"vc_row wpb_row vc_row-fluid max-width-col vc_custom_1698923591576\"><div class=\"wpb_column vc_column_container vc_col-sm-12\"><div class=\"vc_column-inner\"><div class=\"wpb_wrapper\"><div class=\"vc_separator wpb_content_element vc_separator_align_center vc_sep_width_100 vc_sep_pos_align_center vc_separator_no_text vc_sep_color_grey wpb_content_element  wpb_content_element\" ><span class=\"vc_sep_holder vc_sep_holder_l\"><span class=\"vc_sep_line\"><\/span><\/span><span class=\"vc_sep_holder vc_sep_holder_r\"><span class=\"vc_sep_line\"><\/span><\/span>\n<\/div><h1 style=\"text-align: center\" class=\"vc_custom_heading vc_do_custom_heading\" >Produksjonen av v\u00e5rt beldi-glass<\/h1>\n\t<div class=\"wpb_text_column wpb_content_element\" >\n\t\t<div class=\"wpb_wrapper\">\n\t\t\t<p style=\"text-align: center;\">\u201cDet var aldri noen tvil om at Beldi-glass ville bli en del av samlingen min. Siden mitt f\u00f8rste bes\u00f8k i Marokko for over 20 \u00e5r siden har jeg v\u00e6rt forelsket i det tradisjonelle h\u00e5ndverket og det vakre Beldi-glasset. Jeg er fascinert av hvordan de sm\u00e5 detaljene i glasset skaper en helt unik og spesiell sjarm.\u201d \u2013 Mette Frank Bijaad, eier av Tibladin.<\/p>\n\n\t\t<\/div>\n\t<\/div>\n\n\t<div  class=\"wpb_single_image wpb_content_element vc_align_center wpb_content_element\">\n\t\t\n\t\t<figure class=\"wpb_wrapper vc_figure\">\n\t\t\t<div class=\"vc_single_image-wrapper   vc_box_border_grey\"><img decoding=\"async\" class=\"vc_single_image-img\" src=\"https:\/\/tibladin.dk\/wp-content\/uploads\/2025\/01\/Beldi-glas_produktion_4-600x500.jpg\" width=\"600\" height=\"500\" alt=\"Beldi-glass_produksjon_mann puster\" title=\"Beldi-glass_produksjon_4\" loading=\"lazy\" \/><\/div>\n\t\t<\/figure>\n\t<\/div>\n<h2 style=\"text-align: center\" class=\"vc_custom_heading vc_do_custom_heading\" >Den tradisjonelle produksjonen<\/h2>\n\t<div class=\"wpb_text_column wpb_content_element\" >\n\t\t<div class=\"wpb_wrapper\">\n\t\t\t<p style=\"text-align: center;\">Beldi-glass er h\u00e5ndlaget i Marokko av 100% resirkulert glass fra Marrakech. Glasset samles inn, smeltes om og munnbl\u00e5ses til unike kreasjoner. Sm\u00e5 ujevnheter, luftbobler og variasjoner i farge og tykkelse gir hvert glass sin egen sjarm og personlighet. H\u00e5ndverket bak Beldi-glasset har blitt gitt videre gjennom generasjoner. Hvert glass er omhyggelig h\u00e5ndlaget og munnbl\u00e5st, noe som garanterer eksepsjonell kvalitet.<\/p>\n<p style=\"text-align: center;\">Fargen p\u00e5 Beldi-glasset kommer fra resirkulert marokkansk glass, som brukes til \u00e5 lage glass og vaser. Naturens p\u00e5virkning gir glasset den karakteristiske gr\u00f8nne fargen som sees i de vakre gr\u00f8nne vannglassene. I tillegg er Beldi-glass, vaser og sk\u00e5ler ogs\u00e5 tilgjengelige i en elegant transparent farge, som kan virke svakt turkis i lyset, noe som skaper et lett og stilig uttrykk.<\/p>\n\n\t\t<\/div>\n\t<\/div>\n\n\t<div  class=\"wpb_single_image wpb_content_element vc_align_center wpb_content_element\">\n\t\t\n\t\t<figure class=\"wpb_wrapper vc_figure\">\n\t\t\t<div class=\"vc_single_image-wrapper   vc_box_border_grey\"><img decoding=\"async\" class=\"vc_single_image-img\" src=\"https:\/\/tibladin.dk\/wp-content\/uploads\/2025\/01\/Beldi-glas_produktion_6-1-600x500.jpg\" width=\"600\" height=\"500\" alt=\"Beldi-glass_produksjon_ Mann som bl\u00e5ser glass\" title=\"Beldi-glass_produksjon_6\" loading=\"lazy\" \/><\/div>\n\t\t<\/figure>\n\t<\/div>\n<h2 style=\"text-align: center\" class=\"vc_custom_heading vc_do_custom_heading\" >Varme og kalde drikker<\/h2>\n\t<div class=\"wpb_text_column wpb_content_element\" >\n\t\t<div class=\"wpb_wrapper\">\n\t\t\t<p style=\"text-align: center;\">Den avrundede kanten p\u00e5 Beldi-glasset gj\u00f8r det behagelig \u00e5 holde, selv n\u00e5r man nyter varme drikker som te eller kaffe. Hvis glasset skal brukes til kalde drikker, er glasset ogs\u00e5 ideelt for en forfriskende tradisjonell marokkansk iste med mynte. De h\u00e5ndlagde glassene er allsidige og perfekte for servering av b\u00e5de varme og kalde drikker.<\/p>\n\n\t\t<\/div>\n\t<\/div>\n\n\t<div  class=\"wpb_single_image wpb_content_element vc_align_center wpb_content_element\">\n\t\t\n\t\t<figure class=\"wpb_wrapper vc_figure\">\n\t\t\t<div class=\"vc_single_image-wrapper   vc_box_border_grey\"><img decoding=\"async\" class=\"vc_single_image-img\" src=\"https:\/\/tibladin.dk\/wp-content\/uploads\/2025\/01\/Beldi-glas_produktion_5-1-600x500.jpg\" width=\"600\" height=\"500\" alt=\"Beldi-glass_produksjon_mann som jobber med Beldi-glass\" title=\"Beldi-glass_produksjon_5\" loading=\"lazy\" \/><\/div>\n\t\t<\/figure>\n\t<\/div>\n<h2 style=\"text-align: center\" class=\"vc_custom_heading vc_do_custom_heading\" >Tidl\u00f8s design<\/h2>\n\t<div class=\"wpb_text_column wpb_content_element\" >\n\t\t<div class=\"wpb_wrapper\">\n\t\t\t<p style=\"text-align: center;\">Selv om Beldi-glass og andre Beldi-interi\u00f8r er kjent for sin eleganse og estetiske uttrykk, er de utrolig slitesterke og egnet for mange forskjellige hverdagssituasjoner. Deres unike design kombinert med funksjonalitet gj\u00f8r dem til et tidl\u00f8st valg.<\/p>\n\n\t\t<\/div>\n\t<\/div>\n\n\t<div  class=\"wpb_single_image wpb_content_element vc_align_center wpb_content_element\">\n\t\t\n\t\t<figure class=\"wpb_wrapper vc_figure\">\n\t\t\t<div class=\"vc_single_image-wrapper   vc_box_border_grey\"><img decoding=\"async\" class=\"vc_single_image-img\" src=\"https:\/\/tibladin.dk\/wp-content\/uploads\/2025\/01\/Beldi-glas_produktion_1-1-600x500.jpg\" width=\"600\" height=\"500\" alt=\"Beldi-glas_produksjonsglass brent i ovnen.\" title=\"Beldi-glass_produksjon_1\" loading=\"lazy\" \/><\/div>\n\t\t<\/figure>\n\t<\/div>\n<h2 style=\"text-align: center\" class=\"vc_custom_heading vc_do_custom_heading\" >Tradisjonelt h\u00e5ndverk med unik estetikk<\/h2>\n\t<div class=\"wpb_text_column wpb_content_element\" >\n\t\t<div class=\"wpb_wrapper\">\n\t\t\t<p style=\"text-align: center;\">Beldi-glass er ikke bare et resultat av tradisjonelt h\u00e5ndverk, men ogs\u00e5 et tidl\u00f8st uttrykk for skj\u00f8nnhet og funksjonalitet. Hvert enkelt element b\u00e6rer med seg en historie og et h\u00e5ndverk som gj\u00f8r dem til noe virkelig spesielt. <a href=\"https:\/\/tibladin.dk\/nb\/produktkategori-2\/interioer\/borddekking\/belte-glass\/\">Utforsk v\u00e5r kolleksjon av Beldi-briller<\/a> og opplev det unike m\u00f8tet mellom estetikk og praktisk bruk.<\/p>\n\n\t\t<\/div>\n\t<\/div>\n<\/div><\/div><\/div><\/div><div class=\"vc_row wpb_row vc_row-fluid\"><div class=\"wpb_column vc_column_container vc_col-sm-4\"><div class=\"vc_column-inner\"><div class=\"wpb_wrapper\"><\/div><\/div><\/div><div class=\"wpb_column vc_column_container vc_col-sm-4\"><div class=\"vc_column-inner\"><div class=\"wpb_wrapper\">\n\t<div class=\"wpb_video_widget wpb_content_element vc_clearfix   vc_video-aspect-ratio-34 vc_video-el-width-100 vc_video-align-left\" >\n\t\t<div class=\"wpb_wrapper\">\n\t\t\t\n\t\t\t<div class=\"wpb_video_wrapper\"><div class=\"video-container\"><iframe loading=\"lazy\" title=\"V\u00e5r b\u00e6rekraftige produksjon av Beldi-glass\" width=\"500\" height=\"281\" src=\"https:\/\/www.youtube.com\/embed\/dEgFkiqc02I?feature=oembed\" frameborder=\"0\" allow=\"accelerometer; autoplay; clipboard-write; encrypted-media; gyroscope; picture-in-picture; web-share\" referrerpolicy=\"strict-origin-when-cross-origin\" allowfullscreen><\/iframe><\/div><\/div>\n\t\t<\/div>\n\t<\/div>\n<\/div><\/div><\/div><div class=\"wpb_column vc_column_container vc_col-sm-4\"><div class=\"vc_column-inner\"><div class=\"wpb_wrapper\"><\/div><\/div><\/div><\/div>\n<\/div>","protected":false},"excerpt":{"rendered":"Produktionen af vores beldi glas \"Der var aldrig tvivl om, at Beldi-glas skulle v\u00e6re en del af min kollektion. Siden mit f\u00f8rste bes\u00f8g i Marokko for over 20 \u00e5r siden har jeg v\u00e6ret forelsket i det traditionelle h\u00e5ndv\u00e6rk og de smukke Beldi-glas. Det fascinerer mig, hvordan de sm\u00e5 detaljer i glasset skaber en helt unik [...]","protected":false},"author":2,"featured_media":0,"parent":0,"menu_order":0,"comment_status":"closed","ping_status":"closed","template":"template-fullwidth-no-heading.php","meta":{"inline_featured_image":false,"footnotes":""},"class_list":["post-34339","page","type-page","status-publish","hentry"],"yoast_head":"<!-- This site is optimized with the Yoast SEO plugin v27.5 - https:\/\/yoast.com\/product\/yoast-seo-wordpress\/ -->\n<title>Produktionen af vores beldi glas | Traditionelt og unikt h\u00e5ndv\u00e6rk<\/title>\n<meta name=\"description\" content=\"Marokkanske Beldi glas best\u00e5r af 100% genbrugsglas. som indsamles i Marrakech, omsmeltes og mundbl\u00e6ses til unikke glas. Unika h\u00e5ndv\u00e6rk.\" \/>\n<meta name=\"robots\" content=\"index, follow, max-snippet:-1, max-image-preview:large, max-video-preview:-1\" \/>\n<link rel=\"canonical\" href=\"https:\/\/tibladin.dk\/nb\/produksjonen-av-vaart-beldi-glass\/\" \/>\n<meta property=\"og:locale\" content=\"nb_NO\" \/>\n<meta property=\"og:type\" content=\"article\" \/>\n<meta property=\"og:title\" content=\"Produktionen af vores beldi glas | Traditionelt og unikt h\u00e5ndv\u00e6rk\" \/>\n<meta property=\"og:description\" content=\"Marokkanske Beldi glas best\u00e5r af 100% genbrugsglas. som indsamles i Marrakech, omsmeltes og mundbl\u00e6ses til unikke glas. Unika h\u00e5ndv\u00e6rk.\" \/>\n<meta property=\"og:url\" content=\"https:\/\/tibladin.dk\/nb\/produksjonen-av-vaart-beldi-glass\/\" \/>\n<meta property=\"og:site_name\" content=\"Tibladin\" \/>\n<meta property=\"article:modified_time\" content=\"2025-03-27T11:06:18+00:00\" \/>\n<meta name=\"twitter:card\" content=\"summary_large_image\" \/>\n<meta name=\"twitter:label1\" content=\"Ansl. lesetid\" \/>\n\t<meta name=\"twitter:data1\" content=\"3 minutter\" \/>\n<script type=\"application\/ld+json\" class=\"yoast-schema-graph\">{\"@context\":\"https:\\\/\\\/schema.org\",\"@graph\":[{\"@type\":\"WebPage\",\"@id\":\"https:\\\/\\\/tibladin.dk\\\/produktionen-af-vores-beldi-glas\\\/\",\"url\":\"https:\\\/\\\/tibladin.dk\\\/produktionen-af-vores-beldi-glas\\\/\",\"name\":\"Produktionen af vores beldi glas | Traditionelt og unikt h\u00e5ndv\u00e6rk\",\"isPartOf\":{\"@id\":\"https:\\\/\\\/tibladin.dk\\\/#website\"},\"datePublished\":\"2025-01-27T11:53:23+00:00\",\"dateModified\":\"2025-03-27T11:06:18+00:00\",\"description\":\"Marokkanske Beldi glas best\u00e5r af 100% genbrugsglas. som indsamles i Marrakech, omsmeltes og mundbl\u00e6ses til unikke glas. Unika h\u00e5ndv\u00e6rk.\",\"breadcrumb\":{\"@id\":\"https:\\\/\\\/tibladin.dk\\\/produktionen-af-vores-beldi-glas\\\/#breadcrumb\"},\"inLanguage\":\"nb-NO\",\"potentialAction\":[{\"@type\":\"ReadAction\",\"target\":[\"https:\\\/\\\/tibladin.dk\\\/produktionen-af-vores-beldi-glas\\\/\"]}]},{\"@type\":\"BreadcrumbList\",\"@id\":\"https:\\\/\\\/tibladin.dk\\\/produktionen-af-vores-beldi-glas\\\/#breadcrumb\",\"itemListElement\":[{\"@type\":\"ListItem\",\"position\":1,\"name\":\"Hjem\",\"item\":\"https:\\\/\\\/tibladin.dk\\\/\"},{\"@type\":\"ListItem\",\"position\":2,\"name\":\"Produktionen af vores beldi glas\"}]},{\"@type\":\"WebSite\",\"@id\":\"https:\\\/\\\/tibladin.dk\\\/#website\",\"url\":\"https:\\\/\\\/tibladin.dk\\\/\",\"name\":\"Tibladin\",\"description\":\"Tibladin\",\"publisher\":{\"@id\":\"https:\\\/\\\/tibladin.dk\\\/#organization\"},\"potentialAction\":[{\"@type\":\"SearchAction\",\"target\":{\"@type\":\"EntryPoint\",\"urlTemplate\":\"https:\\\/\\\/tibladin.dk\\\/?s={search_term_string}\"},\"query-input\":{\"@type\":\"PropertyValueSpecification\",\"valueRequired\":true,\"valueName\":\"search_term_string\"}}],\"inLanguage\":\"nb-NO\"},{\"@type\":\"Organization\",\"@id\":\"https:\\\/\\\/tibladin.dk\\\/#organization\",\"name\":\"Tibladin\",\"url\":\"https:\\\/\\\/tibladin.dk\\\/\",\"logo\":{\"@type\":\"ImageObject\",\"inLanguage\":\"nb-NO\",\"@id\":\"https:\\\/\\\/tibladin.dk\\\/#\\\/schema\\\/logo\\\/image\\\/\",\"url\":\"https:\\\/\\\/tibladin.dk\\\/wp-content\\\/uploads\\\/2022\\\/09\\\/tibladin_logo.svg\",\"contentUrl\":\"https:\\\/\\\/tibladin.dk\\\/wp-content\\\/uploads\\\/2022\\\/09\\\/tibladin_logo.svg\",\"caption\":\"Tibladin\"},\"image\":{\"@id\":\"https:\\\/\\\/tibladin.dk\\\/#\\\/schema\\\/logo\\\/image\\\/\"}}]}<\/script>\n<!-- \/ Yoast SEO plugin. -->","yoast_head_json":{"title":"Produksjonen av v\u00e5rt beldi-glass | Tradisjonelt og unikt h\u00e5ndverk","description":"Marokkansk Beldi-glass best\u00e5r av 100% resirkulert glass som samles inn i Marrakech, smeltes om og munnbl\u00e5ses til unikt glass. Unikt h\u00e5ndverk.","robots":{"index":"index","follow":"follow","max-snippet":"max-snippet:-1","max-image-preview":"max-image-preview:large","max-video-preview":"max-video-preview:-1"},"canonical":"https:\/\/tibladin.dk\/nb\/produksjonen-av-vaart-beldi-glass\/","og_locale":"nb_NO","og_type":"article","og_title":"Produktionen af vores beldi glas | Traditionelt og unikt h\u00e5ndv\u00e6rk","og_description":"Marokkanske Beldi glas best\u00e5r af 100% genbrugsglas. som indsamles i Marrakech, omsmeltes og mundbl\u00e6ses til unikke glas. Unika h\u00e5ndv\u00e6rk.","og_url":"https:\/\/tibladin.dk\/nb\/produksjonen-av-vaart-beldi-glass\/","og_site_name":"Tibladin","article_modified_time":"2025-03-27T11:06:18+00:00","twitter_card":"summary_large_image","twitter_misc":{"Ansl. lesetid":"3 minutter"},"schema":{"@context":"https:\/\/schema.org","@graph":[{"@type":"WebPage","@id":"https:\/\/tibladin.dk\/produktionen-af-vores-beldi-glas\/","url":"https:\/\/tibladin.dk\/produktionen-af-vores-beldi-glas\/","name":"Produksjonen av v\u00e5rt beldi-glass | Tradisjonelt og unikt h\u00e5ndverk","isPartOf":{"@id":"https:\/\/tibladin.dk\/#website"},"datePublished":"2025-01-27T11:53:23+00:00","dateModified":"2025-03-27T11:06:18+00:00","description":"Marokkansk Beldi-glass best\u00e5r av 100% resirkulert glass som samles inn i Marrakech, smeltes om og munnbl\u00e5ses til unikt glass. Unikt h\u00e5ndverk.","breadcrumb":{"@id":"https:\/\/tibladin.dk\/produktionen-af-vores-beldi-glas\/#breadcrumb"},"inLanguage":"nb-NO","potentialAction":[{"@type":"ReadAction","target":["https:\/\/tibladin.dk\/produktionen-af-vores-beldi-glas\/"]}]},{"@type":"BreadcrumbList","@id":"https:\/\/tibladin.dk\/produktionen-af-vores-beldi-glas\/#breadcrumb","itemListElement":[{"@type":"ListItem","position":1,"name":"Hjem","item":"https:\/\/tibladin.dk\/"},{"@type":"ListItem","position":2,"name":"Produktionen af vores beldi glas"}]},{"@type":"WebSite","@id":"https:\/\/tibladin.dk\/#website","url":"https:\/\/tibladin.dk\/","name":"Tibladin","description":"Tibladin","publisher":{"@id":"https:\/\/tibladin.dk\/#organization"},"potentialAction":[{"@type":"SearchAction","target":{"@type":"EntryPoint","urlTemplate":"https:\/\/tibladin.dk\/?s={search_term_string}"},"query-input":{"@type":"PropertyValueSpecification","valueRequired":true,"valueName":"search_term_string"}}],"inLanguage":"nb-NO"},{"@type":"Organization","@id":"https:\/\/tibladin.dk\/#organization","name":"Tibladin","url":"https:\/\/tibladin.dk\/","logo":{"@type":"ImageObject","inLanguage":"nb-NO","@id":"https:\/\/tibladin.dk\/#\/schema\/logo\/image\/","url":"https:\/\/tibladin.dk\/wp-content\/uploads\/2022\/09\/tibladin_logo.svg","contentUrl":"https:\/\/tibladin.dk\/wp-content\/uploads\/2022\/09\/tibladin_logo.svg","caption":"Tibladin"},"image":{"@id":"https:\/\/tibladin.dk\/#\/schema\/logo\/image\/"}}]}},"_links":{"self":[{"href":"https:\/\/tibladin.dk\/nb\/wp-json\/wp\/v2\/pages\/34339","targetHints":{"allow":["GET"]}}],"collection":[{"href":"https:\/\/tibladin.dk\/nb\/wp-json\/wp\/v2\/pages"}],"about":[{"href":"https:\/\/tibladin.dk\/nb\/wp-json\/wp\/v2\/types\/page"}],"author":[{"embeddable":true,"href":"https:\/\/tibladin.dk\/nb\/wp-json\/wp\/v2\/users\/2"}],"replies":[{"embeddable":true,"href":"https:\/\/tibladin.dk\/nb\/wp-json\/wp\/v2\/comments?post=34339"}],"version-history":[{"count":38,"href":"https:\/\/tibladin.dk\/nb\/wp-json\/wp\/v2\/pages\/34339\/revisions"}],"predecessor-version":[{"id":35754,"href":"https:\/\/tibladin.dk\/nb\/wp-json\/wp\/v2\/pages\/34339\/revisions\/35754"}],"wp:attachment":[{"href":"https:\/\/tibladin.dk\/nb\/wp-json\/wp\/v2\/media?parent=34339"}],"curies":[{"name":"wp","href":"https:\/\/api.w.org\/{rel}","templated":true}]}}