{"id":34355,"date":"2025-01-27T13:13:17","date_gmt":"2025-01-27T12:13:17","guid":{"rendered":"https:\/\/tibladin.dk\/?page_id=34355"},"modified":"2025-01-28T15:06:17","modified_gmt":"2025-01-28T14:06:17","slug":"kvinnekooperativ","status":"publish","type":"page","link":"https:\/\/tibladin.dk\/nb\/kvindekooperativ\/","title":{"rendered":"Kvinnekooperativ"},"content":{"rendered":"<div class=\"wpb-content-wrapper\"><div class=\"vc_row wpb_row vc_row-fluid\"><div class=\"wpb_column vc_column_container vc_col-sm-12\"><div class=\"vc_column-inner\"><div class=\"wpb_wrapper\"><div class=\"vc_separator wpb_content_element vc_separator_align_center vc_sep_width_100 vc_sep_pos_align_center vc_separator_no_text vc_sep_color_grey wpb_content_element  wpb_content_element\" ><span class=\"vc_sep_holder vc_sep_holder_l\"><span class=\"vc_sep_line\"><\/span><\/span><span class=\"vc_sep_holder vc_sep_holder_r\"><span class=\"vc_sep_line\"><\/span><\/span>\n<\/div><h1 style=\"text-align: center\" class=\"vc_custom_heading vc_do_custom_heading\" >Kvinnekooperativ<\/h1>\n\t<div class=\"wpb_text_column wpb_content_element\" >\n\t\t<div class=\"wpb_wrapper\">\n\t\t\t<p style=\"text-align: center;\">\u201cTibladins samarbeid med kvinnekooperativer i Marokko er mer enn bare en forretning. Det er et uttrykk for min dype respekt for marokkansk h\u00e5ndverk og et \u00f8nske om \u00e5 st\u00f8tte kvinner i \u00e5 bygge et bedre liv for seg selv og sine familier. Samarbeidet med kvinnekooperativer er derfor et personlig prosjekt, inspirert av min svigerfars engasjement for \u00e5 hjelpe andre. Jeg er stolt av \u00e5 kunne bidra til \u00e5 styrke kvinner \u00f8konomisk og gi dem muligheten til \u00e5 utl\u00f8se sitt kreative potensial.\u201d \u2013 Mette Frank Bijaad, eier av Tibladin.<\/p>\n\n\t\t<\/div>\n\t<\/div>\n<\/div><\/div><\/div><\/div><div class=\"vc_row wpb_row vc_row-fluid\"><div class=\"wpb_column vc_column_container vc_col-sm-6\"><div class=\"vc_column-inner\"><div class=\"wpb_wrapper\">\n\t<div  class=\"wpb_single_image wpb_content_element vc_align_center wpb_content_element\">\n\t\t\n\t\t<figure class=\"wpb_wrapper vc_figure\">\n\t\t\t<div class=\"vc_single_image-wrapper   vc_box_border_grey\"><img decoding=\"async\" class=\"vc_single_image-img\" src=\"https:\/\/tibladin.dk\/wp-content\/uploads\/2025\/01\/Vaeveteknikker_kvindekoopertaiv_4-600x700.jpg\" width=\"600\" height=\"700\" alt=\"Veveteknikker_kvinnekooperativ_to kvinner som vever\" title=\"Veveteknikker_kvinnekooperativ_4\" loading=\"lazy\" \/><\/div>\n\t\t<\/figure>\n\t<\/div>\n<\/div><\/div><\/div><div class=\"wpb_column vc_column_container vc_col-sm-6\"><div class=\"vc_column-inner\"><div class=\"wpb_wrapper\">\n\t<div  class=\"wpb_single_image wpb_content_element vc_align_center wpb_content_element\">\n\t\t\n\t\t<figure class=\"wpb_wrapper vc_figure\">\n\t\t\t<div class=\"vc_single_image-wrapper   vc_box_border_grey\"><img decoding=\"async\" class=\"vc_single_image-img\" src=\"https:\/\/tibladin.dk\/wp-content\/uploads\/2025\/01\/Broderier_kvindekoopertaiv_1-600x700.jpg\" width=\"600\" height=\"700\" alt=\"Kvinne som jobber i kvinnekooperativ\" title=\"Broderier_kvinnekooperativ_1\" loading=\"lazy\" \/><\/div>\n\t\t<\/figure>\n\t<\/div>\n<\/div><\/div><\/div><\/div><div class=\"vc_row wpb_row vc_row-fluid\"><div class=\"wpb_column vc_column_container vc_col-sm-12\"><div class=\"vc_column-inner\"><div class=\"wpb_wrapper\"><h2 style=\"text-align: center\" class=\"vc_custom_heading vc_do_custom_heading\" >Fremme k\u00e5rene til marokkanske kvinner<\/h2>\n\t<div class=\"wpb_text_column wpb_content_element\" >\n\t\t<div class=\"wpb_wrapper\">\n\t\t\t<p style=\"text-align: center;\">Tibladin samarbeider sosialt og \u00f8konomisk med flere kvinnekooperativer for \u00e5 fremme kvinners k\u00e5r og forbedre levestandarden til mange familier. I disse kooperativene er det opprettet skoler og barnehager slik at barn kan l\u00e6re mens m\u00f8drene deres jobber. Kvinnene besitter imponerende h\u00e5ndverksferdigheter og lager vakre strikkeplagg, vevinger, broderier og syarbeid med stor omhu og presisjon. Kooperativene jobber for \u00e5 bevare de gamle h\u00e5ndverkstradisjonene samtidig som de utvikler nye, moderne kreasjoner. Dette utvikler kvinnenes ferdigheter og skaper en god balanse mellom tradisjon og innovasjon.<\/p>\n\n\t\t<\/div>\n\t<\/div>\n<h2 style=\"text-align: center\" class=\"vc_custom_heading vc_do_custom_heading\" >St\u00f8tte til lokalsamfunn<\/h2>\n\t<div class=\"wpb_text_column wpb_content_element\" >\n\t\t<div class=\"wpb_wrapper\">\n\t\t\t<p style=\"text-align: center;\">\u00c5 hjelpe marokkanere er en av hovedpilarene som Tibladin er bygget p\u00e5. Til \u00e6re for min svigerfar, som gjennom sitt arbeid i den marokkanske regjeringen fokuserte p\u00e5 \u00e5 utvikle infrastruktur i sm\u00e5 landsbyer, er det igangsatt prosjekter som gir landsbyboerne mulighet til \u00e5 starte bedrifter som kan sikre deres langsiktige levebr\u00f8d. Denne forpliktelsen til \u00e5 st\u00f8tte lokalsamfunn er et fundament som g\u00e5r h\u00e5nd i h\u00e5nd med Tibladins verdier og oppdrag.<\/p>\n\n\t\t<\/div>\n\t<\/div>\n<\/div><\/div><\/div><\/div><div class=\"vc_row wpb_row vc_row-fluid\"><div class=\"wpb_column vc_column_container vc_col-sm-6\"><div class=\"vc_column-inner\"><div class=\"wpb_wrapper\">\n\t<div  class=\"wpb_single_image wpb_content_element vc_align_center wpb_content_element\">\n\t\t\n\t\t<figure class=\"wpb_wrapper vc_figure\">\n\t\t\t<div class=\"vc_single_image-wrapper   vc_box_border_grey\"><img decoding=\"async\" class=\"vc_single_image-img\" src=\"https:\/\/tibladin.dk\/wp-content\/uploads\/2025\/01\/Vaeveteknikker_kvindekoopertaiv_1-600x700.jpg\" width=\"600\" height=\"700\" alt=\"To kvinner som jobber i et kvinnekooperativ\" title=\"Veveteknikker_kvinnekooperativ_1\" loading=\"lazy\" \/><\/div>\n\t\t<\/figure>\n\t<\/div>\n<\/div><\/div><\/div><div class=\"wpb_column vc_column_container vc_col-sm-6\"><div class=\"vc_column-inner\"><div class=\"wpb_wrapper\">\n\t<div  class=\"wpb_single_image wpb_content_element vc_align_center wpb_content_element\">\n\t\t\n\t\t<figure class=\"wpb_wrapper vc_figure\">\n\t\t\t<div class=\"vc_single_image-wrapper   vc_box_border_grey\"><img decoding=\"async\" class=\"vc_single_image-img\" src=\"https:\/\/tibladin.dk\/wp-content\/uploads\/2025\/01\/Vaevning_kvindekooperativ_9-1-600x700.jpg\" width=\"600\" height=\"700\" alt=\"Veving i et kvinnekooperativ\" title=\"Veving_kvinnekooperativ_9\" loading=\"lazy\" \/><\/div>\n\t\t<\/figure>\n\t<\/div>\n<\/div><\/div><\/div><\/div><div class=\"vc_row wpb_row vc_row-fluid\"><div class=\"wpb_column vc_column_container vc_col-sm-12\"><div class=\"vc_column-inner\"><div class=\"wpb_wrapper\"><h2 style=\"text-align: center\" class=\"vc_custom_heading vc_do_custom_heading\" >St\u00f8tt kvinnekooperativer i Marokko<\/h2>\n\t<div class=\"wpb_text_column wpb_content_element\" >\n\t\t<div class=\"wpb_wrapper\">\n\t\t\t<p style=\"text-align: center;\">Utforsk v\u00e5rt utvalg av produkter laget i samarbeid med kvinnekooperativer i Marokko. Hvert produkt er et resultat av kvinnenes dyktige h\u00e5ndverk og tradisjonelle teknikker, kombinert med et \u00f8nske om \u00e5 st\u00f8tte og fremme bedre forhold for dem og deres familier. Utforsk v\u00e5re <a href=\"https:\/\/tibladin.dk\/nb\/produktkategori-2\/marokkanske-tepper\/\">tepper<\/a> eller v\u00e5r <a href=\"https:\/\/tibladin.dk\/nb\/produktkategori-2\/interioer\/hjemmetilbehoer\/tekstiler\/putevar\/kaktus-silkeputer\/\">pulver<\/a>, laget i samarbeid med kvinnekooperativer i Marokko.<\/p>\n\n\t\t<\/div>\n\t<\/div>\n<\/div><\/div><\/div><\/div><div class=\"vc_row wpb_row vc_row-fluid vc_row-o-content-middle vc_row-flex\"><div class=\"wpb_column vc_column_container vc_col-sm-6\"><div class=\"vc_column-inner\"><div class=\"wpb_wrapper\">\n\t<div class=\"wpb_video_widget wpb_content_element vc_clearfix   vc_video-aspect-ratio-169 vc_video-el-width-100 vc_video-align-center\" >\n\t\t<div class=\"wpb_wrapper\">\n\t\t\t\n\t\t\t<div class=\"wpb_video_wrapper\"><div class=\"video-container\"><iframe loading=\"lazy\" title=\"Leverand\u00f8rbes\u00f8k hos Tibladin \u2013 Kvinnekooperativet i Marokko\" width=\"500\" height=\"281\" src=\"https:\/\/www.youtube.com\/embed\/Y8cLkVwVAQQ?feature=oembed\" frameborder=\"0\" allow=\"accelerometer; autoplay; clipboard-write; encrypted-media; gyroscope; picture-in-picture; web-share\" referrerpolicy=\"strict-origin-when-cross-origin\" allowfullscreen><\/iframe><\/div><\/div>\n\t\t<\/div>\n\t<\/div>\n<\/div><\/div><\/div><div class=\"wpb_column vc_column_container vc_col-sm-6\"><div class=\"vc_column-inner\"><div class=\"wpb_wrapper\">\n\t<div class=\"wpb_text_column wpb_content_element\" >\n\t\t<div class=\"wpb_wrapper\">\n\t\t\t<h3>Kom og bes\u00f8k oss!<\/h3>\n<p>Bli med oss p\u00e5 et inspirerende bes\u00f8k til et av kvinnekooperativene som Tibladin samarbeider med. Her jobber vi tett sammen for \u00e5 utvikle deilige, unike produkter som bringer b\u00e5de skj\u00f8nnhet og historie inn i hjemmet ditt. Gjennom samarbeidet skaper vi ikke bare produkter, men ogs\u00e5 muligheter og h\u00e5p for hundrevis av kvinner og deres familier i Marokko.<\/p>\n<p>Hver gang vi bes\u00f8ker disse kooperativene, blir vi fylt med glede og inspirasjon. Det er virkelig spesielt \u00e5 se hvordan kvinnene forvandler sitt dyktige h\u00e5ndverk til vakre produkter \u2013 alt mens de sitter sammen, deler historier og st\u00f8tter hverandre i et varmt fellesskap. Arbeidet deres er ikke bare en inntektskilde, men ogs\u00e5 en kilde til stolthet og myndiggj\u00f8ring.<\/p>\n<p>Bes\u00f8kene tar oss ogs\u00e5 med til den lille skolen og barnehagen, som er en viktig del av livet i kooperativets n\u00e6romr\u00e5de. Her tilbringer barna dagene med \u00e5 l\u00e6re og utvikle seg i et trygt milj\u00f8. De sm\u00e5 ansiktene lyser alltid opp n\u00e5r vi tar med nye notatb\u00f8ker, blyanter og farger for \u00e5 hjelpe dem med skolegangen. Det er en p\u00e5minnelse om hvor stor forskjell selv sm\u00e5 bidrag kan gj\u00f8re.<\/p>\n<p>N\u00e5r du handler hos Tibladin, gj\u00f8r du mye mer enn bare \u00e5 kj\u00f8pe et produkt. Du st\u00f8tter kvinnene bak hvert h\u00e5ndlagde produkt \u2013 og du bidrar til \u00e5 skape en lysere fremtid for dem og familiene deres. Kj\u00f8pet ditt utgj\u00f8r en forskjell.<\/p>\n<p>Fra oss alle og fra kvinnene i kooperativene: En hjertelig TAKK for st\u00f8tten!<\/p>\n\n\t\t<\/div>\n\t<\/div>\n<\/div><\/div><\/div><\/div>\n<\/div>","protected":false},"excerpt":{"rendered":"Kvindekooperativ \"Tibladins samarbejde med kvindekooperativer i Marokko er mere end bare en forretning. Det er et udtryk for min dybe respekt for det marokkanske h\u00e5ndv\u00e6rk og et \u00f8nske om at st\u00f8tte kvinderne i at opbygge et bedre liv for sig selv og deres familier. Samarbejdet med kvindekooperativer er derfor et personligt projekt, der er inspireret [...]","protected":false},"author":2,"featured_media":0,"parent":0,"menu_order":0,"comment_status":"closed","ping_status":"closed","template":"template-fullwidth-no-heading.php","meta":{"inline_featured_image":false,"footnotes":""},"class_list":["post-34355","page","type-page","status-publish","hentry"],"yoast_head":"<!-- This site is optimized with the Yoast SEO plugin v27.5 - https:\/\/yoast.com\/product\/yoast-seo-wordpress\/ -->\n<title>Kvindekooperativ | Tibladin samarbejder med kvindekooperativ<\/title>\n<meta name=\"description\" content=\"Tibladin samarbejder med kvindekooperativer i Marokko med fokus p\u00e5 traditionelt h\u00e5ndv\u00e6rk og \u00f8nsket om give kvinder \u00f8konomisk uafh\u00e6ngighed.\" \/>\n<meta name=\"robots\" content=\"index, follow, max-snippet:-1, max-image-preview:large, max-video-preview:-1\" \/>\n<link rel=\"canonical\" href=\"https:\/\/tibladin.dk\/nb\/kvinnekooperativ\/\" \/>\n<meta property=\"og:locale\" content=\"nb_NO\" \/>\n<meta property=\"og:type\" content=\"article\" \/>\n<meta property=\"og:title\" content=\"Kvindekooperativ | Tibladin samarbejder med kvindekooperativ\" \/>\n<meta property=\"og:description\" content=\"Tibladin samarbejder med kvindekooperativer i Marokko med fokus p\u00e5 traditionelt h\u00e5ndv\u00e6rk og \u00f8nsket om give kvinder \u00f8konomisk uafh\u00e6ngighed.\" \/>\n<meta property=\"og:url\" content=\"https:\/\/tibladin.dk\/nb\/kvinnekooperativ\/\" \/>\n<meta property=\"og:site_name\" content=\"Tibladin\" \/>\n<meta property=\"article:modified_time\" content=\"2025-01-28T14:06:17+00:00\" \/>\n<meta name=\"twitter:card\" content=\"summary_large_image\" \/>\n<meta name=\"twitter:label1\" content=\"Ansl. lesetid\" \/>\n\t<meta name=\"twitter:data1\" content=\"5 minutter\" \/>\n<script type=\"application\/ld+json\" class=\"yoast-schema-graph\">{\"@context\":\"https:\\\/\\\/schema.org\",\"@graph\":[{\"@type\":\"WebPage\",\"@id\":\"https:\\\/\\\/tibladin.dk\\\/kvindekooperativ\\\/\",\"url\":\"https:\\\/\\\/tibladin.dk\\\/kvindekooperativ\\\/\",\"name\":\"Kvindekooperativ | Tibladin samarbejder med kvindekooperativ\",\"isPartOf\":{\"@id\":\"https:\\\/\\\/tibladin.dk\\\/#website\"},\"datePublished\":\"2025-01-27T12:13:17+00:00\",\"dateModified\":\"2025-01-28T14:06:17+00:00\",\"description\":\"Tibladin samarbejder med kvindekooperativer i Marokko med fokus p\u00e5 traditionelt h\u00e5ndv\u00e6rk og \u00f8nsket om give kvinder \u00f8konomisk uafh\u00e6ngighed.\",\"breadcrumb\":{\"@id\":\"https:\\\/\\\/tibladin.dk\\\/kvindekooperativ\\\/#breadcrumb\"},\"inLanguage\":\"nb-NO\",\"potentialAction\":[{\"@type\":\"ReadAction\",\"target\":[\"https:\\\/\\\/tibladin.dk\\\/kvindekooperativ\\\/\"]}]},{\"@type\":\"BreadcrumbList\",\"@id\":\"https:\\\/\\\/tibladin.dk\\\/kvindekooperativ\\\/#breadcrumb\",\"itemListElement\":[{\"@type\":\"ListItem\",\"position\":1,\"name\":\"Hjem\",\"item\":\"https:\\\/\\\/tibladin.dk\\\/\"},{\"@type\":\"ListItem\",\"position\":2,\"name\":\"Kvindekooperativ\"}]},{\"@type\":\"WebSite\",\"@id\":\"https:\\\/\\\/tibladin.dk\\\/#website\",\"url\":\"https:\\\/\\\/tibladin.dk\\\/\",\"name\":\"Tibladin\",\"description\":\"Tibladin\",\"publisher\":{\"@id\":\"https:\\\/\\\/tibladin.dk\\\/#organization\"},\"potentialAction\":[{\"@type\":\"SearchAction\",\"target\":{\"@type\":\"EntryPoint\",\"urlTemplate\":\"https:\\\/\\\/tibladin.dk\\\/?s={search_term_string}\"},\"query-input\":{\"@type\":\"PropertyValueSpecification\",\"valueRequired\":true,\"valueName\":\"search_term_string\"}}],\"inLanguage\":\"nb-NO\"},{\"@type\":\"Organization\",\"@id\":\"https:\\\/\\\/tibladin.dk\\\/#organization\",\"name\":\"Tibladin\",\"url\":\"https:\\\/\\\/tibladin.dk\\\/\",\"logo\":{\"@type\":\"ImageObject\",\"inLanguage\":\"nb-NO\",\"@id\":\"https:\\\/\\\/tibladin.dk\\\/#\\\/schema\\\/logo\\\/image\\\/\",\"url\":\"https:\\\/\\\/tibladin.dk\\\/wp-content\\\/uploads\\\/2022\\\/09\\\/tibladin_logo.svg\",\"contentUrl\":\"https:\\\/\\\/tibladin.dk\\\/wp-content\\\/uploads\\\/2022\\\/09\\\/tibladin_logo.svg\",\"caption\":\"Tibladin\"},\"image\":{\"@id\":\"https:\\\/\\\/tibladin.dk\\\/#\\\/schema\\\/logo\\\/image\\\/\"}}]}<\/script>\n<!-- \/ Yoast SEO plugin. -->","yoast_head_json":{"title":"Kvinnekooperativ | Tibladin samarbeider med kvinnekooperativ","description":"Tibladin samarbeider med kvinnekooperativer i Marokko med fokus p\u00e5 tradisjonelt h\u00e5ndverk og \u00f8nsket om \u00e5 gi kvinner \u00f8konomisk uavhengighet.","robots":{"index":"index","follow":"follow","max-snippet":"max-snippet:-1","max-image-preview":"max-image-preview:large","max-video-preview":"max-video-preview:-1"},"canonical":"https:\/\/tibladin.dk\/nb\/kvinnekooperativ\/","og_locale":"nb_NO","og_type":"article","og_title":"Kvindekooperativ | Tibladin samarbejder med kvindekooperativ","og_description":"Tibladin samarbejder med kvindekooperativer i Marokko med fokus p\u00e5 traditionelt h\u00e5ndv\u00e6rk og \u00f8nsket om give kvinder \u00f8konomisk uafh\u00e6ngighed.","og_url":"https:\/\/tibladin.dk\/nb\/kvinnekooperativ\/","og_site_name":"Tibladin","article_modified_time":"2025-01-28T14:06:17+00:00","twitter_card":"summary_large_image","twitter_misc":{"Ansl. lesetid":"5 minutter"},"schema":{"@context":"https:\/\/schema.org","@graph":[{"@type":"WebPage","@id":"https:\/\/tibladin.dk\/kvindekooperativ\/","url":"https:\/\/tibladin.dk\/kvindekooperativ\/","name":"Kvinnekooperativ | Tibladin samarbeider med kvinnekooperativ","isPartOf":{"@id":"https:\/\/tibladin.dk\/#website"},"datePublished":"2025-01-27T12:13:17+00:00","dateModified":"2025-01-28T14:06:17+00:00","description":"Tibladin samarbeider med kvinnekooperativer i Marokko med fokus p\u00e5 tradisjonelt h\u00e5ndverk og \u00f8nsket om \u00e5 gi kvinner \u00f8konomisk uavhengighet.","breadcrumb":{"@id":"https:\/\/tibladin.dk\/kvindekooperativ\/#breadcrumb"},"inLanguage":"nb-NO","potentialAction":[{"@type":"ReadAction","target":["https:\/\/tibladin.dk\/kvindekooperativ\/"]}]},{"@type":"BreadcrumbList","@id":"https:\/\/tibladin.dk\/kvindekooperativ\/#breadcrumb","itemListElement":[{"@type":"ListItem","position":1,"name":"Hjem","item":"https:\/\/tibladin.dk\/"},{"@type":"ListItem","position":2,"name":"Kvindekooperativ"}]},{"@type":"WebSite","@id":"https:\/\/tibladin.dk\/#website","url":"https:\/\/tibladin.dk\/","name":"Tibladin","description":"Tibladin","publisher":{"@id":"https:\/\/tibladin.dk\/#organization"},"potentialAction":[{"@type":"SearchAction","target":{"@type":"EntryPoint","urlTemplate":"https:\/\/tibladin.dk\/?s={search_term_string}"},"query-input":{"@type":"PropertyValueSpecification","valueRequired":true,"valueName":"search_term_string"}}],"inLanguage":"nb-NO"},{"@type":"Organization","@id":"https:\/\/tibladin.dk\/#organization","name":"Tibladin","url":"https:\/\/tibladin.dk\/","logo":{"@type":"ImageObject","inLanguage":"nb-NO","@id":"https:\/\/tibladin.dk\/#\/schema\/logo\/image\/","url":"https:\/\/tibladin.dk\/wp-content\/uploads\/2022\/09\/tibladin_logo.svg","contentUrl":"https:\/\/tibladin.dk\/wp-content\/uploads\/2022\/09\/tibladin_logo.svg","caption":"Tibladin"},"image":{"@id":"https:\/\/tibladin.dk\/#\/schema\/logo\/image\/"}}]}},"_links":{"self":[{"href":"https:\/\/tibladin.dk\/nb\/wp-json\/wp\/v2\/pages\/34355","targetHints":{"allow":["GET"]}}],"collection":[{"href":"https:\/\/tibladin.dk\/nb\/wp-json\/wp\/v2\/pages"}],"about":[{"href":"https:\/\/tibladin.dk\/nb\/wp-json\/wp\/v2\/types\/page"}],"author":[{"embeddable":true,"href":"https:\/\/tibladin.dk\/nb\/wp-json\/wp\/v2\/users\/2"}],"replies":[{"embeddable":true,"href":"https:\/\/tibladin.dk\/nb\/wp-json\/wp\/v2\/comments?post=34355"}],"version-history":[{"count":21,"href":"https:\/\/tibladin.dk\/nb\/wp-json\/wp\/v2\/pages\/34355\/revisions"}],"predecessor-version":[{"id":34715,"href":"https:\/\/tibladin.dk\/nb\/wp-json\/wp\/v2\/pages\/34355\/revisions\/34715"}],"wp:attachment":[{"href":"https:\/\/tibladin.dk\/nb\/wp-json\/wp\/v2\/media?parent=34355"}],"curies":[{"name":"wp","href":"https:\/\/api.w.org\/{rel}","templated":true}]}}