{"id":34358,"date":"2025-01-27T13:32:52","date_gmt":"2025-01-27T12:32:52","guid":{"rendered":"https:\/\/tibladin.dk\/?page_id=34358"},"modified":"2025-01-27T14:06:50","modified_gmt":"2025-01-27T13:06:50","slug":"produksjonen-av-vaar-keramikk","status":"publish","type":"page","link":"https:\/\/tibladin.dk\/nb\/produktion-af-vores-keramik\/","title":{"rendered":"Produksjon av v\u00e5r keramikk"},"content":{"rendered":"<div class=\"wpb-content-wrapper\"><div class=\"vc_row wpb_row vc_row-fluid\"><div class=\"wpb_column vc_column_container vc_col-sm-12\"><div class=\"vc_column-inner\"><div class=\"wpb_wrapper\"><div class=\"vc_separator wpb_content_element vc_separator_align_center vc_sep_width_100 vc_sep_pos_align_center vc_separator_no_text vc_sep_color_grey wpb_content_element  wpb_content_element\" ><span class=\"vc_sep_holder vc_sep_holder_l\"><span class=\"vc_sep_line\"><\/span><\/span><span class=\"vc_sep_holder vc_sep_holder_r\"><span class=\"vc_sep_line\"><\/span><\/span>\n<\/div><h1 style=\"text-align: center\" class=\"vc_custom_heading vc_do_custom_heading\" >Produksjon av v\u00e5r keramikk<\/h1>\n\t<div class=\"wpb_text_column wpb_content_element\" >\n\t\t<div class=\"wpb_wrapper\">\n\t\t\t<p style=\"text-align: center;\">\u201cMarokkansk keramikk har en dyp tradisjon og historie som jeg er dypt fascinert av. Hos Tibladin h\u00e5ndplukker jeg n\u00f8ye fargerik keramikk og samarbeider med lokale kooperativer for \u00e5 st\u00f8tte de talentfulle kunstnerne. Samtidig utvikler vi v\u00e5re egne produkter, som kombinerer autentisk marokkansk design med den enkle elegansen til skandinavisk design.\u201d \u2013 Mette Frank Bijaad, eier av Tibladin.<\/p>\n\n\t\t<\/div>\n\t<\/div>\n<\/div><\/div><\/div><\/div><div class=\"vc_row wpb_row vc_row-fluid\"><div class=\"wpb_column vc_column_container vc_col-sm-6\"><div class=\"vc_column-inner\"><div class=\"wpb_wrapper\">\n\t<div  class=\"wpb_single_image wpb_content_element vc_align_center wpb_content_element\">\n\t\t\n\t\t<figure class=\"wpb_wrapper vc_figure\">\n\t\t\t<div class=\"vc_single_image-wrapper   vc_box_border_grey\"><img decoding=\"async\" class=\"vc_single_image-img\" src=\"https:\/\/tibladin.dk\/wp-content\/uploads\/2025\/01\/Keramik_1-600x700.jpg\" width=\"600\" height=\"700\" alt=\"Keramikk_1_ mann som produserer keramikk\" title=\"Keramikk_1\" loading=\"lazy\" \/><\/div>\n\t\t<\/figure>\n\t<\/div>\n<\/div><\/div><\/div><div class=\"wpb_column vc_column_container vc_col-sm-6\"><div class=\"vc_column-inner\"><div class=\"wpb_wrapper\">\n\t<div  class=\"wpb_single_image wpb_content_element vc_align_center wpb_content_element\">\n\t\t\n\t\t<figure class=\"wpb_wrapper vc_figure\">\n\t\t\t<div class=\"vc_single_image-wrapper   vc_box_border_grey\"><img decoding=\"async\" class=\"vc_single_image-img\" src=\"https:\/\/tibladin.dk\/wp-content\/uploads\/2025\/01\/keramik_19-600x700.jpg\" width=\"600\" height=\"700\" alt=\"keramikk_19_mann som produserer keramikk\" title=\"keramikk_19\" loading=\"lazy\" \/><\/div>\n\t\t<\/figure>\n\t<\/div>\n<\/div><\/div><\/div><\/div><div class=\"vc_row wpb_row vc_row-fluid\"><div class=\"wpb_column vc_column_container vc_col-sm-12\"><div class=\"vc_column-inner\"><div class=\"wpb_wrapper\"><h2 style=\"text-align: center\" class=\"vc_custom_heading vc_do_custom_heading\" >Marokkansk sjarm<\/h2>\n\t<div class=\"wpb_text_column wpb_content_element\" >\n\t\t<div class=\"wpb_wrapper\">\n\t\t\t<p style=\"text-align: center;\">Marokkansk keramikk er h\u00e5ndlaget av talentfulle h\u00e5ndverkere, noe som gir hvert stykke en unik og rustikk sjarm. Enten det er en keramisk bolle p\u00e5 kj\u00f8kkenbenken eller et dekorativt keramisk fat, bringer marokkansk keramikk farge, personlighet og kulturell dybde inn i hjemmet.<\/p>\n<p style=\"text-align: center;\">Den fargerike marokkanske keramikken er h\u00e5ndplukket fra et kooperativ som samarbeider med designere fra hele Marokko. Keramikken er f\u00f8rst og fremst inspirert av Safi, hvor mange av de dyktige keramikerne ogs\u00e5 har sine r\u00f8tter. Samtidig utvikles det kontinuerlig nye design i samarbeid med keramikere fra andre omr\u00e5der.<\/p>\n\n\t\t<\/div>\n\t<\/div>\n<\/div><\/div><\/div><\/div><div class=\"vc_row wpb_row vc_row-fluid\"><div class=\"wpb_column vc_column_container vc_col-sm-6\"><div class=\"vc_column-inner\"><div class=\"wpb_wrapper\">\n\t<div  class=\"wpb_single_image wpb_content_element vc_align_center wpb_content_element\">\n\t\t\n\t\t<figure class=\"wpb_wrapper vc_figure\">\n\t\t\t<div class=\"vc_single_image-wrapper   vc_box_border_grey\"><img decoding=\"async\" class=\"vc_single_image-img\" src=\"https:\/\/tibladin.dk\/wp-content\/uploads\/2025\/01\/keramik_13-600x700.jpg\" width=\"600\" height=\"700\" alt=\"keramikk_13_r\u00e5materiale for produksjon av keramikk\" title=\"keramikk_13\" loading=\"lazy\" \/><\/div>\n\t\t<\/figure>\n\t<\/div>\n<\/div><\/div><\/div><div class=\"wpb_column vc_column_container vc_col-sm-6\"><div class=\"vc_column-inner\"><div class=\"wpb_wrapper\">\n\t<div  class=\"wpb_single_image wpb_content_element vc_align_center wpb_content_element\">\n\t\t\n\t\t<figure class=\"wpb_wrapper vc_figure\">\n\t\t\t<div class=\"vc_single_image-wrapper   vc_box_border_grey\"><img decoding=\"async\" class=\"vc_single_image-img\" src=\"https:\/\/tibladin.dk\/wp-content\/uploads\/2025\/01\/keramik_21-600x700.jpg\" width=\"600\" height=\"700\" alt=\"keramikk_21_r\u00e5materiale_til_produksjon\" title=\"keramikk_21\" loading=\"lazy\" \/><\/div>\n\t\t<\/figure>\n\t<\/div>\n<\/div><\/div><\/div><\/div><div class=\"vc_row wpb_row vc_row-fluid\"><div class=\"wpb_column vc_column_container vc_col-sm-12\"><div class=\"vc_column-inner\"><div class=\"wpb_wrapper\"><h2 style=\"text-align: center\" class=\"vc_custom_heading vc_do_custom_heading\" >Historien om marokkansk keramikk<\/h2>\n\t<div class=\"wpb_text_column wpb_content_element\" >\n\t\t<div class=\"wpb_wrapper\">\n\t\t\t<p style=\"text-align: center;\">Marokko, kjent for sin rike kultur, tiltrekker seg mange turister, og en av de mest popul\u00e6re skattene er marokkansk keramikk. Denne kunstformen, som kombinerer berberisk arv med arabiske motiver, gj\u00f8r Marokko til en av de ledende produsentene av keramikk og steint\u00f8y, inkludert keramiske boller, fat og annet steint\u00f8y.<\/p>\n<p style=\"text-align: center;\">Marokkansk keramikk har en historie som g\u00e5r mer enn 6000 \u00e5r tilbake, da berberne f\u00f8rst begynte \u00e5 lage de ikoniske keramiske kunstverkene. Berberne regnes som opphavsmennene til denne tradisjonen, som alltid har v\u00e6rt en viktig del av marokkansk h\u00e5ndverk.<\/p>\n<p style=\"text-align: center;\">I Marokko finner du et vell av marokkanske keramiske boller, fat og annet steint\u00f8y. Tibladins marokkanske keramikk er laget i Marrakech i samarbeid med kunstnere fra byen Safi, noe som betyr at keramikken er sterkt inspirert av den velkjente Safi-stilen. Safi, en havneby og provinsby i det vestlige Marokko, er kjent for sin h\u00e5ndlagde keramikk.<\/p>\n\n\t\t<\/div>\n\t<\/div>\n<\/div><\/div><\/div><\/div><div class=\"vc_row wpb_row vc_row-fluid\"><div class=\"wpb_column vc_column_container vc_col-sm-12\"><div class=\"vc_column-inner\"><div class=\"wpb_wrapper\"><h2 style=\"text-align: center\" class=\"vc_custom_heading vc_do_custom_heading\" >En fusjon av tradisjon og skandinavisk design<\/h2>\n\t<div class=\"wpb_text_column wpb_content_element\" >\n\t\t<div class=\"wpb_wrapper\">\n\t\t\t<p style=\"text-align: center;\">Tamegroute-keramikken, med sitt rustikke og unike uttrykk, stammer fra en liten landsby i S\u00f8r-Marokko. Her, p\u00e5 det eneste stedet i verden hvor denne spesielle keramikken produseres, brukes en hemmelig oppskrift som har g\u00e5tt i arv gjennom generasjoner. Det er denne kombinasjonen av tradisjon og autentisitet som har gjort Tamegroute-keramikken til noe virkelig spesielt.<\/p>\n<p style=\"text-align: center;\">Mette Frank Bijaad, eieren av Tibladin, har en dyp kj\u00e6rlighet for rustikk design og setter pris p\u00e5 de h\u00e5ndverkstradisjonene som ligger bak hvert keramikkstykke. Samtidig deler Mette en visjon med produsenten i Marokko, som ikke bare holder seg til tradisjonelle teknikker, men ogs\u00e5 er fremtidsrettet og villig til \u00e5 eksperimentere med nye design. Denne \u00e5penheten har skapt en unik mulighet til \u00e5 forene det tidl\u00f8se Tamegroute-h\u00e5ndverket med den minimalistiske skandinaviske designen som Tibladin er kjent for.<\/p>\n<p style=\"text-align: center;\">Resultatet er en harmonisk fusjon som forener det r\u00e5 og organiske med det enkle og stilfulle \u2013 en hyllest til b\u00e5de tradisjon og modernitet. Tibladin tilbyr derfor et eksklusivt utvalg av Tamegroute-keramikk som appellerer til de som \u00f8nsker noe unikt og meningsfullt til hjemmet sitt.<\/p>\n\n\t\t<\/div>\n\t<\/div>\n<\/div><\/div><\/div><\/div><div class=\"vc_row wpb_row vc_row-fluid\"><div class=\"wpb_column vc_column_container vc_col-sm-6\"><div class=\"vc_column-inner\"><div class=\"wpb_wrapper\">\n\t<div  class=\"wpb_single_image wpb_content_element vc_align_center wpb_content_element\">\n\t\t\n\t\t<figure class=\"wpb_wrapper vc_figure\">\n\t\t\t<div class=\"vc_single_image-wrapper   vc_box_border_grey\"><img decoding=\"async\" class=\"vc_single_image-img\" src=\"https:\/\/tibladin.dk\/wp-content\/uploads\/2025\/01\/keramik_8-600x700.jpg\" width=\"600\" height=\"700\" alt=\"Keramikkovn i Marokko\" title=\"keramikk_8\" loading=\"lazy\" \/><\/div>\n\t\t<\/figure>\n\t<\/div>\n<\/div><\/div><\/div><div class=\"wpb_column vc_column_container vc_col-sm-6\"><div class=\"vc_column-inner\"><div class=\"wpb_wrapper\">\n\t<div  class=\"wpb_single_image wpb_content_element vc_align_center wpb_content_element\">\n\t\t\n\t\t<figure class=\"wpb_wrapper vc_figure\">\n\t\t\t<div class=\"vc_single_image-wrapper   vc_box_border_grey\"><img decoding=\"async\" class=\"vc_single_image-img\" src=\"https:\/\/tibladin.dk\/wp-content\/uploads\/2025\/01\/keramik_12-1-600x700.jpg\" width=\"600\" height=\"700\" alt=\"keramikk_12_mann som jobber i verkstedet sitt\" title=\"keramikk_12\" loading=\"lazy\" \/><\/div>\n\t\t<\/figure>\n\t<\/div>\n<\/div><\/div><\/div><\/div><div class=\"vc_row wpb_row vc_row-fluid\"><div class=\"wpb_column vc_column_container vc_col-sm-12\"><div class=\"vc_column-inner\"><div class=\"wpb_wrapper\"><h2 style=\"text-align: center\" class=\"vc_custom_heading vc_do_custom_heading\" >Unik design<\/h2>\n\t<div class=\"wpb_text_column wpb_content_element\" >\n\t\t<div class=\"wpb_wrapper\">\n\t\t\t<p style=\"text-align: center;\">Hos Tibladin er keramikk en hyllest til b\u00e5de funksjonalitet og estetikk. Mette Frank Bijaad spiller en viktig rolle i flere faser av designprosessen, hvor hennes skarpe \u00f8ye for detaljer og ber\u00f8ringssans utgj\u00f8r en betydelig forskjell. N\u00e5r hun utvikler nye produkter, er det spesielt formene p\u00e5 tallerkener og boller, samt h\u00e5ndtakene p\u00e5 kanner, som Mette setter sitt preg p\u00e5. Hun verdsetter at keramikk ikke bare skal v\u00e6re vakkert \u00e5 se p\u00e5, men ogs\u00e5 deilig \u00e5 holde i.<\/p>\n<p style=\"text-align: center;\">En spesiell kj\u00e6rlighet for kontraster kjennetegner ogs\u00e5 Tibladins design. Mette er entusiastisk opptatt av \u00e5 leke med glasurer, der fargespillet skaper noe unikt. For eksempel kan den ene halvdelen av en bolle glaseres i en n\u00f8ytral hvit tone, mens den andre halvdelen har en livlig, lys farge. Disse fargekontrastene gir produktene et moderne og i\u00f8ynefallende uttrykk, samtidig som de respekterer det rustikke og autentiske.<\/p>\n<p style=\"text-align: center;\">N\u00e5r vi utvikler form og design, vurderer vi ogs\u00e5 hvordan produktene kan brukes i praksis. Sk\u00e5lene og tallerkenene er laget med en allsidighet som gj\u00f8r dem perfekte for alt fra servering av poke bowls til darl. Det er denne kombinasjonen av funksjonalitet og skj\u00f8nnhet som gj\u00f8r Tibladin-keramikk til noe helt spesielt \u2013 og som skaper produkter som er b\u00e5de unike og nyttige i hverdagen.<\/p>\n\n\t\t<\/div>\n\t<\/div>\n<\/div><\/div><\/div><\/div><div class=\"vc_row wpb_row vc_row-fluid\"><div class=\"wpb_column vc_column_container vc_col-sm-12\"><div class=\"vc_column-inner\"><div class=\"wpb_wrapper\"><h2 style=\"text-align: center\" class=\"vc_custom_heading vc_do_custom_heading\" >Produksjonen<\/h2>\n\t<div class=\"wpb_text_column wpb_content_element\" >\n\t\t<div class=\"wpb_wrapper\">\n\t\t\t<p style=\"text-align: center;\">Marokkansk keramikk lages med tre typer leire: r\u00f8d, gul og hvit leire. F\u00f8r leiren kan brukes til keramiske fat og sk\u00e5ler, siktes den og finrenses for \u00e5 fjerne steiner og kalkstein. For \u00e5 oppn\u00e5 dette legges leiren i vanntanker i lang tid. Leiren m\u00e5 deretter t\u00f8rkes i solen i flere timer f\u00f8r den kan brukes til \u00e5 lage marokkansk keramikk.<\/p>\n<p style=\"text-align: center;\">N\u00e5r leiren er forberedt, eltes den, og i Marokko gj\u00f8res dette tradisjonelt med f\u00f8ttene. H\u00e5ndverkeren tr\u00e5kker p\u00e5 den v\u00e5te leiren for \u00e5 massere og kna den grundig, og fjerner alle luftbobler. Dette er en viktig prosess for \u00e5 unng\u00e5 sprekker i keramikken etter brenning.<\/p>\n<p style=\"text-align: center;\">N\u00e5r eltingen er fullf\u00f8rt, formes leiren til keramiske boller og fat, som du finner her p\u00e5 siden. Leiren t\u00f8rkes deretter i solen f\u00f8r den brennes i en ovn ved h\u00f8ye temperaturer, mellom 900 og 1200 grader.<\/p>\n<p style=\"text-align: center;\">Det siste trinnet i produksjonen av marokkansk keramikk er dekorasjonen, ogs\u00e5 kalt \u201czwak\u201d p\u00e5 arabisk. Marokkanske keramiske boller og fat har former og symboler inspirert av amazigh-kulturen og vers fra Koranen.<\/p>\n<p style=\"text-align: center;\">For \u00e5 gi keramikken et glatt og skinnende utseende, er marokkansk keramikk belagt med et tynt lag med farger. Fargene skapes av oksider (jernoksid for brunt, kobber for gr\u00f8nt og kobolt for bl\u00e5tt), og prosessen kalles \u201cglasurering\u201d. Dette gir keramikken en vakker glans. Til slutt gjennomg\u00e5r marokkanske keramikksk\u00e5ler og fat en siste brenning i ovnen.<\/p>\n<p style=\"text-align: center;\"><a href=\"https:\/\/tibladin.dk\/nb\/produktkategori-2\/interioer\/borddekking\/marokkansk-keramikk\/\">Utforsk v\u00e5rt keramikkunivers<\/a><b>, <\/b>og bli inspirert av den rike historien og kulturen som er vevd inn i hvert produkt.<\/p>\n\n\t\t<\/div>\n\t<\/div>\n<\/div><\/div><\/div><\/div>\n<\/div>","protected":false},"excerpt":{"rendered":"Produktion af vores keramik \"Marokkansk keramik rummer en dyb tradition og historie, som jeg er dybt fascineret af. Hos Tibladin h\u00e5ndplukker jeg med omhu farverig keramik og samarbejder med lokale kooperativer for at st\u00f8tte de dygtige kunstnere. Samtidig udvikler vi vores egne produkter, hvor vi forener det autentiske marokkanske design med den enkle elegance fra [...]","protected":false},"author":2,"featured_media":0,"parent":0,"menu_order":0,"comment_status":"closed","ping_status":"closed","template":"template-fullwidth-no-heading.php","meta":{"inline_featured_image":false,"footnotes":""},"class_list":["post-34358","page","type-page","status-publish","hentry"],"yoast_head":"<!-- This site is optimized with the Yoast SEO plugin v27.5 - https:\/\/yoast.com\/product\/yoast-seo-wordpress\/ -->\n<title>Produktion af vores keramik | Tibladin &amp; Marokkansk Keramik<\/title>\n<meta name=\"description\" content=\"Tibladin samarbejder med dygtige keramikere om at skabe unikke stent\u00f8jskollektioner. Vi kombinerer egne designs med marokkansk keramik.\" \/>\n<meta name=\"robots\" content=\"index, follow, max-snippet:-1, max-image-preview:large, max-video-preview:-1\" \/>\n<link rel=\"canonical\" href=\"https:\/\/tibladin.dk\/nb\/produksjonen-av-vaar-keramikk\/\" \/>\n<meta property=\"og:locale\" content=\"nb_NO\" \/>\n<meta property=\"og:type\" content=\"article\" \/>\n<meta property=\"og:title\" content=\"Produktion af vores keramik | Tibladin &amp; Marokkansk Keramik\" \/>\n<meta property=\"og:description\" content=\"Tibladin samarbejder med dygtige keramikere om at skabe unikke stent\u00f8jskollektioner. Vi kombinerer egne designs med marokkansk keramik.\" \/>\n<meta property=\"og:url\" content=\"https:\/\/tibladin.dk\/nb\/produksjonen-av-vaar-keramikk\/\" \/>\n<meta property=\"og:site_name\" content=\"Tibladin\" \/>\n<meta property=\"article:modified_time\" content=\"2025-01-27T13:06:50+00:00\" \/>\n<meta name=\"twitter:card\" content=\"summary_large_image\" \/>\n<meta name=\"twitter:label1\" content=\"Ansl. lesetid\" \/>\n\t<meta name=\"twitter:data1\" content=\"7 minutter\" \/>\n<script type=\"application\/ld+json\" class=\"yoast-schema-graph\">{\"@context\":\"https:\\\/\\\/schema.org\",\"@graph\":[{\"@type\":\"WebPage\",\"@id\":\"https:\\\/\\\/tibladin.dk\\\/produktion-af-vores-keramik\\\/\",\"url\":\"https:\\\/\\\/tibladin.dk\\\/produktion-af-vores-keramik\\\/\",\"name\":\"Produktion af vores keramik | Tibladin & Marokkansk Keramik\",\"isPartOf\":{\"@id\":\"https:\\\/\\\/tibladin.dk\\\/#website\"},\"datePublished\":\"2025-01-27T12:32:52+00:00\",\"dateModified\":\"2025-01-27T13:06:50+00:00\",\"description\":\"Tibladin samarbejder med dygtige keramikere om at skabe unikke stent\u00f8jskollektioner. Vi kombinerer egne designs med marokkansk keramik.\",\"breadcrumb\":{\"@id\":\"https:\\\/\\\/tibladin.dk\\\/produktion-af-vores-keramik\\\/#breadcrumb\"},\"inLanguage\":\"nb-NO\",\"potentialAction\":[{\"@type\":\"ReadAction\",\"target\":[\"https:\\\/\\\/tibladin.dk\\\/produktion-af-vores-keramik\\\/\"]}]},{\"@type\":\"BreadcrumbList\",\"@id\":\"https:\\\/\\\/tibladin.dk\\\/produktion-af-vores-keramik\\\/#breadcrumb\",\"itemListElement\":[{\"@type\":\"ListItem\",\"position\":1,\"name\":\"Hjem\",\"item\":\"https:\\\/\\\/tibladin.dk\\\/\"},{\"@type\":\"ListItem\",\"position\":2,\"name\":\"Produktion af vores keramik\"}]},{\"@type\":\"WebSite\",\"@id\":\"https:\\\/\\\/tibladin.dk\\\/#website\",\"url\":\"https:\\\/\\\/tibladin.dk\\\/\",\"name\":\"Tibladin\",\"description\":\"Tibladin\",\"publisher\":{\"@id\":\"https:\\\/\\\/tibladin.dk\\\/#organization\"},\"potentialAction\":[{\"@type\":\"SearchAction\",\"target\":{\"@type\":\"EntryPoint\",\"urlTemplate\":\"https:\\\/\\\/tibladin.dk\\\/?s={search_term_string}\"},\"query-input\":{\"@type\":\"PropertyValueSpecification\",\"valueRequired\":true,\"valueName\":\"search_term_string\"}}],\"inLanguage\":\"nb-NO\"},{\"@type\":\"Organization\",\"@id\":\"https:\\\/\\\/tibladin.dk\\\/#organization\",\"name\":\"Tibladin\",\"url\":\"https:\\\/\\\/tibladin.dk\\\/\",\"logo\":{\"@type\":\"ImageObject\",\"inLanguage\":\"nb-NO\",\"@id\":\"https:\\\/\\\/tibladin.dk\\\/#\\\/schema\\\/logo\\\/image\\\/\",\"url\":\"https:\\\/\\\/tibladin.dk\\\/wp-content\\\/uploads\\\/2022\\\/09\\\/tibladin_logo.svg\",\"contentUrl\":\"https:\\\/\\\/tibladin.dk\\\/wp-content\\\/uploads\\\/2022\\\/09\\\/tibladin_logo.svg\",\"caption\":\"Tibladin\"},\"image\":{\"@id\":\"https:\\\/\\\/tibladin.dk\\\/#\\\/schema\\\/logo\\\/image\\\/\"}}]}<\/script>\n<!-- \/ Yoast SEO plugin. -->","yoast_head_json":{"title":"Produksjon av v\u00e5r keramikk | Tibladin og marokkansk keramikk","description":"Tibladin samarbeider med dyktige keramikere for \u00e5 skape unike steint\u00f8yskolleksjoner. Vi kombinerer v\u00e5re egne design med marokkansk keramikk.","robots":{"index":"index","follow":"follow","max-snippet":"max-snippet:-1","max-image-preview":"max-image-preview:large","max-video-preview":"max-video-preview:-1"},"canonical":"https:\/\/tibladin.dk\/nb\/produksjonen-av-vaar-keramikk\/","og_locale":"nb_NO","og_type":"article","og_title":"Produktion af vores keramik | Tibladin & Marokkansk Keramik","og_description":"Tibladin samarbejder med dygtige keramikere om at skabe unikke stent\u00f8jskollektioner. Vi kombinerer egne designs med marokkansk keramik.","og_url":"https:\/\/tibladin.dk\/nb\/produksjonen-av-vaar-keramikk\/","og_site_name":"Tibladin","article_modified_time":"2025-01-27T13:06:50+00:00","twitter_card":"summary_large_image","twitter_misc":{"Ansl. lesetid":"7 minutter"},"schema":{"@context":"https:\/\/schema.org","@graph":[{"@type":"WebPage","@id":"https:\/\/tibladin.dk\/produktion-af-vores-keramik\/","url":"https:\/\/tibladin.dk\/produktion-af-vores-keramik\/","name":"Produksjon av v\u00e5r keramikk | Tibladin og marokkansk keramikk","isPartOf":{"@id":"https:\/\/tibladin.dk\/#website"},"datePublished":"2025-01-27T12:32:52+00:00","dateModified":"2025-01-27T13:06:50+00:00","description":"Tibladin samarbeider med dyktige keramikere for \u00e5 skape unike steint\u00f8yskolleksjoner. Vi kombinerer v\u00e5re egne design med marokkansk keramikk.","breadcrumb":{"@id":"https:\/\/tibladin.dk\/produktion-af-vores-keramik\/#breadcrumb"},"inLanguage":"nb-NO","potentialAction":[{"@type":"ReadAction","target":["https:\/\/tibladin.dk\/produktion-af-vores-keramik\/"]}]},{"@type":"BreadcrumbList","@id":"https:\/\/tibladin.dk\/produktion-af-vores-keramik\/#breadcrumb","itemListElement":[{"@type":"ListItem","position":1,"name":"Hjem","item":"https:\/\/tibladin.dk\/"},{"@type":"ListItem","position":2,"name":"Produktion af vores keramik"}]},{"@type":"WebSite","@id":"https:\/\/tibladin.dk\/#website","url":"https:\/\/tibladin.dk\/","name":"Tibladin","description":"Tibladin","publisher":{"@id":"https:\/\/tibladin.dk\/#organization"},"potentialAction":[{"@type":"SearchAction","target":{"@type":"EntryPoint","urlTemplate":"https:\/\/tibladin.dk\/?s={search_term_string}"},"query-input":{"@type":"PropertyValueSpecification","valueRequired":true,"valueName":"search_term_string"}}],"inLanguage":"nb-NO"},{"@type":"Organization","@id":"https:\/\/tibladin.dk\/#organization","name":"Tibladin","url":"https:\/\/tibladin.dk\/","logo":{"@type":"ImageObject","inLanguage":"nb-NO","@id":"https:\/\/tibladin.dk\/#\/schema\/logo\/image\/","url":"https:\/\/tibladin.dk\/wp-content\/uploads\/2022\/09\/tibladin_logo.svg","contentUrl":"https:\/\/tibladin.dk\/wp-content\/uploads\/2022\/09\/tibladin_logo.svg","caption":"Tibladin"},"image":{"@id":"https:\/\/tibladin.dk\/#\/schema\/logo\/image\/"}}]}},"_links":{"self":[{"href":"https:\/\/tibladin.dk\/nb\/wp-json\/wp\/v2\/pages\/34358","targetHints":{"allow":["GET"]}}],"collection":[{"href":"https:\/\/tibladin.dk\/nb\/wp-json\/wp\/v2\/pages"}],"about":[{"href":"https:\/\/tibladin.dk\/nb\/wp-json\/wp\/v2\/types\/page"}],"author":[{"embeddable":true,"href":"https:\/\/tibladin.dk\/nb\/wp-json\/wp\/v2\/users\/2"}],"replies":[{"embeddable":true,"href":"https:\/\/tibladin.dk\/nb\/wp-json\/wp\/v2\/comments?post=34358"}],"version-history":[{"count":37,"href":"https:\/\/tibladin.dk\/nb\/wp-json\/wp\/v2\/pages\/34358\/revisions"}],"predecessor-version":[{"id":34575,"href":"https:\/\/tibladin.dk\/nb\/wp-json\/wp\/v2\/pages\/34358\/revisions\/34575"}],"wp:attachment":[{"href":"https:\/\/tibladin.dk\/nb\/wp-json\/wp\/v2\/media?parent=34358"}],"curies":[{"name":"wp","href":"https:\/\/api.w.org\/{rel}","templated":true}]}}