{"id":34361,"date":"2025-01-27T13:53:46","date_gmt":"2025-01-27T12:53:46","guid":{"rendered":"https:\/\/tibladin.dk\/?page_id=34361"},"modified":"2025-01-27T14:10:06","modified_gmt":"2025-01-27T13:10:06","slug":"produksjonen-av-teppene-og-putene-vaare","status":"publish","type":"page","link":"https:\/\/tibladin.dk\/nb\/produktionen-af-vores-taepper-og-puder\/","title":{"rendered":"Produksjonen av v\u00e5re tepper og puter"},"content":{"rendered":"<div class=\"wpb-content-wrapper\"><div class=\"vc_row wpb_row vc_row-fluid\"><div class=\"wpb_column vc_column_container vc_col-sm-12\"><div class=\"vc_column-inner\"><div class=\"wpb_wrapper\"><div class=\"vc_separator wpb_content_element vc_separator_align_center vc_sep_width_100 vc_sep_pos_align_center vc_separator_no_text vc_sep_color_grey wpb_content_element  wpb_content_element\" ><span class=\"vc_sep_holder vc_sep_holder_l\"><span class=\"vc_sep_line\"><\/span><\/span><span class=\"vc_sep_holder vc_sep_holder_r\"><span class=\"vc_sep_line\"><\/span><\/span>\n<\/div><h1 style=\"text-align: center\" class=\"vc_custom_heading vc_do_custom_heading\" >Produksjonen av v\u00e5re tepper og puter<\/h1>\n\t<div class=\"wpb_text_column wpb_content_element\" >\n\t\t<div class=\"wpb_wrapper\">\n\t\t\t<p style=\"text-align: center;\">\u201cHvert teppe hos Tibladin er n\u00f8ye utvalgt av meg personlig. Jeg g\u00e5r p\u00e5 hvert teppe for \u00e5 f\u00f8le kvaliteten og historien det b\u00e6rer med seg. Jeg er ogs\u00e5 alltid p\u00e5 utkikk etter vakre vintage-tepper som ikke lenger egner seg som gulvtepper, men som kan forvandles til unike puter. Ved \u00e5 resirkulere de gamle teppene gir vi dem nytt liv og lager vakre, h\u00e5ndlagde produkter.\u201d \u2013 Mette Frank Bijaad, eier av Tibladin.<\/p>\n\n\t\t<\/div>\n\t<\/div>\n<\/div><\/div><\/div><\/div><div class=\"vc_row wpb_row vc_row-fluid\"><div class=\"wpb_column vc_column_container vc_col-sm-6\"><div class=\"vc_column-inner\"><div class=\"wpb_wrapper\">\n\t<div  class=\"wpb_single_image wpb_content_element vc_align_center wpb_content_element\">\n\t\t\n\t\t<figure class=\"wpb_wrapper vc_figure\">\n\t\t\t<div class=\"vc_single_image-wrapper   vc_box_border_grey\"><img decoding=\"async\" class=\"vc_single_image-img\" src=\"https:\/\/tibladin.dk\/wp-content\/uploads\/2025\/01\/Taepper-og-puder_27-600x700.jpg\" width=\"600\" height=\"700\" alt=\"Materiale til tepper og puter\" title=\"Tepper-og-puter_27\" loading=\"lazy\" \/><\/div>\n\t\t<\/figure>\n\t<\/div>\n<\/div><\/div><\/div><div class=\"wpb_column vc_column_container vc_col-sm-6\"><div class=\"vc_column-inner\"><div class=\"wpb_wrapper\">\n\t<div  class=\"wpb_single_image wpb_content_element vc_align_center wpb_content_element\">\n\t\t\n\t\t<figure class=\"wpb_wrapper vc_figure\">\n\t\t\t<div class=\"vc_single_image-wrapper   vc_box_border_grey\"><img decoding=\"async\" class=\"vc_single_image-img\" src=\"https:\/\/tibladin.dk\/wp-content\/uploads\/2025\/01\/Taepper-og-puder_28-600x700.jpg\" width=\"600\" height=\"700\" alt=\"Materialer brukt til tepper og puter\" title=\"Tepper-og-puter_28\" loading=\"lazy\" \/><\/div>\n\t\t<\/figure>\n\t<\/div>\n<\/div><\/div><\/div><\/div><div class=\"vc_row wpb_row vc_row-fluid\"><div class=\"wpb_column vc_column_container vc_col-sm-12\"><div class=\"vc_column-inner\"><div class=\"wpb_wrapper\"><h2 style=\"text-align: center\" class=\"vc_custom_heading vc_do_custom_heading\" >Den fineste kvaliteten<\/h2>\n\t<div class=\"wpb_text_column wpb_content_element\" >\n\t\t<div class=\"wpb_wrapper\">\n\t\t\t<p style=\"text-align: center;\">\u00c5 velge et ullteppe er som \u00e5 velge et kunstverk. Alle v\u00e5re m\u00f8nstrede tepper er unike og b\u00e6rer hver sin egen historie, som skal harmonere med hjemmeinnredningen din. Hos Tibladin velger vi n\u00f8ye ut de marokkanske teppene i samarbeid med v\u00e5re leverand\u00f8rer i Marrakech, og vi er stolte av at b\u00e5de bomullstepper og ulltepper er laget av den fineste kvaliteten av bomull og ull.<\/p>\n\n\t\t<\/div>\n\t<\/div>\n<h2 style=\"text-align: center\" class=\"vc_custom_heading vc_do_custom_heading\" >Tradisjon, h\u00e5ndverk og unike historier<\/h2>\n\t<div class=\"wpb_text_column wpb_content_element\" >\n\t\t<div class=\"wpb_wrapper\">\n\t\t\t<p style=\"text-align: center;\">Marokko har en stolt og lang tradisjon for \u00e5 produsere noen av de vakreste h\u00e5ndlagde ullteppene. Dette eldgamle h\u00e5ndverket lever fortsatt i beste velg\u00e5ende, med Beni Ouarain- og Boucherouite-tepper som blir h\u00e5ndvevd av kvinner fra berberstammene i Atlasfjellene.<\/p>\n<p style=\"text-align: center;\">Berberne hadde tradisjonelt ikke et skriftspr\u00e5k, og derfor ble historiene deres uttrykt gjennom det fargerike h\u00e5ndverket av tepper. Marokkanske tepper var opprinnelig personlige og var preget av kvinnenes egne historier. I dag lager kvinner mange tepper med forskjellige m\u00f8nstre og historier, som kj\u00f8pes opp av teppehandlere og distribueres over hele verden.<\/p>\n<p style=\"text-align: center;\">Beni Ouarain-stammen best\u00e5r av flere mindre stammer, hvorav noen har flyttet lenger ned i dalene i Atlasfjellene, mens andre fortsatt bor i h\u00f8yden. Livet i fjellene gj\u00f8r sauehold naturlig, noe som gir tilgang til ull av h\u00f8y kvalitet. Det stammene har til felles er at kvinnene vever utrolig myke og luksuri\u00f8se tepper, som vanligvis er laget av lys ull med enkle m\u00f8rke m\u00f8nstre.<\/p>\n<p style=\"text-align: center;\">Boucherouite-tepper er laget av ullrester og noen ganger bomull, noe som gj\u00f8r dem langt mer fargerike enn de enkle Beni Ouarain-teppene. Disse teppene fungerer som unike interi\u00f8relementer som kan gi et mer livlig og fargerikt preg til enhver boliginnredning.<\/p>\n\n\t\t<\/div>\n\t<\/div>\n<\/div><\/div><\/div><\/div><div class=\"vc_row wpb_row vc_row-fluid\"><div class=\"wpb_column vc_column_container vc_col-sm-6\"><div class=\"vc_column-inner\"><div class=\"wpb_wrapper\">\n\t<div  class=\"wpb_single_image wpb_content_element vc_align_center wpb_content_element\">\n\t\t\n\t\t<figure class=\"wpb_wrapper vc_figure\">\n\t\t\t<div class=\"vc_single_image-wrapper   vc_box_border_grey\"><img decoding=\"async\" class=\"vc_single_image-img\" src=\"https:\/\/tibladin.dk\/wp-content\/uploads\/2025\/01\/Taepper-og-puder_23-600x700.jpg\" width=\"600\" height=\"700\" alt=\"Mann som jobber med tepper og puter\" title=\"Tepper-og-puter_23\" loading=\"lazy\" \/><\/div>\n\t\t<\/figure>\n\t<\/div>\n<\/div><\/div><\/div><div class=\"wpb_column vc_column_container vc_col-sm-6\"><div class=\"vc_column-inner\"><div class=\"wpb_wrapper\">\n\t<div  class=\"wpb_single_image wpb_content_element vc_align_center wpb_content_element\">\n\t\t\n\t\t<figure class=\"wpb_wrapper vc_figure\">\n\t\t\t<div class=\"vc_single_image-wrapper   vc_box_border_grey\"><img decoding=\"async\" class=\"vc_single_image-img\" src=\"https:\/\/tibladin.dk\/wp-content\/uploads\/2025\/01\/Puder_taepper_1-600x700.jpg\" width=\"600\" height=\"700\" alt=\"Tepper som ligger utend\u00f8rs\" title=\"Puter_tepper_1\" loading=\"lazy\" \/><\/div>\n\t\t<\/figure>\n\t<\/div>\n<\/div><\/div><\/div><\/div><div class=\"vc_row wpb_row vc_row-fluid\"><div class=\"wpb_column vc_column_container vc_col-sm-12\"><div class=\"vc_column-inner\"><div class=\"wpb_wrapper\"><h2 style=\"text-align: center\" class=\"vc_custom_heading vc_do_custom_heading\" >Naturlige fargestoffer<\/h2>\n\t<div class=\"wpb_text_column wpb_content_element\" >\n\t\t<div class=\"wpb_wrapper\">\n\t\t\t<p style=\"text-align: center;\">De naturlige fargestoffene som brukes i marokkanske tepper er en sann gave fra naturen. Planter som indigo, granateple, safran og kermes skaper en vakker og levende fargepalett som brukes i b\u00e5de marokkanske tepper og l\u00f8pere. Disse naturlige fargestoffene forvandler bomull og ull til autentiske kunstverk, hvor farger og m\u00f8nstre ikke bare pryder gulv, men ogs\u00e5 tilf\u00f8rer en naturlig og tidl\u00f8s skj\u00f8nnhet til stuen og hjemmeinnredningen.<\/p>\n\n\t\t<\/div>\n\t<\/div>\n<h2 style=\"text-align: center\" class=\"vc_custom_heading vc_do_custom_heading\" >Vintage teppeputer<\/h2>\n\t<div class=\"wpb_text_column wpb_content_element\" >\n\t\t<div class=\"wpb_wrapper\">\n\t\t\t<p style=\"text-align: center;\">V\u00e5re unike putetrekk er laget av n\u00f8ye utvalgte vintage-tepper. Teppene lages om til vakre putetrekk i varierende, og noen ganger litt ukonvensjonelle, dimensjoner for \u00e5 utnytte hver centimeter av materialet. Vi utformer n\u00f8ye hvordan teppet skal kuttes, slik at m\u00f8nstrene fremst\u00e5r forskjellig innenfor samme serie med putetrekk. Resultatet er en helt unik pute, kun tilgjengelig i ett eksemplar, og som kan kombineres p\u00e5 tvers for et personlig uttrykk. Baksiden av putene er laget av sterk Kiria-bomull.<\/p>\n\n\t\t<\/div>\n\t<\/div>\n<\/div><\/div><\/div><\/div><div class=\"vc_row wpb_row vc_row-fluid\"><div class=\"wpb_column vc_column_container vc_col-sm-6\"><div class=\"vc_column-inner\"><div class=\"wpb_wrapper\">\n\t<div  class=\"wpb_single_image wpb_content_element vc_align_center wpb_content_element\">\n\t\t\n\t\t<figure class=\"wpb_wrapper vc_figure\">\n\t\t\t<div class=\"vc_single_image-wrapper   vc_box_border_grey\"><img decoding=\"async\" class=\"vc_single_image-img\" src=\"https:\/\/tibladin.dk\/wp-content\/uploads\/2024\/12\/Marokkansk-pude-af-vintage-taeppe_TEDDY_motiv-7_LS-600x700.jpg\" width=\"600\" height=\"700\" alt=\"Marokkansk pute laget av vintage teppe_TEDDY_motiv 7\" title=\"Marokkansk-pute-med-vintage-teppe_TEDDY_motiv-7_LS\" loading=\"lazy\" \/><\/div>\n\t\t<\/figure>\n\t<\/div>\n<\/div><\/div><\/div><div class=\"wpb_column vc_column_container vc_col-sm-6\"><div class=\"vc_column-inner\"><div class=\"wpb_wrapper\">\n\t<div  class=\"wpb_single_image wpb_content_element vc_align_center wpb_content_element\">\n\t\t\n\t\t<figure class=\"wpb_wrapper vc_figure\">\n\t\t\t<div class=\"vc_single_image-wrapper   vc_box_border_grey\"><img decoding=\"async\" class=\"vc_single_image-img\" src=\"https:\/\/tibladin.dk\/wp-content\/uploads\/2025\/01\/Puder_taepper_6-600x700.jpg\" width=\"600\" height=\"700\" alt=\"Teppet blir til en pute\" title=\"Puter_tepper_6\" loading=\"lazy\" \/><\/div>\n\t\t<\/figure>\n\t<\/div>\n<\/div><\/div><\/div><\/div><div class=\"vc_row wpb_row vc_row-fluid\"><div class=\"wpb_column vc_column_container vc_col-sm-12\"><div class=\"vc_column-inner\"><div class=\"wpb_wrapper\"><h2 style=\"text-align: center\" class=\"vc_custom_heading vc_do_custom_heading\" >Oppdag unike tepper og putevar til hjemmet ditt<\/h2>\n\t<div class=\"wpb_text_column wpb_content_element\" >\n\t\t<div class=\"wpb_wrapper\">\n\t\t\t<p style=\"text-align: center;\"><a href=\"https:\/\/tibladin.dk\/nb\/produktkategori-2\/marokkanske-tepper\/\">Utforsk v\u00e5rt utvalg av tepper<\/a>, som kan tilf\u00f8re varme og karakter til hjemmet ditt, eller <a href=\"https:\/\/tibladin.dk\/nb\/produktkategori-2\/interioer\/hjemmetilbehoer\/tekstiler\/putevar\/vintage-teppeputer\/\">oppdag v\u00e5re unike putetrekk<\/a>, som skaper et personlig og s\u00e6regent preg i interi\u00f8ret ditt. Bli inspirert av kolleksjonene v\u00e5re og finn elementene som passer din stil.<\/p>\n\n\t\t<\/div>\n\t<\/div>\n<\/div><\/div><\/div><\/div>\n<\/div>","protected":false},"excerpt":{"rendered":"Produktionen af vores t\u00e6pper og puder \"Hvert t\u00e6ppe hos Tibladin er n\u00f8je udvalgt af mig personligt. Jeg g\u00e5r p\u00e5 hvert t\u00e6ppe for at m\u00e6rke kvaliteten og historien, det b\u00e6rer med sig. Jeg s\u00f8ger ogs\u00e5 altid smukke vintage t\u00e6pper, som ikke l\u00e6ngere egner sig som gulvt\u00e6pper, men som kan forvandles til unikke puder. Ved at genanvende [...]","protected":false},"author":2,"featured_media":0,"parent":0,"menu_order":0,"comment_status":"closed","ping_status":"closed","template":"template-fullwidth-no-heading.php","meta":{"inline_featured_image":false,"footnotes":""},"class_list":["post-34361","page","type-page","status-publish","hentry"],"yoast_head":"<!-- This site is optimized with the Yoast SEO plugin v27.5 - https:\/\/yoast.com\/product\/yoast-seo-wordpress\/ -->\n<title>Produktionen af vores t\u00e6pper og puder | Tradition og h\u00e5ndv\u00e6rk<\/title>\n<meta name=\"description\" content=\"Vores h\u00e5ndlavede t\u00e6pper og pudder er udvalgt med fokus p\u00e5 traditionelt h\u00e5ndv\u00e6rk, naturlige farvestoffer og h\u00f8j kvalitet.\" \/>\n<meta name=\"robots\" content=\"index, follow, max-snippet:-1, max-image-preview:large, max-video-preview:-1\" \/>\n<link rel=\"canonical\" href=\"https:\/\/tibladin.dk\/nb\/produksjonen-av-teppene-og-putene-vaare\/\" \/>\n<meta property=\"og:locale\" content=\"nb_NO\" \/>\n<meta property=\"og:type\" content=\"article\" \/>\n<meta property=\"og:title\" content=\"Produktionen af vores t\u00e6pper og puder | Tradition og h\u00e5ndv\u00e6rk\" \/>\n<meta property=\"og:description\" content=\"Vores h\u00e5ndlavede t\u00e6pper og pudder er udvalgt med fokus p\u00e5 traditionelt h\u00e5ndv\u00e6rk, naturlige farvestoffer og h\u00f8j kvalitet.\" \/>\n<meta property=\"og:url\" content=\"https:\/\/tibladin.dk\/nb\/produksjonen-av-teppene-og-putene-vaare\/\" \/>\n<meta property=\"og:site_name\" content=\"Tibladin\" \/>\n<meta property=\"article:modified_time\" content=\"2025-01-27T13:10:06+00:00\" \/>\n<meta name=\"twitter:card\" content=\"summary_large_image\" \/>\n<meta name=\"twitter:label1\" content=\"Ansl. lesetid\" \/>\n\t<meta name=\"twitter:data1\" content=\"5 minutter\" \/>\n<script type=\"application\/ld+json\" class=\"yoast-schema-graph\">{\"@context\":\"https:\\\/\\\/schema.org\",\"@graph\":[{\"@type\":\"WebPage\",\"@id\":\"https:\\\/\\\/tibladin.dk\\\/produktionen-af-vores-taepper-og-puder\\\/\",\"url\":\"https:\\\/\\\/tibladin.dk\\\/produktionen-af-vores-taepper-og-puder\\\/\",\"name\":\"Produktionen af vores t\u00e6pper og puder | Tradition og h\u00e5ndv\u00e6rk\",\"isPartOf\":{\"@id\":\"https:\\\/\\\/tibladin.dk\\\/#website\"},\"datePublished\":\"2025-01-27T12:53:46+00:00\",\"dateModified\":\"2025-01-27T13:10:06+00:00\",\"description\":\"Vores h\u00e5ndlavede t\u00e6pper og pudder er udvalgt med fokus p\u00e5 traditionelt h\u00e5ndv\u00e6rk, naturlige farvestoffer og h\u00f8j kvalitet.\",\"breadcrumb\":{\"@id\":\"https:\\\/\\\/tibladin.dk\\\/produktionen-af-vores-taepper-og-puder\\\/#breadcrumb\"},\"inLanguage\":\"nb-NO\",\"potentialAction\":[{\"@type\":\"ReadAction\",\"target\":[\"https:\\\/\\\/tibladin.dk\\\/produktionen-af-vores-taepper-og-puder\\\/\"]}]},{\"@type\":\"BreadcrumbList\",\"@id\":\"https:\\\/\\\/tibladin.dk\\\/produktionen-af-vores-taepper-og-puder\\\/#breadcrumb\",\"itemListElement\":[{\"@type\":\"ListItem\",\"position\":1,\"name\":\"Hjem\",\"item\":\"https:\\\/\\\/tibladin.dk\\\/\"},{\"@type\":\"ListItem\",\"position\":2,\"name\":\"Produktionen af vores t\u00e6pper og puder\"}]},{\"@type\":\"WebSite\",\"@id\":\"https:\\\/\\\/tibladin.dk\\\/#website\",\"url\":\"https:\\\/\\\/tibladin.dk\\\/\",\"name\":\"Tibladin\",\"description\":\"Tibladin\",\"publisher\":{\"@id\":\"https:\\\/\\\/tibladin.dk\\\/#organization\"},\"potentialAction\":[{\"@type\":\"SearchAction\",\"target\":{\"@type\":\"EntryPoint\",\"urlTemplate\":\"https:\\\/\\\/tibladin.dk\\\/?s={search_term_string}\"},\"query-input\":{\"@type\":\"PropertyValueSpecification\",\"valueRequired\":true,\"valueName\":\"search_term_string\"}}],\"inLanguage\":\"nb-NO\"},{\"@type\":\"Organization\",\"@id\":\"https:\\\/\\\/tibladin.dk\\\/#organization\",\"name\":\"Tibladin\",\"url\":\"https:\\\/\\\/tibladin.dk\\\/\",\"logo\":{\"@type\":\"ImageObject\",\"inLanguage\":\"nb-NO\",\"@id\":\"https:\\\/\\\/tibladin.dk\\\/#\\\/schema\\\/logo\\\/image\\\/\",\"url\":\"https:\\\/\\\/tibladin.dk\\\/wp-content\\\/uploads\\\/2022\\\/09\\\/tibladin_logo.svg\",\"contentUrl\":\"https:\\\/\\\/tibladin.dk\\\/wp-content\\\/uploads\\\/2022\\\/09\\\/tibladin_logo.svg\",\"caption\":\"Tibladin\"},\"image\":{\"@id\":\"https:\\\/\\\/tibladin.dk\\\/#\\\/schema\\\/logo\\\/image\\\/\"}}]}<\/script>\n<!-- \/ Yoast SEO plugin. -->","yoast_head_json":{"title":"Produksjonen av v\u00e5re tepper og puter | Tradisjon og h\u00e5ndverk","description":"V\u00e5re h\u00e5ndlagde tepper og pudder er utvalgt med fokus p\u00e5 tradisjonelt h\u00e5ndverk, naturlige fargestoffer og h\u00f8y kvalitet.","robots":{"index":"index","follow":"follow","max-snippet":"max-snippet:-1","max-image-preview":"max-image-preview:large","max-video-preview":"max-video-preview:-1"},"canonical":"https:\/\/tibladin.dk\/nb\/produksjonen-av-teppene-og-putene-vaare\/","og_locale":"nb_NO","og_type":"article","og_title":"Produktionen af vores t\u00e6pper og puder | Tradition og h\u00e5ndv\u00e6rk","og_description":"Vores h\u00e5ndlavede t\u00e6pper og pudder er udvalgt med fokus p\u00e5 traditionelt h\u00e5ndv\u00e6rk, naturlige farvestoffer og h\u00f8j kvalitet.","og_url":"https:\/\/tibladin.dk\/nb\/produksjonen-av-teppene-og-putene-vaare\/","og_site_name":"Tibladin","article_modified_time":"2025-01-27T13:10:06+00:00","twitter_card":"summary_large_image","twitter_misc":{"Ansl. lesetid":"5 minutter"},"schema":{"@context":"https:\/\/schema.org","@graph":[{"@type":"WebPage","@id":"https:\/\/tibladin.dk\/produktionen-af-vores-taepper-og-puder\/","url":"https:\/\/tibladin.dk\/produktionen-af-vores-taepper-og-puder\/","name":"Produksjonen av v\u00e5re tepper og puter | Tradisjon og h\u00e5ndverk","isPartOf":{"@id":"https:\/\/tibladin.dk\/#website"},"datePublished":"2025-01-27T12:53:46+00:00","dateModified":"2025-01-27T13:10:06+00:00","description":"V\u00e5re h\u00e5ndlagde tepper og pudder er utvalgt med fokus p\u00e5 tradisjonelt h\u00e5ndverk, naturlige fargestoffer og h\u00f8y kvalitet.","breadcrumb":{"@id":"https:\/\/tibladin.dk\/produktionen-af-vores-taepper-og-puder\/#breadcrumb"},"inLanguage":"nb-NO","potentialAction":[{"@type":"ReadAction","target":["https:\/\/tibladin.dk\/produktionen-af-vores-taepper-og-puder\/"]}]},{"@type":"BreadcrumbList","@id":"https:\/\/tibladin.dk\/produktionen-af-vores-taepper-og-puder\/#breadcrumb","itemListElement":[{"@type":"ListItem","position":1,"name":"Hjem","item":"https:\/\/tibladin.dk\/"},{"@type":"ListItem","position":2,"name":"Produktionen af vores t\u00e6pper og puder"}]},{"@type":"WebSite","@id":"https:\/\/tibladin.dk\/#website","url":"https:\/\/tibladin.dk\/","name":"Tibladin","description":"Tibladin","publisher":{"@id":"https:\/\/tibladin.dk\/#organization"},"potentialAction":[{"@type":"SearchAction","target":{"@type":"EntryPoint","urlTemplate":"https:\/\/tibladin.dk\/?s={search_term_string}"},"query-input":{"@type":"PropertyValueSpecification","valueRequired":true,"valueName":"search_term_string"}}],"inLanguage":"nb-NO"},{"@type":"Organization","@id":"https:\/\/tibladin.dk\/#organization","name":"Tibladin","url":"https:\/\/tibladin.dk\/","logo":{"@type":"ImageObject","inLanguage":"nb-NO","@id":"https:\/\/tibladin.dk\/#\/schema\/logo\/image\/","url":"https:\/\/tibladin.dk\/wp-content\/uploads\/2022\/09\/tibladin_logo.svg","contentUrl":"https:\/\/tibladin.dk\/wp-content\/uploads\/2022\/09\/tibladin_logo.svg","caption":"Tibladin"},"image":{"@id":"https:\/\/tibladin.dk\/#\/schema\/logo\/image\/"}}]}},"_links":{"self":[{"href":"https:\/\/tibladin.dk\/nb\/wp-json\/wp\/v2\/pages\/34361","targetHints":{"allow":["GET"]}}],"collection":[{"href":"https:\/\/tibladin.dk\/nb\/wp-json\/wp\/v2\/pages"}],"about":[{"href":"https:\/\/tibladin.dk\/nb\/wp-json\/wp\/v2\/types\/page"}],"author":[{"embeddable":true,"href":"https:\/\/tibladin.dk\/nb\/wp-json\/wp\/v2\/users\/2"}],"replies":[{"embeddable":true,"href":"https:\/\/tibladin.dk\/nb\/wp-json\/wp\/v2\/comments?post=34361"}],"version-history":[{"count":18,"href":"https:\/\/tibladin.dk\/nb\/wp-json\/wp\/v2\/pages\/34361\/revisions"}],"predecessor-version":[{"id":34578,"href":"https:\/\/tibladin.dk\/nb\/wp-json\/wp\/v2\/pages\/34361\/revisions\/34578"}],"wp:attachment":[{"href":"https:\/\/tibladin.dk\/nb\/wp-json\/wp\/v2\/media?parent=34361"}],"curies":[{"name":"wp","href":"https:\/\/api.w.org\/{rel}","templated":true}]}}