{"id":4128,"date":"2022-10-14T09:33:49","date_gmt":"2022-10-14T07:33:49","guid":{"rendered":"https:\/\/tibladin.dk\/?page_id=4128"},"modified":"2025-01-27T14:43:55","modified_gmt":"2025-01-27T13:43:55","slug":"om-tibladin","status":"publish","type":"page","link":"https:\/\/tibladin.dk\/nb\/om-tibladin\/","title":{"rendered":"Om Tibladin"},"content":{"rendered":"<div class=\"wpb-content-wrapper\"><section data-vc-full-width=\"true\" data-vc-full-width-temp=\"true\" data-vc-full-width-init=\"false\" class=\"vc_section vc_custom_1666001388259 vc_section-has-fill vc_row-o-full-height vc_section-o-content-middle vc_section-flex\"><div class=\"vc_row wpb_row vc_row-fluid\"><div class=\"wpb_column vc_column_container vc_col-sm-12\"><div class=\"vc_column-inner\"><div class=\"wpb_wrapper\"><h1 style=\"font-size: 4rem;color: #ffffff;text-align: center\" class=\"vc_custom_heading vc_do_custom_heading vc_custom_1666000350200\" >Om Tibladin<\/h1><div style=\"font-size: 1.3rem;color: #ffffff;text-align: center\" class=\"vc_custom_heading vc_do_custom_heading\" >En lidenskap for marokkansk h\u00e5ndverk<\/div><\/div><\/div><\/div><\/div><\/section><div class=\"vc_row-full-width vc_clearfix\"><\/div><div class=\"vc_row wpb_row vc_row-fluid max-width-col vc_custom_1698923700774\"><div class=\"wpb_column vc_column_container vc_col-sm-12\"><div class=\"vc_column-inner\"><div class=\"wpb_wrapper\"><h2 style=\"text-align: center\" class=\"vc_custom_heading vc_do_custom_heading\" >'Sm\u00e5 flate steiner'<\/h2><div style=\"font-size: 1.3rem;text-align: center\" class=\"vc_custom_heading vc_do_custom_heading\" >\u2018Tibladin\u2019 er et berberisk ord som betyr sm\u00e5, flate steiner. Tibladin var det svigerforeldrene mine kalte mannens barndomshjem. For meg symboliserer det de f\u00f8rste byggesteinene i bedriften min.<\/div><div class=\"vc_empty_space\"   style=\"height: 32px\"><span class=\"vc_empty_space_inner\"><\/span><\/div>\n\t<div class=\"wpb_text_column wpb_content_element\" >\n\t\t<div class=\"wpb_wrapper\">\n\t\t\t<p style=\"text-align: center;\"><strong>Mette Frank Bijaad<br \/>\n<\/strong>Eier av Tibladin<\/p>\n\n\t\t<\/div>\n\t<\/div>\n<\/div><\/div><\/div><\/div><div class=\"vc_row wpb_row vc_row-fluid vc_row-o-content-middle vc_row-flex\"><div class=\"wpb_column vc_column_container vc_col-sm-6\"><div class=\"vc_column-inner\"><div class=\"wpb_wrapper\">\n\t<div  class=\"wpb_single_image wpb_content_element vc_align_left wpb_content_element\">\n\t\t\n\t\t<figure class=\"wpb_wrapper vc_figure\">\n\t\t\t<div class=\"vc_single_image-wrapper   vc_box_border_grey\"><img loading=\"lazy\" decoding=\"async\" width=\"800\" height=\"800\" src=\"https:\/\/tibladin.dk\/wp-content\/uploads\/2022\/09\/Tibladin_marokkansk-pendel-rafia-kurvelampe_stjerneformet_LS3-1.jpg\" class=\"vc_single_image-img attachment-large\" alt=\"Marokkansk h\u00e5ndlaget raffialampe i stjerneformet rotting, med modell st\u00e5ende ved et dekket bord\" title=\"Tibladin marokkansk pendellampe Rafia kurvlampe stjerneformet LS3 1.jpg\" srcset=\"https:\/\/tibladin.dk\/wp-content\/uploads\/2022\/09\/Tibladin_marokkansk-pendel-rafia-kurvelampe_stjerneformet_LS3-1.jpg 800w, https:\/\/tibladin.dk\/wp-content\/uploads\/2022\/09\/Tibladin_marokkansk-pendel-rafia-kurvelampe_stjerneformet_LS3-1-400x400.jpg 400w, https:\/\/tibladin.dk\/wp-content\/uploads\/2022\/09\/Tibladin_marokkansk-pendel-rafia-kurvelampe_stjerneformet_LS3-1-150x150.jpg 150w, https:\/\/tibladin.dk\/wp-content\/uploads\/2022\/09\/Tibladin_marokkansk-pendel-rafia-kurvelampe_stjerneformet_LS3-1-64x64.jpg 64w, https:\/\/tibladin.dk\/wp-content\/uploads\/2022\/09\/Tibladin_marokkansk-pendel-rafia-kurvelampe_stjerneformet_LS3-1-300x300.jpg 300w, https:\/\/tibladin.dk\/wp-content\/uploads\/2022\/09\/Tibladin_marokkansk-pendel-rafia-kurvelampe_stjerneformet_LS3-1-768x768.jpg 768w, https:\/\/tibladin.dk\/wp-content\/uploads\/2022\/09\/Tibladin_marokkansk-pendel-rafia-kurvelampe_stjerneformet_LS3-1-441x441.jpg 441w, https:\/\/tibladin.dk\/wp-content\/uploads\/2022\/09\/Tibladin_marokkansk-pendel-rafia-kurvelampe_stjerneformet_LS3-1-100x100.jpg 100w\" sizes=\"auto, (max-width: 800px) 100vw, 800px\" \/><\/div>\n\t\t<\/figure>\n\t<\/div>\n<\/div><\/div><\/div><div class=\"wpb_column vc_column_container vc_col-sm-6\"><div class=\"vc_column-inner vc_custom_1666002432636\"><div class=\"wpb_wrapper\"><h2 style=\"text-align: left\" class=\"vc_custom_heading vc_do_custom_heading\" >Marokkansk unikt interi\u00f8r<\/h2>\n\t<div class=\"wpb_text_column wpb_content_element\" >\n\t\t<div class=\"wpb_wrapper\">\n\t\t\t<p>Jeg skapte Tibladin.dk basert p\u00e5 min lidenskap for marokkansk h\u00e5ndverk. Jeg har reist i Marokko de siste 20 \u00e5rene og har v\u00e6rt veldig interessert i marokkansk kultur og h\u00e5ndverk helt fra starten av. Jeg har alltid hatt sans for interi\u00f8rdesign og elsker \u00e5 omgi meg med unike gjenstander som skaper et mer personlig interi\u00f8rdesign. Jeg \u00f8nsker \u00e5 gi deg et stykke Marokko basert p\u00e5 min tolkning, og jeg finner og utvikler produkter med et fint marokkansk uttrykk, men som passer inn i den skandinaviske interi\u00f8rdesignen.<\/p>\n<p>Jeg er gift med en fransk\/marokkansk mann, og vi har et stort nettverk i Marokko, noe som gir meg optimale arbeidsforhold. Jeg velger n\u00f8ye ut leverand\u00f8rer og partnere. God kvalitet og b\u00e6rekraft \u2013 b\u00e5de i materialer, produksjon og samfunns\u00f8konomi \u2013 er sv\u00e6rt viktige parametere for meg.<\/p>\n<p>Jeg h\u00e5per du blir inspirert av mitt univers.<\/p>\n\n\t\t<\/div>\n\t<\/div>\n<div class=\"vc_btn3-container vc_btn3-left vc_do_btn\" ><a onmouseleave=\"this.style.borderColor='#343434'; this.style.backgroundColor='transparent'; this.style.color='#343434'\" onmouseenter=\"this.style.borderColor='#053b43'; this.style.backgroundColor='#053b43'; this.style.color='#ffffff';\" style=\"border-color:#343434; color:#343434;\" class=\"vc_general vc_btn3 vc_btn3-size-md vc_btn3-shape-square vc_btn3-style-outline-custom\" href=\"\/nb\/butikk\/\" title=\"G\u00c5 TIL BUTIKKEN\">HANDLE N\u00c5<\/a><\/div><\/div><\/div><\/div><\/div><div class=\"vc_row wpb_row vc_row-fluid vc_row-o-content-middle vc_row-flex\"><div class=\"wpb_column vc_column_container vc_col-sm-6\"><div class=\"vc_column-inner\"><div class=\"wpb_wrapper\"><h2 style=\"text-align: left\" class=\"vc_custom_heading vc_do_custom_heading\" >Et lite stykke Marokko midt i Aarhus<\/h2>\n\t<div class=\"wpb_text_column wpb_content_element\" >\n\t\t<div class=\"wpb_wrapper\">\n\t\t\t<p><span style=\"font-weight: 400;\">Butikken v\u00e5r ligger sentralt til p\u00e5 Skt. Knuds Torv, og her inviterer vi deg inn i et unikt univers av h\u00e5ndlaget interi\u00f8r. Hos Tibladin m\u00f8tes skandinavisk design og marokkansk h\u00e5ndverk i en vakker symbiose som skaper en helt spesiell atmosf\u00e6re.\u00a0<\/span><\/p>\n<p><span style=\"font-weight: 400;\">Vi tilbyr et n\u00f8ye utvalgt utvalg av marokkanske puffer, lamper, tekstiler, tepper, glass og steint\u00f8y \u2013 alt h\u00e5ndlaget av dyktige h\u00e5ndverkere i Marokko. Mange av produktene v\u00e5re er laget av naturlige eller resirkulerte materialer, noe som betyr at hvert produkt er unikt og b\u00e6rekraftig. <\/span><a href=\"https:\/\/tibladin.dk\/nb\/baeredygtighed\/\">N\u00e5r du handler hos oss, st\u00f8tter du ogs\u00e5 sm\u00e5 h\u00e5ndverkere og arbeidende kvinner i Marokko.<\/a>, og det er vi stolte av.<\/p>\n<p><span style=\"font-weight: 400;\">Kom og bes\u00f8k oss og opplev v\u00e5r verden av farger, former og historier. Vi gleder oss til \u00e5 \u00f8nske deg velkommen!<\/span><\/p>\n<p><span style=\"font-weight: 400;\">Vi er stolte av at flere medier har valgt \u00e5 skrive om Tibladin og dele historien v\u00e5r. Du kan lese om oss blant annet p\u00e5: <\/span><a href=\"https:\/\/migogaarhus.dk\/tibladin-er-aabnet-i-aarhus\/\"><span style=\"font-weight: 400;\">Migog\u00c5rhus<\/span><\/a><span style=\"font-weight: 400;\"> og <\/span><a href=\"https:\/\/stiften.dk\/byliv\/marokkansk-inspiration-midt-i-aarhus-de-fleste-varer-er-der-kun-en-slags-af\"><span style=\"font-weight: 400;\">Aarhus bisped\u00f8mmes avis<\/span><\/a><span style=\"font-weight: 400;\">. Vi h\u00e5per du liker \u00e5 lese med.\u00a0<\/span><\/p>\n\n\t\t<\/div>\n\t<\/div>\n<div class=\"vc_btn3-container vc_btn3-left vc_do_btn\" ><a onmouseleave=\"this.style.borderColor='#343434'; this.style.backgroundColor='transparent'; this.style.color='#343434'\" onmouseenter=\"this.style.borderColor='#053b43'; this.style.backgroundColor='#053b43'; this.style.color='#ffffff';\" style=\"border-color:#343434; color:#343434;\" class=\"vc_general vc_btn3 vc_btn3-size-md vc_btn3-shape-square vc_btn3-style-outline-custom\" href=\"https:\/\/maps.app.goo.gl\/LHgfuLJQdp3fEZny7\" title=\"Finn veien til Tibladin\" target=\"_blank\">FINN DIN VEI<\/a><\/div><\/div><\/div><\/div><div class=\"wpb_column vc_column_container vc_col-sm-6\"><div class=\"vc_column-inner\"><div class=\"wpb_wrapper\">\n\t<div  class=\"wpb_single_image wpb_content_element vc_align_left wpb_content_element\">\n\t\t\n\t\t<figure class=\"wpb_wrapper vc_figure\">\n\t\t\t<div class=\"vc_single_image-wrapper   vc_box_border_grey\"><img loading=\"lazy\" decoding=\"async\" width=\"800\" height=\"800\" src=\"https:\/\/tibladin.dk\/wp-content\/uploads\/2025\/01\/Tibladin-butilk_1.jpg\" class=\"vc_single_image-img attachment-large\" alt=\"Inngang til Tibladins butikk p\u00e5 Skt. Knuds Torv 23, 8000 Aarhus C\" title=\"Tibladin-butilk-inngang\" srcset=\"https:\/\/tibladin.dk\/wp-content\/uploads\/2025\/01\/Tibladin-butilk_1.jpg 800w, https:\/\/tibladin.dk\/wp-content\/uploads\/2025\/01\/Tibladin-butilk_1-400x400.jpg 400w, https:\/\/tibladin.dk\/wp-content\/uploads\/2025\/01\/Tibladin-butilk_1-150x150.jpg 150w, https:\/\/tibladin.dk\/wp-content\/uploads\/2025\/01\/Tibladin-butilk_1-64x64.jpg 64w, https:\/\/tibladin.dk\/wp-content\/uploads\/2025\/01\/Tibladin-butilk_1-300x300.jpg 300w, https:\/\/tibladin.dk\/wp-content\/uploads\/2025\/01\/Tibladin-butilk_1-768x768.jpg 768w, https:\/\/tibladin.dk\/wp-content\/uploads\/2025\/01\/Tibladin-butilk_1-12x12.jpg 12w, https:\/\/tibladin.dk\/wp-content\/uploads\/2025\/01\/Tibladin-butilk_1-441x441.jpg 441w, https:\/\/tibladin.dk\/wp-content\/uploads\/2025\/01\/Tibladin-butilk_1-100x100.jpg 100w\" sizes=\"auto, (max-width: 800px) 100vw, 800px\" \/><\/div>\n\t\t<\/figure>\n\t<\/div>\n<\/div><\/div><\/div><\/div><div class=\"vc_row wpb_row vc_row-fluid vc_row-o-content-middle vc_row-flex\"><div class=\"wpb_column vc_column_container vc_col-sm-6\"><div class=\"vc_column-inner\"><div class=\"wpb_wrapper\">\n\t<div  class=\"wpb_single_image wpb_content_element vc_align_left wpb_content_element\">\n\t\t\n\t\t<figure class=\"wpb_wrapper vc_figure\">\n\t\t\t<div class=\"vc_single_image-wrapper   vc_box_border_grey\"><img decoding=\"async\" class=\"vc_single_image-img\" src=\"https:\/\/tibladin.dk\/wp-content\/uploads\/2025\/01\/Vaeveteknikker_kvindekoopertaiv_1-800x800.jpg\" width=\"800\" height=\"800\" alt=\"To kvinner som jobber i et kvinnekooperativ\" title=\"Veveteknikker_kvinnekooperativ_1\" loading=\"lazy\" \/><\/div>\n\t\t<\/figure>\n\t<\/div>\n<\/div><\/div><\/div><div class=\"wpb_column vc_column_container vc_col-sm-6\"><div class=\"vc_column-inner\"><div class=\"wpb_wrapper\"><h2 style=\"text-align: left\" class=\"vc_custom_heading vc_do_custom_heading\" >Hvordan Tibladin jobber med b\u00e6rekraft<\/h2>\n\t<div class=\"wpb_text_column wpb_content_element\" >\n\t\t<div class=\"wpb_wrapper\">\n\t\t\t<p>Det er helt naturlig for meg \u00e5 tenke b\u00e6rekraft i virksomheten min, ettersom jeg ogs\u00e5 tenker mye p\u00e5 hvordan vi kan minimere milj\u00f8p\u00e5virkningen i privatlivet mitt. Jeg sorterer avfallet mitt n\u00f8ye, jeg kj\u00f8rer elbil og jeg kj\u00f8per \u00f8kologiske og b\u00e6rekraftige produkter.<\/p>\n<p>N\u00e5r jeg velger leverand\u00f8rene mine, er det viktig for meg at de har en b\u00e6rekraftig produksjon, at materialene er naturlige og s\u00e5 langt som mulig \u00f8kologiske, og at alle ressurser utnyttes fullt ut. Jeg ser p\u00e5 om fargene er naturlige, om glasuren er giftfri osv. B\u00e6rekraft er mange ting, og en annen parameter jeg velger leverand\u00f8rer p\u00e5 er om de ogs\u00e5 er sosialt b\u00e6rekraftige. Dette betyr at jeg st\u00f8tter lokale h\u00e5ndverker- og kvinnekooperativer, som gj\u00f8r mye for \u00e5 f\u00e5 kvinner i arbeid, slik at levestandarden i marokkanske landsbyer forbedres.<\/p>\n<p>For \u00e5 unng\u00e5 overforbruk bestiller jeg varer til oppbevaring hjemme i mindre porsjoner og p\u00e5 foresp\u00f8rsel. Jeg leverer puffer uten fyll, da det er mer b\u00e6rekraftig \u00e5 fylle puffen med passende materialer du allerede har, for eksempel kl\u00e6r du ikke lenger bruker, vinterdyner, puter eller kr\u00f8llete avispapir.<\/p>\n<p><a href=\"https:\/\/tibladin.dk\/nb\/baerekraftig-produksjon\/\">Les mer om Tibladins arbeid med b\u00e6rekraftig produksjon.<\/a><\/p>\n\n\t\t<\/div>\n\t<\/div>\n<\/div><\/div><\/div><\/div>\n<\/div>","protected":false},"excerpt":{"rendered":"Om TibladinEn passion for marokkansk h\u00e5ndv\u00e6rk'Sm\u00e5 flade sten'\u2018Tibladin\u2019 er et berbisk ord og betyder sm\u00e5 flade sten. Tibladin kaldte min svigerfamilie min mands barndomshjem. For mig symboliserer det de f\u00f8rste byggesten i min forretning. Mette Frank Bijaad Ejer af Tibladin Marokkansk unika interi\u00f8r Tibladin.dk har jeg skabt ud fra min passion for marokkansk h\u00e5ndv\u00e6rk. Jeg [...]","protected":false},"author":2,"featured_media":4090,"parent":0,"menu_order":0,"comment_status":"closed","ping_status":"closed","template":"template-fullwidth-no-heading.php","meta":{"inline_featured_image":false,"footnotes":""},"class_list":["post-4128","page","type-page","status-publish","has-post-thumbnail","hentry"],"yoast_head":"<!-- This site is optimized with the Yoast SEO plugin v27.4 - https:\/\/yoast.com\/product\/yoast-seo-wordpress\/ -->\n<title>Om Tibladin | Passion for marokkansk h\u00e5ndv\u00e6rk<\/title>\n<meta name=\"description\" content=\"Hos Tibladin tilbyder vi produkter med et fint marokkansk udtryk, som passer med den skandinaviske indretning. B\u00e6redygtighed i forretningen\" \/>\n<meta name=\"robots\" content=\"index, follow, max-snippet:-1, max-image-preview:large, max-video-preview:-1\" \/>\n<link rel=\"canonical\" href=\"https:\/\/tibladin.dk\/nb\/om-tibladin\/\" \/>\n<meta property=\"og:locale\" content=\"nb_NO\" \/>\n<meta property=\"og:type\" content=\"article\" \/>\n<meta property=\"og:title\" content=\"Om Tibladin | Passion for marokkansk h\u00e5ndv\u00e6rk\" \/>\n<meta property=\"og:description\" content=\"Hos Tibladin tilbyder vi produkter med et fint marokkansk udtryk, som passer med den skandinaviske indretning. B\u00e6redygtighed i forretningen\" \/>\n<meta property=\"og:url\" content=\"https:\/\/tibladin.dk\/nb\/om-tibladin\/\" \/>\n<meta property=\"og:site_name\" content=\"Tibladin\" \/>\n<meta property=\"article:modified_time\" content=\"2025-01-27T13:43:55+00:00\" \/>\n<meta property=\"og:image\" content=\"https:\/\/tibladin.dk\/wp-content\/uploads\/2022\/10\/Tibladin_fjerdekoration.webp\" \/>\n\t<meta property=\"og:image:width\" content=\"800\" \/>\n\t<meta property=\"og:image:height\" content=\"800\" \/>\n\t<meta property=\"og:image:type\" content=\"image\/webp\" \/>\n<meta name=\"twitter:card\" content=\"summary_large_image\" \/>\n<meta name=\"twitter:label1\" content=\"Ansl. lesetid\" \/>\n\t<meta name=\"twitter:data1\" content=\"5 minutter\" \/>\n<script type=\"application\/ld+json\" class=\"yoast-schema-graph\">{\"@context\":\"https:\\\/\\\/schema.org\",\"@graph\":[{\"@type\":\"WebPage\",\"@id\":\"https:\\\/\\\/tibladin.dk\\\/om-tibladin\\\/\",\"url\":\"https:\\\/\\\/tibladin.dk\\\/om-tibladin\\\/\",\"name\":\"Om Tibladin | Passion for marokkansk h\u00e5ndv\u00e6rk\",\"isPartOf\":{\"@id\":\"https:\\\/\\\/tibladin.dk\\\/#website\"},\"primaryImageOfPage\":{\"@id\":\"https:\\\/\\\/tibladin.dk\\\/om-tibladin\\\/#primaryimage\"},\"image\":{\"@id\":\"https:\\\/\\\/tibladin.dk\\\/om-tibladin\\\/#primaryimage\"},\"thumbnailUrl\":\"https:\\\/\\\/tibladin.dk\\\/wp-content\\\/uploads\\\/2022\\\/10\\\/Tibladin_fjerdekoration.webp\",\"datePublished\":\"2022-10-14T07:33:49+00:00\",\"dateModified\":\"2025-01-27T13:43:55+00:00\",\"description\":\"Hos Tibladin tilbyder vi produkter med et fint marokkansk udtryk, som passer med den skandinaviske indretning. B\u00e6redygtighed i forretningen\",\"breadcrumb\":{\"@id\":\"https:\\\/\\\/tibladin.dk\\\/om-tibladin\\\/#breadcrumb\"},\"inLanguage\":\"nb-NO\",\"potentialAction\":[{\"@type\":\"ReadAction\",\"target\":[\"https:\\\/\\\/tibladin.dk\\\/om-tibladin\\\/\"]}]},{\"@type\":\"ImageObject\",\"inLanguage\":\"nb-NO\",\"@id\":\"https:\\\/\\\/tibladin.dk\\\/om-tibladin\\\/#primaryimage\",\"url\":\"https:\\\/\\\/tibladin.dk\\\/wp-content\\\/uploads\\\/2022\\\/10\\\/Tibladin_fjerdekoration.webp\",\"contentUrl\":\"https:\\\/\\\/tibladin.dk\\\/wp-content\\\/uploads\\\/2022\\\/10\\\/Tibladin_fjerdekoration.webp\",\"width\":800,\"height\":800,\"caption\":\"Model ved marokkansk indretning\"},{\"@type\":\"BreadcrumbList\",\"@id\":\"https:\\\/\\\/tibladin.dk\\\/om-tibladin\\\/#breadcrumb\",\"itemListElement\":[{\"@type\":\"ListItem\",\"position\":1,\"name\":\"Hjem\",\"item\":\"https:\\\/\\\/tibladin.dk\\\/\"},{\"@type\":\"ListItem\",\"position\":2,\"name\":\"Om Tibladin\"}]},{\"@type\":\"WebSite\",\"@id\":\"https:\\\/\\\/tibladin.dk\\\/#website\",\"url\":\"https:\\\/\\\/tibladin.dk\\\/\",\"name\":\"Tibladin\",\"description\":\"Tibladin\",\"publisher\":{\"@id\":\"https:\\\/\\\/tibladin.dk\\\/#organization\"},\"potentialAction\":[{\"@type\":\"SearchAction\",\"target\":{\"@type\":\"EntryPoint\",\"urlTemplate\":\"https:\\\/\\\/tibladin.dk\\\/?s={search_term_string}\"},\"query-input\":{\"@type\":\"PropertyValueSpecification\",\"valueRequired\":true,\"valueName\":\"search_term_string\"}}],\"inLanguage\":\"nb-NO\"},{\"@type\":\"Organization\",\"@id\":\"https:\\\/\\\/tibladin.dk\\\/#organization\",\"name\":\"Tibladin\",\"url\":\"https:\\\/\\\/tibladin.dk\\\/\",\"logo\":{\"@type\":\"ImageObject\",\"inLanguage\":\"nb-NO\",\"@id\":\"https:\\\/\\\/tibladin.dk\\\/#\\\/schema\\\/logo\\\/image\\\/\",\"url\":\"https:\\\/\\\/tibladin.dk\\\/wp-content\\\/uploads\\\/2022\\\/09\\\/tibladin_logo.svg\",\"contentUrl\":\"https:\\\/\\\/tibladin.dk\\\/wp-content\\\/uploads\\\/2022\\\/09\\\/tibladin_logo.svg\",\"caption\":\"Tibladin\"},\"image\":{\"@id\":\"https:\\\/\\\/tibladin.dk\\\/#\\\/schema\\\/logo\\\/image\\\/\"}}]}<\/script>\n<!-- \/ Yoast SEO plugin. -->","yoast_head_json":{"title":"Om Tibladin | Lidenskap for marokkansk h\u00e5ndverk","description":"Hos Tibladin tilbyr vi produkter med et fint marokkansk uttrykk som passer til skandinavisk innredning. B\u00e6rekraft i bransjen","robots":{"index":"index","follow":"follow","max-snippet":"max-snippet:-1","max-image-preview":"max-image-preview:large","max-video-preview":"max-video-preview:-1"},"canonical":"https:\/\/tibladin.dk\/nb\/om-tibladin\/","og_locale":"nb_NO","og_type":"article","og_title":"Om Tibladin | Passion for marokkansk h\u00e5ndv\u00e6rk","og_description":"Hos Tibladin tilbyder vi produkter med et fint marokkansk udtryk, som passer med den skandinaviske indretning. B\u00e6redygtighed i forretningen","og_url":"https:\/\/tibladin.dk\/nb\/om-tibladin\/","og_site_name":"Tibladin","article_modified_time":"2025-01-27T13:43:55+00:00","og_image":[{"width":800,"height":800,"url":"https:\/\/tibladin.dk\/wp-content\/uploads\/2022\/10\/Tibladin_fjerdekoration.webp","type":"image\/webp"}],"twitter_card":"summary_large_image","twitter_misc":{"Ansl. lesetid":"5 minutter"},"schema":{"@context":"https:\/\/schema.org","@graph":[{"@type":"WebPage","@id":"https:\/\/tibladin.dk\/om-tibladin\/","url":"https:\/\/tibladin.dk\/om-tibladin\/","name":"Om Tibladin | Lidenskap for marokkansk h\u00e5ndverk","isPartOf":{"@id":"https:\/\/tibladin.dk\/#website"},"primaryImageOfPage":{"@id":"https:\/\/tibladin.dk\/om-tibladin\/#primaryimage"},"image":{"@id":"https:\/\/tibladin.dk\/om-tibladin\/#primaryimage"},"thumbnailUrl":"https:\/\/tibladin.dk\/wp-content\/uploads\/2022\/10\/Tibladin_fjerdekoration.webp","datePublished":"2022-10-14T07:33:49+00:00","dateModified":"2025-01-27T13:43:55+00:00","description":"Hos Tibladin tilbyr vi produkter med et fint marokkansk uttrykk som passer til skandinavisk innredning. B\u00e6rekraft i bransjen","breadcrumb":{"@id":"https:\/\/tibladin.dk\/om-tibladin\/#breadcrumb"},"inLanguage":"nb-NO","potentialAction":[{"@type":"ReadAction","target":["https:\/\/tibladin.dk\/om-tibladin\/"]}]},{"@type":"ImageObject","inLanguage":"nb-NO","@id":"https:\/\/tibladin.dk\/om-tibladin\/#primaryimage","url":"https:\/\/tibladin.dk\/wp-content\/uploads\/2022\/10\/Tibladin_fjerdekoration.webp","contentUrl":"https:\/\/tibladin.dk\/wp-content\/uploads\/2022\/10\/Tibladin_fjerdekoration.webp","width":800,"height":800,"caption":"Model ved marokkansk indretning"},{"@type":"BreadcrumbList","@id":"https:\/\/tibladin.dk\/om-tibladin\/#breadcrumb","itemListElement":[{"@type":"ListItem","position":1,"name":"Hjem","item":"https:\/\/tibladin.dk\/"},{"@type":"ListItem","position":2,"name":"Om Tibladin"}]},{"@type":"WebSite","@id":"https:\/\/tibladin.dk\/#website","url":"https:\/\/tibladin.dk\/","name":"Tibladin","description":"Tibladin","publisher":{"@id":"https:\/\/tibladin.dk\/#organization"},"potentialAction":[{"@type":"SearchAction","target":{"@type":"EntryPoint","urlTemplate":"https:\/\/tibladin.dk\/?s={search_term_string}"},"query-input":{"@type":"PropertyValueSpecification","valueRequired":true,"valueName":"search_term_string"}}],"inLanguage":"nb-NO"},{"@type":"Organization","@id":"https:\/\/tibladin.dk\/#organization","name":"Tibladin","url":"https:\/\/tibladin.dk\/","logo":{"@type":"ImageObject","inLanguage":"nb-NO","@id":"https:\/\/tibladin.dk\/#\/schema\/logo\/image\/","url":"https:\/\/tibladin.dk\/wp-content\/uploads\/2022\/09\/tibladin_logo.svg","contentUrl":"https:\/\/tibladin.dk\/wp-content\/uploads\/2022\/09\/tibladin_logo.svg","caption":"Tibladin"},"image":{"@id":"https:\/\/tibladin.dk\/#\/schema\/logo\/image\/"}}]}},"_links":{"self":[{"href":"https:\/\/tibladin.dk\/nb\/wp-json\/wp\/v2\/pages\/4128","targetHints":{"allow":["GET"]}}],"collection":[{"href":"https:\/\/tibladin.dk\/nb\/wp-json\/wp\/v2\/pages"}],"about":[{"href":"https:\/\/tibladin.dk\/nb\/wp-json\/wp\/v2\/types\/page"}],"author":[{"embeddable":true,"href":"https:\/\/tibladin.dk\/nb\/wp-json\/wp\/v2\/users\/2"}],"replies":[{"embeddable":true,"href":"https:\/\/tibladin.dk\/nb\/wp-json\/wp\/v2\/comments?post=4128"}],"version-history":[{"count":73,"href":"https:\/\/tibladin.dk\/nb\/wp-json\/wp\/v2\/pages\/4128\/revisions"}],"predecessor-version":[{"id":34588,"href":"https:\/\/tibladin.dk\/nb\/wp-json\/wp\/v2\/pages\/4128\/revisions\/34588"}],"wp:featuredmedia":[{"embeddable":true,"href":"https:\/\/tibladin.dk\/nb\/wp-json\/wp\/v2\/media\/4090"}],"wp:attachment":[{"href":"https:\/\/tibladin.dk\/nb\/wp-json\/wp\/v2\/media?parent=4128"}],"curies":[{"name":"wp","href":"https:\/\/api.w.org\/{rel}","templated":true}]}}