{"id":6,"date":"2022-09-09T11:25:48","date_gmt":"2022-09-09T09:25:48","guid":{"rendered":"https:\/\/tibladin2.sky663.dk\/shop\/"},"modified":"2025-04-11T17:33:28","modified_gmt":"2025-04-11T15:33:28","slug":"butikk","status":"publish","type":"page","link":"https:\/\/tibladin.dk\/nb\/shop\/","title":{"rendered":"Butikk"},"content":{"rendered":"<h2>Stort utvalg av marokkansk interi\u00f8r<\/h2>\n<p>Hos Tibladin finner du en butikk med et stort utvalg av interi\u00f8rprodukter, som alle har marokkansk opprinnelse. Vi har et stort utvalg, slik at du b\u00e5de kan handle <a href=\"https:\/\/tibladin.dk\/nb\/produktkategori-2\/interioer\/moebler\/\">m\u00f8bler<\/a>, <a href=\"https:\/\/tibladin.dk\/nb\/produktkategori-2\/interioer\/borddekking\/\">borddekkingstjeneste<\/a>, <a href=\"https:\/\/tibladin.dk\/nb\/produktkategori-2\/marokkanske-tepper\/\">Marokkanske tepper<\/a>, <a href=\"https:\/\/tibladin.dk\/nb\/produktkategori-2\/interioer\/hjemmetilbehoer\/tekstiler\/hammam-haandklaeder\/\">hammamh\u00e5ndkl\u00e6r<\/a>, <a href=\"https:\/\/tibladin.dk\/nb\/produktkategori-2\/interioer\/borddekking\/glass\/\">glass<\/a>, <a href=\"https:\/\/tibladin.dk\/nb\/produktkategori-2\/toefler\/\">t\u00f8fler<\/a>, <a href=\"https:\/\/tibladin.dk\/nb\/produktkategori-2\/interioer\/lamper\/\">Marokkanske lamper<\/a>, <a href=\"https:\/\/tibladin.dk\/nb\/produktkategori-2\/interioer\/veggdekorasjon\/\">veggdekorasjoner<\/a>, <a href=\"https:\/\/tibladin.dk\/nb\/produktkategori-2\/diverse\/personlig-pleie\/\">s\u00e5per og annen personlig pleie<\/a>, og mye mer. Uansett hva du leter etter, har vi garantert noe som passer din smak. Alle produktene er h\u00e5ndlaget i Marokko, s\u00e5 ingen er like, og du vil alltid f\u00e5 noe som er unikt og unikt.<\/p>\n<p>Ta en titt p\u00e5 v\u00e5rt deilige utvalg av h\u00e5ndlagde unike produkter i marokkansk stil og design!<\/p>","protected":false},"excerpt":{"rendered":"<p>Stort udvalg i marokkansk interi\u00f8r Hos Tibladin kan du finde en shop med et stort udvalg af interi\u00f8r produkter, der alt sammen har marokkansk afstamning. Vi har et stort sortiment, s\u00e5 du kan b\u00e5de shop m\u00f8bler, service til bordd\u00e6kning, marokkanske t\u00e6pper, hammam h\u00e5ndkl\u00e6der, beldi glas, slippers, marokkanske lamper, v\u00e6gdekorationer, s\u00e6ber og andet personlig pleje, og [&hellip;]<\/p>\n","protected":false},"author":1,"featured_media":0,"parent":0,"menu_order":0,"comment_status":"closed","ping_status":"closed","template":"","meta":{"inline_featured_image":false,"footnotes":""},"class_list":["post-6","page","type-page","status-publish","hentry"],"yoast_head":"<!-- This site is optimized with the Yoast SEO plugin v27.4 - https:\/\/yoast.com\/product\/yoast-seo-wordpress\/ -->\n<title>Shop med stort udvalg af marokkansk interi\u00f8r<\/title>\n<meta name=\"description\" content=\"Hos Tibladins shop kan du finde produkter, der alt sammen er i Marokkansk design. Stort udvalg i interi\u00f8r, marokkanske t\u00e6pper og meget andet.\" \/>\n<meta name=\"robots\" content=\"index, follow, max-snippet:-1, max-image-preview:large, max-video-preview:-1\" \/>\n<link rel=\"canonical\" href=\"https:\/\/tibladin.dk\/nb\/butikk\/\" \/>\n<meta property=\"og:locale\" content=\"nb_NO\" \/>\n<meta property=\"og:type\" content=\"article\" \/>\n<meta property=\"og:title\" content=\"Shop med stort udvalg af marokkansk interi\u00f8r\" \/>\n<meta property=\"og:description\" content=\"Hos Tibladins shop kan du finde produkter, der alt sammen er i Marokkansk design. Stort udvalg i interi\u00f8r, marokkanske t\u00e6pper og meget andet.\" \/>\n<meta property=\"og:url\" content=\"https:\/\/tibladin.dk\/nb\/butikk\/\" \/>\n<meta property=\"og:site_name\" content=\"Tibladin\" \/>\n<meta property=\"article:modified_time\" content=\"2025-04-11T15:33:28+00:00\" \/>\n<meta name=\"twitter:card\" content=\"summary_large_image\" \/>\n<meta name=\"twitter:label1\" content=\"Ansl. lesetid\" \/>\n\t<meta name=\"twitter:data1\" content=\"1 minutt\" \/>\n<script type=\"application\/ld+json\" class=\"yoast-schema-graph\">{\"@context\":\"https:\\\/\\\/schema.org\",\"@graph\":[{\"@type\":\"WebPage\",\"@id\":\"https:\\\/\\\/tibladin.dk\\\/shop\\\/\",\"url\":\"https:\\\/\\\/tibladin.dk\\\/shop\\\/\",\"name\":\"Shop med stort udvalg af marokkansk interi\u00f8r\",\"isPartOf\":{\"@id\":\"https:\\\/\\\/tibladin.dk\\\/#website\"},\"datePublished\":\"2022-09-09T09:25:48+00:00\",\"dateModified\":\"2025-04-11T15:33:28+00:00\",\"description\":\"Hos Tibladins shop kan du finde produkter, der alt sammen er i Marokkansk design. Stort udvalg i interi\u00f8r, marokkanske t\u00e6pper og meget andet.\",\"breadcrumb\":{\"@id\":\"https:\\\/\\\/tibladin.dk\\\/shop\\\/#breadcrumb\"},\"inLanguage\":\"nb-NO\",\"potentialAction\":[{\"@type\":\"ReadAction\",\"target\":[\"https:\\\/\\\/tibladin.dk\\\/shop\\\/\"]}]},{\"@type\":\"BreadcrumbList\",\"@id\":\"https:\\\/\\\/tibladin.dk\\\/shop\\\/#breadcrumb\",\"itemListElement\":[{\"@type\":\"ListItem\",\"position\":1,\"name\":\"Hjem\",\"item\":\"https:\\\/\\\/tibladin.dk\\\/\"},{\"@type\":\"ListItem\",\"position\":2,\"name\":\"Shop\"}]},{\"@type\":\"WebSite\",\"@id\":\"https:\\\/\\\/tibladin.dk\\\/#website\",\"url\":\"https:\\\/\\\/tibladin.dk\\\/\",\"name\":\"Tibladin\",\"description\":\"Tibladin\",\"publisher\":{\"@id\":\"https:\\\/\\\/tibladin.dk\\\/#organization\"},\"potentialAction\":[{\"@type\":\"SearchAction\",\"target\":{\"@type\":\"EntryPoint\",\"urlTemplate\":\"https:\\\/\\\/tibladin.dk\\\/?s={search_term_string}\"},\"query-input\":{\"@type\":\"PropertyValueSpecification\",\"valueRequired\":true,\"valueName\":\"search_term_string\"}}],\"inLanguage\":\"nb-NO\"},{\"@type\":\"Organization\",\"@id\":\"https:\\\/\\\/tibladin.dk\\\/#organization\",\"name\":\"Tibladin\",\"url\":\"https:\\\/\\\/tibladin.dk\\\/\",\"logo\":{\"@type\":\"ImageObject\",\"inLanguage\":\"nb-NO\",\"@id\":\"https:\\\/\\\/tibladin.dk\\\/#\\\/schema\\\/logo\\\/image\\\/\",\"url\":\"https:\\\/\\\/tibladin.dk\\\/wp-content\\\/uploads\\\/2022\\\/09\\\/tibladin_logo.svg\",\"contentUrl\":\"https:\\\/\\\/tibladin.dk\\\/wp-content\\\/uploads\\\/2022\\\/09\\\/tibladin_logo.svg\",\"caption\":\"Tibladin\"},\"image\":{\"@id\":\"https:\\\/\\\/tibladin.dk\\\/#\\\/schema\\\/logo\\\/image\\\/\"}}]}<\/script>\n<!-- \/ Yoast SEO plugin. -->","yoast_head_json":{"title":"Handle med et stort utvalg av marokkansk interi\u00f8rdesign","description":"I Tibladins butikk finner du produkter som alle er i marokkansk design. Stort utvalg av interi\u00f8r, marokkanske tepper og mye mer.","robots":{"index":"index","follow":"follow","max-snippet":"max-snippet:-1","max-image-preview":"max-image-preview:large","max-video-preview":"max-video-preview:-1"},"canonical":"https:\/\/tibladin.dk\/nb\/butikk\/","og_locale":"nb_NO","og_type":"article","og_title":"Shop med stort udvalg af marokkansk interi\u00f8r","og_description":"Hos Tibladins shop kan du finde produkter, der alt sammen er i Marokkansk design. Stort udvalg i interi\u00f8r, marokkanske t\u00e6pper og meget andet.","og_url":"https:\/\/tibladin.dk\/nb\/butikk\/","og_site_name":"Tibladin","article_modified_time":"2025-04-11T15:33:28+00:00","twitter_card":"summary_large_image","twitter_misc":{"Ansl. lesetid":"1 minutt"},"schema":{"@context":"https:\/\/schema.org","@graph":[{"@type":"WebPage","@id":"https:\/\/tibladin.dk\/shop\/","url":"https:\/\/tibladin.dk\/shop\/","name":"Handle med et stort utvalg av marokkansk interi\u00f8rdesign","isPartOf":{"@id":"https:\/\/tibladin.dk\/#website"},"datePublished":"2022-09-09T09:25:48+00:00","dateModified":"2025-04-11T15:33:28+00:00","description":"I Tibladins butikk finner du produkter som alle er i marokkansk design. Stort utvalg av interi\u00f8r, marokkanske tepper og mye mer.","breadcrumb":{"@id":"https:\/\/tibladin.dk\/shop\/#breadcrumb"},"inLanguage":"nb-NO","potentialAction":[{"@type":"ReadAction","target":["https:\/\/tibladin.dk\/shop\/"]}]},{"@type":"BreadcrumbList","@id":"https:\/\/tibladin.dk\/shop\/#breadcrumb","itemListElement":[{"@type":"ListItem","position":1,"name":"Hjem","item":"https:\/\/tibladin.dk\/"},{"@type":"ListItem","position":2,"name":"Shop"}]},{"@type":"WebSite","@id":"https:\/\/tibladin.dk\/#website","url":"https:\/\/tibladin.dk\/","name":"Tibladin","description":"Tibladin","publisher":{"@id":"https:\/\/tibladin.dk\/#organization"},"potentialAction":[{"@type":"SearchAction","target":{"@type":"EntryPoint","urlTemplate":"https:\/\/tibladin.dk\/?s={search_term_string}"},"query-input":{"@type":"PropertyValueSpecification","valueRequired":true,"valueName":"search_term_string"}}],"inLanguage":"nb-NO"},{"@type":"Organization","@id":"https:\/\/tibladin.dk\/#organization","name":"Tibladin","url":"https:\/\/tibladin.dk\/","logo":{"@type":"ImageObject","inLanguage":"nb-NO","@id":"https:\/\/tibladin.dk\/#\/schema\/logo\/image\/","url":"https:\/\/tibladin.dk\/wp-content\/uploads\/2022\/09\/tibladin_logo.svg","contentUrl":"https:\/\/tibladin.dk\/wp-content\/uploads\/2022\/09\/tibladin_logo.svg","caption":"Tibladin"},"image":{"@id":"https:\/\/tibladin.dk\/#\/schema\/logo\/image\/"}}]}},"_links":{"self":[{"href":"https:\/\/tibladin.dk\/nb\/wp-json\/wp\/v2\/pages\/6","targetHints":{"allow":["GET"]}}],"collection":[{"href":"https:\/\/tibladin.dk\/nb\/wp-json\/wp\/v2\/pages"}],"about":[{"href":"https:\/\/tibladin.dk\/nb\/wp-json\/wp\/v2\/types\/page"}],"author":[{"embeddable":true,"href":"https:\/\/tibladin.dk\/nb\/wp-json\/wp\/v2\/users\/1"}],"replies":[{"embeddable":true,"href":"https:\/\/tibladin.dk\/nb\/wp-json\/wp\/v2\/comments?post=6"}],"version-history":[{"count":7,"href":"https:\/\/tibladin.dk\/nb\/wp-json\/wp\/v2\/pages\/6\/revisions"}],"predecessor-version":[{"id":4671,"href":"https:\/\/tibladin.dk\/nb\/wp-json\/wp\/v2\/pages\/6\/revisions\/4671"}],"wp:attachment":[{"href":"https:\/\/tibladin.dk\/nb\/wp-json\/wp\/v2\/media?parent=6"}],"curies":[{"name":"wp","href":"https:\/\/api.w.org\/{rel}","templated":true}]}}