{"id":10674,"date":"2023-12-05T11:48:59","date_gmt":"2023-12-05T10:48:59","guid":{"rendered":"https:\/\/tibladin.dk\/?post_type=product&#038;p=10674"},"modified":"2024-12-09T14:04:56","modified_gmt":"2024-12-09T13:04:56","slug":"firkantet-skinnpuff-i-nakent-materiale","status":"publish","type":"product","link":"https:\/\/tibladin.dk\/nb\/produkt\/puf-i-laeder-firkantet-nude\/","title":{"rendered":"Skinnpuff - firkantet NUDE"},"content":{"rendered":"<div class=\"wpb-content-wrapper\"><div class=\"vc_row wpb_row vc_row-fluid\"><div class=\"wpb_column vc_column_container vc_col-sm-4\"><div class=\"vc_column-inner\"><div class=\"wpb_wrapper\">\n\t<div class=\"wpb_video_widget wpb_content_element vc_clearfix   vc_video-aspect-ratio-43 vc_video-el-width-100 vc_video-align-left\" >\n\t\t<div class=\"wpb_wrapper\">\n\t\t\t\n\t\t\t<div class=\"wpb_video_wrapper\"><div class=\"video-container\"><iframe loading=\"lazy\" title=\"Fyll den marokkanske skinnpuffen din\" src=\"https:\/\/player.vimeo.com\/video\/417093994?dnt=1&amp;app_id=122963\" width=\"310\" height=\"310\" frameborder=\"0\" allow=\"autoplay; fullscreen; picture-in-picture\"><\/iframe><\/div><\/div>\n\t\t<\/div>\n\t<\/div>\n<\/div><\/div><\/div><div class=\"wpb_column vc_column_container vc_col-sm-4\"><div class=\"vc_column-inner\"><div class=\"wpb_wrapper\"><h3 style=\"text-align: left\" class=\"vc_custom_heading vc_do_custom_heading\" >Vedlikehold<\/h3>\n\t<div class=\"wpb_text_column wpb_content_element\" >\n\t\t<div class=\"wpb_wrapper\">\n\t\t\t<p>Hos Tibladin kj\u00f8per du skinnpuffer uten fyll, slik at du kan fylle dem med fyll etter din egen smak. .<\/p>\n<p>Du kan enkelt bruke ting du allerede har, som kl\u00e6r du ikke lenger bruker, vinterdyner, puter, tepper eller tett sammenkr\u00f8llet avispapir. Du kan ogs\u00e5 kj\u00f8pe skumgranulat eller bomullsfyll til puffen din. Hvis du bruker denne typen fyll, anbefaler jeg at du syr et innertrekk eller tar et gammelt dynetrekk og legger fyllet i det f\u00f8r du legger det i puffen.<\/p>\n<p>L\u00e6rpuffer er laget av geiteskinn og vil etter hvert utvikle en vakker patina. Hvis du vil at puffen din skal v\u00e6re m\u00f8rkere og mer skinnende, kan du gi den litt l\u00e6rolje. N\u00e5r du begynner \u00e5 bruke den, kan den lukte litt av l\u00e6r. Dette vil raskt forsvinne. Hvis du vil fremskynde prosessen, kan du legge den ut i solen en stund, s\u00e5 vil det forsvinne.<\/p>\n\n\t\t<\/div>\n\t<\/div>\n<\/div><\/div><\/div><div class=\"wpb_column vc_column_container vc_col-sm-4\"><div class=\"vc_column-inner\"><div class=\"wpb_wrapper\"><h3 style=\"text-align: left\" class=\"vc_custom_heading vc_do_custom_heading\" >Historien bak<\/h3>\n\t<div class=\"wpb_text_column wpb_content_element\" >\n\t\t<div class=\"wpb_wrapper\">\n\t\t\t<p>Sm\u00e5 puffer er enkle \u00e5 legge til i interi\u00f8ret ditt og gir raskt et eksotisk utseende og et mer personlig preg. Min leverand\u00f8r av skinnpuffer har mange \u00e5rs erfaring med \u00e5 lage gode og sv\u00e6rt slitesterke puffer som han eksporterer til flere steder rundt om i verden. Alle puffene mine er i geiteskinn, da det er dette som gir den mykeste og mest fleksible puffen. Alle puffer er h\u00e5ndlaget, og sm\u00e5 ujevnheter kan forekomme.<\/p>\n\n\t\t<\/div>\n\t<\/div>\n<\/div><\/div><\/div><\/div>\n<\/div>","protected":false},"excerpt":{"rendered":"<p>Marokkanske h\u00e5ndlagde puffer i lyst, NUDE naturskinn. Gir et elegant preg til interi\u00f8ret ditt.<\/p>\n<p>Selges uten fyll, s\u00e5 du kan fylle den selv til \u00f8nsket fasthet. Hvis du vil ha puffen fylt med treull, husk \u00e5 velge det i feltet rett over \u201clegg til i handlekurven\u201d-knappen.\u201d<\/p>\n<p>Tilgjengelig i to st\u00f8rrelser 40 x 40 x 38 H og 50 x 50 cm x 43 H<\/p>","protected":false},"featured_media":10683,"template":"","meta":{"inline_featured_image":false},"product_brand":[],"product_cat":[41,39,40],"product_tag":[],"class_list":{"0":"post-10674","1":"product","2":"type-product","3":"status-publish","4":"has-post-thumbnail","6":"product_cat-laederpufs","7":"product_cat-moebler","8":"product_cat-pufs","10":"first","11":"instock","12":"taxable","13":"shipping-taxable","14":"purchasable","15":"product-type-variable","16":"has-default-attributes"},"exclude_global_add_ons":false,"addons":[{"name":"\u00d8nsker du at puffen din leveres med treullfyll?","type":"checkbox","position":0,"required":false,"title_format":"label","default":"","description_enable":false,"description":"","placeholder_enable":false,"placeholder":"","display":"select","restrictions_type":"any_text","adjust_price":false,"price":"","price_type":"flat_fee","restrictions":false,"min":"0","max":"0","options":[{"label":"Ja tak!","price":"250","price_type":"quantity_based","image":0,"visibility":true}],"id":1708084884}],"yoast_head":"<!-- This site is optimized with the Yoast SEO plugin v27.4 - https:\/\/yoast.com\/product\/yoast-seo-wordpress\/ -->\n<title>Marokkansk puf i l\u00e6der. F\u00e5s i 40x40 el. 50x50 cm. | Tibladin<\/title>\n<meta name=\"description\" content=\"Marokkansk Puf i lys NUDE farvet l\u00e6der. F\u00e5s i st\u00f8rrelserne 40x40 eller 50x50 cm. Er h\u00e5ndlavet af gedel\u00e6der for en bl\u00f8d og fleksibel puf.\" \/>\n<meta name=\"robots\" content=\"index, follow, max-snippet:-1, max-image-preview:large, max-video-preview:-1\" \/>\n<link rel=\"canonical\" href=\"https:\/\/tibladin.dk\/nb\/produkt\/firkantet-skinnpuff-i-nakent-materiale\/\" \/>\n<meta property=\"og:locale\" content=\"nb_NO\" \/>\n<meta property=\"og:type\" content=\"article\" \/>\n<meta property=\"og:title\" content=\"Marokkansk puf i l\u00e6der. F\u00e5s i 40x40 el. 50x50 cm. | Tibladin\" \/>\n<meta property=\"og:description\" content=\"Marokkansk Puf i lys NUDE farvet l\u00e6der. F\u00e5s i st\u00f8rrelserne 40x40 eller 50x50 cm. Er h\u00e5ndlavet af gedel\u00e6der for en bl\u00f8d og fleksibel puf.\" \/>\n<meta property=\"og:url\" content=\"https:\/\/tibladin.dk\/nb\/produkt\/firkantet-skinnpuff-i-nakent-materiale\/\" \/>\n<meta property=\"og:site_name\" content=\"Tibladin\" \/>\n<meta property=\"article:modified_time\" content=\"2024-12-09T13:04:56+00:00\" \/>\n<meta property=\"og:image\" content=\"https:\/\/tibladin.dk\/wp-content\/uploads\/2023\/12\/tibladin_marokkansk-puf-firkant-i-lys-NUDE.jpg\" \/>\n\t<meta property=\"og:image:width\" content=\"800\" \/>\n\t<meta property=\"og:image:height\" content=\"800\" \/>\n\t<meta property=\"og:image:type\" content=\"image\/jpeg\" \/>\n<meta name=\"twitter:card\" content=\"summary_large_image\" \/>\n<meta name=\"twitter:label1\" content=\"Ansl. lesetid\" \/>\n\t<meta name=\"twitter:data1\" content=\"2 minutter\" \/>\n<script type=\"application\/ld+json\" class=\"yoast-schema-graph\">{\"@context\":\"https:\\\/\\\/schema.org\",\"@graph\":[{\"@type\":\"WebPage\",\"@id\":\"https:\\\/\\\/tibladin.dk\\\/produkt\\\/puf-i-laeder-firkantet-nude\\\/\",\"url\":\"https:\\\/\\\/tibladin.dk\\\/produkt\\\/puf-i-laeder-firkantet-nude\\\/\",\"name\":\"Marokkansk puf i l\u00e6der. F\u00e5s i 40x40 el. 50x50 cm. | Tibladin\",\"isPartOf\":{\"@id\":\"https:\\\/\\\/tibladin.dk\\\/#website\"},\"primaryImageOfPage\":{\"@id\":\"https:\\\/\\\/tibladin.dk\\\/produkt\\\/puf-i-laeder-firkantet-nude\\\/#primaryimage\"},\"image\":{\"@id\":\"https:\\\/\\\/tibladin.dk\\\/produkt\\\/puf-i-laeder-firkantet-nude\\\/#primaryimage\"},\"thumbnailUrl\":\"https:\\\/\\\/tibladin.dk\\\/wp-content\\\/uploads\\\/2023\\\/12\\\/tibladin_marokkansk-puf-firkant-i-lys-NUDE.jpg\",\"datePublished\":\"2023-12-05T10:48:59+00:00\",\"dateModified\":\"2024-12-09T13:04:56+00:00\",\"description\":\"Marokkansk Puf i lys NUDE farvet l\u00e6der. F\u00e5s i st\u00f8rrelserne 40x40 eller 50x50 cm. Er h\u00e5ndlavet af gedel\u00e6der for en bl\u00f8d og fleksibel puf.\",\"breadcrumb\":{\"@id\":\"https:\\\/\\\/tibladin.dk\\\/produkt\\\/puf-i-laeder-firkantet-nude\\\/#breadcrumb\"},\"inLanguage\":\"nb-NO\",\"potentialAction\":[{\"@type\":\"ReadAction\",\"target\":[\"https:\\\/\\\/tibladin.dk\\\/produkt\\\/puf-i-laeder-firkantet-nude\\\/\"]}]},{\"@type\":\"ImageObject\",\"inLanguage\":\"nb-NO\",\"@id\":\"https:\\\/\\\/tibladin.dk\\\/produkt\\\/puf-i-laeder-firkantet-nude\\\/#primaryimage\",\"url\":\"https:\\\/\\\/tibladin.dk\\\/wp-content\\\/uploads\\\/2023\\\/12\\\/tibladin_marokkansk-puf-firkant-i-lys-NUDE.jpg\",\"contentUrl\":\"https:\\\/\\\/tibladin.dk\\\/wp-content\\\/uploads\\\/2023\\\/12\\\/tibladin_marokkansk-puf-firkant-i-lys-NUDE.jpg\",\"width\":800,\"height\":800,\"caption\":\"tibladin_marokkansk puf firkant i lys NUDE\"},{\"@type\":\"BreadcrumbList\",\"@id\":\"https:\\\/\\\/tibladin.dk\\\/produkt\\\/puf-i-laeder-firkantet-nude\\\/#breadcrumb\",\"itemListElement\":[{\"@type\":\"ListItem\",\"position\":1,\"name\":\"Hjem\",\"item\":\"https:\\\/\\\/tibladin.dk\\\/\"},{\"@type\":\"ListItem\",\"position\":2,\"name\":\"Shop\",\"item\":\"https:\\\/\\\/tibladin.dk\\\/shop\\\/\"},{\"@type\":\"ListItem\",\"position\":3,\"name\":\"Puf i l\u00e6der &#8211; firkantet NUDE\"}]},{\"@type\":\"WebSite\",\"@id\":\"https:\\\/\\\/tibladin.dk\\\/#website\",\"url\":\"https:\\\/\\\/tibladin.dk\\\/\",\"name\":\"Tibladin\",\"description\":\"Tibladin\",\"publisher\":{\"@id\":\"https:\\\/\\\/tibladin.dk\\\/#organization\"},\"potentialAction\":[{\"@type\":\"SearchAction\",\"target\":{\"@type\":\"EntryPoint\",\"urlTemplate\":\"https:\\\/\\\/tibladin.dk\\\/?s={search_term_string}\"},\"query-input\":{\"@type\":\"PropertyValueSpecification\",\"valueRequired\":true,\"valueName\":\"search_term_string\"}}],\"inLanguage\":\"nb-NO\"},{\"@type\":\"Organization\",\"@id\":\"https:\\\/\\\/tibladin.dk\\\/#organization\",\"name\":\"Tibladin\",\"url\":\"https:\\\/\\\/tibladin.dk\\\/\",\"logo\":{\"@type\":\"ImageObject\",\"inLanguage\":\"nb-NO\",\"@id\":\"https:\\\/\\\/tibladin.dk\\\/#\\\/schema\\\/logo\\\/image\\\/\",\"url\":\"https:\\\/\\\/tibladin.dk\\\/wp-content\\\/uploads\\\/2022\\\/09\\\/tibladin_logo.svg\",\"contentUrl\":\"https:\\\/\\\/tibladin.dk\\\/wp-content\\\/uploads\\\/2022\\\/09\\\/tibladin_logo.svg\",\"caption\":\"Tibladin\"},\"image\":{\"@id\":\"https:\\\/\\\/tibladin.dk\\\/#\\\/schema\\\/logo\\\/image\\\/\"}}]}<\/script>\n<!-- \/ Yoast SEO plugin. -->","yoast_head_json":{"title":"Marokkansk puff i skinn. Tilgjengelig i 40x40 eller 50x50 cm. | Tibladin","description":"Marokkansk puff i lyst NUDE-farget skinn. Finnes i st\u00f8rrelsene 40x40 eller 50x50 cm. H\u00e5ndlaget av geiteskinn for en myk og fleksibel puff.","robots":{"index":"index","follow":"follow","max-snippet":"max-snippet:-1","max-image-preview":"max-image-preview:large","max-video-preview":"max-video-preview:-1"},"canonical":"https:\/\/tibladin.dk\/nb\/produkt\/firkantet-skinnpuff-i-nakent-materiale\/","og_locale":"nb_NO","og_type":"article","og_title":"Marokkansk puf i l\u00e6der. F\u00e5s i 40x40 el. 50x50 cm. | Tibladin","og_description":"Marokkansk Puf i lys NUDE farvet l\u00e6der. F\u00e5s i st\u00f8rrelserne 40x40 eller 50x50 cm. Er h\u00e5ndlavet af gedel\u00e6der for en bl\u00f8d og fleksibel puf.","og_url":"https:\/\/tibladin.dk\/nb\/produkt\/firkantet-skinnpuff-i-nakent-materiale\/","og_site_name":"Tibladin","article_modified_time":"2024-12-09T13:04:56+00:00","og_image":[{"width":800,"height":800,"url":"https:\/\/tibladin.dk\/wp-content\/uploads\/2023\/12\/tibladin_marokkansk-puf-firkant-i-lys-NUDE.jpg","type":"image\/jpeg"}],"twitter_card":"summary_large_image","twitter_misc":{"Ansl. lesetid":"2 minutter"},"schema":{"@context":"https:\/\/schema.org","@graph":[{"@type":"WebPage","@id":"https:\/\/tibladin.dk\/produkt\/puf-i-laeder-firkantet-nude\/","url":"https:\/\/tibladin.dk\/produkt\/puf-i-laeder-firkantet-nude\/","name":"Marokkansk puff i skinn. Tilgjengelig i 40x40 eller 50x50 cm. | Tibladin","isPartOf":{"@id":"https:\/\/tibladin.dk\/#website"},"primaryImageOfPage":{"@id":"https:\/\/tibladin.dk\/produkt\/puf-i-laeder-firkantet-nude\/#primaryimage"},"image":{"@id":"https:\/\/tibladin.dk\/produkt\/puf-i-laeder-firkantet-nude\/#primaryimage"},"thumbnailUrl":"https:\/\/tibladin.dk\/wp-content\/uploads\/2023\/12\/tibladin_marokkansk-puf-firkant-i-lys-NUDE.jpg","datePublished":"2023-12-05T10:48:59+00:00","dateModified":"2024-12-09T13:04:56+00:00","description":"Marokkansk puff i lyst NUDE-farget skinn. Finnes i st\u00f8rrelsene 40x40 eller 50x50 cm. H\u00e5ndlaget av geiteskinn for en myk og fleksibel puff.","breadcrumb":{"@id":"https:\/\/tibladin.dk\/produkt\/puf-i-laeder-firkantet-nude\/#breadcrumb"},"inLanguage":"nb-NO","potentialAction":[{"@type":"ReadAction","target":["https:\/\/tibladin.dk\/produkt\/puf-i-laeder-firkantet-nude\/"]}]},{"@type":"ImageObject","inLanguage":"nb-NO","@id":"https:\/\/tibladin.dk\/produkt\/puf-i-laeder-firkantet-nude\/#primaryimage","url":"https:\/\/tibladin.dk\/wp-content\/uploads\/2023\/12\/tibladin_marokkansk-puf-firkant-i-lys-NUDE.jpg","contentUrl":"https:\/\/tibladin.dk\/wp-content\/uploads\/2023\/12\/tibladin_marokkansk-puf-firkant-i-lys-NUDE.jpg","width":800,"height":800,"caption":"tibladin_marokkansk puf firkant i lys NUDE"},{"@type":"BreadcrumbList","@id":"https:\/\/tibladin.dk\/produkt\/puf-i-laeder-firkantet-nude\/#breadcrumb","itemListElement":[{"@type":"ListItem","position":1,"name":"Hjem","item":"https:\/\/tibladin.dk\/"},{"@type":"ListItem","position":2,"name":"Shop","item":"https:\/\/tibladin.dk\/shop\/"},{"@type":"ListItem","position":3,"name":"Puf i l\u00e6der &#8211; firkantet NUDE"}]},{"@type":"WebSite","@id":"https:\/\/tibladin.dk\/#website","url":"https:\/\/tibladin.dk\/","name":"Tibladin","description":"Tibladin","publisher":{"@id":"https:\/\/tibladin.dk\/#organization"},"potentialAction":[{"@type":"SearchAction","target":{"@type":"EntryPoint","urlTemplate":"https:\/\/tibladin.dk\/?s={search_term_string}"},"query-input":{"@type":"PropertyValueSpecification","valueRequired":true,"valueName":"search_term_string"}}],"inLanguage":"nb-NO"},{"@type":"Organization","@id":"https:\/\/tibladin.dk\/#organization","name":"Tibladin","url":"https:\/\/tibladin.dk\/","logo":{"@type":"ImageObject","inLanguage":"nb-NO","@id":"https:\/\/tibladin.dk\/#\/schema\/logo\/image\/","url":"https:\/\/tibladin.dk\/wp-content\/uploads\/2022\/09\/tibladin_logo.svg","contentUrl":"https:\/\/tibladin.dk\/wp-content\/uploads\/2022\/09\/tibladin_logo.svg","caption":"Tibladin"},"image":{"@id":"https:\/\/tibladin.dk\/#\/schema\/logo\/image\/"}}]}},"_links":{"self":[{"href":"https:\/\/tibladin.dk\/nb\/wp-json\/wp\/v2\/product\/10674","targetHints":{"allow":["GET"]}}],"collection":[{"href":"https:\/\/tibladin.dk\/nb\/wp-json\/wp\/v2\/product"}],"about":[{"href":"https:\/\/tibladin.dk\/nb\/wp-json\/wp\/v2\/types\/product"}],"wp:featuredmedia":[{"embeddable":true,"href":"https:\/\/tibladin.dk\/nb\/wp-json\/wp\/v2\/media\/10683"}],"wp:attachment":[{"href":"https:\/\/tibladin.dk\/nb\/wp-json\/wp\/v2\/media?parent=10674"}],"wp:term":[{"taxonomy":"product_brand","embeddable":true,"href":"https:\/\/tibladin.dk\/nb\/wp-json\/wp\/v2\/product_brand?post=10674"},{"taxonomy":"product_cat","embeddable":true,"href":"https:\/\/tibladin.dk\/nb\/wp-json\/wp\/v2\/product_cat?post=10674"},{"taxonomy":"product_tag","embeddable":true,"href":"https:\/\/tibladin.dk\/nb\/wp-json\/wp\/v2\/product_tag?post=10674"}],"curies":[{"name":"wp","href":"https:\/\/api.w.org\/{rel}","templated":true}]}}