{"id":11405,"date":"2024-02-29T15:44:42","date_gmt":"2024-02-29T14:44:42","guid":{"rendered":"https:\/\/tibladin.dk\/?post_type=product&#038;p=11405"},"modified":"2025-05-12T08:24:54","modified_gmt":"2025-05-12T06:24:54","slug":"marokkansk-teppe-chaoui-kelim-160x210","status":"publish","type":"product","link":"https:\/\/tibladin.dk\/nb\/produkt\/marokkansk-taeppe-chaoui-kelim-160x210\/","title":{"rendered":"Marokkansk teppe \u2013 CHAOUI kelim 160\u00d7210"},"content":{"rendered":"<div class=\"wpb-content-wrapper\"><div class=\"vc_row wpb_row vc_row-fluid\"><div class=\"wpb_column vc_column_container vc_col-sm-4\"><div class=\"vc_column-inner\"><div class=\"wpb_wrapper\"><\/div><\/div><\/div><div class=\"wpb_column vc_column_container vc_col-sm-4\"><div class=\"vc_column-inner\"><div class=\"wpb_wrapper\"><h3 style=\"text-align: left\" class=\"vc_custom_heading vc_do_custom_heading\" >Vedlikehold<\/h3>\n\t<div class=\"wpb_text_column wpb_content_element\" >\n\t\t<div class=\"wpb_wrapper\">\n\t\t\t<p>St\u00f8vsug teppet regelmessig og ta det ut og rist det av og til. Flekker fjernes ved \u00e5 bl\u00f8tlegge flekken med en klut s\u00e5 snart som mulig og duppe flekken med en fuktig klut. Teppet er laget av 100 % ren ull og er naturlig dekket med lanolin p\u00e5 hver fiber, noe som hindrer flekker i \u00e5 trenge inn i teppet. Det kan ogs\u00e5 renses p\u00e5 et renseri. Hvis vi er s\u00e5 heldige \u00e5 f\u00e5 sn\u00f8 en vinter i Danmark, legg da teppet ut i den hvite sn\u00f8en. Dette vil rense teppet grundig \u2013 helt naturlig.<\/p>\n\n\t\t<\/div>\n\t<\/div>\n<\/div><\/div><\/div><div class=\"wpb_column vc_column_container vc_col-sm-4\"><div class=\"vc_column-inner\"><div class=\"wpb_wrapper\"><h3 style=\"text-align: left\" class=\"vc_custom_heading vc_do_custom_heading\" >Historien bak<\/h3>\n\t<div class=\"wpb_text_column wpb_content_element\" >\n\t\t<div class=\"wpb_wrapper\">\n\t\t\t<p>Tepper dekorerer, gir hygge og varme og er ogs\u00e5 st\u00f8ydempende.<\/p>\n<p>Disse teppene er h\u00e5ndvevd av berberkvinner fra Zemmour i Atlasfjellene og har et veldig nordisk preg med sine svarte og hvite farger.<\/p>\n<p>Teppene er laget av b\u00e6rekraftig ull fra sauer fra Atlasfjellene og er helt kjemikaliefrie.<\/p>\n\n\t\t<\/div>\n\t<\/div>\n<\/div><\/div><\/div><\/div>\n<\/div>","protected":false},"excerpt":{"rendered":"<p>Ultrasjeldent kelim CHAOUI ullteppe med fargede h\u00e5ndbroderte m\u00f8nstre. Det finnes bare dette teppet, og tepper fra CHAOUI er sv\u00e6rt sjeldne og fine tepper. Det fine h\u00e5ndverket er et sant kunstverk som virkelig gir karakter og h\u00f8y kvalitet til interi\u00f8ret.<\/p>\n<p>En base av lett, flatvevd ull av h\u00f8y kvalitet. H\u00e5ndbroderte m\u00f8nstre i oransje, m\u00f8rker\u00f8dt, svart og hvitt.<\/p>\n<p>M\u00e5l: bredde 160 cm, lengde 210 cm.<\/p>\n<p>Nydelig teppe som passer til de fleste stuer og soverom. En god vanlig st\u00f8rrelse. For de som \u00f8nsker et flatvevd ullteppe av h\u00f8y kvalitet som gir mye atmosf\u00e6re og hygge, men som ikke er for dominerende og passer veldig godt til skandinavisk interi\u00f8rdesign.<\/p>\n<p>M\u00e5 renses p\u00e5 et vaskeri eller vaskes i sn\u00f8en. Ullen avviser flekker slik at de ikke trenger inn i teppet.<\/p>","protected":false},"featured_media":11406,"template":"","meta":{"inline_featured_image":false},"product_brand":[],"product_cat":[59,61],"product_tag":[],"class_list":{"0":"post-11405","1":"product","2":"type-product","3":"status-publish","4":"has-post-thumbnail","6":"product_cat-marokkanske-taepper","7":"product_cat-uldtaepper-kelim","9":"first","10":"instock","11":"taxable","12":"shipping-taxable","13":"purchasable","14":"product-type-simple"},"exclude_global_add_ons":[],"addons":[],"yoast_head":"<!-- This site is optimized with the Yoast SEO plugin v27.4 - https:\/\/yoast.com\/product\/yoast-seo-wordpress\/ -->\n<title>Marokkansk t\u00e6ppe - CHAOUI kelim 160x210- Tibladin<\/title>\n<meta name=\"description\" content=\"Ultra sj\u00e6ldent Marrokansk uld kelim t\u00e6ppe Chaoui. H\u00e5ndv\u00e6vet af berberkvinder med smukke h\u00e5ndbroderede m\u00f8nstrer. et utroligt om imponerende h\u00e5ndarbejde.\" \/>\n<meta name=\"robots\" content=\"index, follow, max-snippet:-1, max-image-preview:large, max-video-preview:-1\" \/>\n<link rel=\"canonical\" href=\"https:\/\/tibladin.dk\/nb\/produkt\/marokkansk-teppe-chaoui-kelim-160x210\/\" \/>\n<meta property=\"og:locale\" content=\"nb_NO\" \/>\n<meta property=\"og:type\" content=\"article\" \/>\n<meta property=\"og:title\" content=\"Marokkansk t\u00e6ppe - CHAOUI kelim 160x210- Tibladin\" \/>\n<meta property=\"og:description\" content=\"Ultra sj\u00e6ldent Marrokansk uld kelim t\u00e6ppe Chaoui. H\u00e5ndv\u00e6vet af berberkvinder med smukke h\u00e5ndbroderede m\u00f8nstrer. et utroligt om imponerende h\u00e5ndarbejde.\" \/>\n<meta property=\"og:url\" content=\"https:\/\/tibladin.dk\/nb\/produkt\/marokkansk-teppe-chaoui-kelim-160x210\/\" \/>\n<meta property=\"og:site_name\" content=\"Tibladin\" \/>\n<meta property=\"article:modified_time\" content=\"2025-05-12T06:24:54+00:00\" \/>\n<meta property=\"og:image\" content=\"https:\/\/tibladin.dk\/wp-content\/uploads\/2024\/02\/Tibladin-marokkansk-kelim-taeppe-Chaoui_160x210_2.jpg\" \/>\n\t<meta property=\"og:image:width\" content=\"800\" \/>\n\t<meta property=\"og:image:height\" content=\"800\" \/>\n\t<meta property=\"og:image:type\" content=\"image\/jpeg\" \/>\n<meta name=\"twitter:card\" content=\"summary_large_image\" \/>\n<meta name=\"twitter:label1\" content=\"Ansl. lesetid\" \/>\n\t<meta name=\"twitter:data1\" content=\"2 minutter\" \/>\n<script type=\"application\/ld+json\" class=\"yoast-schema-graph\">{\"@context\":\"https:\\\/\\\/schema.org\",\"@graph\":[{\"@type\":\"WebPage\",\"@id\":\"https:\\\/\\\/tibladin.dk\\\/produkt\\\/marokkansk-taeppe-chaoui-kelim-160x210\\\/\",\"url\":\"https:\\\/\\\/tibladin.dk\\\/produkt\\\/marokkansk-taeppe-chaoui-kelim-160x210\\\/\",\"name\":\"Marokkansk t\u00e6ppe - CHAOUI kelim 160x210- Tibladin\",\"isPartOf\":{\"@id\":\"https:\\\/\\\/tibladin.dk\\\/#website\"},\"primaryImageOfPage\":{\"@id\":\"https:\\\/\\\/tibladin.dk\\\/produkt\\\/marokkansk-taeppe-chaoui-kelim-160x210\\\/#primaryimage\"},\"image\":{\"@id\":\"https:\\\/\\\/tibladin.dk\\\/produkt\\\/marokkansk-taeppe-chaoui-kelim-160x210\\\/#primaryimage\"},\"thumbnailUrl\":\"https:\\\/\\\/tibladin.dk\\\/wp-content\\\/uploads\\\/2024\\\/02\\\/Tibladin-marokkansk-kelim-taeppe-Chaoui_160x210_2.jpg\",\"datePublished\":\"2024-02-29T14:44:42+00:00\",\"dateModified\":\"2025-05-12T06:24:54+00:00\",\"description\":\"Ultra sj\u00e6ldent Marrokansk uld kelim t\u00e6ppe Chaoui. H\u00e5ndv\u00e6vet af berberkvinder med smukke h\u00e5ndbroderede m\u00f8nstrer. et utroligt om imponerende h\u00e5ndarbejde.\",\"breadcrumb\":{\"@id\":\"https:\\\/\\\/tibladin.dk\\\/produkt\\\/marokkansk-taeppe-chaoui-kelim-160x210\\\/#breadcrumb\"},\"inLanguage\":\"nb-NO\",\"potentialAction\":[{\"@type\":\"ReadAction\",\"target\":[\"https:\\\/\\\/tibladin.dk\\\/produkt\\\/marokkansk-taeppe-chaoui-kelim-160x210\\\/\"]}]},{\"@type\":\"ImageObject\",\"inLanguage\":\"nb-NO\",\"@id\":\"https:\\\/\\\/tibladin.dk\\\/produkt\\\/marokkansk-taeppe-chaoui-kelim-160x210\\\/#primaryimage\",\"url\":\"https:\\\/\\\/tibladin.dk\\\/wp-content\\\/uploads\\\/2024\\\/02\\\/Tibladin-marokkansk-kelim-taeppe-Chaoui_160x210_2.jpg\",\"contentUrl\":\"https:\\\/\\\/tibladin.dk\\\/wp-content\\\/uploads\\\/2024\\\/02\\\/Tibladin-marokkansk-kelim-taeppe-Chaoui_160x210_2.jpg\",\"width\":800,\"height\":800,\"caption\":\"Tibladin marokkansk kelim t\u00e6ppe Chaoui_160x210\"},{\"@type\":\"BreadcrumbList\",\"@id\":\"https:\\\/\\\/tibladin.dk\\\/produkt\\\/marokkansk-taeppe-chaoui-kelim-160x210\\\/#breadcrumb\",\"itemListElement\":[{\"@type\":\"ListItem\",\"position\":1,\"name\":\"Hjem\",\"item\":\"https:\\\/\\\/tibladin.dk\\\/\"},{\"@type\":\"ListItem\",\"position\":2,\"name\":\"Shop\",\"item\":\"https:\\\/\\\/tibladin.dk\\\/shop\\\/\"},{\"@type\":\"ListItem\",\"position\":3,\"name\":\"Marokkansk t\u00e6ppe &#8211; CHAOUI kelim 160&#215;210\"}]},{\"@type\":\"WebSite\",\"@id\":\"https:\\\/\\\/tibladin.dk\\\/#website\",\"url\":\"https:\\\/\\\/tibladin.dk\\\/\",\"name\":\"Tibladin\",\"description\":\"Tibladin\",\"publisher\":{\"@id\":\"https:\\\/\\\/tibladin.dk\\\/#organization\"},\"potentialAction\":[{\"@type\":\"SearchAction\",\"target\":{\"@type\":\"EntryPoint\",\"urlTemplate\":\"https:\\\/\\\/tibladin.dk\\\/?s={search_term_string}\"},\"query-input\":{\"@type\":\"PropertyValueSpecification\",\"valueRequired\":true,\"valueName\":\"search_term_string\"}}],\"inLanguage\":\"nb-NO\"},{\"@type\":\"Organization\",\"@id\":\"https:\\\/\\\/tibladin.dk\\\/#organization\",\"name\":\"Tibladin\",\"url\":\"https:\\\/\\\/tibladin.dk\\\/\",\"logo\":{\"@type\":\"ImageObject\",\"inLanguage\":\"nb-NO\",\"@id\":\"https:\\\/\\\/tibladin.dk\\\/#\\\/schema\\\/logo\\\/image\\\/\",\"url\":\"https:\\\/\\\/tibladin.dk\\\/wp-content\\\/uploads\\\/2022\\\/09\\\/tibladin_logo.svg\",\"contentUrl\":\"https:\\\/\\\/tibladin.dk\\\/wp-content\\\/uploads\\\/2022\\\/09\\\/tibladin_logo.svg\",\"caption\":\"Tibladin\"},\"image\":{\"@id\":\"https:\\\/\\\/tibladin.dk\\\/#\\\/schema\\\/logo\\\/image\\\/\"}}]}<\/script>\n<!-- \/ Yoast SEO plugin. -->","yoast_head_json":{"title":"Marokkansk teppe - CHAOUI kelim 160x210 - Tibladin","description":"Ultrasjeldent marokkansk kelimteppe i ull, Chaoui. H\u00e5ndvevd av berberkvinner med vakre h\u00e5ndbroderte m\u00f8nstre. Et utrolig og imponerende h\u00e5ndarbeid.","robots":{"index":"index","follow":"follow","max-snippet":"max-snippet:-1","max-image-preview":"max-image-preview:large","max-video-preview":"max-video-preview:-1"},"canonical":"https:\/\/tibladin.dk\/nb\/produkt\/marokkansk-teppe-chaoui-kelim-160x210\/","og_locale":"nb_NO","og_type":"article","og_title":"Marokkansk t\u00e6ppe - CHAOUI kelim 160x210- Tibladin","og_description":"Ultra sj\u00e6ldent Marrokansk uld kelim t\u00e6ppe Chaoui. H\u00e5ndv\u00e6vet af berberkvinder med smukke h\u00e5ndbroderede m\u00f8nstrer. et utroligt om imponerende h\u00e5ndarbejde.","og_url":"https:\/\/tibladin.dk\/nb\/produkt\/marokkansk-teppe-chaoui-kelim-160x210\/","og_site_name":"Tibladin","article_modified_time":"2025-05-12T06:24:54+00:00","og_image":[{"width":800,"height":800,"url":"https:\/\/tibladin.dk\/wp-content\/uploads\/2024\/02\/Tibladin-marokkansk-kelim-taeppe-Chaoui_160x210_2.jpg","type":"image\/jpeg"}],"twitter_card":"summary_large_image","twitter_misc":{"Ansl. lesetid":"2 minutter"},"schema":{"@context":"https:\/\/schema.org","@graph":[{"@type":"WebPage","@id":"https:\/\/tibladin.dk\/produkt\/marokkansk-taeppe-chaoui-kelim-160x210\/","url":"https:\/\/tibladin.dk\/produkt\/marokkansk-taeppe-chaoui-kelim-160x210\/","name":"Marokkansk teppe - CHAOUI kelim 160x210 - Tibladin","isPartOf":{"@id":"https:\/\/tibladin.dk\/#website"},"primaryImageOfPage":{"@id":"https:\/\/tibladin.dk\/produkt\/marokkansk-taeppe-chaoui-kelim-160x210\/#primaryimage"},"image":{"@id":"https:\/\/tibladin.dk\/produkt\/marokkansk-taeppe-chaoui-kelim-160x210\/#primaryimage"},"thumbnailUrl":"https:\/\/tibladin.dk\/wp-content\/uploads\/2024\/02\/Tibladin-marokkansk-kelim-taeppe-Chaoui_160x210_2.jpg","datePublished":"2024-02-29T14:44:42+00:00","dateModified":"2025-05-12T06:24:54+00:00","description":"Ultrasjeldent marokkansk kelimteppe i ull, Chaoui. H\u00e5ndvevd av berberkvinner med vakre h\u00e5ndbroderte m\u00f8nstre. Et utrolig og imponerende h\u00e5ndarbeid.","breadcrumb":{"@id":"https:\/\/tibladin.dk\/produkt\/marokkansk-taeppe-chaoui-kelim-160x210\/#breadcrumb"},"inLanguage":"nb-NO","potentialAction":[{"@type":"ReadAction","target":["https:\/\/tibladin.dk\/produkt\/marokkansk-taeppe-chaoui-kelim-160x210\/"]}]},{"@type":"ImageObject","inLanguage":"nb-NO","@id":"https:\/\/tibladin.dk\/produkt\/marokkansk-taeppe-chaoui-kelim-160x210\/#primaryimage","url":"https:\/\/tibladin.dk\/wp-content\/uploads\/2024\/02\/Tibladin-marokkansk-kelim-taeppe-Chaoui_160x210_2.jpg","contentUrl":"https:\/\/tibladin.dk\/wp-content\/uploads\/2024\/02\/Tibladin-marokkansk-kelim-taeppe-Chaoui_160x210_2.jpg","width":800,"height":800,"caption":"Tibladin marokkansk kelim t\u00e6ppe Chaoui_160x210"},{"@type":"BreadcrumbList","@id":"https:\/\/tibladin.dk\/produkt\/marokkansk-taeppe-chaoui-kelim-160x210\/#breadcrumb","itemListElement":[{"@type":"ListItem","position":1,"name":"Hjem","item":"https:\/\/tibladin.dk\/"},{"@type":"ListItem","position":2,"name":"Shop","item":"https:\/\/tibladin.dk\/shop\/"},{"@type":"ListItem","position":3,"name":"Marokkansk t\u00e6ppe &#8211; CHAOUI kelim 160&#215;210"}]},{"@type":"WebSite","@id":"https:\/\/tibladin.dk\/#website","url":"https:\/\/tibladin.dk\/","name":"Tibladin","description":"Tibladin","publisher":{"@id":"https:\/\/tibladin.dk\/#organization"},"potentialAction":[{"@type":"SearchAction","target":{"@type":"EntryPoint","urlTemplate":"https:\/\/tibladin.dk\/?s={search_term_string}"},"query-input":{"@type":"PropertyValueSpecification","valueRequired":true,"valueName":"search_term_string"}}],"inLanguage":"nb-NO"},{"@type":"Organization","@id":"https:\/\/tibladin.dk\/#organization","name":"Tibladin","url":"https:\/\/tibladin.dk\/","logo":{"@type":"ImageObject","inLanguage":"nb-NO","@id":"https:\/\/tibladin.dk\/#\/schema\/logo\/image\/","url":"https:\/\/tibladin.dk\/wp-content\/uploads\/2022\/09\/tibladin_logo.svg","contentUrl":"https:\/\/tibladin.dk\/wp-content\/uploads\/2022\/09\/tibladin_logo.svg","caption":"Tibladin"},"image":{"@id":"https:\/\/tibladin.dk\/#\/schema\/logo\/image\/"}}]}},"_links":{"self":[{"href":"https:\/\/tibladin.dk\/nb\/wp-json\/wp\/v2\/product\/11405","targetHints":{"allow":["GET"]}}],"collection":[{"href":"https:\/\/tibladin.dk\/nb\/wp-json\/wp\/v2\/product"}],"about":[{"href":"https:\/\/tibladin.dk\/nb\/wp-json\/wp\/v2\/types\/product"}],"wp:featuredmedia":[{"embeddable":true,"href":"https:\/\/tibladin.dk\/nb\/wp-json\/wp\/v2\/media\/11406"}],"wp:attachment":[{"href":"https:\/\/tibladin.dk\/nb\/wp-json\/wp\/v2\/media?parent=11405"}],"wp:term":[{"taxonomy":"product_brand","embeddable":true,"href":"https:\/\/tibladin.dk\/nb\/wp-json\/wp\/v2\/product_brand?post=11405"},{"taxonomy":"product_cat","embeddable":true,"href":"https:\/\/tibladin.dk\/nb\/wp-json\/wp\/v2\/product_cat?post=11405"},{"taxonomy":"product_tag","embeddable":true,"href":"https:\/\/tibladin.dk\/nb\/wp-json\/wp\/v2\/product_tag?post=11405"}],"curies":[{"name":"wp","href":"https:\/\/api.w.org\/{rel}","templated":true}]}}