{"id":11584,"date":"2024-03-16T19:43:30","date_gmt":"2024-03-16T18:43:30","guid":{"rendered":"https:\/\/tibladin.dk\/?post_type=product&#038;p=11584"},"modified":"2026-04-04T05:10:24","modified_gmt":"2026-04-04T03:10:24","slug":"firkantet-puff-i-svart-skinn","status":"publish","type":"product","link":"https:\/\/tibladin.dk\/nb\/produkt\/firkantet-puf-i-sort-laeder\/","title":{"rendered":"Firkantet puff i svart skinn"},"content":{"rendered":"<div class=\"wpb-content-wrapper\"><div class=\"vc_row wpb_row vc_row-fluid\"><div class=\"wpb_column vc_column_container vc_col-sm-6\"><div class=\"vc_column-inner\"><div class=\"wpb_wrapper\"><h3 style=\"text-align: left\" class=\"vc_custom_heading vc_do_custom_heading\" >Vedlikehold av puffen din<\/h3>\n\t<div class=\"wpb_text_column wpb_content_element\" >\n\t\t<div class=\"wpb_wrapper\">\n\t\t\t<p>Skinnet p\u00e5 denne marokkanske puffen er laget av geiteskinn og vil etter hvert utvikle en vakker patina. Hvis du vil at puffen skal v\u00e6re m\u00f8rkere og mer skinnende, kan du gi den litt l\u00e6rolje. N\u00e5r du begynner \u00e5 bruke den, kan den lukte litt av l\u00e6r. Dette vil raskt forsvinne. Hvis du vil fremskynde prosessen, kan du legge den ut i solen en stund, s\u00e5 vil det forsvinne.<\/p>\n\n\t\t<\/div>\n\t<\/div>\n<\/div><\/div><\/div><div class=\"wpb_column vc_column_container vc_col-sm-6\"><div class=\"vc_column-inner\"><div class=\"wpb_wrapper\"><h3 style=\"text-align: left\" class=\"vc_custom_heading vc_do_custom_heading\" >L\u00e6rpuffer<\/h3>\n\t<div class=\"wpb_text_column wpb_content_element\" >\n\t\t<div class=\"wpb_wrapper\">\n\t\t\t<p>Sm\u00e5 puffer er enkle \u00e5 legge til i innredningen din og gir raskt et eksotisk utseende og et mer personlig preg. Min leverand\u00f8r av skinnpuffer har mange \u00e5rs erfaring med \u00e5 lage gode og sv\u00e6rt slitesterke puffer, og han eksporterer til flere steder rundt om i verden. Alle puffene mine er laget av geiteskinn, da det er dette som gir den mykeste og mest fleksible puffen.<\/p>\n<p>&nbsp;<\/p>\n<p><b>Fyll puffen din<\/b><\/p>\n<p>Du kan enkelt bruke ting du allerede har, som dyner, puter, tepper eller tett sammenkr\u00f8llet avispapir. Du kan ogs\u00e5 kj\u00f8pe skumgranulat eller bomullsfyll til puffen din. Hvis du bruker denne typen fyll, anbefaler vi at du syr et innertrekk eller tar et gammelt dynetrekk og legger fyllet i det f\u00f8r du legger det i puffen.<\/p>\n<p>Du kan ogs\u00e5 velge \u00e5 f\u00e5 puffen fylt med treull. Dette er et alternativ rett n\u00e5r du legger varen i handlekurven.<\/p>\n\n\t\t<\/div>\n\t<\/div>\n<\/div><\/div><\/div><\/div>\n<\/div>","protected":false},"excerpt":{"rendered":"<p class=\"p1\">Firkantet puff i svart skinn. Puffen er utrolig elegant og passer inn i de fleste hjem. Denne puffen kommer i to st\u00f8rrelser: 40\u00d740 cm og 50\u00d750 cm.<\/p>\n<p class=\"p1\">40\u00d740 x H: 38 cm.<\/p>\n<p>50x50x H: 42 cm.<\/p>\n<p>Puffen selges uten fyll. Hvis du \u00f8nsker puffen fylt med treull, husk \u00e5 velge det.<\/p>","protected":false},"featured_media":11594,"template":"","meta":{"inline_featured_image":false},"product_brand":[],"product_cat":[41,39,40],"product_tag":[],"class_list":{"0":"post-11584","1":"product","2":"type-product","3":"status-publish","4":"has-post-thumbnail","6":"product_cat-laederpufs","7":"product_cat-moebler","8":"product_cat-pufs","10":"first","11":"instock","12":"taxable","13":"shipping-taxable","14":"purchasable","15":"product-type-variable"},"exclude_global_add_ons":false,"addons":[{"name":"\u00d8nsker du at puffen din leveres med treullfyll?","type":"checkbox","position":0,"required":false,"title_format":"label","default":"","description_enable":false,"description":"","placeholder_enable":false,"placeholder":"","display":"select","restrictions_type":"any_text","adjust_price":false,"price":"","price_type":"flat_fee","restrictions":false,"min":"0","max":"0","options":[{"label":"Ja tak!","price":"250","price_type":"quantity_based","image":0,"visibility":true}],"id":1710619612}],"yoast_head":"<!-- This site is optimized with the Yoast SEO plugin v27.4 - https:\/\/yoast.com\/product\/yoast-seo-wordpress\/ -->\n<title>Firkante tpuf i sort l\u00e6der | f\u00e5es i to st\u00f8rrelser | med og uden fyld<\/title>\n<meta name=\"description\" content=\"Unik marokkansk l\u00e6derpuf i naturligt l\u00e6der| Hos Tibladin finder du et stort udvalg af pufs, s\u00e5 det er let at finde den der passer perfekt til dig.\" \/>\n<meta name=\"robots\" content=\"index, follow, max-snippet:-1, max-image-preview:large, max-video-preview:-1\" \/>\n<link rel=\"canonical\" href=\"https:\/\/tibladin.dk\/nb\/produkt\/firkantet-puff-i-svart-skinn\/\" \/>\n<meta property=\"og:locale\" content=\"nb_NO\" \/>\n<meta property=\"og:type\" content=\"article\" \/>\n<meta property=\"og:title\" content=\"Firkante tpuf i sort l\u00e6der | f\u00e5es i to st\u00f8rrelser | med og uden fyld\" \/>\n<meta property=\"og:description\" content=\"Unik marokkansk l\u00e6derpuf i naturligt l\u00e6der| Hos Tibladin finder du et stort udvalg af pufs, s\u00e5 det er let at finde den der passer perfekt til dig.\" \/>\n<meta property=\"og:url\" content=\"https:\/\/tibladin.dk\/nb\/produkt\/firkantet-puff-i-svart-skinn\/\" \/>\n<meta property=\"og:site_name\" content=\"Tibladin\" \/>\n<meta property=\"article:modified_time\" content=\"2026-04-04T03:10:24+00:00\" \/>\n<meta property=\"og:image\" content=\"https:\/\/tibladin.dk\/wp-content\/uploads\/2024\/03\/marokkansk-puf-sort-firkant_begge-stoerrelser_1.jpg\" \/>\n\t<meta property=\"og:image:width\" content=\"800\" \/>\n\t<meta property=\"og:image:height\" content=\"800\" \/>\n\t<meta property=\"og:image:type\" content=\"image\/jpeg\" \/>\n<meta name=\"twitter:card\" content=\"summary_large_image\" \/>\n<meta name=\"twitter:label1\" content=\"Ansl. lesetid\" \/>\n\t<meta name=\"twitter:data1\" content=\"2 minutter\" \/>\n<script type=\"application\/ld+json\" class=\"yoast-schema-graph\">{\"@context\":\"https:\\\/\\\/schema.org\",\"@graph\":[{\"@type\":\"WebPage\",\"@id\":\"https:\\\/\\\/tibladin.dk\\\/produkt\\\/firkantet-puf-i-sort-laeder\\\/\",\"url\":\"https:\\\/\\\/tibladin.dk\\\/produkt\\\/firkantet-puf-i-sort-laeder\\\/\",\"name\":\"Firkante tpuf i sort l\u00e6der | f\u00e5es i to st\u00f8rrelser | med og uden fyld\",\"isPartOf\":{\"@id\":\"https:\\\/\\\/tibladin.dk\\\/#website\"},\"primaryImageOfPage\":{\"@id\":\"https:\\\/\\\/tibladin.dk\\\/produkt\\\/firkantet-puf-i-sort-laeder\\\/#primaryimage\"},\"image\":{\"@id\":\"https:\\\/\\\/tibladin.dk\\\/produkt\\\/firkantet-puf-i-sort-laeder\\\/#primaryimage\"},\"thumbnailUrl\":\"https:\\\/\\\/tibladin.dk\\\/wp-content\\\/uploads\\\/2024\\\/03\\\/marokkansk-puf-sort-firkant_begge-stoerrelser_1.jpg\",\"datePublished\":\"2024-03-16T18:43:30+00:00\",\"dateModified\":\"2026-04-04T03:10:24+00:00\",\"description\":\"Unik marokkansk l\u00e6derpuf i naturligt l\u00e6der| Hos Tibladin finder du et stort udvalg af pufs, s\u00e5 det er let at finde den der passer perfekt til dig.\",\"breadcrumb\":{\"@id\":\"https:\\\/\\\/tibladin.dk\\\/produkt\\\/firkantet-puf-i-sort-laeder\\\/#breadcrumb\"},\"inLanguage\":\"nb-NO\",\"potentialAction\":[{\"@type\":\"ReadAction\",\"target\":[\"https:\\\/\\\/tibladin.dk\\\/produkt\\\/firkantet-puf-i-sort-laeder\\\/\"]}]},{\"@type\":\"ImageObject\",\"inLanguage\":\"nb-NO\",\"@id\":\"https:\\\/\\\/tibladin.dk\\\/produkt\\\/firkantet-puf-i-sort-laeder\\\/#primaryimage\",\"url\":\"https:\\\/\\\/tibladin.dk\\\/wp-content\\\/uploads\\\/2024\\\/03\\\/marokkansk-puf-sort-firkant_begge-stoerrelser_1.jpg\",\"contentUrl\":\"https:\\\/\\\/tibladin.dk\\\/wp-content\\\/uploads\\\/2024\\\/03\\\/marokkansk-puf-sort-firkant_begge-stoerrelser_1.jpg\",\"width\":800,\"height\":800,\"caption\":\"firkantet sort l\u00e6derpuf\"},{\"@type\":\"BreadcrumbList\",\"@id\":\"https:\\\/\\\/tibladin.dk\\\/produkt\\\/firkantet-puf-i-sort-laeder\\\/#breadcrumb\",\"itemListElement\":[{\"@type\":\"ListItem\",\"position\":1,\"name\":\"Hjem\",\"item\":\"https:\\\/\\\/tibladin.dk\\\/\"},{\"@type\":\"ListItem\",\"position\":2,\"name\":\"Shop\",\"item\":\"https:\\\/\\\/tibladin.dk\\\/shop\\\/\"},{\"@type\":\"ListItem\",\"position\":3,\"name\":\"Firkantet puf i sort l\u00e6der\"}]},{\"@type\":\"WebSite\",\"@id\":\"https:\\\/\\\/tibladin.dk\\\/#website\",\"url\":\"https:\\\/\\\/tibladin.dk\\\/\",\"name\":\"Tibladin\",\"description\":\"Tibladin\",\"publisher\":{\"@id\":\"https:\\\/\\\/tibladin.dk\\\/#organization\"},\"potentialAction\":[{\"@type\":\"SearchAction\",\"target\":{\"@type\":\"EntryPoint\",\"urlTemplate\":\"https:\\\/\\\/tibladin.dk\\\/?s={search_term_string}\"},\"query-input\":{\"@type\":\"PropertyValueSpecification\",\"valueRequired\":true,\"valueName\":\"search_term_string\"}}],\"inLanguage\":\"nb-NO\"},{\"@type\":\"Organization\",\"@id\":\"https:\\\/\\\/tibladin.dk\\\/#organization\",\"name\":\"Tibladin\",\"url\":\"https:\\\/\\\/tibladin.dk\\\/\",\"logo\":{\"@type\":\"ImageObject\",\"inLanguage\":\"nb-NO\",\"@id\":\"https:\\\/\\\/tibladin.dk\\\/#\\\/schema\\\/logo\\\/image\\\/\",\"url\":\"https:\\\/\\\/tibladin.dk\\\/wp-content\\\/uploads\\\/2022\\\/09\\\/tibladin_logo.svg\",\"contentUrl\":\"https:\\\/\\\/tibladin.dk\\\/wp-content\\\/uploads\\\/2022\\\/09\\\/tibladin_logo.svg\",\"caption\":\"Tibladin\"},\"image\":{\"@id\":\"https:\\\/\\\/tibladin.dk\\\/#\\\/schema\\\/logo\\\/image\\\/\"}}]}<\/script>\n<!-- \/ Yoast SEO plugin. -->","yoast_head_json":{"title":"Firkantet tpu i svart skinn | tilgjengelig i to st\u00f8rrelser | med og uten fyll","description":"Unik marokkansk skinnpuff i naturlig skinn | Hos Tibladin finner du et stort utvalg av puffer, s\u00e5 det er enkelt \u00e5 finne den som passer perfekt for deg.","robots":{"index":"index","follow":"follow","max-snippet":"max-snippet:-1","max-image-preview":"max-image-preview:large","max-video-preview":"max-video-preview:-1"},"canonical":"https:\/\/tibladin.dk\/nb\/produkt\/firkantet-puff-i-svart-skinn\/","og_locale":"nb_NO","og_type":"article","og_title":"Firkante tpuf i sort l\u00e6der | f\u00e5es i to st\u00f8rrelser | med og uden fyld","og_description":"Unik marokkansk l\u00e6derpuf i naturligt l\u00e6der| Hos Tibladin finder du et stort udvalg af pufs, s\u00e5 det er let at finde den der passer perfekt til dig.","og_url":"https:\/\/tibladin.dk\/nb\/produkt\/firkantet-puff-i-svart-skinn\/","og_site_name":"Tibladin","article_modified_time":"2026-04-04T03:10:24+00:00","og_image":[{"width":800,"height":800,"url":"https:\/\/tibladin.dk\/wp-content\/uploads\/2024\/03\/marokkansk-puf-sort-firkant_begge-stoerrelser_1.jpg","type":"image\/jpeg"}],"twitter_card":"summary_large_image","twitter_misc":{"Ansl. lesetid":"2 minutter"},"schema":{"@context":"https:\/\/schema.org","@graph":[{"@type":"WebPage","@id":"https:\/\/tibladin.dk\/produkt\/firkantet-puf-i-sort-laeder\/","url":"https:\/\/tibladin.dk\/produkt\/firkantet-puf-i-sort-laeder\/","name":"Firkantet tpu i svart skinn | tilgjengelig i to st\u00f8rrelser | med og uten fyll","isPartOf":{"@id":"https:\/\/tibladin.dk\/#website"},"primaryImageOfPage":{"@id":"https:\/\/tibladin.dk\/produkt\/firkantet-puf-i-sort-laeder\/#primaryimage"},"image":{"@id":"https:\/\/tibladin.dk\/produkt\/firkantet-puf-i-sort-laeder\/#primaryimage"},"thumbnailUrl":"https:\/\/tibladin.dk\/wp-content\/uploads\/2024\/03\/marokkansk-puf-sort-firkant_begge-stoerrelser_1.jpg","datePublished":"2024-03-16T18:43:30+00:00","dateModified":"2026-04-04T03:10:24+00:00","description":"Unik marokkansk skinnpuff i naturlig skinn | Hos Tibladin finner du et stort utvalg av puffer, s\u00e5 det er enkelt \u00e5 finne den som passer perfekt for deg.","breadcrumb":{"@id":"https:\/\/tibladin.dk\/produkt\/firkantet-puf-i-sort-laeder\/#breadcrumb"},"inLanguage":"nb-NO","potentialAction":[{"@type":"ReadAction","target":["https:\/\/tibladin.dk\/produkt\/firkantet-puf-i-sort-laeder\/"]}]},{"@type":"ImageObject","inLanguage":"nb-NO","@id":"https:\/\/tibladin.dk\/produkt\/firkantet-puf-i-sort-laeder\/#primaryimage","url":"https:\/\/tibladin.dk\/wp-content\/uploads\/2024\/03\/marokkansk-puf-sort-firkant_begge-stoerrelser_1.jpg","contentUrl":"https:\/\/tibladin.dk\/wp-content\/uploads\/2024\/03\/marokkansk-puf-sort-firkant_begge-stoerrelser_1.jpg","width":800,"height":800,"caption":"firkantet sort l\u00e6derpuf"},{"@type":"BreadcrumbList","@id":"https:\/\/tibladin.dk\/produkt\/firkantet-puf-i-sort-laeder\/#breadcrumb","itemListElement":[{"@type":"ListItem","position":1,"name":"Hjem","item":"https:\/\/tibladin.dk\/"},{"@type":"ListItem","position":2,"name":"Shop","item":"https:\/\/tibladin.dk\/shop\/"},{"@type":"ListItem","position":3,"name":"Firkantet puf i sort l\u00e6der"}]},{"@type":"WebSite","@id":"https:\/\/tibladin.dk\/#website","url":"https:\/\/tibladin.dk\/","name":"Tibladin","description":"Tibladin","publisher":{"@id":"https:\/\/tibladin.dk\/#organization"},"potentialAction":[{"@type":"SearchAction","target":{"@type":"EntryPoint","urlTemplate":"https:\/\/tibladin.dk\/?s={search_term_string}"},"query-input":{"@type":"PropertyValueSpecification","valueRequired":true,"valueName":"search_term_string"}}],"inLanguage":"nb-NO"},{"@type":"Organization","@id":"https:\/\/tibladin.dk\/#organization","name":"Tibladin","url":"https:\/\/tibladin.dk\/","logo":{"@type":"ImageObject","inLanguage":"nb-NO","@id":"https:\/\/tibladin.dk\/#\/schema\/logo\/image\/","url":"https:\/\/tibladin.dk\/wp-content\/uploads\/2022\/09\/tibladin_logo.svg","contentUrl":"https:\/\/tibladin.dk\/wp-content\/uploads\/2022\/09\/tibladin_logo.svg","caption":"Tibladin"},"image":{"@id":"https:\/\/tibladin.dk\/#\/schema\/logo\/image\/"}}]}},"_links":{"self":[{"href":"https:\/\/tibladin.dk\/nb\/wp-json\/wp\/v2\/product\/11584","targetHints":{"allow":["GET"]}}],"collection":[{"href":"https:\/\/tibladin.dk\/nb\/wp-json\/wp\/v2\/product"}],"about":[{"href":"https:\/\/tibladin.dk\/nb\/wp-json\/wp\/v2\/types\/product"}],"wp:featuredmedia":[{"embeddable":true,"href":"https:\/\/tibladin.dk\/nb\/wp-json\/wp\/v2\/media\/11594"}],"wp:attachment":[{"href":"https:\/\/tibladin.dk\/nb\/wp-json\/wp\/v2\/media?parent=11584"}],"wp:term":[{"taxonomy":"product_brand","embeddable":true,"href":"https:\/\/tibladin.dk\/nb\/wp-json\/wp\/v2\/product_brand?post=11584"},{"taxonomy":"product_cat","embeddable":true,"href":"https:\/\/tibladin.dk\/nb\/wp-json\/wp\/v2\/product_cat?post=11584"},{"taxonomy":"product_tag","embeddable":true,"href":"https:\/\/tibladin.dk\/nb\/wp-json\/wp\/v2\/product_tag?post=11584"}],"curies":[{"name":"wp","href":"https:\/\/api.w.org\/{rel}","templated":true}]}}