{"id":1201,"date":"2022-09-20T11:07:35","date_gmt":"2022-09-20T09:07:35","guid":{"rendered":"https:\/\/tibladin.dk\/vare\/pudebetraek-i-berbisk-taeppe\/"},"modified":"2024-12-09T14:46:27","modified_gmt":"2024-12-09T13:46:27","slug":"berber-teppe-putetrekk","status":"publish","type":"product","link":"https:\/\/tibladin.dk\/nb\/produkt\/pudebetraek-i-berbisk-taeppe\/","title":{"rendered":"Berber-teppe putetrekk"},"content":{"rendered":"<div class=\"wpb-content-wrapper\"><div class=\"vc_row wpb_row vc_row-fluid\"><div class=\"wpb_column vc_column_container vc_col-sm-4\"><div class=\"vc_column-inner\"><div class=\"wpb_wrapper\"><\/div><\/div><\/div><div class=\"wpb_column vc_column_container vc_col-sm-4\"><div class=\"vc_column-inner\"><div class=\"wpb_wrapper\"><h3 style=\"text-align: left\" class=\"vc_custom_heading vc_do_custom_heading\" >Vedlikehold<\/h3>\n\t<div class=\"wpb_text_column wpb_content_element\" >\n\t\t<div class=\"wpb_wrapper\">\n\t\t\t<p>Putetrekket kan renses eller vaskes sk\u00e5nsomt for h\u00e5nd eller p\u00e5 ullprogram i vaskemaskinen.<\/p>\n<p>Siden putetrekkene er 100 % h\u00e5ndlagde og laget av unike tepper, kan det v\u00e6re forskjeller i st\u00f8rrelse og m\u00f8nster, noe som er en del av sjarmen til disse putene.<\/p>\n\n\t\t<\/div>\n\t<\/div>\n<\/div><\/div><\/div><div class=\"wpb_column vc_column_container vc_col-sm-4\"><div class=\"vc_column-inner\"><div class=\"wpb_wrapper\"><h3 style=\"text-align: left\" class=\"vc_custom_heading vc_do_custom_heading\" >Historien bak<\/h3>\n\t<div class=\"wpb_text_column wpb_content_element\" >\n\t\t<div class=\"wpb_wrapper\">\n\t\t\t<p>Kiria-putetrekkene i berberteppe er h\u00e5ndlagde. Trekkene har en sterk glidel\u00e5s, slik at du enkelt kan ta dem av og vaske dem.<\/p>\n<p>Disse fine putene gir sofaen eller stolen din et varmt og orientalsk preg.<\/p>\n<p>Dekselene passer til monteringsputer p\u00e5 40\u00d740, avhengig av hvor tykke du vil ha dem.<\/p>\n\n\t\t<\/div>\n\t<\/div>\n<\/div><\/div><\/div><\/div>\n<\/div>","protected":false},"excerpt":{"rendered":"<p>Unike marokkanske h\u00e5ndlagde putetrekk med midtstykket fra et berberteppe i varme nyanser.<\/p>\n<p>Vakker og enkel dusk i det ene hj\u00f8rnet av puten.<\/p>\n<p>Putetrekkene leveres uten puter. Passer til monteringsputer p\u00e5 40 x 40 cm, avhengig av hvor full du \u00f8nsker puten.<\/p>\n<p>&nbsp;<\/p>\n<p>&nbsp;<\/p>","protected":false},"featured_media":1196,"template":"","meta":{"inline_featured_image":false},"product_brand":[],"product_cat":[35,66,163,37],"product_tag":[],"class_list":{"0":"post-1201","1":"product","2":"type-product","3":"status-publish","4":"has-post-thumbnail","6":"product_cat-gaven-til-hende","7":"product_cat-pudebetraek","8":"product_cat-puder-af-vintagetaepper","9":"product_cat-tekstiler","11":"first","12":"instock","13":"taxable","14":"shipping-taxable","15":"purchasable","16":"product-type-simple"},"exclude_global_add_ons":false,"addons":[{"name":"\u00d8nsker du gaveinnpakning?","type":"checkbox","position":0,"required":false,"title_format":"label","default":"","description_enable":false,"description":"","placeholder_enable":false,"placeholder":"","display":"images","restrictions_type":"any_text","adjust_price":false,"price":"","price_type":"flat_fee","restrictions":false,"min":"0","max":"0","options":[{"label":"Ja tak","price":"10","price_type":"flat_fee","image":11015,"visibility":true}],"id":1669646111},{"name":"F\u00e5 putetrekket levert med en monteringspute laget av 100 % bomull og fylt med 100 % dun\/fj\u00e6r.","type":"checkbox","position":0,"required":false,"title_format":"label","default":"","description_enable":false,"description":"","placeholder_enable":false,"placeholder":"","display":"images","restrictions_type":"any_text","adjust_price":false,"price":"","price_type":"flat_fee","restrictions":false,"min":"0","max":"0","options":[{"label":"Ja tak","price":"125","price_type":"quantity_based","image":11025,"visibility":true}],"id":1760629331}],"yoast_head":"<!-- This site is optimized with the Yoast SEO plugin v27.4 - https:\/\/yoast.com\/product\/yoast-seo-wordpress\/ -->\n<title>Fine pudebetr\u00e6k lavet i berbisk t\u00e6ppe Kiria | Tibladin<\/title>\n<meta name=\"description\" content=\"Berbisk t\u00e6ppe pudebetr\u00e6k til din sofa i dejlige nuancer. Passer til 40X40 puder, alt efter hvor fyldig du \u00f8nsker din pude.\" \/>\n<meta name=\"robots\" content=\"index, follow, max-snippet:-1, max-image-preview:large, max-video-preview:-1\" \/>\n<link rel=\"canonical\" href=\"https:\/\/tibladin.dk\/nb\/produkt\/berber-teppe-putetrekk\/\" \/>\n<meta property=\"og:locale\" content=\"nb_NO\" \/>\n<meta property=\"og:type\" content=\"article\" \/>\n<meta property=\"og:title\" content=\"Fine pudebetr\u00e6k lavet i berbisk t\u00e6ppe Kiria | Tibladin\" \/>\n<meta property=\"og:description\" content=\"Berbisk t\u00e6ppe pudebetr\u00e6k til din sofa i dejlige nuancer. Passer til 40X40 puder, alt efter hvor fyldig du \u00f8nsker din pude.\" \/>\n<meta property=\"og:url\" content=\"https:\/\/tibladin.dk\/nb\/produkt\/berber-teppe-putetrekk\/\" \/>\n<meta property=\"og:site_name\" content=\"Tibladin\" \/>\n<meta property=\"article:modified_time\" content=\"2024-12-09T13:46:27+00:00\" \/>\n<meta property=\"og:image\" content=\"https:\/\/tibladin.dk\/wp-content\/uploads\/2022\/09\/1011-0530005-1.jpg\" \/>\n\t<meta property=\"og:image:width\" content=\"800\" \/>\n\t<meta property=\"og:image:height\" content=\"850\" \/>\n\t<meta property=\"og:image:type\" content=\"image\/jpeg\" \/>\n<meta name=\"twitter:card\" content=\"summary_large_image\" \/>\n<meta name=\"twitter:label1\" content=\"Ansl. lesetid\" \/>\n\t<meta name=\"twitter:data1\" content=\"1 minutt\" \/>\n<script type=\"application\/ld+json\" class=\"yoast-schema-graph\">{\"@context\":\"https:\\\/\\\/schema.org\",\"@graph\":[{\"@type\":\"WebPage\",\"@id\":\"https:\\\/\\\/tibladin.dk\\\/produkt\\\/pudebetraek-i-berbisk-taeppe\\\/\",\"url\":\"https:\\\/\\\/tibladin.dk\\\/produkt\\\/pudebetraek-i-berbisk-taeppe\\\/\",\"name\":\"Fine pudebetr\u00e6k lavet i berbisk t\u00e6ppe Kiria | Tibladin\",\"isPartOf\":{\"@id\":\"https:\\\/\\\/tibladin.dk\\\/#website\"},\"primaryImageOfPage\":{\"@id\":\"https:\\\/\\\/tibladin.dk\\\/produkt\\\/pudebetraek-i-berbisk-taeppe\\\/#primaryimage\"},\"image\":{\"@id\":\"https:\\\/\\\/tibladin.dk\\\/produkt\\\/pudebetraek-i-berbisk-taeppe\\\/#primaryimage\"},\"thumbnailUrl\":\"https:\\\/\\\/tibladin.dk\\\/wp-content\\\/uploads\\\/2022\\\/09\\\/1011-0530005-1.jpg\",\"datePublished\":\"2022-09-20T09:07:35+00:00\",\"dateModified\":\"2024-12-09T13:46:27+00:00\",\"description\":\"Berbisk t\u00e6ppe pudebetr\u00e6k til din sofa i dejlige nuancer. Passer til 40X40 puder, alt efter hvor fyldig du \u00f8nsker din pude.\",\"breadcrumb\":{\"@id\":\"https:\\\/\\\/tibladin.dk\\\/produkt\\\/pudebetraek-i-berbisk-taeppe\\\/#breadcrumb\"},\"inLanguage\":\"nb-NO\",\"potentialAction\":[{\"@type\":\"ReadAction\",\"target\":[\"https:\\\/\\\/tibladin.dk\\\/produkt\\\/pudebetraek-i-berbisk-taeppe\\\/\"]}]},{\"@type\":\"ImageObject\",\"inLanguage\":\"nb-NO\",\"@id\":\"https:\\\/\\\/tibladin.dk\\\/produkt\\\/pudebetraek-i-berbisk-taeppe\\\/#primaryimage\",\"url\":\"https:\\\/\\\/tibladin.dk\\\/wp-content\\\/uploads\\\/2022\\\/09\\\/1011-0530005-1.jpg\",\"contentUrl\":\"https:\\\/\\\/tibladin.dk\\\/wp-content\\\/uploads\\\/2022\\\/09\\\/1011-0530005-1.jpg\",\"width\":800,\"height\":850,\"caption\":\"H\u00e5ndlavet pudebetr\u00e6k i hvid med marokkansk m\u00f8nster i r\u00f8de nuancer\"},{\"@type\":\"BreadcrumbList\",\"@id\":\"https:\\\/\\\/tibladin.dk\\\/produkt\\\/pudebetraek-i-berbisk-taeppe\\\/#breadcrumb\",\"itemListElement\":[{\"@type\":\"ListItem\",\"position\":1,\"name\":\"Hjem\",\"item\":\"https:\\\/\\\/tibladin.dk\\\/\"},{\"@type\":\"ListItem\",\"position\":2,\"name\":\"Shop\",\"item\":\"https:\\\/\\\/tibladin.dk\\\/shop\\\/\"},{\"@type\":\"ListItem\",\"position\":3,\"name\":\"Pudebetr\u00e6k i berbisk t\u00e6ppe\"}]},{\"@type\":\"WebSite\",\"@id\":\"https:\\\/\\\/tibladin.dk\\\/#website\",\"url\":\"https:\\\/\\\/tibladin.dk\\\/\",\"name\":\"Tibladin\",\"description\":\"Tibladin\",\"publisher\":{\"@id\":\"https:\\\/\\\/tibladin.dk\\\/#organization\"},\"potentialAction\":[{\"@type\":\"SearchAction\",\"target\":{\"@type\":\"EntryPoint\",\"urlTemplate\":\"https:\\\/\\\/tibladin.dk\\\/?s={search_term_string}\"},\"query-input\":{\"@type\":\"PropertyValueSpecification\",\"valueRequired\":true,\"valueName\":\"search_term_string\"}}],\"inLanguage\":\"nb-NO\"},{\"@type\":\"Organization\",\"@id\":\"https:\\\/\\\/tibladin.dk\\\/#organization\",\"name\":\"Tibladin\",\"url\":\"https:\\\/\\\/tibladin.dk\\\/\",\"logo\":{\"@type\":\"ImageObject\",\"inLanguage\":\"nb-NO\",\"@id\":\"https:\\\/\\\/tibladin.dk\\\/#\\\/schema\\\/logo\\\/image\\\/\",\"url\":\"https:\\\/\\\/tibladin.dk\\\/wp-content\\\/uploads\\\/2022\\\/09\\\/tibladin_logo.svg\",\"contentUrl\":\"https:\\\/\\\/tibladin.dk\\\/wp-content\\\/uploads\\\/2022\\\/09\\\/tibladin_logo.svg\",\"caption\":\"Tibladin\"},\"image\":{\"@id\":\"https:\\\/\\\/tibladin.dk\\\/#\\\/schema\\\/logo\\\/image\\\/\"}}]}<\/script>\n<!-- \/ Yoast SEO plugin. -->","yoast_head_json":{"title":"Fine putetrekk laget av berberteppe Kiria | Tibladin","description":"Berber-putetrekk til sofaen i fine fargetoner. Passer til 40x40 puter, avhengig av hvor tykk du vil ha puten.","robots":{"index":"index","follow":"follow","max-snippet":"max-snippet:-1","max-image-preview":"max-image-preview:large","max-video-preview":"max-video-preview:-1"},"canonical":"https:\/\/tibladin.dk\/nb\/produkt\/berber-teppe-putetrekk\/","og_locale":"nb_NO","og_type":"article","og_title":"Fine pudebetr\u00e6k lavet i berbisk t\u00e6ppe Kiria | Tibladin","og_description":"Berbisk t\u00e6ppe pudebetr\u00e6k til din sofa i dejlige nuancer. Passer til 40X40 puder, alt efter hvor fyldig du \u00f8nsker din pude.","og_url":"https:\/\/tibladin.dk\/nb\/produkt\/berber-teppe-putetrekk\/","og_site_name":"Tibladin","article_modified_time":"2024-12-09T13:46:27+00:00","og_image":[{"width":800,"height":850,"url":"https:\/\/tibladin.dk\/wp-content\/uploads\/2022\/09\/1011-0530005-1.jpg","type":"image\/jpeg"}],"twitter_card":"summary_large_image","twitter_misc":{"Ansl. lesetid":"1 minutt"},"schema":{"@context":"https:\/\/schema.org","@graph":[{"@type":"WebPage","@id":"https:\/\/tibladin.dk\/produkt\/pudebetraek-i-berbisk-taeppe\/","url":"https:\/\/tibladin.dk\/produkt\/pudebetraek-i-berbisk-taeppe\/","name":"Fine putetrekk laget av berberteppe Kiria | Tibladin","isPartOf":{"@id":"https:\/\/tibladin.dk\/#website"},"primaryImageOfPage":{"@id":"https:\/\/tibladin.dk\/produkt\/pudebetraek-i-berbisk-taeppe\/#primaryimage"},"image":{"@id":"https:\/\/tibladin.dk\/produkt\/pudebetraek-i-berbisk-taeppe\/#primaryimage"},"thumbnailUrl":"https:\/\/tibladin.dk\/wp-content\/uploads\/2022\/09\/1011-0530005-1.jpg","datePublished":"2022-09-20T09:07:35+00:00","dateModified":"2024-12-09T13:46:27+00:00","description":"Berber-putetrekk til sofaen i fine fargetoner. Passer til 40x40 puter, avhengig av hvor tykk du vil ha puten.","breadcrumb":{"@id":"https:\/\/tibladin.dk\/produkt\/pudebetraek-i-berbisk-taeppe\/#breadcrumb"},"inLanguage":"nb-NO","potentialAction":[{"@type":"ReadAction","target":["https:\/\/tibladin.dk\/produkt\/pudebetraek-i-berbisk-taeppe\/"]}]},{"@type":"ImageObject","inLanguage":"nb-NO","@id":"https:\/\/tibladin.dk\/produkt\/pudebetraek-i-berbisk-taeppe\/#primaryimage","url":"https:\/\/tibladin.dk\/wp-content\/uploads\/2022\/09\/1011-0530005-1.jpg","contentUrl":"https:\/\/tibladin.dk\/wp-content\/uploads\/2022\/09\/1011-0530005-1.jpg","width":800,"height":850,"caption":"H\u00e5ndlavet pudebetr\u00e6k i hvid med marokkansk m\u00f8nster i r\u00f8de nuancer"},{"@type":"BreadcrumbList","@id":"https:\/\/tibladin.dk\/produkt\/pudebetraek-i-berbisk-taeppe\/#breadcrumb","itemListElement":[{"@type":"ListItem","position":1,"name":"Hjem","item":"https:\/\/tibladin.dk\/"},{"@type":"ListItem","position":2,"name":"Shop","item":"https:\/\/tibladin.dk\/shop\/"},{"@type":"ListItem","position":3,"name":"Pudebetr\u00e6k i berbisk t\u00e6ppe"}]},{"@type":"WebSite","@id":"https:\/\/tibladin.dk\/#website","url":"https:\/\/tibladin.dk\/","name":"Tibladin","description":"Tibladin","publisher":{"@id":"https:\/\/tibladin.dk\/#organization"},"potentialAction":[{"@type":"SearchAction","target":{"@type":"EntryPoint","urlTemplate":"https:\/\/tibladin.dk\/?s={search_term_string}"},"query-input":{"@type":"PropertyValueSpecification","valueRequired":true,"valueName":"search_term_string"}}],"inLanguage":"nb-NO"},{"@type":"Organization","@id":"https:\/\/tibladin.dk\/#organization","name":"Tibladin","url":"https:\/\/tibladin.dk\/","logo":{"@type":"ImageObject","inLanguage":"nb-NO","@id":"https:\/\/tibladin.dk\/#\/schema\/logo\/image\/","url":"https:\/\/tibladin.dk\/wp-content\/uploads\/2022\/09\/tibladin_logo.svg","contentUrl":"https:\/\/tibladin.dk\/wp-content\/uploads\/2022\/09\/tibladin_logo.svg","caption":"Tibladin"},"image":{"@id":"https:\/\/tibladin.dk\/#\/schema\/logo\/image\/"}}]}},"_links":{"self":[{"href":"https:\/\/tibladin.dk\/nb\/wp-json\/wp\/v2\/product\/1201","targetHints":{"allow":["GET"]}}],"collection":[{"href":"https:\/\/tibladin.dk\/nb\/wp-json\/wp\/v2\/product"}],"about":[{"href":"https:\/\/tibladin.dk\/nb\/wp-json\/wp\/v2\/types\/product"}],"wp:featuredmedia":[{"embeddable":true,"href":"https:\/\/tibladin.dk\/nb\/wp-json\/wp\/v2\/media\/1196"}],"wp:attachment":[{"href":"https:\/\/tibladin.dk\/nb\/wp-json\/wp\/v2\/media?parent=1201"}],"wp:term":[{"taxonomy":"product_brand","embeddable":true,"href":"https:\/\/tibladin.dk\/nb\/wp-json\/wp\/v2\/product_brand?post=1201"},{"taxonomy":"product_cat","embeddable":true,"href":"https:\/\/tibladin.dk\/nb\/wp-json\/wp\/v2\/product_cat?post=1201"},{"taxonomy":"product_tag","embeddable":true,"href":"https:\/\/tibladin.dk\/nb\/wp-json\/wp\/v2\/product_tag?post=1201"}],"curies":[{"name":"wp","href":"https:\/\/api.w.org\/{rel}","templated":true}]}}