{"id":12195,"date":"2024-04-09T08:19:03","date_gmt":"2024-04-09T06:19:03","guid":{"rendered":"https:\/\/tibladin.dk\/?post_type=product&#038;p=12195"},"modified":"2024-12-09T14:00:45","modified_gmt":"2024-12-09T13:00:45","slug":"hvit-tamegrout-lysestake","status":"publish","type":"product","link":"https:\/\/tibladin.dk\/nb\/produkt\/lysestage-i-hvid-tamegroute\/","title":{"rendered":"Lysestake i hvit Tamegroute"},"content":{"rendered":"<div class=\"wpb-content-wrapper\"><div class=\"vc_row wpb_row vc_row-fluid\"><div class=\"wpb_column vc_column_container vc_col-sm-4\"><div class=\"vc_column-inner\"><div class=\"wpb_wrapper\"><\/div><\/div><\/div><div class=\"wpb_column vc_column_container vc_col-sm-4\"><div class=\"vc_column-inner\"><div class=\"wpb_wrapper\"><h3 style=\"text-align: left\" class=\"vc_custom_heading vc_do_custom_heading\" >Vedlikehold<\/h3>\n\t<div class=\"wpb_text_column wpb_content_element\" >\n\t\t<div class=\"wpb_wrapper\">\n\t\t\t<p>St\u00f8v av med en st\u00f8vklut.<\/p>\n\n\t\t<\/div>\n\t<\/div>\n<\/div><\/div><\/div><div class=\"wpb_column vc_column_container vc_col-sm-4\"><div class=\"vc_column-inner\"><div class=\"wpb_wrapper\"><h3 style=\"text-align: left\" class=\"vc_custom_heading vc_do_custom_heading\" >Historien bak<\/h3>\n\t<div class=\"wpb_text_column wpb_content_element\" >\n\t\t<div class=\"wpb_wrapper\">\n\t\t\t<p>Tamegroute-keramikk er en tradisjonell m\u00e5te \u00e5 lage keramikk p\u00e5, som stammer fra det marokkanske folket i Zagora-regionen. M\u00e5ten den er laget p\u00e5, og den unike gr\u00f8nnfargen, er det som kjennetegner keramikken best. P\u00e5 grunn av m\u00e5ten den er laget p\u00e5, har keramikken en veldig taktil overflate. Selv om den er h\u00e5ndlaget, kan det ogs\u00e5 v\u00e6re diverse sm\u00e5 variasjoner i st\u00f8rrelser, farger og belegg, og ufullkommenheter i keramikken. Det er en del av sjarmen ved at den er unik, og det gir keramikken mer karakter.<\/p>\n\n\t\t<\/div>\n\t<\/div>\n<\/div><\/div><\/div><\/div>\n<\/div>","protected":false},"excerpt":{"rendered":"<p><span data-sheets-value=\"{&quot;1&quot;:2,&quot;2&quot;:&quot;Smukt og rustikt fad i gul Tamegroute keramik. Smukt fad til pynt eller til servering. Kan ogs\u00e5 bruges som frokosttallerkner.&quot;}\" data-sheets-userformat=\"{&quot;2&quot;:15293,&quot;3&quot;:{&quot;1&quot;:0},&quot;5&quot;:{&quot;1&quot;:[{&quot;1&quot;:2,&quot;2&quot;:0,&quot;5&quot;:{&quot;1&quot;:2,&quot;2&quot;:0}},{&quot;1&quot;:0,&quot;2&quot;:0,&quot;3&quot;:3},{&quot;1&quot;:1,&quot;2&quot;:0,&quot;4&quot;:1}]},&quot;6&quot;:{&quot;1&quot;:[{&quot;1&quot;:2,&quot;2&quot;:0,&quot;5&quot;:{&quot;1&quot;:2,&quot;2&quot;:0}},{&quot;1&quot;:0,&quot;2&quot;:0,&quot;3&quot;:3},{&quot;1&quot;:1,&quot;2&quot;:0,&quot;4&quot;:1}]},&quot;7&quot;:{&quot;1&quot;:[{&quot;1&quot;:2,&quot;2&quot;:0,&quot;5&quot;:{&quot;1&quot;:2,&quot;2&quot;:0}},{&quot;1&quot;:0,&quot;2&quot;:0,&quot;3&quot;:3},{&quot;1&quot;:1,&quot;2&quot;:0,&quot;4&quot;:1}]},&quot;8&quot;:{&quot;1&quot;:[{&quot;1&quot;:2,&quot;2&quot;:0,&quot;5&quot;:{&quot;1&quot;:2,&quot;2&quot;:0}},{&quot;1&quot;:0,&quot;2&quot;:0,&quot;3&quot;:3},{&quot;1&quot;:1,&quot;2&quot;:0,&quot;4&quot;:1}]},&quot;10&quot;:0,&quot;11&quot;:4,&quot;12&quot;:0,&quot;14&quot;:{&quot;1&quot;:2,&quot;2&quot;:0},&quot;15&quot;:&quot;Helvetica Neue&quot;,&quot;16&quot;:10}\">Lysestage i hvid Tamegroute 26 cm h\u00f8j.<\/span><\/p>\n<p>Den hvide Tamegroute st\u00e5r i sin helt r\u00e5 originale og uglaserede form. Denne type keramik har s\u00e5 meget karakter og passer godt ind i de fleste hjem.<\/p>\n<p>Der kan forekomme forskellige sm\u00e5 variationer i st\u00f8rrelser, farver og bel\u00e6gningen, da Tamegroute keramik er h\u00e5ndlavet p\u00e5 en meget speciel m\u00e5de.<\/p>\n<p><span style=\"font-weight: 400;\">Tamegroute keramik er kendt for et uf\u00e6rdige, rustikt og r\u00e5t udtryk. Keramikken har hakker, lidt sk\u00e5ret nogle steder, m\u00e6rker og glasur forskelligheder. Helt perfekt uperfekt!<\/span><\/p>\n<p><br style=\"font-weight: 400;\" \/><br style=\"font-weight: 400;\" \/><\/p>\n","protected":false},"featured_media":12201,"template":"","meta":{"inline_featured_image":false},"product_brand":[],"product_cat":[138],"product_tag":[],"class_list":{"0":"post-12195","1":"product","2":"type-product","3":"status-publish","4":"has-post-thumbnail","6":"product_cat-tamegroute-keramik","8":"first","9":"instock","10":"taxable","11":"shipping-taxable","12":"purchasable","13":"product-type-simple"},"exclude_global_add_ons":false,"addons":[{"name":"\u00d8nsker du gaveinnpakning?","type":"checkbox","position":0,"required":false,"title_format":"label","default":"","description_enable":false,"description":"","placeholder_enable":false,"placeholder":"","display":"images","restrictions_type":"any_text","adjust_price":false,"price":"","price_type":"flat_fee","restrictions":false,"min":"0","max":"0","options":[{"label":"Ja tak","price":"10","price_type":"flat_fee","image":11015,"visibility":true}],"id":1669646111}],"yoast_head":"<!-- This site is optimized with the Yoast SEO plugin v27.5 - https:\/\/yoast.com\/product\/yoast-seo-wordpress\/ -->\n<title>Lysestage i hvid Tamegroute | stort udvalg hos Tibladin<\/title>\n<meta name=\"description\" content=\"Rustikt og uperfekt er hvad der kendetegner Tamegroute keramik. Her i den uglaserede helt r\u00e5 udgave. Giver masser af karakter til dit hjem.\" \/>\n<meta name=\"robots\" content=\"index, follow, max-snippet:-1, max-image-preview:large, max-video-preview:-1\" \/>\n<link rel=\"canonical\" href=\"https:\/\/tibladin.dk\/nb\/produkt\/hvit-tamegrout-lysestake\/\" \/>\n<meta property=\"og:locale\" content=\"nb_NO\" \/>\n<meta property=\"og:type\" content=\"article\" \/>\n<meta property=\"og:title\" content=\"Lysestage i hvid Tamegroute | stort udvalg hos Tibladin\" \/>\n<meta property=\"og:description\" content=\"Rustikt og uperfekt er hvad der kendetegner Tamegroute keramik. Her i den uglaserede helt r\u00e5 udgave. Giver masser af karakter til dit hjem.\" \/>\n<meta property=\"og:url\" content=\"https:\/\/tibladin.dk\/nb\/produkt\/hvit-tamegrout-lysestake\/\" \/>\n<meta property=\"og:site_name\" content=\"Tibladin\" \/>\n<meta property=\"article:modified_time\" content=\"2024-12-09T13:00:45+00:00\" \/>\n<meta property=\"og:image\" content=\"https:\/\/tibladin.dk\/wp-content\/uploads\/2024\/04\/Tamegroute-lysestage_hvid_2.jpg\" \/>\n\t<meta property=\"og:image:width\" content=\"800\" \/>\n\t<meta property=\"og:image:height\" content=\"800\" \/>\n\t<meta property=\"og:image:type\" content=\"image\/jpeg\" \/>\n<meta name=\"twitter:card\" content=\"summary_large_image\" \/>\n<meta name=\"twitter:label1\" content=\"Ansl. lesetid\" \/>\n\t<meta name=\"twitter:data1\" content=\"2 minutter\" \/>\n<script type=\"application\/ld+json\" class=\"yoast-schema-graph\">{\"@context\":\"https:\\\/\\\/schema.org\",\"@graph\":[{\"@type\":\"WebPage\",\"@id\":\"https:\\\/\\\/tibladin.dk\\\/produkt\\\/lysestage-i-hvid-tamegroute\\\/\",\"url\":\"https:\\\/\\\/tibladin.dk\\\/produkt\\\/lysestage-i-hvid-tamegroute\\\/\",\"name\":\"Lysestage i hvid Tamegroute | stort udvalg hos Tibladin\",\"isPartOf\":{\"@id\":\"https:\\\/\\\/tibladin.dk\\\/#website\"},\"primaryImageOfPage\":{\"@id\":\"https:\\\/\\\/tibladin.dk\\\/produkt\\\/lysestage-i-hvid-tamegroute\\\/#primaryimage\"},\"image\":{\"@id\":\"https:\\\/\\\/tibladin.dk\\\/produkt\\\/lysestage-i-hvid-tamegroute\\\/#primaryimage\"},\"thumbnailUrl\":\"https:\\\/\\\/tibladin.dk\\\/wp-content\\\/uploads\\\/2024\\\/04\\\/Tamegroute-lysestage_hvid_2.jpg\",\"datePublished\":\"2024-04-09T06:19:03+00:00\",\"dateModified\":\"2024-12-09T13:00:45+00:00\",\"description\":\"Rustikt og uperfekt er hvad der kendetegner Tamegroute keramik. Her i den uglaserede helt r\u00e5 udgave. Giver masser af karakter til dit hjem.\",\"breadcrumb\":{\"@id\":\"https:\\\/\\\/tibladin.dk\\\/produkt\\\/lysestage-i-hvid-tamegroute\\\/#breadcrumb\"},\"inLanguage\":\"nb-NO\",\"potentialAction\":[{\"@type\":\"ReadAction\",\"target\":[\"https:\\\/\\\/tibladin.dk\\\/produkt\\\/lysestage-i-hvid-tamegroute\\\/\"]}]},{\"@type\":\"ImageObject\",\"inLanguage\":\"nb-NO\",\"@id\":\"https:\\\/\\\/tibladin.dk\\\/produkt\\\/lysestage-i-hvid-tamegroute\\\/#primaryimage\",\"url\":\"https:\\\/\\\/tibladin.dk\\\/wp-content\\\/uploads\\\/2024\\\/04\\\/Tamegroute-lysestage_hvid_2.jpg\",\"contentUrl\":\"https:\\\/\\\/tibladin.dk\\\/wp-content\\\/uploads\\\/2024\\\/04\\\/Tamegroute-lysestage_hvid_2.jpg\",\"width\":800,\"height\":800,\"caption\":\"Tamegroute_lysestage hvid\"},{\"@type\":\"BreadcrumbList\",\"@id\":\"https:\\\/\\\/tibladin.dk\\\/produkt\\\/lysestage-i-hvid-tamegroute\\\/#breadcrumb\",\"itemListElement\":[{\"@type\":\"ListItem\",\"position\":1,\"name\":\"Hjem\",\"item\":\"https:\\\/\\\/tibladin.dk\\\/\"},{\"@type\":\"ListItem\",\"position\":2,\"name\":\"Shop\",\"item\":\"https:\\\/\\\/tibladin.dk\\\/shop\\\/\"},{\"@type\":\"ListItem\",\"position\":3,\"name\":\"Lysestage i hvid Tamegroute\"}]},{\"@type\":\"WebSite\",\"@id\":\"https:\\\/\\\/tibladin.dk\\\/#website\",\"url\":\"https:\\\/\\\/tibladin.dk\\\/\",\"name\":\"Tibladin\",\"description\":\"Tibladin\",\"publisher\":{\"@id\":\"https:\\\/\\\/tibladin.dk\\\/#organization\"},\"potentialAction\":[{\"@type\":\"SearchAction\",\"target\":{\"@type\":\"EntryPoint\",\"urlTemplate\":\"https:\\\/\\\/tibladin.dk\\\/?s={search_term_string}\"},\"query-input\":{\"@type\":\"PropertyValueSpecification\",\"valueRequired\":true,\"valueName\":\"search_term_string\"}}],\"inLanguage\":\"nb-NO\"},{\"@type\":\"Organization\",\"@id\":\"https:\\\/\\\/tibladin.dk\\\/#organization\",\"name\":\"Tibladin\",\"url\":\"https:\\\/\\\/tibladin.dk\\\/\",\"logo\":{\"@type\":\"ImageObject\",\"inLanguage\":\"nb-NO\",\"@id\":\"https:\\\/\\\/tibladin.dk\\\/#\\\/schema\\\/logo\\\/image\\\/\",\"url\":\"https:\\\/\\\/tibladin.dk\\\/wp-content\\\/uploads\\\/2022\\\/09\\\/tibladin_logo.svg\",\"contentUrl\":\"https:\\\/\\\/tibladin.dk\\\/wp-content\\\/uploads\\\/2022\\\/09\\\/tibladin_logo.svg\",\"caption\":\"Tibladin\"},\"image\":{\"@id\":\"https:\\\/\\\/tibladin.dk\\\/#\\\/schema\\\/logo\\\/image\\\/\"}}]}<\/script>\n<!-- \/ Yoast SEO plugin. -->","yoast_head_json":{"title":"Lysestake i hvit Tamegroute | stort utvalg hos Tibladin","description":"Rustikk og uperfekt er det som kjennetegner Tamegroute-keramikk. Her i den uglaserte, helt r\u00e5 versjonen. Gir masse karakter til hjemmet ditt.","robots":{"index":"index","follow":"follow","max-snippet":"max-snippet:-1","max-image-preview":"max-image-preview:large","max-video-preview":"max-video-preview:-1"},"canonical":"https:\/\/tibladin.dk\/nb\/produkt\/hvit-tamegrout-lysestake\/","og_locale":"nb_NO","og_type":"article","og_title":"Lysestage i hvid Tamegroute | stort udvalg hos Tibladin","og_description":"Rustikt og uperfekt er hvad der kendetegner Tamegroute keramik. Her i den uglaserede helt r\u00e5 udgave. Giver masser af karakter til dit hjem.","og_url":"https:\/\/tibladin.dk\/nb\/produkt\/hvit-tamegrout-lysestake\/","og_site_name":"Tibladin","article_modified_time":"2024-12-09T13:00:45+00:00","og_image":[{"width":800,"height":800,"url":"https:\/\/tibladin.dk\/wp-content\/uploads\/2024\/04\/Tamegroute-lysestage_hvid_2.jpg","type":"image\/jpeg"}],"twitter_card":"summary_large_image","twitter_misc":{"Ansl. lesetid":"2 minutter"},"schema":{"@context":"https:\/\/schema.org","@graph":[{"@type":"WebPage","@id":"https:\/\/tibladin.dk\/produkt\/lysestage-i-hvid-tamegroute\/","url":"https:\/\/tibladin.dk\/produkt\/lysestage-i-hvid-tamegroute\/","name":"Lysestake i hvit Tamegroute | stort utvalg hos Tibladin","isPartOf":{"@id":"https:\/\/tibladin.dk\/#website"},"primaryImageOfPage":{"@id":"https:\/\/tibladin.dk\/produkt\/lysestage-i-hvid-tamegroute\/#primaryimage"},"image":{"@id":"https:\/\/tibladin.dk\/produkt\/lysestage-i-hvid-tamegroute\/#primaryimage"},"thumbnailUrl":"https:\/\/tibladin.dk\/wp-content\/uploads\/2024\/04\/Tamegroute-lysestage_hvid_2.jpg","datePublished":"2024-04-09T06:19:03+00:00","dateModified":"2024-12-09T13:00:45+00:00","description":"Rustikk og uperfekt er det som kjennetegner Tamegroute-keramikk. Her i den uglaserte, helt r\u00e5 versjonen. Gir masse karakter til hjemmet ditt.","breadcrumb":{"@id":"https:\/\/tibladin.dk\/produkt\/lysestage-i-hvid-tamegroute\/#breadcrumb"},"inLanguage":"nb-NO","potentialAction":[{"@type":"ReadAction","target":["https:\/\/tibladin.dk\/produkt\/lysestage-i-hvid-tamegroute\/"]}]},{"@type":"ImageObject","inLanguage":"nb-NO","@id":"https:\/\/tibladin.dk\/produkt\/lysestage-i-hvid-tamegroute\/#primaryimage","url":"https:\/\/tibladin.dk\/wp-content\/uploads\/2024\/04\/Tamegroute-lysestage_hvid_2.jpg","contentUrl":"https:\/\/tibladin.dk\/wp-content\/uploads\/2024\/04\/Tamegroute-lysestage_hvid_2.jpg","width":800,"height":800,"caption":"Tamegroute_lysestage hvid"},{"@type":"BreadcrumbList","@id":"https:\/\/tibladin.dk\/produkt\/lysestage-i-hvid-tamegroute\/#breadcrumb","itemListElement":[{"@type":"ListItem","position":1,"name":"Hjem","item":"https:\/\/tibladin.dk\/"},{"@type":"ListItem","position":2,"name":"Shop","item":"https:\/\/tibladin.dk\/shop\/"},{"@type":"ListItem","position":3,"name":"Lysestage i hvid Tamegroute"}]},{"@type":"WebSite","@id":"https:\/\/tibladin.dk\/#website","url":"https:\/\/tibladin.dk\/","name":"Tibladin","description":"Tibladin","publisher":{"@id":"https:\/\/tibladin.dk\/#organization"},"potentialAction":[{"@type":"SearchAction","target":{"@type":"EntryPoint","urlTemplate":"https:\/\/tibladin.dk\/?s={search_term_string}"},"query-input":{"@type":"PropertyValueSpecification","valueRequired":true,"valueName":"search_term_string"}}],"inLanguage":"nb-NO"},{"@type":"Organization","@id":"https:\/\/tibladin.dk\/#organization","name":"Tibladin","url":"https:\/\/tibladin.dk\/","logo":{"@type":"ImageObject","inLanguage":"nb-NO","@id":"https:\/\/tibladin.dk\/#\/schema\/logo\/image\/","url":"https:\/\/tibladin.dk\/wp-content\/uploads\/2022\/09\/tibladin_logo.svg","contentUrl":"https:\/\/tibladin.dk\/wp-content\/uploads\/2022\/09\/tibladin_logo.svg","caption":"Tibladin"},"image":{"@id":"https:\/\/tibladin.dk\/#\/schema\/logo\/image\/"}}]}},"_links":{"self":[{"href":"https:\/\/tibladin.dk\/nb\/wp-json\/wp\/v2\/product\/12195","targetHints":{"allow":["GET"]}}],"collection":[{"href":"https:\/\/tibladin.dk\/nb\/wp-json\/wp\/v2\/product"}],"about":[{"href":"https:\/\/tibladin.dk\/nb\/wp-json\/wp\/v2\/types\/product"}],"wp:featuredmedia":[{"embeddable":true,"href":"https:\/\/tibladin.dk\/nb\/wp-json\/wp\/v2\/media\/12201"}],"wp:attachment":[{"href":"https:\/\/tibladin.dk\/nb\/wp-json\/wp\/v2\/media?parent=12195"}],"wp:term":[{"taxonomy":"product_brand","embeddable":true,"href":"https:\/\/tibladin.dk\/nb\/wp-json\/wp\/v2\/product_brand?post=12195"},{"taxonomy":"product_cat","embeddable":true,"href":"https:\/\/tibladin.dk\/nb\/wp-json\/wp\/v2\/product_cat?post=12195"},{"taxonomy":"product_tag","embeddable":true,"href":"https:\/\/tibladin.dk\/nb\/wp-json\/wp\/v2\/product_tag?post=12195"}],"curies":[{"name":"wp","href":"https:\/\/api.w.org\/{rel}","templated":true}]}}