{"id":12204,"date":"2024-04-09T09:13:31","date_gmt":"2024-04-09T07:13:31","guid":{"rendered":"https:\/\/tibladin.dk\/?post_type=product&#038;p=12204"},"modified":"2026-03-14T15:19:23","modified_gmt":"2026-03-14T14:19:23","slug":"duftlys-i-tamegroot-keramisk-potte","status":"publish","type":"product","link":"https:\/\/tibladin.dk\/nb\/produkt\/duftlys-i-tamegroute-keramik-potte\/","title":{"rendered":"Duftlys i Tamegroute keramisk potte"},"content":{"rendered":"<div class=\"wpb-content-wrapper\"><div class=\"vc_row wpb_row vc_row-fluid\"><div class=\"wpb_column vc_column_container vc_col-sm-4\"><div class=\"vc_column-inner\"><div class=\"wpb_wrapper\"><\/div><\/div><\/div><div class=\"wpb_column vc_column_container vc_col-sm-4\"><div class=\"vc_column-inner\"><div class=\"wpb_wrapper\"><h3 style=\"text-align: left\" class=\"vc_custom_heading vc_do_custom_heading\" >Vedlikehold<\/h3>\n\t<div class=\"wpb_text_column wpb_content_element\" >\n\t\t<div class=\"wpb_wrapper\">\n\t\t\t<p>St\u00f8v av med en st\u00f8vklut. Kan brukes som blomsterpottedeksel n\u00e5r lyset er brukt opp.<\/p>\n\n\t\t<\/div>\n\t<\/div>\n<\/div><\/div><\/div><div class=\"wpb_column vc_column_container vc_col-sm-4\"><div class=\"vc_column-inner\"><div class=\"wpb_wrapper\"><h3 style=\"text-align: left\" class=\"vc_custom_heading vc_do_custom_heading\" >Historien bak<\/h3>\n\t<div class=\"wpb_text_column wpb_content_element\" >\n\t\t<div class=\"wpb_wrapper\">\n\t\t\t<p>Tamegroute-keramikk er en tradisjonell m\u00e5te \u00e5 lage keramikk p\u00e5, som stammer fra det marokkanske folket i Zagora-regionen. M\u00e5ten den er laget p\u00e5, og den unike gr\u00f8nnfargen, er det som kjennetegner keramikken best. P\u00e5 grunn av m\u00e5ten den er laget p\u00e5, har keramikken en veldig taktil overflate. Selv om den er h\u00e5ndlaget, kan det ogs\u00e5 v\u00e6re diverse sm\u00e5 variasjoner i st\u00f8rrelser, farger og belegg, og ufullkommenheter i keramikken. Det er en del av sjarmen ved at den er unik, og det gir keramikken mer karakter.<\/p>\n\n\t\t<\/div>\n\t<\/div>\n<\/div><\/div><\/div><\/div>\n<\/div>","protected":false},"excerpt":{"rendered":"<p>Bring duften og mystikken fra Marokko inn i hjemmet ditt med disse vakre duftlysene i en vakker potte laget av rustikk Tamegroute-keramikk.<\/p>\n<p>Lyset er tilgjengelig i tre dufter: Appelsinblomst, Fiken og Te.<\/p>\n<p>Appelsinblomst: Duften tar deg med p\u00e5 en spasertur nedover gatene i Marrakech p\u00e5 en solrik v\u00e5rdag og gir deg et varmt solkyss. Appelsinblomst er en s\u00f8t, frisk og sensuell duft som gir deg masse velv\u00e6re.<\/p>\n<p>Fiken: En middagslur i skyggen av et fikentre i Marokko. En blanding av duften av friske blader og s\u00f8te frukter. En varm sommerlig duft.<\/p>\n<p>Te: Som et stille \u00f8yeblikk med en varm kopp te i h\u00e5nden. Ren, beroligende og frisk \u2013 med en duft av ro og letthet.<\/p>\n<p>Bruk den vakre Tamegroute-potten som blomsterpotte n\u00e5r du har brent ut alle lysene.<\/p>","protected":false},"featured_media":41358,"template":"","meta":{"inline_featured_image":false},"product_brand":[],"product_cat":[27,35,138],"product_tag":[],"class_list":{"0":"post-12204","1":"product","2":"type-product","3":"status-publish","4":"has-post-thumbnail","6":"product_cat-diverse","7":"product_cat-gaven-til-hende","8":"product_cat-tamegroute-keramik","10":"first","11":"instock","12":"taxable","13":"shipping-taxable","14":"purchasable","15":"product-type-variable"},"exclude_global_add_ons":false,"addons":[{"name":"\u00d8nsker du gaveinnpakning?","type":"checkbox","position":0,"required":false,"title_format":"label","default":"","description_enable":false,"description":"","placeholder_enable":false,"placeholder":"","display":"images","restrictions_type":"any_text","adjust_price":false,"price":"","price_type":"flat_fee","restrictions":false,"min":"0","max":"0","options":[{"label":"Ja tak","price":"10","price_type":"flat_fee","image":11015,"visibility":true}],"id":1669646111}],"yoast_head":"<!-- This site is optimized with the Yoast SEO plugin v27.4 - https:\/\/yoast.com\/product\/yoast-seo-wordpress\/ -->\n<title>Duftlys i Tamegroute keramik potte<\/title>\n<meta name=\"description\" content=\"Bring den sk\u00f8nneste duft ind i dit hjem med dette l\u00e6kre duft lys med orangeblomst, figen eller the duft - en sand duft af Marokko.\" \/>\n<meta name=\"robots\" content=\"index, follow, max-snippet:-1, max-image-preview:large, max-video-preview:-1\" \/>\n<link rel=\"canonical\" href=\"https:\/\/tibladin.dk\/nb\/produkt\/duftlys-i-tamegroot-keramisk-potte\/\" \/>\n<meta property=\"og:locale\" content=\"nb_NO\" \/>\n<meta property=\"og:type\" content=\"article\" \/>\n<meta property=\"og:title\" content=\"Duftlys i Tamegroute keramik potte\" \/>\n<meta property=\"og:description\" content=\"Bring den sk\u00f8nneste duft ind i dit hjem med dette l\u00e6kre duft lys med orangeblomst, figen eller the duft - en sand duft af Marokko.\" \/>\n<meta property=\"og:url\" content=\"https:\/\/tibladin.dk\/nb\/produkt\/duftlys-i-tamegroot-keramisk-potte\/\" \/>\n<meta property=\"og:site_name\" content=\"Tibladin\" \/>\n<meta property=\"article:modified_time\" content=\"2026-03-14T14:19:23+00:00\" \/>\n<meta property=\"og:image\" content=\"https:\/\/tibladin.dk\/wp-content\/uploads\/2025\/10\/duftlys_1.jpg\" \/>\n\t<meta property=\"og:image:width\" content=\"800\" \/>\n\t<meta property=\"og:image:height\" content=\"800\" \/>\n\t<meta property=\"og:image:type\" content=\"image\/jpeg\" \/>\n<meta name=\"twitter:card\" content=\"summary_large_image\" \/>\n<meta name=\"twitter:label1\" content=\"Ansl. lesetid\" \/>\n\t<meta name=\"twitter:data1\" content=\"2 minutter\" \/>\n<script type=\"application\/ld+json\" class=\"yoast-schema-graph\">{\"@context\":\"https:\\\/\\\/schema.org\",\"@graph\":[{\"@type\":\"WebPage\",\"@id\":\"https:\\\/\\\/tibladin.dk\\\/produkt\\\/duftlys-i-tamegroute-keramik-potte\\\/\",\"url\":\"https:\\\/\\\/tibladin.dk\\\/produkt\\\/duftlys-i-tamegroute-keramik-potte\\\/\",\"name\":\"Duftlys i Tamegroute keramik potte\",\"isPartOf\":{\"@id\":\"https:\\\/\\\/tibladin.dk\\\/#website\"},\"primaryImageOfPage\":{\"@id\":\"https:\\\/\\\/tibladin.dk\\\/produkt\\\/duftlys-i-tamegroute-keramik-potte\\\/#primaryimage\"},\"image\":{\"@id\":\"https:\\\/\\\/tibladin.dk\\\/produkt\\\/duftlys-i-tamegroute-keramik-potte\\\/#primaryimage\"},\"thumbnailUrl\":\"https:\\\/\\\/tibladin.dk\\\/wp-content\\\/uploads\\\/2025\\\/10\\\/duftlys_1.jpg\",\"datePublished\":\"2024-04-09T07:13:31+00:00\",\"dateModified\":\"2026-03-14T14:19:23+00:00\",\"description\":\"Bring den sk\u00f8nneste duft ind i dit hjem med dette l\u00e6kre duft lys med orangeblomst, figen eller the duft - en sand duft af Marokko.\",\"breadcrumb\":{\"@id\":\"https:\\\/\\\/tibladin.dk\\\/produkt\\\/duftlys-i-tamegroute-keramik-potte\\\/#breadcrumb\"},\"inLanguage\":\"nb-NO\",\"potentialAction\":[{\"@type\":\"ReadAction\",\"target\":[\"https:\\\/\\\/tibladin.dk\\\/produkt\\\/duftlys-i-tamegroute-keramik-potte\\\/\"]}]},{\"@type\":\"ImageObject\",\"inLanguage\":\"nb-NO\",\"@id\":\"https:\\\/\\\/tibladin.dk\\\/produkt\\\/duftlys-i-tamegroute-keramik-potte\\\/#primaryimage\",\"url\":\"https:\\\/\\\/tibladin.dk\\\/wp-content\\\/uploads\\\/2025\\\/10\\\/duftlys_1.jpg\",\"contentUrl\":\"https:\\\/\\\/tibladin.dk\\\/wp-content\\\/uploads\\\/2025\\\/10\\\/duftlys_1.jpg\",\"width\":800,\"height\":800,\"caption\":\"duftlys_1\"},{\"@type\":\"BreadcrumbList\",\"@id\":\"https:\\\/\\\/tibladin.dk\\\/produkt\\\/duftlys-i-tamegroute-keramik-potte\\\/#breadcrumb\",\"itemListElement\":[{\"@type\":\"ListItem\",\"position\":1,\"name\":\"Hjem\",\"item\":\"https:\\\/\\\/tibladin.dk\\\/\"},{\"@type\":\"ListItem\",\"position\":2,\"name\":\"Shop\",\"item\":\"https:\\\/\\\/tibladin.dk\\\/shop\\\/\"},{\"@type\":\"ListItem\",\"position\":3,\"name\":\"Duftlys i Tamegroute keramik potte\"}]},{\"@type\":\"WebSite\",\"@id\":\"https:\\\/\\\/tibladin.dk\\\/#website\",\"url\":\"https:\\\/\\\/tibladin.dk\\\/\",\"name\":\"Tibladin\",\"description\":\"Tibladin\",\"publisher\":{\"@id\":\"https:\\\/\\\/tibladin.dk\\\/#organization\"},\"potentialAction\":[{\"@type\":\"SearchAction\",\"target\":{\"@type\":\"EntryPoint\",\"urlTemplate\":\"https:\\\/\\\/tibladin.dk\\\/?s={search_term_string}\"},\"query-input\":{\"@type\":\"PropertyValueSpecification\",\"valueRequired\":true,\"valueName\":\"search_term_string\"}}],\"inLanguage\":\"nb-NO\"},{\"@type\":\"Organization\",\"@id\":\"https:\\\/\\\/tibladin.dk\\\/#organization\",\"name\":\"Tibladin\",\"url\":\"https:\\\/\\\/tibladin.dk\\\/\",\"logo\":{\"@type\":\"ImageObject\",\"inLanguage\":\"nb-NO\",\"@id\":\"https:\\\/\\\/tibladin.dk\\\/#\\\/schema\\\/logo\\\/image\\\/\",\"url\":\"https:\\\/\\\/tibladin.dk\\\/wp-content\\\/uploads\\\/2022\\\/09\\\/tibladin_logo.svg\",\"contentUrl\":\"https:\\\/\\\/tibladin.dk\\\/wp-content\\\/uploads\\\/2022\\\/09\\\/tibladin_logo.svg\",\"caption\":\"Tibladin\"},\"image\":{\"@id\":\"https:\\\/\\\/tibladin.dk\\\/#\\\/schema\\\/logo\\\/image\\\/\"}}]}<\/script>\n<!-- \/ Yoast SEO plugin. -->","yoast_head_json":{"title":"Duftlys i Tamegroute keramisk potte","description":"F\u00e5 den vakreste duften inn i hjemmet ditt med dette deilige duftlyset med appelsinblomst-, fiken- eller teduft \u2013 en ekte duft fra Marokko.","robots":{"index":"index","follow":"follow","max-snippet":"max-snippet:-1","max-image-preview":"max-image-preview:large","max-video-preview":"max-video-preview:-1"},"canonical":"https:\/\/tibladin.dk\/nb\/produkt\/duftlys-i-tamegroot-keramisk-potte\/","og_locale":"nb_NO","og_type":"article","og_title":"Duftlys i Tamegroute keramik potte","og_description":"Bring den sk\u00f8nneste duft ind i dit hjem med dette l\u00e6kre duft lys med orangeblomst, figen eller the duft - en sand duft af Marokko.","og_url":"https:\/\/tibladin.dk\/nb\/produkt\/duftlys-i-tamegroot-keramisk-potte\/","og_site_name":"Tibladin","article_modified_time":"2026-03-14T14:19:23+00:00","og_image":[{"width":800,"height":800,"url":"https:\/\/tibladin.dk\/wp-content\/uploads\/2025\/10\/duftlys_1.jpg","type":"image\/jpeg"}],"twitter_card":"summary_large_image","twitter_misc":{"Ansl. lesetid":"2 minutter"},"schema":{"@context":"https:\/\/schema.org","@graph":[{"@type":"WebPage","@id":"https:\/\/tibladin.dk\/produkt\/duftlys-i-tamegroute-keramik-potte\/","url":"https:\/\/tibladin.dk\/produkt\/duftlys-i-tamegroute-keramik-potte\/","name":"Duftlys i Tamegroute keramisk potte","isPartOf":{"@id":"https:\/\/tibladin.dk\/#website"},"primaryImageOfPage":{"@id":"https:\/\/tibladin.dk\/produkt\/duftlys-i-tamegroute-keramik-potte\/#primaryimage"},"image":{"@id":"https:\/\/tibladin.dk\/produkt\/duftlys-i-tamegroute-keramik-potte\/#primaryimage"},"thumbnailUrl":"https:\/\/tibladin.dk\/wp-content\/uploads\/2025\/10\/duftlys_1.jpg","datePublished":"2024-04-09T07:13:31+00:00","dateModified":"2026-03-14T14:19:23+00:00","description":"F\u00e5 den vakreste duften inn i hjemmet ditt med dette deilige duftlyset med appelsinblomst-, fiken- eller teduft \u2013 en ekte duft fra Marokko.","breadcrumb":{"@id":"https:\/\/tibladin.dk\/produkt\/duftlys-i-tamegroute-keramik-potte\/#breadcrumb"},"inLanguage":"nb-NO","potentialAction":[{"@type":"ReadAction","target":["https:\/\/tibladin.dk\/produkt\/duftlys-i-tamegroute-keramik-potte\/"]}]},{"@type":"ImageObject","inLanguage":"nb-NO","@id":"https:\/\/tibladin.dk\/produkt\/duftlys-i-tamegroute-keramik-potte\/#primaryimage","url":"https:\/\/tibladin.dk\/wp-content\/uploads\/2025\/10\/duftlys_1.jpg","contentUrl":"https:\/\/tibladin.dk\/wp-content\/uploads\/2025\/10\/duftlys_1.jpg","width":800,"height":800,"caption":"duftlys_1"},{"@type":"BreadcrumbList","@id":"https:\/\/tibladin.dk\/produkt\/duftlys-i-tamegroute-keramik-potte\/#breadcrumb","itemListElement":[{"@type":"ListItem","position":1,"name":"Hjem","item":"https:\/\/tibladin.dk\/"},{"@type":"ListItem","position":2,"name":"Shop","item":"https:\/\/tibladin.dk\/shop\/"},{"@type":"ListItem","position":3,"name":"Duftlys i Tamegroute keramik potte"}]},{"@type":"WebSite","@id":"https:\/\/tibladin.dk\/#website","url":"https:\/\/tibladin.dk\/","name":"Tibladin","description":"Tibladin","publisher":{"@id":"https:\/\/tibladin.dk\/#organization"},"potentialAction":[{"@type":"SearchAction","target":{"@type":"EntryPoint","urlTemplate":"https:\/\/tibladin.dk\/?s={search_term_string}"},"query-input":{"@type":"PropertyValueSpecification","valueRequired":true,"valueName":"search_term_string"}}],"inLanguage":"nb-NO"},{"@type":"Organization","@id":"https:\/\/tibladin.dk\/#organization","name":"Tibladin","url":"https:\/\/tibladin.dk\/","logo":{"@type":"ImageObject","inLanguage":"nb-NO","@id":"https:\/\/tibladin.dk\/#\/schema\/logo\/image\/","url":"https:\/\/tibladin.dk\/wp-content\/uploads\/2022\/09\/tibladin_logo.svg","contentUrl":"https:\/\/tibladin.dk\/wp-content\/uploads\/2022\/09\/tibladin_logo.svg","caption":"Tibladin"},"image":{"@id":"https:\/\/tibladin.dk\/#\/schema\/logo\/image\/"}}]}},"_links":{"self":[{"href":"https:\/\/tibladin.dk\/nb\/wp-json\/wp\/v2\/product\/12204","targetHints":{"allow":["GET"]}}],"collection":[{"href":"https:\/\/tibladin.dk\/nb\/wp-json\/wp\/v2\/product"}],"about":[{"href":"https:\/\/tibladin.dk\/nb\/wp-json\/wp\/v2\/types\/product"}],"wp:featuredmedia":[{"embeddable":true,"href":"https:\/\/tibladin.dk\/nb\/wp-json\/wp\/v2\/media\/41358"}],"wp:attachment":[{"href":"https:\/\/tibladin.dk\/nb\/wp-json\/wp\/v2\/media?parent=12204"}],"wp:term":[{"taxonomy":"product_brand","embeddable":true,"href":"https:\/\/tibladin.dk\/nb\/wp-json\/wp\/v2\/product_brand?post=12204"},{"taxonomy":"product_cat","embeddable":true,"href":"https:\/\/tibladin.dk\/nb\/wp-json\/wp\/v2\/product_cat?post=12204"},{"taxonomy":"product_tag","embeddable":true,"href":"https:\/\/tibladin.dk\/nb\/wp-json\/wp\/v2\/product_tag?post=12204"}],"curies":[{"name":"wp","href":"https:\/\/api.w.org\/{rel}","templated":true}]}}