{"id":1225,"date":"2022-09-20T11:07:45","date_gmt":"2022-09-20T09:07:45","guid":{"rendered":"https:\/\/tibladin.dk\/vare\/marokkansk-hammam-haandklaede-med-moerkeblaa-striber\/"},"modified":"2026-04-09T15:29:39","modified_gmt":"2026-04-09T13:29:39","slug":"marokkansk-hammamhaandkle-med-moerkeblaa-striper","status":"publish","type":"product","link":"https:\/\/tibladin.dk\/nb\/produkt\/marokkansk-hammam-haandklaede-med-moerkeblaa-striber\/","title":{"rendered":"Marokkansk hammamh\u00e5ndkle med m\u00f8rkebl\u00e5 striper"},"content":{"rendered":"<div class=\"wpb-content-wrapper\"><div class=\"vc_row wpb_row vc_row-fluid\"><div class=\"wpb_column vc_column_container vc_col-sm-4\"><div class=\"vc_column-inner\"><div class=\"wpb_wrapper\"><\/div><\/div><\/div><div class=\"wpb_column vc_column_container vc_col-sm-4\"><div class=\"vc_column-inner\"><div class=\"wpb_wrapper\"><h3 style=\"text-align: left\" class=\"vc_custom_heading vc_do_custom_heading\" >Vaskeanvisninger for hammamh\u00e5ndkle<\/h3>\n\t<div class=\"wpb_text_column wpb_content_element\" >\n\t\t<div class=\"wpb_wrapper\">\n\t\t\t<p>Hammamh\u00e5ndkleet er laget av 100 % bomull og kan vaskes p\u00e5 60 grader.<\/p>\n\n\t\t<\/div>\n\t<\/div>\n<\/div><\/div><\/div><div class=\"wpb_column vc_column_container vc_col-sm-4\"><div class=\"vc_column-inner\"><div class=\"wpb_wrapper\"><h3 style=\"text-align: left\" class=\"vc_custom_heading vc_do_custom_heading\" >Hammamh\u00e5ndkle \u2013 historien bak<\/h3>\n\t<div class=\"wpb_text_column wpb_content_element\" >\n\t\t<div class=\"wpb_wrapper\">\n\t\t\t<p>Hammamh\u00e5ndkle\/pledd. Mulighetene er mange. De kan brukes som pledd p\u00e5 sofaen eller som dekorasjon ved fotenden av sengen, eller ta dem med til stranden som et h\u00e5ndkle eller en sarong. \u00d8kologisk bomull av h\u00f8y kvalitet og med de fineste detaljene i vevingen.<\/p>\n<p>Hammam-h\u00e5ndkl\u00e6rne er designet i samarbeid med en designer fra Marrakech, hvor vi har jobbet med ideen om \u00e5 kombinere marokkansk tradisjon med skandinavisk minimalistisk stil.<\/p>\n\n\t\t<\/div>\n\t<\/div>\n<\/div><\/div><\/div><\/div>\n<\/div>","protected":false},"excerpt":{"rendered":"<p class=\"p1\"><span class=\"s1\">Luksuri\u00f8st h\u00e5ndvevd hammamh\u00e5ndkle i 100 % \u00f8kologisk bomull. H\u00e5ndkleet er hvitt med m\u00f8rkebl\u00e5 striper som varierer litt i bredden og med h\u00e5ndtvunnet blonde.<\/span><\/p>\n<p>Helt unik og kan brukes b\u00e5de som hammamh\u00e5ndkle, men ogs\u00e5 som pledd, ved fotenden av den oppredd sengen din eller over en stol.<\/p>\n<p>M\u00e5l: 200\u00d7100 cm.<\/p>","protected":false},"featured_media":1221,"template":"","meta":{"inline_featured_image":false},"product_brand":[],"product_cat":[63,37],"product_tag":[],"class_list":{"0":"post-1225","1":"product","2":"type-product","3":"status-publish","4":"has-post-thumbnail","6":"product_cat-hammamhaandklaeder","7":"product_cat-tekstiler","9":"first","10":"instock","11":"taxable","12":"shipping-taxable","13":"purchasable","14":"product-type-simple"},"exclude_global_add_ons":false,"addons":[{"name":"\u00d8nsker du gaveinnpakning?","type":"checkbox","position":0,"required":false,"title_format":"label","default":"","description_enable":false,"description":"","placeholder_enable":false,"placeholder":"","display":"images","restrictions_type":"any_text","adjust_price":false,"price":"","price_type":"flat_fee","restrictions":false,"min":"0","max":"0","options":[{"label":"Ja tak","price":"10","price_type":"flat_fee","image":11015,"visibility":true}],"id":1669646111}],"yoast_head":"<!-- This site is optimized with the Yoast SEO plugin v27.4 - https:\/\/yoast.com\/product\/yoast-seo-wordpress\/ -->\n<title>Marokkansk hammamh\u00e5ndkl\u00e6der i \u00f8kologisk bomuld | Tibladin<\/title>\n<meta name=\"description\" content=\"Helt unikt h\u00e5ndl\u00e6de med smukke v\u00e6vninger. Kan bruges b\u00e5de som plaid, til pynt for fodenden af din seng og som hammam h\u00e5ndkl\u00e6der.\" \/>\n<meta name=\"robots\" content=\"index, follow, max-snippet:-1, max-image-preview:large, max-video-preview:-1\" \/>\n<link rel=\"canonical\" href=\"https:\/\/tibladin.dk\/nb\/produkt\/marokkansk-hammamhaandkle-med-moerkeblaa-striper\/\" \/>\n<meta property=\"og:locale\" content=\"nb_NO\" \/>\n<meta property=\"og:type\" content=\"article\" \/>\n<meta property=\"og:title\" content=\"Marokkansk hammamh\u00e5ndkl\u00e6der i \u00f8kologisk bomuld | Tibladin\" \/>\n<meta property=\"og:description\" content=\"Helt unikt h\u00e5ndl\u00e6de med smukke v\u00e6vninger. Kan bruges b\u00e5de som plaid, til pynt for fodenden af din seng og som hammam h\u00e5ndkl\u00e6der.\" \/>\n<meta property=\"og:url\" content=\"https:\/\/tibladin.dk\/nb\/produkt\/marokkansk-hammamhaandkle-med-moerkeblaa-striper\/\" \/>\n<meta property=\"og:site_name\" content=\"Tibladin\" \/>\n<meta property=\"article:modified_time\" content=\"2026-04-09T13:29:39+00:00\" \/>\n<meta property=\"og:image\" content=\"https:\/\/tibladin.dk\/wp-content\/uploads\/2022\/09\/Tibladin_marokkansk-hammam-haandklaede-hvid-med-moerkeblaa-strib_2011-1380011_LS1-1.jpg\" \/>\n\t<meta property=\"og:image:width\" content=\"800\" \/>\n\t<meta property=\"og:image:height\" content=\"800\" \/>\n\t<meta property=\"og:image:type\" content=\"image\/jpeg\" \/>\n<meta name=\"twitter:card\" content=\"summary_large_image\" \/>\n<meta name=\"twitter:label1\" content=\"Ansl. lesetid\" \/>\n\t<meta name=\"twitter:data1\" content=\"1 minutt\" \/>\n<script type=\"application\/ld+json\" class=\"yoast-schema-graph\">{\"@context\":\"https:\\\/\\\/schema.org\",\"@graph\":[{\"@type\":\"WebPage\",\"@id\":\"https:\\\/\\\/tibladin.dk\\\/produkt\\\/marokkansk-hammam-haandklaede-med-moerkeblaa-striber\\\/\",\"url\":\"https:\\\/\\\/tibladin.dk\\\/produkt\\\/marokkansk-hammam-haandklaede-med-moerkeblaa-striber\\\/\",\"name\":\"Marokkansk hammamh\u00e5ndkl\u00e6der i \u00f8kologisk bomuld | Tibladin\",\"isPartOf\":{\"@id\":\"https:\\\/\\\/tibladin.dk\\\/#website\"},\"primaryImageOfPage\":{\"@id\":\"https:\\\/\\\/tibladin.dk\\\/produkt\\\/marokkansk-hammam-haandklaede-med-moerkeblaa-striber\\\/#primaryimage\"},\"image\":{\"@id\":\"https:\\\/\\\/tibladin.dk\\\/produkt\\\/marokkansk-hammam-haandklaede-med-moerkeblaa-striber\\\/#primaryimage\"},\"thumbnailUrl\":\"https:\\\/\\\/tibladin.dk\\\/wp-content\\\/uploads\\\/2022\\\/09\\\/Tibladin_marokkansk-hammam-haandklaede-hvid-med-moerkeblaa-strib_2011-1380011_LS1-1.jpg\",\"datePublished\":\"2022-09-20T09:07:45+00:00\",\"dateModified\":\"2026-04-09T13:29:39+00:00\",\"description\":\"Helt unikt h\u00e5ndl\u00e6de med smukke v\u00e6vninger. Kan bruges b\u00e5de som plaid, til pynt for fodenden af din seng og som hammam h\u00e5ndkl\u00e6der.\",\"breadcrumb\":{\"@id\":\"https:\\\/\\\/tibladin.dk\\\/produkt\\\/marokkansk-hammam-haandklaede-med-moerkeblaa-striber\\\/#breadcrumb\"},\"inLanguage\":\"nb-NO\",\"potentialAction\":[{\"@type\":\"ReadAction\",\"target\":[\"https:\\\/\\\/tibladin.dk\\\/produkt\\\/marokkansk-hammam-haandklaede-med-moerkeblaa-striber\\\/\"]}]},{\"@type\":\"ImageObject\",\"inLanguage\":\"nb-NO\",\"@id\":\"https:\\\/\\\/tibladin.dk\\\/produkt\\\/marokkansk-hammam-haandklaede-med-moerkeblaa-striber\\\/#primaryimage\",\"url\":\"https:\\\/\\\/tibladin.dk\\\/wp-content\\\/uploads\\\/2022\\\/09\\\/Tibladin_marokkansk-hammam-haandklaede-hvid-med-moerkeblaa-strib_2011-1380011_LS1-1.jpg\",\"contentUrl\":\"https:\\\/\\\/tibladin.dk\\\/wp-content\\\/uploads\\\/2022\\\/09\\\/Tibladin_marokkansk-hammam-haandklaede-hvid-med-moerkeblaa-strib_2011-1380011_LS1-1.jpg\",\"width\":800,\"height\":800,\"caption\":\"hvidt Marokkansk h\u00e5ndlavet hammamh\u00e5ndkl\u00e6de med sorte striber, h\u00e6ngende p\u00e5 et badev\u00e6relse\"},{\"@type\":\"BreadcrumbList\",\"@id\":\"https:\\\/\\\/tibladin.dk\\\/produkt\\\/marokkansk-hammam-haandklaede-med-moerkeblaa-striber\\\/#breadcrumb\",\"itemListElement\":[{\"@type\":\"ListItem\",\"position\":1,\"name\":\"Hjem\",\"item\":\"https:\\\/\\\/tibladin.dk\\\/\"},{\"@type\":\"ListItem\",\"position\":2,\"name\":\"Shop\",\"item\":\"https:\\\/\\\/tibladin.dk\\\/shop\\\/\"},{\"@type\":\"ListItem\",\"position\":3,\"name\":\"Marokkansk hammamh\u00e5ndkl\u00e6de med m\u00f8rkebl\u00e5 striber\"}]},{\"@type\":\"WebSite\",\"@id\":\"https:\\\/\\\/tibladin.dk\\\/#website\",\"url\":\"https:\\\/\\\/tibladin.dk\\\/\",\"name\":\"Tibladin\",\"description\":\"Tibladin\",\"publisher\":{\"@id\":\"https:\\\/\\\/tibladin.dk\\\/#organization\"},\"potentialAction\":[{\"@type\":\"SearchAction\",\"target\":{\"@type\":\"EntryPoint\",\"urlTemplate\":\"https:\\\/\\\/tibladin.dk\\\/?s={search_term_string}\"},\"query-input\":{\"@type\":\"PropertyValueSpecification\",\"valueRequired\":true,\"valueName\":\"search_term_string\"}}],\"inLanguage\":\"nb-NO\"},{\"@type\":\"Organization\",\"@id\":\"https:\\\/\\\/tibladin.dk\\\/#organization\",\"name\":\"Tibladin\",\"url\":\"https:\\\/\\\/tibladin.dk\\\/\",\"logo\":{\"@type\":\"ImageObject\",\"inLanguage\":\"nb-NO\",\"@id\":\"https:\\\/\\\/tibladin.dk\\\/#\\\/schema\\\/logo\\\/image\\\/\",\"url\":\"https:\\\/\\\/tibladin.dk\\\/wp-content\\\/uploads\\\/2022\\\/09\\\/tibladin_logo.svg\",\"contentUrl\":\"https:\\\/\\\/tibladin.dk\\\/wp-content\\\/uploads\\\/2022\\\/09\\\/tibladin_logo.svg\",\"caption\":\"Tibladin\"},\"image\":{\"@id\":\"https:\\\/\\\/tibladin.dk\\\/#\\\/schema\\\/logo\\\/image\\\/\"}}]}<\/script>\n<!-- \/ Yoast SEO plugin. -->","yoast_head_json":{"title":"Marokkanske hammamh\u00e5ndkl\u00e6r i \u00f8kologisk bomull | Tibladin","description":"Et unikt lommet\u00f8rkle med vakre vevinger. Kan brukes som pledd, som dekorasjon til fotenden av sengen og som hammamh\u00e5ndkle.","robots":{"index":"index","follow":"follow","max-snippet":"max-snippet:-1","max-image-preview":"max-image-preview:large","max-video-preview":"max-video-preview:-1"},"canonical":"https:\/\/tibladin.dk\/nb\/produkt\/marokkansk-hammamhaandkle-med-moerkeblaa-striper\/","og_locale":"nb_NO","og_type":"article","og_title":"Marokkansk hammamh\u00e5ndkl\u00e6der i \u00f8kologisk bomuld | Tibladin","og_description":"Helt unikt h\u00e5ndl\u00e6de med smukke v\u00e6vninger. Kan bruges b\u00e5de som plaid, til pynt for fodenden af din seng og som hammam h\u00e5ndkl\u00e6der.","og_url":"https:\/\/tibladin.dk\/nb\/produkt\/marokkansk-hammamhaandkle-med-moerkeblaa-striper\/","og_site_name":"Tibladin","article_modified_time":"2026-04-09T13:29:39+00:00","og_image":[{"width":800,"height":800,"url":"https:\/\/tibladin.dk\/wp-content\/uploads\/2022\/09\/Tibladin_marokkansk-hammam-haandklaede-hvid-med-moerkeblaa-strib_2011-1380011_LS1-1.jpg","type":"image\/jpeg"}],"twitter_card":"summary_large_image","twitter_misc":{"Ansl. lesetid":"1 minutt"},"schema":{"@context":"https:\/\/schema.org","@graph":[{"@type":"WebPage","@id":"https:\/\/tibladin.dk\/produkt\/marokkansk-hammam-haandklaede-med-moerkeblaa-striber\/","url":"https:\/\/tibladin.dk\/produkt\/marokkansk-hammam-haandklaede-med-moerkeblaa-striber\/","name":"Marokkanske hammamh\u00e5ndkl\u00e6r i \u00f8kologisk bomull | Tibladin","isPartOf":{"@id":"https:\/\/tibladin.dk\/#website"},"primaryImageOfPage":{"@id":"https:\/\/tibladin.dk\/produkt\/marokkansk-hammam-haandklaede-med-moerkeblaa-striber\/#primaryimage"},"image":{"@id":"https:\/\/tibladin.dk\/produkt\/marokkansk-hammam-haandklaede-med-moerkeblaa-striber\/#primaryimage"},"thumbnailUrl":"https:\/\/tibladin.dk\/wp-content\/uploads\/2022\/09\/Tibladin_marokkansk-hammam-haandklaede-hvid-med-moerkeblaa-strib_2011-1380011_LS1-1.jpg","datePublished":"2022-09-20T09:07:45+00:00","dateModified":"2026-04-09T13:29:39+00:00","description":"Et unikt lommet\u00f8rkle med vakre vevinger. Kan brukes som pledd, som dekorasjon til fotenden av sengen og som hammamh\u00e5ndkle.","breadcrumb":{"@id":"https:\/\/tibladin.dk\/produkt\/marokkansk-hammam-haandklaede-med-moerkeblaa-striber\/#breadcrumb"},"inLanguage":"nb-NO","potentialAction":[{"@type":"ReadAction","target":["https:\/\/tibladin.dk\/produkt\/marokkansk-hammam-haandklaede-med-moerkeblaa-striber\/"]}]},{"@type":"ImageObject","inLanguage":"nb-NO","@id":"https:\/\/tibladin.dk\/produkt\/marokkansk-hammam-haandklaede-med-moerkeblaa-striber\/#primaryimage","url":"https:\/\/tibladin.dk\/wp-content\/uploads\/2022\/09\/Tibladin_marokkansk-hammam-haandklaede-hvid-med-moerkeblaa-strib_2011-1380011_LS1-1.jpg","contentUrl":"https:\/\/tibladin.dk\/wp-content\/uploads\/2022\/09\/Tibladin_marokkansk-hammam-haandklaede-hvid-med-moerkeblaa-strib_2011-1380011_LS1-1.jpg","width":800,"height":800,"caption":"hvidt Marokkansk h\u00e5ndlavet hammamh\u00e5ndkl\u00e6de med sorte striber, h\u00e6ngende p\u00e5 et badev\u00e6relse"},{"@type":"BreadcrumbList","@id":"https:\/\/tibladin.dk\/produkt\/marokkansk-hammam-haandklaede-med-moerkeblaa-striber\/#breadcrumb","itemListElement":[{"@type":"ListItem","position":1,"name":"Hjem","item":"https:\/\/tibladin.dk\/"},{"@type":"ListItem","position":2,"name":"Shop","item":"https:\/\/tibladin.dk\/shop\/"},{"@type":"ListItem","position":3,"name":"Marokkansk hammamh\u00e5ndkl\u00e6de med m\u00f8rkebl\u00e5 striber"}]},{"@type":"WebSite","@id":"https:\/\/tibladin.dk\/#website","url":"https:\/\/tibladin.dk\/","name":"Tibladin","description":"Tibladin","publisher":{"@id":"https:\/\/tibladin.dk\/#organization"},"potentialAction":[{"@type":"SearchAction","target":{"@type":"EntryPoint","urlTemplate":"https:\/\/tibladin.dk\/?s={search_term_string}"},"query-input":{"@type":"PropertyValueSpecification","valueRequired":true,"valueName":"search_term_string"}}],"inLanguage":"nb-NO"},{"@type":"Organization","@id":"https:\/\/tibladin.dk\/#organization","name":"Tibladin","url":"https:\/\/tibladin.dk\/","logo":{"@type":"ImageObject","inLanguage":"nb-NO","@id":"https:\/\/tibladin.dk\/#\/schema\/logo\/image\/","url":"https:\/\/tibladin.dk\/wp-content\/uploads\/2022\/09\/tibladin_logo.svg","contentUrl":"https:\/\/tibladin.dk\/wp-content\/uploads\/2022\/09\/tibladin_logo.svg","caption":"Tibladin"},"image":{"@id":"https:\/\/tibladin.dk\/#\/schema\/logo\/image\/"}}]}},"_links":{"self":[{"href":"https:\/\/tibladin.dk\/nb\/wp-json\/wp\/v2\/product\/1225","targetHints":{"allow":["GET"]}}],"collection":[{"href":"https:\/\/tibladin.dk\/nb\/wp-json\/wp\/v2\/product"}],"about":[{"href":"https:\/\/tibladin.dk\/nb\/wp-json\/wp\/v2\/types\/product"}],"wp:featuredmedia":[{"embeddable":true,"href":"https:\/\/tibladin.dk\/nb\/wp-json\/wp\/v2\/media\/1221"}],"wp:attachment":[{"href":"https:\/\/tibladin.dk\/nb\/wp-json\/wp\/v2\/media?parent=1225"}],"wp:term":[{"taxonomy":"product_brand","embeddable":true,"href":"https:\/\/tibladin.dk\/nb\/wp-json\/wp\/v2\/product_brand?post=1225"},{"taxonomy":"product_cat","embeddable":true,"href":"https:\/\/tibladin.dk\/nb\/wp-json\/wp\/v2\/product_cat?post=1225"},{"taxonomy":"product_tag","embeddable":true,"href":"https:\/\/tibladin.dk\/nb\/wp-json\/wp\/v2\/product_tag?post=1225"}],"curies":[{"name":"wp","href":"https:\/\/api.w.org\/{rel}","templated":true}]}}