{"id":12440,"date":"2025-06-14T12:23:07","date_gmt":"2025-06-14T10:23:07","guid":{"rendered":"https:\/\/tibladin.dk\/?post_type=product&#038;p=12440"},"modified":"2026-04-07T12:04:55","modified_gmt":"2026-04-07T10:04:55","slug":"strandveske-i-rotting-%c2%b7-vaniljefarget","status":"publish","type":"product","link":"https:\/\/tibladin.dk\/nb\/produkt\/strandtaske-shopper-i-flet-%c2%b7-vanilla\/","title":{"rendered":"Strandveske\/handleveske i rotting \u00b7 VANILLA"},"content":{"rendered":"<div class=\"wpb-content-wrapper\"><div class=\"vc_row wpb_row vc_row-fluid\"><div class=\"wpb_column vc_column_container vc_col-sm-4\"><div class=\"vc_column-inner\"><div class=\"wpb_wrapper\"><\/div><\/div><\/div><div class=\"wpb_column vc_column_container vc_col-sm-4\"><div class=\"vc_column-inner\"><div class=\"wpb_wrapper\"><h3 style=\"text-align: left\" class=\"vc_custom_heading vc_do_custom_heading\" >Vedlikehold<\/h3>\n\t<div class=\"wpb_text_column wpb_content_element\" >\n\t\t<div class=\"wpb_wrapper\">\n\t\t\t<p>Kan t\u00f8rkes av med en hardt oppvridd klut<\/p>\n\n\t\t<\/div>\n\t<\/div>\n<\/div><\/div><\/div><div class=\"wpb_column vc_column_container vc_col-sm-4\"><div class=\"vc_column-inner\"><div class=\"wpb_wrapper\"><h3 style=\"text-align: left\" class=\"vc_custom_heading vc_do_custom_heading\" >Historien bak<\/h3>\n\t<div class=\"wpb_text_column wpb_content_element\" >\n\t\t<div class=\"wpb_wrapper\">\n\t\t\t<p>H\u00e5ndvevd veske med tvinnede stropper og innerveske med sn\u00f8ring. H\u00e5ndvevd i verkstedet v\u00e5rt i Marrakech, hvor h\u00e5ndverket har blitt gitt videre gjennom generasjoner.<\/p>\n\n\t\t<\/div>\n\t<\/div>\n<\/div><\/div><\/div><\/div>\n<\/div>","protected":false},"excerpt":{"rendered":"<p>Elegant flettet veske med off-white m\u00f8nster og h\u00e5ndvridde m\u00f8rkebrune skinnreimer.<\/p>\n<p>Vesken har en innvendig lomme som kan lukkes helt med glidel\u00e5s for \u00e5 beskytte innholdet.<\/p>\n<p>M\u00e5l: 46 cm lang, 30 cm h\u00f8y og 20 cm bred (bredden kan utvides betydelig)<\/p>\n<p>Gj\u00f8r deg klar for sommeren med denne elegante vesken, som blir en favoritt du tar med deg n\u00e5r du skal til stranden eller shoppe i byen.<\/p>","protected":false},"featured_media":37164,"template":"","meta":{"inline_featured_image":false},"product_brand":[],"product_cat":[27,31],"product_tag":[],"class_list":{"0":"post-12440","1":"product","2":"type-product","3":"status-publish","4":"has-post-thumbnail","6":"product_cat-diverse","7":"product_cat-tasker","9":"first","10":"instock","11":"taxable","12":"shipping-taxable","13":"purchasable","14":"product-type-simple"},"exclude_global_add_ons":false,"addons":[{"name":"\u00d8nsker du gaveinnpakning?","type":"checkbox","position":0,"required":false,"title_format":"label","default":"","description_enable":false,"description":"","placeholder_enable":false,"placeholder":"","display":"images","restrictions_type":"any_text","adjust_price":false,"price":"","price_type":"flat_fee","restrictions":false,"min":"0","max":"0","options":[{"label":"Ja tak","price":"10","price_type":"flat_fee","image":11015,"visibility":true}],"id":1669646111}],"yoast_head":"<!-- This site is optimized with the Yoast SEO plugin v27.4 - https:\/\/yoast.com\/product\/yoast-seo-wordpress\/ -->\n<title>Strandtaske \u00b7 Shopper i flet i h\u00f8j kvalitet \u00b7 Kun hos Tibladin<\/title>\n<meta name=\"description\" content=\"Elegant og praktisk taske i flet med l\u00e6derstropper og indvendigpose der kan lukkes med sn\u00f8re. H\u00e5ndflettet i h\u00f8jeste kvalitet p\u00e5 vores v\u00e6rste i Marrakesh.\" \/>\n<meta name=\"robots\" content=\"index, follow, max-snippet:-1, max-image-preview:large, max-video-preview:-1\" \/>\n<link rel=\"canonical\" href=\"https:\/\/tibladin.dk\/nb\/produkt\/strandveske-i-rotting-\u00b7-vaniljefarget\/\" \/>\n<meta property=\"og:locale\" content=\"nb_NO\" \/>\n<meta property=\"og:type\" content=\"article\" \/>\n<meta property=\"og:title\" content=\"Strandtaske \u00b7 Shopper i flet i h\u00f8j kvalitet \u00b7 Kun hos Tibladin\" \/>\n<meta property=\"og:description\" content=\"Elegant og praktisk taske i flet med l\u00e6derstropper og indvendigpose der kan lukkes med sn\u00f8re. H\u00e5ndflettet i h\u00f8jeste kvalitet p\u00e5 vores v\u00e6rste i Marrakesh.\" \/>\n<meta property=\"og:url\" content=\"https:\/\/tibladin.dk\/nb\/produkt\/strandveske-i-rotting-\u00b7-vaniljefarget\/\" \/>\n<meta property=\"og:site_name\" content=\"Tibladin\" \/>\n<meta property=\"article:modified_time\" content=\"2026-04-07T10:04:55+00:00\" \/>\n<meta property=\"og:image\" content=\"https:\/\/tibladin.dk\/wp-content\/uploads\/2024\/04\/Taske-vanilla_2_9.jpg\" \/>\n\t<meta property=\"og:image:width\" content=\"800\" \/>\n\t<meta property=\"og:image:height\" content=\"800\" \/>\n\t<meta property=\"og:image:type\" content=\"image\/jpeg\" \/>\n<meta name=\"twitter:card\" content=\"summary_large_image\" \/>\n<meta name=\"twitter:label1\" content=\"Ansl. lesetid\" \/>\n\t<meta name=\"twitter:data1\" content=\"1 minutt\" \/>\n<script type=\"application\/ld+json\" class=\"yoast-schema-graph\">{\"@context\":\"https:\\\/\\\/schema.org\",\"@graph\":[{\"@type\":\"WebPage\",\"@id\":\"https:\\\/\\\/tibladin.dk\\\/produkt\\\/strandtaske-shopper-i-flet-%c2%b7-vanilla\\\/\",\"url\":\"https:\\\/\\\/tibladin.dk\\\/produkt\\\/strandtaske-shopper-i-flet-%c2%b7-vanilla\\\/\",\"name\":\"Strandtaske \u00b7 Shopper i flet i h\u00f8j kvalitet \u00b7 Kun hos Tibladin\",\"isPartOf\":{\"@id\":\"https:\\\/\\\/tibladin.dk\\\/#website\"},\"primaryImageOfPage\":{\"@id\":\"https:\\\/\\\/tibladin.dk\\\/produkt\\\/strandtaske-shopper-i-flet-%c2%b7-vanilla\\\/#primaryimage\"},\"image\":{\"@id\":\"https:\\\/\\\/tibladin.dk\\\/produkt\\\/strandtaske-shopper-i-flet-%c2%b7-vanilla\\\/#primaryimage\"},\"thumbnailUrl\":\"https:\\\/\\\/tibladin.dk\\\/wp-content\\\/uploads\\\/2024\\\/04\\\/Taske-vanilla_2_9.jpg\",\"datePublished\":\"2025-06-14T10:23:07+00:00\",\"dateModified\":\"2026-04-07T10:04:55+00:00\",\"description\":\"Elegant og praktisk taske i flet med l\u00e6derstropper og indvendigpose der kan lukkes med sn\u00f8re. H\u00e5ndflettet i h\u00f8jeste kvalitet p\u00e5 vores v\u00e6rste i Marrakesh.\",\"breadcrumb\":{\"@id\":\"https:\\\/\\\/tibladin.dk\\\/produkt\\\/strandtaske-shopper-i-flet-%c2%b7-vanilla\\\/#breadcrumb\"},\"inLanguage\":\"nb-NO\",\"potentialAction\":[{\"@type\":\"ReadAction\",\"target\":[\"https:\\\/\\\/tibladin.dk\\\/produkt\\\/strandtaske-shopper-i-flet-%c2%b7-vanilla\\\/\"]}]},{\"@type\":\"ImageObject\",\"inLanguage\":\"nb-NO\",\"@id\":\"https:\\\/\\\/tibladin.dk\\\/produkt\\\/strandtaske-shopper-i-flet-%c2%b7-vanilla\\\/#primaryimage\",\"url\":\"https:\\\/\\\/tibladin.dk\\\/wp-content\\\/uploads\\\/2024\\\/04\\\/Taske-vanilla_2_9.jpg\",\"contentUrl\":\"https:\\\/\\\/tibladin.dk\\\/wp-content\\\/uploads\\\/2024\\\/04\\\/Taske-vanilla_2_9.jpg\",\"width\":800,\"height\":800,\"caption\":\"Taske vanilla\"},{\"@type\":\"BreadcrumbList\",\"@id\":\"https:\\\/\\\/tibladin.dk\\\/produkt\\\/strandtaske-shopper-i-flet-%c2%b7-vanilla\\\/#breadcrumb\",\"itemListElement\":[{\"@type\":\"ListItem\",\"position\":1,\"name\":\"Hjem\",\"item\":\"https:\\\/\\\/tibladin.dk\\\/\"},{\"@type\":\"ListItem\",\"position\":2,\"name\":\"Shop\",\"item\":\"https:\\\/\\\/tibladin.dk\\\/shop\\\/\"},{\"@type\":\"ListItem\",\"position\":3,\"name\":\"Strandtaske\\\/Shopper i flet \u00b7 VANILLA\"}]},{\"@type\":\"WebSite\",\"@id\":\"https:\\\/\\\/tibladin.dk\\\/#website\",\"url\":\"https:\\\/\\\/tibladin.dk\\\/\",\"name\":\"Tibladin\",\"description\":\"Tibladin\",\"publisher\":{\"@id\":\"https:\\\/\\\/tibladin.dk\\\/#organization\"},\"potentialAction\":[{\"@type\":\"SearchAction\",\"target\":{\"@type\":\"EntryPoint\",\"urlTemplate\":\"https:\\\/\\\/tibladin.dk\\\/?s={search_term_string}\"},\"query-input\":{\"@type\":\"PropertyValueSpecification\",\"valueRequired\":true,\"valueName\":\"search_term_string\"}}],\"inLanguage\":\"nb-NO\"},{\"@type\":\"Organization\",\"@id\":\"https:\\\/\\\/tibladin.dk\\\/#organization\",\"name\":\"Tibladin\",\"url\":\"https:\\\/\\\/tibladin.dk\\\/\",\"logo\":{\"@type\":\"ImageObject\",\"inLanguage\":\"nb-NO\",\"@id\":\"https:\\\/\\\/tibladin.dk\\\/#\\\/schema\\\/logo\\\/image\\\/\",\"url\":\"https:\\\/\\\/tibladin.dk\\\/wp-content\\\/uploads\\\/2022\\\/09\\\/tibladin_logo.svg\",\"contentUrl\":\"https:\\\/\\\/tibladin.dk\\\/wp-content\\\/uploads\\\/2022\\\/09\\\/tibladin_logo.svg\",\"caption\":\"Tibladin\"},\"image\":{\"@id\":\"https:\\\/\\\/tibladin.dk\\\/#\\\/schema\\\/logo\\\/image\\\/\"}}]}<\/script>\n<!-- \/ Yoast SEO plugin. -->","yoast_head_json":{"title":"Strandveske \u00b7 Shoppingveske i rotting av h\u00f8y kvalitet \u00b7 Kun hos Tibladin","description":"Elegant og praktisk flettet veske med l\u00e6rreimer og innerveske som kan lukkes med sn\u00f8ring. H\u00e5ndvevd i h\u00f8yeste kvalitet p\u00e5 v\u00e5rt verksted i Marrakech.","robots":{"index":"index","follow":"follow","max-snippet":"max-snippet:-1","max-image-preview":"max-image-preview:large","max-video-preview":"max-video-preview:-1"},"canonical":"https:\/\/tibladin.dk\/nb\/produkt\/strandveske-i-rotting-\u00b7-vaniljefarget\/","og_locale":"nb_NO","og_type":"article","og_title":"Strandtaske \u00b7 Shopper i flet i h\u00f8j kvalitet \u00b7 Kun hos Tibladin","og_description":"Elegant og praktisk taske i flet med l\u00e6derstropper og indvendigpose der kan lukkes med sn\u00f8re. H\u00e5ndflettet i h\u00f8jeste kvalitet p\u00e5 vores v\u00e6rste i Marrakesh.","og_url":"https:\/\/tibladin.dk\/nb\/produkt\/strandveske-i-rotting-\u00b7-vaniljefarget\/","og_site_name":"Tibladin","article_modified_time":"2026-04-07T10:04:55+00:00","og_image":[{"width":800,"height":800,"url":"https:\/\/tibladin.dk\/wp-content\/uploads\/2024\/04\/Taske-vanilla_2_9.jpg","type":"image\/jpeg"}],"twitter_card":"summary_large_image","twitter_misc":{"Ansl. lesetid":"1 minutt"},"schema":{"@context":"https:\/\/schema.org","@graph":[{"@type":"WebPage","@id":"https:\/\/tibladin.dk\/produkt\/strandtaske-shopper-i-flet-%c2%b7-vanilla\/","url":"https:\/\/tibladin.dk\/produkt\/strandtaske-shopper-i-flet-%c2%b7-vanilla\/","name":"Strandveske \u00b7 Shoppingveske i rotting av h\u00f8y kvalitet \u00b7 Kun hos Tibladin","isPartOf":{"@id":"https:\/\/tibladin.dk\/#website"},"primaryImageOfPage":{"@id":"https:\/\/tibladin.dk\/produkt\/strandtaske-shopper-i-flet-%c2%b7-vanilla\/#primaryimage"},"image":{"@id":"https:\/\/tibladin.dk\/produkt\/strandtaske-shopper-i-flet-%c2%b7-vanilla\/#primaryimage"},"thumbnailUrl":"https:\/\/tibladin.dk\/wp-content\/uploads\/2024\/04\/Taske-vanilla_2_9.jpg","datePublished":"2025-06-14T10:23:07+00:00","dateModified":"2026-04-07T10:04:55+00:00","description":"Elegant og praktisk flettet veske med l\u00e6rreimer og innerveske som kan lukkes med sn\u00f8ring. H\u00e5ndvevd i h\u00f8yeste kvalitet p\u00e5 v\u00e5rt verksted i Marrakech.","breadcrumb":{"@id":"https:\/\/tibladin.dk\/produkt\/strandtaske-shopper-i-flet-%c2%b7-vanilla\/#breadcrumb"},"inLanguage":"nb-NO","potentialAction":[{"@type":"ReadAction","target":["https:\/\/tibladin.dk\/produkt\/strandtaske-shopper-i-flet-%c2%b7-vanilla\/"]}]},{"@type":"ImageObject","inLanguage":"nb-NO","@id":"https:\/\/tibladin.dk\/produkt\/strandtaske-shopper-i-flet-%c2%b7-vanilla\/#primaryimage","url":"https:\/\/tibladin.dk\/wp-content\/uploads\/2024\/04\/Taske-vanilla_2_9.jpg","contentUrl":"https:\/\/tibladin.dk\/wp-content\/uploads\/2024\/04\/Taske-vanilla_2_9.jpg","width":800,"height":800,"caption":"Taske vanilla"},{"@type":"BreadcrumbList","@id":"https:\/\/tibladin.dk\/produkt\/strandtaske-shopper-i-flet-%c2%b7-vanilla\/#breadcrumb","itemListElement":[{"@type":"ListItem","position":1,"name":"Hjem","item":"https:\/\/tibladin.dk\/"},{"@type":"ListItem","position":2,"name":"Shop","item":"https:\/\/tibladin.dk\/shop\/"},{"@type":"ListItem","position":3,"name":"Strandtaske\/Shopper i flet \u00b7 VANILLA"}]},{"@type":"WebSite","@id":"https:\/\/tibladin.dk\/#website","url":"https:\/\/tibladin.dk\/","name":"Tibladin","description":"Tibladin","publisher":{"@id":"https:\/\/tibladin.dk\/#organization"},"potentialAction":[{"@type":"SearchAction","target":{"@type":"EntryPoint","urlTemplate":"https:\/\/tibladin.dk\/?s={search_term_string}"},"query-input":{"@type":"PropertyValueSpecification","valueRequired":true,"valueName":"search_term_string"}}],"inLanguage":"nb-NO"},{"@type":"Organization","@id":"https:\/\/tibladin.dk\/#organization","name":"Tibladin","url":"https:\/\/tibladin.dk\/","logo":{"@type":"ImageObject","inLanguage":"nb-NO","@id":"https:\/\/tibladin.dk\/#\/schema\/logo\/image\/","url":"https:\/\/tibladin.dk\/wp-content\/uploads\/2022\/09\/tibladin_logo.svg","contentUrl":"https:\/\/tibladin.dk\/wp-content\/uploads\/2022\/09\/tibladin_logo.svg","caption":"Tibladin"},"image":{"@id":"https:\/\/tibladin.dk\/#\/schema\/logo\/image\/"}}]}},"_links":{"self":[{"href":"https:\/\/tibladin.dk\/nb\/wp-json\/wp\/v2\/product\/12440","targetHints":{"allow":["GET"]}}],"collection":[{"href":"https:\/\/tibladin.dk\/nb\/wp-json\/wp\/v2\/product"}],"about":[{"href":"https:\/\/tibladin.dk\/nb\/wp-json\/wp\/v2\/types\/product"}],"wp:featuredmedia":[{"embeddable":true,"href":"https:\/\/tibladin.dk\/nb\/wp-json\/wp\/v2\/media\/37164"}],"wp:attachment":[{"href":"https:\/\/tibladin.dk\/nb\/wp-json\/wp\/v2\/media?parent=12440"}],"wp:term":[{"taxonomy":"product_brand","embeddable":true,"href":"https:\/\/tibladin.dk\/nb\/wp-json\/wp\/v2\/product_brand?post=12440"},{"taxonomy":"product_cat","embeddable":true,"href":"https:\/\/tibladin.dk\/nb\/wp-json\/wp\/v2\/product_cat?post=12440"},{"taxonomy":"product_tag","embeddable":true,"href":"https:\/\/tibladin.dk\/nb\/wp-json\/wp\/v2\/product_tag?post=12440"}],"curies":[{"name":"wp","href":"https:\/\/api.w.org\/{rel}","templated":true}]}}