{"id":1259,"date":"2022-09-20T11:07:59","date_gmt":"2022-09-20T09:07:59","guid":{"rendered":"https:\/\/tibladin.dk\/?post_type=product&#038;p=1259"},"modified":"2025-12-29T12:34:55","modified_gmt":"2025-12-29T11:34:55","slug":"svart-bolle-med-3-forskjellige-moenstre","status":"publish","type":"product","link":"https:\/\/tibladin.dk\/nb\/produkt\/skaal-sort-3-forskellige-moenstre\/","title":{"rendered":"Sk\u00e5l svart \u2013 3 forskjellige m\u00f8nstre"},"content":{"rendered":"<div class=\"wpb-content-wrapper\"><div class=\"vc_row wpb_row vc_row-fluid\"><div class=\"wpb_column vc_column_container vc_col-sm-4\"><div class=\"vc_column-inner\"><div class=\"wpb_wrapper\">\n\t<div class=\"wpb_video_widget wpb_content_element vc_clearfix   vc_video-aspect-ratio-43 vc_video-el-width-100 vc_video-align-left\" >\n\t\t<div class=\"wpb_wrapper\">\n\t\t\t\n\t\t\t<div class=\"wpb_video_wrapper\"><div class=\"video-container\"><iframe loading=\"lazy\" title=\"Tibladin_produksjon steint\u00f8y\" src=\"https:\/\/player.vimeo.com\/video\/415400643?dnt=1&amp;app_id=122963\" width=\"310\" height=\"310\" frameborder=\"0\" allow=\"autoplay; fullscreen; picture-in-picture\"><\/iframe><\/div><\/div>\n\t\t<\/div>\n\t<\/div>\n<\/div><\/div><\/div><div class=\"wpb_column vc_column_container vc_col-sm-4\"><div class=\"vc_column-inner\"><div class=\"wpb_wrapper\"><h3 style=\"text-align: left\" class=\"vc_custom_heading vc_do_custom_heading\" >Vedlikehold<\/h3>\n\t<div class=\"wpb_text_column wpb_content_element\" >\n\t\t<div class=\"wpb_wrapper\">\n\t\t\t<p>Kan vaskes med mildt s\u00e5pevann \u2013 kan ogs\u00e5 vaskes i oppvaskmaskinen.<\/p>\n<p>Alt steint\u00f8y er h\u00e5ndlaget, og variasjoner i b\u00e5de farge og form kan forekomme.<\/p>\n\n\t\t<\/div>\n\t<\/div>\n<\/div><\/div><\/div><div class=\"wpb_column vc_column_container vc_col-sm-4\"><div class=\"vc_column-inner\"><div class=\"wpb_wrapper\"><h3 style=\"text-align: left\" class=\"vc_custom_heading vc_do_custom_heading\" >Historien bak<\/h3>\n\t<div class=\"wpb_text_column wpb_content_element\" >\n\t\t<div class=\"wpb_wrapper\">\n\t\t\t<p>En vakker borddekking med unike, vakre ting kan v\u00e6re et godt samtaleemne med gjestene dine. Mitt samarbeid med denne steint\u00f8yprodusenten er ganske ekstraordin\u00e6rt. Her spesialiserer de seg p\u00e5 \u00e5 lage tidl\u00f8st steint\u00f8y med et lite preg av Marokko, akkurat som jeg elsker det. Det kalles ogs\u00e5 Marrakech-porselen. De leverer over hele verden og til alle de store hotellene, restaurantene og butikkene. Steint\u00f8yet er brent p\u00e5 over 1200 grader, noe som gj\u00f8r det sv\u00e6rt slitesterkt. Alt du ser under steint\u00f8y p\u00e5 denne siden er godkjent for \u00e5 t\u00e5le stekeovn, mikrob\u00f8lgeovn og oppvaskmaskin, og som forbruker er du trygg p\u00e5 at alt er godkjent i henhold til internasjonale standarder, og Prob65 California, som indikerer at det er giftfrie materialer og glasur \u2013 godkjent for \u00e5 kunne spise og drikke av det.<\/p>\n\n\t\t<\/div>\n\t<\/div>\n<\/div><\/div><\/div><\/div>\n<\/div>","protected":false},"excerpt":{"rendered":"<p>Svarte boller med fine, hvite marokkanske linjer og mokkafarget glasur inni. H\u00e5ndmalt i tre forskjellige m\u00f8nstre; etnisk chic, prikkete og sikksakkm\u00f8nstret.<\/p>\n<p>Passer godt til krus og tallerkener i samme serie. Bland m\u00f8nstre og farger og dekk et overraskende vakkert bord.<\/p>\n<p>Sk\u00e5len er 13,5 cm h\u00f8y. Passer fint som sm\u00e5 serveringssk\u00e5ler, til kaker, en aperitiff eller til yoghurten din om morgenen.<\/p>","protected":false},"featured_media":1284,"template":"","meta":{"inline_featured_image":false},"product_brand":[],"product_cat":[33,42,48,43,32],"product_tag":[],"class_list":{"0":"post-1259","1":"product","2":"type-product","3":"status-publish","4":"has-post-thumbnail","6":"product_cat-borddaekning","7":"product_cat-gaver-under-200-kr","8":"product_cat-skaale","9":"product_cat-stentoej","10":"product_cat-tilbud","12":"first","13":"instock","14":"sale","15":"taxable","16":"shipping-taxable","17":"purchasable","18":"product-type-variable"},"exclude_global_add_ons":false,"addons":[{"name":"\u00d8nsker du gaveinnpakning?","type":"checkbox","position":0,"required":false,"title_format":"label","default":"","description_enable":false,"description":"","placeholder_enable":false,"placeholder":"","display":"images","restrictions_type":"any_text","adjust_price":false,"price":"","price_type":"flat_fee","restrictions":false,"min":"0","max":"0","options":[{"label":"Ja tak","price":"10","price_type":"flat_fee","image":11015,"visibility":true}],"id":1669646111}],"yoast_head":"<!-- This site is optimized with the Yoast SEO plugin v27.4 - https:\/\/yoast.com\/product\/yoast-seo-wordpress\/ -->\n<title>Sk\u00e5l i sort med tre forskellige m\u00f8nstre i hvid | Tibladin<\/title>\n<meta name=\"description\" content=\"Sk\u00e5l i sort med hvidt m\u00f8nster. Sk\u00e5len er 13,5 cm i h\u00f8jden. Perfekt som serveringssk\u00e5l, til frugt eller til din morgenmad.\" \/>\n<meta name=\"robots\" content=\"index, follow, max-snippet:-1, max-image-preview:large, max-video-preview:-1\" \/>\n<link rel=\"canonical\" href=\"https:\/\/tibladin.dk\/nb\/produkt\/svart-bolle-med-3-forskjellige-moenstre\/\" \/>\n<meta property=\"og:locale\" content=\"nb_NO\" \/>\n<meta property=\"og:type\" content=\"article\" \/>\n<meta property=\"og:title\" content=\"Sk\u00e5l i sort med tre forskellige m\u00f8nstre i hvid | Tibladin\" \/>\n<meta property=\"og:description\" content=\"Sk\u00e5l i sort med hvidt m\u00f8nster. Sk\u00e5len er 13,5 cm i h\u00f8jden. Perfekt som serveringssk\u00e5l, til frugt eller til din morgenmad.\" \/>\n<meta property=\"og:url\" content=\"https:\/\/tibladin.dk\/nb\/produkt\/svart-bolle-med-3-forskjellige-moenstre\/\" \/>\n<meta property=\"og:site_name\" content=\"Tibladin\" \/>\n<meta property=\"article:modified_time\" content=\"2025-12-29T11:34:55+00:00\" \/>\n<meta property=\"og:image\" content=\"https:\/\/tibladin.dk\/wp-content\/uploads\/2022\/09\/Tibladin_marokkansk-skaal-sort-med-hvidt-moenster-1.jpg\" \/>\n\t<meta property=\"og:image:width\" content=\"800\" \/>\n\t<meta property=\"og:image:height\" content=\"800\" \/>\n\t<meta property=\"og:image:type\" content=\"image\/jpeg\" \/>\n<meta name=\"twitter:card\" content=\"summary_large_image\" \/>\n<meta name=\"twitter:label1\" content=\"Ansl. lesetid\" \/>\n\t<meta name=\"twitter:data1\" content=\"2 minutter\" \/>\n<script type=\"application\/ld+json\" class=\"yoast-schema-graph\">{\"@context\":\"https:\\\/\\\/schema.org\",\"@graph\":[{\"@type\":\"WebPage\",\"@id\":\"https:\\\/\\\/tibladin.dk\\\/produkt\\\/skaal-sort-3-forskellige-moenstre\\\/\",\"url\":\"https:\\\/\\\/tibladin.dk\\\/produkt\\\/skaal-sort-3-forskellige-moenstre\\\/\",\"name\":\"Sk\u00e5l i sort med tre forskellige m\u00f8nstre i hvid | Tibladin\",\"isPartOf\":{\"@id\":\"https:\\\/\\\/tibladin.dk\\\/#website\"},\"primaryImageOfPage\":{\"@id\":\"https:\\\/\\\/tibladin.dk\\\/produkt\\\/skaal-sort-3-forskellige-moenstre\\\/#primaryimage\"},\"image\":{\"@id\":\"https:\\\/\\\/tibladin.dk\\\/produkt\\\/skaal-sort-3-forskellige-moenstre\\\/#primaryimage\"},\"thumbnailUrl\":\"https:\\\/\\\/tibladin.dk\\\/wp-content\\\/uploads\\\/2022\\\/09\\\/Tibladin_marokkansk-skaal-sort-med-hvidt-moenster-1.jpg\",\"datePublished\":\"2022-09-20T09:07:59+00:00\",\"dateModified\":\"2025-12-29T11:34:55+00:00\",\"description\":\"Sk\u00e5l i sort med hvidt m\u00f8nster. Sk\u00e5len er 13,5 cm i h\u00f8jden. Perfekt som serveringssk\u00e5l, til frugt eller til din morgenmad.\",\"breadcrumb\":{\"@id\":\"https:\\\/\\\/tibladin.dk\\\/produkt\\\/skaal-sort-3-forskellige-moenstre\\\/#breadcrumb\"},\"inLanguage\":\"nb-NO\",\"potentialAction\":[{\"@type\":\"ReadAction\",\"target\":[\"https:\\\/\\\/tibladin.dk\\\/produkt\\\/skaal-sort-3-forskellige-moenstre\\\/\"]}]},{\"@type\":\"ImageObject\",\"inLanguage\":\"nb-NO\",\"@id\":\"https:\\\/\\\/tibladin.dk\\\/produkt\\\/skaal-sort-3-forskellige-moenstre\\\/#primaryimage\",\"url\":\"https:\\\/\\\/tibladin.dk\\\/wp-content\\\/uploads\\\/2022\\\/09\\\/Tibladin_marokkansk-skaal-sort-med-hvidt-moenster-1.jpg\",\"contentUrl\":\"https:\\\/\\\/tibladin.dk\\\/wp-content\\\/uploads\\\/2022\\\/09\\\/Tibladin_marokkansk-skaal-sort-med-hvidt-moenster-1.jpg\",\"width\":800,\"height\":800,\"caption\":\"Marokkanske h\u00e5ndlavede sk\u00e5le i sort med forskellige hvide m\u00f8nstre\"},{\"@type\":\"BreadcrumbList\",\"@id\":\"https:\\\/\\\/tibladin.dk\\\/produkt\\\/skaal-sort-3-forskellige-moenstre\\\/#breadcrumb\",\"itemListElement\":[{\"@type\":\"ListItem\",\"position\":1,\"name\":\"Hjem\",\"item\":\"https:\\\/\\\/tibladin.dk\\\/\"},{\"@type\":\"ListItem\",\"position\":2,\"name\":\"Shop\",\"item\":\"https:\\\/\\\/tibladin.dk\\\/shop\\\/\"},{\"@type\":\"ListItem\",\"position\":3,\"name\":\"Sk\u00e5l sort &#8211; 3 forskellige m\u00f8nstre\"}]},{\"@type\":\"WebSite\",\"@id\":\"https:\\\/\\\/tibladin.dk\\\/#website\",\"url\":\"https:\\\/\\\/tibladin.dk\\\/\",\"name\":\"Tibladin\",\"description\":\"Tibladin\",\"publisher\":{\"@id\":\"https:\\\/\\\/tibladin.dk\\\/#organization\"},\"potentialAction\":[{\"@type\":\"SearchAction\",\"target\":{\"@type\":\"EntryPoint\",\"urlTemplate\":\"https:\\\/\\\/tibladin.dk\\\/?s={search_term_string}\"},\"query-input\":{\"@type\":\"PropertyValueSpecification\",\"valueRequired\":true,\"valueName\":\"search_term_string\"}}],\"inLanguage\":\"nb-NO\"},{\"@type\":\"Organization\",\"@id\":\"https:\\\/\\\/tibladin.dk\\\/#organization\",\"name\":\"Tibladin\",\"url\":\"https:\\\/\\\/tibladin.dk\\\/\",\"logo\":{\"@type\":\"ImageObject\",\"inLanguage\":\"nb-NO\",\"@id\":\"https:\\\/\\\/tibladin.dk\\\/#\\\/schema\\\/logo\\\/image\\\/\",\"url\":\"https:\\\/\\\/tibladin.dk\\\/wp-content\\\/uploads\\\/2022\\\/09\\\/tibladin_logo.svg\",\"contentUrl\":\"https:\\\/\\\/tibladin.dk\\\/wp-content\\\/uploads\\\/2022\\\/09\\\/tibladin_logo.svg\",\"caption\":\"Tibladin\"},\"image\":{\"@id\":\"https:\\\/\\\/tibladin.dk\\\/#\\\/schema\\\/logo\\\/image\\\/\"}}]}<\/script>\n<!-- \/ Yoast SEO plugin. -->","yoast_head_json":{"title":"Sk\u00e5l i svart med tre forskjellige m\u00f8nstre i hvitt | Tibladin","description":"Sk\u00e5l i svart med hvitt m\u00f8nster. Sk\u00e5len er 13,5 cm h\u00f8y. Perfekt som serveringssk\u00e5l, til frukt eller til frokost.","robots":{"index":"index","follow":"follow","max-snippet":"max-snippet:-1","max-image-preview":"max-image-preview:large","max-video-preview":"max-video-preview:-1"},"canonical":"https:\/\/tibladin.dk\/nb\/produkt\/svart-bolle-med-3-forskjellige-moenstre\/","og_locale":"nb_NO","og_type":"article","og_title":"Sk\u00e5l i sort med tre forskellige m\u00f8nstre i hvid | Tibladin","og_description":"Sk\u00e5l i sort med hvidt m\u00f8nster. Sk\u00e5len er 13,5 cm i h\u00f8jden. Perfekt som serveringssk\u00e5l, til frugt eller til din morgenmad.","og_url":"https:\/\/tibladin.dk\/nb\/produkt\/svart-bolle-med-3-forskjellige-moenstre\/","og_site_name":"Tibladin","article_modified_time":"2025-12-29T11:34:55+00:00","og_image":[{"width":800,"height":800,"url":"https:\/\/tibladin.dk\/wp-content\/uploads\/2022\/09\/Tibladin_marokkansk-skaal-sort-med-hvidt-moenster-1.jpg","type":"image\/jpeg"}],"twitter_card":"summary_large_image","twitter_misc":{"Ansl. lesetid":"2 minutter"},"schema":{"@context":"https:\/\/schema.org","@graph":[{"@type":"WebPage","@id":"https:\/\/tibladin.dk\/produkt\/skaal-sort-3-forskellige-moenstre\/","url":"https:\/\/tibladin.dk\/produkt\/skaal-sort-3-forskellige-moenstre\/","name":"Sk\u00e5l i svart med tre forskjellige m\u00f8nstre i hvitt | Tibladin","isPartOf":{"@id":"https:\/\/tibladin.dk\/#website"},"primaryImageOfPage":{"@id":"https:\/\/tibladin.dk\/produkt\/skaal-sort-3-forskellige-moenstre\/#primaryimage"},"image":{"@id":"https:\/\/tibladin.dk\/produkt\/skaal-sort-3-forskellige-moenstre\/#primaryimage"},"thumbnailUrl":"https:\/\/tibladin.dk\/wp-content\/uploads\/2022\/09\/Tibladin_marokkansk-skaal-sort-med-hvidt-moenster-1.jpg","datePublished":"2022-09-20T09:07:59+00:00","dateModified":"2025-12-29T11:34:55+00:00","description":"Sk\u00e5l i svart med hvitt m\u00f8nster. Sk\u00e5len er 13,5 cm h\u00f8y. Perfekt som serveringssk\u00e5l, til frukt eller til frokost.","breadcrumb":{"@id":"https:\/\/tibladin.dk\/produkt\/skaal-sort-3-forskellige-moenstre\/#breadcrumb"},"inLanguage":"nb-NO","potentialAction":[{"@type":"ReadAction","target":["https:\/\/tibladin.dk\/produkt\/skaal-sort-3-forskellige-moenstre\/"]}]},{"@type":"ImageObject","inLanguage":"nb-NO","@id":"https:\/\/tibladin.dk\/produkt\/skaal-sort-3-forskellige-moenstre\/#primaryimage","url":"https:\/\/tibladin.dk\/wp-content\/uploads\/2022\/09\/Tibladin_marokkansk-skaal-sort-med-hvidt-moenster-1.jpg","contentUrl":"https:\/\/tibladin.dk\/wp-content\/uploads\/2022\/09\/Tibladin_marokkansk-skaal-sort-med-hvidt-moenster-1.jpg","width":800,"height":800,"caption":"Marokkanske h\u00e5ndlavede sk\u00e5le i sort med forskellige hvide m\u00f8nstre"},{"@type":"BreadcrumbList","@id":"https:\/\/tibladin.dk\/produkt\/skaal-sort-3-forskellige-moenstre\/#breadcrumb","itemListElement":[{"@type":"ListItem","position":1,"name":"Hjem","item":"https:\/\/tibladin.dk\/"},{"@type":"ListItem","position":2,"name":"Shop","item":"https:\/\/tibladin.dk\/shop\/"},{"@type":"ListItem","position":3,"name":"Sk\u00e5l sort &#8211; 3 forskellige m\u00f8nstre"}]},{"@type":"WebSite","@id":"https:\/\/tibladin.dk\/#website","url":"https:\/\/tibladin.dk\/","name":"Tibladin","description":"Tibladin","publisher":{"@id":"https:\/\/tibladin.dk\/#organization"},"potentialAction":[{"@type":"SearchAction","target":{"@type":"EntryPoint","urlTemplate":"https:\/\/tibladin.dk\/?s={search_term_string}"},"query-input":{"@type":"PropertyValueSpecification","valueRequired":true,"valueName":"search_term_string"}}],"inLanguage":"nb-NO"},{"@type":"Organization","@id":"https:\/\/tibladin.dk\/#organization","name":"Tibladin","url":"https:\/\/tibladin.dk\/","logo":{"@type":"ImageObject","inLanguage":"nb-NO","@id":"https:\/\/tibladin.dk\/#\/schema\/logo\/image\/","url":"https:\/\/tibladin.dk\/wp-content\/uploads\/2022\/09\/tibladin_logo.svg","contentUrl":"https:\/\/tibladin.dk\/wp-content\/uploads\/2022\/09\/tibladin_logo.svg","caption":"Tibladin"},"image":{"@id":"https:\/\/tibladin.dk\/#\/schema\/logo\/image\/"}}]}},"_links":{"self":[{"href":"https:\/\/tibladin.dk\/nb\/wp-json\/wp\/v2\/product\/1259","targetHints":{"allow":["GET"]}}],"collection":[{"href":"https:\/\/tibladin.dk\/nb\/wp-json\/wp\/v2\/product"}],"about":[{"href":"https:\/\/tibladin.dk\/nb\/wp-json\/wp\/v2\/types\/product"}],"wp:featuredmedia":[{"embeddable":true,"href":"https:\/\/tibladin.dk\/nb\/wp-json\/wp\/v2\/media\/1284"}],"wp:attachment":[{"href":"https:\/\/tibladin.dk\/nb\/wp-json\/wp\/v2\/media?parent=1259"}],"wp:term":[{"taxonomy":"product_brand","embeddable":true,"href":"https:\/\/tibladin.dk\/nb\/wp-json\/wp\/v2\/product_brand?post=1259"},{"taxonomy":"product_cat","embeddable":true,"href":"https:\/\/tibladin.dk\/nb\/wp-json\/wp\/v2\/product_cat?post=1259"},{"taxonomy":"product_tag","embeddable":true,"href":"https:\/\/tibladin.dk\/nb\/wp-json\/wp\/v2\/product_tag?post=1259"}],"curies":[{"name":"wp","href":"https:\/\/api.w.org\/{rel}","templated":true}]}}