{"id":1456,"date":"2022-09-20T11:09:20","date_gmt":"2022-09-20T09:09:20","guid":{"rendered":"https:\/\/tibladin.dk\/vare\/marokkansk-luksus-haandklaede-50x90-cm\/"},"modified":"2026-03-14T11:08:44","modified_gmt":"2026-03-14T10:08:44","slug":"marokkansk-luksurioest-hammamhaandkle-50x90-cm","status":"publish","type":"product","link":"https:\/\/tibladin.dk\/nb\/produkt\/marokkansk-luksus-hammamhaandklaede-50x90-cm\/","title":{"rendered":"Marokkansk luksuri\u00f8st hammamh\u00e5ndkle 50\u00d790 cm"},"content":{"rendered":"<div class=\"wpb-content-wrapper\"><div class=\"vc_row wpb_row vc_row-fluid\"><div class=\"wpb_column vc_column_container vc_col-sm-4\"><div class=\"vc_column-inner\"><div class=\"wpb_wrapper\">\n\t<div class=\"wpb_video_widget wpb_content_element vc_clearfix   vc_video-aspect-ratio-43 vc_video-el-width-100 vc_video-align-left\" >\n\t\t<div class=\"wpb_wrapper\">\n\t\t\t\n\t\t\t<div class=\"wpb_video_wrapper\"><div class=\"video-container\"><iframe loading=\"lazy\" title=\"Kvinnekooperativet i Marrakech\" src=\"https:\/\/player.vimeo.com\/video\/416218536?dnt=1&amp;app_id=122963\" width=\"500\" height=\"281\" frameborder=\"0\" allow=\"autoplay; fullscreen; picture-in-picture\"><\/iframe><\/div><\/div>\n\t\t<\/div>\n\t<\/div>\n<\/div><\/div><\/div><div class=\"wpb_column vc_column_container vc_col-sm-4\"><div class=\"vc_column-inner\"><div class=\"wpb_wrapper\"><h3 style=\"text-align: left\" class=\"vc_custom_heading vc_do_custom_heading\" >Vask av hammamh\u00e5ndkleet ditt<\/h3>\n\t<div class=\"wpb_text_column wpb_content_element\" >\n\t\t<div class=\"wpb_wrapper\">\n\t\t\t<p>H\u00e5ndkleet er laget av 100 % bomull og kan vaskes p\u00e5 60 grader. Det anbefales imidlertid \u00e5 vaske det p\u00e5 <strong>30 grader<\/strong>, ettersom h\u00e5ndkleet er h\u00e5ndvevd og kan endre struktur ved h\u00f8yere temperaturer.<\/p>\n\n\t\t<\/div>\n\t<\/div>\n<\/div><\/div><\/div><div class=\"wpb_column vc_column_container vc_col-sm-4\"><div class=\"vc_column-inner\"><div class=\"wpb_wrapper\"><h3 style=\"text-align: left\" class=\"vc_custom_heading vc_do_custom_heading\" >Historien bak hammamh\u00e5ndkleet<\/h3>\n\t<div class=\"wpb_text_column wpb_content_element\" >\n\t\t<div class=\"wpb_wrapper\">\n\t\t\t<p>H\u00e5ndkle \u2013 50\u00d790 cm. Passer perfekt til hammamh\u00e5ndkl\u00e6r i samme serie.<\/p>\n<p>H\u00e5ndkl\u00e6rne er h\u00e5ndvevd av kvinner i et kvinnekooperativ s\u00f8r i Marrakech.<\/p>\n<p>Kvinnekooperativet sysselsetter 160 kvinner i den lille landsbyen, og bidrar dermed til \u00e5 heve levestandarden til mange familier. Det er opprettet en skole og barnehage for kvinnenes barn, slik at barna kan f\u00e5 utdanning og v\u00e6re i arbeid mens m\u00f8drene jobber.<\/p>\n\n\t\t<\/div>\n\t<\/div>\n<\/div><\/div><\/div><\/div>\n<\/div>","protected":false},"excerpt":{"rendered":"<p class=\"p1\"><span class=\"s1\">Luksuri\u00f8st h\u00e5ndvevd hammamh\u00e5ndkle i 100 % \u00f8kologisk bomull i en vakker lavendelbl\u00e5 farge. Vaffelvevd og striper i hver ende, avsluttet med h\u00e5ndtvunnet blonder.<\/span><\/p>\n<p>Passer perfekt til hammamh\u00e5ndkleet i samme serie. Et helt unikt hammamh\u00e5ndkle, h\u00e5ndvevd av kvinner i et kvinnekooperativ s\u00f8r for Marrakech. Det er et s\u00e5 fint og gjennomf\u00f8rt arbeid.<\/p>\n<p>M\u00e5l: 50\u00d790 cm.<\/p>","protected":false},"featured_media":1451,"template":"","meta":{"inline_featured_image":false},"product_brand":[],"product_cat":[47,35,63,37],"product_tag":[],"class_list":{"0":"post-1456","1":"product","2":"type-product","3":"status-publish","4":"has-post-thumbnail","6":"product_cat-gaven-til-ham","7":"product_cat-gaven-til-hende","8":"product_cat-hammamhaandklaeder","9":"product_cat-tekstiler","11":"first","12":"instock","13":"taxable","14":"shipping-taxable","15":"purchasable","16":"product-type-simple"},"exclude_global_add_ons":false,"addons":[{"name":"\u00d8nsker du gaveinnpakning?","type":"checkbox","position":0,"required":false,"title_format":"label","default":"","description_enable":false,"description":"","placeholder_enable":false,"placeholder":"","display":"images","restrictions_type":"any_text","adjust_price":false,"price":"","price_type":"flat_fee","restrictions":false,"min":"0","max":"0","options":[{"label":"Ja tak","price":"10","price_type":"flat_fee","image":11015,"visibility":true}],"id":1669646111}],"yoast_head":"<!-- This site is optimized with the Yoast SEO plugin v27.5 - https:\/\/yoast.com\/product\/yoast-seo-wordpress\/ -->\n<title>H\u00e5ndv\u00e6vet hammamh\u00e5ndkl\u00e6de i \u00f8kologisk bomuld | Tibladin<\/title>\n<meta name=\"description\" content=\"Smukt lavendelbl\u00e5 hammamh\u00e5ndkl\u00e6de til h\u00e6nderne 50x90 cm. H\u00e5ndv\u00e6vet af \u00f8kologisk bomuld. Vaflet v\u00e6vning og striber i enderne. Har ogs\u00e5 plaider\" \/>\n<meta name=\"robots\" content=\"index, follow, max-snippet:-1, max-image-preview:large, max-video-preview:-1\" \/>\n<link rel=\"canonical\" href=\"https:\/\/tibladin.dk\/nb\/produkt\/marokkansk-luksurioest-hammamhaandkle-50x90-cm\/\" \/>\n<meta property=\"og:locale\" content=\"nb_NO\" \/>\n<meta property=\"og:type\" content=\"article\" \/>\n<meta property=\"og:title\" content=\"H\u00e5ndv\u00e6vet hammamh\u00e5ndkl\u00e6de i \u00f8kologisk bomuld | Tibladin\" \/>\n<meta property=\"og:description\" content=\"Smukt lavendelbl\u00e5 hammamh\u00e5ndkl\u00e6de til h\u00e6nderne 50x90 cm. H\u00e5ndv\u00e6vet af \u00f8kologisk bomuld. Vaflet v\u00e6vning og striber i enderne. Har ogs\u00e5 plaider\" \/>\n<meta property=\"og:url\" content=\"https:\/\/tibladin.dk\/nb\/produkt\/marokkansk-luksurioest-hammamhaandkle-50x90-cm\/\" \/>\n<meta property=\"og:site_name\" content=\"Tibladin\" \/>\n<meta property=\"article:modified_time\" content=\"2026-03-14T10:08:44+00:00\" \/>\n<meta property=\"og:image\" content=\"https:\/\/tibladin.dk\/wp-content\/uploads\/2022\/09\/Tibladin_marokkansk_haandklaede-1.jpg\" \/>\n\t<meta property=\"og:image:width\" content=\"800\" \/>\n\t<meta property=\"og:image:height\" content=\"800\" \/>\n\t<meta property=\"og:image:type\" content=\"image\/jpeg\" \/>\n<meta name=\"twitter:card\" content=\"summary_large_image\" \/>\n<meta name=\"twitter:label1\" content=\"Ansl. lesetid\" \/>\n\t<meta name=\"twitter:data1\" content=\"1 minutt\" \/>\n<script type=\"application\/ld+json\" class=\"yoast-schema-graph\">{\"@context\":\"https:\\\/\\\/schema.org\",\"@graph\":[{\"@type\":\"WebPage\",\"@id\":\"https:\\\/\\\/tibladin.dk\\\/produkt\\\/marokkansk-luksus-hammamhaandklaede-50x90-cm\\\/\",\"url\":\"https:\\\/\\\/tibladin.dk\\\/produkt\\\/marokkansk-luksus-hammamhaandklaede-50x90-cm\\\/\",\"name\":\"H\u00e5ndv\u00e6vet hammamh\u00e5ndkl\u00e6de i \u00f8kologisk bomuld | Tibladin\",\"isPartOf\":{\"@id\":\"https:\\\/\\\/tibladin.dk\\\/#website\"},\"primaryImageOfPage\":{\"@id\":\"https:\\\/\\\/tibladin.dk\\\/produkt\\\/marokkansk-luksus-hammamhaandklaede-50x90-cm\\\/#primaryimage\"},\"image\":{\"@id\":\"https:\\\/\\\/tibladin.dk\\\/produkt\\\/marokkansk-luksus-hammamhaandklaede-50x90-cm\\\/#primaryimage\"},\"thumbnailUrl\":\"https:\\\/\\\/tibladin.dk\\\/wp-content\\\/uploads\\\/2022\\\/09\\\/Tibladin_marokkansk_haandklaede-1.jpg\",\"datePublished\":\"2022-09-20T09:09:20+00:00\",\"dateModified\":\"2026-03-14T10:08:44+00:00\",\"description\":\"Smukt lavendelbl\u00e5 hammamh\u00e5ndkl\u00e6de til h\u00e6nderne 50x90 cm. H\u00e5ndv\u00e6vet af \u00f8kologisk bomuld. Vaflet v\u00e6vning og striber i enderne. Har ogs\u00e5 plaider\",\"breadcrumb\":{\"@id\":\"https:\\\/\\\/tibladin.dk\\\/produkt\\\/marokkansk-luksus-hammamhaandklaede-50x90-cm\\\/#breadcrumb\"},\"inLanguage\":\"nb-NO\",\"potentialAction\":[{\"@type\":\"ReadAction\",\"target\":[\"https:\\\/\\\/tibladin.dk\\\/produkt\\\/marokkansk-luksus-hammamhaandklaede-50x90-cm\\\/\"]}]},{\"@type\":\"ImageObject\",\"inLanguage\":\"nb-NO\",\"@id\":\"https:\\\/\\\/tibladin.dk\\\/produkt\\\/marokkansk-luksus-hammamhaandklaede-50x90-cm\\\/#primaryimage\",\"url\":\"https:\\\/\\\/tibladin.dk\\\/wp-content\\\/uploads\\\/2022\\\/09\\\/Tibladin_marokkansk_haandklaede-1.jpg\",\"contentUrl\":\"https:\\\/\\\/tibladin.dk\\\/wp-content\\\/uploads\\\/2022\\\/09\\\/Tibladin_marokkansk_haandklaede-1.jpg\",\"width\":800,\"height\":800,\"caption\":\"Marokkansk h\u00e5ndv\u00e6vet hammam h\u00e5ndkl\u00e6de i bl\u00e5\"},{\"@type\":\"BreadcrumbList\",\"@id\":\"https:\\\/\\\/tibladin.dk\\\/produkt\\\/marokkansk-luksus-hammamhaandklaede-50x90-cm\\\/#breadcrumb\",\"itemListElement\":[{\"@type\":\"ListItem\",\"position\":1,\"name\":\"Hjem\",\"item\":\"https:\\\/\\\/tibladin.dk\\\/\"},{\"@type\":\"ListItem\",\"position\":2,\"name\":\"Shop\",\"item\":\"https:\\\/\\\/tibladin.dk\\\/shop\\\/\"},{\"@type\":\"ListItem\",\"position\":3,\"name\":\"Marokkansk luksus hammamh\u00e5ndkl\u00e6de 50&#215;90 cm\"}]},{\"@type\":\"WebSite\",\"@id\":\"https:\\\/\\\/tibladin.dk\\\/#website\",\"url\":\"https:\\\/\\\/tibladin.dk\\\/\",\"name\":\"Tibladin\",\"description\":\"Tibladin\",\"publisher\":{\"@id\":\"https:\\\/\\\/tibladin.dk\\\/#organization\"},\"potentialAction\":[{\"@type\":\"SearchAction\",\"target\":{\"@type\":\"EntryPoint\",\"urlTemplate\":\"https:\\\/\\\/tibladin.dk\\\/?s={search_term_string}\"},\"query-input\":{\"@type\":\"PropertyValueSpecification\",\"valueRequired\":true,\"valueName\":\"search_term_string\"}}],\"inLanguage\":\"nb-NO\"},{\"@type\":\"Organization\",\"@id\":\"https:\\\/\\\/tibladin.dk\\\/#organization\",\"name\":\"Tibladin\",\"url\":\"https:\\\/\\\/tibladin.dk\\\/\",\"logo\":{\"@type\":\"ImageObject\",\"inLanguage\":\"nb-NO\",\"@id\":\"https:\\\/\\\/tibladin.dk\\\/#\\\/schema\\\/logo\\\/image\\\/\",\"url\":\"https:\\\/\\\/tibladin.dk\\\/wp-content\\\/uploads\\\/2022\\\/09\\\/tibladin_logo.svg\",\"contentUrl\":\"https:\\\/\\\/tibladin.dk\\\/wp-content\\\/uploads\\\/2022\\\/09\\\/tibladin_logo.svg\",\"caption\":\"Tibladin\"},\"image\":{\"@id\":\"https:\\\/\\\/tibladin.dk\\\/#\\\/schema\\\/logo\\\/image\\\/\"}}]}<\/script>\n<!-- \/ Yoast SEO plugin. -->","yoast_head_json":{"title":"H\u00e5ndvevd hammamh\u00e5ndkle i \u00f8kologisk bomull | Tibladin","description":"Vakkert lavendelbl\u00e5tt hammamh\u00e5ndkle til hendene 50x90 cm. H\u00e5ndvevd av \u00f8kologisk bomull. Vaffelvevd og striper i endene. Har ogs\u00e5 ruter.","robots":{"index":"index","follow":"follow","max-snippet":"max-snippet:-1","max-image-preview":"max-image-preview:large","max-video-preview":"max-video-preview:-1"},"canonical":"https:\/\/tibladin.dk\/nb\/produkt\/marokkansk-luksurioest-hammamhaandkle-50x90-cm\/","og_locale":"nb_NO","og_type":"article","og_title":"H\u00e5ndv\u00e6vet hammamh\u00e5ndkl\u00e6de i \u00f8kologisk bomuld | Tibladin","og_description":"Smukt lavendelbl\u00e5 hammamh\u00e5ndkl\u00e6de til h\u00e6nderne 50x90 cm. H\u00e5ndv\u00e6vet af \u00f8kologisk bomuld. Vaflet v\u00e6vning og striber i enderne. Har ogs\u00e5 plaider","og_url":"https:\/\/tibladin.dk\/nb\/produkt\/marokkansk-luksurioest-hammamhaandkle-50x90-cm\/","og_site_name":"Tibladin","article_modified_time":"2026-03-14T10:08:44+00:00","og_image":[{"width":800,"height":800,"url":"https:\/\/tibladin.dk\/wp-content\/uploads\/2022\/09\/Tibladin_marokkansk_haandklaede-1.jpg","type":"image\/jpeg"}],"twitter_card":"summary_large_image","twitter_misc":{"Ansl. lesetid":"1 minutt"},"schema":{"@context":"https:\/\/schema.org","@graph":[{"@type":"WebPage","@id":"https:\/\/tibladin.dk\/produkt\/marokkansk-luksus-hammamhaandklaede-50x90-cm\/","url":"https:\/\/tibladin.dk\/produkt\/marokkansk-luksus-hammamhaandklaede-50x90-cm\/","name":"H\u00e5ndvevd hammamh\u00e5ndkle i \u00f8kologisk bomull | Tibladin","isPartOf":{"@id":"https:\/\/tibladin.dk\/#website"},"primaryImageOfPage":{"@id":"https:\/\/tibladin.dk\/produkt\/marokkansk-luksus-hammamhaandklaede-50x90-cm\/#primaryimage"},"image":{"@id":"https:\/\/tibladin.dk\/produkt\/marokkansk-luksus-hammamhaandklaede-50x90-cm\/#primaryimage"},"thumbnailUrl":"https:\/\/tibladin.dk\/wp-content\/uploads\/2022\/09\/Tibladin_marokkansk_haandklaede-1.jpg","datePublished":"2022-09-20T09:09:20+00:00","dateModified":"2026-03-14T10:08:44+00:00","description":"Vakkert lavendelbl\u00e5tt hammamh\u00e5ndkle til hendene 50x90 cm. H\u00e5ndvevd av \u00f8kologisk bomull. Vaffelvevd og striper i endene. Har ogs\u00e5 ruter.","breadcrumb":{"@id":"https:\/\/tibladin.dk\/produkt\/marokkansk-luksus-hammamhaandklaede-50x90-cm\/#breadcrumb"},"inLanguage":"nb-NO","potentialAction":[{"@type":"ReadAction","target":["https:\/\/tibladin.dk\/produkt\/marokkansk-luksus-hammamhaandklaede-50x90-cm\/"]}]},{"@type":"ImageObject","inLanguage":"nb-NO","@id":"https:\/\/tibladin.dk\/produkt\/marokkansk-luksus-hammamhaandklaede-50x90-cm\/#primaryimage","url":"https:\/\/tibladin.dk\/wp-content\/uploads\/2022\/09\/Tibladin_marokkansk_haandklaede-1.jpg","contentUrl":"https:\/\/tibladin.dk\/wp-content\/uploads\/2022\/09\/Tibladin_marokkansk_haandklaede-1.jpg","width":800,"height":800,"caption":"Marokkansk h\u00e5ndv\u00e6vet hammam h\u00e5ndkl\u00e6de i bl\u00e5"},{"@type":"BreadcrumbList","@id":"https:\/\/tibladin.dk\/produkt\/marokkansk-luksus-hammamhaandklaede-50x90-cm\/#breadcrumb","itemListElement":[{"@type":"ListItem","position":1,"name":"Hjem","item":"https:\/\/tibladin.dk\/"},{"@type":"ListItem","position":2,"name":"Shop","item":"https:\/\/tibladin.dk\/shop\/"},{"@type":"ListItem","position":3,"name":"Marokkansk luksus hammamh\u00e5ndkl\u00e6de 50&#215;90 cm"}]},{"@type":"WebSite","@id":"https:\/\/tibladin.dk\/#website","url":"https:\/\/tibladin.dk\/","name":"Tibladin","description":"Tibladin","publisher":{"@id":"https:\/\/tibladin.dk\/#organization"},"potentialAction":[{"@type":"SearchAction","target":{"@type":"EntryPoint","urlTemplate":"https:\/\/tibladin.dk\/?s={search_term_string}"},"query-input":{"@type":"PropertyValueSpecification","valueRequired":true,"valueName":"search_term_string"}}],"inLanguage":"nb-NO"},{"@type":"Organization","@id":"https:\/\/tibladin.dk\/#organization","name":"Tibladin","url":"https:\/\/tibladin.dk\/","logo":{"@type":"ImageObject","inLanguage":"nb-NO","@id":"https:\/\/tibladin.dk\/#\/schema\/logo\/image\/","url":"https:\/\/tibladin.dk\/wp-content\/uploads\/2022\/09\/tibladin_logo.svg","contentUrl":"https:\/\/tibladin.dk\/wp-content\/uploads\/2022\/09\/tibladin_logo.svg","caption":"Tibladin"},"image":{"@id":"https:\/\/tibladin.dk\/#\/schema\/logo\/image\/"}}]}},"_links":{"self":[{"href":"https:\/\/tibladin.dk\/nb\/wp-json\/wp\/v2\/product\/1456","targetHints":{"allow":["GET"]}}],"collection":[{"href":"https:\/\/tibladin.dk\/nb\/wp-json\/wp\/v2\/product"}],"about":[{"href":"https:\/\/tibladin.dk\/nb\/wp-json\/wp\/v2\/types\/product"}],"wp:featuredmedia":[{"embeddable":true,"href":"https:\/\/tibladin.dk\/nb\/wp-json\/wp\/v2\/media\/1451"}],"wp:attachment":[{"href":"https:\/\/tibladin.dk\/nb\/wp-json\/wp\/v2\/media?parent=1456"}],"wp:term":[{"taxonomy":"product_brand","embeddable":true,"href":"https:\/\/tibladin.dk\/nb\/wp-json\/wp\/v2\/product_brand?post=1456"},{"taxonomy":"product_cat","embeddable":true,"href":"https:\/\/tibladin.dk\/nb\/wp-json\/wp\/v2\/product_cat?post=1456"},{"taxonomy":"product_tag","embeddable":true,"href":"https:\/\/tibladin.dk\/nb\/wp-json\/wp\/v2\/product_tag?post=1456"}],"curies":[{"name":"wp","href":"https:\/\/api.w.org\/{rel}","templated":true}]}}