{"id":1459,"date":"2022-09-20T11:09:21","date_gmt":"2022-09-20T09:09:21","guid":{"rendered":"https:\/\/tibladin.dk\/vare\/bog-marrakech-smag-steder-og-stemning\/"},"modified":"2025-06-04T11:16:00","modified_gmt":"2025-06-04T09:16:00","slug":"bestill-smakssteder-og-atmosfaere-i-marrakech","status":"publish","type":"product","link":"https:\/\/tibladin.dk\/nb\/produkt\/bog-marrakech-smag-steder-og-stemning\/","title":{"rendered":"Bok: Marrakech \u2013 smak, steder og atmosf\u00e6re"},"content":{"rendered":"<div class=\"wpb-content-wrapper\"><div class=\"vc_row wpb_row vc_row-fluid\"><div class=\"wpb_column vc_column_container vc_col-sm-4\"><div class=\"vc_column-inner\"><div class=\"wpb_wrapper\"><\/div><\/div><\/div><div class=\"wpb_column vc_column_container vc_col-sm-4\"><div class=\"vc_column-inner\"><div class=\"wpb_wrapper\"><h3 style=\"text-align: left\" class=\"vc_custom_heading vc_do_custom_heading\" >Om forfatteren<\/h3>\n\t<div class=\"wpb_text_column wpb_content_element\" >\n\t\t<div class=\"wpb_wrapper\">\n\t\t\t<p>Maria Wittendorff er exam.art. i arabisk og har lenge v\u00e6rt forfatter og redakt\u00f8r av magasiner og b\u00f8ker. Hun har reist i Nord-Afrika i 30 \u00e5r og drives av m\u00f8tet mellom kulturer, forst\u00e5elsen av historiens sykluser og nysgjerrigheten til \u00e5 utfordre og utvide sin egen konseptuelle verden.<\/p>\n\n\t\t<\/div>\n\t<\/div>\n<\/div><\/div><\/div><div class=\"wpb_column vc_column_container vc_col-sm-4\"><div class=\"vc_column-inner\"><div class=\"wpb_wrapper\"><h3 style=\"text-align: left\" class=\"vc_custom_heading vc_do_custom_heading\" >Historien bak<\/h3>\n\t<div class=\"wpb_text_column wpb_content_element\" >\n\t\t<div class=\"wpb_wrapper\">\n\t\t\t<p>Magiske Marrakech \u2013 den r\u00f8de byen ved foten av de sn\u00f8dekte Atlasfjellene \u2013 har tiltrukket seg kunstnere, bohemer, eventyrere og livsnytere i \u00e5rhundrer. Ingen annen by er lik den. P\u00e5 samme tid g\u00e5tefull og eksotisk, forf\u00f8rende og fargerik, og som en gammel venn \u2013 vennlig, gjestfri og \u00e5penhjertig.<span class=\"Apple-converted-space\">\u00a0<\/span><\/p>\n<p>Omgitt av 1000 \u00e5r med dramatisk historie, tilbyr byen flere opplevelser enn du kan dr\u00f8mme om \u2013 utallige historiske og kulturelle attraksjoner, en rik og raffinert matkultur, de vakreste dekorasjoner og m\u00f8bler og alt livet som utfolder seg i gater og smug og fremfor alt p\u00e5 den unike plassen Jamaa el-Fna.<span class=\"Apple-converted-space\">\u00a0<\/span><\/p>\n<p>Boken tar deg med p\u00e5 en reise gjennom Marrakech til 15 spennende attraksjoner og 25 fantastiske restauranter i nabolagene rundt dem. I tillegg finnes det deilige og autentiske oppskrifter fra byen som kan bringe duftene og smakene fra Marokko hjem til kj\u00f8kkenet ditt.<\/p>\n<p><i>225 sider, innbundet, 215 x 280 mm.<\/i><\/p>\n\n\t\t<\/div>\n\t<\/div>\n<\/div><\/div><\/div><\/div>\n<\/div>","protected":false},"excerpt":{"rendered":"<p>Boken av Maria Wittendorff tar deg med p\u00e5 en reise gjennom Marrakech til 15 spennende severdigheter og 25 fantastiske restauranter i nabolagene rundt dem. I tillegg finnes det deilige og autentiske oppskrifter fra byen som kan bringe duftene og smakene fra Marokko hjem til kj\u00f8kkenet ditt.<\/p>\n<p>225 sider med deilig inspirasjon i innbundet versjon. Boken er p\u00e5 dansk<\/p>\n<p>&nbsp;<\/p>","protected":false},"featured_media":1457,"template":"","meta":{"inline_featured_image":false},"product_brand":[],"product_cat":[27,47,35,93],"product_tag":[],"class_list":{"0":"post-1459","1":"product","2":"type-product","3":"status-publish","4":"has-post-thumbnail","6":"product_cat-diverse","7":"product_cat-gaven-til-ham","8":"product_cat-gaven-til-hende","9":"product_cat-marrakech-guide-boeger","11":"first","12":"instock","13":"taxable","14":"shipping-taxable","15":"purchasable","16":"product-type-simple"},"exclude_global_add_ons":false,"addons":[{"name":"\u00d8nsker du gaveinnpakning?","type":"checkbox","position":0,"required":false,"title_format":"label","default":"","description_enable":false,"description":"","placeholder_enable":false,"placeholder":"","display":"images","restrictions_type":"any_text","adjust_price":false,"price":"","price_type":"flat_fee","restrictions":false,"min":"0","max":"0","options":[{"label":"Ja tak","price":"10","price_type":"flat_fee","image":11015,"visibility":true}],"id":1669646111}],"yoast_head":"<!-- This site is optimized with the Yoast SEO plugin v27.5 - https:\/\/yoast.com\/product\/yoast-seo-wordpress\/ -->\n<title>Marrakech Smag, steder og stemninger af Maria Wittendorff - Tibladin<\/title>\n<meta name=\"description\" content=\"Bogen tager dig med p\u00e5 en tur igennem Marrakech til 15 sp\u00e6ndende sev\u00e6rdigheder og til 25 sk\u00f8nne spisesteder.\" \/>\n<meta name=\"robots\" content=\"index, follow, max-snippet:-1, max-image-preview:large, max-video-preview:-1\" \/>\n<link rel=\"canonical\" href=\"https:\/\/tibladin.dk\/nb\/produkt\/bestill-smakssteder-og-atmosfaere-i-marrakech\/\" \/>\n<meta property=\"og:locale\" content=\"nb_NO\" \/>\n<meta property=\"og:type\" content=\"article\" \/>\n<meta property=\"og:title\" content=\"Marrakech Smag, steder og stemninger af Maria Wittendorff - Tibladin\" \/>\n<meta property=\"og:description\" content=\"Bogen tager dig med p\u00e5 en tur igennem Marrakech til 15 sp\u00e6ndende sev\u00e6rdigheder og til 25 sk\u00f8nne spisesteder.\" \/>\n<meta property=\"og:url\" content=\"https:\/\/tibladin.dk\/nb\/produkt\/bestill-smakssteder-og-atmosfaere-i-marrakech\/\" \/>\n<meta property=\"og:site_name\" content=\"Tibladin\" \/>\n<meta property=\"article:modified_time\" content=\"2025-06-04T09:16:00+00:00\" \/>\n<meta property=\"og:image\" content=\"https:\/\/tibladin.dk\/wp-content\/uploads\/2022\/09\/Tibladin_Marrakech_smag-steder-og-stemninger-1.jpg\" \/>\n\t<meta property=\"og:image:width\" content=\"800\" \/>\n\t<meta property=\"og:image:height\" content=\"800\" \/>\n\t<meta property=\"og:image:type\" content=\"image\/jpeg\" \/>\n<meta name=\"twitter:card\" content=\"summary_large_image\" \/>\n<meta name=\"twitter:label1\" content=\"Ansl. lesetid\" \/>\n\t<meta name=\"twitter:data1\" content=\"2 minutter\" \/>\n<script type=\"application\/ld+json\" class=\"yoast-schema-graph\">{\"@context\":\"https:\\\/\\\/schema.org\",\"@graph\":[{\"@type\":\"WebPage\",\"@id\":\"https:\\\/\\\/tibladin.dk\\\/produkt\\\/bog-marrakech-smag-steder-og-stemning\\\/\",\"url\":\"https:\\\/\\\/tibladin.dk\\\/produkt\\\/bog-marrakech-smag-steder-og-stemning\\\/\",\"name\":\"Marrakech Smag, steder og stemninger af Maria Wittendorff - Tibladin\",\"isPartOf\":{\"@id\":\"https:\\\/\\\/tibladin.dk\\\/#website\"},\"primaryImageOfPage\":{\"@id\":\"https:\\\/\\\/tibladin.dk\\\/produkt\\\/bog-marrakech-smag-steder-og-stemning\\\/#primaryimage\"},\"image\":{\"@id\":\"https:\\\/\\\/tibladin.dk\\\/produkt\\\/bog-marrakech-smag-steder-og-stemning\\\/#primaryimage\"},\"thumbnailUrl\":\"https:\\\/\\\/tibladin.dk\\\/wp-content\\\/uploads\\\/2022\\\/09\\\/Tibladin_Marrakech_smag-steder-og-stemninger-1.jpg\",\"datePublished\":\"2022-09-20T09:09:21+00:00\",\"dateModified\":\"2025-06-04T09:16:00+00:00\",\"description\":\"Bogen tager dig med p\u00e5 en tur igennem Marrakech til 15 sp\u00e6ndende sev\u00e6rdigheder og til 25 sk\u00f8nne spisesteder.\",\"breadcrumb\":{\"@id\":\"https:\\\/\\\/tibladin.dk\\\/produkt\\\/bog-marrakech-smag-steder-og-stemning\\\/#breadcrumb\"},\"inLanguage\":\"nb-NO\",\"potentialAction\":[{\"@type\":\"ReadAction\",\"target\":[\"https:\\\/\\\/tibladin.dk\\\/produkt\\\/bog-marrakech-smag-steder-og-stemning\\\/\"]}]},{\"@type\":\"ImageObject\",\"inLanguage\":\"nb-NO\",\"@id\":\"https:\\\/\\\/tibladin.dk\\\/produkt\\\/bog-marrakech-smag-steder-og-stemning\\\/#primaryimage\",\"url\":\"https:\\\/\\\/tibladin.dk\\\/wp-content\\\/uploads\\\/2022\\\/09\\\/Tibladin_Marrakech_smag-steder-og-stemninger-1.jpg\",\"contentUrl\":\"https:\\\/\\\/tibladin.dk\\\/wp-content\\\/uploads\\\/2022\\\/09\\\/Tibladin_Marrakech_smag-steder-og-stemninger-1.jpg\",\"width\":800,\"height\":800,\"caption\":\"Marrakech. Smag, steder og stemning bog\"},{\"@type\":\"BreadcrumbList\",\"@id\":\"https:\\\/\\\/tibladin.dk\\\/produkt\\\/bog-marrakech-smag-steder-og-stemning\\\/#breadcrumb\",\"itemListElement\":[{\"@type\":\"ListItem\",\"position\":1,\"name\":\"Hjem\",\"item\":\"https:\\\/\\\/tibladin.dk\\\/\"},{\"@type\":\"ListItem\",\"position\":2,\"name\":\"Shop\",\"item\":\"https:\\\/\\\/tibladin.dk\\\/shop\\\/\"},{\"@type\":\"ListItem\",\"position\":3,\"name\":\"Bog: Marrakech &#8211; smag, steder og stemning\"}]},{\"@type\":\"WebSite\",\"@id\":\"https:\\\/\\\/tibladin.dk\\\/#website\",\"url\":\"https:\\\/\\\/tibladin.dk\\\/\",\"name\":\"Tibladin\",\"description\":\"Tibladin\",\"publisher\":{\"@id\":\"https:\\\/\\\/tibladin.dk\\\/#organization\"},\"potentialAction\":[{\"@type\":\"SearchAction\",\"target\":{\"@type\":\"EntryPoint\",\"urlTemplate\":\"https:\\\/\\\/tibladin.dk\\\/?s={search_term_string}\"},\"query-input\":{\"@type\":\"PropertyValueSpecification\",\"valueRequired\":true,\"valueName\":\"search_term_string\"}}],\"inLanguage\":\"nb-NO\"},{\"@type\":\"Organization\",\"@id\":\"https:\\\/\\\/tibladin.dk\\\/#organization\",\"name\":\"Tibladin\",\"url\":\"https:\\\/\\\/tibladin.dk\\\/\",\"logo\":{\"@type\":\"ImageObject\",\"inLanguage\":\"nb-NO\",\"@id\":\"https:\\\/\\\/tibladin.dk\\\/#\\\/schema\\\/logo\\\/image\\\/\",\"url\":\"https:\\\/\\\/tibladin.dk\\\/wp-content\\\/uploads\\\/2022\\\/09\\\/tibladin_logo.svg\",\"contentUrl\":\"https:\\\/\\\/tibladin.dk\\\/wp-content\\\/uploads\\\/2022\\\/09\\\/tibladin_logo.svg\",\"caption\":\"Tibladin\"},\"image\":{\"@id\":\"https:\\\/\\\/tibladin.dk\\\/#\\\/schema\\\/logo\\\/image\\\/\"}}]}<\/script>\n<!-- \/ Yoast SEO plugin. -->","yoast_head_json":{"title":"Marrakech smaker, steder og stemninger av Maria Wittendorff - Tibladin","description":"Boken tar deg med p\u00e5 en reise gjennom Marrakech til 15 spennende attraksjoner og 25 fantastiske spisesteder.","robots":{"index":"index","follow":"follow","max-snippet":"max-snippet:-1","max-image-preview":"max-image-preview:large","max-video-preview":"max-video-preview:-1"},"canonical":"https:\/\/tibladin.dk\/nb\/produkt\/bestill-smakssteder-og-atmosfaere-i-marrakech\/","og_locale":"nb_NO","og_type":"article","og_title":"Marrakech Smag, steder og stemninger af Maria Wittendorff - Tibladin","og_description":"Bogen tager dig med p\u00e5 en tur igennem Marrakech til 15 sp\u00e6ndende sev\u00e6rdigheder og til 25 sk\u00f8nne spisesteder.","og_url":"https:\/\/tibladin.dk\/nb\/produkt\/bestill-smakssteder-og-atmosfaere-i-marrakech\/","og_site_name":"Tibladin","article_modified_time":"2025-06-04T09:16:00+00:00","og_image":[{"width":800,"height":800,"url":"https:\/\/tibladin.dk\/wp-content\/uploads\/2022\/09\/Tibladin_Marrakech_smag-steder-og-stemninger-1.jpg","type":"image\/jpeg"}],"twitter_card":"summary_large_image","twitter_misc":{"Ansl. lesetid":"2 minutter"},"schema":{"@context":"https:\/\/schema.org","@graph":[{"@type":"WebPage","@id":"https:\/\/tibladin.dk\/produkt\/bog-marrakech-smag-steder-og-stemning\/","url":"https:\/\/tibladin.dk\/produkt\/bog-marrakech-smag-steder-og-stemning\/","name":"Marrakech smaker, steder og stemninger av Maria Wittendorff - Tibladin","isPartOf":{"@id":"https:\/\/tibladin.dk\/#website"},"primaryImageOfPage":{"@id":"https:\/\/tibladin.dk\/produkt\/bog-marrakech-smag-steder-og-stemning\/#primaryimage"},"image":{"@id":"https:\/\/tibladin.dk\/produkt\/bog-marrakech-smag-steder-og-stemning\/#primaryimage"},"thumbnailUrl":"https:\/\/tibladin.dk\/wp-content\/uploads\/2022\/09\/Tibladin_Marrakech_smag-steder-og-stemninger-1.jpg","datePublished":"2022-09-20T09:09:21+00:00","dateModified":"2025-06-04T09:16:00+00:00","description":"Boken tar deg med p\u00e5 en reise gjennom Marrakech til 15 spennende attraksjoner og 25 fantastiske spisesteder.","breadcrumb":{"@id":"https:\/\/tibladin.dk\/produkt\/bog-marrakech-smag-steder-og-stemning\/#breadcrumb"},"inLanguage":"nb-NO","potentialAction":[{"@type":"ReadAction","target":["https:\/\/tibladin.dk\/produkt\/bog-marrakech-smag-steder-og-stemning\/"]}]},{"@type":"ImageObject","inLanguage":"nb-NO","@id":"https:\/\/tibladin.dk\/produkt\/bog-marrakech-smag-steder-og-stemning\/#primaryimage","url":"https:\/\/tibladin.dk\/wp-content\/uploads\/2022\/09\/Tibladin_Marrakech_smag-steder-og-stemninger-1.jpg","contentUrl":"https:\/\/tibladin.dk\/wp-content\/uploads\/2022\/09\/Tibladin_Marrakech_smag-steder-og-stemninger-1.jpg","width":800,"height":800,"caption":"Marrakech. Smag, steder og stemning bog"},{"@type":"BreadcrumbList","@id":"https:\/\/tibladin.dk\/produkt\/bog-marrakech-smag-steder-og-stemning\/#breadcrumb","itemListElement":[{"@type":"ListItem","position":1,"name":"Hjem","item":"https:\/\/tibladin.dk\/"},{"@type":"ListItem","position":2,"name":"Shop","item":"https:\/\/tibladin.dk\/shop\/"},{"@type":"ListItem","position":3,"name":"Bog: Marrakech &#8211; smag, steder og stemning"}]},{"@type":"WebSite","@id":"https:\/\/tibladin.dk\/#website","url":"https:\/\/tibladin.dk\/","name":"Tibladin","description":"Tibladin","publisher":{"@id":"https:\/\/tibladin.dk\/#organization"},"potentialAction":[{"@type":"SearchAction","target":{"@type":"EntryPoint","urlTemplate":"https:\/\/tibladin.dk\/?s={search_term_string}"},"query-input":{"@type":"PropertyValueSpecification","valueRequired":true,"valueName":"search_term_string"}}],"inLanguage":"nb-NO"},{"@type":"Organization","@id":"https:\/\/tibladin.dk\/#organization","name":"Tibladin","url":"https:\/\/tibladin.dk\/","logo":{"@type":"ImageObject","inLanguage":"nb-NO","@id":"https:\/\/tibladin.dk\/#\/schema\/logo\/image\/","url":"https:\/\/tibladin.dk\/wp-content\/uploads\/2022\/09\/tibladin_logo.svg","contentUrl":"https:\/\/tibladin.dk\/wp-content\/uploads\/2022\/09\/tibladin_logo.svg","caption":"Tibladin"},"image":{"@id":"https:\/\/tibladin.dk\/#\/schema\/logo\/image\/"}}]}},"_links":{"self":[{"href":"https:\/\/tibladin.dk\/nb\/wp-json\/wp\/v2\/product\/1459","targetHints":{"allow":["GET"]}}],"collection":[{"href":"https:\/\/tibladin.dk\/nb\/wp-json\/wp\/v2\/product"}],"about":[{"href":"https:\/\/tibladin.dk\/nb\/wp-json\/wp\/v2\/types\/product"}],"wp:featuredmedia":[{"embeddable":true,"href":"https:\/\/tibladin.dk\/nb\/wp-json\/wp\/v2\/media\/1457"}],"wp:attachment":[{"href":"https:\/\/tibladin.dk\/nb\/wp-json\/wp\/v2\/media?parent=1459"}],"wp:term":[{"taxonomy":"product_brand","embeddable":true,"href":"https:\/\/tibladin.dk\/nb\/wp-json\/wp\/v2\/product_brand?post=1459"},{"taxonomy":"product_cat","embeddable":true,"href":"https:\/\/tibladin.dk\/nb\/wp-json\/wp\/v2\/product_cat?post=1459"},{"taxonomy":"product_tag","embeddable":true,"href":"https:\/\/tibladin.dk\/nb\/wp-json\/wp\/v2\/product_tag?post=1459"}],"curies":[{"name":"wp","href":"https:\/\/api.w.org\/{rel}","templated":true}]}}