{"id":1464,"date":"2025-06-14T11:09:23","date_gmt":"2025-06-14T09:09:23","guid":{"rendered":"https:\/\/tibladin.dk\/vare\/bog-din-guide-til-marrakech\/"},"modified":"2026-04-24T14:14:55","modified_gmt":"2026-04-24T12:14:55","slug":"bog-din-guide-til-marrakech","status":"publish","type":"product","link":"https:\/\/tibladin.dk\/nb\/produkt\/bog-din-guide-til-marrakech\/","title":{"rendered":"Bok: Din guide til Marrakech"},"content":{"rendered":"<div class=\"wpb-content-wrapper\"><div class=\"vc_row wpb_row vc_row-fluid\"><div class=\"wpb_column vc_column_container vc_col-sm-4\"><div class=\"vc_column-inner\"><div class=\"wpb_wrapper\"><\/div><\/div><\/div><div class=\"wpb_column vc_column_container vc_col-sm-4\"><div class=\"vc_column-inner\"><div class=\"wpb_wrapper\"><h3 style=\"text-align: left\" class=\"vc_custom_heading vc_do_custom_heading\" >Om forfatteren<\/h3>\n\t<div class=\"wpb_text_column wpb_content_element\" >\n\t\t<div class=\"wpb_wrapper\">\n\t\t\t<p>Maria Wittendorff er exam.art. i arabisk og har lenge v\u00e6rt forfatter og redakt\u00f8r av magasiner og b\u00f8ker. Hun har reist i Nord-Afrika i 30 \u00e5r og drives av m\u00f8tet mellom kulturer, forst\u00e5elsen av historiens sykluser og nysgjerrigheten til \u00e5 utfordre og utvide sin egen konseptuelle verden.<\/p>\n\n\t\t<\/div>\n\t<\/div>\n<\/div><\/div><\/div><div class=\"wpb_column vc_column_container vc_col-sm-4\"><div class=\"vc_column-inner\"><div class=\"wpb_wrapper\"><h3 style=\"text-align: left\" class=\"vc_custom_heading vc_do_custom_heading\" >Historien bak<\/h3>\n\t<div class=\"wpb_text_column wpb_content_element\" >\n\t\t<div class=\"wpb_wrapper\">\n\t\t\t<p><span class=\"Apple-converted-space\">\u00a0<\/span>Marrakech er et av de mest popul\u00e6re reisem\u00e5lene gjennom tidene \u2013 hver dag hele \u00e5ret ankommer hundrevis av turister fra hele verden til den \u201dr\u00f8de byen\u201d ved foten av Atlasfjellene, og danskene er mer enn godt representert. Interessen for Marrakech har opplevd en enorm oppsving de siste fem \u00e5rene, og trenden ser ut til \u00e5 fortsette.<span class=\"Apple-converted-space\">\u00a0<\/span><\/p>\n<p>Det er ikke rart, for denne byen har rett og slett alt: utallige historiske og kulturelle attraksjoner, en rik og raffinert matkultur, vakkert utformet h\u00e5ndverk, sublime dekorative detaljer og en helt unik atmosf\u00e6re i byens sm\u00e5, smale gater og smug \u2013 bare for \u00e5 nevne noe av det som kan oppleves her.<span class=\"Apple-converted-space\">\u00a0<\/span><\/p>\n<p>I november 2017 ble forfatterens f\u00f8rste bok om Marrakech utgitt med stor suksess: Marrakech \u2013 smak, steder og atmosf\u00e6re. Etter \u00e5 ha f\u00e5tt vite at mange reisende, til tross for bokens st\u00f8rrelse, har tatt den med seg til Marrakech og brukt den som guide, m\u00f8tte hun dette behovet ved \u00e5 skrive en ny utgave i et mer praktisk format, som gj\u00f8r den enklere \u00e5 ta med seg p\u00e5 reisen. Dette har ogs\u00e5 gitt henne muligheten til \u00e5 utvide innholdet betraktelig, slik at boken n\u00e5 er det n\u00e6rmeste man kan komme en komplett guide til Marrakech \u2013 personlig opplevd og fortalt med empati. Den f\u00f8rste i sitt slag p\u00e5 dansk \u2013 og ogs\u00e5 p\u00e5 andre spr\u00e5k.<span class=\"Apple-converted-space\">\u00a0<\/span><\/p>\n<p>Bokemner 225 sider med masse fakta og gode tips: Historie og kultur \u2022 Severdigheter og museer \u2022 Kafeer og restauranter \u2022 Riader og arkitektur \u2022 Parker \u2022 Kultursentre og gallerier \u2022 Hammam \u2022 H\u00e5ndverk og shopping \u2022 Souker og markeder \u2022 Praktisk informasjon<span class=\"Apple-converted-space\">\u00a0<\/span><\/p>\n\n\t\t<\/div>\n\t<\/div>\n<\/div><\/div><\/div><\/div>\n<\/div>","protected":false},"excerpt":{"rendered":"<p>N\u00e5 er endelig den andre utgaven av den popul\u00e6re \u201cDin guide til Marrakech\u201d av Marie Wittendorff utgitt med oppdateringer p\u00e5 hver side og tillegg av en mengde ny informasjon og ikke minst en dobling av nye spisesteder.<\/p>\n<p data-start=\"101\" data-end=\"415\"><strong data-start=\"101\" data-end=\"141\">Din guide til Marrakech \u2013 2. utgave<\/strong> er n\u00f8kkelen til eventyret i en av verdens mest sensuelle og fargerike byer. Guiden er fullpakket med oppdaterte innsidetips, h\u00e5ndplukkede anbefalinger for restauranter, hoteller, markeder og skjulte oaser \u2013 alt kuratert med kj\u00e6rlighet til byens estetikk og atmosf\u00e6re.<\/p>\n<p data-start=\"417\" data-end=\"633\">Med vakre bilder, kart og personlige anbefalinger hjelper boken deg med \u00e5 oppleve Marrakech som en lokal \u2013 enten du dr\u00f8mmer om stillhet i en riad, matopplevelser i souken eller moderne design i det nye nabolaget.<\/p>\n<p data-start=\"635\" data-end=\"730\"><strong data-start=\"635\" data-end=\"730\">Perfekt for b\u00e5de f\u00f8rstegangsreisende og Marrakesh-elskere som \u00f8nsker \u00e5 dykke dypere bak fasaden.<\/strong><\/p>\n<p>Boken er i et hendig format, noe som gj\u00f8r den enklere \u00e5 ta med seg p\u00e5 reisen. Boken er det n\u00e6rmeste du kommer en komplett guide til Marrakech \u2013 personlig opplevd og fortalt med empati. Her hos Tibladin gir vi denne guiden v\u00e5re varmeste anbefalinger.<\/p>\n<p>&nbsp;<\/p>","protected":false},"featured_media":37022,"template":"","meta":{"inline_featured_image":false},"product_brand":[],"product_cat":[27,47,35,93],"product_tag":[],"class_list":{"0":"post-1464","1":"product","2":"type-product","3":"status-publish","4":"has-post-thumbnail","6":"product_cat-diverse","7":"product_cat-gaven-til-ham","8":"product_cat-gaven-til-hende","9":"product_cat-marrakech-guide-boeger","11":"first","12":"instock","13":"taxable","14":"shipping-taxable","15":"purchasable","16":"product-type-simple"},"exclude_global_add_ons":false,"addons":[{"name":"\u00d8nsker du gaveinnpakning?","type":"checkbox","position":0,"required":false,"title_format":"label","default":"","description_enable":false,"description":"","placeholder_enable":false,"placeholder":"","display":"images","restrictions_type":"any_text","adjust_price":false,"price":"","price_type":"flat_fee","restrictions":false,"min":"0","max":"0","options":[{"label":"Ja tak","price":"10","price_type":"flat_fee","image":11015,"visibility":true}],"id":1669646111}],"yoast_head":"<!-- This site is optimized with the Yoast SEO plugin v27.5 - https:\/\/yoast.com\/product\/yoast-seo-wordpress\/ -->\n<title>Din guide til Marrakech af Maria Witendorff<\/title>\n<meta name=\"description\" content=\"Bogen er det t\u00e6tteste, man kommer p\u00e5 en komplet guide til Marrakech \u2013 personligt oplevet og indlevende fortalt. Du finder du ikke en bedre guide.\" \/>\n<meta name=\"robots\" content=\"index, follow, max-snippet:-1, max-image-preview:large, max-video-preview:-1\" \/>\n<link rel=\"canonical\" href=\"https:\/\/tibladin.dk\/nb\/produkt\/bog-din-guide-til-marrakech\/\" \/>\n<meta property=\"og:locale\" content=\"nb_NO\" \/>\n<meta property=\"og:type\" content=\"article\" \/>\n<meta property=\"og:title\" content=\"Din guide til Marrakech af Maria Witendorff\" \/>\n<meta property=\"og:description\" content=\"Bogen er det t\u00e6tteste, man kommer p\u00e5 en komplet guide til Marrakech \u2013 personligt oplevet og indlevende fortalt. Du finder du ikke en bedre guide.\" \/>\n<meta property=\"og:url\" content=\"https:\/\/tibladin.dk\/nb\/produkt\/bog-din-guide-til-marrakech\/\" \/>\n<meta property=\"og:site_name\" content=\"Tibladin\" \/>\n<meta property=\"article:modified_time\" content=\"2026-04-24T12:14:55+00:00\" \/>\n<meta property=\"og:image\" content=\"https:\/\/tibladin.dk\/wp-content\/uploads\/2022\/09\/din-guide-til-marrakech_2.udgave_7.jpg\" \/>\n\t<meta property=\"og:image:width\" content=\"800\" \/>\n\t<meta property=\"og:image:height\" content=\"800\" \/>\n\t<meta property=\"og:image:type\" content=\"image\/jpeg\" \/>\n<meta name=\"twitter:card\" content=\"summary_large_image\" \/>\n<meta name=\"twitter:label1\" content=\"Ansl. lesetid\" \/>\n\t<meta name=\"twitter:data1\" content=\"3 minutter\" \/>\n<script type=\"application\/ld+json\" class=\"yoast-schema-graph\">{\"@context\":\"https:\\\/\\\/schema.org\",\"@graph\":[{\"@type\":\"WebPage\",\"@id\":\"https:\\\/\\\/tibladin.dk\\\/produkt\\\/bog-din-guide-til-marrakech\\\/\",\"url\":\"https:\\\/\\\/tibladin.dk\\\/produkt\\\/bog-din-guide-til-marrakech\\\/\",\"name\":\"Din guide til Marrakech af Maria Witendorff\",\"isPartOf\":{\"@id\":\"https:\\\/\\\/tibladin.dk\\\/#website\"},\"primaryImageOfPage\":{\"@id\":\"https:\\\/\\\/tibladin.dk\\\/produkt\\\/bog-din-guide-til-marrakech\\\/#primaryimage\"},\"image\":{\"@id\":\"https:\\\/\\\/tibladin.dk\\\/produkt\\\/bog-din-guide-til-marrakech\\\/#primaryimage\"},\"thumbnailUrl\":\"https:\\\/\\\/tibladin.dk\\\/wp-content\\\/uploads\\\/2022\\\/09\\\/din-guide-til-marrakech_2.udgave_7.jpg\",\"datePublished\":\"2025-06-14T09:09:23+00:00\",\"dateModified\":\"2026-04-24T12:14:55+00:00\",\"description\":\"Bogen er det t\u00e6tteste, man kommer p\u00e5 en komplet guide til Marrakech \u2013 personligt oplevet og indlevende fortalt. Du finder du ikke en bedre guide.\",\"breadcrumb\":{\"@id\":\"https:\\\/\\\/tibladin.dk\\\/produkt\\\/bog-din-guide-til-marrakech\\\/#breadcrumb\"},\"inLanguage\":\"nb-NO\",\"potentialAction\":[{\"@type\":\"ReadAction\",\"target\":[\"https:\\\/\\\/tibladin.dk\\\/produkt\\\/bog-din-guide-til-marrakech\\\/\"]}]},{\"@type\":\"ImageObject\",\"inLanguage\":\"nb-NO\",\"@id\":\"https:\\\/\\\/tibladin.dk\\\/produkt\\\/bog-din-guide-til-marrakech\\\/#primaryimage\",\"url\":\"https:\\\/\\\/tibladin.dk\\\/wp-content\\\/uploads\\\/2022\\\/09\\\/din-guide-til-marrakech_2.udgave_7.jpg\",\"contentUrl\":\"https:\\\/\\\/tibladin.dk\\\/wp-content\\\/uploads\\\/2022\\\/09\\\/din-guide-til-marrakech_2.udgave_7.jpg\",\"width\":800,\"height\":800,\"caption\":\"din guide til marrakech's 2. udgave\"},{\"@type\":\"BreadcrumbList\",\"@id\":\"https:\\\/\\\/tibladin.dk\\\/produkt\\\/bog-din-guide-til-marrakech\\\/#breadcrumb\",\"itemListElement\":[{\"@type\":\"ListItem\",\"position\":1,\"name\":\"Hjem\",\"item\":\"https:\\\/\\\/tibladin.dk\\\/\"},{\"@type\":\"ListItem\",\"position\":2,\"name\":\"Shop\",\"item\":\"https:\\\/\\\/tibladin.dk\\\/shop\\\/\"},{\"@type\":\"ListItem\",\"position\":3,\"name\":\"Bog: Din guide til Marrakech\"}]},{\"@type\":\"WebSite\",\"@id\":\"https:\\\/\\\/tibladin.dk\\\/#website\",\"url\":\"https:\\\/\\\/tibladin.dk\\\/\",\"name\":\"Tibladin\",\"description\":\"Tibladin\",\"publisher\":{\"@id\":\"https:\\\/\\\/tibladin.dk\\\/#organization\"},\"potentialAction\":[{\"@type\":\"SearchAction\",\"target\":{\"@type\":\"EntryPoint\",\"urlTemplate\":\"https:\\\/\\\/tibladin.dk\\\/?s={search_term_string}\"},\"query-input\":{\"@type\":\"PropertyValueSpecification\",\"valueRequired\":true,\"valueName\":\"search_term_string\"}}],\"inLanguage\":\"nb-NO\"},{\"@type\":\"Organization\",\"@id\":\"https:\\\/\\\/tibladin.dk\\\/#organization\",\"name\":\"Tibladin\",\"url\":\"https:\\\/\\\/tibladin.dk\\\/\",\"logo\":{\"@type\":\"ImageObject\",\"inLanguage\":\"nb-NO\",\"@id\":\"https:\\\/\\\/tibladin.dk\\\/#\\\/schema\\\/logo\\\/image\\\/\",\"url\":\"https:\\\/\\\/tibladin.dk\\\/wp-content\\\/uploads\\\/2022\\\/09\\\/tibladin_logo.svg\",\"contentUrl\":\"https:\\\/\\\/tibladin.dk\\\/wp-content\\\/uploads\\\/2022\\\/09\\\/tibladin_logo.svg\",\"caption\":\"Tibladin\"},\"image\":{\"@id\":\"https:\\\/\\\/tibladin.dk\\\/#\\\/schema\\\/logo\\\/image\\\/\"}}]}<\/script>\n<!-- \/ Yoast SEO plugin. -->","yoast_head_json":{"title":"Din guide til Marrakech av Maria Witendorff","description":"Boken er det n\u00e6rmeste du kommer en komplett guide til Marrakech \u2013 personlig opplevd og fortalt med empati. Du finner ikke en bedre guide.","robots":{"index":"index","follow":"follow","max-snippet":"max-snippet:-1","max-image-preview":"max-image-preview:large","max-video-preview":"max-video-preview:-1"},"canonical":"https:\/\/tibladin.dk\/nb\/produkt\/bog-din-guide-til-marrakech\/","og_locale":"nb_NO","og_type":"article","og_title":"Din guide til Marrakech af Maria Witendorff","og_description":"Bogen er det t\u00e6tteste, man kommer p\u00e5 en komplet guide til Marrakech \u2013 personligt oplevet og indlevende fortalt. Du finder du ikke en bedre guide.","og_url":"https:\/\/tibladin.dk\/nb\/produkt\/bog-din-guide-til-marrakech\/","og_site_name":"Tibladin","article_modified_time":"2026-04-24T12:14:55+00:00","og_image":[{"width":800,"height":800,"url":"https:\/\/tibladin.dk\/wp-content\/uploads\/2022\/09\/din-guide-til-marrakech_2.udgave_7.jpg","type":"image\/jpeg"}],"twitter_card":"summary_large_image","twitter_misc":{"Ansl. lesetid":"3 minutter"},"schema":{"@context":"https:\/\/schema.org","@graph":[{"@type":"WebPage","@id":"https:\/\/tibladin.dk\/produkt\/bog-din-guide-til-marrakech\/","url":"https:\/\/tibladin.dk\/produkt\/bog-din-guide-til-marrakech\/","name":"Din guide til Marrakech av Maria Witendorff","isPartOf":{"@id":"https:\/\/tibladin.dk\/#website"},"primaryImageOfPage":{"@id":"https:\/\/tibladin.dk\/produkt\/bog-din-guide-til-marrakech\/#primaryimage"},"image":{"@id":"https:\/\/tibladin.dk\/produkt\/bog-din-guide-til-marrakech\/#primaryimage"},"thumbnailUrl":"https:\/\/tibladin.dk\/wp-content\/uploads\/2022\/09\/din-guide-til-marrakech_2.udgave_7.jpg","datePublished":"2025-06-14T09:09:23+00:00","dateModified":"2026-04-24T12:14:55+00:00","description":"Boken er det n\u00e6rmeste du kommer en komplett guide til Marrakech \u2013 personlig opplevd og fortalt med empati. Du finner ikke en bedre guide.","breadcrumb":{"@id":"https:\/\/tibladin.dk\/produkt\/bog-din-guide-til-marrakech\/#breadcrumb"},"inLanguage":"nb-NO","potentialAction":[{"@type":"ReadAction","target":["https:\/\/tibladin.dk\/produkt\/bog-din-guide-til-marrakech\/"]}]},{"@type":"ImageObject","inLanguage":"nb-NO","@id":"https:\/\/tibladin.dk\/produkt\/bog-din-guide-til-marrakech\/#primaryimage","url":"https:\/\/tibladin.dk\/wp-content\/uploads\/2022\/09\/din-guide-til-marrakech_2.udgave_7.jpg","contentUrl":"https:\/\/tibladin.dk\/wp-content\/uploads\/2022\/09\/din-guide-til-marrakech_2.udgave_7.jpg","width":800,"height":800,"caption":"din guide til marrakech's 2. udgave"},{"@type":"BreadcrumbList","@id":"https:\/\/tibladin.dk\/produkt\/bog-din-guide-til-marrakech\/#breadcrumb","itemListElement":[{"@type":"ListItem","position":1,"name":"Hjem","item":"https:\/\/tibladin.dk\/"},{"@type":"ListItem","position":2,"name":"Shop","item":"https:\/\/tibladin.dk\/shop\/"},{"@type":"ListItem","position":3,"name":"Bog: Din guide til Marrakech"}]},{"@type":"WebSite","@id":"https:\/\/tibladin.dk\/#website","url":"https:\/\/tibladin.dk\/","name":"Tibladin","description":"Tibladin","publisher":{"@id":"https:\/\/tibladin.dk\/#organization"},"potentialAction":[{"@type":"SearchAction","target":{"@type":"EntryPoint","urlTemplate":"https:\/\/tibladin.dk\/?s={search_term_string}"},"query-input":{"@type":"PropertyValueSpecification","valueRequired":true,"valueName":"search_term_string"}}],"inLanguage":"nb-NO"},{"@type":"Organization","@id":"https:\/\/tibladin.dk\/#organization","name":"Tibladin","url":"https:\/\/tibladin.dk\/","logo":{"@type":"ImageObject","inLanguage":"nb-NO","@id":"https:\/\/tibladin.dk\/#\/schema\/logo\/image\/","url":"https:\/\/tibladin.dk\/wp-content\/uploads\/2022\/09\/tibladin_logo.svg","contentUrl":"https:\/\/tibladin.dk\/wp-content\/uploads\/2022\/09\/tibladin_logo.svg","caption":"Tibladin"},"image":{"@id":"https:\/\/tibladin.dk\/#\/schema\/logo\/image\/"}}]}},"_links":{"self":[{"href":"https:\/\/tibladin.dk\/nb\/wp-json\/wp\/v2\/product\/1464","targetHints":{"allow":["GET"]}}],"collection":[{"href":"https:\/\/tibladin.dk\/nb\/wp-json\/wp\/v2\/product"}],"about":[{"href":"https:\/\/tibladin.dk\/nb\/wp-json\/wp\/v2\/types\/product"}],"wp:featuredmedia":[{"embeddable":true,"href":"https:\/\/tibladin.dk\/nb\/wp-json\/wp\/v2\/media\/37022"}],"wp:attachment":[{"href":"https:\/\/tibladin.dk\/nb\/wp-json\/wp\/v2\/media?parent=1464"}],"wp:term":[{"taxonomy":"product_brand","embeddable":true,"href":"https:\/\/tibladin.dk\/nb\/wp-json\/wp\/v2\/product_brand?post=1464"},{"taxonomy":"product_cat","embeddable":true,"href":"https:\/\/tibladin.dk\/nb\/wp-json\/wp\/v2\/product_cat?post=1464"},{"taxonomy":"product_tag","embeddable":true,"href":"https:\/\/tibladin.dk\/nb\/wp-json\/wp\/v2\/product_tag?post=1464"}],"curies":[{"name":"wp","href":"https:\/\/api.w.org\/{rel}","templated":true}]}}