{"id":1466,"date":"2022-09-20T11:09:24","date_gmt":"2022-09-20T09:09:24","guid":{"rendered":"https:\/\/tibladin.dk\/vare\/bog-din-guide-til-marrakech-engelsk\/"},"modified":"2026-02-18T11:12:40","modified_gmt":"2026-02-18T10:12:40","slug":"bestill-din-guide-til-marrakech-paa-engelsk","status":"publish","type":"product","link":"https:\/\/tibladin.dk\/nb\/produkt\/bog-din-guide-til-marrakech-engelsk\/","title":{"rendered":"Bok: Din guide til Marrakech \u2013 engelsk"},"content":{"rendered":"<div class=\"wpb-content-wrapper\"><div class=\"vc_row wpb_row vc_row-fluid\"><div class=\"wpb_column vc_column_container vc_col-sm-4\"><div class=\"vc_column-inner\"><div class=\"wpb_wrapper\"><\/div><\/div><\/div><div class=\"wpb_column vc_column_container vc_col-sm-4\"><div class=\"vc_column-inner\"><div class=\"wpb_wrapper\"><h3 style=\"text-align: left\" class=\"vc_custom_heading vc_do_custom_heading\" >Om forfatteren<\/h3>\n\t<div class=\"wpb_text_column wpb_content_element\" >\n\t\t<div class=\"wpb_wrapper\">\n\t\t\t<p>Maria Wittendorff er exam.art. i arabisk og har lenge v\u00e6rt forfatter og redakt\u00f8r av magasiner og b\u00f8ker. Hun har reist i Nord-Afrika i 30 \u00e5r og drives av m\u00f8tet mellom kulturer, forst\u00e5elsen av historiens sykluser og nysgjerrigheten til \u00e5 utfordre og utvide sin egen konseptuelle verden.<\/p>\n\n\t\t<\/div>\n\t<\/div>\n<\/div><\/div><\/div><div class=\"wpb_column vc_column_container vc_col-sm-4\"><div class=\"vc_column-inner\"><div class=\"wpb_wrapper\"><h3 style=\"text-align: left\" class=\"vc_custom_heading vc_do_custom_heading\" >Historien bak<\/h3>\n\t<div class=\"wpb_text_column wpb_content_element\" >\n\t\t<div class=\"wpb_wrapper\">\n\t\t\t<p>Magiske Marrakesh! Nesten tusen \u00e5r med spennende historie har satt sine imponerende spor i denne eksepsjonelle byen, full til randen av farger og m\u00f8nstre, lukter og smaker, lys og lyd, og en helt spesiell atmosf\u00e6re som oppst\u00e5r i skj\u00e6ringspunktet mellom vakre omgivelser, en rik kultur, gjestfrihet og et usedvanlig gener\u00f8st klima.<\/p>\n<p>Med denne boken i h\u00e5nden har du alt du trenger \u00e5 vite for \u00e5 f\u00e5 tak i <i>komplett opplevelse <\/i>av den r\u00f8de byen, b\u00e5de n\u00e5r det gjelder forberedelser f\u00f8r avreise og mens du vandrer rundt i de smale gatene og smugene, leser bakgrunnshistoriene og drar nytte av de mange tipsene og beskrivelsene, noe som gj\u00f8r det enklere for deg \u00e5 velge hva du skal se og hvor du skal spise.<\/p>\n<p><i>Din guide til Marrakech <\/i>gir deg levende, personlige beretninger fra:<\/p>\n<ul>\n<li>60 kafeer og restauranter<\/li>\n<li>15 historiske severdigheter<\/li>\n<li>10 hager og parker<\/li>\n<li>25 museer, kultursentre og gallerier<\/li>\n<li>20 riader, hoteller og hammamer.<span class=\"Apple-converted-space\">\u00a0<\/span><\/li>\n<\/ul>\n<p>I tillegg til historie, h\u00e5ndverk og shopping, souker og markeder, arkitektur og matkultur, musikk og festivaler + all praktisk informasjon du trenger p\u00e5 reisen.<\/p>\n<p><i>225 sider, mykt perm med klaffer, 148 x 210 mm (A5).<\/i><\/p>\n\n\t\t<\/div>\n\t<\/div>\n<\/div><\/div><\/div><\/div>\n<\/div>","protected":false},"excerpt":{"rendered":"<p>Magiske Marrakesh! Nesten tusen \u00e5r med spennende historie har satt sine imponerende spor i denne eksepsjonelle byen, full til randen av farger og m\u00f8nstre, lukter og smaker, lys og lyd, og en helt spesiell atmosf\u00e6re som oppst\u00e5r i skj\u00e6ringspunktet mellom vakre omgivelser, en rik kultur, gjestfrihet og et usedvanlig gener\u00f8st klima.<\/p>\n<p>Med denne boken i h\u00e5nden har du alt du trenger \u00e5 vite for \u00e5 f\u00e5 tak i <i>komplett opplevelse <\/i>av den r\u00f8de byen, b\u00e5de n\u00e5r det gjelder forberedelser f\u00f8r avreise og mens du vandrer rundt i de smale gatene og smugene, leser bakgrunnshistoriene og drar nytte av de mange tipsene og beskrivelsene, noe som gj\u00f8r det enklere for deg \u00e5 velge hva du skal se og hvor du skal spise.<\/p>\n<p><i>Din guide til Marrakech <\/i>gir deg levende, personlige beretninger fra:<\/p>\n<ul>\n<li>60 kafeer og restauranter<\/li>\n<li>15 historiske severdigheter<\/li>\n<li>10 hager og parker<\/li>\n<li>25 museer, kultursentre og gallerier<\/li>\n<li>20 riader, hoteller og hammamer.<span class=\"Apple-converted-space\">\u00a0<\/span><\/li>\n<\/ul>\n<p>I tillegg til historie, h\u00e5ndverk og shopping, souker og markeder, arkitektur og matkultur, musikk og festivaler + all praktisk informasjon du trenger p\u00e5 reisen.<\/p>\n<p><i>225 sider, mykt omslag 148 x 210 mm (A5).<\/i><\/p>\n<p>&nbsp;<\/p>","protected":false},"featured_media":1465,"template":"","meta":{"inline_featured_image":false},"product_brand":[],"product_cat":[27,47,35,93],"product_tag":[],"class_list":{"0":"post-1466","1":"product","2":"type-product","3":"status-publish","4":"has-post-thumbnail","6":"product_cat-diverse","7":"product_cat-gaven-til-ham","8":"product_cat-gaven-til-hende","9":"product_cat-marrakech-guide-boeger","11":"first","12":"outofstock","13":"taxable","14":"shipping-taxable","15":"purchasable","16":"product-type-simple"},"exclude_global_add_ons":false,"addons":[{"name":"\u00d8nsker du gaveinnpakning?","type":"checkbox","position":0,"required":false,"title_format":"label","default":"","description_enable":false,"description":"","placeholder_enable":false,"placeholder":"","display":"images","restrictions_type":"any_text","adjust_price":false,"price":"","price_type":"flat_fee","restrictions":false,"min":"0","max":"0","options":[{"label":"Ja tak","price":"10","price_type":"flat_fee","image":11015,"visibility":true}],"id":1669646111}],"yoast_head":"<!-- This site is optimized with the Yoast SEO plugin v27.4 - https:\/\/yoast.com\/product\/yoast-seo-wordpress\/ -->\n<title>Din guide til Marrakech. Fantastisk guide bog p\u00e5 engelsk - Tibladin<\/title>\n<meta name=\"description\" content=\"Bogen er det t\u00e6tteste, man kommer p\u00e5 en komplet guide til Marrakech \u2013 personligt oplevet og indlevende fortalt. Bogen er p\u00e5 engelsk.\" \/>\n<meta name=\"robots\" content=\"index, follow, max-snippet:-1, max-image-preview:large, max-video-preview:-1\" \/>\n<link rel=\"canonical\" href=\"https:\/\/tibladin.dk\/nb\/produkt\/bestill-din-guide-til-marrakech-paa-engelsk\/\" \/>\n<meta property=\"og:locale\" content=\"nb_NO\" \/>\n<meta property=\"og:type\" content=\"article\" \/>\n<meta property=\"og:title\" content=\"Din guide til Marrakech. Fantastisk guide bog p\u00e5 engelsk - Tibladin\" \/>\n<meta property=\"og:description\" content=\"Bogen er det t\u00e6tteste, man kommer p\u00e5 en komplet guide til Marrakech \u2013 personligt oplevet og indlevende fortalt. Bogen er p\u00e5 engelsk.\" \/>\n<meta property=\"og:url\" content=\"https:\/\/tibladin.dk\/nb\/produkt\/bestill-din-guide-til-marrakech-paa-engelsk\/\" \/>\n<meta property=\"og:site_name\" content=\"Tibladin\" \/>\n<meta property=\"article:modified_time\" content=\"2026-02-18T10:12:40+00:00\" \/>\n<meta property=\"og:image\" content=\"https:\/\/tibladin.dk\/wp-content\/uploads\/2022\/09\/Tibladin_your-guide-to-Marrakech-1.jpg\" \/>\n\t<meta property=\"og:image:width\" content=\"800\" \/>\n\t<meta property=\"og:image:height\" content=\"800\" \/>\n\t<meta property=\"og:image:type\" content=\"image\/jpeg\" \/>\n<meta name=\"twitter:card\" content=\"summary_large_image\" \/>\n<meta name=\"twitter:label1\" content=\"Ansl. lesetid\" \/>\n\t<meta name=\"twitter:data1\" content=\"2 minutter\" \/>\n<script type=\"application\/ld+json\" class=\"yoast-schema-graph\">{\"@context\":\"https:\\\/\\\/schema.org\",\"@graph\":[{\"@type\":\"WebPage\",\"@id\":\"https:\\\/\\\/tibladin.dk\\\/produkt\\\/bog-din-guide-til-marrakech-engelsk\\\/\",\"url\":\"https:\\\/\\\/tibladin.dk\\\/produkt\\\/bog-din-guide-til-marrakech-engelsk\\\/\",\"name\":\"Din guide til Marrakech. Fantastisk guide bog p\u00e5 engelsk - Tibladin\",\"isPartOf\":{\"@id\":\"https:\\\/\\\/tibladin.dk\\\/#website\"},\"primaryImageOfPage\":{\"@id\":\"https:\\\/\\\/tibladin.dk\\\/produkt\\\/bog-din-guide-til-marrakech-engelsk\\\/#primaryimage\"},\"image\":{\"@id\":\"https:\\\/\\\/tibladin.dk\\\/produkt\\\/bog-din-guide-til-marrakech-engelsk\\\/#primaryimage\"},\"thumbnailUrl\":\"https:\\\/\\\/tibladin.dk\\\/wp-content\\\/uploads\\\/2022\\\/09\\\/Tibladin_your-guide-to-Marrakech-1.jpg\",\"datePublished\":\"2022-09-20T09:09:24+00:00\",\"dateModified\":\"2026-02-18T10:12:40+00:00\",\"description\":\"Bogen er det t\u00e6tteste, man kommer p\u00e5 en komplet guide til Marrakech \u2013 personligt oplevet og indlevende fortalt. Bogen er p\u00e5 engelsk.\",\"breadcrumb\":{\"@id\":\"https:\\\/\\\/tibladin.dk\\\/produkt\\\/bog-din-guide-til-marrakech-engelsk\\\/#breadcrumb\"},\"inLanguage\":\"nb-NO\",\"potentialAction\":[{\"@type\":\"ReadAction\",\"target\":[\"https:\\\/\\\/tibladin.dk\\\/produkt\\\/bog-din-guide-til-marrakech-engelsk\\\/\"]}]},{\"@type\":\"ImageObject\",\"inLanguage\":\"nb-NO\",\"@id\":\"https:\\\/\\\/tibladin.dk\\\/produkt\\\/bog-din-guide-til-marrakech-engelsk\\\/#primaryimage\",\"url\":\"https:\\\/\\\/tibladin.dk\\\/wp-content\\\/uploads\\\/2022\\\/09\\\/Tibladin_your-guide-to-Marrakech-1.jpg\",\"contentUrl\":\"https:\\\/\\\/tibladin.dk\\\/wp-content\\\/uploads\\\/2022\\\/09\\\/Tibladin_your-guide-to-Marrakech-1.jpg\",\"width\":800,\"height\":800,\"caption\":\"Din guide til Marrakesh bog oven p\u00e5 tr\u00e6bord\"},{\"@type\":\"BreadcrumbList\",\"@id\":\"https:\\\/\\\/tibladin.dk\\\/produkt\\\/bog-din-guide-til-marrakech-engelsk\\\/#breadcrumb\",\"itemListElement\":[{\"@type\":\"ListItem\",\"position\":1,\"name\":\"Hjem\",\"item\":\"https:\\\/\\\/tibladin.dk\\\/\"},{\"@type\":\"ListItem\",\"position\":2,\"name\":\"Shop\",\"item\":\"https:\\\/\\\/tibladin.dk\\\/shop\\\/\"},{\"@type\":\"ListItem\",\"position\":3,\"name\":\"Bog: Din guide til Marrakech &#8211; Engelsk\"}]},{\"@type\":\"WebSite\",\"@id\":\"https:\\\/\\\/tibladin.dk\\\/#website\",\"url\":\"https:\\\/\\\/tibladin.dk\\\/\",\"name\":\"Tibladin\",\"description\":\"Tibladin\",\"publisher\":{\"@id\":\"https:\\\/\\\/tibladin.dk\\\/#organization\"},\"potentialAction\":[{\"@type\":\"SearchAction\",\"target\":{\"@type\":\"EntryPoint\",\"urlTemplate\":\"https:\\\/\\\/tibladin.dk\\\/?s={search_term_string}\"},\"query-input\":{\"@type\":\"PropertyValueSpecification\",\"valueRequired\":true,\"valueName\":\"search_term_string\"}}],\"inLanguage\":\"nb-NO\"},{\"@type\":\"Organization\",\"@id\":\"https:\\\/\\\/tibladin.dk\\\/#organization\",\"name\":\"Tibladin\",\"url\":\"https:\\\/\\\/tibladin.dk\\\/\",\"logo\":{\"@type\":\"ImageObject\",\"inLanguage\":\"nb-NO\",\"@id\":\"https:\\\/\\\/tibladin.dk\\\/#\\\/schema\\\/logo\\\/image\\\/\",\"url\":\"https:\\\/\\\/tibladin.dk\\\/wp-content\\\/uploads\\\/2022\\\/09\\\/tibladin_logo.svg\",\"contentUrl\":\"https:\\\/\\\/tibladin.dk\\\/wp-content\\\/uploads\\\/2022\\\/09\\\/tibladin_logo.svg\",\"caption\":\"Tibladin\"},\"image\":{\"@id\":\"https:\\\/\\\/tibladin.dk\\\/#\\\/schema\\\/logo\\\/image\\\/\"}}]}<\/script>\n<!-- \/ Yoast SEO plugin. -->","yoast_head_json":{"title":"Din guide til Marrakech. Fantastisk guidebok p\u00e5 engelsk - Tibladin","description":"Boken er det n\u00e6rmeste du kommer en komplett guide til Marrakech \u2013 personlig opplevd og fortalt med empati. Boken er p\u00e5 engelsk.","robots":{"index":"index","follow":"follow","max-snippet":"max-snippet:-1","max-image-preview":"max-image-preview:large","max-video-preview":"max-video-preview:-1"},"canonical":"https:\/\/tibladin.dk\/nb\/produkt\/bestill-din-guide-til-marrakech-paa-engelsk\/","og_locale":"nb_NO","og_type":"article","og_title":"Din guide til Marrakech. Fantastisk guide bog p\u00e5 engelsk - Tibladin","og_description":"Bogen er det t\u00e6tteste, man kommer p\u00e5 en komplet guide til Marrakech \u2013 personligt oplevet og indlevende fortalt. Bogen er p\u00e5 engelsk.","og_url":"https:\/\/tibladin.dk\/nb\/produkt\/bestill-din-guide-til-marrakech-paa-engelsk\/","og_site_name":"Tibladin","article_modified_time":"2026-02-18T10:12:40+00:00","og_image":[{"width":800,"height":800,"url":"https:\/\/tibladin.dk\/wp-content\/uploads\/2022\/09\/Tibladin_your-guide-to-Marrakech-1.jpg","type":"image\/jpeg"}],"twitter_card":"summary_large_image","twitter_misc":{"Ansl. lesetid":"2 minutter"},"schema":{"@context":"https:\/\/schema.org","@graph":[{"@type":"WebPage","@id":"https:\/\/tibladin.dk\/produkt\/bog-din-guide-til-marrakech-engelsk\/","url":"https:\/\/tibladin.dk\/produkt\/bog-din-guide-til-marrakech-engelsk\/","name":"Din guide til Marrakech. Fantastisk guidebok p\u00e5 engelsk - Tibladin","isPartOf":{"@id":"https:\/\/tibladin.dk\/#website"},"primaryImageOfPage":{"@id":"https:\/\/tibladin.dk\/produkt\/bog-din-guide-til-marrakech-engelsk\/#primaryimage"},"image":{"@id":"https:\/\/tibladin.dk\/produkt\/bog-din-guide-til-marrakech-engelsk\/#primaryimage"},"thumbnailUrl":"https:\/\/tibladin.dk\/wp-content\/uploads\/2022\/09\/Tibladin_your-guide-to-Marrakech-1.jpg","datePublished":"2022-09-20T09:09:24+00:00","dateModified":"2026-02-18T10:12:40+00:00","description":"Boken er det n\u00e6rmeste du kommer en komplett guide til Marrakech \u2013 personlig opplevd og fortalt med empati. Boken er p\u00e5 engelsk.","breadcrumb":{"@id":"https:\/\/tibladin.dk\/produkt\/bog-din-guide-til-marrakech-engelsk\/#breadcrumb"},"inLanguage":"nb-NO","potentialAction":[{"@type":"ReadAction","target":["https:\/\/tibladin.dk\/produkt\/bog-din-guide-til-marrakech-engelsk\/"]}]},{"@type":"ImageObject","inLanguage":"nb-NO","@id":"https:\/\/tibladin.dk\/produkt\/bog-din-guide-til-marrakech-engelsk\/#primaryimage","url":"https:\/\/tibladin.dk\/wp-content\/uploads\/2022\/09\/Tibladin_your-guide-to-Marrakech-1.jpg","contentUrl":"https:\/\/tibladin.dk\/wp-content\/uploads\/2022\/09\/Tibladin_your-guide-to-Marrakech-1.jpg","width":800,"height":800,"caption":"Din guide til Marrakesh bog oven p\u00e5 tr\u00e6bord"},{"@type":"BreadcrumbList","@id":"https:\/\/tibladin.dk\/produkt\/bog-din-guide-til-marrakech-engelsk\/#breadcrumb","itemListElement":[{"@type":"ListItem","position":1,"name":"Hjem","item":"https:\/\/tibladin.dk\/"},{"@type":"ListItem","position":2,"name":"Shop","item":"https:\/\/tibladin.dk\/shop\/"},{"@type":"ListItem","position":3,"name":"Bog: Din guide til Marrakech &#8211; Engelsk"}]},{"@type":"WebSite","@id":"https:\/\/tibladin.dk\/#website","url":"https:\/\/tibladin.dk\/","name":"Tibladin","description":"Tibladin","publisher":{"@id":"https:\/\/tibladin.dk\/#organization"},"potentialAction":[{"@type":"SearchAction","target":{"@type":"EntryPoint","urlTemplate":"https:\/\/tibladin.dk\/?s={search_term_string}"},"query-input":{"@type":"PropertyValueSpecification","valueRequired":true,"valueName":"search_term_string"}}],"inLanguage":"nb-NO"},{"@type":"Organization","@id":"https:\/\/tibladin.dk\/#organization","name":"Tibladin","url":"https:\/\/tibladin.dk\/","logo":{"@type":"ImageObject","inLanguage":"nb-NO","@id":"https:\/\/tibladin.dk\/#\/schema\/logo\/image\/","url":"https:\/\/tibladin.dk\/wp-content\/uploads\/2022\/09\/tibladin_logo.svg","contentUrl":"https:\/\/tibladin.dk\/wp-content\/uploads\/2022\/09\/tibladin_logo.svg","caption":"Tibladin"},"image":{"@id":"https:\/\/tibladin.dk\/#\/schema\/logo\/image\/"}}]}},"_links":{"self":[{"href":"https:\/\/tibladin.dk\/nb\/wp-json\/wp\/v2\/product\/1466","targetHints":{"allow":["GET"]}}],"collection":[{"href":"https:\/\/tibladin.dk\/nb\/wp-json\/wp\/v2\/product"}],"about":[{"href":"https:\/\/tibladin.dk\/nb\/wp-json\/wp\/v2\/types\/product"}],"wp:featuredmedia":[{"embeddable":true,"href":"https:\/\/tibladin.dk\/nb\/wp-json\/wp\/v2\/media\/1465"}],"wp:attachment":[{"href":"https:\/\/tibladin.dk\/nb\/wp-json\/wp\/v2\/media?parent=1466"}],"wp:term":[{"taxonomy":"product_brand","embeddable":true,"href":"https:\/\/tibladin.dk\/nb\/wp-json\/wp\/v2\/product_brand?post=1466"},{"taxonomy":"product_cat","embeddable":true,"href":"https:\/\/tibladin.dk\/nb\/wp-json\/wp\/v2\/product_cat?post=1466"},{"taxonomy":"product_tag","embeddable":true,"href":"https:\/\/tibladin.dk\/nb\/wp-json\/wp\/v2\/product_tag?post=1466"}],"curies":[{"name":"wp","href":"https:\/\/api.w.org\/{rel}","templated":true}]}}