{"id":1473,"date":"2022-09-20T11:09:28","date_gmt":"2022-09-20T09:09:28","guid":{"rendered":"https:\/\/tibladin.dk\/?post_type=product&#038;p=1473"},"modified":"2026-04-10T09:48:25","modified_gmt":"2026-04-10T07:48:25","slug":"toefler-dame-stoevete-rosa","status":"publish","type":"product","link":"https:\/\/tibladin.dk\/nb\/produkt\/slippers-dame-stoevet-rosa\/","title":{"rendered":"Damet\u00f8fler \u2013 st\u00f8vete rosa"},"content":{"rendered":"<div class=\"wpb-content-wrapper\"><div class=\"vc_row wpb_row vc_row-fluid\"><div class=\"wpb_column vc_column_container vc_col-sm-4\"><div class=\"vc_column-inner\"><div class=\"wpb_wrapper\"><\/div><\/div><\/div><div class=\"wpb_column vc_column_container vc_col-sm-4\"><div class=\"vc_column-inner\"><div class=\"wpb_wrapper\"><h3 style=\"text-align: left\" class=\"vc_custom_heading vc_do_custom_heading\" >Vedlikehold<\/h3>\n\t<div class=\"wpb_text_column wpb_content_element\" >\n\t\t<div class=\"wpb_wrapper\">\n\t\t\t<p>Siden Barbouche-t\u00f8flene v\u00e5re er laget utelukkende av skinn, er de sv\u00e6rt slitesterke og vil utvikle en naturlig patina over tid. Du kan velge \u00e5 gi dem et lag med skinnfett fra tid til annen. V\u00e6r oppmerksom p\u00e5 at fargen kan endre seg noe hvis de utsettes for vann, slik tilfellet er med alle skinnmaterialer.<\/p>\n<p>St\u00f8rrelsesguide kvinner \u2013 omtrentlige m\u00e5l:<\/p>\n<p>36 L: 23,2 cm<\/p>\n<p>37<span class=\"Apple-converted-space\">\u00a0 <\/span>L: 23,8 cm<\/p>\n<p>38<span class=\"Apple-converted-space\">\u00a0 <\/span>L: 24,3 cm<\/p>\n<p>39<span class=\"Apple-converted-space\">\u00a0 <\/span>L: 25,1 cm<\/p>\n<p>40<span class=\"Apple-converted-space\">\u00a0 <\/span>L: 25,4 cm<\/p>\n<p>41<span class=\"Apple-converted-space\">\u00a0 <\/span>L: 26,3 cm<\/p>\n<p>42 L:26,5 cm<\/p>\n<p>43 L:27 cm<\/p>\n<p>H\u00e6len skal v\u00e6re i flukt med kanten av skoen. De vil gi etter p\u00e5 grunn av det myke l\u00e6ret.<\/p>\n\n\t\t<\/div>\n\t<\/div>\n<\/div><\/div><\/div><div class=\"wpb_column vc_column_container vc_col-sm-4\"><div class=\"vc_column-inner\"><div class=\"wpb_wrapper\"><h3 style=\"text-align: left\" class=\"vc_custom_heading vc_do_custom_heading\" >Historien bak<\/h3>\n\t<div class=\"wpb_text_column wpb_content_element\" >\n\t\t<div class=\"wpb_wrapper\">\n\t\t\t<p><i>T\u00f8fler\u00a0<\/i>er klassiske marokkanske t\u00f8fler.<\/p>\n<p>De er h\u00e5ndlaget p\u00e5 tradisjonell m\u00e5te i Marokko. Alle i geiteskinn, slik at de f\u00f8les silkemyke mot f\u00f8ttene. Med sine mange forskjellige farger og m\u00f8nstre kan de innlemmes i de fleste antrekk og gi et deilig preg av bohemsk stil til et skandinavisk utseende. I Marokko brukes de b\u00e5de innend\u00f8rs og utend\u00f8rs, og bare vent, s\u00e5 snart du tar disse deilige t\u00f8flene p\u00e5 f\u00f8ttene, vil du ikke ha p\u00e5 deg noe annet.<\/p>\n\n\t\t<\/div>\n\t<\/div>\n<\/div><\/div><\/div><\/div>\n<\/div>","protected":false},"excerpt":{"rendered":"<ul>\n<li>De vakreste t\u00f8flene i en st\u00f8vete rosafarge. Enkle, men samtidig tilf\u00f8rer de litt farge til enten et lyst eller m\u00f8rkt antrekk.<\/li>\n<li>Disse klassiske<em> t\u00f8fler<\/em> T\u00f8flene er h\u00e5ndlaget i det mykeste skinnet og former seg etter f\u00f8ttene dine.<\/li>\n<li>Ta dem p\u00e5 deg s\u00e5 snart du kommer hjem etter en lang dag og trenger \u00e5 hvile f\u00f8ttene.<\/li>\n<\/ul>\n<p><strong>Om n\u00f8dvendig, ta en st\u00f8rrelse st\u00f8rre enn du vanligvis bruker, da de kan v\u00e6re litt sm\u00e5 i st\u00f8rrelsen.<\/strong><\/p>","protected":false},"featured_media":1509,"template":"","meta":{"inline_featured_image":false},"product_brand":[],"product_cat":[79,80],"product_tag":[],"class_list":{"0":"post-1473","1":"product","2":"type-product","3":"status-publish","4":"has-post-thumbnail","6":"product_cat-slippers","7":"product_cat-kvinder","9":"first","10":"instock","11":"taxable","12":"shipping-taxable","13":"purchasable","14":"product-type-variable"},"exclude_global_add_ons":false,"addons":[{"name":"\u00d8nsker du gaveinnpakning?","type":"checkbox","position":0,"required":false,"title_format":"label","default":"","description_enable":false,"description":"","placeholder_enable":false,"placeholder":"","display":"images","restrictions_type":"any_text","adjust_price":false,"price":"","price_type":"flat_fee","restrictions":false,"min":"0","max":"0","options":[{"label":"Ja tak","price":"10","price_type":"flat_fee","image":11015,"visibility":true}],"id":1669646111}],"yoast_head":"<!-- This site is optimized with the Yoast SEO plugin v27.4 - https:\/\/yoast.com\/product\/yoast-seo-wordpress\/ -->\n<title>Slippers dame | Unikt design | Tibladin<\/title>\n<meta name=\"description\" content=\"Klassiske marokkanske slippers lavet i silkebl\u00f8dt gedel\u00e6der. Stort udvalg af farver og st\u00f8rrelser hos Tibladin. Fin din favorit.\" \/>\n<meta name=\"robots\" content=\"index, follow, max-snippet:-1, max-image-preview:large, max-video-preview:-1\" \/>\n<link rel=\"canonical\" href=\"https:\/\/tibladin.dk\/nb\/produkt\/toefler-dame-stoevete-rosa\/\" \/>\n<meta property=\"og:locale\" content=\"nb_NO\" \/>\n<meta property=\"og:type\" content=\"article\" \/>\n<meta property=\"og:title\" content=\"Slippers dame | Unikt design | Tibladin\" \/>\n<meta property=\"og:description\" content=\"Klassiske marokkanske slippers lavet i silkebl\u00f8dt gedel\u00e6der. Stort udvalg af farver og st\u00f8rrelser hos Tibladin. Fin din favorit.\" \/>\n<meta property=\"og:url\" content=\"https:\/\/tibladin.dk\/nb\/produkt\/toefler-dame-stoevete-rosa\/\" \/>\n<meta property=\"og:site_name\" content=\"Tibladin\" \/>\n<meta property=\"article:modified_time\" content=\"2026-04-10T07:48:25+00:00\" \/>\n<meta property=\"og:image\" content=\"https:\/\/tibladin.dk\/wp-content\/uploads\/2022\/09\/Tibladin_marokkanske-slippers-i-stoevet-rosa-1.jpg\" \/>\n\t<meta property=\"og:image:width\" content=\"800\" \/>\n\t<meta property=\"og:image:height\" content=\"800\" \/>\n\t<meta property=\"og:image:type\" content=\"image\/jpeg\" \/>\n<meta name=\"twitter:card\" content=\"summary_large_image\" \/>\n<meta name=\"twitter:label1\" content=\"Ansl. lesetid\" \/>\n\t<meta name=\"twitter:data1\" content=\"2 minutter\" \/>\n<script type=\"application\/ld+json\" class=\"yoast-schema-graph\">{\"@context\":\"https:\\\/\\\/schema.org\",\"@graph\":[{\"@type\":\"WebPage\",\"@id\":\"https:\\\/\\\/tibladin.dk\\\/produkt\\\/slippers-dame-stoevet-rosa\\\/\",\"url\":\"https:\\\/\\\/tibladin.dk\\\/produkt\\\/slippers-dame-stoevet-rosa\\\/\",\"name\":\"Slippers dame | Unikt design | Tibladin\",\"isPartOf\":{\"@id\":\"https:\\\/\\\/tibladin.dk\\\/#website\"},\"primaryImageOfPage\":{\"@id\":\"https:\\\/\\\/tibladin.dk\\\/produkt\\\/slippers-dame-stoevet-rosa\\\/#primaryimage\"},\"image\":{\"@id\":\"https:\\\/\\\/tibladin.dk\\\/produkt\\\/slippers-dame-stoevet-rosa\\\/#primaryimage\"},\"thumbnailUrl\":\"https:\\\/\\\/tibladin.dk\\\/wp-content\\\/uploads\\\/2022\\\/09\\\/Tibladin_marokkanske-slippers-i-stoevet-rosa-1.jpg\",\"datePublished\":\"2022-09-20T09:09:28+00:00\",\"dateModified\":\"2026-04-10T07:48:25+00:00\",\"description\":\"Klassiske marokkanske slippers lavet i silkebl\u00f8dt gedel\u00e6der. Stort udvalg af farver og st\u00f8rrelser hos Tibladin. Fin din favorit.\",\"breadcrumb\":{\"@id\":\"https:\\\/\\\/tibladin.dk\\\/produkt\\\/slippers-dame-stoevet-rosa\\\/#breadcrumb\"},\"inLanguage\":\"nb-NO\",\"potentialAction\":[{\"@type\":\"ReadAction\",\"target\":[\"https:\\\/\\\/tibladin.dk\\\/produkt\\\/slippers-dame-stoevet-rosa\\\/\"]}]},{\"@type\":\"ImageObject\",\"inLanguage\":\"nb-NO\",\"@id\":\"https:\\\/\\\/tibladin.dk\\\/produkt\\\/slippers-dame-stoevet-rosa\\\/#primaryimage\",\"url\":\"https:\\\/\\\/tibladin.dk\\\/wp-content\\\/uploads\\\/2022\\\/09\\\/Tibladin_marokkanske-slippers-i-stoevet-rosa-1.jpg\",\"contentUrl\":\"https:\\\/\\\/tibladin.dk\\\/wp-content\\\/uploads\\\/2022\\\/09\\\/Tibladin_marokkanske-slippers-i-stoevet-rosa-1.jpg\",\"width\":800,\"height\":800,\"caption\":\"Marokkanske h\u00e5ndlavede slippers i lys violet\"},{\"@type\":\"BreadcrumbList\",\"@id\":\"https:\\\/\\\/tibladin.dk\\\/produkt\\\/slippers-dame-stoevet-rosa\\\/#breadcrumb\",\"itemListElement\":[{\"@type\":\"ListItem\",\"position\":1,\"name\":\"Hjem\",\"item\":\"https:\\\/\\\/tibladin.dk\\\/\"},{\"@type\":\"ListItem\",\"position\":2,\"name\":\"Shop\",\"item\":\"https:\\\/\\\/tibladin.dk\\\/shop\\\/\"},{\"@type\":\"ListItem\",\"position\":3,\"name\":\"Slippers dame &#8211; st\u00f8vet rosa\"}]},{\"@type\":\"WebSite\",\"@id\":\"https:\\\/\\\/tibladin.dk\\\/#website\",\"url\":\"https:\\\/\\\/tibladin.dk\\\/\",\"name\":\"Tibladin\",\"description\":\"Tibladin\",\"publisher\":{\"@id\":\"https:\\\/\\\/tibladin.dk\\\/#organization\"},\"potentialAction\":[{\"@type\":\"SearchAction\",\"target\":{\"@type\":\"EntryPoint\",\"urlTemplate\":\"https:\\\/\\\/tibladin.dk\\\/?s={search_term_string}\"},\"query-input\":{\"@type\":\"PropertyValueSpecification\",\"valueRequired\":true,\"valueName\":\"search_term_string\"}}],\"inLanguage\":\"nb-NO\"},{\"@type\":\"Organization\",\"@id\":\"https:\\\/\\\/tibladin.dk\\\/#organization\",\"name\":\"Tibladin\",\"url\":\"https:\\\/\\\/tibladin.dk\\\/\",\"logo\":{\"@type\":\"ImageObject\",\"inLanguage\":\"nb-NO\",\"@id\":\"https:\\\/\\\/tibladin.dk\\\/#\\\/schema\\\/logo\\\/image\\\/\",\"url\":\"https:\\\/\\\/tibladin.dk\\\/wp-content\\\/uploads\\\/2022\\\/09\\\/tibladin_logo.svg\",\"contentUrl\":\"https:\\\/\\\/tibladin.dk\\\/wp-content\\\/uploads\\\/2022\\\/09\\\/tibladin_logo.svg\",\"caption\":\"Tibladin\"},\"image\":{\"@id\":\"https:\\\/\\\/tibladin.dk\\\/#\\\/schema\\\/logo\\\/image\\\/\"}}]}<\/script>\n<!-- \/ Yoast SEO plugin. -->","yoast_head_json":{"title":"T\u00f8fler dame | Unikt design | Tibladin","description":"Klassiske marokkanske t\u00f8fler laget av silkemykt geiteskinn. Stort utvalg av farger og st\u00f8rrelser hos Tibladin. Finn din favoritt.","robots":{"index":"index","follow":"follow","max-snippet":"max-snippet:-1","max-image-preview":"max-image-preview:large","max-video-preview":"max-video-preview:-1"},"canonical":"https:\/\/tibladin.dk\/nb\/produkt\/toefler-dame-stoevete-rosa\/","og_locale":"nb_NO","og_type":"article","og_title":"Slippers dame | Unikt design | Tibladin","og_description":"Klassiske marokkanske slippers lavet i silkebl\u00f8dt gedel\u00e6der. Stort udvalg af farver og st\u00f8rrelser hos Tibladin. Fin din favorit.","og_url":"https:\/\/tibladin.dk\/nb\/produkt\/toefler-dame-stoevete-rosa\/","og_site_name":"Tibladin","article_modified_time":"2026-04-10T07:48:25+00:00","og_image":[{"width":800,"height":800,"url":"https:\/\/tibladin.dk\/wp-content\/uploads\/2022\/09\/Tibladin_marokkanske-slippers-i-stoevet-rosa-1.jpg","type":"image\/jpeg"}],"twitter_card":"summary_large_image","twitter_misc":{"Ansl. lesetid":"2 minutter"},"schema":{"@context":"https:\/\/schema.org","@graph":[{"@type":"WebPage","@id":"https:\/\/tibladin.dk\/produkt\/slippers-dame-stoevet-rosa\/","url":"https:\/\/tibladin.dk\/produkt\/slippers-dame-stoevet-rosa\/","name":"T\u00f8fler dame | Unikt design | Tibladin","isPartOf":{"@id":"https:\/\/tibladin.dk\/#website"},"primaryImageOfPage":{"@id":"https:\/\/tibladin.dk\/produkt\/slippers-dame-stoevet-rosa\/#primaryimage"},"image":{"@id":"https:\/\/tibladin.dk\/produkt\/slippers-dame-stoevet-rosa\/#primaryimage"},"thumbnailUrl":"https:\/\/tibladin.dk\/wp-content\/uploads\/2022\/09\/Tibladin_marokkanske-slippers-i-stoevet-rosa-1.jpg","datePublished":"2022-09-20T09:09:28+00:00","dateModified":"2026-04-10T07:48:25+00:00","description":"Klassiske marokkanske t\u00f8fler laget av silkemykt geiteskinn. Stort utvalg av farger og st\u00f8rrelser hos Tibladin. Finn din favoritt.","breadcrumb":{"@id":"https:\/\/tibladin.dk\/produkt\/slippers-dame-stoevet-rosa\/#breadcrumb"},"inLanguage":"nb-NO","potentialAction":[{"@type":"ReadAction","target":["https:\/\/tibladin.dk\/produkt\/slippers-dame-stoevet-rosa\/"]}]},{"@type":"ImageObject","inLanguage":"nb-NO","@id":"https:\/\/tibladin.dk\/produkt\/slippers-dame-stoevet-rosa\/#primaryimage","url":"https:\/\/tibladin.dk\/wp-content\/uploads\/2022\/09\/Tibladin_marokkanske-slippers-i-stoevet-rosa-1.jpg","contentUrl":"https:\/\/tibladin.dk\/wp-content\/uploads\/2022\/09\/Tibladin_marokkanske-slippers-i-stoevet-rosa-1.jpg","width":800,"height":800,"caption":"Marokkanske h\u00e5ndlavede slippers i lys violet"},{"@type":"BreadcrumbList","@id":"https:\/\/tibladin.dk\/produkt\/slippers-dame-stoevet-rosa\/#breadcrumb","itemListElement":[{"@type":"ListItem","position":1,"name":"Hjem","item":"https:\/\/tibladin.dk\/"},{"@type":"ListItem","position":2,"name":"Shop","item":"https:\/\/tibladin.dk\/shop\/"},{"@type":"ListItem","position":3,"name":"Slippers dame &#8211; st\u00f8vet rosa"}]},{"@type":"WebSite","@id":"https:\/\/tibladin.dk\/#website","url":"https:\/\/tibladin.dk\/","name":"Tibladin","description":"Tibladin","publisher":{"@id":"https:\/\/tibladin.dk\/#organization"},"potentialAction":[{"@type":"SearchAction","target":{"@type":"EntryPoint","urlTemplate":"https:\/\/tibladin.dk\/?s={search_term_string}"},"query-input":{"@type":"PropertyValueSpecification","valueRequired":true,"valueName":"search_term_string"}}],"inLanguage":"nb-NO"},{"@type":"Organization","@id":"https:\/\/tibladin.dk\/#organization","name":"Tibladin","url":"https:\/\/tibladin.dk\/","logo":{"@type":"ImageObject","inLanguage":"nb-NO","@id":"https:\/\/tibladin.dk\/#\/schema\/logo\/image\/","url":"https:\/\/tibladin.dk\/wp-content\/uploads\/2022\/09\/tibladin_logo.svg","contentUrl":"https:\/\/tibladin.dk\/wp-content\/uploads\/2022\/09\/tibladin_logo.svg","caption":"Tibladin"},"image":{"@id":"https:\/\/tibladin.dk\/#\/schema\/logo\/image\/"}}]}},"_links":{"self":[{"href":"https:\/\/tibladin.dk\/nb\/wp-json\/wp\/v2\/product\/1473","targetHints":{"allow":["GET"]}}],"collection":[{"href":"https:\/\/tibladin.dk\/nb\/wp-json\/wp\/v2\/product"}],"about":[{"href":"https:\/\/tibladin.dk\/nb\/wp-json\/wp\/v2\/types\/product"}],"wp:featuredmedia":[{"embeddable":true,"href":"https:\/\/tibladin.dk\/nb\/wp-json\/wp\/v2\/media\/1509"}],"wp:attachment":[{"href":"https:\/\/tibladin.dk\/nb\/wp-json\/wp\/v2\/media?parent=1473"}],"wp:term":[{"taxonomy":"product_brand","embeddable":true,"href":"https:\/\/tibladin.dk\/nb\/wp-json\/wp\/v2\/product_brand?post=1473"},{"taxonomy":"product_cat","embeddable":true,"href":"https:\/\/tibladin.dk\/nb\/wp-json\/wp\/v2\/product_cat?post=1473"},{"taxonomy":"product_tag","embeddable":true,"href":"https:\/\/tibladin.dk\/nb\/wp-json\/wp\/v2\/product_tag?post=1473"}],"curies":[{"name":"wp","href":"https:\/\/api.w.org\/{rel}","templated":true}]}}