{"id":1576,"date":"2022-09-20T11:10:11","date_gmt":"2022-09-20T09:10:11","guid":{"rendered":"https:\/\/tibladin.dk\/vare\/haandvaevet-taeppe-i-bomuld-bahia\/"},"modified":"2024-12-09T14:39:34","modified_gmt":"2024-12-09T13:39:34","slug":"bomullsteppe-bahia","status":"publish","type":"product","link":"https:\/\/tibladin.dk\/nb\/produkt\/bomuldstaeppe-bahia\/","title":{"rendered":"Bomullsteppe \u2013 Bahia"},"content":{"rendered":"<div class=\"wpb-content-wrapper\"><div class=\"vc_row wpb_row vc_row-fluid\"><div class=\"wpb_column vc_column_container vc_col-sm-4\"><div class=\"vc_column-inner\"><div class=\"wpb_wrapper\"><\/div><\/div><\/div><div class=\"wpb_column vc_column_container vc_col-sm-4\"><div class=\"vc_column-inner\"><div class=\"wpb_wrapper\"><h3 style=\"text-align: left\" class=\"vc_custom_heading vc_do_custom_heading\" >Vedlikehold<\/h3>\n\t<div class=\"wpb_text_column wpb_content_element\" >\n\t\t<div class=\"wpb_wrapper\">\n\t\t\t<p>St\u00f8vsug teppet regelmessig og ta det med ut og rist det av og til. Flekker kan fjernes ved \u00e5 bl\u00f8tlegge flekken med en klut s\u00e5 snart som mulig og deretter duppe flekken med en fuktig klut. Teppet er laget av bomull og lin p\u00e5 en polyesterramme.<\/p>\n<p>Teppet kan renses.<\/p>\n\n\t\t<\/div>\n\t<\/div>\n<\/div><\/div><\/div><div class=\"wpb_column vc_column_container vc_col-sm-4\"><div class=\"vc_column-inner\"><div class=\"wpb_wrapper\"><h3 style=\"text-align: left\" class=\"vc_custom_heading vc_do_custom_heading\" >Historien bak<\/h3>\n\t<div class=\"wpb_text_column wpb_content_element\" >\n\t\t<div class=\"wpb_wrapper\">\n\t\t\t<p>Tepper dekorerer, gir hygge og varme og er ogs\u00e5 st\u00f8ydempende.<\/p>\n<p>Det er enkelt \u00e5 skape en koselig atmosf\u00e6re med tepper i hjemmet ditt. Disse h\u00e5ndvevde teppene med bomull og lin p\u00e5 en polyesterramme ble utviklet i samarbeid med en designer i Marrakech. Sammen lager vi tepper som passer til et skandinavisk hjem, med et snev av varme og mystikk som gir interi\u00f8ret ditt personlighet.<\/p>\n\n\t\t<\/div>\n\t<\/div>\n<\/div><\/div><\/div><\/div>\n<\/div>","protected":false},"excerpt":{"rendered":"<ul>\n<li>H\u00e5ndvevd teppe i bomull og lin i sandfarge med et lysebrunt m\u00f8nster og hvite dusker p\u00e5 sidene med et vakkert og elegant marokkansk preg.<\/li>\n<\/ul>\n<p>Teppet er perfekt for soverommet, gjesterommet, badet, kj\u00f8kkenet eller gangen.<\/p>\n<p><strong>Teppet m\u00e5ler 67\u00d7118 cm uten dusker p\u00e5 siden (med dusker 75\u00d7118)<\/strong><\/p>","protected":false},"featured_media":1572,"template":"","meta":{"inline_featured_image":false},"product_brand":[],"product_cat":[96,59],"product_tag":[],"class_list":{"0":"post-1576","1":"product","2":"type-product","3":"status-publish","4":"has-post-thumbnail","6":"product_cat-bomuldstaepper","7":"product_cat-marokkanske-taepper","9":"first","10":"instock","11":"taxable","12":"shipping-taxable","13":"purchasable","14":"product-type-simple"},"exclude_global_add_ons":[],"addons":[],"yoast_head":"<!-- This site is optimized with the Yoast SEO plugin v27.4 - https:\/\/yoast.com\/product\/yoast-seo-wordpress\/ -->\n<title>Bomuldst\u00e6ppe | H\u00e5ndv\u00e6vet t\u00e6ppe | Klik og se lige nu!<\/title>\n<meta name=\"description\" content=\"Marokkansk bomuldst\u00e6ppe i creme med brune detaljer. Den h\u00f8jeste kvalitet sikrer, at det vil holde l\u00e6nge. Unikt design, som ikke findes andre steder.\" \/>\n<meta name=\"robots\" content=\"index, follow, max-snippet:-1, max-image-preview:large, max-video-preview:-1\" \/>\n<link rel=\"canonical\" href=\"https:\/\/tibladin.dk\/nb\/produkt\/bomullsteppe-bahia\/\" \/>\n<meta property=\"og:locale\" content=\"nb_NO\" \/>\n<meta property=\"og:type\" content=\"article\" \/>\n<meta property=\"og:title\" content=\"Bomuldst\u00e6ppe | H\u00e5ndv\u00e6vet t\u00e6ppe | Klik og se lige nu!\" \/>\n<meta property=\"og:description\" content=\"Marokkansk bomuldst\u00e6ppe i creme med brune detaljer. Den h\u00f8jeste kvalitet sikrer, at det vil holde l\u00e6nge. Unikt design, som ikke findes andre steder.\" \/>\n<meta property=\"og:url\" content=\"https:\/\/tibladin.dk\/nb\/produkt\/bomullsteppe-bahia\/\" \/>\n<meta property=\"og:site_name\" content=\"Tibladin\" \/>\n<meta property=\"article:modified_time\" content=\"2024-12-09T13:39:34+00:00\" \/>\n<meta property=\"og:image\" content=\"https:\/\/tibladin.dk\/wp-content\/uploads\/2022\/09\/Tibladin_marokkansk-bomuldstaeppe_bahia-1.jpg\" \/>\n\t<meta property=\"og:image:width\" content=\"800\" \/>\n\t<meta property=\"og:image:height\" content=\"800\" \/>\n\t<meta property=\"og:image:type\" content=\"image\/jpeg\" \/>\n<meta name=\"twitter:card\" content=\"summary_large_image\" \/>\n<meta name=\"twitter:label1\" content=\"Ansl. lesetid\" \/>\n\t<meta name=\"twitter:data1\" content=\"1 minutt\" \/>\n<script type=\"application\/ld+json\" class=\"yoast-schema-graph\">{\"@context\":\"https:\\\/\\\/schema.org\",\"@graph\":[{\"@type\":\"WebPage\",\"@id\":\"https:\\\/\\\/tibladin.dk\\\/produkt\\\/bomuldstaeppe-bahia\\\/\",\"url\":\"https:\\\/\\\/tibladin.dk\\\/produkt\\\/bomuldstaeppe-bahia\\\/\",\"name\":\"Bomuldst\u00e6ppe | H\u00e5ndv\u00e6vet t\u00e6ppe | Klik og se lige nu!\",\"isPartOf\":{\"@id\":\"https:\\\/\\\/tibladin.dk\\\/#website\"},\"primaryImageOfPage\":{\"@id\":\"https:\\\/\\\/tibladin.dk\\\/produkt\\\/bomuldstaeppe-bahia\\\/#primaryimage\"},\"image\":{\"@id\":\"https:\\\/\\\/tibladin.dk\\\/produkt\\\/bomuldstaeppe-bahia\\\/#primaryimage\"},\"thumbnailUrl\":\"https:\\\/\\\/tibladin.dk\\\/wp-content\\\/uploads\\\/2022\\\/09\\\/Tibladin_marokkansk-bomuldstaeppe_bahia-1.jpg\",\"datePublished\":\"2022-09-20T09:10:11+00:00\",\"dateModified\":\"2024-12-09T13:39:34+00:00\",\"description\":\"Marokkansk bomuldst\u00e6ppe i creme med brune detaljer. Den h\u00f8jeste kvalitet sikrer, at det vil holde l\u00e6nge. Unikt design, som ikke findes andre steder.\",\"breadcrumb\":{\"@id\":\"https:\\\/\\\/tibladin.dk\\\/produkt\\\/bomuldstaeppe-bahia\\\/#breadcrumb\"},\"inLanguage\":\"nb-NO\",\"potentialAction\":[{\"@type\":\"ReadAction\",\"target\":[\"https:\\\/\\\/tibladin.dk\\\/produkt\\\/bomuldstaeppe-bahia\\\/\"]}]},{\"@type\":\"ImageObject\",\"inLanguage\":\"nb-NO\",\"@id\":\"https:\\\/\\\/tibladin.dk\\\/produkt\\\/bomuldstaeppe-bahia\\\/#primaryimage\",\"url\":\"https:\\\/\\\/tibladin.dk\\\/wp-content\\\/uploads\\\/2022\\\/09\\\/Tibladin_marokkansk-bomuldstaeppe_bahia-1.jpg\",\"contentUrl\":\"https:\\\/\\\/tibladin.dk\\\/wp-content\\\/uploads\\\/2022\\\/09\\\/Tibladin_marokkansk-bomuldstaeppe_bahia-1.jpg\",\"width\":800,\"height\":800,\"caption\":\"H\u00e5ndv\u00e6vet bomuldst\u00e6ppe i beige med marokkansk stribe og prikm\u00f8nster i brune nuancer med hvide kvaster\"},{\"@type\":\"BreadcrumbList\",\"@id\":\"https:\\\/\\\/tibladin.dk\\\/produkt\\\/bomuldstaeppe-bahia\\\/#breadcrumb\",\"itemListElement\":[{\"@type\":\"ListItem\",\"position\":1,\"name\":\"Hjem\",\"item\":\"https:\\\/\\\/tibladin.dk\\\/\"},{\"@type\":\"ListItem\",\"position\":2,\"name\":\"Shop\",\"item\":\"https:\\\/\\\/tibladin.dk\\\/shop\\\/\"},{\"@type\":\"ListItem\",\"position\":3,\"name\":\"Bomuldst\u00e6ppe &#8211; Bahia\"}]},{\"@type\":\"WebSite\",\"@id\":\"https:\\\/\\\/tibladin.dk\\\/#website\",\"url\":\"https:\\\/\\\/tibladin.dk\\\/\",\"name\":\"Tibladin\",\"description\":\"Tibladin\",\"publisher\":{\"@id\":\"https:\\\/\\\/tibladin.dk\\\/#organization\"},\"potentialAction\":[{\"@type\":\"SearchAction\",\"target\":{\"@type\":\"EntryPoint\",\"urlTemplate\":\"https:\\\/\\\/tibladin.dk\\\/?s={search_term_string}\"},\"query-input\":{\"@type\":\"PropertyValueSpecification\",\"valueRequired\":true,\"valueName\":\"search_term_string\"}}],\"inLanguage\":\"nb-NO\"},{\"@type\":\"Organization\",\"@id\":\"https:\\\/\\\/tibladin.dk\\\/#organization\",\"name\":\"Tibladin\",\"url\":\"https:\\\/\\\/tibladin.dk\\\/\",\"logo\":{\"@type\":\"ImageObject\",\"inLanguage\":\"nb-NO\",\"@id\":\"https:\\\/\\\/tibladin.dk\\\/#\\\/schema\\\/logo\\\/image\\\/\",\"url\":\"https:\\\/\\\/tibladin.dk\\\/wp-content\\\/uploads\\\/2022\\\/09\\\/tibladin_logo.svg\",\"contentUrl\":\"https:\\\/\\\/tibladin.dk\\\/wp-content\\\/uploads\\\/2022\\\/09\\\/tibladin_logo.svg\",\"caption\":\"Tibladin\"},\"image\":{\"@id\":\"https:\\\/\\\/tibladin.dk\\\/#\\\/schema\\\/logo\\\/image\\\/\"}}]}<\/script>\n<!-- \/ Yoast SEO plugin. -->","yoast_head_json":{"title":"Bomullsteppe | H\u00e5ndvevd teppe | Klikk og se n\u00e5!","description":"Marokkansk bomullsteppe i kremfarget med brune detaljer. H\u00f8yeste kvalitet sikrer at det vil vare lenge. Unikt design som ikke finnes andre steder.","robots":{"index":"index","follow":"follow","max-snippet":"max-snippet:-1","max-image-preview":"max-image-preview:large","max-video-preview":"max-video-preview:-1"},"canonical":"https:\/\/tibladin.dk\/nb\/produkt\/bomullsteppe-bahia\/","og_locale":"nb_NO","og_type":"article","og_title":"Bomuldst\u00e6ppe | H\u00e5ndv\u00e6vet t\u00e6ppe | Klik og se lige nu!","og_description":"Marokkansk bomuldst\u00e6ppe i creme med brune detaljer. Den h\u00f8jeste kvalitet sikrer, at det vil holde l\u00e6nge. Unikt design, som ikke findes andre steder.","og_url":"https:\/\/tibladin.dk\/nb\/produkt\/bomullsteppe-bahia\/","og_site_name":"Tibladin","article_modified_time":"2024-12-09T13:39:34+00:00","og_image":[{"width":800,"height":800,"url":"https:\/\/tibladin.dk\/wp-content\/uploads\/2022\/09\/Tibladin_marokkansk-bomuldstaeppe_bahia-1.jpg","type":"image\/jpeg"}],"twitter_card":"summary_large_image","twitter_misc":{"Ansl. lesetid":"1 minutt"},"schema":{"@context":"https:\/\/schema.org","@graph":[{"@type":"WebPage","@id":"https:\/\/tibladin.dk\/produkt\/bomuldstaeppe-bahia\/","url":"https:\/\/tibladin.dk\/produkt\/bomuldstaeppe-bahia\/","name":"Bomullsteppe | H\u00e5ndvevd teppe | Klikk og se n\u00e5!","isPartOf":{"@id":"https:\/\/tibladin.dk\/#website"},"primaryImageOfPage":{"@id":"https:\/\/tibladin.dk\/produkt\/bomuldstaeppe-bahia\/#primaryimage"},"image":{"@id":"https:\/\/tibladin.dk\/produkt\/bomuldstaeppe-bahia\/#primaryimage"},"thumbnailUrl":"https:\/\/tibladin.dk\/wp-content\/uploads\/2022\/09\/Tibladin_marokkansk-bomuldstaeppe_bahia-1.jpg","datePublished":"2022-09-20T09:10:11+00:00","dateModified":"2024-12-09T13:39:34+00:00","description":"Marokkansk bomullsteppe i kremfarget med brune detaljer. H\u00f8yeste kvalitet sikrer at det vil vare lenge. Unikt design som ikke finnes andre steder.","breadcrumb":{"@id":"https:\/\/tibladin.dk\/produkt\/bomuldstaeppe-bahia\/#breadcrumb"},"inLanguage":"nb-NO","potentialAction":[{"@type":"ReadAction","target":["https:\/\/tibladin.dk\/produkt\/bomuldstaeppe-bahia\/"]}]},{"@type":"ImageObject","inLanguage":"nb-NO","@id":"https:\/\/tibladin.dk\/produkt\/bomuldstaeppe-bahia\/#primaryimage","url":"https:\/\/tibladin.dk\/wp-content\/uploads\/2022\/09\/Tibladin_marokkansk-bomuldstaeppe_bahia-1.jpg","contentUrl":"https:\/\/tibladin.dk\/wp-content\/uploads\/2022\/09\/Tibladin_marokkansk-bomuldstaeppe_bahia-1.jpg","width":800,"height":800,"caption":"H\u00e5ndv\u00e6vet bomuldst\u00e6ppe i beige med marokkansk stribe og prikm\u00f8nster i brune nuancer med hvide kvaster"},{"@type":"BreadcrumbList","@id":"https:\/\/tibladin.dk\/produkt\/bomuldstaeppe-bahia\/#breadcrumb","itemListElement":[{"@type":"ListItem","position":1,"name":"Hjem","item":"https:\/\/tibladin.dk\/"},{"@type":"ListItem","position":2,"name":"Shop","item":"https:\/\/tibladin.dk\/shop\/"},{"@type":"ListItem","position":3,"name":"Bomuldst\u00e6ppe &#8211; Bahia"}]},{"@type":"WebSite","@id":"https:\/\/tibladin.dk\/#website","url":"https:\/\/tibladin.dk\/","name":"Tibladin","description":"Tibladin","publisher":{"@id":"https:\/\/tibladin.dk\/#organization"},"potentialAction":[{"@type":"SearchAction","target":{"@type":"EntryPoint","urlTemplate":"https:\/\/tibladin.dk\/?s={search_term_string}"},"query-input":{"@type":"PropertyValueSpecification","valueRequired":true,"valueName":"search_term_string"}}],"inLanguage":"nb-NO"},{"@type":"Organization","@id":"https:\/\/tibladin.dk\/#organization","name":"Tibladin","url":"https:\/\/tibladin.dk\/","logo":{"@type":"ImageObject","inLanguage":"nb-NO","@id":"https:\/\/tibladin.dk\/#\/schema\/logo\/image\/","url":"https:\/\/tibladin.dk\/wp-content\/uploads\/2022\/09\/tibladin_logo.svg","contentUrl":"https:\/\/tibladin.dk\/wp-content\/uploads\/2022\/09\/tibladin_logo.svg","caption":"Tibladin"},"image":{"@id":"https:\/\/tibladin.dk\/#\/schema\/logo\/image\/"}}]}},"_links":{"self":[{"href":"https:\/\/tibladin.dk\/nb\/wp-json\/wp\/v2\/product\/1576","targetHints":{"allow":["GET"]}}],"collection":[{"href":"https:\/\/tibladin.dk\/nb\/wp-json\/wp\/v2\/product"}],"about":[{"href":"https:\/\/tibladin.dk\/nb\/wp-json\/wp\/v2\/types\/product"}],"wp:featuredmedia":[{"embeddable":true,"href":"https:\/\/tibladin.dk\/nb\/wp-json\/wp\/v2\/media\/1572"}],"wp:attachment":[{"href":"https:\/\/tibladin.dk\/nb\/wp-json\/wp\/v2\/media?parent=1576"}],"wp:term":[{"taxonomy":"product_brand","embeddable":true,"href":"https:\/\/tibladin.dk\/nb\/wp-json\/wp\/v2\/product_brand?post=1576"},{"taxonomy":"product_cat","embeddable":true,"href":"https:\/\/tibladin.dk\/nb\/wp-json\/wp\/v2\/product_cat?post=1576"},{"taxonomy":"product_tag","embeddable":true,"href":"https:\/\/tibladin.dk\/nb\/wp-json\/wp\/v2\/product_tag?post=1576"}],"curies":[{"name":"wp","href":"https:\/\/api.w.org\/{rel}","templated":true}]}}