{"id":1630,"date":"2022-09-20T11:10:35","date_gmt":"2022-09-20T09:10:35","guid":{"rendered":"https:\/\/tibladin.dk\/?post_type=product&#038;p=1630"},"modified":"2024-12-09T14:39:04","modified_gmt":"2024-12-09T13:39:04","slug":"gulvpute-puff-beni-ourain-med-store-linjer","status":"publish","type":"product","link":"https:\/\/tibladin.dk\/nb\/produkt\/gulvpude-puf-beni-ouarain-med-store-linjer\/","title":{"rendered":"Gulvpute\/puff Beni Ourain \u2013 med store linjer"},"content":{"rendered":"<div class=\"wpb-content-wrapper\"><div class=\"vc_row wpb_row vc_row-fluid\"><div class=\"wpb_column vc_column_container vc_col-sm-4\"><div class=\"vc_column-inner\"><div class=\"wpb_wrapper\">\n\t<div class=\"wpb_video_widget wpb_content_element vc_clearfix   vc_video-aspect-ratio-43 vc_video-el-width-100 vc_video-align-left\" >\n\t\t<div class=\"wpb_wrapper\">\n\t\t\t\n\t\t\t<div class=\"wpb_video_wrapper\"><div class=\"video-container\"><iframe loading=\"lazy\" title=\"Fyll puffen din_Beni Ourain\" src=\"https:\/\/player.vimeo.com\/video\/416206236?dnt=1&amp;app_id=122963\" width=\"310\" height=\"310\" frameborder=\"0\" allow=\"autoplay; fullscreen; picture-in-picture\"><\/iframe><\/div><\/div>\n\t\t<\/div>\n\t<\/div>\n<\/div><\/div><\/div><div class=\"wpb_column vc_column_container vc_col-sm-4\"><div class=\"vc_column-inner\"><div class=\"wpb_wrapper\"><h3 style=\"text-align: left\" class=\"vc_custom_heading vc_do_custom_heading\" >Vedlikehold<\/h3>\n\t<div class=\"wpb_text_column wpb_content_element\" >\n\t\t<div class=\"wpb_wrapper\">\n\t\t\t<p>Hvis du er s\u00e5 uheldig at du f\u00e5r en flekk p\u00e5 ullpuffen din, kan du begynne med \u00e5 st\u00f8vsuge flekken. Ull er naturlig omgitt av lanolin, som lager en beskyttende hinne p\u00e5 fibrene, noe som gj\u00f8r det vanskeligere for flekker \u00e5 trenge inn. Hvis dette ikke fjerner flekken, kan du ta en fuktig klut og duppe den p\u00e5 flekken, absolutt ikke gni! Den kan ogs\u00e5 t\u00f8rkes p\u00e5 et renseri. Skulle vi v\u00e6re s\u00e5 heldige at det faller sn\u00f8 p\u00e5 en vinterdag, kan du legge ullpuffen eller ullteppet ditt ut i den nysn\u00f8en. Dette er den mest effektive metoden for \u00e5 f\u00e5 det grundig rengjort.<\/p>\n\n\t\t<\/div>\n\t<\/div>\n<\/div><\/div><\/div><div class=\"wpb_column vc_column_container vc_col-sm-4\"><div class=\"vc_column-inner\"><div class=\"wpb_wrapper\"><h3 style=\"text-align: left\" class=\"vc_custom_heading vc_do_custom_heading\" >Fyll puffen din<\/h3>\n\t<div class=\"wpb_text_column wpb_content_element\" >\n\t\t<div class=\"wpb_wrapper\">\n\t\t\t<p>Den beste m\u00e5ten \u00e5 fylle puffen din p\u00e5 er med et stykke solid skum som er kuttet til \u00e5 passe. Du kan enkelt bruke ting du allerede har, for eksempel dyner, puter, tepper eller tett sammenkr\u00f8llet avispapir. Du kan ogs\u00e5 kj\u00f8pe skumgranulat eller bomullsfyll til puffen din. Hvis du bruker denne typen fyll, anbefaler vi at du syr et innertrekk eller tar et gammelt dynetrekk og legger fyllet i det f\u00f8r du legger det i puffen.<\/p>\n<p>Hvis den kj\u00f8pes separat, kan vi ogs\u00e5 sende den med treullfyll \u2013 v\u00e6r imidlertid oppmerksom p\u00e5 at den kan v\u00e6re st\u00f8vete n\u00e5r du tar den ut hvis trekket m\u00e5 rengj\u00f8res.<\/p>\n\n\t\t<\/div>\n\t<\/div>\n<\/div><\/div><\/div><\/div>\n<\/div>","protected":false},"excerpt":{"rendered":"<p>Marokkansk gulvpute\/puff Beni Ourain. H\u00e5ndlaget av ekte Beni Ourain-ullkelimtepper med lang lugg.<\/p>\n<p>Berberkvinner fra Atlasfjellene i Marokko bruker h\u00e5ndverket sitt til \u00e5 fortelle sine stille historier gjennom disse h\u00e5ndvevde teppene laget av ekte ull.<\/p>\n<p>Passer flott til skandinavisk innredning i hvitt og svart og gir et fint personlig preg.<\/p>\n<p>Med et m\u00f8nster av store firkanter \u2013 alle puffer er unike i m\u00f8nsteret sitt, avhengig av hvilket omr\u00e5de av teppet som brukes.<\/p>\n<p>Velg din variant nedenfor.<\/p>\n<p>&nbsp;<\/p>\n<p>&nbsp;<\/p>\n<p>&nbsp;<\/p>","protected":false},"featured_media":1698,"template":"","meta":{"inline_featured_image":false},"product_brand":[],"product_cat":[101,39,40],"product_tag":[],"class_list":{"0":"post-1630","1":"product","2":"type-product","3":"status-publish","4":"has-post-thumbnail","6":"product_cat-gulvpuder-uldpufs","7":"product_cat-moebler","8":"product_cat-pufs","10":"first","11":"instock","12":"taxable","13":"shipping-taxable","14":"purchasable","15":"product-type-variable"},"exclude_global_add_ons":false,"addons":[{"name":"F\u00e5 puffen levert med et stort monteringsputefyll","type":"checkbox","position":0,"required":false,"title_format":"label","default":"","description_enable":true,"description":"Fylt med en stor monteringspute p\u00e5 90x90 cm, som fyller puffen godt og gj\u00f8r den myk og behagelig \u00e5 sitte p\u00e5. Gj\u00f8r det enkelt \u00e5 ta av trekket og rengj\u00f8re det.","placeholder_enable":false,"placeholder":"","display":"images","restrictions_type":"any_text","adjust_price":false,"price":"","price_type":"flat_fee","restrictions":false,"min":"0","max":"0","options":[{"label":"Ja tak","price":"300","price_type":"quantity_based","image":11028,"visibility":true}],"id":1672424044}],"yoast_head":"<!-- This site is optimized with the Yoast SEO plugin v27.5 - https:\/\/yoast.com\/product\/yoast-seo-wordpress\/ -->\n<title>Marokkansk gulvpude\/puf Beni Ouarain | 60x60x23 | Tibladin<\/title>\n<meta name=\"description\" content=\"Marokkansk gulvpude\/puf i uld kelim i Beni Ouarain m\u00f8nster. H\u00e5ndsyet af vintage-t\u00e6pper, som er genbrugt til disse pufs. \u21d2 Se den her.\" \/>\n<meta name=\"robots\" content=\"index, follow, max-snippet:-1, max-image-preview:large, max-video-preview:-1\" \/>\n<link rel=\"canonical\" href=\"https:\/\/tibladin.dk\/nb\/produkt\/gulvpute-puff-beni-ourain-med-store-linjer\/\" \/>\n<meta property=\"og:locale\" content=\"nb_NO\" \/>\n<meta property=\"og:type\" content=\"article\" \/>\n<meta property=\"og:title\" content=\"Marokkansk gulvpude\/puf Beni Ouarain | 60x60x23 | Tibladin\" \/>\n<meta property=\"og:description\" content=\"Marokkansk gulvpude\/puf i uld kelim i Beni Ouarain m\u00f8nster. H\u00e5ndsyet af vintage-t\u00e6pper, som er genbrugt til disse pufs. \u21d2 Se den her.\" \/>\n<meta property=\"og:url\" content=\"https:\/\/tibladin.dk\/nb\/produkt\/gulvpute-puff-beni-ourain-med-store-linjer\/\" \/>\n<meta property=\"og:site_name\" content=\"Tibladin\" \/>\n<meta property=\"article:modified_time\" content=\"2024-12-09T13:39:04+00:00\" \/>\n<meta property=\"og:image\" content=\"https:\/\/tibladin.dk\/wp-content\/uploads\/2022\/09\/Motiv-3-1.png\" \/>\n\t<meta property=\"og:image:width\" content=\"800\" \/>\n\t<meta property=\"og:image:height\" content=\"800\" \/>\n\t<meta property=\"og:image:type\" content=\"image\/png\" \/>\n<meta name=\"twitter:card\" content=\"summary_large_image\" \/>\n<meta name=\"twitter:label1\" content=\"Ansl. lesetid\" \/>\n\t<meta name=\"twitter:data1\" content=\"2 minutter\" \/>\n<script type=\"application\/ld+json\" class=\"yoast-schema-graph\">{\"@context\":\"https:\\\/\\\/schema.org\",\"@graph\":[{\"@type\":\"WebPage\",\"@id\":\"https:\\\/\\\/tibladin.dk\\\/produkt\\\/gulvpude-puf-beni-ouarain-med-store-linjer\\\/\",\"url\":\"https:\\\/\\\/tibladin.dk\\\/produkt\\\/gulvpude-puf-beni-ouarain-med-store-linjer\\\/\",\"name\":\"Marokkansk gulvpude\\\/puf Beni Ouarain | 60x60x23 | Tibladin\",\"isPartOf\":{\"@id\":\"https:\\\/\\\/tibladin.dk\\\/#website\"},\"primaryImageOfPage\":{\"@id\":\"https:\\\/\\\/tibladin.dk\\\/produkt\\\/gulvpude-puf-beni-ouarain-med-store-linjer\\\/#primaryimage\"},\"image\":{\"@id\":\"https:\\\/\\\/tibladin.dk\\\/produkt\\\/gulvpude-puf-beni-ouarain-med-store-linjer\\\/#primaryimage\"},\"thumbnailUrl\":\"https:\\\/\\\/tibladin.dk\\\/wp-content\\\/uploads\\\/2022\\\/09\\\/Motiv-3-1.png\",\"datePublished\":\"2022-09-20T09:10:35+00:00\",\"dateModified\":\"2024-12-09T13:39:04+00:00\",\"description\":\"Marokkansk gulvpude\\\/puf i uld kelim i Beni Ouarain m\u00f8nster. H\u00e5ndsyet af vintage-t\u00e6pper, som er genbrugt til disse pufs. \u21d2 Se den her.\",\"breadcrumb\":{\"@id\":\"https:\\\/\\\/tibladin.dk\\\/produkt\\\/gulvpude-puf-beni-ouarain-med-store-linjer\\\/#breadcrumb\"},\"inLanguage\":\"nb-NO\",\"potentialAction\":[{\"@type\":\"ReadAction\",\"target\":[\"https:\\\/\\\/tibladin.dk\\\/produkt\\\/gulvpude-puf-beni-ouarain-med-store-linjer\\\/\"]}]},{\"@type\":\"ImageObject\",\"inLanguage\":\"nb-NO\",\"@id\":\"https:\\\/\\\/tibladin.dk\\\/produkt\\\/gulvpude-puf-beni-ouarain-med-store-linjer\\\/#primaryimage\",\"url\":\"https:\\\/\\\/tibladin.dk\\\/wp-content\\\/uploads\\\/2022\\\/09\\\/Motiv-3-1.png\",\"contentUrl\":\"https:\\\/\\\/tibladin.dk\\\/wp-content\\\/uploads\\\/2022\\\/09\\\/Motiv-3-1.png\",\"width\":800,\"height\":800,\"caption\":\"Firkantet marokkansk h\u00e5ndsyet gulvpude i uld med stort sort krydsmotiv\"},{\"@type\":\"BreadcrumbList\",\"@id\":\"https:\\\/\\\/tibladin.dk\\\/produkt\\\/gulvpude-puf-beni-ouarain-med-store-linjer\\\/#breadcrumb\",\"itemListElement\":[{\"@type\":\"ListItem\",\"position\":1,\"name\":\"Hjem\",\"item\":\"https:\\\/\\\/tibladin.dk\\\/\"},{\"@type\":\"ListItem\",\"position\":2,\"name\":\"Shop\",\"item\":\"https:\\\/\\\/tibladin.dk\\\/shop\\\/\"},{\"@type\":\"ListItem\",\"position\":3,\"name\":\"Gulvpude\\\/puf Beni Ouarain &#8211; med store linjer\"}]},{\"@type\":\"WebSite\",\"@id\":\"https:\\\/\\\/tibladin.dk\\\/#website\",\"url\":\"https:\\\/\\\/tibladin.dk\\\/\",\"name\":\"Tibladin\",\"description\":\"Tibladin\",\"publisher\":{\"@id\":\"https:\\\/\\\/tibladin.dk\\\/#organization\"},\"potentialAction\":[{\"@type\":\"SearchAction\",\"target\":{\"@type\":\"EntryPoint\",\"urlTemplate\":\"https:\\\/\\\/tibladin.dk\\\/?s={search_term_string}\"},\"query-input\":{\"@type\":\"PropertyValueSpecification\",\"valueRequired\":true,\"valueName\":\"search_term_string\"}}],\"inLanguage\":\"nb-NO\"},{\"@type\":\"Organization\",\"@id\":\"https:\\\/\\\/tibladin.dk\\\/#organization\",\"name\":\"Tibladin\",\"url\":\"https:\\\/\\\/tibladin.dk\\\/\",\"logo\":{\"@type\":\"ImageObject\",\"inLanguage\":\"nb-NO\",\"@id\":\"https:\\\/\\\/tibladin.dk\\\/#\\\/schema\\\/logo\\\/image\\\/\",\"url\":\"https:\\\/\\\/tibladin.dk\\\/wp-content\\\/uploads\\\/2022\\\/09\\\/tibladin_logo.svg\",\"contentUrl\":\"https:\\\/\\\/tibladin.dk\\\/wp-content\\\/uploads\\\/2022\\\/09\\\/tibladin_logo.svg\",\"caption\":\"Tibladin\"},\"image\":{\"@id\":\"https:\\\/\\\/tibladin.dk\\\/#\\\/schema\\\/logo\\\/image\\\/\"}}]}<\/script>\n<!-- \/ Yoast SEO plugin. -->","yoast_head_json":{"title":"Marokkansk gulvpute\/puff Beni Ouarain | 60x60x23 | Tibladin","description":"Marokkansk gulvpute\/puff i ullkilim med Beni Ourain-m\u00f8nster. H\u00e5ndsydd fra vintage-tepper, som er resirkulert til disse puffene. \u21d2 Se den her.","robots":{"index":"index","follow":"follow","max-snippet":"max-snippet:-1","max-image-preview":"max-image-preview:large","max-video-preview":"max-video-preview:-1"},"canonical":"https:\/\/tibladin.dk\/nb\/produkt\/gulvpute-puff-beni-ourain-med-store-linjer\/","og_locale":"nb_NO","og_type":"article","og_title":"Marokkansk gulvpude\/puf Beni Ouarain | 60x60x23 | Tibladin","og_description":"Marokkansk gulvpude\/puf i uld kelim i Beni Ouarain m\u00f8nster. H\u00e5ndsyet af vintage-t\u00e6pper, som er genbrugt til disse pufs. \u21d2 Se den her.","og_url":"https:\/\/tibladin.dk\/nb\/produkt\/gulvpute-puff-beni-ourain-med-store-linjer\/","og_site_name":"Tibladin","article_modified_time":"2024-12-09T13:39:04+00:00","og_image":[{"width":800,"height":800,"url":"https:\/\/tibladin.dk\/wp-content\/uploads\/2022\/09\/Motiv-3-1.png","type":"image\/png"}],"twitter_card":"summary_large_image","twitter_misc":{"Ansl. lesetid":"2 minutter"},"schema":{"@context":"https:\/\/schema.org","@graph":[{"@type":"WebPage","@id":"https:\/\/tibladin.dk\/produkt\/gulvpude-puf-beni-ouarain-med-store-linjer\/","url":"https:\/\/tibladin.dk\/produkt\/gulvpude-puf-beni-ouarain-med-store-linjer\/","name":"Marokkansk gulvpute\/puff Beni Ouarain | 60x60x23 | Tibladin","isPartOf":{"@id":"https:\/\/tibladin.dk\/#website"},"primaryImageOfPage":{"@id":"https:\/\/tibladin.dk\/produkt\/gulvpude-puf-beni-ouarain-med-store-linjer\/#primaryimage"},"image":{"@id":"https:\/\/tibladin.dk\/produkt\/gulvpude-puf-beni-ouarain-med-store-linjer\/#primaryimage"},"thumbnailUrl":"https:\/\/tibladin.dk\/wp-content\/uploads\/2022\/09\/Motiv-3-1.png","datePublished":"2022-09-20T09:10:35+00:00","dateModified":"2024-12-09T13:39:04+00:00","description":"Marokkansk gulvpute\/puff i ullkilim med Beni Ourain-m\u00f8nster. H\u00e5ndsydd fra vintage-tepper, som er resirkulert til disse puffene. \u21d2 Se den her.","breadcrumb":{"@id":"https:\/\/tibladin.dk\/produkt\/gulvpude-puf-beni-ouarain-med-store-linjer\/#breadcrumb"},"inLanguage":"nb-NO","potentialAction":[{"@type":"ReadAction","target":["https:\/\/tibladin.dk\/produkt\/gulvpude-puf-beni-ouarain-med-store-linjer\/"]}]},{"@type":"ImageObject","inLanguage":"nb-NO","@id":"https:\/\/tibladin.dk\/produkt\/gulvpude-puf-beni-ouarain-med-store-linjer\/#primaryimage","url":"https:\/\/tibladin.dk\/wp-content\/uploads\/2022\/09\/Motiv-3-1.png","contentUrl":"https:\/\/tibladin.dk\/wp-content\/uploads\/2022\/09\/Motiv-3-1.png","width":800,"height":800,"caption":"Firkantet marokkansk h\u00e5ndsyet gulvpude i uld med stort sort krydsmotiv"},{"@type":"BreadcrumbList","@id":"https:\/\/tibladin.dk\/produkt\/gulvpude-puf-beni-ouarain-med-store-linjer\/#breadcrumb","itemListElement":[{"@type":"ListItem","position":1,"name":"Hjem","item":"https:\/\/tibladin.dk\/"},{"@type":"ListItem","position":2,"name":"Shop","item":"https:\/\/tibladin.dk\/shop\/"},{"@type":"ListItem","position":3,"name":"Gulvpude\/puf Beni Ouarain &#8211; med store linjer"}]},{"@type":"WebSite","@id":"https:\/\/tibladin.dk\/#website","url":"https:\/\/tibladin.dk\/","name":"Tibladin","description":"Tibladin","publisher":{"@id":"https:\/\/tibladin.dk\/#organization"},"potentialAction":[{"@type":"SearchAction","target":{"@type":"EntryPoint","urlTemplate":"https:\/\/tibladin.dk\/?s={search_term_string}"},"query-input":{"@type":"PropertyValueSpecification","valueRequired":true,"valueName":"search_term_string"}}],"inLanguage":"nb-NO"},{"@type":"Organization","@id":"https:\/\/tibladin.dk\/#organization","name":"Tibladin","url":"https:\/\/tibladin.dk\/","logo":{"@type":"ImageObject","inLanguage":"nb-NO","@id":"https:\/\/tibladin.dk\/#\/schema\/logo\/image\/","url":"https:\/\/tibladin.dk\/wp-content\/uploads\/2022\/09\/tibladin_logo.svg","contentUrl":"https:\/\/tibladin.dk\/wp-content\/uploads\/2022\/09\/tibladin_logo.svg","caption":"Tibladin"},"image":{"@id":"https:\/\/tibladin.dk\/#\/schema\/logo\/image\/"}}]}},"_links":{"self":[{"href":"https:\/\/tibladin.dk\/nb\/wp-json\/wp\/v2\/product\/1630","targetHints":{"allow":["GET"]}}],"collection":[{"href":"https:\/\/tibladin.dk\/nb\/wp-json\/wp\/v2\/product"}],"about":[{"href":"https:\/\/tibladin.dk\/nb\/wp-json\/wp\/v2\/types\/product"}],"wp:featuredmedia":[{"embeddable":true,"href":"https:\/\/tibladin.dk\/nb\/wp-json\/wp\/v2\/media\/1698"}],"wp:attachment":[{"href":"https:\/\/tibladin.dk\/nb\/wp-json\/wp\/v2\/media?parent=1630"}],"wp:term":[{"taxonomy":"product_brand","embeddable":true,"href":"https:\/\/tibladin.dk\/nb\/wp-json\/wp\/v2\/product_brand?post=1630"},{"taxonomy":"product_cat","embeddable":true,"href":"https:\/\/tibladin.dk\/nb\/wp-json\/wp\/v2\/product_cat?post=1630"},{"taxonomy":"product_tag","embeddable":true,"href":"https:\/\/tibladin.dk\/nb\/wp-json\/wp\/v2\/product_tag?post=1630"}],"curies":[{"name":"wp","href":"https:\/\/api.w.org\/{rel}","templated":true}]}}