{"id":1651,"date":"2022-09-20T11:10:43","date_gmt":"2022-09-20T09:10:43","guid":{"rendered":"https:\/\/tibladin.dk\/vare\/stofserviet-med-haandbroderet-moenster-groen\/"},"modified":"2024-12-09T14:38:48","modified_gmt":"2024-12-09T13:38:48","slug":"stoffserviett-med-haandbrodert-moenster-i-groent","status":"publish","type":"product","link":"https:\/\/tibladin.dk\/nb\/produkt\/stofserviet-med-haandbroderet-moenster-groen\/","title":{"rendered":"Stoffserviett med h\u00e5ndbrodert m\u00f8nster \u2013 gr\u00f8nn"},"content":{"rendered":"<div class=\"wpb-content-wrapper\"><div class=\"vc_row wpb_row vc_row-fluid\"><div class=\"wpb_column vc_column_container vc_col-sm-4\"><div class=\"vc_column-inner\"><div class=\"wpb_wrapper\">\n\t<div class=\"wpb_video_widget wpb_content_element vc_clearfix   vc_video-aspect-ratio-43 vc_video-el-width-100 vc_video-align-left\" >\n\t\t<div class=\"wpb_wrapper\">\n\t\t\t\n\t\t\t<div class=\"wpb_video_wrapper\"><div class=\"video-container\"><iframe loading=\"lazy\" title=\"gr\u00f8nne stoffservietter\" src=\"https:\/\/player.vimeo.com\/video\/519022024?dnt=1&amp;app_id=122963\" width=\"174\" height=\"310\" frameborder=\"0\" allow=\"autoplay; fullscreen; picture-in-picture\"><\/iframe><\/div><\/div>\n\t\t<\/div>\n\t<\/div>\n<\/div><\/div><\/div><div class=\"wpb_column vc_column_container vc_col-sm-4\"><div class=\"vc_column-inner\"><div class=\"wpb_wrapper\"><h3 style=\"text-align: left\" class=\"vc_custom_heading vc_do_custom_heading\" >Vedlikehold<\/h3>\n\t<div class=\"wpb_text_column wpb_content_element\" >\n\t\t<div class=\"wpb_wrapper\">\n\t\t\t<p>Stoffservietten er laget av 100 % %-bomull og kan vaskes i maskin p\u00e5 opptil 60 grader. Kan strykes.<\/p>\n\n\t\t<\/div>\n\t<\/div>\n<\/div><\/div><\/div><div class=\"wpb_column vc_column_container vc_col-sm-4\"><div class=\"vc_column-inner\"><div class=\"wpb_wrapper\"><h3 style=\"text-align: left\" class=\"vc_custom_heading vc_do_custom_heading\" >Historien bak<\/h3>\n\t<div class=\"wpb_text_column wpb_content_element\" >\n\t\t<div class=\"wpb_wrapper\">\n\t\t\t<p>N\u00e5r du ser et veldekket bord hvor verten har gjort seg umage med \u00e5 bruke t\u00f8yservietter i stedet for papirservietter, f\u00f8ler du deg som gjest verdsatt og velkommen. En t\u00f8yserviett kan gjenbrukes i mange \u00e5r og er mye bedre for milj\u00f8et. T\u00f8yservietten er laget av kvalitetsbomull med et vakkert h\u00e5ndbrodert enkelt m\u00f8nster og kant i samme farge. De er enkle \u00e5 legge til borddekkingen din og gir et vakkert kvalitetsuttrykk. Mange timer med h\u00e5ndarbeid ligger bak disse serviettene av kvinner fra et kvinnekooperativ s\u00f8r for Marrakech.<\/p>\n<p>Kvinnekooperativet sysselsetter 160 kvinner i den lille landsbyen, og bidrar dermed til \u00e5 heve levestandarden til mange familier. Det er opprettet en skole og barnehage for kvinnenes barn, slik at barna kan f\u00e5 utdanning og v\u00e6re i arbeid mens m\u00f8drene jobber.<\/p>\n\n\t\t<\/div>\n\t<\/div>\n<\/div><\/div><\/div><\/div>\n<\/div>","protected":false},"excerpt":{"rendered":"<p class=\"p1\"><span class=\"s1\">H\u00e5ndbrodert hvit stoffserviett med et fint gr\u00f8nt, enkelt m\u00f8nster og kant i samme farge.<\/span><\/p>\n<p>F\u00e5 gjestene dine til \u00e5 f\u00f8le seg spesielle og dekk et vakkert bord med unikt steint\u00f8y og h\u00e5ndbroderte t\u00f8yservietter.<\/p>\n<p>Finnes i tre forskjellige farger: Brun, svart og gr\u00f8nn.<\/p>\n<p class=\"p1\"><span class=\"s1\">Serviettene kan vaskes i maskin p\u00e5 opptil 60 grader og strykes. M\u00e5ler 50\u00d750 cm.<\/span><\/p>\n<p>&nbsp;<\/p>","protected":false},"featured_media":1646,"template":"","meta":{"inline_featured_image":false},"product_brand":[],"product_cat":[33,98,37],"product_tag":[],"class_list":{"0":"post-1651","1":"product","2":"type-product","3":"status-publish","4":"has-post-thumbnail","6":"product_cat-borddaekning","7":"product_cat-stofservietter","8":"product_cat-tekstiler","10":"first","11":"instock","12":"taxable","13":"shipping-taxable","14":"purchasable","15":"product-type-simple"},"exclude_global_add_ons":false,"addons":[{"name":"\u00d8nsker du gaveinnpakning?","type":"checkbox","position":0,"required":false,"title_format":"label","default":"","description_enable":false,"description":"","placeholder_enable":false,"placeholder":"","display":"images","restrictions_type":"any_text","adjust_price":false,"price":"","price_type":"flat_fee","restrictions":false,"min":"0","max":"0","options":[{"label":"Ja tak","price":"10","price_type":"flat_fee","image":11015,"visibility":true}],"id":1669646111}],"yoast_head":"<!-- This site is optimized with the Yoast SEO plugin v27.4 - https:\/\/yoast.com\/product\/yoast-seo-wordpress\/ -->\n<title>H\u00e5ndbroderede stofservietter i \u00f8kologisk bomuld | Tibladin<\/title>\n<meta name=\"description\" content=\"H\u00e5ndbroderede stofservietter med enkelt fint m\u00f8nster og kant i samme farve. findes i tre farver: brun, sort og gr\u00f8n. K\u00f8b d\u00e6kkeservietter for et komplet s\u00e6t\" \/>\n<meta name=\"robots\" content=\"index, follow, max-snippet:-1, max-image-preview:large, max-video-preview:-1\" \/>\n<link rel=\"canonical\" href=\"https:\/\/tibladin.dk\/nb\/produkt\/stoffserviett-med-haandbrodert-moenster-i-groent\/\" \/>\n<meta property=\"og:locale\" content=\"nb_NO\" \/>\n<meta property=\"og:type\" content=\"article\" \/>\n<meta property=\"og:title\" content=\"H\u00e5ndbroderede stofservietter i \u00f8kologisk bomuld | Tibladin\" \/>\n<meta property=\"og:description\" content=\"H\u00e5ndbroderede stofservietter med enkelt fint m\u00f8nster og kant i samme farve. findes i tre farver: brun, sort og gr\u00f8n. K\u00f8b d\u00e6kkeservietter for et komplet s\u00e6t\" \/>\n<meta property=\"og:url\" content=\"https:\/\/tibladin.dk\/nb\/produkt\/stoffserviett-med-haandbrodert-moenster-i-groent\/\" \/>\n<meta property=\"og:site_name\" content=\"Tibladin\" \/>\n<meta property=\"article:modified_time\" content=\"2024-12-09T13:38:48+00:00\" \/>\n<meta property=\"og:image\" content=\"https:\/\/tibladin.dk\/wp-content\/uploads\/2022\/09\/Tibladin_marokkansk-stofserviet-med-groent-broderet-moenster_LS-1.jpg\" \/>\n\t<meta property=\"og:image:width\" content=\"800\" \/>\n\t<meta property=\"og:image:height\" content=\"800\" \/>\n\t<meta property=\"og:image:type\" content=\"image\/jpeg\" \/>\n<meta name=\"twitter:card\" content=\"summary_large_image\" \/>\n<meta name=\"twitter:label1\" content=\"Ansl. lesetid\" \/>\n\t<meta name=\"twitter:data1\" content=\"2 minutter\" \/>\n<script type=\"application\/ld+json\" class=\"yoast-schema-graph\">{\"@context\":\"https:\\\/\\\/schema.org\",\"@graph\":[{\"@type\":\"WebPage\",\"@id\":\"https:\\\/\\\/tibladin.dk\\\/produkt\\\/stofserviet-med-haandbroderet-moenster-groen\\\/\",\"url\":\"https:\\\/\\\/tibladin.dk\\\/produkt\\\/stofserviet-med-haandbroderet-moenster-groen\\\/\",\"name\":\"H\u00e5ndbroderede stofservietter i \u00f8kologisk bomuld | Tibladin\",\"isPartOf\":{\"@id\":\"https:\\\/\\\/tibladin.dk\\\/#website\"},\"primaryImageOfPage\":{\"@id\":\"https:\\\/\\\/tibladin.dk\\\/produkt\\\/stofserviet-med-haandbroderet-moenster-groen\\\/#primaryimage\"},\"image\":{\"@id\":\"https:\\\/\\\/tibladin.dk\\\/produkt\\\/stofserviet-med-haandbroderet-moenster-groen\\\/#primaryimage\"},\"thumbnailUrl\":\"https:\\\/\\\/tibladin.dk\\\/wp-content\\\/uploads\\\/2022\\\/09\\\/Tibladin_marokkansk-stofserviet-med-groent-broderet-moenster_LS-1.jpg\",\"datePublished\":\"2022-09-20T09:10:43+00:00\",\"dateModified\":\"2024-12-09T13:38:48+00:00\",\"description\":\"H\u00e5ndbroderede stofservietter med enkelt fint m\u00f8nster og kant i samme farve. findes i tre farver: brun, sort og gr\u00f8n. K\u00f8b d\u00e6kkeservietter for et komplet s\u00e6t\",\"breadcrumb\":{\"@id\":\"https:\\\/\\\/tibladin.dk\\\/produkt\\\/stofserviet-med-haandbroderet-moenster-groen\\\/#breadcrumb\"},\"inLanguage\":\"nb-NO\",\"potentialAction\":[{\"@type\":\"ReadAction\",\"target\":[\"https:\\\/\\\/tibladin.dk\\\/produkt\\\/stofserviet-med-haandbroderet-moenster-groen\\\/\"]}]},{\"@type\":\"ImageObject\",\"inLanguage\":\"nb-NO\",\"@id\":\"https:\\\/\\\/tibladin.dk\\\/produkt\\\/stofserviet-med-haandbroderet-moenster-groen\\\/#primaryimage\",\"url\":\"https:\\\/\\\/tibladin.dk\\\/wp-content\\\/uploads\\\/2022\\\/09\\\/Tibladin_marokkansk-stofserviet-med-groent-broderet-moenster_LS-1.jpg\",\"contentUrl\":\"https:\\\/\\\/tibladin.dk\\\/wp-content\\\/uploads\\\/2022\\\/09\\\/Tibladin_marokkansk-stofserviet-med-groent-broderet-moenster_LS-1.jpg\",\"width\":800,\"height\":800,\"caption\":\"Marokkansk h\u00e5ndbroderet stofserviet med gr\u00f8n kant p\u00e5 en tallerken p\u00e5 et opd\u00e6kket bord udenfor, fra oven\"},{\"@type\":\"BreadcrumbList\",\"@id\":\"https:\\\/\\\/tibladin.dk\\\/produkt\\\/stofserviet-med-haandbroderet-moenster-groen\\\/#breadcrumb\",\"itemListElement\":[{\"@type\":\"ListItem\",\"position\":1,\"name\":\"Hjem\",\"item\":\"https:\\\/\\\/tibladin.dk\\\/\"},{\"@type\":\"ListItem\",\"position\":2,\"name\":\"Shop\",\"item\":\"https:\\\/\\\/tibladin.dk\\\/shop\\\/\"},{\"@type\":\"ListItem\",\"position\":3,\"name\":\"Stofserviet med h\u00e5ndbroderet m\u00f8nster &#8211; gr\u00f8n\"}]},{\"@type\":\"WebSite\",\"@id\":\"https:\\\/\\\/tibladin.dk\\\/#website\",\"url\":\"https:\\\/\\\/tibladin.dk\\\/\",\"name\":\"Tibladin\",\"description\":\"Tibladin\",\"publisher\":{\"@id\":\"https:\\\/\\\/tibladin.dk\\\/#organization\"},\"potentialAction\":[{\"@type\":\"SearchAction\",\"target\":{\"@type\":\"EntryPoint\",\"urlTemplate\":\"https:\\\/\\\/tibladin.dk\\\/?s={search_term_string}\"},\"query-input\":{\"@type\":\"PropertyValueSpecification\",\"valueRequired\":true,\"valueName\":\"search_term_string\"}}],\"inLanguage\":\"nb-NO\"},{\"@type\":\"Organization\",\"@id\":\"https:\\\/\\\/tibladin.dk\\\/#organization\",\"name\":\"Tibladin\",\"url\":\"https:\\\/\\\/tibladin.dk\\\/\",\"logo\":{\"@type\":\"ImageObject\",\"inLanguage\":\"nb-NO\",\"@id\":\"https:\\\/\\\/tibladin.dk\\\/#\\\/schema\\\/logo\\\/image\\\/\",\"url\":\"https:\\\/\\\/tibladin.dk\\\/wp-content\\\/uploads\\\/2022\\\/09\\\/tibladin_logo.svg\",\"contentUrl\":\"https:\\\/\\\/tibladin.dk\\\/wp-content\\\/uploads\\\/2022\\\/09\\\/tibladin_logo.svg\",\"caption\":\"Tibladin\"},\"image\":{\"@id\":\"https:\\\/\\\/tibladin.dk\\\/#\\\/schema\\\/logo\\\/image\\\/\"}}]}<\/script>\n<!-- \/ Yoast SEO plugin. -->","yoast_head_json":{"title":"H\u00e5ndbroderte stoffservietter i \u00f8kologisk bomull | Tibladin","description":"H\u00e5ndbroderte stoffservietter med et enkelt, fint m\u00f8nster og kant i samme farge. Finnes i tre farger: brun, svart og gr\u00f8nn. Kj\u00f8p bordbrikker for et komplett sett.","robots":{"index":"index","follow":"follow","max-snippet":"max-snippet:-1","max-image-preview":"max-image-preview:large","max-video-preview":"max-video-preview:-1"},"canonical":"https:\/\/tibladin.dk\/nb\/produkt\/stoffserviett-med-haandbrodert-moenster-i-groent\/","og_locale":"nb_NO","og_type":"article","og_title":"H\u00e5ndbroderede stofservietter i \u00f8kologisk bomuld | Tibladin","og_description":"H\u00e5ndbroderede stofservietter med enkelt fint m\u00f8nster og kant i samme farve. findes i tre farver: brun, sort og gr\u00f8n. K\u00f8b d\u00e6kkeservietter for et komplet s\u00e6t","og_url":"https:\/\/tibladin.dk\/nb\/produkt\/stoffserviett-med-haandbrodert-moenster-i-groent\/","og_site_name":"Tibladin","article_modified_time":"2024-12-09T13:38:48+00:00","og_image":[{"width":800,"height":800,"url":"https:\/\/tibladin.dk\/wp-content\/uploads\/2022\/09\/Tibladin_marokkansk-stofserviet-med-groent-broderet-moenster_LS-1.jpg","type":"image\/jpeg"}],"twitter_card":"summary_large_image","twitter_misc":{"Ansl. lesetid":"2 minutter"},"schema":{"@context":"https:\/\/schema.org","@graph":[{"@type":"WebPage","@id":"https:\/\/tibladin.dk\/produkt\/stofserviet-med-haandbroderet-moenster-groen\/","url":"https:\/\/tibladin.dk\/produkt\/stofserviet-med-haandbroderet-moenster-groen\/","name":"H\u00e5ndbroderte stoffservietter i \u00f8kologisk bomull | Tibladin","isPartOf":{"@id":"https:\/\/tibladin.dk\/#website"},"primaryImageOfPage":{"@id":"https:\/\/tibladin.dk\/produkt\/stofserviet-med-haandbroderet-moenster-groen\/#primaryimage"},"image":{"@id":"https:\/\/tibladin.dk\/produkt\/stofserviet-med-haandbroderet-moenster-groen\/#primaryimage"},"thumbnailUrl":"https:\/\/tibladin.dk\/wp-content\/uploads\/2022\/09\/Tibladin_marokkansk-stofserviet-med-groent-broderet-moenster_LS-1.jpg","datePublished":"2022-09-20T09:10:43+00:00","dateModified":"2024-12-09T13:38:48+00:00","description":"H\u00e5ndbroderte stoffservietter med et enkelt, fint m\u00f8nster og kant i samme farge. Finnes i tre farger: brun, svart og gr\u00f8nn. Kj\u00f8p bordbrikker for et komplett sett.","breadcrumb":{"@id":"https:\/\/tibladin.dk\/produkt\/stofserviet-med-haandbroderet-moenster-groen\/#breadcrumb"},"inLanguage":"nb-NO","potentialAction":[{"@type":"ReadAction","target":["https:\/\/tibladin.dk\/produkt\/stofserviet-med-haandbroderet-moenster-groen\/"]}]},{"@type":"ImageObject","inLanguage":"nb-NO","@id":"https:\/\/tibladin.dk\/produkt\/stofserviet-med-haandbroderet-moenster-groen\/#primaryimage","url":"https:\/\/tibladin.dk\/wp-content\/uploads\/2022\/09\/Tibladin_marokkansk-stofserviet-med-groent-broderet-moenster_LS-1.jpg","contentUrl":"https:\/\/tibladin.dk\/wp-content\/uploads\/2022\/09\/Tibladin_marokkansk-stofserviet-med-groent-broderet-moenster_LS-1.jpg","width":800,"height":800,"caption":"Marokkansk h\u00e5ndbroderet stofserviet med gr\u00f8n kant p\u00e5 en tallerken p\u00e5 et opd\u00e6kket bord udenfor, fra oven"},{"@type":"BreadcrumbList","@id":"https:\/\/tibladin.dk\/produkt\/stofserviet-med-haandbroderet-moenster-groen\/#breadcrumb","itemListElement":[{"@type":"ListItem","position":1,"name":"Hjem","item":"https:\/\/tibladin.dk\/"},{"@type":"ListItem","position":2,"name":"Shop","item":"https:\/\/tibladin.dk\/shop\/"},{"@type":"ListItem","position":3,"name":"Stofserviet med h\u00e5ndbroderet m\u00f8nster &#8211; gr\u00f8n"}]},{"@type":"WebSite","@id":"https:\/\/tibladin.dk\/#website","url":"https:\/\/tibladin.dk\/","name":"Tibladin","description":"Tibladin","publisher":{"@id":"https:\/\/tibladin.dk\/#organization"},"potentialAction":[{"@type":"SearchAction","target":{"@type":"EntryPoint","urlTemplate":"https:\/\/tibladin.dk\/?s={search_term_string}"},"query-input":{"@type":"PropertyValueSpecification","valueRequired":true,"valueName":"search_term_string"}}],"inLanguage":"nb-NO"},{"@type":"Organization","@id":"https:\/\/tibladin.dk\/#organization","name":"Tibladin","url":"https:\/\/tibladin.dk\/","logo":{"@type":"ImageObject","inLanguage":"nb-NO","@id":"https:\/\/tibladin.dk\/#\/schema\/logo\/image\/","url":"https:\/\/tibladin.dk\/wp-content\/uploads\/2022\/09\/tibladin_logo.svg","contentUrl":"https:\/\/tibladin.dk\/wp-content\/uploads\/2022\/09\/tibladin_logo.svg","caption":"Tibladin"},"image":{"@id":"https:\/\/tibladin.dk\/#\/schema\/logo\/image\/"}}]}},"_links":{"self":[{"href":"https:\/\/tibladin.dk\/nb\/wp-json\/wp\/v2\/product\/1651","targetHints":{"allow":["GET"]}}],"collection":[{"href":"https:\/\/tibladin.dk\/nb\/wp-json\/wp\/v2\/product"}],"about":[{"href":"https:\/\/tibladin.dk\/nb\/wp-json\/wp\/v2\/types\/product"}],"wp:featuredmedia":[{"embeddable":true,"href":"https:\/\/tibladin.dk\/nb\/wp-json\/wp\/v2\/media\/1646"}],"wp:attachment":[{"href":"https:\/\/tibladin.dk\/nb\/wp-json\/wp\/v2\/media?parent=1651"}],"wp:term":[{"taxonomy":"product_brand","embeddable":true,"href":"https:\/\/tibladin.dk\/nb\/wp-json\/wp\/v2\/product_brand?post=1651"},{"taxonomy":"product_cat","embeddable":true,"href":"https:\/\/tibladin.dk\/nb\/wp-json\/wp\/v2\/product_cat?post=1651"},{"taxonomy":"product_tag","embeddable":true,"href":"https:\/\/tibladin.dk\/nb\/wp-json\/wp\/v2\/product_tag?post=1651"}],"curies":[{"name":"wp","href":"https:\/\/api.w.org\/{rel}","templated":true}]}}