{"id":1656,"date":"2022-09-20T11:10:45","date_gmt":"2022-09-20T09:10:45","guid":{"rendered":"https:\/\/tibladin.dk\/vare\/koksgraa-daekkeserviet-orange-kant\/"},"modified":"2025-03-06T16:09:51","modified_gmt":"2025-03-06T15:09:51","slug":"kullgraa-bordmatte-oransje-kant","status":"publish","type":"product","link":"https:\/\/tibladin.dk\/nb\/produkt\/koksgraa-daekkeserviet-orange-kant\/","title":{"rendered":"Kullgr\u00e5 bordmatte \u2013 oransje kant"},"content":{"rendered":"<div class=\"wpb-content-wrapper\"><div class=\"vc_row wpb_row vc_row-fluid\"><div class=\"wpb_column vc_column_container vc_col-sm-4\"><div class=\"vc_column-inner\"><div class=\"wpb_wrapper\"><\/div><\/div><\/div><div class=\"wpb_column vc_column_container vc_col-sm-4\"><div class=\"vc_column-inner\"><div class=\"wpb_wrapper\"><h3 style=\"text-align: left\" class=\"vc_custom_heading vc_do_custom_heading\" >Vedlikehold<\/h3>\n\t<div class=\"wpb_text_column wpb_content_element\" >\n\t\t<div class=\"wpb_wrapper\">\n\t\t\t<p>Bordbrikkene er laget av 100 % %-bomull og kan vaskes i maskin p\u00e5 opptil 60 grader. Kan strykes.<\/p>\n\n\t\t<\/div>\n\t<\/div>\n<\/div><\/div><\/div><div class=\"wpb_column vc_column_container vc_col-sm-4\"><div class=\"vc_column-inner\"><div class=\"wpb_wrapper\"><h3 style=\"text-align: left\" class=\"vc_custom_heading vc_do_custom_heading\" >Historien bak<\/h3>\n\t<div class=\"wpb_text_column wpb_content_element\" >\n\t\t<div class=\"wpb_wrapper\">\n\t\t\t<p>N\u00e5r du ser et veldekket bord, hvor verten har gjort en innsats og har dekket vakre bordbrikker, f\u00f8ler du deg som gjest verdsatt og velkommen. En bordbrikke i stoff kan gjenbrukes i mange \u00e5r og er mye bedre for milj\u00f8et. Bordbrikken er laget av kvalitetsbomull med vakre h\u00e5ndbroderte kanter. De er enkle \u00e5 legge til borddekkingen din og gir et vakkert kvalitetsuttrykk. Mange timer med h\u00e5ndarbeid ligger bak disse bordbrikkene.<\/p>\n\n\t\t<\/div>\n\t<\/div>\n<\/div><\/div><\/div><\/div>\n<\/div>","protected":false},"excerpt":{"rendered":"<p style=\"text-align: left;\">Bordmatte laget av kullgr\u00e5 bomullslin med en brodert kant av oransje bomullstr\u00e5d.<\/p>\n<p>F\u00e5 gjestene dine til \u00e5 f\u00f8le seg spesielle og dekk et vakkert bord med disse bordbrikkene. <a href=\"https:\/\/tibladin.dk\/nb\/produktkategori-2\/interioer\/borddekking\/steintoey\/\">unikt steint\u00f8y<\/a> og muligens <a href=\"https:\/\/tibladin.dk\/nb\/produktkategori-2\/interioer\/borddekking\/toeyservietter\/\">h\u00e5ndbroderte stoffservietter<\/a>.<\/p>\n<p class=\"p1\"><span class=\"s1\">Serviettene kan vaskes i maskin p\u00e5 opptil 60 grader og strykes. M\u00e5ler 50\u00d735 cm.<\/span><\/p>\n<p>&nbsp;<\/p>","protected":false},"featured_media":1652,"template":"","meta":{"inline_featured_image":false},"product_brand":[],"product_cat":[33,64,100,37],"product_tag":[],"class_list":{"0":"post-1656","1":"product","2":"type-product","3":"status-publish","4":"has-post-thumbnail","6":"product_cat-borddaekning","7":"product_cat-bordtekstiler","8":"product_cat-daekkeservietter","9":"product_cat-tekstiler","11":"first","12":"instock","13":"taxable","14":"shipping-taxable","15":"purchasable","16":"product-type-simple"},"exclude_global_add_ons":false,"addons":[{"name":"\u00d8nsker du gaveinnpakning?","type":"checkbox","position":0,"required":false,"title_format":"label","default":"","description_enable":false,"description":"","placeholder_enable":false,"placeholder":"","display":"images","restrictions_type":"any_text","adjust_price":false,"price":"","price_type":"flat_fee","restrictions":false,"min":"0","max":"0","options":[{"label":"Ja tak","price":"10","price_type":"flat_fee","image":11015,"visibility":true}],"id":1669646111}],"yoast_head":"<!-- This site is optimized with the Yoast SEO plugin v27.4 - https:\/\/yoast.com\/product\/yoast-seo-wordpress\/ -->\n<title>D\u00e6kkeservietter i bomuldslinned | Broderet, orange kant | Tibladin<\/title>\n<meta name=\"description\" content=\"Flotte marokkanske d\u00e6kkeservietter med h\u00e5ndbroderede kanter i orange bomuldstr\u00e5d. Lavet af 100% koksgr\u00e5 bomuldslinned \u21d2 K\u00f8b her\" \/>\n<meta name=\"robots\" content=\"index, follow, max-snippet:-1, max-image-preview:large, max-video-preview:-1\" \/>\n<link rel=\"canonical\" href=\"https:\/\/tibladin.dk\/nb\/produkt\/kullgraa-bordmatte-oransje-kant\/\" \/>\n<meta property=\"og:locale\" content=\"nb_NO\" \/>\n<meta property=\"og:type\" content=\"article\" \/>\n<meta property=\"og:title\" content=\"D\u00e6kkeservietter i bomuldslinned | Broderet, orange kant | Tibladin\" \/>\n<meta property=\"og:description\" content=\"Flotte marokkanske d\u00e6kkeservietter med h\u00e5ndbroderede kanter i orange bomuldstr\u00e5d. Lavet af 100% koksgr\u00e5 bomuldslinned \u21d2 K\u00f8b her\" \/>\n<meta property=\"og:url\" content=\"https:\/\/tibladin.dk\/nb\/produkt\/kullgraa-bordmatte-oransje-kant\/\" \/>\n<meta property=\"og:site_name\" content=\"Tibladin\" \/>\n<meta property=\"article:modified_time\" content=\"2025-03-06T15:09:51+00:00\" \/>\n<meta property=\"og:image\" content=\"https:\/\/tibladin.dk\/wp-content\/uploads\/2022\/09\/Tibladin_daekkeservietter-med-orange-broderet-board-1.jpg\" \/>\n\t<meta property=\"og:image:width\" content=\"800\" \/>\n\t<meta property=\"og:image:height\" content=\"800\" \/>\n\t<meta property=\"og:image:type\" content=\"image\/jpeg\" \/>\n<meta name=\"twitter:card\" content=\"summary_large_image\" \/>\n<meta name=\"twitter:label1\" content=\"Ansl. lesetid\" \/>\n\t<meta name=\"twitter:data1\" content=\"1 minutt\" \/>\n<script type=\"application\/ld+json\" class=\"yoast-schema-graph\">{\"@context\":\"https:\\\/\\\/schema.org\",\"@graph\":[{\"@type\":\"WebPage\",\"@id\":\"https:\\\/\\\/tibladin.dk\\\/produkt\\\/koksgraa-daekkeserviet-orange-kant\\\/\",\"url\":\"https:\\\/\\\/tibladin.dk\\\/produkt\\\/koksgraa-daekkeserviet-orange-kant\\\/\",\"name\":\"D\u00e6kkeservietter i bomuldslinned | Broderet, orange kant | Tibladin\",\"isPartOf\":{\"@id\":\"https:\\\/\\\/tibladin.dk\\\/#website\"},\"primaryImageOfPage\":{\"@id\":\"https:\\\/\\\/tibladin.dk\\\/produkt\\\/koksgraa-daekkeserviet-orange-kant\\\/#primaryimage\"},\"image\":{\"@id\":\"https:\\\/\\\/tibladin.dk\\\/produkt\\\/koksgraa-daekkeserviet-orange-kant\\\/#primaryimage\"},\"thumbnailUrl\":\"https:\\\/\\\/tibladin.dk\\\/wp-content\\\/uploads\\\/2022\\\/09\\\/Tibladin_daekkeservietter-med-orange-broderet-board-1.jpg\",\"datePublished\":\"2022-09-20T09:10:45+00:00\",\"dateModified\":\"2025-03-06T15:09:51+00:00\",\"description\":\"Flotte marokkanske d\u00e6kkeservietter med h\u00e5ndbroderede kanter i orange bomuldstr\u00e5d. Lavet af 100% koksgr\u00e5 bomuldslinned \u21d2 K\u00f8b her\",\"breadcrumb\":{\"@id\":\"https:\\\/\\\/tibladin.dk\\\/produkt\\\/koksgraa-daekkeserviet-orange-kant\\\/#breadcrumb\"},\"inLanguage\":\"nb-NO\",\"potentialAction\":[{\"@type\":\"ReadAction\",\"target\":[\"https:\\\/\\\/tibladin.dk\\\/produkt\\\/koksgraa-daekkeserviet-orange-kant\\\/\"]}]},{\"@type\":\"ImageObject\",\"inLanguage\":\"nb-NO\",\"@id\":\"https:\\\/\\\/tibladin.dk\\\/produkt\\\/koksgraa-daekkeserviet-orange-kant\\\/#primaryimage\",\"url\":\"https:\\\/\\\/tibladin.dk\\\/wp-content\\\/uploads\\\/2022\\\/09\\\/Tibladin_daekkeservietter-med-orange-broderet-board-1.jpg\",\"contentUrl\":\"https:\\\/\\\/tibladin.dk\\\/wp-content\\\/uploads\\\/2022\\\/09\\\/Tibladin_daekkeservietter-med-orange-broderet-board-1.jpg\",\"width\":800,\"height\":800,\"caption\":\"To koksgr\u00e5 marokkanske h\u00e5ndbroderede d\u00e6kkeservietter med orange kant og orange pomponer, foldet oven p\u00e5 hinanden\"},{\"@type\":\"BreadcrumbList\",\"@id\":\"https:\\\/\\\/tibladin.dk\\\/produkt\\\/koksgraa-daekkeserviet-orange-kant\\\/#breadcrumb\",\"itemListElement\":[{\"@type\":\"ListItem\",\"position\":1,\"name\":\"Hjem\",\"item\":\"https:\\\/\\\/tibladin.dk\\\/\"},{\"@type\":\"ListItem\",\"position\":2,\"name\":\"Shop\",\"item\":\"https:\\\/\\\/tibladin.dk\\\/shop\\\/\"},{\"@type\":\"ListItem\",\"position\":3,\"name\":\"Koksgr\u00e5 d\u00e6kkeserviet &#8211; orange kant\"}]},{\"@type\":\"WebSite\",\"@id\":\"https:\\\/\\\/tibladin.dk\\\/#website\",\"url\":\"https:\\\/\\\/tibladin.dk\\\/\",\"name\":\"Tibladin\",\"description\":\"Tibladin\",\"publisher\":{\"@id\":\"https:\\\/\\\/tibladin.dk\\\/#organization\"},\"potentialAction\":[{\"@type\":\"SearchAction\",\"target\":{\"@type\":\"EntryPoint\",\"urlTemplate\":\"https:\\\/\\\/tibladin.dk\\\/?s={search_term_string}\"},\"query-input\":{\"@type\":\"PropertyValueSpecification\",\"valueRequired\":true,\"valueName\":\"search_term_string\"}}],\"inLanguage\":\"nb-NO\"},{\"@type\":\"Organization\",\"@id\":\"https:\\\/\\\/tibladin.dk\\\/#organization\",\"name\":\"Tibladin\",\"url\":\"https:\\\/\\\/tibladin.dk\\\/\",\"logo\":{\"@type\":\"ImageObject\",\"inLanguage\":\"nb-NO\",\"@id\":\"https:\\\/\\\/tibladin.dk\\\/#\\\/schema\\\/logo\\\/image\\\/\",\"url\":\"https:\\\/\\\/tibladin.dk\\\/wp-content\\\/uploads\\\/2022\\\/09\\\/tibladin_logo.svg\",\"contentUrl\":\"https:\\\/\\\/tibladin.dk\\\/wp-content\\\/uploads\\\/2022\\\/09\\\/tibladin_logo.svg\",\"caption\":\"Tibladin\"},\"image\":{\"@id\":\"https:\\\/\\\/tibladin.dk\\\/#\\\/schema\\\/logo\\\/image\\\/\"}}]}<\/script>\n<!-- \/ Yoast SEO plugin. -->","yoast_head_json":{"title":"Bordbrikker i bomull og lin | Brodert, oransje kant | Tibladin","description":"Vakre marokkanske bordbrikker med h\u00e5ndbroderte kanter i oransje bomullstr\u00e5d. Laget av 100% kullgr\u00e5 bomullslin \u21d2 Kj\u00f8p her","robots":{"index":"index","follow":"follow","max-snippet":"max-snippet:-1","max-image-preview":"max-image-preview:large","max-video-preview":"max-video-preview:-1"},"canonical":"https:\/\/tibladin.dk\/nb\/produkt\/kullgraa-bordmatte-oransje-kant\/","og_locale":"nb_NO","og_type":"article","og_title":"D\u00e6kkeservietter i bomuldslinned | Broderet, orange kant | Tibladin","og_description":"Flotte marokkanske d\u00e6kkeservietter med h\u00e5ndbroderede kanter i orange bomuldstr\u00e5d. Lavet af 100% koksgr\u00e5 bomuldslinned \u21d2 K\u00f8b her","og_url":"https:\/\/tibladin.dk\/nb\/produkt\/kullgraa-bordmatte-oransje-kant\/","og_site_name":"Tibladin","article_modified_time":"2025-03-06T15:09:51+00:00","og_image":[{"width":800,"height":800,"url":"https:\/\/tibladin.dk\/wp-content\/uploads\/2022\/09\/Tibladin_daekkeservietter-med-orange-broderet-board-1.jpg","type":"image\/jpeg"}],"twitter_card":"summary_large_image","twitter_misc":{"Ansl. lesetid":"1 minutt"},"schema":{"@context":"https:\/\/schema.org","@graph":[{"@type":"WebPage","@id":"https:\/\/tibladin.dk\/produkt\/koksgraa-daekkeserviet-orange-kant\/","url":"https:\/\/tibladin.dk\/produkt\/koksgraa-daekkeserviet-orange-kant\/","name":"Bordbrikker i bomull og lin | Brodert, oransje kant | Tibladin","isPartOf":{"@id":"https:\/\/tibladin.dk\/#website"},"primaryImageOfPage":{"@id":"https:\/\/tibladin.dk\/produkt\/koksgraa-daekkeserviet-orange-kant\/#primaryimage"},"image":{"@id":"https:\/\/tibladin.dk\/produkt\/koksgraa-daekkeserviet-orange-kant\/#primaryimage"},"thumbnailUrl":"https:\/\/tibladin.dk\/wp-content\/uploads\/2022\/09\/Tibladin_daekkeservietter-med-orange-broderet-board-1.jpg","datePublished":"2022-09-20T09:10:45+00:00","dateModified":"2025-03-06T15:09:51+00:00","description":"Vakre marokkanske bordbrikker med h\u00e5ndbroderte kanter i oransje bomullstr\u00e5d. Laget av 100% kullgr\u00e5 bomullslin \u21d2 Kj\u00f8p her","breadcrumb":{"@id":"https:\/\/tibladin.dk\/produkt\/koksgraa-daekkeserviet-orange-kant\/#breadcrumb"},"inLanguage":"nb-NO","potentialAction":[{"@type":"ReadAction","target":["https:\/\/tibladin.dk\/produkt\/koksgraa-daekkeserviet-orange-kant\/"]}]},{"@type":"ImageObject","inLanguage":"nb-NO","@id":"https:\/\/tibladin.dk\/produkt\/koksgraa-daekkeserviet-orange-kant\/#primaryimage","url":"https:\/\/tibladin.dk\/wp-content\/uploads\/2022\/09\/Tibladin_daekkeservietter-med-orange-broderet-board-1.jpg","contentUrl":"https:\/\/tibladin.dk\/wp-content\/uploads\/2022\/09\/Tibladin_daekkeservietter-med-orange-broderet-board-1.jpg","width":800,"height":800,"caption":"To koksgr\u00e5 marokkanske h\u00e5ndbroderede d\u00e6kkeservietter med orange kant og orange pomponer, foldet oven p\u00e5 hinanden"},{"@type":"BreadcrumbList","@id":"https:\/\/tibladin.dk\/produkt\/koksgraa-daekkeserviet-orange-kant\/#breadcrumb","itemListElement":[{"@type":"ListItem","position":1,"name":"Hjem","item":"https:\/\/tibladin.dk\/"},{"@type":"ListItem","position":2,"name":"Shop","item":"https:\/\/tibladin.dk\/shop\/"},{"@type":"ListItem","position":3,"name":"Koksgr\u00e5 d\u00e6kkeserviet &#8211; orange kant"}]},{"@type":"WebSite","@id":"https:\/\/tibladin.dk\/#website","url":"https:\/\/tibladin.dk\/","name":"Tibladin","description":"Tibladin","publisher":{"@id":"https:\/\/tibladin.dk\/#organization"},"potentialAction":[{"@type":"SearchAction","target":{"@type":"EntryPoint","urlTemplate":"https:\/\/tibladin.dk\/?s={search_term_string}"},"query-input":{"@type":"PropertyValueSpecification","valueRequired":true,"valueName":"search_term_string"}}],"inLanguage":"nb-NO"},{"@type":"Organization","@id":"https:\/\/tibladin.dk\/#organization","name":"Tibladin","url":"https:\/\/tibladin.dk\/","logo":{"@type":"ImageObject","inLanguage":"nb-NO","@id":"https:\/\/tibladin.dk\/#\/schema\/logo\/image\/","url":"https:\/\/tibladin.dk\/wp-content\/uploads\/2022\/09\/tibladin_logo.svg","contentUrl":"https:\/\/tibladin.dk\/wp-content\/uploads\/2022\/09\/tibladin_logo.svg","caption":"Tibladin"},"image":{"@id":"https:\/\/tibladin.dk\/#\/schema\/logo\/image\/"}}]}},"_links":{"self":[{"href":"https:\/\/tibladin.dk\/nb\/wp-json\/wp\/v2\/product\/1656","targetHints":{"allow":["GET"]}}],"collection":[{"href":"https:\/\/tibladin.dk\/nb\/wp-json\/wp\/v2\/product"}],"about":[{"href":"https:\/\/tibladin.dk\/nb\/wp-json\/wp\/v2\/types\/product"}],"wp:featuredmedia":[{"embeddable":true,"href":"https:\/\/tibladin.dk\/nb\/wp-json\/wp\/v2\/media\/1652"}],"wp:attachment":[{"href":"https:\/\/tibladin.dk\/nb\/wp-json\/wp\/v2\/media?parent=1656"}],"wp:term":[{"taxonomy":"product_brand","embeddable":true,"href":"https:\/\/tibladin.dk\/nb\/wp-json\/wp\/v2\/product_brand?post=1656"},{"taxonomy":"product_cat","embeddable":true,"href":"https:\/\/tibladin.dk\/nb\/wp-json\/wp\/v2\/product_cat?post=1656"},{"taxonomy":"product_tag","embeddable":true,"href":"https:\/\/tibladin.dk\/nb\/wp-json\/wp\/v2\/product_tag?post=1656"}],"curies":[{"name":"wp","href":"https:\/\/api.w.org\/{rel}","templated":true}]}}