{"id":1694,"date":"2022-09-20T11:11:00","date_gmt":"2022-09-20T09:11:00","guid":{"rendered":"https:\/\/tibladin.dk\/vare\/puf-i-uld-beige-lys-graa\/"},"modified":"2025-12-29T15:52:23","modified_gmt":"2025-12-29T14:52:23","slug":"puff-i-ullbeige-lys-graa","status":"publish","type":"product","link":"https:\/\/tibladin.dk\/nb\/produkt\/puf-i-uld-beige-lys-graa\/","title":{"rendered":"Ullpuff \u2013 Beige\/lys gr\u00e5"},"content":{"rendered":"<div class=\"wpb-content-wrapper\"><div class=\"vc_row wpb_row vc_row-fluid\"><div class=\"wpb_column vc_column_container vc_col-sm-4\"><div class=\"vc_column-inner\"><div class=\"wpb_wrapper\">\n\t<div class=\"wpb_video_widget wpb_content_element vc_clearfix   vc_video-aspect-ratio-43 vc_video-el-width-100 vc_video-align-left\" >\n\t\t<div class=\"wpb_wrapper\">\n\t\t\t\n\t\t\t<div class=\"wpb_video_wrapper\"><div class=\"video-container\"><iframe loading=\"lazy\" title=\"Kvinnekooperativet i Marrakech\" src=\"https:\/\/player.vimeo.com\/video\/416218536?dnt=1&amp;app_id=122963\" width=\"500\" height=\"281\" frameborder=\"0\" allow=\"autoplay; fullscreen; picture-in-picture\"><\/iframe><\/div><\/div>\n\t\t<\/div>\n\t<\/div>\n<\/div><\/div><\/div><div class=\"wpb_column vc_column_container vc_col-sm-4\"><div class=\"vc_column-inner\"><div class=\"wpb_wrapper\"><h3 style=\"text-align: left\" class=\"vc_custom_heading vc_do_custom_heading\" >Vedlikehold<\/h3>\n\t<div class=\"wpb_text_column wpb_content_element\" >\n\t\t<div class=\"wpb_wrapper\">\n\t\t\t<p>Hvis du er s\u00e5 uheldig at du f\u00e5r en flekk p\u00e5 ullpuffen din, kan du begynne med \u00e5 st\u00f8vsuge flekken. Ull er naturlig omgitt av lanolin, som danner en beskyttende hinne p\u00e5 fibrene, noe som gj\u00f8r det vanskeligere for flekker \u00e5 trenge inn. Hvis dette ikke fjerner den, kan du ta en fuktig klut og duppe flekken, absolutt ikke gni. Hvis vi er s\u00e5 heldige \u00e5 f\u00e5 sn\u00f8 p\u00e5 en vinterdag, kan du legge ullpuffen eller ullteppet ut i den nysn\u00f8en. Dette er den mest effektive metoden for \u00e5 f\u00e5 det grundig rengjort.<\/p>\n\n\t\t<\/div>\n\t<\/div>\n<\/div><\/div><\/div><div class=\"wpb_column vc_column_container vc_col-sm-4\"><div class=\"vc_column-inner\"><div class=\"wpb_wrapper\"><h3 style=\"text-align: left\" class=\"vc_custom_heading vc_do_custom_heading\" >Historien bak<\/h3>\n\t<div class=\"wpb_text_column wpb_content_element\" >\n\t\t<div class=\"wpb_wrapper\">\n\t\t\t<p>Ullpufen er h\u00e5ndlaget av kvinner i et kvinnekooperativ s\u00f8r i Marrakech. I motsetning til de andre puffene i butikken, kommer denne med fyll. Ullflettene er sydd inn i en hard kjerne som danner puffens fyll.<\/p>\n<p>Kvinnekooperativet sysselsetter 160 kvinner og bidrar dermed til \u00e5 heve levestandarden til mange familier i den lille landsbyen. Det er opprettet en skole og barnehage for kvinnenes barn, slik at barna kan f\u00e5 utdanning og v\u00e6re i arbeid mens m\u00f8drene jobber. Dette bidrar i stor grad til \u00e5 forbedre levestandarden til de mange familiene i den lille landsbyen.<\/p>\n\n\t\t<\/div>\n\t<\/div>\n<\/div><\/div><\/div><\/div>\n<\/div>","protected":false},"excerpt":{"rendered":"<p class=\"p1\"><span class=\"s1\">Oval, fast puff i beige\/lys gr\u00e5 ull<\/span><\/p>\n<p class=\"p1\"><span class=\"s1\">H\u00e5ndlaget av kvinner fra et kooperativ s\u00f8r for Marrakech. Unik ullpuff laget med mange timers h\u00e5ndarbeid. Kvalitetsull fra frittg\u00e5ende sauer fra fjellene i Marokko \u2013 flettet og sydd p\u00e5 bomullskjernen. <\/span><\/p>\n<p class=\"p1\"><span class=\"s1\">Enkel \u00e5 legge til i ditt skandinaviske interi\u00f8r og samtidig gi et unikt uttrykk.<\/span><\/p>\n<p>Puffen leveres med fyll. M\u00e5ler ca. 57\u201360 cm i diameter og er mellom 35\u201337 cm h\u00f8y.<\/p>","protected":false},"featured_media":1691,"template":"","meta":{"inline_featured_image":false},"product_brand":[],"product_cat":[39,40,50],"product_tag":[],"class_list":{"0":"post-1694","1":"product","2":"type-product","3":"status-publish","4":"has-post-thumbnail","6":"product_cat-moebler","7":"product_cat-pufs","8":"product_cat-uldpufs","10":"first","11":"instock","12":"taxable","13":"shipping-taxable","14":"purchasable","15":"product-type-simple"},"exclude_global_add_ons":[],"addons":[],"yoast_head":"<!-- This site is optimized with the Yoast SEO plugin v27.5 - https:\/\/yoast.com\/product\/yoast-seo-wordpress\/ -->\n<title>H\u00e5ndlavet puf flettet af bl\u00f8d beige\/lys gr\u00e5 uld | Tibladin<\/title>\n<meta name=\"description\" content=\"Lavet af kvinder fra et kooperativ syd for Marrakech. Du f\u00e5r en unika uld-puf, hvor er er lagt mange timers h\u00e5ndarbejde i \u21d2 K\u00f8b her.\" \/>\n<meta name=\"robots\" content=\"index, follow, max-snippet:-1, max-image-preview:large, max-video-preview:-1\" \/>\n<link rel=\"canonical\" href=\"https:\/\/tibladin.dk\/nb\/produkt\/puff-i-ullbeige-lys-graa\/\" \/>\n<meta property=\"og:locale\" content=\"nb_NO\" \/>\n<meta property=\"og:type\" content=\"article\" \/>\n<meta property=\"og:title\" content=\"H\u00e5ndlavet puf flettet af bl\u00f8d beige\/lys gr\u00e5 uld | Tibladin\" \/>\n<meta property=\"og:description\" content=\"Lavet af kvinder fra et kooperativ syd for Marrakech. Du f\u00e5r en unika uld-puf, hvor er er lagt mange timers h\u00e5ndarbejde i \u21d2 K\u00f8b her.\" \/>\n<meta property=\"og:url\" content=\"https:\/\/tibladin.dk\/nb\/produkt\/puff-i-ullbeige-lys-graa\/\" \/>\n<meta property=\"og:site_name\" content=\"Tibladin\" \/>\n<meta property=\"article:modified_time\" content=\"2025-12-29T14:52:23+00:00\" \/>\n<meta property=\"og:image\" content=\"https:\/\/tibladin.dk\/wp-content\/uploads\/2022\/09\/Tibladin_uldpuf_beige-1.jpg\" \/>\n\t<meta property=\"og:image:width\" content=\"800\" \/>\n\t<meta property=\"og:image:height\" content=\"800\" \/>\n\t<meta property=\"og:image:type\" content=\"image\/jpeg\" \/>\n<meta name=\"twitter:card\" content=\"summary_large_image\" \/>\n<meta name=\"twitter:label1\" content=\"Ansl. lesetid\" \/>\n\t<meta name=\"twitter:data1\" content=\"2 minutter\" \/>\n<script type=\"application\/ld+json\" class=\"yoast-schema-graph\">{\"@context\":\"https:\\\/\\\/schema.org\",\"@graph\":[{\"@type\":\"WebPage\",\"@id\":\"https:\\\/\\\/tibladin.dk\\\/produkt\\\/puf-i-uld-beige-lys-graa\\\/\",\"url\":\"https:\\\/\\\/tibladin.dk\\\/produkt\\\/puf-i-uld-beige-lys-graa\\\/\",\"name\":\"H\u00e5ndlavet puf flettet af bl\u00f8d beige\\\/lys gr\u00e5 uld | Tibladin\",\"isPartOf\":{\"@id\":\"https:\\\/\\\/tibladin.dk\\\/#website\"},\"primaryImageOfPage\":{\"@id\":\"https:\\\/\\\/tibladin.dk\\\/produkt\\\/puf-i-uld-beige-lys-graa\\\/#primaryimage\"},\"image\":{\"@id\":\"https:\\\/\\\/tibladin.dk\\\/produkt\\\/puf-i-uld-beige-lys-graa\\\/#primaryimage\"},\"thumbnailUrl\":\"https:\\\/\\\/tibladin.dk\\\/wp-content\\\/uploads\\\/2022\\\/09\\\/Tibladin_uldpuf_beige-1.jpg\",\"datePublished\":\"2022-09-20T09:11:00+00:00\",\"dateModified\":\"2025-12-29T14:52:23+00:00\",\"description\":\"Lavet af kvinder fra et kooperativ syd for Marrakech. Du f\u00e5r en unika uld-puf, hvor er er lagt mange timers h\u00e5ndarbejde i \u21d2 K\u00f8b her.\",\"breadcrumb\":{\"@id\":\"https:\\\/\\\/tibladin.dk\\\/produkt\\\/puf-i-uld-beige-lys-graa\\\/#breadcrumb\"},\"inLanguage\":\"nb-NO\",\"potentialAction\":[{\"@type\":\"ReadAction\",\"target\":[\"https:\\\/\\\/tibladin.dk\\\/produkt\\\/puf-i-uld-beige-lys-graa\\\/\"]}]},{\"@type\":\"ImageObject\",\"inLanguage\":\"nb-NO\",\"@id\":\"https:\\\/\\\/tibladin.dk\\\/produkt\\\/puf-i-uld-beige-lys-graa\\\/#primaryimage\",\"url\":\"https:\\\/\\\/tibladin.dk\\\/wp-content\\\/uploads\\\/2022\\\/09\\\/Tibladin_uldpuf_beige-1.jpg\",\"contentUrl\":\"https:\\\/\\\/tibladin.dk\\\/wp-content\\\/uploads\\\/2022\\\/09\\\/Tibladin_uldpuf_beige-1.jpg\",\"width\":800,\"height\":800,\"caption\":\"Rund marokkansk h\u00e5ndsyet uldpuf i beige og lysgr\u00e5\"},{\"@type\":\"BreadcrumbList\",\"@id\":\"https:\\\/\\\/tibladin.dk\\\/produkt\\\/puf-i-uld-beige-lys-graa\\\/#breadcrumb\",\"itemListElement\":[{\"@type\":\"ListItem\",\"position\":1,\"name\":\"Hjem\",\"item\":\"https:\\\/\\\/tibladin.dk\\\/\"},{\"@type\":\"ListItem\",\"position\":2,\"name\":\"Shop\",\"item\":\"https:\\\/\\\/tibladin.dk\\\/shop\\\/\"},{\"@type\":\"ListItem\",\"position\":3,\"name\":\"Puf i uld &#8211; Beige\\\/lys gr\u00e5\"}]},{\"@type\":\"WebSite\",\"@id\":\"https:\\\/\\\/tibladin.dk\\\/#website\",\"url\":\"https:\\\/\\\/tibladin.dk\\\/\",\"name\":\"Tibladin\",\"description\":\"Tibladin\",\"publisher\":{\"@id\":\"https:\\\/\\\/tibladin.dk\\\/#organization\"},\"potentialAction\":[{\"@type\":\"SearchAction\",\"target\":{\"@type\":\"EntryPoint\",\"urlTemplate\":\"https:\\\/\\\/tibladin.dk\\\/?s={search_term_string}\"},\"query-input\":{\"@type\":\"PropertyValueSpecification\",\"valueRequired\":true,\"valueName\":\"search_term_string\"}}],\"inLanguage\":\"nb-NO\"},{\"@type\":\"Organization\",\"@id\":\"https:\\\/\\\/tibladin.dk\\\/#organization\",\"name\":\"Tibladin\",\"url\":\"https:\\\/\\\/tibladin.dk\\\/\",\"logo\":{\"@type\":\"ImageObject\",\"inLanguage\":\"nb-NO\",\"@id\":\"https:\\\/\\\/tibladin.dk\\\/#\\\/schema\\\/logo\\\/image\\\/\",\"url\":\"https:\\\/\\\/tibladin.dk\\\/wp-content\\\/uploads\\\/2022\\\/09\\\/tibladin_logo.svg\",\"contentUrl\":\"https:\\\/\\\/tibladin.dk\\\/wp-content\\\/uploads\\\/2022\\\/09\\\/tibladin_logo.svg\",\"caption\":\"Tibladin\"},\"image\":{\"@id\":\"https:\\\/\\\/tibladin.dk\\\/#\\\/schema\\\/logo\\\/image\\\/\"}}]}<\/script>\n<!-- \/ Yoast SEO plugin. -->","yoast_head_json":{"title":"H\u00e5ndlaget puff vevd av myk beige\/lys gr\u00e5 ull | Tibladin","description":"Laget av kvinner fra et kooperativ s\u00f8r for Marrakech. Du f\u00e5r en unik ullpuff som er laget med mange timers h\u00e5ndarbeid \u21d2 Kj\u00f8p her.","robots":{"index":"index","follow":"follow","max-snippet":"max-snippet:-1","max-image-preview":"max-image-preview:large","max-video-preview":"max-video-preview:-1"},"canonical":"https:\/\/tibladin.dk\/nb\/produkt\/puff-i-ullbeige-lys-graa\/","og_locale":"nb_NO","og_type":"article","og_title":"H\u00e5ndlavet puf flettet af bl\u00f8d beige\/lys gr\u00e5 uld | Tibladin","og_description":"Lavet af kvinder fra et kooperativ syd for Marrakech. Du f\u00e5r en unika uld-puf, hvor er er lagt mange timers h\u00e5ndarbejde i \u21d2 K\u00f8b her.","og_url":"https:\/\/tibladin.dk\/nb\/produkt\/puff-i-ullbeige-lys-graa\/","og_site_name":"Tibladin","article_modified_time":"2025-12-29T14:52:23+00:00","og_image":[{"width":800,"height":800,"url":"https:\/\/tibladin.dk\/wp-content\/uploads\/2022\/09\/Tibladin_uldpuf_beige-1.jpg","type":"image\/jpeg"}],"twitter_card":"summary_large_image","twitter_misc":{"Ansl. lesetid":"2 minutter"},"schema":{"@context":"https:\/\/schema.org","@graph":[{"@type":"WebPage","@id":"https:\/\/tibladin.dk\/produkt\/puf-i-uld-beige-lys-graa\/","url":"https:\/\/tibladin.dk\/produkt\/puf-i-uld-beige-lys-graa\/","name":"H\u00e5ndlaget puff vevd av myk beige\/lys gr\u00e5 ull | Tibladin","isPartOf":{"@id":"https:\/\/tibladin.dk\/#website"},"primaryImageOfPage":{"@id":"https:\/\/tibladin.dk\/produkt\/puf-i-uld-beige-lys-graa\/#primaryimage"},"image":{"@id":"https:\/\/tibladin.dk\/produkt\/puf-i-uld-beige-lys-graa\/#primaryimage"},"thumbnailUrl":"https:\/\/tibladin.dk\/wp-content\/uploads\/2022\/09\/Tibladin_uldpuf_beige-1.jpg","datePublished":"2022-09-20T09:11:00+00:00","dateModified":"2025-12-29T14:52:23+00:00","description":"Laget av kvinner fra et kooperativ s\u00f8r for Marrakech. Du f\u00e5r en unik ullpuff som er laget med mange timers h\u00e5ndarbeid \u21d2 Kj\u00f8p her.","breadcrumb":{"@id":"https:\/\/tibladin.dk\/produkt\/puf-i-uld-beige-lys-graa\/#breadcrumb"},"inLanguage":"nb-NO","potentialAction":[{"@type":"ReadAction","target":["https:\/\/tibladin.dk\/produkt\/puf-i-uld-beige-lys-graa\/"]}]},{"@type":"ImageObject","inLanguage":"nb-NO","@id":"https:\/\/tibladin.dk\/produkt\/puf-i-uld-beige-lys-graa\/#primaryimage","url":"https:\/\/tibladin.dk\/wp-content\/uploads\/2022\/09\/Tibladin_uldpuf_beige-1.jpg","contentUrl":"https:\/\/tibladin.dk\/wp-content\/uploads\/2022\/09\/Tibladin_uldpuf_beige-1.jpg","width":800,"height":800,"caption":"Rund marokkansk h\u00e5ndsyet uldpuf i beige og lysgr\u00e5"},{"@type":"BreadcrumbList","@id":"https:\/\/tibladin.dk\/produkt\/puf-i-uld-beige-lys-graa\/#breadcrumb","itemListElement":[{"@type":"ListItem","position":1,"name":"Hjem","item":"https:\/\/tibladin.dk\/"},{"@type":"ListItem","position":2,"name":"Shop","item":"https:\/\/tibladin.dk\/shop\/"},{"@type":"ListItem","position":3,"name":"Puf i uld &#8211; Beige\/lys gr\u00e5"}]},{"@type":"WebSite","@id":"https:\/\/tibladin.dk\/#website","url":"https:\/\/tibladin.dk\/","name":"Tibladin","description":"Tibladin","publisher":{"@id":"https:\/\/tibladin.dk\/#organization"},"potentialAction":[{"@type":"SearchAction","target":{"@type":"EntryPoint","urlTemplate":"https:\/\/tibladin.dk\/?s={search_term_string}"},"query-input":{"@type":"PropertyValueSpecification","valueRequired":true,"valueName":"search_term_string"}}],"inLanguage":"nb-NO"},{"@type":"Organization","@id":"https:\/\/tibladin.dk\/#organization","name":"Tibladin","url":"https:\/\/tibladin.dk\/","logo":{"@type":"ImageObject","inLanguage":"nb-NO","@id":"https:\/\/tibladin.dk\/#\/schema\/logo\/image\/","url":"https:\/\/tibladin.dk\/wp-content\/uploads\/2022\/09\/tibladin_logo.svg","contentUrl":"https:\/\/tibladin.dk\/wp-content\/uploads\/2022\/09\/tibladin_logo.svg","caption":"Tibladin"},"image":{"@id":"https:\/\/tibladin.dk\/#\/schema\/logo\/image\/"}}]}},"_links":{"self":[{"href":"https:\/\/tibladin.dk\/nb\/wp-json\/wp\/v2\/product\/1694","targetHints":{"allow":["GET"]}}],"collection":[{"href":"https:\/\/tibladin.dk\/nb\/wp-json\/wp\/v2\/product"}],"about":[{"href":"https:\/\/tibladin.dk\/nb\/wp-json\/wp\/v2\/types\/product"}],"wp:featuredmedia":[{"embeddable":true,"href":"https:\/\/tibladin.dk\/nb\/wp-json\/wp\/v2\/media\/1691"}],"wp:attachment":[{"href":"https:\/\/tibladin.dk\/nb\/wp-json\/wp\/v2\/media?parent=1694"}],"wp:term":[{"taxonomy":"product_brand","embeddable":true,"href":"https:\/\/tibladin.dk\/nb\/wp-json\/wp\/v2\/product_brand?post=1694"},{"taxonomy":"product_cat","embeddable":true,"href":"https:\/\/tibladin.dk\/nb\/wp-json\/wp\/v2\/product_cat?post=1694"},{"taxonomy":"product_tag","embeddable":true,"href":"https:\/\/tibladin.dk\/nb\/wp-json\/wp\/v2\/product_tag?post=1694"}],"curies":[{"name":"wp","href":"https:\/\/api.w.org\/{rel}","templated":true}]}}